{"id":10821,"date":"1970-01-01T00:00:00","date_gmt":"1970-01-01T00:00:00","guid":{"rendered":"https:\/\/elfsight.com\/fr\/?page_id=10821"},"modified":"2024-12-18T15:02:44","modified_gmt":"2024-12-18T15:02:44","slug":"elementor","status":"publish","type":"page","link":"https:\/\/elfsight.com\/fr\/twitter-feed-widget\/elementor\/","title":{"rendered":"Twitter Feed &#8211; Elementor"},"content":{"rendered":"\n<div class=\"application-platform-content-item-description application-platform-content-item\" id=\"description\" data-nav-section=\"description\">\n  <h2>Int\u00e9grer le flux Twitter sur Elementor avec le widget Elfsight<\/h2>\n  <p>Avec le flux Twitter Elfsight, il est tr\u00e8s facile d&rsquo;int\u00e9grer un flux Twitter ou des tweets s\u00e9lectionn\u00e9s sur un site WordPress. Am\u00e9liorez l&rsquo;engagement des visiteurs et augmentez la confiance des clients en affichant votre chronologie Twitter ou en mettant en avant les t\u00e9moignages de votre public sur vos offres. Les principaux avantages du flux Twitter Elfsight pour votre site r\u00e9sident dans les mod\u00e8les pr\u00e9d\u00e9finis adapt\u00e9s \u00e0 tous les cas d&rsquo;utilisation, des param\u00e8tres vari\u00e9s et une conception flexible.<\/p>\n  <p><b>Renforcez l&rsquo;engagement sur votre site et donnez-lui une apparence fiable aux yeux de vos visiteurs !<\/b><\/p>\n  <ul>\n    <li><b>Augmentez le niveau d&rsquo;engagement<\/b><br> Ajoutez du contenu dynamique et captivant en provenance de l&rsquo;un des r\u00e9seaux sociaux les plus populaires sur votre site pour attirer l&rsquo;attention des visiteurs. Cela permet de stimuler l&rsquo;interaction et d&rsquo;augmenter l&rsquo;activit\u00e9 sur votre site.<\/li>\n    <li><b>Augmentez le nombre d&rsquo;abonn\u00e9s<\/b><br> Le flux Twitter interactif d&rsquo;Elfsight permet aux clients de suivre votre compte directement depuis votre site Web. Cela constitue une source suppl\u00e9mentaire d&rsquo;abonn\u00e9s et contribue \u00e0 accro\u00eetre votre communaut\u00e9 Twitter.<\/li>\n    <li><b>Une preuve sociale parfaite pour une plus grande confiance<\/b><br> Affichez l&rsquo;activit\u00e9 avec laquelle vous g\u00e9rez votre compte Twitter pour convaincre les clients que votre projet est actif et qu&rsquo;il existe une volont\u00e9 de communiquer et de se rapprocher de votre public.<\/li>\n  <\/ul>\n<\/div>\n\n<div class=\"application-platform-content-item-features application-platform-content-item\" id=\"features\" data-nav-section=\"features\">\n  <h2>Principales fonctionnalit\u00e9s du widget Flux Twitter<\/h2>\n  <p>Voici cinq fonctionnalit\u00e9s qui font du widget Elfsight un excellent choix pour les sites Web WordPress :<\/p>\n  <ul>\n    <li>\u00c9valuez les tweets de t\u00e9moignage avec des \u00e9toiles ;<\/li>\n    <li>D\u00e9finissez la hauteur du widget ou laissez-le s&rsquo;adapter \u00e0 la hauteur du contenu ;<\/li>\n    <li>Affichez les retweets dans le flux ;<\/li>\n    <li>Cache de donn\u00e9es du navigateur &#8211; permet un chargement plus rapide lorsque vous utilisez le widget sur plusieurs pages ;<\/li>\n    <li>Le flux s&rsquo;adapte automatiquement \u00e0 la couleur du th\u00e8me de votre compte Twitter.<\/li>\n  <\/ul>\n  <p><a href=\"#demo\">Vous pouvez voir toutes les fonctionnalit\u00e9s en action avec l&rsquo;\u00e9diteur en direct<\/a><\/p>\n<\/div>\n\n<div class=\"application-platform-content-item-installation application-platform-content-item\" id=\"installation\" data-nav-section=\"installation\">\n  <h2>Comment ajouter un flux Twitter sur un site Web Elementor<\/h2>\n  <div class=\"video-container\">\n    <iframe width=\"720\" height=\"405\" src=\"https:\/\/www.youtube.com\/embed\/gGmlGZpJ8Zs\" frameborder=\"0\" allowfullscreen=\"\"><\/iframe>\n  <\/div>\n  <p>Voici un guide rapide pour int\u00e9grer le widget sur votre site. Aucun codage n\u00e9cessaire, et cela ne prendra que quelques minutes.<\/p>\n  <ol>\n    <li><b>Cr\u00e9ez votre flux Twitter personnalis\u00e9<\/b><br> Dans notre \u00e9diteur gratuit, personnalisez votre widget en choisissant parmi diff\u00e9rentes options de param\u00e8tres.<\/li>\n    <li><b>Obtenez votre code d&rsquo;installation pour publier le widget<\/b><br> Une fois votre widget configur\u00e9, copiez le code d&rsquo;installation unique qui appara\u00eet dans la notification d&rsquo;Elfsight Apps.<\/li>\n    <li><b>Placez le widget sur votre site Elementor<\/b><br> Int\u00e9grez le widget sur la page de votre choix et enregistrez les modifications.<\/li>\n    <li><b>Installation r\u00e9ussie !<\/b><br> Acc\u00e9dez \u00e0 votre site pour v\u00e9rifier l&rsquo;affichage du widget.<\/li>\n  <\/ol>\n  <p>Vous avez des questions concernant l&rsquo;int\u00e9gration du widget ou sa personnalisation ? Contactez notre centre d&rsquo;aide et nous serons heureux de vous assister.<\/p>\n<\/div>\n\n<div class=\"faq\" data-component=\"FAQ\">\n  <div class=\"faq-item\">\r\n\t\t\t\t\t<div class=\"faq-item-question\">\r\n\t\t\t\t\t\t<h3 class=\"faq-item-question-text\">Comment puis-je ajouter un flux Twitter \u00e0 mon site Elementor sans exp\u00e9rience en codage ?<\/h3>\r\n\r\n\t\t\t\t\t\t<div class=\"faq-item-question-icon\"><\/div>\r\n\t\t\t\t\t<\/div>\r\n\r\n\t\t\t\t\t<div class=\"faq-item-answer\">\r\n\t\t\t\t\t\t<div class=\"faq-item-answer-text\">\n    <p>Elfsight propose une solution simple pour cr\u00e9er un plugin de flux Twitter sans connaissances en codage. Voici les \u00e9tapes faciles :<\/p>\n    <ul>\n      <li>Commencez \u00e0 travailler directement dans la d\u00e9mo en ligne pour cr\u00e9er le widget de flux Twitter que vous souhaitez int\u00e9grer \u00e0 votre site Elementor.<\/li>\n      <li>Choisissez l&rsquo;un des mod\u00e8les pr\u00e9d\u00e9finis, ajustez les param\u00e8tres du flux Twitter, modifiez la mise en page et les couleurs, puis ajoutez votre contenu sans aucune connaissance en codage.<\/li>\n      <li>Enregistrez le widget et obtenez le code d&rsquo;installation que vous pourrez facilement int\u00e9grer gratuitement \u00e0 votre site Elementor.<\/li>\n    <\/ul>\n    <p>Gr\u00e2ce \u00e0 notre configurateur facile \u00e0 utiliser, tout internaute peut cr\u00e9er un flux Twitter et l&rsquo;int\u00e9grer simplement \u00e0 une page d&rsquo;Elementor. Il n&rsquo;est pas n\u00e9cessaire de souscrire \u00e0 un abonnement payant ni de fournir des informations bancaires pour acc\u00e9der \u00e0 l&rsquo;\u00e9diteur. Si vous rencontrez des probl\u00e8mes \u00e0 une \u00e9tape quelconque, n&rsquo;h\u00e9sitez pas \u00e0 contacter notre service client.<\/p>\n  <\/div>\r\n\t\t\t\t\t<\/div>\r\n\t\t\t\t<\/div>\n<\/div>\n\n","protected":false},"excerpt":{"rendered":"","protected":false},"author":9,"featured_media":0,"parent":1058,"menu_order":0,"comment_status":"closed","ping_status":"closed","template":"templates\/template-application-platform.php","meta":{"publish_to_discourse":"","publish_post_category":"","wpdc_auto_publish_overridden":"","wpdc_topic_tags":"","wpdc_pin_topic":"","wpdc_pin_until":"","discourse_post_id":"","discourse_permalink":"","wpdc_publishing_response":"","wpdc_publishing_error":"","footnotes":""},"class_list":["post-10821","page","type-page","status-publish","hentry"],"yoast_head":"<!-- This site is optimized with the Yoast SEO plugin v25.3.1 - https:\/\/yoast.com\/wordpress\/plugins\/seo\/ -->\n<title>Widget de flux Twitter pour le site Web Elementor (2026)<\/title>\n<meta name=\"description\" content=\"Ajoutez le widget Twitter Feed sur votre site Elementor en quelques minutes seulement. Cr\u00e9ation rapide et simple de divers plugins de sites Web par Elfsight.\" \/>\n<meta name=\"robots\" content=\"index, follow, max-snippet:-1, max-image-preview:large, max-video-preview:-1\" \/>\n<link rel=\"canonical\" href=\"https:\/\/elfsight.com\/fr\/twitter-feed-widget\/elementor\/\" \/>\n<meta property=\"og:locale\" content=\"fr_FR\" \/>\n<meta property=\"og:type\" content=\"article\" \/>\n<meta property=\"og:title\" content=\"Widget de flux Twitter pour le site Web Elementor (2026)\" \/>\n<meta property=\"og:description\" content=\"Ajoutez le widget Twitter Feed sur votre site Elementor en quelques minutes seulement. Cr\u00e9ation rapide et simple de divers plugins de sites Web par Elfsight.\" \/>\n<meta property=\"og:url\" content=\"https:\/\/elfsight.com\/fr\/twitter-feed-widget\/elementor\/\" \/>\n<meta property=\"og:site_name\" content=\"Elfsight FR\" \/>\n<meta property=\"article:modified_time\" content=\"2024-12-18T15:02:44+00:00\" \/>\n<meta name=\"twitter:card\" content=\"summary_large_image\" \/>\n<meta name=\"twitter:label1\" content=\"Dur\u00e9e de lecture estim\u00e9e\" \/>\n\t<meta name=\"twitter:data1\" content=\"4 minutes\" \/>\n<!-- \/ Yoast SEO plugin. -->","yoast_head_json":{"title":"Widget de flux Twitter pour le site Web Elementor (2026)","description":"Ajoutez le widget Twitter Feed sur votre site Elementor en quelques minutes seulement. Cr\u00e9ation rapide et simple de divers plugins de sites Web par Elfsight.","robots":{"index":"index","follow":"follow","max-snippet":"max-snippet:-1","max-image-preview":"max-image-preview:large","max-video-preview":"max-video-preview:-1"},"canonical":"https:\/\/elfsight.com\/fr\/twitter-feed-widget\/elementor\/","og_locale":"fr_FR","og_type":"article","og_title":"Widget de flux Twitter pour le site Web Elementor (2026)","og_description":"Ajoutez le widget Twitter Feed sur votre site Elementor en quelques minutes seulement. Cr\u00e9ation rapide et simple de divers plugins de sites Web par Elfsight.","og_url":"https:\/\/elfsight.com\/fr\/twitter-feed-widget\/elementor\/","og_site_name":"Elfsight FR","article_modified_time":"2024-12-18T15:02:44+00:00","twitter_card":"summary_large_image","twitter_misc":{"Dur\u00e9e de lecture estim\u00e9e":"4 minutes"},"schema":{"@context":"https:\/\/schema.org","@graph":[{"@type":"WebPage","@id":"https:\/\/elfsight.com\/fr\/twitter-feed-widget\/elementor\/","url":"https:\/\/elfsight.com\/fr\/twitter-feed-widget\/elementor\/","name":"Widget de flux Twitter pour le site Web Elementor (2026)","isPartOf":{"@id":"https:\/\/elfsight.com\/fr\/#website"},"datePublished":"1970-01-01T00:00:00+00:00","dateModified":"2024-12-18T15:02:44+00:00","description":"Ajoutez le widget Twitter Feed sur votre site Elementor en quelques minutes seulement. Cr\u00e9ation rapide et simple de divers plugins de sites Web par Elfsight.","breadcrumb":{"@id":"https:\/\/elfsight.com\/fr\/twitter-feed-widget\/elementor\/#breadcrumb"},"inLanguage":"fr-FR","potentialAction":[{"@type":"ReadAction","target":["https:\/\/elfsight.com\/fr\/twitter-feed-widget\/elementor\/"]}]},{"@type":"BreadcrumbList","@id":"https:\/\/elfsight.com\/fr\/twitter-feed-widget\/elementor\/#breadcrumb","itemListElement":[{"@type":"ListItem","position":1,"name":"Home","item":"https:\/\/elfsight.com\/fr\/"},{"@type":"ListItem","position":2,"name":"Twitter Feed","item":"https:\/\/elfsight.com\/fr\/twitter-feed-widget\/"},{"@type":"ListItem","position":3,"name":"Twitter Feed &#8211; Elementor"}]},{"@type":"WebSite","@id":"https:\/\/elfsight.com\/fr\/#website","url":"https:\/\/elfsight.com\/fr\/","name":"Elfsight FR","description":"","potentialAction":[{"@type":"SearchAction","target":{"@type":"EntryPoint","urlTemplate":"https:\/\/elfsight.com\/fr\/?s={search_term_string}"},"query-input":{"@type":"PropertyValueSpecification","valueRequired":true,"valueName":"search_term_string"}}],"inLanguage":"fr-FR"}]}},"meta_box":{"industry":"","seo_heading":"","heading":"","description":"","cta_heading":"","cta_description":"","application":"1057","h1":"Flux Twitter Elementor","h1_caption":"Int\u00e9grez des tweets depuis votre compte Twitter ou par hashtag pour tenir vos visiteurs inform\u00e9s du contenu en temps r\u00e9el sur votre site Web Elementor sans effort.","application_category":[],"applications_title":"","applications_request_title":"","applications_request_button_text":"","hero_text":"","hero_video":"","hero_video_schema_markup":"","selling_points_title":"","selling_points_caption":"","selling_points":[],"selling_points_cta_text":"","features_title":"","features":"","ed_cta_examples_text":"","ed_cta_examples_hidden":"","ed_cta_demo_text":"","ed_cta_demo_hidden":"","why_caption":"","why_editor_title":"","why_editor_text":"","why_team_title":"","why_team_text":"","why_service_title":"","why_service_text":"","template_catalog_visible":"0","template_catalog_title":"","template_catalog_text":"","template_catalog_categories_visible":"","demo_title":"Cr\u00e9ez votre widget de flux Twitter","demo_caption":"Configurez votre flux Twitter et ajoutez-le gratuitement \u00e0 votre site Web Elementor\u00a0!","default_faq_hidden":"","app_template_category":[],"platform":"385","template_public_id":"","codecanyon_url":"","codecanyon_item_id":"","codecanyon_price":"","pricing_caption":"","pricing_elfsight_apps_hide_column":"","pricing_elfsight_apps_url":"","pricing_codecanyon_price_caption":"","integration_category":[],"integration_request_title":"","integration_request_cta":"","integration_platform":"","integrations":[],"platform_category":[],"video_schema_markup":"","price":"\u00e0 partir de 0$ \/ mois","trial":"","benefits":[{"text":"Aide \u00e0 l'installation gratuite"},{"text":"Service client efficace"},{"text":"Garantie de remboursement de 14 jours"},{"text":"Mise \u00e0 jour constante"}],"button_url":"","button_target_blank":"0","button_nofollow":"0","attributes":[{"name":"Installations","content":"10,000 - 100,000"},{"name":"Sensible","content":"Oui"},{"name":"Navigateurs compatibles","content":"Firefox, Safari, Opera, Chrome, Edge"}],"tags":[],"tags_disable_links":"0","hide_more_platforms":"","video_object":"","demo_hide_cta":"0","demo_hide_cloud_options":"0","pricing_title":"","pricing":[{"pricing_icon":"platform","pricing_title":"Elfsight Apps","pricing_title_caption":"Version ind\u00e9pendante de la plateforme","pricing_price":"from $0 \/ month","pricing_price_caption":"commencez avec un forfait gratuit","pricing_benefits":[{"text":"Domaines illimit\u00e9s"},{"text":"Support client rapide"},{"text":"Service d'installation gratuit"},{"text":"Tr\u00e8s bonne affaire pour plusieurs applications"}],"pricing_button_text":"Ajouter au site Web","pricing_button_url":"#demo"}],"related_apps_title":"","related_apps_hidden":"0","author":"","image":[],"title":"","job":"","social_networks":[]},"_links":{"self":[{"href":"https:\/\/elfsight.com\/fr\/wp-json\/wp\/v2\/pages\/10821","targetHints":{"allow":["GET"]}}],"collection":[{"href":"https:\/\/elfsight.com\/fr\/wp-json\/wp\/v2\/pages"}],"about":[{"href":"https:\/\/elfsight.com\/fr\/wp-json\/wp\/v2\/types\/page"}],"author":[{"embeddable":true,"href":"https:\/\/elfsight.com\/fr\/wp-json\/wp\/v2\/users\/9"}],"replies":[{"embeddable":true,"href":"https:\/\/elfsight.com\/fr\/wp-json\/wp\/v2\/comments?post=10821"}],"version-history":[{"count":2,"href":"https:\/\/elfsight.com\/fr\/wp-json\/wp\/v2\/pages\/10821\/revisions"}],"predecessor-version":[{"id":15887,"href":"https:\/\/elfsight.com\/fr\/wp-json\/wp\/v2\/pages\/10821\/revisions\/15887"}],"up":[{"embeddable":true,"href":"https:\/\/elfsight.com\/fr\/wp-json\/wp\/v2\/pages\/1058"}],"wp:attachment":[{"href":"https:\/\/elfsight.com\/fr\/wp-json\/wp\/v2\/media?parent=10821"}],"curies":[{"name":"wp","href":"https:\/\/api.w.org\/{rel}","templated":true}]}}