{"id":10820,"date":"1970-01-01T00:00:00","date_gmt":"1970-01-01T00:00:00","guid":{"rendered":"https:\/\/elfsight.com\/fr\/?page_id=10820"},"modified":"2024-12-18T15:01:13","modified_gmt":"2024-12-18T15:01:13","slug":"iframe","status":"publish","type":"page","link":"https:\/\/elfsight.com\/fr\/twitter-feed-widget\/iframe\/","title":{"rendered":"Twitter Feed &#8211; iFrame"},"content":{"rendered":"\n<div class=\"application-platform-content-item-description application-platform-content-item\" id=\"description\" data-nav-section=\"description\">\n  <h2>Int\u00e9grer le flux Twitter sur iFrame avec le widget Elfsight<\/h2>\n  <p>Avec le flux Twitter Elfsight, il est incroyablement facile d&rsquo;int\u00e9grer un flux Twitter ou une s\u00e9lection de Tweets sur votre site iFrame. Augmentez l&rsquo;engagement des utilisateurs et d\u00e9veloppez une confiance plus forte des clients, en affichant votre chronologie Twitter ou en mettant en avant des t\u00e9moignages du public sur vos articles. Les principaux avantages du flux Twitter Elfsight pour votre site Web sont des mod\u00e8les pr\u00e9d\u00e9finis adapt\u00e9s \u00e0 tous les cas d&rsquo;utilisation possibles, des param\u00e8tres vari\u00e9s, ainsi qu&rsquo;une conception flexible.<\/p>\n  <p><b>Rendez votre site aussi attrayant pour les clients que fiable.<\/b><\/p>\n  <ul>\n    <li><b>Retenez votre audience sur le site Web<\/b><br>Maintenez vos clients sur votre site Web plus longtemps, en affichant des Tweets uniques sur des sujets d&rsquo;actualit\u00e9 ou en les impliquant dans vos activit\u00e9s promues sur Twitter.<\/li>\n    <li><b>Faites la promotion de votre Twitter et de votre site Web en m\u00eame temps<\/b><br>Votre site Web devient un outil suppl\u00e9mentaire pour promouvoir votre compte Twitter, avec des retweets et des r\u00e9ponses pris en charge directement. De plus, l&rsquo;engagement et la preuve sociale renforcent la cr\u00e9dibilit\u00e9 du site, ce qui peut \u00e9galement am\u00e9liorer votre r\u00e9f\u00e9rencement SEO.<\/li>\n    <li><b>Augmentez la confiance avec des t\u00e9moignages Tweets<\/b><br>Trouvez les meilleurs t\u00e9moignages de clients sur votre entreprise sur Twitter et affichez-les sur votre site Web pour renforcer la confiance des utilisateurs et rendre vos offres encore plus attrayantes.<\/li>\n  <\/ul>\n<\/div>\n\n<div class=\"application-platform-content-item-features application-platform-content-item\" id=\"features\" data-nav-section=\"features\">\n  <h2>Principales fonctionnalit\u00e9s du widget de flux Twitter<\/h2>\n  <p>Consultez la liste des fonctionnalit\u00e9s essentielles de notre plugin. Elles vous aideront \u00e0 en faire l&rsquo;outil le plus b\u00e9n\u00e9fique possible pour votre cas d&rsquo;utilisation :<\/p>\n  <ul>\n    <li>\u00c9valuez les Tweets de t\u00e9moignages avec des \u00e9toiles ;<\/li>\n    <li>D\u00e9finissez la hauteur du plugin ou laissez-le s&rsquo;adapter \u00e0 la hauteur du contenu ;<\/li>\n    <li>Toutes les actions de Tweet prises en charge : r\u00e9pondre, retweeter, aimer ;<\/li>\n    <li>Cliquez sur l&rsquo;ic\u00f4ne d&rsquo;ouverture du Tweet sur Twitter ;<\/li>\n    <li>Affichez le nombre de suivis et d&rsquo;abonn\u00e9s dans l&rsquo;en-t\u00eate du widget.<\/li>\n  <\/ul>\n  <p><a href=\"#demo\">Consultez la d\u00e9mo en direct pour voir toutes les fonctionnalit\u00e9s<\/a><\/p>\n<\/div>\n\n<div class=\"application-platform-content-item-installation application-platform-content-item\" id=\"installation\" data-nav-section=\"installation\">\n  <h2>Comment ajouter un flux Twitter sur le site Web iFrame ?<\/h2>\n  <p>Suivez simplement ces \u00e9tapes pour activer le plugin sur votre site :<\/p>\n  <ol>\n    <li><b>Cr\u00e9ez votre plugin Twitter personnalis\u00e9<\/b><br>En utilisant notre \u00e9diteur gratuit, cr\u00e9ez un plugin avec une mise en page personnalis\u00e9e et des caract\u00e9ristiques fonctionnelles.<\/li>\n    <li><b>Copiez le code pour ajouter le plugin<\/b><br>Apr\u00e8s avoir configur\u00e9 votre plugin, vous recevrez un code unique via la notification dans l&rsquo;application Elfsight. Copiez ce code.<\/li>\n    <li><b>Ins\u00e9rez le plugin dans votre site iFrame<\/b><br>Choisissez l&rsquo;endroit o\u00f9 vous souhaitez ajouter le plugin et collez-y le code enregistr\u00e9. Enregistrez les modifications.<\/li>\n    <li><b>La configuration est r\u00e9ussie !<\/b><br>Acc\u00e9dez \u00e0 votre page pour afficher votre plugin Twitter en action.<\/li>\n  <\/ol>\n  <p>Vous avez des questions ou des doutes ? N&rsquo;h\u00e9sitez pas \u00e0 contacter le support client d&rsquo;Elfsight pour obtenir de l&rsquo;aide dans la r\u00e9solution de chaque probl\u00e8me.<\/p>\n<\/div>\n\n<div class=\"faq\" data-component=\"FAQ\">\n  <div class=\"faq-item\">\r\n\t\t\t\t\t<div class=\"faq-item-question\">\r\n\t\t\t\t\t\t<h3 class=\"faq-item-question-text\">Existe-t-il un moyen d'int\u00e9grer le flux Twitter \u00e0 ma page iFrame sans codage ?<\/h3>\r\n\r\n\t\t\t\t\t\t<div class=\"faq-item-question-icon\"><\/div>\r\n\t\t\t\t\t<\/div>\r\n\r\n\t\t\t\t\t<div class=\"faq-item-answer\">\r\n\t\t\t\t\t\t<div class=\"faq-item-answer-text\">\n    <p>Elfsight propose une solution SaaS qui permet \u00e0 un large public de cr\u00e9er un plugin de flux Twitter facilement. Voici les \u00e9tapes simples :<\/p>\n    <ul>\n      <li>Commencez \u00e0 travailler directement dans la d\u00e9mo en ligne pour cr\u00e9er un plugin de flux Twitter que vous souhaitez int\u00e9grer sur votre site iFrame.<\/li>\n      <li>Choisissez l&rsquo;un des nombreux mod\u00e8les pr\u00eats \u00e0 l&#8217;emploi et modifiez les param\u00e8tres du flux Twitter, la mise en page, et la palette de couleurs, ajoutez votre contenu sans aucune comp\u00e9tence en codage.<\/li>\n      <li>Enregistrez les param\u00e8tres et obtenez le code d&rsquo;int\u00e9gration du widget. Vous pourrez facilement l&rsquo;ajouter \u00e0 votre site iFrame dans le cadre de l&rsquo;offre gratuite.<\/li>\n    <\/ul>\n    <p>Avec notre configurateur intuitif, tout utilisateur peut cr\u00e9er un flux Twitter et l&rsquo;int\u00e9grer facilement sur un site Web iFrame. Il n&rsquo;est pas n\u00e9cessaire de souscrire \u00e0 un abonnement payant ni de fournir des informations bancaires pour acc\u00e9der \u00e0 notre \u00e9diteur. Si vous rencontrez des difficult\u00e9s \u00e0 un moment donn\u00e9, n&rsquo;h\u00e9sitez pas \u00e0 contacter notre support technique.<\/p>\n  <\/div>\r\n\t\t\t\t\t<\/div>\r\n\t\t\t\t<\/div>\n<\/div>\n\n","protected":false},"excerpt":{"rendered":"","protected":false},"author":9,"featured_media":0,"parent":1058,"menu_order":0,"comment_status":"closed","ping_status":"closed","template":"templates\/template-application-platform.php","meta":{"publish_to_discourse":"","publish_post_category":"","wpdc_auto_publish_overridden":"","wpdc_topic_tags":"","wpdc_pin_topic":"","wpdc_pin_until":"","discourse_post_id":"","discourse_permalink":"","wpdc_publishing_response":"","wpdc_publishing_error":"","footnotes":""},"class_list":["post-10820","page","type-page","status-publish","hentry"],"yoast_head":"<!-- This site is optimized with the Yoast SEO plugin v25.3.1 - https:\/\/yoast.com\/wordpress\/plugins\/seo\/ -->\n<title>Plugin iFrame Twitter Feed pour votre site Web (gratuit et rapide)<\/title>\n<meta name=\"description\" content=\"Il est facile de cr\u00e9er votre plugin Twitter Feed et de le publier sur votre site Web iFrame. Le service client Elfsight est gratuit et rapide.\" \/>\n<meta name=\"robots\" content=\"index, follow, max-snippet:-1, max-image-preview:large, max-video-preview:-1\" \/>\n<link rel=\"canonical\" href=\"https:\/\/elfsight.com\/fr\/twitter-feed-widget\/iframe\/\" \/>\n<meta property=\"og:locale\" content=\"fr_FR\" \/>\n<meta property=\"og:type\" content=\"article\" \/>\n<meta property=\"og:title\" content=\"Plugin iFrame Twitter Feed pour votre site Web (gratuit et rapide)\" \/>\n<meta property=\"og:description\" content=\"Il est facile de cr\u00e9er votre plugin Twitter Feed et de le publier sur votre site Web iFrame. Le service client Elfsight est gratuit et rapide.\" \/>\n<meta property=\"og:url\" content=\"https:\/\/elfsight.com\/fr\/twitter-feed-widget\/iframe\/\" \/>\n<meta property=\"og:site_name\" content=\"Elfsight FR\" \/>\n<meta property=\"article:modified_time\" content=\"2024-12-18T15:01:13+00:00\" \/>\n<meta name=\"twitter:card\" content=\"summary_large_image\" \/>\n<meta name=\"twitter:label1\" content=\"Dur\u00e9e de lecture estim\u00e9e\" \/>\n\t<meta name=\"twitter:data1\" content=\"4 minutes\" \/>\n<!-- \/ Yoast SEO plugin. -->","yoast_head_json":{"title":"Plugin iFrame Twitter Feed pour votre site Web (gratuit et rapide)","description":"Il est facile de cr\u00e9er votre plugin Twitter Feed et de le publier sur votre site Web iFrame. Le service client Elfsight est gratuit et rapide.","robots":{"index":"index","follow":"follow","max-snippet":"max-snippet:-1","max-image-preview":"max-image-preview:large","max-video-preview":"max-video-preview:-1"},"canonical":"https:\/\/elfsight.com\/fr\/twitter-feed-widget\/iframe\/","og_locale":"fr_FR","og_type":"article","og_title":"Plugin iFrame Twitter Feed pour votre site Web (gratuit et rapide)","og_description":"Il est facile de cr\u00e9er votre plugin Twitter Feed et de le publier sur votre site Web iFrame. Le service client Elfsight est gratuit et rapide.","og_url":"https:\/\/elfsight.com\/fr\/twitter-feed-widget\/iframe\/","og_site_name":"Elfsight FR","article_modified_time":"2024-12-18T15:01:13+00:00","twitter_card":"summary_large_image","twitter_misc":{"Dur\u00e9e de lecture estim\u00e9e":"4 minutes"},"schema":{"@context":"https:\/\/schema.org","@graph":[{"@type":"WebPage","@id":"https:\/\/elfsight.com\/fr\/twitter-feed-widget\/iframe\/","url":"https:\/\/elfsight.com\/fr\/twitter-feed-widget\/iframe\/","name":"Plugin iFrame Twitter Feed pour votre site Web (gratuit et rapide)","isPartOf":{"@id":"https:\/\/elfsight.com\/fr\/#website"},"datePublished":"1970-01-01T00:00:00+00:00","dateModified":"2024-12-18T15:01:13+00:00","description":"Il est facile de cr\u00e9er votre plugin Twitter Feed et de le publier sur votre site Web iFrame. Le service client Elfsight est gratuit et rapide.","breadcrumb":{"@id":"https:\/\/elfsight.com\/fr\/twitter-feed-widget\/iframe\/#breadcrumb"},"inLanguage":"fr-FR","potentialAction":[{"@type":"ReadAction","target":["https:\/\/elfsight.com\/fr\/twitter-feed-widget\/iframe\/"]}]},{"@type":"BreadcrumbList","@id":"https:\/\/elfsight.com\/fr\/twitter-feed-widget\/iframe\/#breadcrumb","itemListElement":[{"@type":"ListItem","position":1,"name":"Home","item":"https:\/\/elfsight.com\/fr\/"},{"@type":"ListItem","position":2,"name":"Twitter Feed","item":"https:\/\/elfsight.com\/fr\/twitter-feed-widget\/"},{"@type":"ListItem","position":3,"name":"Twitter Feed &#8211; iFrame"}]},{"@type":"WebSite","@id":"https:\/\/elfsight.com\/fr\/#website","url":"https:\/\/elfsight.com\/fr\/","name":"Elfsight FR","description":"","potentialAction":[{"@type":"SearchAction","target":{"@type":"EntryPoint","urlTemplate":"https:\/\/elfsight.com\/fr\/?s={search_term_string}"},"query-input":{"@type":"PropertyValueSpecification","valueRequired":true,"valueName":"search_term_string"}}],"inLanguage":"fr-FR"}]}},"meta_box":{"industry":"","seo_heading":"","heading":"","description":"","cta_heading":"","cta_description":"","application":"1057","h1":"Plugin de flux Twitter iFrame","h1_caption":"Int\u00e9grez des tweets depuis votre compte Twitter ou par hashtag pour tenir vos visiteurs inform\u00e9s du contenu en temps r\u00e9el sur votre site Web iFrame sans effort.","application_category":[],"applications_title":"","applications_request_title":"","applications_request_button_text":"","hero_text":"","hero_video":"","hero_video_schema_markup":"","selling_points_title":"","selling_points_caption":"","selling_points":[],"selling_points_cta_text":"","features_title":"","features":"","ed_cta_examples_text":"","ed_cta_examples_hidden":"","ed_cta_demo_text":"","ed_cta_demo_hidden":"","why_caption":"","why_editor_title":"","why_editor_text":"","why_team_title":"","why_team_text":"","why_service_title":"","why_service_text":"","template_catalog_visible":"0","template_catalog_title":"","template_catalog_text":"","template_catalog_categories_visible":"","demo_title":"Cr\u00e9ez votre widget de flux Twitter","demo_caption":"Configurez votre flux Twitter et ajoutez-le gratuitement \u00e0 votre site Web iFrame\u00a0!","default_faq_hidden":"","app_template_category":[],"platform":"371","template_public_id":"","codecanyon_url":"","codecanyon_item_id":"","codecanyon_price":"","pricing_caption":"","pricing_elfsight_apps_hide_column":"","pricing_elfsight_apps_url":"","pricing_codecanyon_price_caption":"","integration_category":[],"integration_request_title":"","integration_request_cta":"","integration_platform":"","integrations":[],"platform_category":[],"video_schema_markup":"","price":"\u00e0 partir de 0$ \/ mois","trial":"","benefits":[{"text":"Aide \u00e0 l'installation gratuite"},{"text":"Service client comp\u00e9tent"},{"text":"Garantie de remboursement de 14 jours"},{"text":"Mises \u00e0 jour gratuites r\u00e9guli\u00e8res"}],"button_url":"","button_target_blank":"0","button_nofollow":"0","attributes":[{"name":"Installations","content":"10,000 - 100,000"},{"name":"Sensible","content":"Oui"},{"name":"Navigateurs compatibles","content":"Edge, Chrome, Opera, Safari, Firefox"}],"tags":[],"tags_disable_links":"0","hide_more_platforms":"","video_object":"","demo_hide_cta":"0","demo_hide_cloud_options":"0","pricing_title":"","pricing":[{"pricing_icon":"platform","pricing_title":"Elfsight Apps","pricing_title_caption":"Solution num\u00e9rique multiplateforme qui fonctionne sur n'importe quel site Web","pricing_price":"from $0 \/ month","pricing_price_caption":"commencez avec un forfait gratuit","pricing_benefits":[{"text":"Sites Web illimit\u00e9s"},{"text":"Assistance rapide et ponctuelle"},{"text":"Service d'installation gratuit"},{"text":"Prix \u200b\u200bsp\u00e9cial pour plusieurs applications"}],"pricing_button_text":"Ajouter au site Web","pricing_button_url":"#demo"}],"related_apps_title":"","related_apps_hidden":"0","author":"","image":[],"title":"","job":"","social_networks":[]},"_links":{"self":[{"href":"https:\/\/elfsight.com\/fr\/wp-json\/wp\/v2\/pages\/10820","targetHints":{"allow":["GET"]}}],"collection":[{"href":"https:\/\/elfsight.com\/fr\/wp-json\/wp\/v2\/pages"}],"about":[{"href":"https:\/\/elfsight.com\/fr\/wp-json\/wp\/v2\/types\/page"}],"author":[{"embeddable":true,"href":"https:\/\/elfsight.com\/fr\/wp-json\/wp\/v2\/users\/9"}],"replies":[{"embeddable":true,"href":"https:\/\/elfsight.com\/fr\/wp-json\/wp\/v2\/comments?post=10820"}],"version-history":[{"count":2,"href":"https:\/\/elfsight.com\/fr\/wp-json\/wp\/v2\/pages\/10820\/revisions"}],"predecessor-version":[{"id":15886,"href":"https:\/\/elfsight.com\/fr\/wp-json\/wp\/v2\/pages\/10820\/revisions\/15886"}],"up":[{"embeddable":true,"href":"https:\/\/elfsight.com\/fr\/wp-json\/wp\/v2\/pages\/1058"}],"wp:attachment":[{"href":"https:\/\/elfsight.com\/fr\/wp-json\/wp\/v2\/media?parent=10820"}],"curies":[{"name":"wp","href":"https:\/\/api.w.org\/{rel}","templated":true}]}}