{"id":1082,"date":"2020-07-07T12:27:10","date_gmt":"2020-07-07T12:27:10","guid":{"rendered":"https:\/\/elfsight.com\/fr\/?page_id=1082"},"modified":"2022-03-21T10:49:53","modified_gmt":"2022-03-21T10:49:53","slug":"pricing","status":"publish","type":"page","link":"https:\/\/elfsight.com\/fr\/twitter-feed-widget\/pricing\/","title":{"rendered":"Twitter Feed &#8211; pricing"},"content":{"rendered":"<div class=\"faq\" data-component=\"FAQ\">\n<div class=\"faq-item\">\r\n\t\t\t\t\t<div class=\"faq-item-question\">\r\n\t\t\t\t\t\t<h3 class=\"faq-item-question-text\">Y a-t-il une opportunit\u00e9 d\u2019utiliser vos widgets gratuitement? <\/h3>\r\n\r\n\t\t\t\t\t\t<div class=\"faq-item-question-icon\"><\/div>\r\n\t\t\t\t\t<\/div>\r\n\r\n\t\t\t\t\t<div class=\"faq-item-answer\">\r\n\t\t\t\t\t\t<div class=\"faq-item-answer-text\">\nS\u00fbrement! Il suffit produire une applications et s\u00e9lectionner la tarification gratuite.\n<\/div>\r\n\t\t\t\t\t<\/div>\r\n\t\t\t\t<\/div>\n\n<div class=\"faq-item\">\r\n\t\t\t\t\t<div class=\"faq-item-question\">\r\n\t\t\t\t\t\t<h3 class=\"faq-item-question-text\">Y a-t-il une p\u00e9riode d'\u00e9valuation? <\/h3>\r\n\r\n\t\t\t\t\t\t<div class=\"faq-item-question-icon\"><\/div>\r\n\t\t\t\t\t<\/div>\r\n\r\n\t\t\t\t\t<div class=\"faq-item-answer\">\r\n\t\t\t\t\t\t<div class=\"faq-item-answer-text\">\nNon, nous n&rsquo;offrons pas de p\u00e9riode d&rsquo;essai. Alternativement, vous pouvez choisir le plan de tarification gratuit et explorer tous les possibilit\u00e9s de nos outils. Le forfait gratuit n\u2019a pas de restrictions donc vous aurez la compr\u00e9hension de tous les possibilit\u00e9s sans effort.\n<\/div>\r\n\t\t\t\t\t<\/div>\r\n\t\t\t\t<\/div>\n\n<div class=\"faq-item\">\r\n\t\t\t\t\t<div class=\"faq-item-question\">\r\n\t\t\t\t\t\t<h3 class=\"faq-item-question-text\">Offrez-vous des baisses de prix? <\/h3>\r\n\r\n\t\t\t\t\t\t<div class=\"faq-item-question-icon\"><\/div>\r\n\t\t\t\t\t<\/div>\r\n\r\n\t\t\t\t\t<div class=\"faq-item-answer\">\r\n\t\t\t\t\t\t<div class=\"faq-item-answer-text\">\nBien s\u00fbr, vous pouvez obtenir une remise de bienvenue de 20% pour le premier abonnement commercial. Au-del\u00e0, nous offrons 30% bon de r\u00e9duction pour l\u2019abonnement unique suivant.\n<\/div>\r\n\t\t\t\t\t<\/div>\r\n\t\t\t\t<\/div>\n\n<div class=\"faq-item\">\r\n\t\t\t\t\t<div class=\"faq-item-question\">\r\n\t\t\t\t\t\t<h3 class=\"faq-item-question-text\">Puis-je changer mon plan sur la route? <\/h3>\r\n\r\n\t\t\t\t\t\t<div class=\"faq-item-question-icon\"><\/div>\r\n\t\t\t\t\t<\/div>\r\n\r\n\t\t\t\t\t<div class=\"faq-item-answer\">\r\n\t\t\t\t\t\t<div class=\"faq-item-answer-text\">\nBien s\u00fbr! Vous \u00eates libres de augmenter ou d\u00e9classer votre plan \u00e0 toute heure. L&rsquo;argent que vous avez pay\u00e9 pour le pr\u00e9c\u00e9dent sera recalcul\u00e9 le nouveau plan.\n<\/div>\r\n\t\t\t\t\t<\/div>\r\n\t\t\t\t<\/div>\n\n<div class=\"faq-item\">\r\n\t\t\t\t\t<div class=\"faq-item-question\">\r\n\t\t\t\t\t\t<h3 class=\"faq-item-question-text\">Qu'est-ce que cela signifie le limite sur vues du widget? <\/h3>\r\n\r\n\t\t\t\t\t\t<div class=\"faq-item-question-icon\"><\/div>\r\n\t\t\t\t\t<\/div>\r\n\r\n\t\t\t\t\t<div class=\"faq-item-answer\">\r\n\t\t\t\t\t\t<div class=\"faq-item-answer-text\">\nLe nombre de vues de widget il c\u2019est la quantit\u00e9 de ses t\u00e9l\u00e9chargements sur la page. Vues afficher montant t\u00e9l\u00e9chargements plugin unique visiteurs. N&rsquo;oubliez pas que que pour chaque plan ses restrictions sur nombre de vues de widget.\n<\/div>\r\n\t\t\t\t\t<\/div>\r\n\t\t\t\t<\/div>\n\n<div class=\"faq-item\">\r\n\t\t\t\t\t<div class=\"faq-item-question\">\r\n\t\t\t\t\t\t<h3 class=\"faq-item-question-text\">Y a-t-il des restrictions sur le nombre de sites Web sur lesquels j\u2019ai une possibilit\u00e9 d\u2019ajouter le widget? <\/h3>\r\n\r\n\t\t\t\t\t\t<div class=\"faq-item-question-icon\"><\/div>\r\n\t\t\t\t\t<\/div>\r\n\r\n\t\t\t\t\t<div class=\"faq-item-answer\">\r\n\t\t\t\t\t\t<div class=\"faq-item-answer-text\">\nNotre Plan gratuit vous aide \u00e0 configurer l\u2019outil sur un seul site et cr\u00e9er un seul outil. Aucun des plans premium n\u2019a pas une telle restriction, c&rsquo;est-\u00e0-dire que le outil peut \u00eatre coll\u00e9 sur un le montant de sites Web illimit\u00e9.\n<\/div>\r\n\t\t\t\t\t<\/div>\r\n\t\t\t\t<\/div>\n\n<div class=\"faq-item\">\r\n\t\t\t\t\t<div class=\"faq-item-question\">\r\n\t\t\t\t\t\t<h3 class=\"faq-item-question-text\">Offrez-vous l\u2019aide gratuite avec l\u2019int\u00e9gration? <\/h3>\r\n\r\n\t\t\t\t\t\t<div class=\"faq-item-question-icon\"><\/div>\r\n\t\t\t\t\t<\/div>\r\n\r\n\t\t\t\t\t<div class=\"faq-item-answer\">\r\n\t\t\t\t\t\t<div class=\"faq-item-answer-text\">\nSans ambigu\u00eft\u00e9, nous nous portons une garant une conseils d&rsquo;int\u00e9gration gratuite pour tous nos utilisateurs. N&rsquo;h\u00e9sitez pas \u00e0 contacter pour notre support si vous en auriez besoin.\n<\/div>\r\n\t\t\t\t\t<\/div>\r\n\t\t\t\t<\/div>\n<\/div>","protected":false},"excerpt":{"rendered":"","protected":false},"author":9,"featured_media":0,"parent":1058,"menu_order":0,"comment_status":"closed","ping_status":"closed","template":"templates\/template-application-pricing.php","meta":{"publish_to_discourse":"","publish_post_category":"","wpdc_auto_publish_overridden":"","wpdc_topic_tags":"","wpdc_pin_topic":"","wpdc_pin_until":"","discourse_post_id":"","discourse_permalink":"","wpdc_publishing_response":"","wpdc_publishing_error":"","footnotes":""},"class_list":["post-1082","page","type-page","status-publish","hentry"],"yoast_head":"<!-- This site is optimized with the Yoast SEO plugin v25.3.1 - https:\/\/yoast.com\/wordpress\/plugins\/seo\/ -->\n<title>Widget Flux Twitter pour votre site Web - Cr\u00e9ez votre widget gratuit [2025]<\/title>\n<meta name=\"description\" content=\"Service d&#039;installation gratuit et les meilleurs prix pour les widgets de site Web. Ajoutez Twitter Feed directement sur votre site Web en quelques clics.\" \/>\n<meta name=\"robots\" content=\"index, follow, max-snippet:-1, max-image-preview:large, max-video-preview:-1\" \/>\n<link rel=\"canonical\" href=\"https:\/\/elfsight.com\/fr\/twitter-feed-widget\/pricing\/\" \/>\n<meta property=\"og:locale\" content=\"fr_FR\" \/>\n<meta property=\"og:type\" content=\"article\" \/>\n<meta property=\"og:title\" content=\"Widget Flux Twitter pour votre site Web - Cr\u00e9ez votre widget gratuit [2025]\" \/>\n<meta property=\"og:description\" content=\"Service d&#039;installation gratuit et les meilleurs prix pour les widgets de site Web. Ajoutez Twitter Feed directement sur votre site Web en quelques clics.\" \/>\n<meta property=\"og:url\" content=\"https:\/\/elfsight.com\/fr\/twitter-feed-widget\/pricing\/\" \/>\n<meta property=\"og:site_name\" content=\"Elfsight FR\" \/>\n<meta property=\"article:modified_time\" content=\"2022-03-21T10:49:53+00:00\" \/>\n<meta name=\"twitter:card\" content=\"summary_large_image\" \/>\n<meta name=\"twitter:label1\" content=\"Dur\u00e9e de lecture estim\u00e9e\" \/>\n\t<meta name=\"twitter:data1\" content=\"2 minutes\" \/>\n<!-- \/ Yoast SEO plugin. -->","yoast_head_json":{"title":"Widget Flux Twitter pour votre site Web - Cr\u00e9ez votre widget gratuit [2025]","description":"Service d'installation gratuit et les meilleurs prix pour les widgets de site Web. Ajoutez Twitter Feed directement sur votre site Web en quelques clics.","robots":{"index":"index","follow":"follow","max-snippet":"max-snippet:-1","max-image-preview":"max-image-preview:large","max-video-preview":"max-video-preview:-1"},"canonical":"https:\/\/elfsight.com\/fr\/twitter-feed-widget\/pricing\/","og_locale":"fr_FR","og_type":"article","og_title":"Widget Flux Twitter pour votre site Web - Cr\u00e9ez votre widget gratuit [2025]","og_description":"Service d'installation gratuit et les meilleurs prix pour les widgets de site Web. Ajoutez Twitter Feed directement sur votre site Web en quelques clics.","og_url":"https:\/\/elfsight.com\/fr\/twitter-feed-widget\/pricing\/","og_site_name":"Elfsight FR","article_modified_time":"2022-03-21T10:49:53+00:00","twitter_card":"summary_large_image","twitter_misc":{"Dur\u00e9e de lecture estim\u00e9e":"2 minutes"},"schema":{"@context":"https:\/\/schema.org","@graph":[{"@type":"WebPage","@id":"https:\/\/elfsight.com\/fr\/twitter-feed-widget\/pricing\/","url":"https:\/\/elfsight.com\/fr\/twitter-feed-widget\/pricing\/","name":"Widget Flux Twitter pour votre site Web - Cr\u00e9ez votre widget gratuit [2025]","isPartOf":{"@id":"https:\/\/elfsight.com\/fr\/#website"},"datePublished":"2020-07-07T12:27:10+00:00","dateModified":"2022-03-21T10:49:53+00:00","description":"Service d'installation gratuit et les meilleurs prix pour les widgets de site Web. Ajoutez Twitter Feed directement sur votre site Web en quelques clics.","breadcrumb":{"@id":"https:\/\/elfsight.com\/fr\/twitter-feed-widget\/pricing\/#breadcrumb"},"inLanguage":"fr-FR","potentialAction":[{"@type":"ReadAction","target":["https:\/\/elfsight.com\/fr\/twitter-feed-widget\/pricing\/"]}]},{"@type":"BreadcrumbList","@id":"https:\/\/elfsight.com\/fr\/twitter-feed-widget\/pricing\/#breadcrumb","itemListElement":[{"@type":"ListItem","position":1,"name":"Home","item":"https:\/\/elfsight.com\/fr\/"},{"@type":"ListItem","position":2,"name":"Twitter Feed","item":"https:\/\/elfsight.com\/fr\/twitter-feed-widget\/"},{"@type":"ListItem","position":3,"name":"Twitter Feed &#8211; pricing"}]},{"@type":"WebSite","@id":"https:\/\/elfsight.com\/fr\/#website","url":"https:\/\/elfsight.com\/fr\/","name":"Elfsight FR","description":"","potentialAction":[{"@type":"SearchAction","target":{"@type":"EntryPoint","urlTemplate":"https:\/\/elfsight.com\/fr\/?s={search_term_string}"},"query-input":{"@type":"PropertyValueSpecification","valueRequired":true,"valueName":"search_term_string"}}],"inLanguage":"fr-FR"}]}},"meta_box":{"industry":"","seo_heading":"","heading":"","description":"","cta_heading":"","cta_description":"","application":"1057","h1":"","h1_caption":"","application_category":[],"applications_title":"","applications_request_title":"","applications_request_button_text":"","hero_text":"","hero_video":"","hero_video_schema_markup":"","selling_points_title":"","selling_points_caption":"","selling_points":[],"selling_points_cta_text":"","features_title":"","features":"","ed_cta_examples_text":"","ed_cta_examples_hidden":"","ed_cta_demo_text":"","ed_cta_demo_hidden":"","why_caption":"","why_editor_title":"","why_editor_text":"","why_team_title":"","why_team_text":"","why_service_title":"","why_service_text":"","template_catalog_visible":"","template_catalog_title":"","template_catalog_text":"","template_catalog_categories_visible":"","demo_title":"","demo_caption":"","default_faq_hidden":"1","app_template_category":[],"platform":"","template_public_id":"","codecanyon_url":"","codecanyon_item_id":"","codecanyon_price":"","pricing_caption":"","pricing_elfsight_apps_hide_column":"","pricing_elfsight_apps_url":"","pricing_codecanyon_price_caption":"","integration_category":[],"integration_request_title":"","integration_request_cta":"","integration_platform":"","integrations":[],"platform_category":[],"video_schema_markup":"","price":"","trial":"","benefits":[],"button_url":"","button_target_blank":"","button_nofollow":"","attributes":[],"tags":[],"tags_disable_links":"","hide_more_platforms":"","video_object":"","demo_hide_cta":"","demo_hide_cloud_options":"","pricing_title":"","pricing":[],"related_apps_title":"","related_apps_hidden":"","author":"","image":[],"title":"","job":"","social_networks":[]},"_links":{"self":[{"href":"https:\/\/elfsight.com\/fr\/wp-json\/wp\/v2\/pages\/1082","targetHints":{"allow":["GET"]}}],"collection":[{"href":"https:\/\/elfsight.com\/fr\/wp-json\/wp\/v2\/pages"}],"about":[{"href":"https:\/\/elfsight.com\/fr\/wp-json\/wp\/v2\/types\/page"}],"author":[{"embeddable":true,"href":"https:\/\/elfsight.com\/fr\/wp-json\/wp\/v2\/users\/9"}],"replies":[{"embeddable":true,"href":"https:\/\/elfsight.com\/fr\/wp-json\/wp\/v2\/comments?post=1082"}],"version-history":[{"count":4,"href":"https:\/\/elfsight.com\/fr\/wp-json\/wp\/v2\/pages\/1082\/revisions"}],"predecessor-version":[{"id":6988,"href":"https:\/\/elfsight.com\/fr\/wp-json\/wp\/v2\/pages\/1082\/revisions\/6988"}],"up":[{"embeddable":true,"href":"https:\/\/elfsight.com\/fr\/wp-json\/wp\/v2\/pages\/1058"}],"wp:attachment":[{"href":"https:\/\/elfsight.com\/fr\/wp-json\/wp\/v2\/media?parent=1082"}],"curies":[{"name":"wp","href":"https:\/\/api.w.org\/{rel}","templated":true}]}}