{"id":10819,"date":"1970-01-01T00:00:00","date_gmt":"1970-01-01T00:00:00","guid":{"rendered":"https:\/\/elfsight.com\/fr\/?page_id=10819"},"modified":"2025-07-10T14:01:52","modified_gmt":"2025-07-10T14:01:52","slug":"facebook","status":"publish","type":"page","link":"https:\/\/elfsight.com\/fr\/twitter-feed-widget\/facebook\/","title":{"rendered":"Twitter Feed &#8211; Facebook Page"},"content":{"rendered":"<div class=\"application-platform-content-item-description application-platform-content-item\" id=\"description\" data-nav-section=\"description\"><h2>Description<\/h2><p>Elfsight Twitter Feed est un widget r\u00e9actif, qui vous permet d&rsquo;introduire des Tweets sur votre page Facebook. Vous \u00eates libre d&rsquo;afficher votre fil d&rsquo;actualit\u00e9 Twitter ou de proposer des tweets de t\u00e9moignage afin d&rsquo;augmenter l&rsquo;engagement des utilisateurs et de d\u00e9velopper une meilleure confiance des clients. Ce qui fait du widget Elfsight l&rsquo;un des meilleurs du genre pour n&rsquo;importe quelle page, c&rsquo;est une \u00e9norme quantit\u00e9 d&rsquo;options, des mod\u00e8les pr\u00eats \u00e0 l&#8217;emploi con\u00e7us pour tous les cas d&rsquo;utilisation et sa conception r\u00e9active.<\/p><p><b>Rendez votre page extr\u00eamement attrayante pour votre public et digne de confiance<\/b><\/p><\/div><div class=\"faq\" data-component=\"FAQ\"><div class=\"faq-item\">\r\n\t\t\t\t\t<div class=\"faq-item-question\">\r\n\t\t\t\t\t\t<h3 class=\"faq-item-question-text\">De quelle mani\u00e8re puis-je int\u00e9grer un flux Twitter au site Facebook ?<\/h3>\r\n\r\n\t\t\t\t\t\t<div class=\"faq-item-question-icon\"><\/div>\r\n\t\t\t\t\t<\/div>\r\n\r\n\t\t\t\t\t<div class=\"faq-item-answer\">\r\n\t\t\t\t\t\t<div class=\"faq-item-answer-text\"><p>La cr\u00e9ation du widget s&rsquo;effectue au sein du service Elfsight et vous n&rsquo;avez pas besoin d&rsquo;apprendre le codage. Appliquez la d\u00e9mo en direct pour personnaliser votre propre plugin, obtenez le code et ajoutez-le \u00e0 votre site Web. <\/p><\/div>\r\n\t\t\t\t\t<\/div>\r\n\t\t\t\t<\/div><div class=\"faq-item\">\r\n\t\t\t\t\t<div class=\"faq-item-question\">\r\n\t\t\t\t\t\t<h3 class=\"faq-item-question-text\">Puis-je obtenir la chronologie ou la barre lat\u00e9rale du profil Twitter au moyen de vos widgets ?<\/h3>\r\n\r\n\t\t\t\t\t\t<div class=\"faq-item-question-icon\"><\/div>\r\n\t\t\t\t\t<\/div>\r\n\r\n\t\t\t\t\t<div class=\"faq-item-answer\">\r\n\t\t\t\t\t\t<div class=\"faq-item-answer-text\"><p>De nombreux mod\u00e8les sont applicables\u00a0: liste, ma\u00e7onnerie, galerie, flux, grille et bien plus encore, ainsi que des param\u00e8tres de mise en page flexibles pour s&rsquo;aligner sur vos besoins. Vous \u00eates libre de cr\u00e9er presque tous les widgets dont vous avez besoin. <\/p><\/div>\r\n\t\t\t\t\t<\/div>\r\n\t\t\t\t<\/div><div class=\"faq-item\">\r\n\t\t\t\t\t<div class=\"faq-item-question\">\r\n\t\t\t\t\t\t<h3 class=\"faq-item-question-text\">Le widget Twitter de ma page Facebook ne fonctionne pas \/ ne se met pas \u00e0 jour<\/h3>\r\n\r\n\t\t\t\t\t\t<div class=\"faq-item-question-icon\"><\/div>\r\n\t\t\t\t\t<\/div>\r\n\r\n\t\t\t\t\t<div class=\"faq-item-answer\">\r\n\t\t\t\t\t\t<div class=\"faq-item-answer-text\"><p>Si vous rencontrez des probl\u00e8mes avec les widgets de la page Facebook, contactez le personnel de soutien \u00e0 la client\u00e8le. Le support est absolument gratuit pour tous les clients Elfsight. <\/p><\/div>\r\n\t\t\t\t\t<\/div>\r\n\t\t\t\t<\/div><\/div><div class=\"application-platform-content-item-features application-platform-content-item\" id=\"features\" data-nav-section=\"features\"><h2>Fonctionnalit\u00e9s<\/h2><p>Ici vous pouvez voir toutes les caract\u00e9ristiques fonctionnelles du produit. Ils sont tous disponibles dans l&rsquo;\u00e9diteur et vous aideront \u00e0 fa\u00e7onner le widget sp\u00e9cialement pour votre cas d&rsquo;utilisation.<\/p><ul><li>Cr\u00e9ez un flux avec des Tweets de t\u00e9moignage sur votre entreprise\u00a0;<\/li><li>Masquer l&rsquo;en-t\u00eate pour afficher uniquement les Tweets\u00a0;<\/li><li>Copiez le lien Tweets\u00a0;<\/li><li>Le tweet s&rsquo;ouvre en cliquant sur l&rsquo;ic\u00f4ne Twitter\u00a0;<\/li><li>D\u00e9finissez une couleur de th\u00e8me personnalis\u00e9e pour le widget ;<\/li><\/ul><p><a href=\"#demo\">Vous pouvez tester tous les traits fonctionnels du widget directement dans la d\u00e9mo<\/a><\/p> <\/div><div class=\"application-platform-content-item-installation  application-platform-content-item\" id=\"installation \" data-nav-section=\"installation \"><h2>Comment ajouter l&rsquo;onglet Twitter \u00e0 la page Facebook<\/h2><p>Pour int\u00e9grer le widget, suivez simplement les \u00e9tapes ci-dessous<\/p><ul><li><b>G\u00e9n\u00e9rez votre flux Twitter unique<\/b><br>Dans notre d\u00e9mo gratuite, cr\u00e9ez un widget avec un design et des fonctions personnalis\u00e9s.<\/li><li><b>Acqu\u00e9rez le code individuel pour ajouter le plugin<\/b><br>Apr\u00e8s avoir personnalis\u00e9 votre widget, vous obtiendrez votre code d&rsquo;installation \u00e0 partir de la notification contextuelle sur les applications Elfsight. Copiez le code.<\/li><li><b>Ajoutez le widget \u00e0 la page Facebook<\/b><br> Cr\u00e9ez votre onglet Facebook personnalis\u00e9. Ins\u00e9rez le code que vous avez re\u00e7u sur les applications elfsight dans l&rsquo;onglet. Si vous rencontrez des probl\u00e8mes, consultez simplement notre guide sur <a href=\"https:\/\/elfsight.com\/blog\/how-to-add-custom-tab-to-facebook-page\/\" target=\"_blank\" rel=\"noopener noreferrer\">cr\u00e9ation d&rsquo;un onglet Facebook personnalis\u00e9<\/a><\/li><li><b>Termin\u00e9\u00a0!<\/b><br>Acc\u00e9dez \u00e0 la page Facebook Business pour voir votre travail.<\/li><\/ul><p>Vous \u00eates invit\u00e9s \u00e0 contacter notre service client si vous avez besoin d&rsquo;aide ou si vous rencontrez des probl\u00e8mes. Nos sp\u00e9cialistes vous donneront un coup de main pour chaque demande. <\/p><\/div>","protected":false},"excerpt":{"rendered":"","protected":false},"author":9,"featured_media":0,"parent":1058,"menu_order":0,"comment_status":"closed","ping_status":"closed","template":"templates\/template-application-platform.php","meta":{"publish_to_discourse":"","publish_post_category":"","wpdc_auto_publish_overridden":"","wpdc_topic_tags":"","wpdc_pin_topic":"","wpdc_pin_until":"","discourse_post_id":"","discourse_permalink":"","wpdc_publishing_response":"","wpdc_publishing_error":"","footnotes":""},"class_list":["post-10819","page","type-page","status-publish","hentry"],"yoast_head":"<!-- This site is optimized with the Yoast SEO plugin v25.3.1 - https:\/\/yoast.com\/wordpress\/plugins\/seo\/ -->\n<title>Ajouter l&#039;onglet Flux Twitter \u00e0 la page Facebook (gratuit et rapide)<\/title>\n<meta name=\"description\" content=\"Il est tr\u00e8s simple de cr\u00e9er votre onglet de flux Twitter et de l&#039;ajouter \u00e0 votre page Facebook professionnelle ou publique. Le service client Elfsight est gratuit et rapide.\" \/>\n<meta name=\"robots\" content=\"index, follow, max-snippet:-1, max-image-preview:large, max-video-preview:-1\" \/>\n<link rel=\"canonical\" href=\"https:\/\/elfsight.com\/fr\/twitter-feed-widget\/facebook\/\" \/>\n<meta property=\"og:locale\" content=\"fr_FR\" \/>\n<meta property=\"og:type\" content=\"article\" \/>\n<meta property=\"og:title\" content=\"Ajouter l&#039;onglet Flux Twitter \u00e0 la page Facebook (gratuit et rapide)\" \/>\n<meta property=\"og:description\" content=\"Il est tr\u00e8s simple de cr\u00e9er votre onglet de flux Twitter et de l&#039;ajouter \u00e0 votre page Facebook professionnelle ou publique. Le service client Elfsight est gratuit et rapide.\" \/>\n<meta property=\"og:url\" content=\"https:\/\/elfsight.com\/fr\/twitter-feed-widget\/facebook\/\" \/>\n<meta property=\"og:site_name\" content=\"Elfsight FR\" \/>\n<meta property=\"article:modified_time\" content=\"2025-07-10T14:01:52+00:00\" \/>\n<meta name=\"twitter:card\" content=\"summary_large_image\" \/>\n<meta name=\"twitter:label1\" content=\"Dur\u00e9e de lecture estim\u00e9e\" \/>\n\t<meta name=\"twitter:data1\" content=\"3 minutes\" \/>\n<!-- \/ Yoast SEO plugin. -->","yoast_head_json":{"title":"Ajouter l'onglet Flux Twitter \u00e0 la page Facebook (gratuit et rapide)","description":"Il est tr\u00e8s simple de cr\u00e9er votre onglet de flux Twitter et de l'ajouter \u00e0 votre page Facebook professionnelle ou publique. Le service client Elfsight est gratuit et rapide.","robots":{"index":"index","follow":"follow","max-snippet":"max-snippet:-1","max-image-preview":"max-image-preview:large","max-video-preview":"max-video-preview:-1"},"canonical":"https:\/\/elfsight.com\/fr\/twitter-feed-widget\/facebook\/","og_locale":"fr_FR","og_type":"article","og_title":"Ajouter l'onglet Flux Twitter \u00e0 la page Facebook (gratuit et rapide)","og_description":"Il est tr\u00e8s simple de cr\u00e9er votre onglet de flux Twitter et de l'ajouter \u00e0 votre page Facebook professionnelle ou publique. Le service client Elfsight est gratuit et rapide.","og_url":"https:\/\/elfsight.com\/fr\/twitter-feed-widget\/facebook\/","og_site_name":"Elfsight FR","article_modified_time":"2025-07-10T14:01:52+00:00","twitter_card":"summary_large_image","twitter_misc":{"Dur\u00e9e de lecture estim\u00e9e":"3 minutes"},"schema":{"@context":"https:\/\/schema.org","@graph":[{"@type":"WebPage","@id":"https:\/\/elfsight.com\/fr\/twitter-feed-widget\/facebook\/","url":"https:\/\/elfsight.com\/fr\/twitter-feed-widget\/facebook\/","name":"Ajouter l'onglet Flux Twitter \u00e0 la page Facebook (gratuit et rapide)","isPartOf":{"@id":"https:\/\/elfsight.com\/fr\/#website"},"datePublished":"1970-01-01T00:00:00+00:00","dateModified":"2025-07-10T14:01:52+00:00","description":"Il est tr\u00e8s simple de cr\u00e9er votre onglet de flux Twitter et de l'ajouter \u00e0 votre page Facebook professionnelle ou publique. Le service client Elfsight est gratuit et rapide.","breadcrumb":{"@id":"https:\/\/elfsight.com\/fr\/twitter-feed-widget\/facebook\/#breadcrumb"},"inLanguage":"fr-FR","potentialAction":[{"@type":"ReadAction","target":["https:\/\/elfsight.com\/fr\/twitter-feed-widget\/facebook\/"]}]},{"@type":"BreadcrumbList","@id":"https:\/\/elfsight.com\/fr\/twitter-feed-widget\/facebook\/#breadcrumb","itemListElement":[{"@type":"ListItem","position":1,"name":"Home","item":"https:\/\/elfsight.com\/fr\/"},{"@type":"ListItem","position":2,"name":"Twitter Feed","item":"https:\/\/elfsight.com\/fr\/twitter-feed-widget\/"},{"@type":"ListItem","position":3,"name":"Twitter Feed &#8211; Facebook Page"}]},{"@type":"WebSite","@id":"https:\/\/elfsight.com\/fr\/#website","url":"https:\/\/elfsight.com\/fr\/","name":"Elfsight FR","description":"","potentialAction":[{"@type":"SearchAction","target":{"@type":"EntryPoint","urlTemplate":"https:\/\/elfsight.com\/fr\/?s={search_term_string}"},"query-input":{"@type":"PropertyValueSpecification","valueRequired":true,"valueName":"search_term_string"}}],"inLanguage":"fr-FR"}]}},"meta_box":{"industry":"","seo_heading":"","heading":"","description":"","cta_heading":"","cta_description":"","application":"1057","h1":"Onglet Twitter pour la page Facebook","h1_caption":"Int\u00e9grez des tweets depuis votre compte Twitter ou par hashtag pour tenir vos visiteurs inform\u00e9s du contenu en temps r\u00e9el sur votre site Web de page Facebook sans effort.","application_category":[],"applications_title":"","applications_request_title":"","applications_request_button_text":"","hero_text":"","hero_video":"","hero_video_schema_markup":"","selling_points_title":"","selling_points_caption":"","selling_points":[],"selling_points_cta_text":"","features_title":"","features":"","ed_cta_examples_text":"","ed_cta_examples_hidden":"","ed_cta_demo_text":"","ed_cta_demo_hidden":"","why_caption":"","why_editor_title":"","why_editor_text":"","why_team_title":"","why_team_text":"","why_service_title":"","why_service_text":"","template_catalog_visible":"","template_catalog_title":"","template_catalog_text":"","template_catalog_categories_visible":"","demo_title":"Cr\u00e9ez votre widget de flux Twitter","demo_caption":"Configurez votre flux Twitter et ajoutez-le gratuitement \u00e0 votre page Facebook\u00a0!","default_faq_hidden":"","app_template_category":[],"platform":"394","template_public_id":"","codecanyon_url":"","codecanyon_item_id":"","codecanyon_price":"","pricing_caption":"","pricing_elfsight_apps_hide_column":"","pricing_elfsight_apps_url":"","pricing_codecanyon_price_caption":"","integration_category":[],"integration_request_title":"","integration_request_cta":"","integration_platform":"","integrations":[],"platform_category":[],"video_schema_markup":"","price":"\u00e0 partir de 0$ \/ mois","trial":"","benefits":[{"text":"Aide \u00e0 l'installation gratuite"},{"text":"Service client efficace"},{"text":"Garantie de remboursement de 14 jours"},{"text":"Am\u00e9liorations r\u00e9guli\u00e8res"}],"button_url":"","button_target_blank":"","button_nofollow":"","attributes":[{"name":"Installations","content":"10,000 - 100,000"},{"name":"Sensible","content":"Oui"},{"name":"Navigateurs compatibles","content":"Safari, Chrome, Firefox, Opera, Edge"}],"tags":[],"tags_disable_links":"","hide_more_platforms":"","video_object":"","demo_hide_cta":"","demo_hide_cloud_options":"","pricing_title":"","pricing":[{"pricing_icon":"platform","pricing_title":"Elfsight Apps","pricing_title_caption":"Version multiplateforme qui fonctionne sur n'importe quel site Web","pricing_price":"from $0 \/ month","pricing_price_caption":"commencez avec un forfait gratuit","pricing_benefits":[{"text":"Sites Web illimit\u00e9s"},{"text":"Assistance rapide de l'entreprise"},{"text":"Aide \u00e0 l'installation gratuite"},{"text":"Prix \u200b\u200bsp\u00e9cial pour plusieurs applications"}],"pricing_button_text":"Ajouter au site Web","pricing_button_url":"#demo"}],"related_apps_title":"","related_apps_hidden":"","author":"","image":[],"title":"","job":"","social_networks":[]},"_links":{"self":[{"href":"https:\/\/elfsight.com\/fr\/wp-json\/wp\/v2\/pages\/10819","targetHints":{"allow":["GET"]}}],"collection":[{"href":"https:\/\/elfsight.com\/fr\/wp-json\/wp\/v2\/pages"}],"about":[{"href":"https:\/\/elfsight.com\/fr\/wp-json\/wp\/v2\/types\/page"}],"author":[{"embeddable":true,"href":"https:\/\/elfsight.com\/fr\/wp-json\/wp\/v2\/users\/9"}],"replies":[{"embeddable":true,"href":"https:\/\/elfsight.com\/fr\/wp-json\/wp\/v2\/comments?post=10819"}],"version-history":[{"count":1,"href":"https:\/\/elfsight.com\/fr\/wp-json\/wp\/v2\/pages\/10819\/revisions"}],"predecessor-version":[{"id":10823,"href":"https:\/\/elfsight.com\/fr\/wp-json\/wp\/v2\/pages\/10819\/revisions\/10823"}],"up":[{"embeddable":true,"href":"https:\/\/elfsight.com\/fr\/wp-json\/wp\/v2\/pages\/1058"}],"wp:attachment":[{"href":"https:\/\/elfsight.com\/fr\/wp-json\/wp\/v2\/media?parent=10819"}],"curies":[{"name":"wp","href":"https:\/\/api.w.org\/{rel}","templated":true}]}}