{"id":10818,"date":"1970-01-01T00:00:00","date_gmt":"1970-01-01T00:00:00","guid":{"rendered":"https:\/\/elfsight.com\/fr\/?page_id=10818"},"modified":"2024-12-18T15:13:06","modified_gmt":"2024-12-18T15:13:06","slug":"woocommerce","status":"publish","type":"page","link":"https:\/\/elfsight.com\/fr\/twitter-feed-widget\/woocommerce\/","title":{"rendered":"Twitter Feed &#8211; WooCommerce"},"content":{"rendered":"\n<div class=\"application-platform-content-item-description application-platform-content-item\" id=\"description\" data-nav-section=\"description\">\n  <h2>Description<\/h2>\n  <p>Le plugin Elfsight Twitter Feed facilite l&rsquo;ajout d&rsquo;un flux Twitter ou de tweets sp\u00e9cifiques sur votre site WooCommerce. Augmentez l&rsquo;engagement des utilisateurs et am\u00e9liorez la confiance des clients en affichant votre chronologie Twitter ou en pr\u00e9sentant des t\u00e9moignages des utilisateurs sur vos produits. Les principaux avantages du plugin Elfsight Twitter Feed pour votre site Web incluent des mod\u00e8les pr\u00e9d\u00e9finis adapt\u00e9s \u00e0 tous les cas d&rsquo;utilisation, des options vari\u00e9es et un design r\u00e9actif.<\/p>\n  <p><b>Augmentez l&rsquo;engagement et la confiance des utilisateurs sur votre site Web<\/b><\/p>\n<\/div>\n\n<div class=\"application-platform-content-item-features application-platform-content-item\" id=\"features\" data-nav-section=\"features\">\n  <h2>Voici quelques-unes des puissantes fonctionnalit\u00e9s du widget :<\/h2>\n  <ul>\n    <li>Type de pr\u00e9sentation : flux ou t\u00e9moignages ;<\/li>\n    <li>Masquer l&rsquo;en-t\u00eate pour afficher uniquement les tweets ;<\/li>\n    <li>Indication des retweets dans le flux ;<\/li>\n    <li>Choisissez parmi les langues disponibles ou demandez votre langue et nous traduirons le widget pour vous ;<\/li>\n    <li>Affichage du nombre de retweets et de likes dans les tweets.<\/li>\n  <\/ul>\n  <p><a href=\"#demo\">Vous pouvez voir ce que le widget propose en essayant la d\u00e9mo<\/a><\/p>\n<\/div>\n\n<div class=\"application-platform-content-item-installation application-platform-content-item\" id=\"installation\" data-nav-section=\"installation\">\n  <h2>Comment ajouter un flux Twitter \u00e0 mon site Web WooCommerce ?<\/h2>\n  <p>Suivez simplement les \u00e9tapes ci-dessous pour int\u00e9grer le plugin sur votre site WooCommerce.<\/p>\n  <ol>\n    <li><b>Cr\u00e9ez votre propre widget \u00e0 l&rsquo;aide de notre \u00e9diteur gratuit.<\/b><br>Choisissez la disposition et les param\u00e8tres souhait\u00e9s pour le widget et enregistrez les modifications.<\/li>\n    <li><b>Obtenez votre code d&rsquo;int\u00e9gration.<\/b><br>Une fois la cr\u00e9ation du widget termin\u00e9e, copiez le code qui appara\u00eet dans la fen\u00eatre contextuelle et conservez-le pour une utilisation future.<\/li>\n    <li><b>Utilisez le plugin sur votre page WooCommerce.<\/b><br>Collez le code copi\u00e9 sur la page de votre site et enregistrez les modifications.<\/li>\n    <li><b>La configuration est r\u00e9ussie !<\/b><br>Visitez votre site pour v\u00e9rifier que le widget fonctionne correctement.<\/li>\n  <\/ol>\n  <p>Si vous rencontrez des difficult\u00e9s, n&rsquo;h\u00e9sitez pas \u00e0 contacter notre service client\u00e8le. Nos sp\u00e9cialistes sont l\u00e0 pour r\u00e9soudre tous les probl\u00e8mes que vous pourriez rencontrer avec le widget.<\/p>\n<\/div>\n\n<div class=\"faq\" data-component=\"FAQ\"><div class=\"faq\" data-component=\"FAQ\"><\/div><div class=\"faq-item\">\r\n\t\t\t\t\t<div class=\"faq-item-question\">\r\n\t\t\t\t\t\t<h3 class=\"faq-item-question-text\">Existe-t-il un moyen d'int\u00e9grer le flux Twitter sur mon site WooCommerce sans codage ?<\/h3>\r\n\r\n\t\t\t\t\t\t<div class=\"faq-item-question-icon\"><\/div>\r\n\t\t\t\t\t<\/div>\r\n\r\n\t\t\t\t\t<div class=\"faq-item-answer\">\r\n\t\t\t\t\t\t<div class=\"faq-item-answer-text\">\n  <p>Elfsight propose une solution Cloud qui vous permet de cr\u00e9er facilement un widget de flux Twitter. Voici les \u00e9tapes simples :<\/p>\n    <ul>\n      <li>Acc\u00e9dez \u00e0 notre \u00e9diteur en ligne pour cr\u00e9er le widget de flux Twitter que vous souhaitez int\u00e9grer \u00e0 votre site WooCommerce.<\/li>\n      <li>S\u00e9lectionnez l&rsquo;un des mod\u00e8les pr\u00e9d\u00e9finis, ajustez les param\u00e8tres du flux Twitter, modifiez la mise en page et les couleurs, puis ajoutez votre contenu, sans besoin de connaissances en codage.<\/li>\n      <li>Enregistrez le flux Twitter et obtenez le code d&rsquo;int\u00e9gration, que vous pouvez facilement ins\u00e9rer gratuitement sur n&rsquo;importe quelle page de votre site WooCommerce.<\/li>\n    <\/ul>\n    <p>Gr\u00e2ce \u00e0 notre \u00e9diteur intuitif, chaque utilisateur peut cr\u00e9er une application de flux Twitter et l&rsquo;ajouter facilement \u00e0 son site WooCommerce. Vous n&rsquo;avez pas besoin de souscrire \u00e0 un abonnement payant ni de fournir vos informations de carte bancaire pour acc\u00e9der au service. Si vous rencontrez des difficult\u00e9s, n&rsquo;h\u00e9sitez pas \u00e0 contacter notre support technique.<\/p>\n<\/div>\r\n\t\t\t\t\t<\/div>\r\n\t\t\t\t<\/div><\/div>\n","protected":false},"excerpt":{"rendered":"","protected":false},"author":9,"featured_media":0,"parent":1058,"menu_order":0,"comment_status":"closed","ping_status":"closed","template":"templates\/template-application-platform.php","meta":{"publish_to_discourse":"","publish_post_category":"","wpdc_auto_publish_overridden":"","wpdc_topic_tags":"","wpdc_pin_topic":"","wpdc_pin_until":"","discourse_post_id":"","discourse_permalink":"","wpdc_publishing_response":"","wpdc_publishing_error":"","footnotes":""},"class_list":["post-10818","page","type-page","status-publish","hentry"],"yoast_head":"<!-- This site is optimized with the Yoast SEO plugin v25.3.1 - https:\/\/yoast.com\/wordpress\/plugins\/seo\/ -->\n<title>Plugin WooCommerce Twitter Feed pour votre site Web (2026)<\/title>\n<meta name=\"description\" content=\"Profitez de l&#039;occasion pour personnaliser le plugin Twitter Feed d\u00e8s maintenant et ajoutez-le gratuitement \u00e0 votre site Web WooCommerce directement \u00e0 partir de la d\u00e9mo en direct.\" \/>\n<meta name=\"robots\" content=\"index, follow, max-snippet:-1, max-image-preview:large, max-video-preview:-1\" \/>\n<link rel=\"canonical\" href=\"https:\/\/elfsight.com\/fr\/twitter-feed-widget\/woocommerce\/\" \/>\n<meta property=\"og:locale\" content=\"fr_FR\" \/>\n<meta property=\"og:type\" content=\"article\" \/>\n<meta property=\"og:title\" content=\"Plugin WooCommerce Twitter Feed pour votre site Web (2026)\" \/>\n<meta property=\"og:description\" content=\"Profitez de l&#039;occasion pour personnaliser le plugin Twitter Feed d\u00e8s maintenant et ajoutez-le gratuitement \u00e0 votre site Web WooCommerce directement \u00e0 partir de la d\u00e9mo en direct.\" \/>\n<meta property=\"og:url\" content=\"https:\/\/elfsight.com\/fr\/twitter-feed-widget\/woocommerce\/\" \/>\n<meta property=\"og:site_name\" content=\"Elfsight FR\" \/>\n<meta property=\"article:modified_time\" content=\"2024-12-18T15:13:06+00:00\" \/>\n<meta name=\"twitter:card\" content=\"summary_large_image\" \/>\n<meta name=\"twitter:label1\" content=\"Dur\u00e9e de lecture estim\u00e9e\" \/>\n\t<meta name=\"twitter:data1\" content=\"3 minutes\" \/>\n<!-- \/ Yoast SEO plugin. -->","yoast_head_json":{"title":"Plugin WooCommerce Twitter Feed pour votre site Web (2026)","description":"Profitez de l'occasion pour personnaliser le plugin Twitter Feed d\u00e8s maintenant et ajoutez-le gratuitement \u00e0 votre site Web WooCommerce directement \u00e0 partir de la d\u00e9mo en direct.","robots":{"index":"index","follow":"follow","max-snippet":"max-snippet:-1","max-image-preview":"max-image-preview:large","max-video-preview":"max-video-preview:-1"},"canonical":"https:\/\/elfsight.com\/fr\/twitter-feed-widget\/woocommerce\/","og_locale":"fr_FR","og_type":"article","og_title":"Plugin WooCommerce Twitter Feed pour votre site Web (2026)","og_description":"Profitez de l'occasion pour personnaliser le plugin Twitter Feed d\u00e8s maintenant et ajoutez-le gratuitement \u00e0 votre site Web WooCommerce directement \u00e0 partir de la d\u00e9mo en direct.","og_url":"https:\/\/elfsight.com\/fr\/twitter-feed-widget\/woocommerce\/","og_site_name":"Elfsight FR","article_modified_time":"2024-12-18T15:13:06+00:00","twitter_card":"summary_large_image","twitter_misc":{"Dur\u00e9e de lecture estim\u00e9e":"3 minutes"},"schema":{"@context":"https:\/\/schema.org","@graph":[{"@type":"WebPage","@id":"https:\/\/elfsight.com\/fr\/twitter-feed-widget\/woocommerce\/","url":"https:\/\/elfsight.com\/fr\/twitter-feed-widget\/woocommerce\/","name":"Plugin WooCommerce Twitter Feed pour votre site Web (2026)","isPartOf":{"@id":"https:\/\/elfsight.com\/fr\/#website"},"datePublished":"1970-01-01T00:00:00+00:00","dateModified":"2024-12-18T15:13:06+00:00","description":"Profitez de l'occasion pour personnaliser le plugin Twitter Feed d\u00e8s maintenant et ajoutez-le gratuitement \u00e0 votre site Web WooCommerce directement \u00e0 partir de la d\u00e9mo en direct.","breadcrumb":{"@id":"https:\/\/elfsight.com\/fr\/twitter-feed-widget\/woocommerce\/#breadcrumb"},"inLanguage":"fr-FR","potentialAction":[{"@type":"ReadAction","target":["https:\/\/elfsight.com\/fr\/twitter-feed-widget\/woocommerce\/"]}]},{"@type":"BreadcrumbList","@id":"https:\/\/elfsight.com\/fr\/twitter-feed-widget\/woocommerce\/#breadcrumb","itemListElement":[{"@type":"ListItem","position":1,"name":"Home","item":"https:\/\/elfsight.com\/fr\/"},{"@type":"ListItem","position":2,"name":"Twitter Feed","item":"https:\/\/elfsight.com\/fr\/twitter-feed-widget\/"},{"@type":"ListItem","position":3,"name":"Twitter Feed &#8211; WooCommerce"}]},{"@type":"WebSite","@id":"https:\/\/elfsight.com\/fr\/#website","url":"https:\/\/elfsight.com\/fr\/","name":"Elfsight FR","description":"","potentialAction":[{"@type":"SearchAction","target":{"@type":"EntryPoint","urlTemplate":"https:\/\/elfsight.com\/fr\/?s={search_term_string}"},"query-input":{"@type":"PropertyValueSpecification","valueRequired":true,"valueName":"search_term_string"}}],"inLanguage":"fr-FR"}]}},"meta_box":{"industry":"","seo_heading":"","heading":"","description":"","cta_heading":"","cta_description":"","application":"1057","h1":"Plugin de flux Twitter WooCommerce","h1_caption":"Int\u00e9grez des tweets depuis votre compte Twitter ou par hashtag pour tenir vos visiteurs inform\u00e9s du contenu en temps r\u00e9el sur votre site Web WooCommerce sans effort.","application_category":[],"applications_title":"","applications_request_title":"","applications_request_button_text":"","hero_text":"","hero_video":"","hero_video_schema_markup":"","selling_points_title":"","selling_points_caption":"","selling_points":[],"selling_points_cta_text":"","features_title":"","features":"","ed_cta_examples_text":"","ed_cta_examples_hidden":"","ed_cta_demo_text":"","ed_cta_demo_hidden":"","why_caption":"","why_editor_title":"","why_editor_text":"","why_team_title":"","why_team_text":"","why_service_title":"","why_service_text":"","template_catalog_visible":"0","template_catalog_title":"","template_catalog_text":"","template_catalog_categories_visible":"","demo_title":"Cr\u00e9ez votre application de flux Twitter","demo_caption":"Configurez votre flux Twitter et ajoutez-le gratuitement \u00e0 votre site Web WooCommerce !","default_faq_hidden":"","app_template_category":[],"platform":"397","template_public_id":"","codecanyon_url":"","codecanyon_item_id":"","codecanyon_price":"","pricing_caption":"","pricing_elfsight_apps_hide_column":"","pricing_elfsight_apps_url":"","pricing_codecanyon_price_caption":"","integration_category":[],"integration_request_title":"","integration_request_cta":"","integration_platform":"","integrations":[],"platform_category":[],"video_schema_markup":"","price":"\u00e0 partir de 0$ \/ mois","trial":"","benefits":[{"text":"Service d'installation gratuit"},{"text":"Service client comp\u00e9tent"},{"text":"Garantie de remboursement de 14 jours"},{"text":"Mises \u00e0 jour gratuites en continu"}],"button_url":"","button_target_blank":"0","button_nofollow":"0","attributes":[{"name":"Installations","content":"10,000 - 100,000"},{"name":"Sensible","content":"Oui"},{"name":"Navigateurs compatibles","content":"Firefox, Safari, Opera, Chrome, Edge"}],"tags":[],"tags_disable_links":"0","hide_more_platforms":"","video_object":"","demo_hide_cta":"0","demo_hide_cloud_options":"0","pricing_title":"","pricing":[{"pricing_icon":"platform","pricing_title":"Elfsight Apps","pricing_title_caption":"Solution num\u00e9rique multiplateforme qui fonctionne sur n'importe quel site","pricing_price":"from $0 \/ month","pricing_price_caption":"commencez avec un forfait gratuit","pricing_benefits":[{"text":"Domaines illimit\u00e9s"},{"text":"Support client rapide et bien document\u00e9"},{"text":"Service d'installation gratuit"},{"text":"Conception flexible"}],"pricing_button_text":"Ajouter au site Web","pricing_button_url":"#demo"}],"related_apps_title":"","related_apps_hidden":"0","author":"","image":[],"title":"","job":"","social_networks":[]},"_links":{"self":[{"href":"https:\/\/elfsight.com\/fr\/wp-json\/wp\/v2\/pages\/10818","targetHints":{"allow":["GET"]}}],"collection":[{"href":"https:\/\/elfsight.com\/fr\/wp-json\/wp\/v2\/pages"}],"about":[{"href":"https:\/\/elfsight.com\/fr\/wp-json\/wp\/v2\/types\/page"}],"author":[{"embeddable":true,"href":"https:\/\/elfsight.com\/fr\/wp-json\/wp\/v2\/users\/9"}],"replies":[{"embeddable":true,"href":"https:\/\/elfsight.com\/fr\/wp-json\/wp\/v2\/comments?post=10818"}],"version-history":[{"count":4,"href":"https:\/\/elfsight.com\/fr\/wp-json\/wp\/v2\/pages\/10818\/revisions"}],"predecessor-version":[{"id":15894,"href":"https:\/\/elfsight.com\/fr\/wp-json\/wp\/v2\/pages\/10818\/revisions\/15894"}],"up":[{"embeddable":true,"href":"https:\/\/elfsight.com\/fr\/wp-json\/wp\/v2\/pages\/1058"}],"wp:attachment":[{"href":"https:\/\/elfsight.com\/fr\/wp-json\/wp\/v2\/media?parent=10818"}],"curies":[{"name":"wp","href":"https:\/\/api.w.org\/{rel}","templated":true}]}}