{"id":10811,"date":"1970-01-01T00:00:00","date_gmt":"1970-01-01T00:00:00","guid":{"rendered":"https:\/\/elfsight.com\/fr\/?page_id=10811"},"modified":"2025-07-10T14:01:35","modified_gmt":"2025-07-10T14:01:35","slug":"godaddy","status":"publish","type":"page","link":"https:\/\/elfsight.com\/fr\/twitter-feed-widget\/godaddy\/","title":{"rendered":"Twitter Feed  &#8211; GoDaddy"},"content":{"rendered":"<div class=\"application-platform-content-item-description application-platform-content-item\" id=\"description\" data-nav-section=\"description\"> <h2>Int\u00e9grer le flux Twitter sur GoDaddy avec le widget Elfsight<\/h2> <p>Avec le plugin Elfsight Twitter Feed pour GoDaddy, vous pouvez ajouter votre site un flux personnalis\u00e9 de l&rsquo;un des m\u00e9dias sociaux les plus populaires. Int\u00e9grez votre propre flux Twitter avec des boutons d&rsquo;en-t\u00eate et d&rsquo;action, cr\u00e9ez une collection de Tweets par hashtag ou affichez des t\u00e9moignages de clients sur vos produits depuis Twitter. Autorisez vos utilisateurs \u00e0 effectuer toutes les actions Tweet directement sur le site\u00a0: retweeter, r\u00e9pondre, aimer, partager. Choisissez la meilleure mise en page, ajoutez des couleurs et trouvez les bonnes proportions du plugin. Augmentez le nombre de followers et d\u00e9veloppez l&rsquo;engagement sur votre site avec un flux vivant et interactif.<\/p> <p><b>Rendez vos offres attrayantes et dignes de confiance en affichant les t\u00e9moignages de clients de Twitter\u00a0!<\/b><\/p> [\/application_platform_content_item ] <div class=\"application-platform-content-item-features application-platform-content-item\" id=\"features\" data-nav-section=\"features\"><\/div> <h2>Vous trouverez ci-dessous les fonctionnalit\u00e9s fondamentales du plugin\u00a0: <\/h2> <ul><li>Affichez les tweets de votre propre compte ou s\u00e9lectionnez par hashtag<\/li><li>\u00c9valuez les tweets de t\u00e9moignage avec des \u00e9toiles<\/li><li>D\u00e9finissez la largeur du plugin ou faites-le en pleine largeur<\/li><li>Choisissez une disposition d&rsquo;en-t\u00eate compl\u00e8te ou compacte<\/li><li>Choisissez parmi les langues disponibles ou demandez votre langue et nous traduirons le plugin<\/li><\/ul><p><a href=\"#demo\">Examinez tous les param\u00e8tres dans la d\u00e9mo compl\u00e8te<\/a><\/p> <\/div> <div class=\"application-platform-content-item-installation application-platform-content-item\" id=\"installation\" data-nav-section=\"installation\"> <h2>Comment ajouter un flux Twitter sur mon site Web GoDaddy\u00a0? <\/h2> <p>Suivez simplement plusieurs \u00e9tapes d\u00e9crites ci-dessous pour ajouter le plugin. <\/p> <ol><li><b>Ex\u00e9cutez notre configurateur gratuit et commencez \u00e0 cr\u00e9er votre plugin personnalis\u00e9. <\/b><br> Choisissez le design et les fonctionnalit\u00e9s s\u00e9lectionn\u00e9s du plugin et enregistrez les modifications. <\/li> <li><b>Copiez le code personnel expos\u00e9 dans la fen\u00eatre sur Elfsight Apps. <\/b><br> Une fois la personnalisation de votre outil personnel termin\u00e9e, copiez le code exclusif dans la fen\u00eatre contextuelle qui appara\u00eet et enregistrez-le pour une occasion future. <\/li> <li><b>Commencez \u00e0 utiliser l&rsquo;outil sur votre site GoDaddy. <\/b><br> Collez le code copi\u00e9 pr\u00e9c\u00e9demment dans votre page d&rsquo;accueil et appliquez les corrections. <\/li> <li><b>Vous avez termin\u00e9\u00a0! L&rsquo;int\u00e9gration est pleinement r\u00e9alis\u00e9e. <\/b><br> Allez sur votre site pour voir le travail du plugin. <\/li><\/ol> <p>Si vous contestez un probl\u00e8me, veuillez vous adresser \u00e0 notre \u00e9quipe d&rsquo;assistance. Nos sp\u00e9cialistes se feront un plaisir de vous aider avec toutes les questions que vous pourriez avoir avec le produit. <\/p> <\/div><div class=\"faq\" data-component=\"FAQ\"><div class=\"faq-item\">\r\n\t\t\t\t\t<div class=\"faq-item-question\">\r\n\t\t\t\t\t\t<h3 class=\"faq-item-question-text\">Comment ajouter un flux Twitter \u00e0 ma page d'accueil GoDaddy sans exp\u00e9rience en codage ?<\/h3>\r\n\r\n\t\t\t\t\t\t<div class=\"faq-item-question-icon\"><\/div>\r\n\t\t\t\t\t<\/div>\r\n\r\n\t\t\t\t\t<div class=\"faq-item-answer\">\r\n\t\t\t\t\t\t<div class=\"faq-item-answer-text\"><p>La soci\u00e9t\u00e9 Elfsight propose un SaaS qui permet aux utilisateurs de cr\u00e9er eux-m\u00eames une application de flux Twitter, d\u00e9couvrez \u00e0 quel point le processus est simple\u00a0:<\/p><ul><li>Commencez \u00e0 travailler directement dans la d\u00e9mo en direct pour cr\u00e9er une application de flux Twitter que vous souhaitez int\u00e9grer sur la page d&rsquo;accueil de GoDaddy. <\/li><li>Cliquez sur l&rsquo;un de nos mod\u00e8les pr\u00eats \u00e0 l&#8217;emploi et modifiez les param\u00e8tres du flux Twitter, mettez \u00e0 jour votre contenu, changez la mise en page et les couleurs sans aucune connaissance en codage.<\/li><li>Enregistrez le flux Twitter et obtenez le code d&rsquo;installation, qui peut \u00eatre simplement inclus dans la page Web GoDaddy dans le cadre d&rsquo;un forfait gratuit.<\/li><\/ul><p>\u00c0 l&rsquo;aide de l&rsquo;\u00e9diteur simple, chaque utilisateur Web peut g\u00e9n\u00e9rer le plug-in Twitter Feed et l&rsquo;inclure facilement dans n&rsquo;importe quelle page d&rsquo;accueil GoDaddy. . Il n&rsquo;est pas n\u00e9cessaire de payer ou de divulguer les donn\u00e9es de votre carte pour acc\u00e9der \u00e0 Elfsight Editor. Si vous rencontrez des probl\u00e8mes de quelque nature que ce soit, n&rsquo;h\u00e9sitez pas \u00e0 contacter notre \u00e9quipe d&rsquo;assistance.<\/p><\/div>\r\n\t\t\t\t\t<\/div>\r\n\t\t\t\t<\/div><\/div>","protected":false},"excerpt":{"rendered":"","protected":false},"author":9,"featured_media":0,"parent":1058,"menu_order":0,"comment_status":"closed","ping_status":"closed","template":"templates\/template-application-platform.php","meta":{"publish_to_discourse":"","publish_post_category":"","wpdc_auto_publish_overridden":"","wpdc_topic_tags":"","wpdc_pin_topic":"","wpdc_pin_until":"","discourse_post_id":"","discourse_permalink":"","wpdc_publishing_response":"","wpdc_publishing_error":"","footnotes":""},"class_list":["post-10811","page","type-page","status-publish","hentry"],"yoast_head":"<!-- This site is optimized with the Yoast SEO plugin v25.3.1 - https:\/\/yoast.com\/wordpress\/plugins\/seo\/ -->\n<title>Flux Twitter - Ajoutez le plugin Twitter Feed au site Web GoDaddy\u00a0!<\/title>\n<meta name=\"description\" content=\"Int\u00e9grez un plugin de flux Twitter r\u00e9actif \u00e0 votre site Web GoDaddy en 1-2-3\u00a0! N\u2019h\u00e9sitez pas \u00e0 augmenter les performances de votre site internet !\" \/>\n<meta name=\"robots\" content=\"index, follow, max-snippet:-1, max-image-preview:large, max-video-preview:-1\" \/>\n<link rel=\"canonical\" href=\"https:\/\/elfsight.com\/fr\/twitter-feed-widget\/godaddy\/\" \/>\n<meta property=\"og:locale\" content=\"fr_FR\" \/>\n<meta property=\"og:type\" content=\"article\" \/>\n<meta property=\"og:title\" content=\"Flux Twitter - Ajoutez le plugin Twitter Feed au site Web GoDaddy\u00a0!\" \/>\n<meta property=\"og:description\" content=\"Int\u00e9grez un plugin de flux Twitter r\u00e9actif \u00e0 votre site Web GoDaddy en 1-2-3\u00a0! N\u2019h\u00e9sitez pas \u00e0 augmenter les performances de votre site internet !\" \/>\n<meta property=\"og:url\" content=\"https:\/\/elfsight.com\/fr\/twitter-feed-widget\/godaddy\/\" \/>\n<meta property=\"og:site_name\" content=\"Elfsight FR\" \/>\n<meta property=\"article:modified_time\" content=\"2025-07-10T14:01:35+00:00\" \/>\n<meta name=\"twitter:card\" content=\"summary_large_image\" \/>\n<meta name=\"twitter:label1\" content=\"Dur\u00e9e de lecture estim\u00e9e\" \/>\n\t<meta name=\"twitter:data1\" content=\"3 minutes\" \/>\n<!-- \/ Yoast SEO plugin. -->","yoast_head_json":{"title":"Flux Twitter - Ajoutez le plugin Twitter Feed au site Web GoDaddy\u00a0!","description":"Int\u00e9grez un plugin de flux Twitter r\u00e9actif \u00e0 votre site Web GoDaddy en 1-2-3\u00a0! N\u2019h\u00e9sitez pas \u00e0 augmenter les performances de votre site internet !","robots":{"index":"index","follow":"follow","max-snippet":"max-snippet:-1","max-image-preview":"max-image-preview:large","max-video-preview":"max-video-preview:-1"},"canonical":"https:\/\/elfsight.com\/fr\/twitter-feed-widget\/godaddy\/","og_locale":"fr_FR","og_type":"article","og_title":"Flux Twitter - Ajoutez le plugin Twitter Feed au site Web GoDaddy\u00a0!","og_description":"Int\u00e9grez un plugin de flux Twitter r\u00e9actif \u00e0 votre site Web GoDaddy en 1-2-3\u00a0! N\u2019h\u00e9sitez pas \u00e0 augmenter les performances de votre site internet !","og_url":"https:\/\/elfsight.com\/fr\/twitter-feed-widget\/godaddy\/","og_site_name":"Elfsight FR","article_modified_time":"2025-07-10T14:01:35+00:00","twitter_card":"summary_large_image","twitter_misc":{"Dur\u00e9e de lecture estim\u00e9e":"3 minutes"},"schema":{"@context":"https:\/\/schema.org","@graph":[{"@type":"WebPage","@id":"https:\/\/elfsight.com\/fr\/twitter-feed-widget\/godaddy\/","url":"https:\/\/elfsight.com\/fr\/twitter-feed-widget\/godaddy\/","name":"Flux Twitter - Ajoutez le plugin Twitter Feed au site Web GoDaddy\u00a0!","isPartOf":{"@id":"https:\/\/elfsight.com\/fr\/#website"},"datePublished":"1970-01-01T00:00:00+00:00","dateModified":"2025-07-10T14:01:35+00:00","description":"Int\u00e9grez un plugin de flux Twitter r\u00e9actif \u00e0 votre site Web GoDaddy en 1-2-3\u00a0! N\u2019h\u00e9sitez pas \u00e0 augmenter les performances de votre site internet !","breadcrumb":{"@id":"https:\/\/elfsight.com\/fr\/twitter-feed-widget\/godaddy\/#breadcrumb"},"inLanguage":"fr-FR","potentialAction":[{"@type":"ReadAction","target":["https:\/\/elfsight.com\/fr\/twitter-feed-widget\/godaddy\/"]}]},{"@type":"BreadcrumbList","@id":"https:\/\/elfsight.com\/fr\/twitter-feed-widget\/godaddy\/#breadcrumb","itemListElement":[{"@type":"ListItem","position":1,"name":"Home","item":"https:\/\/elfsight.com\/fr\/"},{"@type":"ListItem","position":2,"name":"Twitter Feed","item":"https:\/\/elfsight.com\/fr\/twitter-feed-widget\/"},{"@type":"ListItem","position":3,"name":"Twitter Feed &#8211; GoDaddy"}]},{"@type":"WebSite","@id":"https:\/\/elfsight.com\/fr\/#website","url":"https:\/\/elfsight.com\/fr\/","name":"Elfsight FR","description":"","potentialAction":[{"@type":"SearchAction","target":{"@type":"EntryPoint","urlTemplate":"https:\/\/elfsight.com\/fr\/?s={search_term_string}"},"query-input":{"@type":"PropertyValueSpecification","valueRequired":true,"valueName":"search_term_string"}}],"inLanguage":"fr-FR"}]}},"meta_box":{"industry":"","seo_heading":"","heading":"","description":"","cta_heading":"","cta_description":"","application":"1057","h1":"Plugin de flux Twitter GoDaddy","h1_caption":"Augmentez l'engagement des visiteurs sur le site affichant votre flux Twitter","application_category":[],"applications_title":"","applications_request_title":"","applications_request_button_text":"","hero_text":"","hero_video":"","hero_video_schema_markup":"","selling_points_title":"","selling_points_caption":"","selling_points":[],"selling_points_cta_text":"","features_title":"","features":"","ed_cta_examples_text":"","ed_cta_examples_hidden":"","ed_cta_demo_text":"","ed_cta_demo_hidden":"","why_caption":"","why_editor_title":"","why_editor_text":"","why_team_title":"","why_team_text":"","why_service_title":"","why_service_text":"","template_catalog_visible":"","template_catalog_title":"","template_catalog_text":"","template_catalog_categories_visible":"","demo_title":"D\u00e9p\u00eachez-vous de concevoir un flux Twitter GoDaddy personnalis\u00e9","demo_caption":"Ajustez-le et int\u00e9grez le plugin dans votre page d'accueil en utilisant la d\u00e9mo en direct.","default_faq_hidden":"","app_template_category":[],"platform":"370","template_public_id":"","codecanyon_url":"","codecanyon_item_id":"","codecanyon_price":"","pricing_caption":"","pricing_elfsight_apps_hide_column":"","pricing_elfsight_apps_url":"","pricing_codecanyon_price_caption":"","integration_category":[],"integration_request_title":"","integration_request_cta":"","integration_platform":"","integrations":[],"platform_category":[],"video_schema_markup":"","price":"\u00e0 partir de 0$ \/ mois","trial":"","benefits":[{"text":"Service d'installation gratuit"},{"text":"Soutien exceptionnel"},{"text":"Garantie de remboursement de 14 jours"},{"text":"Mises \u00e0 jour continues"}],"button_url":"","button_target_blank":"","button_nofollow":"","attributes":[{"name":"Installations","content":"10,000 - 100,000"},{"name":"Sensible","content":"Oui"},{"name":"Navigateurs compatibles","content":"IE11, Firefox, Safari, Opera, Chrome, Edge"}],"tags":[],"tags_disable_links":"","hide_more_platforms":"","video_object":"","demo_hide_cta":"","demo_hide_cloud_options":"","pricing_title":"","pricing":[{"pricing_icon":"platform","pricing_title":"Elfsight Apps","pricing_title_caption":"Logiciel multiplateforme","pricing_price":"from $0 \/ month","pricing_price_caption":"commencez avec un forfait gratuit","pricing_benefits":[{"text":"Domaines illimit\u00e9s"},{"text":"Assistance entreprise premium"},{"text":"Aide \u00e0 l'installation gratuite"},{"text":"Conception flexible"}],"pricing_button_text":"Ajouter au site Web","pricing_button_url":"#demo"}],"related_apps_title":"","related_apps_hidden":"","author":"","image":[],"title":"","job":"","social_networks":[]},"_links":{"self":[{"href":"https:\/\/elfsight.com\/fr\/wp-json\/wp\/v2\/pages\/10811","targetHints":{"allow":["GET"]}}],"collection":[{"href":"https:\/\/elfsight.com\/fr\/wp-json\/wp\/v2\/pages"}],"about":[{"href":"https:\/\/elfsight.com\/fr\/wp-json\/wp\/v2\/types\/page"}],"author":[{"embeddable":true,"href":"https:\/\/elfsight.com\/fr\/wp-json\/wp\/v2\/users\/9"}],"replies":[{"embeddable":true,"href":"https:\/\/elfsight.com\/fr\/wp-json\/wp\/v2\/comments?post=10811"}],"version-history":[{"count":1,"href":"https:\/\/elfsight.com\/fr\/wp-json\/wp\/v2\/pages\/10811\/revisions"}],"predecessor-version":[{"id":10815,"href":"https:\/\/elfsight.com\/fr\/wp-json\/wp\/v2\/pages\/10811\/revisions\/10815"}],"up":[{"embeddable":true,"href":"https:\/\/elfsight.com\/fr\/wp-json\/wp\/v2\/pages\/1058"}],"wp:attachment":[{"href":"https:\/\/elfsight.com\/fr\/wp-json\/wp\/v2\/media?parent=10811"}],"curies":[{"name":"wp","href":"https:\/\/api.w.org\/{rel}","templated":true}]}}