{"id":10810,"date":"1970-01-01T00:00:00","date_gmt":"1970-01-01T00:00:00","guid":{"rendered":"https:\/\/elfsight.com\/fr\/?page_id=10810"},"modified":"2025-07-10T14:02:45","modified_gmt":"2025-07-10T14:02:45","slug":"prestashop","status":"publish","type":"page","link":"https:\/\/elfsight.com\/fr\/twitter-feed-widget\/prestashop\/","title":{"rendered":"Twitter Feed &#8211; PrestaShop"},"content":{"rendered":"<div class=\"application-platform-content-item-description application-platform-content-item\" id=\"description\" data-nav-section=\"description\"> <h2>Description<\/h2> <p>Elfsight Twitter Feed pour Prestashop est un widget dont le but est de vous aider avec toutes les demandes actuelles pour obtenir des impressions et les demandes des utilisateurs de votre site. Affichez les parties cruciales \u00e0 remplir, trouvez le mod\u00e8le requis et personnalisez l&rsquo;interface pour inciter encore plus vos visiteurs \u00e0 laisser des demandes pour les services de votre entreprise. Notre fil Twitter est con\u00e7u pour r\u00e9pondre \u00e0 tous vos besoins d&rsquo;obtenir des commentaires et d&rsquo;\u00eatre en lien avec votre client\u00e8le. <\/p><p><b>Ins\u00e9rez un flux Twitter pour relever vos d\u00e9fis e-commerce plus rapidement\u00a0! <\/b><\/p> <\/div> <div class=\"application-platform-content-item-features application-platform-content-item\" id=\"features\" data-nav-section=\"features\"> <h2>Consultez la liste des fonctionnalit\u00e9s les plus importantes\u00a0: <\/h2> <ul><li>Affichez les Tweets de votre propre compte ou filtrer par hashtag<\/li><li>Cr\u00e9ez un flux avec des tweets de t\u00e9moignage sur votre entreprise<\/li><li>Le bouton Suivre sur l&rsquo;en-t\u00eate permet d&rsquo;augmenter le nombre de votre audience<\/li><li>Toutes les actions Tweet prises en charge\u00a0: r\u00e9pondez, likez, retweetez. <\/li><li>Une ic\u00f4ne sp\u00e9ciale pour marquer les comptes v\u00e9rifi\u00e9s<\/li><li>De jolis liens d&rsquo;aper\u00e7u dans les Tweets<\/li><li>Le contenu vid\u00e9o, affichant le formatage des photos et du texte du Tweet<\/li><li>Retweet nombre, nombre de likes dans les Tweets<\/li><li>Type de flux ou de t\u00e9moignages de la pr\u00e9sentation<\/li><li>Ouverture du tweet sur le symbole Twitter, cliquez<\/li><\/ul><p><a href=\"# demo\">Cochez simplement cette d\u00e9mo pour avoir une id\u00e9e compl\u00e8te<\/a><\/p> <\/div> <div class=\"application-platform-content-item-installation application-platform-content-item\" id=\"installation\" data-nav-section=\"installation\"> <h2>Comment int\u00e9grer le flux Twitter sur mon site PrestaShop<\/h2> <p>Suivez simplement les \u00e9tapes d\u00e9crites ci-dessous pour int\u00e9grer l&rsquo;outil. <\/p> <ol><li><b>Lancez notre configurateur gratuit et commencez \u00e0 fa\u00e7onner votre propre instrument. <\/b><br> Sp\u00e9cifiez l&rsquo;apparence et les sp\u00e9cifications s\u00e9lectionn\u00e9es du widget et appliquez les modifications. <\/li> <li><b>Copiez votre code unique r\u00e9v\u00e9l\u00e9 dans la fen\u00eatre sur Elfsight Apps. <\/b><br> D\u00e8s que la cr\u00e9ation de votre widget personnel est termin\u00e9e, copiez le code individuel de la fen\u00eatre contextuelle qui appara\u00eet et enregistrez-le pour une utilisation ult\u00e9rieure. <\/li> <li><b>Lancer l&rsquo;application de l&rsquo;outil sur la page Web PrestaShop. <\/b><br> Impl\u00e9mentez le code enregistr\u00e9 pr\u00e9c\u00e9demment dans votre site Web et appliquez les corrections. <\/li> <li><b>L&rsquo;installation est enti\u00e8rement termin\u00e9e. <\/b><br> Acc\u00e9dez \u00e0 votre page Web pour observer le fonctionnement de l&rsquo;outil. <\/li><\/ol> <p>En cas de complications, n&rsquo;h\u00e9sitez pas \u00e0 faire appel \u00e0 notre \u00e9quipe de service client. Nos collaborateurs seront ravis de r\u00e9soudre tous les probl\u00e8mes que vous pourriez rencontrer avec le widget. <\/p> <\/div><div class=\"faq\" data-component=\"FAQ\"><div class=\"faq-item\">\r\n\t\t\t\t\t<div class=\"faq-item-question\">\r\n\t\t\t\t\t\t<h3 class=\"faq-item-question-text\">Comment ajouter un flux Twitter \u00e0 mon PrestaShop sans exp\u00e9rience en codage ?<\/h3>\r\n\r\n\t\t\t\t\t\t<div class=\"faq-item-question-icon\"><\/div>\r\n\t\t\t\t\t<\/div>\r\n\r\n\t\t\t\t\t<div class=\"faq-item-answer\">\r\n\t\t\t\t\t\t<div class=\"faq-item-answer-text\"><p>La soci\u00e9t\u00e9 Elfsight pr\u00e9sente une solution SaaS qui vous permet de g\u00e9n\u00e9rer vous-m\u00eame un widget de flux Twitter, consultez les \u00e9tapes simples\u00a0:<\/p><ul><li>Travailler directement dans l&rsquo;\u00e9diteur en direct pour cr\u00e9er une section de flux Twitter que vous souhaitez inclure sur PrestaShop.<\/li><li>S\u00e9lectionnez l&rsquo;un des mod\u00e8les pr\u00e9d\u00e9finis et adaptez les param\u00e8tres du flux Twitter, incluez votre contenu, modifiez la mise en page et la palette de couleurs sans exp\u00e9rience de codage.<\/li><li>Enregistrez les param\u00e8tres que vous avez d\u00e9finis dans le flux Twitter et copiez le code d&rsquo;installation, que vous pouvez int\u00e9grer gratuitement sur le site PrestaShop.<\/li><\/ul><p>\u00c0 l&rsquo;aide du configurateur intuitif, chaque internaute peut cr\u00e9er le plugin Twitter Feed en ligne et l&rsquo;ajouter simplement au site PrestaShop. Vous ne devez pas payer ni divulguer les donn\u00e9es de votre carte pour acc\u00e9der \u00e0 notre service. Si vous rencontrez des probl\u00e8mes \u00e0 n&rsquo;importe quelle \u00e9tape, n&rsquo;h\u00e9sitez pas \u00e0 contacter notre \u00e9quipe d&rsquo;assistance.<\/p><\/div>\r\n\t\t\t\t\t<\/div>\r\n\t\t\t\t<\/div><\/div>","protected":false},"excerpt":{"rendered":"","protected":false},"author":9,"featured_media":0,"parent":1058,"menu_order":0,"comment_status":"closed","ping_status":"closed","template":"templates\/template-application-platform.php","meta":{"publish_to_discourse":"","publish_post_category":"","wpdc_auto_publish_overridden":"","wpdc_topic_tags":"","wpdc_pin_topic":"","wpdc_pin_until":"","discourse_post_id":"","discourse_permalink":"","wpdc_publishing_response":"","wpdc_publishing_error":"","footnotes":""},"class_list":["post-10810","page","type-page","status-publish","hentry"],"yoast_head":"<!-- This site is optimized with the Yoast SEO plugin v25.3.1 - https:\/\/yoast.com\/wordpress\/plugins\/seo\/ -->\n<title>Le meilleur module compl\u00e9mentaire de flux Twitter pour le site PrestaShop (2025)<\/title>\n<meta name=\"description\" content=\"Concevez un module compl\u00e9mentaire de flux Twitter personnalis\u00e9 pour PrestaShop et affichez-le sur votre site Web. Configurateur gratuit, assistance professionnelle et plus d&#039;extras d&#039;Elfsight\u00a0!\" \/>\n<meta name=\"robots\" content=\"index, follow, max-snippet:-1, max-image-preview:large, max-video-preview:-1\" \/>\n<link rel=\"canonical\" href=\"https:\/\/elfsight.com\/fr\/twitter-feed-widget\/prestashop\/\" \/>\n<meta property=\"og:locale\" content=\"fr_FR\" \/>\n<meta property=\"og:type\" content=\"article\" \/>\n<meta property=\"og:title\" content=\"Le meilleur module compl\u00e9mentaire de flux Twitter pour le site PrestaShop (2025)\" \/>\n<meta property=\"og:description\" content=\"Concevez un module compl\u00e9mentaire de flux Twitter personnalis\u00e9 pour PrestaShop et affichez-le sur votre site Web. Configurateur gratuit, assistance professionnelle et plus d&#039;extras d&#039;Elfsight\u00a0!\" \/>\n<meta property=\"og:url\" content=\"https:\/\/elfsight.com\/fr\/twitter-feed-widget\/prestashop\/\" \/>\n<meta property=\"og:site_name\" content=\"Elfsight FR\" \/>\n<meta property=\"article:modified_time\" content=\"2025-07-10T14:02:45+00:00\" \/>\n<meta name=\"twitter:card\" content=\"summary_large_image\" \/>\n<meta name=\"twitter:label1\" content=\"Dur\u00e9e de lecture estim\u00e9e\" \/>\n\t<meta name=\"twitter:data1\" content=\"3 minutes\" \/>\n<!-- \/ Yoast SEO plugin. -->","yoast_head_json":{"title":"Le meilleur module compl\u00e9mentaire de flux Twitter pour le site PrestaShop (2025)","description":"Concevez un module compl\u00e9mentaire de flux Twitter personnalis\u00e9 pour PrestaShop et affichez-le sur votre site Web. Configurateur gratuit, assistance professionnelle et plus d'extras d'Elfsight\u00a0!","robots":{"index":"index","follow":"follow","max-snippet":"max-snippet:-1","max-image-preview":"max-image-preview:large","max-video-preview":"max-video-preview:-1"},"canonical":"https:\/\/elfsight.com\/fr\/twitter-feed-widget\/prestashop\/","og_locale":"fr_FR","og_type":"article","og_title":"Le meilleur module compl\u00e9mentaire de flux Twitter pour le site PrestaShop (2025)","og_description":"Concevez un module compl\u00e9mentaire de flux Twitter personnalis\u00e9 pour PrestaShop et affichez-le sur votre site Web. Configurateur gratuit, assistance professionnelle et plus d'extras d'Elfsight\u00a0!","og_url":"https:\/\/elfsight.com\/fr\/twitter-feed-widget\/prestashop\/","og_site_name":"Elfsight FR","article_modified_time":"2025-07-10T14:02:45+00:00","twitter_card":"summary_large_image","twitter_misc":{"Dur\u00e9e de lecture estim\u00e9e":"3 minutes"},"schema":{"@context":"https:\/\/schema.org","@graph":[{"@type":"WebPage","@id":"https:\/\/elfsight.com\/fr\/twitter-feed-widget\/prestashop\/","url":"https:\/\/elfsight.com\/fr\/twitter-feed-widget\/prestashop\/","name":"Le meilleur module compl\u00e9mentaire de flux Twitter pour le site PrestaShop (2025)","isPartOf":{"@id":"https:\/\/elfsight.com\/fr\/#website"},"datePublished":"1970-01-01T00:00:00+00:00","dateModified":"2025-07-10T14:02:45+00:00","description":"Concevez un module compl\u00e9mentaire de flux Twitter personnalis\u00e9 pour PrestaShop et affichez-le sur votre site Web. Configurateur gratuit, assistance professionnelle et plus d'extras d'Elfsight\u00a0!","breadcrumb":{"@id":"https:\/\/elfsight.com\/fr\/twitter-feed-widget\/prestashop\/#breadcrumb"},"inLanguage":"fr-FR","potentialAction":[{"@type":"ReadAction","target":["https:\/\/elfsight.com\/fr\/twitter-feed-widget\/prestashop\/"]}]},{"@type":"BreadcrumbList","@id":"https:\/\/elfsight.com\/fr\/twitter-feed-widget\/prestashop\/#breadcrumb","itemListElement":[{"@type":"ListItem","position":1,"name":"Home","item":"https:\/\/elfsight.com\/fr\/"},{"@type":"ListItem","position":2,"name":"Twitter Feed","item":"https:\/\/elfsight.com\/fr\/twitter-feed-widget\/"},{"@type":"ListItem","position":3,"name":"Twitter Feed &#8211; PrestaShop"}]},{"@type":"WebSite","@id":"https:\/\/elfsight.com\/fr\/#website","url":"https:\/\/elfsight.com\/fr\/","name":"Elfsight FR","description":"","potentialAction":[{"@type":"SearchAction","target":{"@type":"EntryPoint","urlTemplate":"https:\/\/elfsight.com\/fr\/?s={search_term_string}"},"query-input":{"@type":"PropertyValueSpecification","valueRequired":true,"valueName":"search_term_string"}}],"inLanguage":"fr-FR"}]}},"meta_box":{"industry":"","seo_heading":"","heading":"","description":"","cta_heading":"","cta_description":"","application":"1057","h1":"Module compl\u00e9mentaire de flux Twitter PrestaShop","h1_caption":"Int\u00e9grez des tweets depuis votre compte Twitter ou par hashtag pour tenir vos visiteurs inform\u00e9s du contenu en temps r\u00e9el sur votre site Web Prestashop sans effort.","application_category":[],"applications_title":"","applications_request_title":"","applications_request_button_text":"","hero_text":"","hero_video":"","hero_video_schema_markup":"","selling_points_title":"","selling_points_caption":"","selling_points":[],"selling_points_cta_text":"","features_title":"","features":"","ed_cta_examples_text":"","ed_cta_examples_hidden":"","ed_cta_demo_text":"","ed_cta_demo_hidden":"","why_caption":"","why_editor_title":"","why_editor_text":"","why_team_title":"","why_team_text":"","why_service_title":"","why_service_text":"","template_catalog_visible":"","template_catalog_title":"","template_catalog_text":"","template_catalog_categories_visible":"","demo_title":"Cr\u00e9ez votre module compl\u00e9mentaire de flux Twitter","demo_caption":"Configurez votre flux Twitter et ajoutez-le gratuitement \u00e0 votre site PrestaShop !","default_faq_hidden":"","app_template_category":[],"platform":"3190","template_public_id":"","codecanyon_url":"","codecanyon_item_id":"","codecanyon_price":"","pricing_caption":"","pricing_elfsight_apps_hide_column":"","pricing_elfsight_apps_url":"","pricing_codecanyon_price_caption":"","integration_category":[],"integration_request_title":"","integration_request_cta":"","integration_platform":"","integrations":[],"platform_category":[],"video_schema_markup":"","price":"\u00e0 partir de 0$ \/ mois","trial":"","benefits":[{"text":"Assistance \u00e0 l'installation gratuite"},{"text":"Service client comp\u00e9tent"},{"text":"Garantie de remboursement de 14 jours"},{"text":"Mises \u00e0 jour continues"}],"button_url":"","button_target_blank":"","button_nofollow":"","attributes":[{"name":"Installations","content":"10,000 - 100,000"},{"name":"Sensible","content":"Oui"},{"name":"Navigateurs compatibles","content":"Firefox, Safari, Opera, Chrome, Edge"}],"tags":[],"tags_disable_links":"","hide_more_platforms":"","video_object":"","demo_hide_cta":"","demo_hide_cloud_options":"","pricing_title":"","pricing":[{"pricing_icon":"platform","pricing_title":"Elfsight Apps","pricing_title_caption":"Version multiplateforme","pricing_price":"from $0 \/ month","pricing_price_caption":"commencez avec un forfait gratuit","pricing_benefits":[{"text":"Sites Web illimit\u00e9s"},{"text":"Assistance client 24h\/24 et 7j\/7"},{"text":"Service d'installation gratuit"},{"text":"Enti\u00e8rement personnalisable"}],"pricing_button_text":"Ajouter au site Web","pricing_button_url":"#demo"}],"related_apps_title":"","related_apps_hidden":"","author":"","image":[],"title":"","job":"","social_networks":[]},"_links":{"self":[{"href":"https:\/\/elfsight.com\/fr\/wp-json\/wp\/v2\/pages\/10810","targetHints":{"allow":["GET"]}}],"collection":[{"href":"https:\/\/elfsight.com\/fr\/wp-json\/wp\/v2\/pages"}],"about":[{"href":"https:\/\/elfsight.com\/fr\/wp-json\/wp\/v2\/types\/page"}],"author":[{"embeddable":true,"href":"https:\/\/elfsight.com\/fr\/wp-json\/wp\/v2\/users\/9"}],"replies":[{"embeddable":true,"href":"https:\/\/elfsight.com\/fr\/wp-json\/wp\/v2\/comments?post=10810"}],"version-history":[{"count":1,"href":"https:\/\/elfsight.com\/fr\/wp-json\/wp\/v2\/pages\/10810\/revisions"}],"predecessor-version":[{"id":10814,"href":"https:\/\/elfsight.com\/fr\/wp-json\/wp\/v2\/pages\/10810\/revisions\/10814"}],"up":[{"embeddable":true,"href":"https:\/\/elfsight.com\/fr\/wp-json\/wp\/v2\/pages\/1058"}],"wp:attachment":[{"href":"https:\/\/elfsight.com\/fr\/wp-json\/wp\/v2\/media?parent=10810"}],"curies":[{"name":"wp","href":"https:\/\/api.w.org\/{rel}","templated":true}]}}