{"id":10805,"date":"1970-01-01T00:00:00","date_gmt":"1970-01-01T00:00:00","guid":{"rendered":"https:\/\/elfsight.com\/fr\/?page_id=10805"},"modified":"2025-07-10T14:02:13","modified_gmt":"2025-07-10T14:02:13","slug":"jimdo","status":"publish","type":"page","link":"https:\/\/elfsight.com\/fr\/twitter-feed-widget\/jimdo\/","title":{"rendered":"Twitter Feed &#8211; Jimdo"},"content":{"rendered":"<div class=\"application-platform-content-item-description application-platform-content-item\" id=\"description\" data-nav-section=\"description\"><h2>Description<\/h2> <p>Elfsight Twitter Feed pour Jimdo est un widget visant \u00e0 vous assister pour tous vos besoins en cours pour obtenir des impressions et des demandes. des visiteurs de votre site Web. Pr\u00e9sentez les aspects essentiels \u00e0 remplir, choisissez votre mod\u00e8le pr\u00e9f\u00e9r\u00e9 et concevez l&rsquo;interface pour inciter davantage vos clients \u00e0 laisser des requ\u00eates sur les services de votre entreprise. Notre flux Twitter est compos\u00e9 pour r\u00e9pondre \u00e0 tous vos besoins d&rsquo;obtenir des commentaires et de rester toujours en contact avec vos clients. <\/p><p><b>Lancez le fil Twitter pour atteindre vos objectifs commerciaux\u00a0! <\/b><\/p> <\/div> <div class=\"application-platform-content-item-features application-platform-content-item\" id=\"features\" data-nav-section=\"features\"> <h2>Les fonctionnalit\u00e9s les plus utiles du widget incluent<\/h2> <ul><li>Afficher les tweets de votre propre compte ou filtrer par hashtag<\/li><li>Cr\u00e9ez un flux avec des tweets de t\u00e9moignage sur votre entreprise<\/li><li>Le bouton Suivre sur l&rsquo;en-t\u00eate sert \u00e0 augmenter le nombre d&rsquo;abonn\u00e9s<\/li><li>Toutes les actions Tweet prises en charge\u00a0: aimer, r\u00e9pondre, retweeter. <\/li><li>Une ic\u00f4ne sp\u00e9ciale pour marquer les comptes v\u00e9rifi\u00e9s<\/li><li>De jolis liens d&rsquo;aper\u00e7u dans les Tweets<\/li><li>Formatage du texte des tweets, du contenu vid\u00e9o et affichage des photos<\/li><li>J&rsquo;aime nombre, nombre de retweets dans les tweets<\/li><li>Type de flux ou de t\u00e9moignages de la pr\u00e9sentation<\/li><li>Ouverture du tweet sur le symbole Twitter, clic<\/li><\/ul><p><a href=\"# demo\">Vous pouvez ressentir les fonctionnalit\u00e9s du widget \u00e0 l&rsquo;aide de la d\u00e9mo<\/a><\/p> <\/div> <div class=\"application-platform-content-item-installation application-platform-content-item\" id=\"installation\" data-nav-section=\"installation\"> <h2>Comment ajouter un flux Twitter \u00e0 mon site Jimdo\u00a0? <\/h2> <p>Suivez simplement les instructions ci-dessous pour int\u00e9grer le widget. <\/p> <ol><li><b>Ex\u00e9cutez notre configurateur gratuit et commencez \u00e0 cr\u00e9er votre widget sur mesure. <\/b><br> D\u00e9terminez l&rsquo;apparence et les caract\u00e9ristiques fonctionnelles appropri\u00e9es de l&rsquo;outil et enregistrez les corrections. <\/li> <li><b>Recevez le code individuel apparaissant dans le formulaire sp\u00e9cial sur les applications Elfsight. <\/b><br> Lorsque la g\u00e9n\u00e9ration de votre widget est termin\u00e9e, copiez le code individuel de la fen\u00eatre et conservez-le pour vos besoins futurs. <\/li> <li><b>Initier l&rsquo;utilisation du widget sur la page Web Jimdo. <\/b><br> Impl\u00e9mentez le code copi\u00e9 auparavant dans votre page et appliquez les modifications. <\/li> <li><b>L&rsquo;installation est enti\u00e8rement effectu\u00e9e. <\/b><br> Acc\u00e9dez \u00e0 votre site pour voir en action comment fonctionne l&rsquo;outil. <\/li><\/ol> <p>Si vous rencontrez des obstacles, n&rsquo;h\u00e9sitez pas \u00e0 contacter notre service client. Nos consultants se feront un plaisir de vous aider avec toutes les difficult\u00e9s que vous pourriez rencontrer avec le produit. <\/p> <\/div><div class=\"faq\" data-component=\"FAQ\"><div class=\"faq-item\">\r\n\t\t\t\t\t<div class=\"faq-item-question\">\r\n\t\t\t\t\t\t<h3 class=\"faq-item-question-text\">De quelle mani\u00e8re puis-je ajouter un flux Twitter \u00e0 mon site Jimdo sans aucune connaissance en codage ?<\/h3>\r\n\r\n\t\t\t\t\t\t<div class=\"faq-item-question-icon\"><\/div>\r\n\t\t\t\t\t<\/div>\r\n\r\n\t\t\t\t\t<div class=\"faq-item-answer\">\r\n\t\t\t\t\t\t<div class=\"faq-item-answer-text\"><p>Soci\u00e9t\u00e9 Elfsight propose une solution SaaS qui permet aux propri\u00e9taires de sites de cr\u00e9er vous-m\u00eame une application de flux Twitter. D\u00e9couvrez \u00e0 quel point c&rsquo;est simple\u00a0:<\/p><ul><li>Acc\u00e9dez \u00e0 l&rsquo;\u00e9diteur en ligne pour cr\u00e9er un widget de flux Twitter que vous aimeriez voir sur votre Jimdo. page d&rsquo;accueil.<\/li><li>Choisissez l&rsquo;un de nos mod\u00e8les pr\u00e9d\u00e9finis et modifiez les param\u00e8tres du flux Twitter, ajoutez votre contenu, modifiez la mise en page et les couleurs sans aucune comp\u00e9tence en codage.<\/li><li>Cliquez pour enregistrer le flux Twitter et copiez le code du plugin pour l&rsquo;int\u00e9gration, qui peut \u00eatre ajout\u00e9 \u00e0 n&rsquo;importe quel site Web Jimdo sans avoir besoin d&rsquo;acheter une version payante.<\/li><\/ul><p>Avec l&rsquo;aide de l&rsquo;\u00e9diteur facile \u00e0 utiliser, chaque utilisateur Web peut g\u00e9n\u00e9rer Twitter Plugin d&rsquo;alimentation en ligne et ajout facile au site Jimdo. Il n&rsquo;est pas n\u00e9cessaire de payer ou de soumettre les donn\u00e9es de votre carte pour acc\u00e9der au service Elfsight. Si vous rencontrez des probl\u00e8mes \u00e0 une \u00e9tape quelconque, veuillez contacter notre \u00e9quipe d&rsquo;assistance.<\/p><\/div>\r\n\t\t\t\t\t<\/div>\r\n\t\t\t\t<\/div><\/div>","protected":false},"excerpt":{"rendered":"","protected":false},"author":9,"featured_media":0,"parent":1058,"menu_order":0,"comment_status":"closed","ping_status":"closed","template":"templates\/template-application-platform.php","meta":{"publish_to_discourse":"","publish_post_category":"","wpdc_auto_publish_overridden":"","wpdc_topic_tags":"","wpdc_pin_topic":"","wpdc_pin_until":"","discourse_post_id":"","discourse_permalink":"","wpdc_publishing_response":"","wpdc_publishing_error":"","footnotes":""},"class_list":["post-10805","page","type-page","status-publish","hentry"],"yoast_head":"<!-- This site is optimized with the Yoast SEO plugin v25.3.1 - https:\/\/yoast.com\/wordpress\/plugins\/seo\/ -->\n<title>Le meilleur plugin de flux Twitter pour le site Jimdo (2025)<\/title>\n<meta name=\"description\" content=\"Concevez un widget de flux Twitter pour Jimdo et affichez-le sur un site Web. Configurateur gratuit, assistance professionnelle et plus d&#039;extras d&#039;Elfsight\u00a0!\" \/>\n<meta name=\"robots\" content=\"index, follow, max-snippet:-1, max-image-preview:large, max-video-preview:-1\" \/>\n<link rel=\"canonical\" href=\"https:\/\/elfsight.com\/fr\/twitter-feed-widget\/jimdo\/\" \/>\n<meta property=\"og:locale\" content=\"fr_FR\" \/>\n<meta property=\"og:type\" content=\"article\" \/>\n<meta property=\"og:title\" content=\"Le meilleur plugin de flux Twitter pour le site Jimdo (2025)\" \/>\n<meta property=\"og:description\" content=\"Concevez un widget de flux Twitter pour Jimdo et affichez-le sur un site Web. Configurateur gratuit, assistance professionnelle et plus d&#039;extras d&#039;Elfsight\u00a0!\" \/>\n<meta property=\"og:url\" content=\"https:\/\/elfsight.com\/fr\/twitter-feed-widget\/jimdo\/\" \/>\n<meta property=\"og:site_name\" content=\"Elfsight FR\" \/>\n<meta property=\"article:modified_time\" content=\"2025-07-10T14:02:13+00:00\" \/>\n<meta name=\"twitter:card\" content=\"summary_large_image\" \/>\n<meta name=\"twitter:label1\" content=\"Dur\u00e9e de lecture estim\u00e9e\" \/>\n\t<meta name=\"twitter:data1\" content=\"3 minutes\" \/>\n<!-- \/ Yoast SEO plugin. -->","yoast_head_json":{"title":"Le meilleur plugin de flux Twitter pour le site Jimdo (2025)","description":"Concevez un widget de flux Twitter pour Jimdo et affichez-le sur un site Web. Configurateur gratuit, assistance professionnelle et plus d'extras d'Elfsight\u00a0!","robots":{"index":"index","follow":"follow","max-snippet":"max-snippet:-1","max-image-preview":"max-image-preview:large","max-video-preview":"max-video-preview:-1"},"canonical":"https:\/\/elfsight.com\/fr\/twitter-feed-widget\/jimdo\/","og_locale":"fr_FR","og_type":"article","og_title":"Le meilleur plugin de flux Twitter pour le site Jimdo (2025)","og_description":"Concevez un widget de flux Twitter pour Jimdo et affichez-le sur un site Web. Configurateur gratuit, assistance professionnelle et plus d'extras d'Elfsight\u00a0!","og_url":"https:\/\/elfsight.com\/fr\/twitter-feed-widget\/jimdo\/","og_site_name":"Elfsight FR","article_modified_time":"2025-07-10T14:02:13+00:00","twitter_card":"summary_large_image","twitter_misc":{"Dur\u00e9e de lecture estim\u00e9e":"3 minutes"},"schema":{"@context":"https:\/\/schema.org","@graph":[{"@type":"WebPage","@id":"https:\/\/elfsight.com\/fr\/twitter-feed-widget\/jimdo\/","url":"https:\/\/elfsight.com\/fr\/twitter-feed-widget\/jimdo\/","name":"Le meilleur plugin de flux Twitter pour le site Jimdo (2025)","isPartOf":{"@id":"https:\/\/elfsight.com\/fr\/#website"},"datePublished":"1970-01-01T00:00:00+00:00","dateModified":"2025-07-10T14:02:13+00:00","description":"Concevez un widget de flux Twitter pour Jimdo et affichez-le sur un site Web. Configurateur gratuit, assistance professionnelle et plus d'extras d'Elfsight\u00a0!","breadcrumb":{"@id":"https:\/\/elfsight.com\/fr\/twitter-feed-widget\/jimdo\/#breadcrumb"},"inLanguage":"fr-FR","potentialAction":[{"@type":"ReadAction","target":["https:\/\/elfsight.com\/fr\/twitter-feed-widget\/jimdo\/"]}]},{"@type":"BreadcrumbList","@id":"https:\/\/elfsight.com\/fr\/twitter-feed-widget\/jimdo\/#breadcrumb","itemListElement":[{"@type":"ListItem","position":1,"name":"Home","item":"https:\/\/elfsight.com\/fr\/"},{"@type":"ListItem","position":2,"name":"Twitter Feed","item":"https:\/\/elfsight.com\/fr\/twitter-feed-widget\/"},{"@type":"ListItem","position":3,"name":"Twitter Feed &#8211; Jimdo"}]},{"@type":"WebSite","@id":"https:\/\/elfsight.com\/fr\/#website","url":"https:\/\/elfsight.com\/fr\/","name":"Elfsight FR","description":"","potentialAction":[{"@type":"SearchAction","target":{"@type":"EntryPoint","urlTemplate":"https:\/\/elfsight.com\/fr\/?s={search_term_string}"},"query-input":{"@type":"PropertyValueSpecification","valueRequired":true,"valueName":"search_term_string"}}],"inLanguage":"fr-FR"}]}},"meta_box":{"industry":"","seo_heading":"","heading":"","description":"","cta_heading":"","cta_description":"","application":"1057","h1":"Widget de flux Twitter Jimdo","h1_caption":"Int\u00e9grez des tweets depuis votre compte Twitter ou par hashtag pour tenir vos visiteurs inform\u00e9s du contenu en temps r\u00e9el sur votre site Web Jimdo sans effort.","application_category":[],"applications_title":"","applications_request_title":"","applications_request_button_text":"","hero_text":"","hero_video":"","hero_video_schema_markup":"","selling_points_title":"","selling_points_caption":"","selling_points":[],"selling_points_cta_text":"","features_title":"","features":"","ed_cta_examples_text":"","ed_cta_examples_hidden":"","ed_cta_demo_text":"","ed_cta_demo_hidden":"","why_caption":"","why_editor_title":"","why_editor_text":"","why_team_title":"","why_team_text":"","why_service_title":"","why_service_text":"","template_catalog_visible":"","template_catalog_title":"","template_catalog_text":"","template_catalog_categories_visible":"","demo_title":"Cr\u00e9ez votre widget de flux Twitter","demo_caption":"Configurez votre flux Twitter et ajoutez-le gratuitement \u00e0 votre site Jimdo !","default_faq_hidden":"","app_template_category":[],"platform":"372","template_public_id":"","codecanyon_url":"","codecanyon_item_id":"","codecanyon_price":"","pricing_caption":"","pricing_elfsight_apps_hide_column":"","pricing_elfsight_apps_url":"","pricing_codecanyon_price_caption":"","integration_category":[],"integration_request_title":"","integration_request_cta":"","integration_platform":"","integrations":[],"platform_category":[],"video_schema_markup":"","price":"\u00e0 partir de 0$ \/ mois","trial":"","benefits":[{"text":"Service d'installation gratuit"},{"text":"Service client professionnel"},{"text":"Garantie de remboursement de 14 jours"},{"text":"Mises \u00e0 jour continues"}],"button_url":"","button_target_blank":"","button_nofollow":"","attributes":[{"name":"Installations","content":"10,000 - 100,000"},{"name":"Sensible","content":"Oui"},{"name":"Navigateurs compatibles","content":"Firefox, Safari, Opera, Chrome, Edge"}],"tags":[],"tags_disable_links":"","hide_more_platforms":"","video_object":"","demo_hide_cta":"","demo_hide_cloud_options":"","pricing_title":"","pricing":[{"pricing_icon":"platform","pricing_title":"Elfsight Apps","pricing_title_caption":"Version multiplateforme","pricing_price":"from $0 \/ month","pricing_price_caption":"commencez avec un forfait gratuit","pricing_benefits":[{"text":"Nombre illimit\u00e9 de sites Web"},{"text":"Support client d\u00e9di\u00e9"},{"text":"Aide \u00e0 l'installation gratuite"},{"text":"100% personnalisable"}],"pricing_button_text":"Ajouter au site Web","pricing_button_url":"#demo"}],"related_apps_title":"","related_apps_hidden":"","author":"","image":[],"title":"","job":"","social_networks":[]},"_links":{"self":[{"href":"https:\/\/elfsight.com\/fr\/wp-json\/wp\/v2\/pages\/10805","targetHints":{"allow":["GET"]}}],"collection":[{"href":"https:\/\/elfsight.com\/fr\/wp-json\/wp\/v2\/pages"}],"about":[{"href":"https:\/\/elfsight.com\/fr\/wp-json\/wp\/v2\/types\/page"}],"author":[{"embeddable":true,"href":"https:\/\/elfsight.com\/fr\/wp-json\/wp\/v2\/users\/9"}],"replies":[{"embeddable":true,"href":"https:\/\/elfsight.com\/fr\/wp-json\/wp\/v2\/comments?post=10805"}],"version-history":[{"count":1,"href":"https:\/\/elfsight.com\/fr\/wp-json\/wp\/v2\/pages\/10805\/revisions"}],"predecessor-version":[{"id":10809,"href":"https:\/\/elfsight.com\/fr\/wp-json\/wp\/v2\/pages\/10805\/revisions\/10809"}],"up":[{"embeddable":true,"href":"https:\/\/elfsight.com\/fr\/wp-json\/wp\/v2\/pages\/1058"}],"wp:attachment":[{"href":"https:\/\/elfsight.com\/fr\/wp-json\/wp\/v2\/media?parent=10805"}],"curies":[{"name":"wp","href":"https:\/\/api.w.org\/{rel}","templated":true}]}}