{"id":10802,"date":"1970-01-01T00:00:00","date_gmt":"1970-01-01T00:00:00","guid":{"rendered":"https:\/\/elfsight.com\/fr\/?page_id=10802"},"modified":"2025-07-10T13:59:08","modified_gmt":"2025-07-10T13:59:08","slug":"blogger","status":"publish","type":"page","link":"https:\/\/elfsight.com\/fr\/tumblr-feed-widget\/blogger\/","title":{"rendered":"Tumblr Feed &#8211; Blogger"},"content":{"rendered":"<div class=\"application-platform-content-item-description application-platform-content-item\" id=\"description\" data-nav-section=\"description\"> <h2>Description<\/h2> <p>Elfsight Tumblr Feed for Blogger est un plugin exclusif permettant de cr\u00e9er votre flux individualis\u00e9 compos\u00e9 du contenu Tumblr et de le pr\u00e9senter. directement sur votre site. Cr\u00e9ez une galerie ou publiez un slider en 1-2-3\u00a0! Exercez un contr\u00f4le total sur un contenu d\u00e9montr\u00e9 et supprimez le spam et tout contenu involontaire en appliquant une mod\u00e9ration manuelle. Le configurateur en ligne totalement r\u00e9actif vous propose de nombreux mod\u00e8les \u00e0 choisir. <\/p> <p><b>Pr\u00e9sentez le meilleur contenu Tumblr pour impliquer les utilisateurs de votre site Web et toucher plus de personnes<\/b><\/p> <\/div> <div class=\"application-platform-content-item-features application-platform-content-item\" id=\"features\" data-nav-section=\"features\"> <h2>Ce sont juste quelques-unes des multiples fonctionnalit\u00e9s du widget\u00a0: <\/h2> <ul><li>Affichez le contenu des r\u00e9seaux sociaux de Tumblr<\/li><li>Supprimez tout spam et contenu r\u00e9ticent via la mod\u00e9ration manuelle. <\/li><li>Installez le bouton Suivre sur le flux du widget. <\/li><li>Affichez vos publications dans un mode pop-up. <\/li><\/ul><p><a href=\"#demo\">Vous pouvez essayer toutes les fonctionnalit\u00e9s du widget dans la d\u00e9mo <\/a><\/p> <\/div> <div class=\"application-platform-content-item-installation  application-platform-content-item\" id=\"installation \" data-nav-section=\"installation \"> <h2>Comment puis-je int\u00e9grer le flux Tumblr dans mon site Web Blogger\u00a0? <\/h2> <p>Suivez simplement les \u00e9tapes indiqu\u00e9es ci-dessous pour int\u00e9grer l&rsquo;outil. <\/p> <ol><li><b>Lancez notre configurateur gratuit et commencez \u00e0 fa\u00e7onner votre widget personnalis\u00e9. <\/b><br> D\u00e9terminez l&rsquo;interface souhaitable et les caract\u00e9ristiques fonctionnelles du widget et appliquez les modifications. <\/li> <li><b>Acqu\u00e9rir le code individuel affich\u00e9 dans la case sur les applications Elfsight. <\/b><br> Juste apr\u00e8s la personnalisation de votre widget, copiez le code individuel dans la case qui appara\u00eet et conservez-le pour une occasion future. <\/li> <li><b>Commencez \u00e0 utiliser le plug-in sur votre site Blogger. <\/b><br> Ins\u00e9rez le code que vous avez enregistr\u00e9 r\u00e9cemment dans votre page et enregistrez les modifications. <\/li> <li><b>L&rsquo;installation s&rsquo;est termin\u00e9e avec succ\u00e8s. <\/b><br> Acc\u00e9dez \u00e0 votre page pour voir en action comment fonctionne l&rsquo;outil. <\/li><\/ol> <p>Si vous \u00eates confront\u00e9 \u00e0 des questions ou rencontrez des probl\u00e8mes, n&rsquo;h\u00e9sitez pas \u00e0 contacter notre \u00e9quipe d&rsquo;assistance. Nos sp\u00e9cialistes ont h\u00e2te de r\u00e9soudre toutes les questions que vous pourriez vous poser avec le widget. <\/p> <\/div><div class=\"faq\" data-component=\"FAQ\"><div class=\"faq-item\">\r\n\t\t\t\t\t<div class=\"faq-item-question\">\r\n\t\t\t\t\t\t<h3 class=\"faq-item-question-text\">De quelle mani\u00e8re est-il possible d'int\u00e9grer le flux Tumblr \u00e0 ma page d'accueil Blogger sans codage ?<\/h3>\r\n\r\n\t\t\t\t\t\t<div class=\"faq-item-question-icon\"><\/div>\r\n\t\t\t\t\t<\/div>\r\n\r\n\t\t\t\t\t<div class=\"faq-item-answer\">\r\n\t\t\t\t\t\t<div class=\"faq-item-answer-text\"><p>Soci\u00e9t\u00e9 Elfsight pr\u00e9sente une solution qui vous permet de cr\u00e9er vous-m\u00eame un plugin de flux Tumblr. Voyez \u00e0 quel point c&rsquo;est simple\u00a0:<\/p><ul><li>Travailler dans la d\u00e9mo en ligne pour cr\u00e9er un plugin de flux Tumblr que vous souhaitez int\u00e9grer sur votre site Blogger. <\/li><li>Choisissez l&rsquo;un des mod\u00e8les pr\u00e9d\u00e9finis et ajustez les param\u00e8tres du flux Tumblr, incluez votre contenu, changez la mise en page et le jeu de couleurs sans exp\u00e9rience de codage.<\/li><li>Enregistrez les param\u00e8tres que vous avez d\u00e9finis. \u00e0 Tumblr Feed et obtenez le code d&rsquo;installation du plugin, qui peut \u00eatre facilement inclus dans le site Blogger sans acheter d&rsquo;abonnement payant.<\/li><\/ul><p>Avec l&rsquo;\u00e9diteur intuitif, chaque utilisateur Web peut cr\u00e9er le plugin Tumblr Feed et l&rsquo;ajouter simplement. sur le site Blogger. Il n&rsquo;est pas n\u00e9cessaire de payer ou de divulguer les informations d&rsquo;identification de votre carte pour acc\u00e9der \u00e0 Elfsight Editor. Si vous rencontrez des obstacles \u00e0 une \u00e9tape quelconque, veuillez contacter notre support technique client.<\/p><\/div>\r\n\t\t\t\t\t<\/div>\r\n\t\t\t\t<\/div><\/div>","protected":false},"excerpt":{"rendered":"","protected":false},"author":9,"featured_media":0,"parent":3457,"menu_order":0,"comment_status":"closed","ping_status":"closed","template":"templates\/template-application-platform.php","meta":{"publish_to_discourse":"","publish_post_category":"","wpdc_auto_publish_overridden":"","wpdc_topic_tags":"","wpdc_pin_topic":"","wpdc_pin_until":"","discourse_post_id":"","discourse_permalink":"","wpdc_publishing_response":"","wpdc_publishing_error":"","footnotes":""},"class_list":["post-10802","page","type-page","status-publish","hentry"],"yoast_head":"<!-- This site is optimized with the Yoast SEO plugin v25.3.1 - https:\/\/yoast.com\/wordpress\/plugins\/seo\/ -->\n<title>Ajoutez le widget Tumblr Feed au site Web Blogger (rapide et gratuit)<\/title>\n<meta name=\"description\" content=\"Int\u00e9grez le plugin Blogger Tumblr Feed sur votre site Web. Essayez la d\u00e9mo pratique d&#039;Elfsight et cr\u00e9ez votre fascinant widget Tumblr en quelques clics\" \/>\n<meta name=\"robots\" content=\"index, follow, max-snippet:-1, max-image-preview:large, max-video-preview:-1\" \/>\n<link rel=\"canonical\" href=\"https:\/\/elfsight.com\/fr\/tumblr-feed-widget\/blogger\/\" \/>\n<meta property=\"og:locale\" content=\"fr_FR\" \/>\n<meta property=\"og:type\" content=\"article\" \/>\n<meta property=\"og:title\" content=\"Ajoutez le widget Tumblr Feed au site Web Blogger (rapide et gratuit)\" \/>\n<meta property=\"og:description\" content=\"Int\u00e9grez le plugin Blogger Tumblr Feed sur votre site Web. Essayez la d\u00e9mo pratique d&#039;Elfsight et cr\u00e9ez votre fascinant widget Tumblr en quelques clics\" \/>\n<meta property=\"og:url\" content=\"https:\/\/elfsight.com\/fr\/tumblr-feed-widget\/blogger\/\" \/>\n<meta property=\"og:site_name\" content=\"Elfsight FR\" \/>\n<meta property=\"article:modified_time\" content=\"2025-07-10T13:59:08+00:00\" \/>\n<meta name=\"twitter:card\" content=\"summary_large_image\" \/>\n<meta name=\"twitter:label1\" content=\"Dur\u00e9e de lecture estim\u00e9e\" \/>\n\t<meta name=\"twitter:data1\" content=\"3 minutes\" \/>\n<!-- \/ Yoast SEO plugin. -->","yoast_head_json":{"title":"Ajoutez le widget Tumblr Feed au site Web Blogger (rapide et gratuit)","description":"Int\u00e9grez le plugin Blogger Tumblr Feed sur votre site Web. Essayez la d\u00e9mo pratique d'Elfsight et cr\u00e9ez votre fascinant widget Tumblr en quelques clics","robots":{"index":"index","follow":"follow","max-snippet":"max-snippet:-1","max-image-preview":"max-image-preview:large","max-video-preview":"max-video-preview:-1"},"canonical":"https:\/\/elfsight.com\/fr\/tumblr-feed-widget\/blogger\/","og_locale":"fr_FR","og_type":"article","og_title":"Ajoutez le widget Tumblr Feed au site Web Blogger (rapide et gratuit)","og_description":"Int\u00e9grez le plugin Blogger Tumblr Feed sur votre site Web. Essayez la d\u00e9mo pratique d'Elfsight et cr\u00e9ez votre fascinant widget Tumblr en quelques clics","og_url":"https:\/\/elfsight.com\/fr\/tumblr-feed-widget\/blogger\/","og_site_name":"Elfsight FR","article_modified_time":"2025-07-10T13:59:08+00:00","twitter_card":"summary_large_image","twitter_misc":{"Dur\u00e9e de lecture estim\u00e9e":"3 minutes"},"schema":{"@context":"https:\/\/schema.org","@graph":[{"@type":"WebPage","@id":"https:\/\/elfsight.com\/fr\/tumblr-feed-widget\/blogger\/","url":"https:\/\/elfsight.com\/fr\/tumblr-feed-widget\/blogger\/","name":"Ajoutez le widget Tumblr Feed au site Web Blogger (rapide et gratuit)","isPartOf":{"@id":"https:\/\/elfsight.com\/fr\/#website"},"datePublished":"1970-01-01T00:00:00+00:00","dateModified":"2025-07-10T13:59:08+00:00","description":"Int\u00e9grez le plugin Blogger Tumblr Feed sur votre site Web. Essayez la d\u00e9mo pratique d'Elfsight et cr\u00e9ez votre fascinant widget Tumblr en quelques clics","breadcrumb":{"@id":"https:\/\/elfsight.com\/fr\/tumblr-feed-widget\/blogger\/#breadcrumb"},"inLanguage":"fr-FR","potentialAction":[{"@type":"ReadAction","target":["https:\/\/elfsight.com\/fr\/tumblr-feed-widget\/blogger\/"]}]},{"@type":"BreadcrumbList","@id":"https:\/\/elfsight.com\/fr\/tumblr-feed-widget\/blogger\/#breadcrumb","itemListElement":[{"@type":"ListItem","position":1,"name":"Home","item":"https:\/\/elfsight.com\/fr\/"},{"@type":"ListItem","position":2,"name":"Tumblr Feed","item":"https:\/\/elfsight.com\/fr\/tumblr-feed-widget\/"},{"@type":"ListItem","position":3,"name":"Tumblr Feed &#8211; Blogger"}]},{"@type":"WebSite","@id":"https:\/\/elfsight.com\/fr\/#website","url":"https:\/\/elfsight.com\/fr\/","name":"Elfsight FR","description":"","potentialAction":[{"@type":"SearchAction","target":{"@type":"EntryPoint","urlTemplate":"https:\/\/elfsight.com\/fr\/?s={search_term_string}"},"query-input":{"@type":"PropertyValueSpecification","valueRequired":true,"valueName":"search_term_string"}}],"inLanguage":"fr-FR"}]}},"meta_box":{"industry":"","seo_heading":"","heading":"","description":"","cta_heading":"","cta_description":"","application":"3456","h1":"Widget de flux Tumblr Blogger","h1_caption":"Affichez les articles de votre blog tumblr sur votre site Web pour tenir les visiteurs inform\u00e9s de votre dernier contenu sur votre site Web Blogger sans effort.","application_category":[],"applications_title":"","applications_request_title":"","applications_request_button_text":"","hero_text":"","hero_video":"","hero_video_schema_markup":"","selling_points_title":"","selling_points_caption":"","selling_points":[],"selling_points_cta_text":"","features_title":"","features":"","ed_cta_examples_text":"","ed_cta_examples_hidden":"","ed_cta_demo_text":"","ed_cta_demo_hidden":"","why_caption":"","why_editor_title":"","why_editor_text":"","why_team_title":"","why_team_text":"","why_service_title":"","why_service_text":"","template_catalog_visible":"","template_catalog_title":"","template_catalog_text":"","template_catalog_categories_visible":"","demo_title":"Cr\u00e9ez votre widget de flux Tumblr","demo_caption":"Configurez votre flux Tumblr et ajoutez-le gratuitement \u00e0 votre site Web Blogger\u00a0!","default_faq_hidden":"","app_template_category":[],"platform":"348","template_public_id":"","codecanyon_url":"","codecanyon_item_id":"","codecanyon_price":"","pricing_caption":"","pricing_elfsight_apps_hide_column":"","pricing_elfsight_apps_url":"","pricing_codecanyon_price_caption":"","integration_category":[],"integration_request_title":"","integration_request_cta":"","integration_platform":"","integrations":[],"platform_category":[],"video_schema_markup":"","price":"\u00e0 partir de 0$ \/ mois","trial":"","benefits":[{"text":"Assistance \u00e0 l'installation gratuite"},{"text":"Service client comp\u00e9tent"},{"text":"Garantie de remboursement de 14 jours"},{"text":"D\u00e9veloppement continu"}],"button_url":"","button_target_blank":"","button_nofollow":"","attributes":[{"name":"Installations","content":"10,000 - 100,000"},{"name":"Sensible","content":"Oui"},{"name":"Navigateurs compatibles","content":"Firefox, Safari, Opera, Chrome, Edge"}],"tags":[],"tags_disable_links":"","hide_more_platforms":"","video_object":"","demo_hide_cta":"","demo_hide_cloud_options":"","pricing_title":"","pricing":[{"pricing_icon":"platform","pricing_title":"Elfsight Apps","pricing_title_caption":"Solution num\u00e9rique ind\u00e9pendante de la plateforme","pricing_price":"from $0 \/ month","pricing_price_caption":"commencez avec un forfait gratuit","pricing_benefits":[{"text":"Domaines illimit\u00e9s"},{"text":"Support client 24h\/24 et 7j\/7 et bien document\u00e9"},{"text":"Assistance \u00e0 l'installation gratuite"},{"text":"Enti\u00e8rement personnalisable"}],"pricing_button_text":"Ajouter au site Web","pricing_button_url":"#demo"}],"related_apps_title":"","related_apps_hidden":"","author":"","image":[],"title":"","job":"","social_networks":[]},"_links":{"self":[{"href":"https:\/\/elfsight.com\/fr\/wp-json\/wp\/v2\/pages\/10802","targetHints":{"allow":["GET"]}}],"collection":[{"href":"https:\/\/elfsight.com\/fr\/wp-json\/wp\/v2\/pages"}],"about":[{"href":"https:\/\/elfsight.com\/fr\/wp-json\/wp\/v2\/types\/page"}],"author":[{"embeddable":true,"href":"https:\/\/elfsight.com\/fr\/wp-json\/wp\/v2\/users\/9"}],"replies":[{"embeddable":true,"href":"https:\/\/elfsight.com\/fr\/wp-json\/wp\/v2\/comments?post=10802"}],"version-history":[{"count":1,"href":"https:\/\/elfsight.com\/fr\/wp-json\/wp\/v2\/pages\/10802\/revisions"}],"predecessor-version":[{"id":10806,"href":"https:\/\/elfsight.com\/fr\/wp-json\/wp\/v2\/pages\/10802\/revisions\/10806"}],"up":[{"embeddable":true,"href":"https:\/\/elfsight.com\/fr\/wp-json\/wp\/v2\/pages\/3457"}],"wp:attachment":[{"href":"https:\/\/elfsight.com\/fr\/wp-json\/wp\/v2\/media?parent=10802"}],"curies":[{"name":"wp","href":"https:\/\/api.w.org\/{rel}","templated":true}]}}