{"id":10797,"date":"1970-01-01T00:00:00","date_gmt":"1970-01-01T00:00:00","guid":{"rendered":"https:\/\/elfsight.com\/fr\/?page_id=10797"},"modified":"2025-07-10T13:59:13","modified_gmt":"2025-07-10T13:59:13","slug":"drupal","status":"publish","type":"page","link":"https:\/\/elfsight.com\/fr\/tumblr-feed-widget\/drupal\/","title":{"rendered":"Tumblr Feed &#8211; Drupal"},"content":{"rendered":"<div class=\"application-platform-content-item-description application-platform-content-item\" id=\"description\" data-nav-section=\"description\"> <h2>Description<\/h2> <p>Elfsight Tumblr Feed pour Drupal est un instrument sp\u00e9cial pour cr\u00e9er votre flux personnalis\u00e9 compos\u00e9 des sources Tumblr et afficher directement sur votre site. Cr\u00e9ez une galerie ou un slider de publications en quelques minutes\u00a0! Exercez un contr\u00f4le complet sur un contenu d\u00e9montr\u00e9 et \u00e9liminez le spam et tout contenu ind\u00e9sirable en appliquant une mod\u00e9ration manuelle. L&rsquo;\u00e9diteur en ligne enti\u00e8rement r\u00e9actif vous propose plusieurs mod\u00e8les \u00e0 choisir. <\/p> <p><b>D\u00e9montrez le contenu Tumblr le plus brillant pour impliquer les utilisateurs de votre site Web et toucher plus de personnes<\/b><\/p> <\/div> <div class=\"application-platform-content-item-features application-platform-content-item\" id=\"features\" data-nav-section=\"features\"> <h2>Voici principales fonctionnalit\u00e9s du module\u00a0: <\/h2> <ul><li>Affichez votre contenu depuis Tumblr<\/li><li>Supprimez tout spam et contenu ind\u00e9sirable avec le mode de mod\u00e9ration manuelle. <\/li><li>D\u00e9finissez le bouton Suivre sur les cartes de widgets. <\/li><li>Faites en sorte que vos messages soient affich\u00e9s dans une fen\u00eatre contextuelle. <\/li><\/ul><p><a href=\"#demo\">Essayez toutes les options de personnalisation dans la d\u00e9mo compl\u00e8te<\/a><\/p> <\/div> <div class=\"application-platform-content-item-installation application-platform-content-item\" id=\"installation\" data-nav-section=\"installation\"> <h2>Comment ajouter le flux Tumblr \u00e0 mon site Web Drupal\u00a0? <\/h2> <p>Suivez simplement les instructions ci-dessous pour commencer \u00e0 utiliser le widget. <\/p> <ol><li><b>Utilisez notre configurateur gratuit et commencez \u00e0 fa\u00e7onner votre module personnalis\u00e9. <\/b><br> Trouvez la forme et les options pr\u00e9f\u00e9rables du plugin et enregistrez les corrections. <\/li> <li><b>Recevez votre code personnel apparaissant dans l&rsquo;encadr\u00e9 sur Elfsight Apps. <\/b><br> Une fois la mise en place de votre outil termin\u00e9e, copiez le code individuel dans la case qui appara\u00eet et conservez-le pour une utilisation ult\u00e9rieure. <\/li> <li><b>Commencez \u00e0 utiliser le plugin sur le site Drupal. <\/b><br> Ajoutez le code copi\u00e9 auparavant dans votre site Web et enregistrez les modifications. <\/li> <li><b>Vous avez termin\u00e9\u00a0! L&rsquo;int\u00e9gration est pleinement r\u00e9alis\u00e9e. <\/b><br> Visitez votre site Web pour voir le travail du widget. <\/li><\/ol> <p>Si vous faites face \u00e0 des demandes de renseignements ou \u00e0 des difficult\u00e9s, n&rsquo;h\u00e9sitez pas \u00e0 demander de l&rsquo;aide \u00e0 notre \u00e9quipe d&rsquo;assistance. Nos consultants seront ravis de vous aider avec toutes les questions que vous pourriez avoir avec le plugin. <\/p> <\/div><div class=\"faq\" data-component=\"FAQ\"><div class=\"faq-item\">\r\n\t\t\t\t\t<div class=\"faq-item-question\">\r\n\t\t\t\t\t\t<h3 class=\"faq-item-question-text\">De quelle mani\u00e8re est-il possible d'ajouter un flux Tumblr \u00e0 ma page d'accueil Drupal sans codage ?<\/h3>\r\n\r\n\t\t\t\t\t\t<div class=\"faq-item-question-icon\"><\/div>\r\n\t\t\t\t\t<\/div>\r\n\r\n\t\t\t\t\t<div class=\"faq-item-answer\">\r\n\t\t\t\t\t\t<div class=\"faq-item-answer-text\"><p>Soci\u00e9t\u00e9 Elfsight propose une solution qui permet aux propri\u00e9taires de sites de cr\u00e9er vous-m\u00eame une section de flux Tumblr. V\u00e9rifiez \u00e0 quel point c&rsquo;est simple\u00a0:<\/p><ul><li>Travailler directement dans l&rsquo;\u00e9diteur en ligne pour cr\u00e9er une application de flux Tumblr que vous aimeriez voir sur votre Drupal. .<\/li><li>Choisissez l&rsquo;un de nos mod\u00e8les pr\u00eats \u00e0 l&#8217;emploi et ajustez les param\u00e8tres du flux Tumblr, ajoutez votre contenu, changez la mise en page et les couleurs sans aucune connaissance en codage.<\/li><li>Enregistrez le flux Tumblr et obtenez le code du widget pour l&rsquo;installation, qui peut \u00eatre facilement inclus dans votre page d&rsquo;accueil Drupal \u00e0 l&rsquo;aide d&rsquo;un forfait gratuit.<\/li><\/ul><p>Gr\u00e2ce \u00e0 notre configurateur convivial, chaque internaute peut cr\u00e9er une application Tumblr Feed et l&rsquo;inclure facilement dans Drupal site. Il n\u2019est pas n\u00e9cessaire d\u2019obtenir un abonnement payant ou de divulguer les informations d\u2019identification de votre carte pour acc\u00e9der \u00e0 notre \u00e9diteur. Si vous rencontrez des probl\u00e8mes \u00e0 n&rsquo;importe quelle \u00e9tape, n&rsquo;h\u00e9sitez pas \u00e0 vous adresser \u00e0 notre \u00e9quipe d&rsquo;assistance.<\/p><\/div>\r\n\t\t\t\t\t<\/div>\r\n\t\t\t\t<\/div><\/div>","protected":false},"excerpt":{"rendered":"","protected":false},"author":9,"featured_media":0,"parent":3457,"menu_order":0,"comment_status":"closed","ping_status":"closed","template":"templates\/template-application-platform.php","meta":{"publish_to_discourse":"","publish_post_category":"","wpdc_auto_publish_overridden":"","wpdc_topic_tags":"","wpdc_pin_topic":"","wpdc_pin_until":"","discourse_post_id":"","discourse_permalink":"","wpdc_publishing_response":"","wpdc_publishing_error":"","footnotes":""},"class_list":["post-10797","page","type-page","status-publish","hentry"],"yoast_head":"<!-- This site is optimized with the Yoast SEO plugin v25.3.1 - https:\/\/yoast.com\/wordpress\/plugins\/seo\/ -->\n<title>Ajoutez le widget Tumblr Feed au site Web Adobe Muse (rapide et gratuit)<\/title>\n<meta name=\"description\" content=\"Int\u00e9grez un module Drupal Tumblr Feed sur votre page. Essayez la d\u00e9mo pratique d&#039;Elfsight et cr\u00e9ez votre fascinant module Tumblr en seulement trois clics\" \/>\n<meta name=\"robots\" content=\"index, follow, max-snippet:-1, max-image-preview:large, max-video-preview:-1\" \/>\n<link rel=\"canonical\" href=\"https:\/\/elfsight.com\/fr\/tumblr-feed-widget\/drupal\/\" \/>\n<meta property=\"og:locale\" content=\"fr_FR\" \/>\n<meta property=\"og:type\" content=\"article\" \/>\n<meta property=\"og:title\" content=\"Ajoutez le widget Tumblr Feed au site Web Adobe Muse (rapide et gratuit)\" \/>\n<meta property=\"og:description\" content=\"Int\u00e9grez un module Drupal Tumblr Feed sur votre page. Essayez la d\u00e9mo pratique d&#039;Elfsight et cr\u00e9ez votre fascinant module Tumblr en seulement trois clics\" \/>\n<meta property=\"og:url\" content=\"https:\/\/elfsight.com\/fr\/tumblr-feed-widget\/drupal\/\" \/>\n<meta property=\"og:site_name\" content=\"Elfsight FR\" \/>\n<meta property=\"article:modified_time\" content=\"2025-07-10T13:59:13+00:00\" \/>\n<meta name=\"twitter:card\" content=\"summary_large_image\" \/>\n<meta name=\"twitter:label1\" content=\"Dur\u00e9e de lecture estim\u00e9e\" \/>\n\t<meta name=\"twitter:data1\" content=\"3 minutes\" \/>\n<!-- \/ Yoast SEO plugin. -->","yoast_head_json":{"title":"Ajoutez le widget Tumblr Feed au site Web Adobe Muse (rapide et gratuit)","description":"Int\u00e9grez un module Drupal Tumblr Feed sur votre page. Essayez la d\u00e9mo pratique d'Elfsight et cr\u00e9ez votre fascinant module Tumblr en seulement trois clics","robots":{"index":"index","follow":"follow","max-snippet":"max-snippet:-1","max-image-preview":"max-image-preview:large","max-video-preview":"max-video-preview:-1"},"canonical":"https:\/\/elfsight.com\/fr\/tumblr-feed-widget\/drupal\/","og_locale":"fr_FR","og_type":"article","og_title":"Ajoutez le widget Tumblr Feed au site Web Adobe Muse (rapide et gratuit)","og_description":"Int\u00e9grez un module Drupal Tumblr Feed sur votre page. Essayez la d\u00e9mo pratique d'Elfsight et cr\u00e9ez votre fascinant module Tumblr en seulement trois clics","og_url":"https:\/\/elfsight.com\/fr\/tumblr-feed-widget\/drupal\/","og_site_name":"Elfsight FR","article_modified_time":"2025-07-10T13:59:13+00:00","twitter_card":"summary_large_image","twitter_misc":{"Dur\u00e9e de lecture estim\u00e9e":"3 minutes"},"schema":{"@context":"https:\/\/schema.org","@graph":[{"@type":"WebPage","@id":"https:\/\/elfsight.com\/fr\/tumblr-feed-widget\/drupal\/","url":"https:\/\/elfsight.com\/fr\/tumblr-feed-widget\/drupal\/","name":"Ajoutez le widget Tumblr Feed au site Web Adobe Muse (rapide et gratuit)","isPartOf":{"@id":"https:\/\/elfsight.com\/fr\/#website"},"datePublished":"1970-01-01T00:00:00+00:00","dateModified":"2025-07-10T13:59:13+00:00","description":"Int\u00e9grez un module Drupal Tumblr Feed sur votre page. Essayez la d\u00e9mo pratique d'Elfsight et cr\u00e9ez votre fascinant module Tumblr en seulement trois clics","breadcrumb":{"@id":"https:\/\/elfsight.com\/fr\/tumblr-feed-widget\/drupal\/#breadcrumb"},"inLanguage":"fr-FR","potentialAction":[{"@type":"ReadAction","target":["https:\/\/elfsight.com\/fr\/tumblr-feed-widget\/drupal\/"]}]},{"@type":"BreadcrumbList","@id":"https:\/\/elfsight.com\/fr\/tumblr-feed-widget\/drupal\/#breadcrumb","itemListElement":[{"@type":"ListItem","position":1,"name":"Home","item":"https:\/\/elfsight.com\/fr\/"},{"@type":"ListItem","position":2,"name":"Tumblr Feed","item":"https:\/\/elfsight.com\/fr\/tumblr-feed-widget\/"},{"@type":"ListItem","position":3,"name":"Tumblr Feed &#8211; Drupal"}]},{"@type":"WebSite","@id":"https:\/\/elfsight.com\/fr\/#website","url":"https:\/\/elfsight.com\/fr\/","name":"Elfsight FR","description":"","potentialAction":[{"@type":"SearchAction","target":{"@type":"EntryPoint","urlTemplate":"https:\/\/elfsight.com\/fr\/?s={search_term_string}"},"query-input":{"@type":"PropertyValueSpecification","valueRequired":true,"valueName":"search_term_string"}}],"inLanguage":"fr-FR"}]}},"meta_box":{"industry":"","seo_heading":"","heading":"","description":"","cta_heading":"","cta_description":"","application":"3456","h1":"Module de flux Drupal Tumblr","h1_caption":"Affichez les articles de votre blog tumblr sur votre site Web pour tenir les visiteurs inform\u00e9s de votre dernier contenu sur votre site Web Drupal sans effort.","application_category":[],"applications_title":"","applications_request_title":"","applications_request_button_text":"","hero_text":"","hero_video":"","hero_video_schema_markup":"","selling_points_title":"","selling_points_caption":"","selling_points":[],"selling_points_cta_text":"","features_title":"","features":"","ed_cta_examples_text":"","ed_cta_examples_hidden":"","ed_cta_demo_text":"","ed_cta_demo_hidden":"","why_caption":"","why_editor_title":"","why_editor_text":"","why_team_title":"","why_team_text":"","why_service_title":"","why_service_text":"","template_catalog_visible":"","template_catalog_title":"","template_catalog_text":"","template_catalog_categories_visible":"","demo_title":"Cr\u00e9ez votre module de flux Tumblr","demo_caption":"Configurez votre flux Tumblr et ajoutez-le gratuitement \u00e0 votre site Drupal !","default_faq_hidden":"","app_template_category":[],"platform":"351","template_public_id":"","codecanyon_url":"","codecanyon_item_id":"","codecanyon_price":"","pricing_caption":"","pricing_elfsight_apps_hide_column":"","pricing_elfsight_apps_url":"","pricing_codecanyon_price_caption":"","integration_category":[],"integration_request_title":"","integration_request_cta":"","integration_platform":"","integrations":[],"platform_category":[],"video_schema_markup":"","price":"\u00e0 partir de 0$ \/ mois","trial":"","benefits":[{"text":"Service d'installation gratuit"},{"text":"Soutien exceptionnel"},{"text":"Garantie de remboursement de 14 jours"},{"text":"Mise \u00e0 jour constante"}],"button_url":"","button_target_blank":"","button_nofollow":"","attributes":[{"name":"Installations","content":"10,000 - 100,000"},{"name":"Sensible","content":"Oui"},{"name":"Navigateurs compatibles","content":"Firefox, Safari, Opera, Chrome, Edge"}],"tags":[],"tags_disable_links":"","hide_more_platforms":"","video_object":"","demo_hide_cta":"","demo_hide_cloud_options":"","pricing_title":"","pricing":[{"pricing_icon":"platform","pricing_title":"Elfsight Apps","pricing_title_caption":"Solution multiplateforme adapt\u00e9e \u00e0 tous les sites","pricing_price":"from $0 \/ month","pricing_price_caption":"commencez avec un forfait gratuit","pricing_benefits":[{"text":"Domaines illimit\u00e9s"},{"text":"Support client 24h\/24 et 7j\/7 et bien document\u00e9"},{"text":"Aide \u00e0 l'installation gratuite"},{"text":"100% personnalisable"}],"pricing_button_text":"Ajouter au site Web","pricing_button_url":"#demo"}],"related_apps_title":"","related_apps_hidden":"","author":"","image":[],"title":"","job":"","social_networks":[]},"_links":{"self":[{"href":"https:\/\/elfsight.com\/fr\/wp-json\/wp\/v2\/pages\/10797","targetHints":{"allow":["GET"]}}],"collection":[{"href":"https:\/\/elfsight.com\/fr\/wp-json\/wp\/v2\/pages"}],"about":[{"href":"https:\/\/elfsight.com\/fr\/wp-json\/wp\/v2\/types\/page"}],"author":[{"embeddable":true,"href":"https:\/\/elfsight.com\/fr\/wp-json\/wp\/v2\/users\/9"}],"replies":[{"embeddable":true,"href":"https:\/\/elfsight.com\/fr\/wp-json\/wp\/v2\/comments?post=10797"}],"version-history":[{"count":1,"href":"https:\/\/elfsight.com\/fr\/wp-json\/wp\/v2\/pages\/10797\/revisions"}],"predecessor-version":[{"id":10801,"href":"https:\/\/elfsight.com\/fr\/wp-json\/wp\/v2\/pages\/10797\/revisions\/10801"}],"up":[{"embeddable":true,"href":"https:\/\/elfsight.com\/fr\/wp-json\/wp\/v2\/pages\/3457"}],"wp:attachment":[{"href":"https:\/\/elfsight.com\/fr\/wp-json\/wp\/v2\/media?parent=10797"}],"curies":[{"name":"wp","href":"https:\/\/api.w.org\/{rel}","templated":true}]}}