{"id":10795,"date":"1970-01-01T00:00:00","date_gmt":"1970-01-01T00:00:00","guid":{"rendered":"https:\/\/elfsight.com\/fr\/?page_id=10795"},"modified":"2025-07-10T13:59:20","modified_gmt":"2025-07-10T13:59:20","slug":"elementor","status":"publish","type":"page","link":"https:\/\/elfsight.com\/fr\/tumblr-feed-widget\/elementor\/","title":{"rendered":"Tumblr Feed &#8211; Elementor"},"content":{"rendered":"<div class=\"application-platform-content-item-description application-platform-content-item\" id=\"description\" data-nav-section=\"description\"> <h2>Int\u00e9grer le flux Tumblr sur Elementor avec le widget Elfsight<\/h2> <p>Le flux Tumblr Elfsight pour Elementor est un widget exclusif pour cr\u00e9er votre personnalisation flux compos\u00e9 du r\u00e9seau Tumblr et l&rsquo;affichant directement sur votre site web. Cr\u00e9ez une galerie ou un slider de publications en quelques minutes\u00a0! Exercez le contr\u00f4le total sur un contenu d\u00e9montr\u00e9 et d\u00e9barrassez-vous du spam et de tout contenu involontaire gr\u00e2ce \u00e0 la mod\u00e9ration manuelle. L&rsquo;\u00e9diteur en ligne totalement r\u00e9actif vous propose des mod\u00e8les vari\u00e9s \u00e0 s\u00e9lectionner. <\/p> <p><b>R\u00e9v\u00e9lez le contenu Tumblr le plus brillant pour enthousiasmer vos utilisateurs et toucher plus de personnes<\/b><\/p> <\/div> <div class=\"application-platform-content-item-features application-platform-content-item\" id=\"features\" data-nav-section=\"features\"> <h2>Les plus populaires les fonctionnalit\u00e9s du widget contiennent<\/h2> <ul><li>Pr\u00e9sentez le contenu de Tumblr<\/li><li>\u00c9liminez tout spam et contenu ind\u00e9sirable en appliquant une mod\u00e9ration manuelle. <\/li><li>Placez le bouton Suivre sur les cartes des widgets. <\/li><li>Affichez vos publications dans une fen\u00eatre contextuelle. <\/li><\/ul><p><a href=\"#demo\">Vous pouvez d\u00e9couvrir ce que propose le widget en essayant la d\u00e9mo<\/a><\/p> <\/div> <div class=\"application-platform-content-item-installation application-platform-content-item\" id=\"installation\" data-nav-section=\"installation\"> <h2>Comment ajouter le flux Tumblr dans mon site Web Elementor\u00a0? <\/h2> <p>Suivez simplement les \u00e9tapes d\u00e9crites ci-dessous pour ins\u00e9rer le widget. <\/p> <ol><li><b>Lancez notre configurateur gratuit et commencez \u00e0 fa\u00e7onner votre widget personnalis\u00e9. <\/b><br> Choisissez la forme et les param\u00e8tres pr\u00e9f\u00e9r\u00e9s du plugin et appliquez les modifications. <\/li> <li><b>R\u00e9cup\u00e9rez le code individuel apparaissant dans le formulaire sp\u00e9cial sur Elfsight Apps. <\/b><br> Juste apr\u00e8s la cr\u00e9ation de votre widget, copiez le code exclusif dans la case qui appara\u00eet et enregistrez-le pour une occasion ult\u00e9rieure. <\/li> <li><b>Commencez \u00e0 utiliser le widget sur votre site Elementor. <\/b><br> Saisissez le code enregistr\u00e9 pr\u00e9c\u00e9demment dans votre site Web et appliquez les corrections. <\/li> <li><b>L&rsquo;installation est effectu\u00e9e avec succ\u00e8s. <\/b><br> Acc\u00e9dez \u00e0 votre page pour observer le fonctionnement du widget. <\/li><\/ol> <p>\u00c0 condition de faire face \u00e0 des demandes de renseignements ou de rencontrer des obstacles, n&rsquo;h\u00e9sitez pas \u00e0 \u00e9crire \u00e0 notre \u00e9quipe d&rsquo;assistance. Nos consultants sont impatients de vous aider avec tous les probl\u00e8mes que vous pourriez rencontrer avec l&rsquo;outil. <\/p> <\/div><div class=\"faq\" data-component=\"FAQ\"><div class=\"faq-item\">\r\n\t\t\t\t\t<div class=\"faq-item-question\">\r\n\t\t\t\t\t\t<h3 class=\"faq-item-question-text\">De quelle mani\u00e8re puis-je int\u00e9grer le flux Tumblr \u00e0 mon site Elementor sans exp\u00e9rience en codage ?<\/h3>\r\n\r\n\t\t\t\t\t\t<div class=\"faq-item-question-icon\"><\/div>\r\n\t\t\t\t\t<\/div>\r\n\r\n\t\t\t\t\t<div class=\"faq-item-answer\">\r\n\t\t\t\t\t\t<div class=\"faq-item-answer-text\"><p>La soci\u00e9t\u00e9 Elfsight propose une solution SaaS qui permet aux propri\u00e9taires de sites de cr\u00e9er vous-m\u00eame une section de flux Tumblr, v\u00e9rifiez \u00e0 quel point c&rsquo;est simple\u00a0:<\/p><ul><li>Commencez \u00e0 travailler directement dans la d\u00e9mo en direct pour g\u00e9n\u00e9rer une section de flux Tumblr que vous aimeriez voir sur Elementor .<\/li><li>S\u00e9lectionnez l&rsquo;un des mod\u00e8les pr\u00e9d\u00e9finis et modifiez les param\u00e8tres du flux Tumblr, changez la mise en page et les couleurs, mettez \u00e0 jour votre contenu sans codage.<\/li><li>Enregistrez le flux Tumblr et obtenez son code pour l&rsquo;installation, qui peut \u00eatre facilement coll\u00e9 dans votre page d&rsquo;accueil Elementor sans acheter d&rsquo;abonnement payant.<\/li><\/ul><p>\u00c0 l&rsquo;aide de l&rsquo;\u00e9diteur intuitif, chaque internaute peut cr\u00e9er une section de flux Tumblr et la coller facilement sur la page d&rsquo;accueil d&rsquo;Elementor. Il n&rsquo;est pas n\u00e9cessaire de payer ou de soumettre les donn\u00e9es de votre carte pour acc\u00e9der \u00e0 notre service. Si vous rencontrez des obstacles \u00e0 n&rsquo;importe quelle \u00e9tape, n&rsquo;h\u00e9sitez pas \u00e0 contacter notre \u00e9quipe d&rsquo;assistance.<\/p><\/div>\r\n\t\t\t\t\t<\/div>\r\n\t\t\t\t<\/div><\/div>","protected":false},"excerpt":{"rendered":"","protected":false},"author":9,"featured_media":0,"parent":3457,"menu_order":0,"comment_status":"closed","ping_status":"closed","template":"templates\/template-application-platform.php","meta":{"publish_to_discourse":"","publish_post_category":"","wpdc_auto_publish_overridden":"","wpdc_topic_tags":"","wpdc_pin_topic":"","wpdc_pin_until":"","discourse_post_id":"","discourse_permalink":"","wpdc_publishing_response":"","wpdc_publishing_error":"","footnotes":""},"class_list":["post-10795","page","type-page","status-publish","hentry"],"yoast_head":"<!-- This site is optimized with the Yoast SEO plugin v25.3.1 - https:\/\/yoast.com\/wordpress\/plugins\/seo\/ -->\n<title>Int\u00e9grer le widget Tumblr Feed au site Web Elementor (aucun codage requis)<\/title>\n<meta name=\"description\" content=\"Impl\u00e9mentez le widget Elementor Tumblr Feed sur la page. Essayez la d\u00e9mo pratique d&#039;Elfsight et g\u00e9n\u00e9rez votre magnifique widget Tumblr en deux minutes\" \/>\n<meta name=\"robots\" content=\"index, follow, max-snippet:-1, max-image-preview:large, max-video-preview:-1\" \/>\n<link rel=\"canonical\" href=\"https:\/\/elfsight.com\/fr\/tumblr-feed-widget\/elementor\/\" \/>\n<meta property=\"og:locale\" content=\"fr_FR\" \/>\n<meta property=\"og:type\" content=\"article\" \/>\n<meta property=\"og:title\" content=\"Int\u00e9grer le widget Tumblr Feed au site Web Elementor (aucun codage requis)\" \/>\n<meta property=\"og:description\" content=\"Impl\u00e9mentez le widget Elementor Tumblr Feed sur la page. Essayez la d\u00e9mo pratique d&#039;Elfsight et g\u00e9n\u00e9rez votre magnifique widget Tumblr en deux minutes\" \/>\n<meta property=\"og:url\" content=\"https:\/\/elfsight.com\/fr\/tumblr-feed-widget\/elementor\/\" \/>\n<meta property=\"og:site_name\" content=\"Elfsight FR\" \/>\n<meta property=\"article:modified_time\" content=\"2025-07-10T13:59:20+00:00\" \/>\n<meta name=\"twitter:card\" content=\"summary_large_image\" \/>\n<meta name=\"twitter:label1\" content=\"Dur\u00e9e de lecture estim\u00e9e\" \/>\n\t<meta name=\"twitter:data1\" content=\"3 minutes\" \/>\n<!-- \/ Yoast SEO plugin. -->","yoast_head_json":{"title":"Int\u00e9grer le widget Tumblr Feed au site Web Elementor (aucun codage requis)","description":"Impl\u00e9mentez le widget Elementor Tumblr Feed sur la page. Essayez la d\u00e9mo pratique d'Elfsight et g\u00e9n\u00e9rez votre magnifique widget Tumblr en deux minutes","robots":{"index":"index","follow":"follow","max-snippet":"max-snippet:-1","max-image-preview":"max-image-preview:large","max-video-preview":"max-video-preview:-1"},"canonical":"https:\/\/elfsight.com\/fr\/tumblr-feed-widget\/elementor\/","og_locale":"fr_FR","og_type":"article","og_title":"Int\u00e9grer le widget Tumblr Feed au site Web Elementor (aucun codage requis)","og_description":"Impl\u00e9mentez le widget Elementor Tumblr Feed sur la page. Essayez la d\u00e9mo pratique d'Elfsight et g\u00e9n\u00e9rez votre magnifique widget Tumblr en deux minutes","og_url":"https:\/\/elfsight.com\/fr\/tumblr-feed-widget\/elementor\/","og_site_name":"Elfsight FR","article_modified_time":"2025-07-10T13:59:20+00:00","twitter_card":"summary_large_image","twitter_misc":{"Dur\u00e9e de lecture estim\u00e9e":"3 minutes"},"schema":{"@context":"https:\/\/schema.org","@graph":[{"@type":"WebPage","@id":"https:\/\/elfsight.com\/fr\/tumblr-feed-widget\/elementor\/","url":"https:\/\/elfsight.com\/fr\/tumblr-feed-widget\/elementor\/","name":"Int\u00e9grer le widget Tumblr Feed au site Web Elementor (aucun codage requis)","isPartOf":{"@id":"https:\/\/elfsight.com\/fr\/#website"},"datePublished":"1970-01-01T00:00:00+00:00","dateModified":"2025-07-10T13:59:20+00:00","description":"Impl\u00e9mentez le widget Elementor Tumblr Feed sur la page. Essayez la d\u00e9mo pratique d'Elfsight et g\u00e9n\u00e9rez votre magnifique widget Tumblr en deux minutes","breadcrumb":{"@id":"https:\/\/elfsight.com\/fr\/tumblr-feed-widget\/elementor\/#breadcrumb"},"inLanguage":"fr-FR","potentialAction":[{"@type":"ReadAction","target":["https:\/\/elfsight.com\/fr\/tumblr-feed-widget\/elementor\/"]}]},{"@type":"BreadcrumbList","@id":"https:\/\/elfsight.com\/fr\/tumblr-feed-widget\/elementor\/#breadcrumb","itemListElement":[{"@type":"ListItem","position":1,"name":"Home","item":"https:\/\/elfsight.com\/fr\/"},{"@type":"ListItem","position":2,"name":"Tumblr Feed","item":"https:\/\/elfsight.com\/fr\/tumblr-feed-widget\/"},{"@type":"ListItem","position":3,"name":"Tumblr Feed &#8211; Elementor"}]},{"@type":"WebSite","@id":"https:\/\/elfsight.com\/fr\/#website","url":"https:\/\/elfsight.com\/fr\/","name":"Elfsight FR","description":"","potentialAction":[{"@type":"SearchAction","target":{"@type":"EntryPoint","urlTemplate":"https:\/\/elfsight.com\/fr\/?s={search_term_string}"},"query-input":{"@type":"PropertyValueSpecification","valueRequired":true,"valueName":"search_term_string"}}],"inLanguage":"fr-FR"}]}},"meta_box":{"industry":"","seo_heading":"","heading":"","description":"","cta_heading":"","cta_description":"","application":"3456","h1":"Widget de flux Elementor Tumblr","h1_caption":"Affichez les articles de votre blog tumblr sur votre site Web pour tenir les visiteurs inform\u00e9s de votre dernier contenu sur votre site Web Elementor sans effort.","application_category":[],"applications_title":"","applications_request_title":"","applications_request_button_text":"","hero_text":"","hero_video":"","hero_video_schema_markup":"","selling_points_title":"","selling_points_caption":"","selling_points":[],"selling_points_cta_text":"","features_title":"","features":"","ed_cta_examples_text":"","ed_cta_examples_hidden":"","ed_cta_demo_text":"","ed_cta_demo_hidden":"","why_caption":"","why_editor_title":"","why_editor_text":"","why_team_title":"","why_team_text":"","why_service_title":"","why_service_text":"","template_catalog_visible":"","template_catalog_title":"","template_catalog_text":"","template_catalog_categories_visible":"","demo_title":"Cr\u00e9ez votre widget de flux Tumblr","demo_caption":"Configurez votre flux Tumblr et ajoutez-le \u00e0 votre site Web Elementor gratuitement !","default_faq_hidden":"","app_template_category":[],"platform":"385","template_public_id":"","codecanyon_url":"","codecanyon_item_id":"","codecanyon_price":"","pricing_caption":"","pricing_elfsight_apps_hide_column":"","pricing_elfsight_apps_url":"","pricing_codecanyon_price_caption":"","integration_category":[],"integration_request_title":"","integration_request_cta":"","integration_platform":"","integrations":[],"platform_category":[],"video_schema_markup":"","price":"\u00e0 partir de 0$ \/ mois","trial":"","benefits":[{"text":"Assistance \u00e0 l'installation gratuite"},{"text":"Service client comp\u00e9tent"},{"text":"Garantie de remboursement de 14 jours"},{"text":"Mises \u00e0 jour futures"}],"button_url":"","button_target_blank":"","button_nofollow":"","attributes":[{"name":"Installations","content":"10,000 - 100,000"},{"name":"Sensible","content":"Oui"},{"name":"Navigateurs compatibles","content":"Firefox, Safari, Opera, Chrome, Edge"}],"tags":[],"tags_disable_links":"","hide_more_platforms":"","video_object":"","demo_hide_cta":"","demo_hide_cloud_options":"","pricing_title":"","pricing":[{"pricing_icon":"platform","pricing_title":"Elfsight Apps","pricing_title_caption":"Version multiplateforme qui convient \u00e0 n'importe quel site","pricing_price":"from $0 \/ month","pricing_price_caption":"commencez avec un forfait gratuit","pricing_benefits":[{"text":"Domaines illimit\u00e9s"},{"text":"Support d\u2019entreprise d\u00e9di\u00e9 et bien document\u00e9"},{"text":"Aide \u00e0 l'installation gratuite"},{"text":"Enti\u00e8rement personnalisable"}],"pricing_button_text":"Ajouter au site Web","pricing_button_url":"#demo"}],"related_apps_title":"","related_apps_hidden":"","author":"","image":[],"title":"","job":"","social_networks":[]},"_links":{"self":[{"href":"https:\/\/elfsight.com\/fr\/wp-json\/wp\/v2\/pages\/10795","targetHints":{"allow":["GET"]}}],"collection":[{"href":"https:\/\/elfsight.com\/fr\/wp-json\/wp\/v2\/pages"}],"about":[{"href":"https:\/\/elfsight.com\/fr\/wp-json\/wp\/v2\/types\/page"}],"author":[{"embeddable":true,"href":"https:\/\/elfsight.com\/fr\/wp-json\/wp\/v2\/users\/9"}],"replies":[{"embeddable":true,"href":"https:\/\/elfsight.com\/fr\/wp-json\/wp\/v2\/comments?post=10795"}],"version-history":[{"count":1,"href":"https:\/\/elfsight.com\/fr\/wp-json\/wp\/v2\/pages\/10795\/revisions"}],"predecessor-version":[{"id":10799,"href":"https:\/\/elfsight.com\/fr\/wp-json\/wp\/v2\/pages\/10795\/revisions\/10799"}],"up":[{"embeddable":true,"href":"https:\/\/elfsight.com\/fr\/wp-json\/wp\/v2\/pages\/3457"}],"wp:attachment":[{"href":"https:\/\/elfsight.com\/fr\/wp-json\/wp\/v2\/media?parent=10795"}],"curies":[{"name":"wp","href":"https:\/\/api.w.org\/{rel}","templated":true}]}}