{"id":10789,"date":"1970-01-01T00:00:00","date_gmt":"1970-01-01T00:00:00","guid":{"rendered":"https:\/\/elfsight.com\/fr\/?page_id=10789"},"modified":"2025-07-10T14:00:03","modified_gmt":"2025-07-10T14:00:03","slug":"jquery","status":"publish","type":"page","link":"https:\/\/elfsight.com\/fr\/tumblr-feed-widget\/jquery\/","title":{"rendered":"Tumblr Feed &#8211; jQuery"},"content":{"rendered":"<div class=\"application-platform-content-item-description application-platform-content-item\" id=\"description\" data-nav-section=\"description\"> <h2>Description<\/h2> <p>Elfsight Tumblr Feed for jQuery est un plugin permettant de d\u00e9velopper votre flux personnalis\u00e9 compos\u00e9 du contenu du r\u00e9seau Tumblr et de le pr\u00e9senter. directement sur votre site Web. Cr\u00e9ez une galerie ou un slider de publications en quelques minutes\u00a0! Profitez d&rsquo;un contr\u00f4le absolu sur un contenu affich\u00e9 et supprimez le spam et tout contenu ind\u00e9sirable au moyen d&rsquo;une mod\u00e9ration manuelle. Le configurateur en ligne totalement r\u00e9actif vous propose de nombreux mod\u00e8les \u00e0 choisir. <\/p> <p><b>Choisissez le contenu Tumblr le plus attrayant pour fid\u00e9liser les utilisateurs de votre site Web et toucher plus de personnes<\/b><\/p> <\/div> <div class=\"application-platform-content-item-features application-platform-content-item\" id=\"features\" data-nav-section=\"features\"> <h2>V\u00e9rifiez la liste des fonctionnalit\u00e9s les plus importantes\u00a0: <\/h2> <ul><li>Pr\u00e9sentez le contenu de Tumblr<\/li><li>D\u00e9barrassez-vous de tout spam et contenu ind\u00e9sirable via le mode de mod\u00e9ration manuelle. <\/li><li>Placez le bouton Suivre sur les publications du widget. <\/li><li>Faites appara\u00eetre vos messages dans une pop-up. <\/li><\/ul><p><a href=\"#demo\">Vous pouvez tester toutes les capacit\u00e9s du plugin dans la d\u00e9mo <\/a><\/p> <\/div> <div class=\"application-platform-content-item-installation  application-platform-content-item\" id=\"installation \" data-nav-section=\"installation \"> <h2>Comment int\u00e9grer le flux Tumblr \u00e0 mon site jQuery\u00a0? <\/h2> <p>Suivez simplement plusieurs \u00e9tapes ci-dessous pour activer le plugin. <\/p> <ol><li><b>Utilisez notre \u00e9diteur gratuit et commencez \u00e0 cr\u00e9er votre propre instrument. <\/b><br> Choisissez l&rsquo;interface et les param\u00e8tres pr\u00e9f\u00e9r\u00e9s de l&rsquo;outil et enregistrez les corrections. <\/li> <li><b>Acqu\u00e9rez votre code individuel affich\u00e9 dans la fen\u00eatre des applications Elfsight. <\/b><br> Juste une fois la cr\u00e9ation de votre outil termin\u00e9e, copiez le code individuel dans la bo\u00eete qui appara\u00eet et conservez-le pour une utilisation ult\u00e9rieure. <\/li> <li><b>Initiez l&rsquo;utilisation de l&rsquo;outil sur votre site jQuery. <\/b><br> Ins\u00e9rez le code que vous avez copi\u00e9 auparavant dans votre page et appliquez les ajustements. <\/li> <li><b>L&rsquo;installation est termin\u00e9e avec succ\u00e8s. <\/b><br> Visitez votre page pour voir comment le plugin fonctionne. <\/li><\/ol> <p>\u00c0 condition de r\u00e9pondre \u00e0 des demandes de renseignements ou de rencontrer certains probl\u00e8mes, n&rsquo;h\u00e9sitez pas \u00e0 vous adresser \u00e0 notre \u00e9quipe de service client. Nos collaborateurs sont impatients de vous aider avec tous les probl\u00e8mes que vous pourriez rencontrer avec le produit. <\/p> <\/div><div class=\"faq\" data-component=\"FAQ\"><div class=\"faq-item\">\r\n\t\t\t\t\t<div class=\"faq-item-question\">\r\n\t\t\t\t\t\t<h3 class=\"faq-item-question-text\">Comment int\u00e9grer le flux Tumblr \u00e0 ma page d'accueil jQuery sans connaissances en codage ?<\/h3>\r\n\r\n\t\t\t\t\t\t<div class=\"faq-item-question-icon\"><\/div>\r\n\t\t\t\t\t<\/div>\r\n\r\n\t\t\t\t\t<div class=\"faq-item-answer\">\r\n\t\t\t\t\t\t<div class=\"faq-item-answer-text\"><p>La soci\u00e9t\u00e9 Elfsight pr\u00e9sente une solution Cloud qui permet \u00e0 l&rsquo;utilisateur de cr\u00e9er vous-m\u00eame une application de flux Tumblr, d\u00e9couvrez le guide simple\u00a0:<\/p><ul><li>Travailler dans l&rsquo;\u00e9diteur en direct pour cr\u00e9er un plugin de flux Tumblr que vous souhaitez int\u00e9grer sur la page d&rsquo;accueil de jQuery.<\/li><li>Choisissez l&rsquo;un des nombreux mod\u00e8les pr\u00e9d\u00e9finis et modifiez les param\u00e8tres du flux Tumblr, modifiez la mise en page et la palette de couleurs, mettez \u00e0 jour votre contenu sans codage.<\/li><li>Cliquez pour enregistrer le flux Tumblr et copier le code du widget pour l&rsquo;int\u00e9gration, que vous pouvez facilement coller sur le site jQuery dans le cadre d&rsquo;un forfait gratuit.<\/li><\/ul><p>En travaillant dans notre configurateur convivial, tout internaute peut g\u00e9n\u00e9rer un flux Tumblr et l&rsquo;ajouter \u00e0 la page Web jQuery. Vous ne devriez pas souscrire \u00e0 un abonnement payant ni soumettre les donn\u00e9es de votre carte pour acc\u00e9der \u00e0 Elfsight Editor. Si vous rencontrez des obstacles de quelque nature que ce soit, n&rsquo;h\u00e9sitez pas \u00e0 contacter notre \u00e9quipe d&rsquo;assistance.<\/p><\/div>\r\n\t\t\t\t\t<\/div>\r\n\t\t\t\t<\/div><\/div>","protected":false},"excerpt":{"rendered":"","protected":false},"author":9,"featured_media":0,"parent":3457,"menu_order":0,"comment_status":"closed","ping_status":"closed","template":"templates\/template-application-platform.php","meta":{"publish_to_discourse":"","publish_post_category":"","wpdc_auto_publish_overridden":"","wpdc_topic_tags":"","wpdc_pin_topic":"","wpdc_pin_until":"","discourse_post_id":"","discourse_permalink":"","wpdc_publishing_response":"","wpdc_publishing_error":"","footnotes":""},"class_list":["post-10789","page","type-page","status-publish","hentry"],"yoast_head":"<!-- This site is optimized with the Yoast SEO plugin v25.3.1 - https:\/\/yoast.com\/wordpress\/plugins\/seo\/ -->\n<title>Ajouter le plugin Tumblr Feed au site Web jQuery (rapide et gratuit)<\/title>\n<meta name=\"description\" content=\"Int\u00e9grez le plugin jQuery Tumblr Feed sur la page. Essayez la d\u00e9mo pratique d&#039;Elfsight et cr\u00e9ez votre widget Tumblr \u00e9l\u00e9gant en seulement trois clics\" \/>\n<meta name=\"robots\" content=\"index, follow, max-snippet:-1, max-image-preview:large, max-video-preview:-1\" \/>\n<link rel=\"canonical\" href=\"https:\/\/elfsight.com\/fr\/tumblr-feed-widget\/jquery\/\" \/>\n<meta property=\"og:locale\" content=\"fr_FR\" \/>\n<meta property=\"og:type\" content=\"article\" \/>\n<meta property=\"og:title\" content=\"Ajouter le plugin Tumblr Feed au site Web jQuery (rapide et gratuit)\" \/>\n<meta property=\"og:description\" content=\"Int\u00e9grez le plugin jQuery Tumblr Feed sur la page. Essayez la d\u00e9mo pratique d&#039;Elfsight et cr\u00e9ez votre widget Tumblr \u00e9l\u00e9gant en seulement trois clics\" \/>\n<meta property=\"og:url\" content=\"https:\/\/elfsight.com\/fr\/tumblr-feed-widget\/jquery\/\" \/>\n<meta property=\"og:site_name\" content=\"Elfsight FR\" \/>\n<meta property=\"article:modified_time\" content=\"2025-07-10T14:00:03+00:00\" \/>\n<meta name=\"twitter:card\" content=\"summary_large_image\" \/>\n<meta name=\"twitter:label1\" content=\"Dur\u00e9e de lecture estim\u00e9e\" \/>\n\t<meta name=\"twitter:data1\" content=\"3 minutes\" \/>\n<!-- \/ Yoast SEO plugin. -->","yoast_head_json":{"title":"Ajouter le plugin Tumblr Feed au site Web jQuery (rapide et gratuit)","description":"Int\u00e9grez le plugin jQuery Tumblr Feed sur la page. Essayez la d\u00e9mo pratique d'Elfsight et cr\u00e9ez votre widget Tumblr \u00e9l\u00e9gant en seulement trois clics","robots":{"index":"index","follow":"follow","max-snippet":"max-snippet:-1","max-image-preview":"max-image-preview:large","max-video-preview":"max-video-preview:-1"},"canonical":"https:\/\/elfsight.com\/fr\/tumblr-feed-widget\/jquery\/","og_locale":"fr_FR","og_type":"article","og_title":"Ajouter le plugin Tumblr Feed au site Web jQuery (rapide et gratuit)","og_description":"Int\u00e9grez le plugin jQuery Tumblr Feed sur la page. Essayez la d\u00e9mo pratique d'Elfsight et cr\u00e9ez votre widget Tumblr \u00e9l\u00e9gant en seulement trois clics","og_url":"https:\/\/elfsight.com\/fr\/tumblr-feed-widget\/jquery\/","og_site_name":"Elfsight FR","article_modified_time":"2025-07-10T14:00:03+00:00","twitter_card":"summary_large_image","twitter_misc":{"Dur\u00e9e de lecture estim\u00e9e":"3 minutes"},"schema":{"@context":"https:\/\/schema.org","@graph":[{"@type":"WebPage","@id":"https:\/\/elfsight.com\/fr\/tumblr-feed-widget\/jquery\/","url":"https:\/\/elfsight.com\/fr\/tumblr-feed-widget\/jquery\/","name":"Ajouter le plugin Tumblr Feed au site Web jQuery (rapide et gratuit)","isPartOf":{"@id":"https:\/\/elfsight.com\/fr\/#website"},"datePublished":"1970-01-01T00:00:00+00:00","dateModified":"2025-07-10T14:00:03+00:00","description":"Int\u00e9grez le plugin jQuery Tumblr Feed sur la page. Essayez la d\u00e9mo pratique d'Elfsight et cr\u00e9ez votre widget Tumblr \u00e9l\u00e9gant en seulement trois clics","breadcrumb":{"@id":"https:\/\/elfsight.com\/fr\/tumblr-feed-widget\/jquery\/#breadcrumb"},"inLanguage":"fr-FR","potentialAction":[{"@type":"ReadAction","target":["https:\/\/elfsight.com\/fr\/tumblr-feed-widget\/jquery\/"]}]},{"@type":"BreadcrumbList","@id":"https:\/\/elfsight.com\/fr\/tumblr-feed-widget\/jquery\/#breadcrumb","itemListElement":[{"@type":"ListItem","position":1,"name":"Home","item":"https:\/\/elfsight.com\/fr\/"},{"@type":"ListItem","position":2,"name":"Tumblr Feed","item":"https:\/\/elfsight.com\/fr\/tumblr-feed-widget\/"},{"@type":"ListItem","position":3,"name":"Tumblr Feed &#8211; jQuery"}]},{"@type":"WebSite","@id":"https:\/\/elfsight.com\/fr\/#website","url":"https:\/\/elfsight.com\/fr\/","name":"Elfsight FR","description":"","potentialAction":[{"@type":"SearchAction","target":{"@type":"EntryPoint","urlTemplate":"https:\/\/elfsight.com\/fr\/?s={search_term_string}"},"query-input":{"@type":"PropertyValueSpecification","valueRequired":true,"valueName":"search_term_string"}}],"inLanguage":"fr-FR"}]}},"meta_box":{"industry":"","seo_heading":"","heading":"","description":"","cta_heading":"","cta_description":"","application":"3456","h1":"Plugin de flux jQuery Tumblr","h1_caption":"Affichez les articles de votre blog tumblr sur votre site Web pour tenir les visiteurs inform\u00e9s de votre dernier contenu sur votre site Web jQuery sans effort.","application_category":[],"applications_title":"","applications_request_title":"","applications_request_button_text":"","hero_text":"","hero_video":"","hero_video_schema_markup":"","selling_points_title":"","selling_points_caption":"","selling_points":[],"selling_points_cta_text":"","features_title":"","features":"","ed_cta_examples_text":"","ed_cta_examples_hidden":"","ed_cta_demo_text":"","ed_cta_demo_hidden":"","why_caption":"","why_editor_title":"","why_editor_text":"","why_team_title":"","why_team_text":"","why_service_title":"","why_service_text":"","template_catalog_visible":"","template_catalog_title":"","template_catalog_text":"","template_catalog_categories_visible":"","demo_title":"Cr\u00e9ez votre plugin de flux Tumblr","demo_caption":"Configurez votre flux Tumblr et ajoutez-le gratuitement \u00e0 votre site Web jQuery\u00a0!","default_faq_hidden":"","app_template_category":[],"platform":"355","template_public_id":"","codecanyon_url":"","codecanyon_item_id":"","codecanyon_price":"","pricing_caption":"","pricing_elfsight_apps_hide_column":"","pricing_elfsight_apps_url":"","pricing_codecanyon_price_caption":"","integration_category":[],"integration_request_title":"","integration_request_cta":"","integration_platform":"","integrations":[],"platform_category":[],"video_schema_markup":"","price":"\u00e0 partir de 0$ \/ mois","trial":"","benefits":[{"text":"Service d'installation gratuit"},{"text":"Assistance premium"},{"text":"Garantie de remboursement de 14 jours"},{"text":"D\u00e9veloppement continu"}],"button_url":"","button_target_blank":"","button_nofollow":"","attributes":[{"name":"Installations","content":"10,000 - 100,000"},{"name":"Sensible","content":"Oui"},{"name":"Navigateurs compatibles","content":"Firefox, Safari, Opera, Chrome, Edge"}],"tags":[],"tags_disable_links":"","hide_more_platforms":"","video_object":"","demo_hide_cta":"","demo_hide_cloud_options":"","pricing_title":"","pricing":[{"pricing_icon":"platform","pricing_title":"Elfsight Apps","pricing_title_caption":"Logiciel multiplateforme qui fonctionne sur n'importe quel site","pricing_price":"from $0 \/ month","pricing_price_caption":"commencez avec un forfait gratuit","pricing_benefits":[{"text":"Sites Web illimit\u00e9s"},{"text":"Support client d\u00e9di\u00e9"},{"text":"Service d'installation gratuit"},{"text":"Enti\u00e8rement personnalisable"}],"pricing_button_text":"Ajouter au site Web","pricing_button_url":"#demo"}],"related_apps_title":"","related_apps_hidden":"","author":"","image":[],"title":"","job":"","social_networks":[]},"_links":{"self":[{"href":"https:\/\/elfsight.com\/fr\/wp-json\/wp\/v2\/pages\/10789","targetHints":{"allow":["GET"]}}],"collection":[{"href":"https:\/\/elfsight.com\/fr\/wp-json\/wp\/v2\/pages"}],"about":[{"href":"https:\/\/elfsight.com\/fr\/wp-json\/wp\/v2\/types\/page"}],"author":[{"embeddable":true,"href":"https:\/\/elfsight.com\/fr\/wp-json\/wp\/v2\/users\/9"}],"replies":[{"embeddable":true,"href":"https:\/\/elfsight.com\/fr\/wp-json\/wp\/v2\/comments?post=10789"}],"version-history":[{"count":1,"href":"https:\/\/elfsight.com\/fr\/wp-json\/wp\/v2\/pages\/10789\/revisions"}],"predecessor-version":[{"id":10793,"href":"https:\/\/elfsight.com\/fr\/wp-json\/wp\/v2\/pages\/10789\/revisions\/10793"}],"up":[{"embeddable":true,"href":"https:\/\/elfsight.com\/fr\/wp-json\/wp\/v2\/pages\/3457"}],"wp:attachment":[{"href":"https:\/\/elfsight.com\/fr\/wp-json\/wp\/v2\/media?parent=10789"}],"curies":[{"name":"wp","href":"https:\/\/api.w.org\/{rel}","templated":true}]}}