{"id":10778,"date":"1970-01-01T00:00:00","date_gmt":"1970-01-01T00:00:00","guid":{"rendered":"https:\/\/elfsight.com\/fr\/?page_id=10778"},"modified":"2025-07-10T14:00:40","modified_gmt":"2025-07-10T14:00:40","slug":"shopify","status":"publish","type":"page","link":"https:\/\/elfsight.com\/fr\/tumblr-feed-widget\/shopify\/","title":{"rendered":"Tumblr Feed &#8211; Shopify"},"content":{"rendered":"<div class=\"application-platform-content-item-description application-platform-content-item\" id=\"description\" data-nav-section=\"description\"> <h2>Int\u00e9grer le flux Tumblr sur Shopify avec le widget Elfsight<\/h2> <p>Le flux Tumblr Elfsight pour Shopify est un widget sp\u00e9cial pour fa\u00e7onner votre personnalit\u00e9. flux compos\u00e9 du r\u00e9seau Tumblr et l\u2019affichant directement sur votre site Web. D\u00e9veloppez une galerie ou un slider de posts en quelques clics ! Exercez un contr\u00f4le total sur un contenu d\u00e9montr\u00e9 et \u00e9liminez le spam et tout contenu ind\u00e9sirable gr\u00e2ce \u00e0 la mod\u00e9ration manuelle. Le configurateur en ligne totalement r\u00e9actif vous propose de nombreux mod\u00e8les parmi lesquels choisir. <\/p> <p><b>Choisissez le contenu Tumblr le plus fascinant pour int\u00e9resser les visiteurs de votre site Web et toucher plus de personnes<\/b><\/p> <\/div> <div class=\"application-platform-content-item-features application-platform-content-item\" id=\"features\" data-nav-section=\"features\"> <h2>Ici sont les principales fonctionnalit\u00e9s de l&rsquo;application\u00a0: <\/h2> <ul><li>Affichez votre contenu depuis Tumblr<\/li><li>\u00c9liminez tout spam et contenu ind\u00e9sirable en appliquant une mod\u00e9ration manuelle. <\/li><li>Placez le bouton Suivre sur les publications du widget. <\/li><li>Affichez vos publications dans une fen\u00eatre contextuelle. <\/li><\/ul><p><a href=\"#demo\">Vous pouvez essayer toutes les fonctionnalit\u00e9s de l&rsquo;application dans la d\u00e9mo ci-dessous<\/a><\/p> <\/div> <div class=\"application-platform-content-item- installation application-platform-content-item\" id=\" installation\" data-nav-section=\" installation\"> <h2>Comment puis-je ajouter le flux Tumblr \u00e0 mon site Web Shopify\u00a0? <\/h2> <p>Appliquez simplement les instructions ci-dessous pour activer l&rsquo;outil. <\/p> <ol><li><b>Ex\u00e9cutez notre \u00e9diteur gratuit et commencez \u00e0 cr\u00e9er votre application personnalis\u00e9e. <\/b><br> Choisissez la disposition et les aspects appropri\u00e9s de l&rsquo;outil et appliquez les corrections. <\/li> <li><b>Copiez le code personnel qui est affich\u00e9 dans le formulaire sp\u00e9cial sur les applications Elfsight. <\/b><br> Juste une fois la personnalisation de votre outil termin\u00e9e, copiez le code individuel dans la zone qui appara\u00eet et enregistrez-le pour une utilisation ult\u00e9rieure. <\/li> <li><b>Lancer l&rsquo;utilisation du plugin sur le site Shopify. <\/b><br> Impl\u00e9mentez le code enregistr\u00e9 r\u00e9cemment dans votre site Web et appliquez les corrections. <\/li> <li><b>L&rsquo;installation est termin\u00e9e avec succ\u00e8s. <\/b><br> Visitez votre site Web pour examiner les performances du widget. <\/li><\/ol> <p>En cas de complications, veuillez contacter notre \u00e9quipe de service client. Nos consultants sont impatients de vous aider avec tous les probl\u00e8mes que vous pourriez rencontrer avec le plugin. <\/p> <\/div><div class=\"faq\" data-component=\"FAQ\"><div class=\"faq-item\">\r\n\t\t\t\t\t<div class=\"faq-item-question\">\r\n\t\t\t\t\t\t<h3 class=\"faq-item-question-text\">Existe-t-il une m\u00e9thode pour ajouter le flux Tumblr \u00e0 ma page d'accueil Shopify sans coder ?<\/h3>\r\n\r\n\t\t\t\t\t\t<div class=\"faq-item-question-icon\"><\/div>\r\n\t\t\t\t\t<\/div>\r\n\r\n\t\t\t\t\t<div class=\"faq-item-answer\">\r\n\t\t\t\t\t\t<div class=\"faq-item-answer-text\"><p>La soci\u00e9t\u00e9 Elfsight propose un qui permet aux utilisateurs de cr\u00e9er vous-m\u00eame une section de flux Tumblr, regardez les instructions simples\u00a0:<\/p><ul><li>Travailler dans la d\u00e9mo en direct pour cr\u00e9er une section de flux Tumblr que vous souhaitez voir appara\u00eetre sur Shopify.<\/li><li>Choisissez l&rsquo;un des nombreux mod\u00e8les pr\u00e9d\u00e9finis et modifiez les param\u00e8tres du flux Tumblr, modifiez la disposition et la couleur des \u00e9l\u00e9ments, ajoutez votre contenu sans aucune comp\u00e9tence en codage.<\/li><li>Enregistrez le flux Tumblr et copiez le code d&rsquo;installation du widget, qui peut \u00eatre coll\u00e9 gratuitement sur n&rsquo;importe quel site Web Shopify.<\/li><\/ul><p>\u00c0 l&rsquo;aide de notre configurateur intuitif, chaque utilisateur Web peut cr\u00e9er l&rsquo;application Tumblr Feed en ligne et l&rsquo;inclure \u00e0 sa page Web Shopify. Il n&rsquo;est pas n\u00e9cessaire de payer ou de divulguer les informations d&rsquo;identification de votre carte pour acc\u00e9der \u00e0 notre service. Si vous rencontrez des obstacles de quelque nature que ce soit, n&rsquo;h\u00e9sitez pas \u00e0 vous adresser \u00e0 notre \u00e9quipe d&rsquo;assistance technique.<\/p><\/div>\r\n\t\t\t\t\t<\/div>\r\n\t\t\t\t<\/div><\/div>","protected":false},"excerpt":{"rendered":"","protected":false},"author":9,"featured_media":0,"parent":3457,"menu_order":0,"comment_status":"closed","ping_status":"closed","template":"templates\/template-application-platform.php","meta":{"publish_to_discourse":"","publish_post_category":"","wpdc_auto_publish_overridden":"","wpdc_topic_tags":"","wpdc_pin_topic":"","wpdc_pin_until":"","discourse_post_id":"","discourse_permalink":"","wpdc_publishing_response":"","wpdc_publishing_error":"","footnotes":""},"class_list":["post-10778","page","type-page","status-publish","hentry"],"yoast_head":"<!-- This site is optimized with the Yoast SEO plugin v25.3.1 - https:\/\/yoast.com\/wordpress\/plugins\/seo\/ -->\n<title>Ajoutez l&#039;application Tumblr Feed au site Web Shopify (rapide et gratuit)<\/title>\n<meta name=\"description\" content=\"Ajoutez une application Shopify Tumblr Feed adapt\u00e9e aux mobiles sur votre site. Utilisez la d\u00e9mo pratique d&#039;Elfsight et cr\u00e9ez votre magnifique application Tumblr en seulement deux clics\" \/>\n<meta name=\"robots\" content=\"index, follow, max-snippet:-1, max-image-preview:large, max-video-preview:-1\" \/>\n<link rel=\"canonical\" href=\"https:\/\/elfsight.com\/fr\/tumblr-feed-widget\/shopify\/\" \/>\n<meta property=\"og:locale\" content=\"fr_FR\" \/>\n<meta property=\"og:type\" content=\"article\" \/>\n<meta property=\"og:title\" content=\"Ajoutez l&#039;application Tumblr Feed au site Web Shopify (rapide et gratuit)\" \/>\n<meta property=\"og:description\" content=\"Ajoutez une application Shopify Tumblr Feed adapt\u00e9e aux mobiles sur votre site. Utilisez la d\u00e9mo pratique d&#039;Elfsight et cr\u00e9ez votre magnifique application Tumblr en seulement deux clics\" \/>\n<meta property=\"og:url\" content=\"https:\/\/elfsight.com\/fr\/tumblr-feed-widget\/shopify\/\" \/>\n<meta property=\"og:site_name\" content=\"Elfsight FR\" \/>\n<meta property=\"article:modified_time\" content=\"2025-07-10T14:00:40+00:00\" \/>\n<meta name=\"twitter:card\" content=\"summary_large_image\" \/>\n<meta name=\"twitter:label1\" content=\"Dur\u00e9e de lecture estim\u00e9e\" \/>\n\t<meta name=\"twitter:data1\" content=\"3 minutes\" \/>\n<!-- \/ Yoast SEO plugin. -->","yoast_head_json":{"title":"Ajoutez l'application Tumblr Feed au site Web Shopify (rapide et gratuit)","description":"Ajoutez une application Shopify Tumblr Feed adapt\u00e9e aux mobiles sur votre site. Utilisez la d\u00e9mo pratique d'Elfsight et cr\u00e9ez votre magnifique application Tumblr en seulement deux clics","robots":{"index":"index","follow":"follow","max-snippet":"max-snippet:-1","max-image-preview":"max-image-preview:large","max-video-preview":"max-video-preview:-1"},"canonical":"https:\/\/elfsight.com\/fr\/tumblr-feed-widget\/shopify\/","og_locale":"fr_FR","og_type":"article","og_title":"Ajoutez l'application Tumblr Feed au site Web Shopify (rapide et gratuit)","og_description":"Ajoutez une application Shopify Tumblr Feed adapt\u00e9e aux mobiles sur votre site. Utilisez la d\u00e9mo pratique d'Elfsight et cr\u00e9ez votre magnifique application Tumblr en seulement deux clics","og_url":"https:\/\/elfsight.com\/fr\/tumblr-feed-widget\/shopify\/","og_site_name":"Elfsight FR","article_modified_time":"2025-07-10T14:00:40+00:00","twitter_card":"summary_large_image","twitter_misc":{"Dur\u00e9e de lecture estim\u00e9e":"3 minutes"},"schema":{"@context":"https:\/\/schema.org","@graph":[{"@type":"WebPage","@id":"https:\/\/elfsight.com\/fr\/tumblr-feed-widget\/shopify\/","url":"https:\/\/elfsight.com\/fr\/tumblr-feed-widget\/shopify\/","name":"Ajoutez l'application Tumblr Feed au site Web Shopify (rapide et gratuit)","isPartOf":{"@id":"https:\/\/elfsight.com\/fr\/#website"},"datePublished":"1970-01-01T00:00:00+00:00","dateModified":"2025-07-10T14:00:40+00:00","description":"Ajoutez une application Shopify Tumblr Feed adapt\u00e9e aux mobiles sur votre site. Utilisez la d\u00e9mo pratique d'Elfsight et cr\u00e9ez votre magnifique application Tumblr en seulement deux clics","breadcrumb":{"@id":"https:\/\/elfsight.com\/fr\/tumblr-feed-widget\/shopify\/#breadcrumb"},"inLanguage":"fr-FR","potentialAction":[{"@type":"ReadAction","target":["https:\/\/elfsight.com\/fr\/tumblr-feed-widget\/shopify\/"]}]},{"@type":"BreadcrumbList","@id":"https:\/\/elfsight.com\/fr\/tumblr-feed-widget\/shopify\/#breadcrumb","itemListElement":[{"@type":"ListItem","position":1,"name":"Home","item":"https:\/\/elfsight.com\/fr\/"},{"@type":"ListItem","position":2,"name":"Tumblr Feed","item":"https:\/\/elfsight.com\/fr\/tumblr-feed-widget\/"},{"@type":"ListItem","position":3,"name":"Tumblr Feed &#8211; Shopify"}]},{"@type":"WebSite","@id":"https:\/\/elfsight.com\/fr\/#website","url":"https:\/\/elfsight.com\/fr\/","name":"Elfsight FR","description":"","potentialAction":[{"@type":"SearchAction","target":{"@type":"EntryPoint","urlTemplate":"https:\/\/elfsight.com\/fr\/?s={search_term_string}"},"query-input":{"@type":"PropertyValueSpecification","valueRequired":true,"valueName":"search_term_string"}}],"inLanguage":"fr-FR"}]}},"meta_box":{"industry":"","seo_heading":"","heading":"","description":"","cta_heading":"","cta_description":"","application":"3456","h1":"Application Shopify Flux Tumblr","h1_caption":"Affichez les articles de votre blog tumblr sur votre site Web pour tenir les visiteurs inform\u00e9s de votre dernier contenu sur votre site Web Shopify sans effort.","application_category":[],"applications_title":"","applications_request_title":"","applications_request_button_text":"","hero_text":"","hero_video":"","hero_video_schema_markup":"","selling_points_title":"","selling_points_caption":"","selling_points":[],"selling_points_cta_text":"","features_title":"","features":"","ed_cta_examples_text":"","ed_cta_examples_hidden":"","ed_cta_demo_text":"","ed_cta_demo_hidden":"","why_caption":"","why_editor_title":"","why_editor_text":"","why_team_title":"","why_team_text":"","why_service_title":"","why_service_text":"","template_catalog_visible":"","template_catalog_title":"","template_catalog_text":"","template_catalog_categories_visible":"","demo_title":"Cr\u00e9ez votre application Tumblr Feed","demo_caption":"Configurez votre flux Tumblr et ajoutez-le \u00e0 votre site Web Shopify gratuitement !","default_faq_hidden":"","app_template_category":[],"platform":"360","template_public_id":"","codecanyon_url":"","codecanyon_item_id":"","codecanyon_price":"","pricing_caption":"","pricing_elfsight_apps_hide_column":"","pricing_elfsight_apps_url":"","pricing_codecanyon_price_caption":"","integration_category":[],"integration_request_title":"","integration_request_cta":"","integration_platform":"","integrations":[],"platform_category":[],"video_schema_markup":"","price":"\u00e0 partir de 0$ \/ mois","trial":"","benefits":[{"text":"Aide \u00e0 l'installation gratuite"},{"text":"Service client professionnel"},{"text":"Garantie de remboursement de 14 jours"},{"text":"Am\u00e9liorations r\u00e9guli\u00e8res"}],"button_url":"","button_target_blank":"","button_nofollow":"","attributes":[{"name":"Installations","content":"10,000 - 100,000"},{"name":"Sensible","content":"Oui"},{"name":"Navigateurs compatibles","content":"Firefox, Safari, Opera, Chrome, Edge"}],"tags":[],"tags_disable_links":"","hide_more_platforms":"","video_object":"","demo_hide_cta":"","demo_hide_cloud_options":"","pricing_title":"","pricing":[{"pricing_icon":"platform","pricing_title":"Elfsight Apps","pricing_title_caption":"Logiciel multiplateforme adapt\u00e9 \u00e0 n'importe quel site","pricing_price":"from $0 \/ month","pricing_price_caption":"commencez avec un forfait gratuit","pricing_benefits":[{"text":"Sites Web illimit\u00e9s"},{"text":"Assistance gratuite"},{"text":"Assistance \u00e0 l'installation gratuite"},{"text":"Enti\u00e8rement personnalisable"}],"pricing_button_text":"Ajouter au site Web","pricing_button_url":"#demo"}],"related_apps_title":"","related_apps_hidden":"","author":"","image":[],"title":"","job":"","social_networks":[]},"_links":{"self":[{"href":"https:\/\/elfsight.com\/fr\/wp-json\/wp\/v2\/pages\/10778","targetHints":{"allow":["GET"]}}],"collection":[{"href":"https:\/\/elfsight.com\/fr\/wp-json\/wp\/v2\/pages"}],"about":[{"href":"https:\/\/elfsight.com\/fr\/wp-json\/wp\/v2\/types\/page"}],"author":[{"embeddable":true,"href":"https:\/\/elfsight.com\/fr\/wp-json\/wp\/v2\/users\/9"}],"replies":[{"embeddable":true,"href":"https:\/\/elfsight.com\/fr\/wp-json\/wp\/v2\/comments?post=10778"}],"version-history":[{"count":1,"href":"https:\/\/elfsight.com\/fr\/wp-json\/wp\/v2\/pages\/10778\/revisions"}],"predecessor-version":[{"id":10782,"href":"https:\/\/elfsight.com\/fr\/wp-json\/wp\/v2\/pages\/10778\/revisions\/10782"}],"up":[{"embeddable":true,"href":"https:\/\/elfsight.com\/fr\/wp-json\/wp\/v2\/pages\/3457"}],"wp:attachment":[{"href":"https:\/\/elfsight.com\/fr\/wp-json\/wp\/v2\/media?parent=10778"}],"curies":[{"name":"wp","href":"https:\/\/api.w.org\/{rel}","templated":true}]}}