{"id":10765,"date":"1970-01-01T00:00:00","date_gmt":"1970-01-01T00:00:00","guid":{"rendered":"https:\/\/elfsight.com\/fr\/?page_id=10765"},"modified":"2025-07-10T14:01:14","modified_gmt":"2025-07-10T14:01:14","slug":"wix","status":"publish","type":"page","link":"https:\/\/elfsight.com\/fr\/tumblr-feed-widget\/wix\/","title":{"rendered":"Tumblr Feed &#8211; Wix"},"content":{"rendered":"<div class=\"application-platform-content-item-description application-platform-content-item\" id=\"description\" data-nav-section=\"description\"> <h2>Description<\/h2> <p>Elfsight Tumblr Feed for Wix est une application pour d\u00e9velopper votre flux individuel compos\u00e9 du r\u00e9seau Tumblr et le placer directement sur votre site. Concevez une galerie ou un slider de publications en 1-2-3\u00a0! Profitez d&rsquo;un contr\u00f4le absolu sur un contenu affich\u00e9 et supprimez le spam et tout contenu ind\u00e9sirable au moyen d&rsquo;une mod\u00e9ration manuelle. L&rsquo;\u00e9diteur en ligne totalement r\u00e9actif vous propose diff\u00e9rents mod\u00e8les \u00e0 s\u00e9lectionner. <\/p> <p><b>Pr\u00e9sentez le contenu Tumblr le plus convaincant pour int\u00e9resser vos visiteurs et contacter plus de personnes<\/b><\/p> <\/div> <div class=\"application-platform-content-item-features application-platform-content-item\" id=\"features\" data-nav-section=\"features\"> <h2>Ce sont seulement quelques-unes des fonctionnalit\u00e9s du widget de l&rsquo;application\u00a0: <\/h2> <ul><li>Affichez le contenu de Tumblr<\/li><li>\u00c9liminez tout spam et tout contenu ind\u00e9sirable gr\u00e2ce au mode de mod\u00e9ration manuelle. <\/li><li>D\u00e9finissez le bouton Suivre sur les publications du widget. <\/li><li>Affichez vos publications dans un mode pop-up. <\/li><\/ul><p><a href=\"#demo\">Vous pouvez d\u00e9couvrir toutes les fonctionnalit\u00e9s de l&rsquo;application dans la d\u00e9mo ici<\/a><\/p> <\/div> <div class=\"application-platform-content-item-installation application-platform-content-item\" id=\"installation\" data-nav-section=\"installation\"> <h2>Comment puis-je ajouter Tumblr Feed sur mon site Wix\u00a0? <\/h2> <p>Suivez simplement les instructions ci-dessous pour int\u00e9grer le plugin. <\/p> <ol><li><b>Utilisez notre \u00e9diteur gratuit et commencez \u00e0 cr\u00e9er votre instrument unique. <\/b><br> Sp\u00e9cifiez la mise en page et les options pr\u00e9f\u00e9rables pour l&rsquo;application et appliquez les modifications. <\/li> <li><b>Recevez votre code personnel r\u00e9v\u00e9l\u00e9 dans la case sur Elfsight Apps. <\/b><br> Juste une fois la cr\u00e9ation de votre application termin\u00e9e, copiez le code personnel de la fen\u00eatre contextuelle qui appara\u00eet et enregistrez-le pour un besoin ult\u00e9rieur. <\/li> <li><b>Commencez \u00e0 utiliser l&rsquo;outil sur le site Web de votre plateforme. <\/b><br> Impl\u00e9mentez le code copi\u00e9 auparavant dans votre site Web et enregistrez les modifications. <\/li> <li><b>Fait\u00a0! La configuration est enti\u00e8rement r\u00e9alis\u00e9e. <\/b><br> Acc\u00e9dez \u00e0 votre site pour voir comment fonctionne l&rsquo;outil. <\/li><\/ol> <p>En cas de difficult\u00e9s, n&rsquo;h\u00e9sitez pas \u00e0 contacter notre \u00e9quipe d&rsquo;assistance. Nos consultants seront ravis de vous aider avec tous les probl\u00e8mes que vous pourriez rencontrer avec l&rsquo;outil. <\/p> <\/div><div class=\"faq\" data-component=\"FAQ\"><div class=\"faq-item\">\r\n\t\t\t\t\t<div class=\"faq-item-question\">\r\n\t\t\t\t\t\t<h3 class=\"faq-item-question-text\">Existe-t-il une m\u00e9thode pour int\u00e9grer le flux Tumblr sur mon site Wix sans comp\u00e9tences en codage ?<\/h3>\r\n\r\n\t\t\t\t\t\t<div class=\"faq-item-question-icon\"><\/div>\r\n\t\t\t\t\t<\/div>\r\n\r\n\t\t\t\t\t<div class=\"faq-item-answer\">\r\n\t\t\t\t\t\t<div class=\"faq-item-answer-text\"><p>Soci\u00e9t\u00e9 Elfsight propose une solution qui permet \u00e0 un large public de cr\u00e9er vous-m\u00eame un widget de flux Tumblr, regardez les instructions simples\u00a0:<\/p><ul><li>Commencez \u00e0 travailler directement dans la d\u00e9mo en direct pour cr\u00e9er un plugin de flux Tumblr que vous souhaitez ajouter sur Wix. <\/li><li>Cliquez sur l&rsquo;un des mod\u00e8les pr\u00e9d\u00e9finis et modifiez les param\u00e8tres du flux Tumblr, changez la disposition et la couleur des \u00e9l\u00e9ments, mettez \u00e0 jour votre contenu sans aucune connaissance en codage.<\/li><li>Enregistrez le flux Tumblr et obtenez le code d&rsquo;int\u00e9gration, qui peut \u00eatre int\u00e9gr\u00e9 gratuitement et sans effort dans la page d&rsquo;accueil de Wix.<\/li><\/ul><p>\u00c0 l&rsquo;aide du configurateur intuitif, chaque utilisateur Web peut cr\u00e9er une section de flux Tumblr en ligne et l&rsquo;ajouter \u00e0 la page d&rsquo;accueil de Wix. Vous ne devez pas payer ni soumettre les informations d\u2019identification de votre carte pour acc\u00e9der \u00e0 notre \u00e9diteur. Si vous rencontrez des probl\u00e8mes de quelque nature que ce soit, n&rsquo;h\u00e9sitez pas \u00e0 en parler \u00e0 notre \u00e9quipe d&rsquo;assistance technique.<\/p><\/div>\r\n\t\t\t\t\t<\/div>\r\n\t\t\t\t<\/div><\/div>","protected":false},"excerpt":{"rendered":"","protected":false},"author":9,"featured_media":0,"parent":3457,"menu_order":0,"comment_status":"closed","ping_status":"closed","template":"templates\/template-application-platform.php","meta":{"publish_to_discourse":"","publish_post_category":"","wpdc_auto_publish_overridden":"","wpdc_topic_tags":"","wpdc_pin_topic":"","wpdc_pin_until":"","discourse_post_id":"","discourse_permalink":"","wpdc_publishing_response":"","wpdc_publishing_error":"","footnotes":""},"class_list":["post-10765","page","type-page","status-publish","hentry"],"yoast_head":"<!-- This site is optimized with the Yoast SEO plugin v25.3.1 - https:\/\/yoast.com\/wordpress\/plugins\/seo\/ -->\n<title>Ajoutez l&#039;application Tumblr Feed au site Web Wix (rapide et gratuit)<\/title>\n<meta name=\"description\" content=\"Int\u00e9grez une application Wix Tumblr Feed r\u00e9active sur votre site. Utilisez la d\u00e9mo pratique d&#039;Elfsight et g\u00e9n\u00e9rez votre application Tumblr unique en quelques clics\" \/>\n<meta name=\"robots\" content=\"index, follow, max-snippet:-1, max-image-preview:large, max-video-preview:-1\" \/>\n<link rel=\"canonical\" href=\"https:\/\/elfsight.com\/fr\/tumblr-feed-widget\/wix\/\" \/>\n<meta property=\"og:locale\" content=\"fr_FR\" \/>\n<meta property=\"og:type\" content=\"article\" \/>\n<meta property=\"og:title\" content=\"Ajoutez l&#039;application Tumblr Feed au site Web Wix (rapide et gratuit)\" \/>\n<meta property=\"og:description\" content=\"Int\u00e9grez une application Wix Tumblr Feed r\u00e9active sur votre site. Utilisez la d\u00e9mo pratique d&#039;Elfsight et g\u00e9n\u00e9rez votre application Tumblr unique en quelques clics\" \/>\n<meta property=\"og:url\" content=\"https:\/\/elfsight.com\/fr\/tumblr-feed-widget\/wix\/\" \/>\n<meta property=\"og:site_name\" content=\"Elfsight FR\" \/>\n<meta property=\"article:modified_time\" content=\"2025-07-10T14:01:14+00:00\" \/>\n<meta name=\"twitter:card\" content=\"summary_large_image\" \/>\n<meta name=\"twitter:label1\" content=\"Dur\u00e9e de lecture estim\u00e9e\" \/>\n\t<meta name=\"twitter:data1\" content=\"3 minutes\" \/>\n<!-- \/ Yoast SEO plugin. -->","yoast_head_json":{"title":"Ajoutez l'application Tumblr Feed au site Web Wix (rapide et gratuit)","description":"Int\u00e9grez une application Wix Tumblr Feed r\u00e9active sur votre site. Utilisez la d\u00e9mo pratique d'Elfsight et g\u00e9n\u00e9rez votre application Tumblr unique en quelques clics","robots":{"index":"index","follow":"follow","max-snippet":"max-snippet:-1","max-image-preview":"max-image-preview:large","max-video-preview":"max-video-preview:-1"},"canonical":"https:\/\/elfsight.com\/fr\/tumblr-feed-widget\/wix\/","og_locale":"fr_FR","og_type":"article","og_title":"Ajoutez l'application Tumblr Feed au site Web Wix (rapide et gratuit)","og_description":"Int\u00e9grez une application Wix Tumblr Feed r\u00e9active sur votre site. Utilisez la d\u00e9mo pratique d'Elfsight et g\u00e9n\u00e9rez votre application Tumblr unique en quelques clics","og_url":"https:\/\/elfsight.com\/fr\/tumblr-feed-widget\/wix\/","og_site_name":"Elfsight FR","article_modified_time":"2025-07-10T14:01:14+00:00","twitter_card":"summary_large_image","twitter_misc":{"Dur\u00e9e de lecture estim\u00e9e":"3 minutes"},"schema":{"@context":"https:\/\/schema.org","@graph":[{"@type":"WebPage","@id":"https:\/\/elfsight.com\/fr\/tumblr-feed-widget\/wix\/","url":"https:\/\/elfsight.com\/fr\/tumblr-feed-widget\/wix\/","name":"Ajoutez l'application Tumblr Feed au site Web Wix (rapide et gratuit)","isPartOf":{"@id":"https:\/\/elfsight.com\/fr\/#website"},"datePublished":"1970-01-01T00:00:00+00:00","dateModified":"2025-07-10T14:01:14+00:00","description":"Int\u00e9grez une application Wix Tumblr Feed r\u00e9active sur votre site. Utilisez la d\u00e9mo pratique d'Elfsight et g\u00e9n\u00e9rez votre application Tumblr unique en quelques clics","breadcrumb":{"@id":"https:\/\/elfsight.com\/fr\/tumblr-feed-widget\/wix\/#breadcrumb"},"inLanguage":"fr-FR","potentialAction":[{"@type":"ReadAction","target":["https:\/\/elfsight.com\/fr\/tumblr-feed-widget\/wix\/"]}]},{"@type":"BreadcrumbList","@id":"https:\/\/elfsight.com\/fr\/tumblr-feed-widget\/wix\/#breadcrumb","itemListElement":[{"@type":"ListItem","position":1,"name":"Home","item":"https:\/\/elfsight.com\/fr\/"},{"@type":"ListItem","position":2,"name":"Tumblr Feed","item":"https:\/\/elfsight.com\/fr\/tumblr-feed-widget\/"},{"@type":"ListItem","position":3,"name":"Tumblr Feed &#8211; Wix"}]},{"@type":"WebSite","@id":"https:\/\/elfsight.com\/fr\/#website","url":"https:\/\/elfsight.com\/fr\/","name":"Elfsight FR","description":"","potentialAction":[{"@type":"SearchAction","target":{"@type":"EntryPoint","urlTemplate":"https:\/\/elfsight.com\/fr\/?s={search_term_string}"},"query-input":{"@type":"PropertyValueSpecification","valueRequired":true,"valueName":"search_term_string"}}],"inLanguage":"fr-FR"}]}},"meta_box":{"industry":"","seo_heading":"","heading":"","description":"","cta_heading":"","cta_description":"","application":"3456","h1":"Application Wix Flux Tumblr","h1_caption":"Affichez les articles de votre blog tumblr sur votre site Web pour tenir les visiteurs inform\u00e9s de votre dernier contenu sur votre site Web Wix sans effort.","application_category":[],"applications_title":"","applications_request_title":"","applications_request_button_text":"","hero_text":"","hero_video":"","hero_video_schema_markup":"","selling_points_title":"","selling_points_caption":"","selling_points":[],"selling_points_cta_text":"","features_title":"","features":"","ed_cta_examples_text":"","ed_cta_examples_hidden":"","ed_cta_demo_text":"","ed_cta_demo_hidden":"","why_caption":"","why_editor_title":"","why_editor_text":"","why_team_title":"","why_team_text":"","why_service_title":"","why_service_text":"","template_catalog_visible":"","template_catalog_title":"","template_catalog_text":"","template_catalog_categories_visible":"","demo_title":"Cr\u00e9ez votre application Tumblr Feed","demo_caption":"Configurez votre flux Tumblr et ajoutez-le \u00e0 votre site Wix gratuitement !","default_faq_hidden":"","app_template_category":[],"platform":"345","template_public_id":"","codecanyon_url":"","codecanyon_item_id":"","codecanyon_price":"","pricing_caption":"","pricing_elfsight_apps_hide_column":"","pricing_elfsight_apps_url":"","pricing_codecanyon_price_caption":"","integration_category":[],"integration_request_title":"","integration_request_cta":"","integration_platform":"","integrations":[],"platform_category":[],"video_schema_markup":"","price":"\u00e0 partir de 0$ \/ mois","trial":"","benefits":[{"text":"Assistance \u00e0 l'installation gratuite"},{"text":"Support client exp\u00e9riment\u00e9"},{"text":"Garantie de remboursement de 14 jours"},{"text":"D\u00e9veloppement continu"}],"button_url":"","button_target_blank":"","button_nofollow":"","attributes":[{"name":"Installations","content":"10,000 - 100,000"},{"name":"Sensible","content":"Oui"},{"name":"Navigateurs compatibles","content":"Firefox, Safari, Opera, Chrome, Edge"}],"tags":[],"tags_disable_links":"","hide_more_platforms":"","video_object":"","demo_hide_cta":"","demo_hide_cloud_options":"","pricing_title":"","pricing":[{"pricing_icon":"platform","pricing_title":"Elfsight Apps","pricing_title_caption":"Solution multiplateforme adapt\u00e9e \u00e0 n'importe quel site Web","pricing_price":"from $0 \/ month","pricing_price_caption":"commencez avec un forfait gratuit","pricing_benefits":[{"text":"Domaines illimit\u00e9s"},{"text":"Assistance de l'entreprise 24h\/24 et 7j\/7 et bien document\u00e9e"},{"text":"Assistance \u00e0 l'installation gratuite"},{"text":"100% personnalisable"}],"pricing_button_text":"Ajouter au site Web","pricing_button_url":"#demo"}],"related_apps_title":"","related_apps_hidden":"","author":"","image":[],"title":"","job":"","social_networks":[]},"_links":{"self":[{"href":"https:\/\/elfsight.com\/fr\/wp-json\/wp\/v2\/pages\/10765","targetHints":{"allow":["GET"]}}],"collection":[{"href":"https:\/\/elfsight.com\/fr\/wp-json\/wp\/v2\/pages"}],"about":[{"href":"https:\/\/elfsight.com\/fr\/wp-json\/wp\/v2\/types\/page"}],"author":[{"embeddable":true,"href":"https:\/\/elfsight.com\/fr\/wp-json\/wp\/v2\/users\/9"}],"replies":[{"embeddable":true,"href":"https:\/\/elfsight.com\/fr\/wp-json\/wp\/v2\/comments?post=10765"}],"version-history":[{"count":1,"href":"https:\/\/elfsight.com\/fr\/wp-json\/wp\/v2\/pages\/10765\/revisions"}],"predecessor-version":[{"id":10769,"href":"https:\/\/elfsight.com\/fr\/wp-json\/wp\/v2\/pages\/10765\/revisions\/10769"}],"up":[{"embeddable":true,"href":"https:\/\/elfsight.com\/fr\/wp-json\/wp\/v2\/pages\/3457"}],"wp:attachment":[{"href":"https:\/\/elfsight.com\/fr\/wp-json\/wp\/v2\/media?parent=10765"}],"curies":[{"name":"wp","href":"https:\/\/api.w.org\/{rel}","templated":true}]}}