{"id":10757,"date":"1970-01-01T00:00:00","date_gmt":"1970-01-01T00:00:00","guid":{"rendered":"https:\/\/elfsight.com\/fr\/?page_id=10757"},"modified":"2025-07-10T13:59:33","modified_gmt":"2025-07-10T13:59:33","slug":"godaddy","status":"publish","type":"page","link":"https:\/\/elfsight.com\/fr\/tumblr-feed-widget\/godaddy\/","title":{"rendered":"Tumblr Feed &#8211; GoDaddy"},"content":{"rendered":"<div class=\"application-platform-content-item-description application-platform-content-item\" id=\"description\" data-nav-section=\"description\"> <h2>Int\u00e9grer le flux Tumblr sur GoDaddy avec le widget Elfsight<\/h2> <p>Elfsight Tumblr Feed est un plugin permettant de fa\u00e7onner votre flux personnalis\u00e9 compos\u00e9 de le contenu du r\u00e9seau Tumblr et en le pla\u00e7ant directement sur votre site Web. Cr\u00e9ez une galerie ou un slider de publications en 1-2-3\u00a0! Profitez d&rsquo;un contr\u00f4le absolu sur un contenu affich\u00e9 et \u00e9liminez le spam et tout contenu ind\u00e9sirable au moyen d&rsquo;une mod\u00e9ration manuelle. L&rsquo;\u00e9diteur en ligne enti\u00e8rement r\u00e9actif vous propose de nombreux mod\u00e8les \u00e0 s\u00e9lectionner. <\/p> <p><b>Choisissez le contenu Tumblr le plus attrayant pour engager les utilisateurs de votre site Web et toucher plus de personnes<\/b><\/p> <\/div> <div class=\"application-platform-content-item-features application-platform-content-item\" id=\"features\" data-nav-section=\"features\"> <h2>Ci-dessous sont les fonctionnalit\u00e9s de base du plugin\u00a0: <\/h2> <ul><li>Affichez votre contenu de r\u00e9seaux sociaux depuis Tumblr<\/li><li>D\u00e9barrassez-vous de tout spam et contenu ind\u00e9sirable gr\u00e2ce au mode de mod\u00e9ration manuelle. <\/li><li>D\u00e9finissez le bouton Suivre sur les cartes du plugin. <\/li><li>Laissez vos messages appara\u00eetre dans un mode pop-up. <\/li><\/ul><p><a href=\"#demo\">Vous pouvez d\u00e9couvrir toutes les fonctionnalit\u00e9s du plugin dans la d\u00e9mo ici<\/a><\/p> <\/div> <div class=\"application-platform-content-item-installation application-platform-content-item\" id=\"installation\" data-nav-section=\"installation\"> <h2>Comment puis-je int\u00e9grer le flux Tumblr dans mon site GoDaddy\u00a0? <\/h2> <p>Suivez simplement les instructions ci-dessous pour ins\u00e9rer le plugin. <\/p> <ol><li><b>G\u00e9rez notre \u00e9diteur gratuit et commencez \u00e0 cr\u00e9er votre propre plugin. <\/b><br> Recherchez la mise en page et les aspects s\u00e9lectionn\u00e9s du plugin et enregistrez les corrections. <\/li> <li><b>Copiez votre code unique qui appara\u00eet dans le formulaire sp\u00e9cial sur les applications Elfsight. <\/b><br> Une fois la cr\u00e9ation de votre outil termin\u00e9e, copiez le code exclusif dans la fen\u00eatre contextuelle qui appara\u00eet et conservez-le pour une occasion ult\u00e9rieure. <\/li> <li><b>Commencez \u00e0 utiliser le plugin sur votre site Web GoDaddy. <\/b><br> Impl\u00e9mentez le code que vous avez copi\u00e9 r\u00e9cemment dans votre site Web et enregistrez les modifications. <\/li> <li><b>Vous avez termin\u00e9\u00a0! L&rsquo;int\u00e9gration est pleinement r\u00e9alis\u00e9e. <\/b><br> Acc\u00e9dez \u00e0 votre site Web pour v\u00e9rifier le fonctionnement du plugin. <\/li><\/ol> <p>Si vous rencontrez des complications, n&rsquo;h\u00e9sitez pas \u00e0 vous adresser \u00e0 notre \u00e9quipe d&rsquo;assistance. Nos collaborateurs se feront un plaisir de vous aider avec tous les probl\u00e8mes que vous pourriez rencontrer avec le plugin. <\/p> <\/div><div class=\"faq\" data-component=\"FAQ\"><div class=\"faq-item\">\r\n\t\t\t\t\t<div class=\"faq-item-question\">\r\n\t\t\t\t\t\t<h3 class=\"faq-item-question-text\">De quelle mani\u00e8re puis-je int\u00e9grer le flux Tumblr \u00e0 ma page Web GoDaddy sans comp\u00e9tences en codage ?<\/h3>\r\n\r\n\t\t\t\t\t\t<div class=\"faq-item-question-icon\"><\/div>\r\n\t\t\t\t\t<\/div>\r\n\r\n\t\t\t\t\t<div class=\"faq-item-answer\">\r\n\t\t\t\t\t\t<div class=\"faq-item-answer-text\"><p>Elfsight La soci\u00e9t\u00e9 propose une solution SaaS qui permet \u00e0 l&rsquo;utilisateur de cr\u00e9er vous-m\u00eame un widget de flux Tumblr. Regardez \u00e0 quel point c&rsquo;est simple\u00a0:<\/p><ul><li>Acc\u00e9dez \u00e0 l&rsquo;\u00e9diteur en direct pour cr\u00e9er une application de flux Tumblr que vous souhaitez inclure sur la page d&rsquo;accueil de GoDaddy. .<\/li><li>S\u00e9lectionnez l&rsquo;un de nos mod\u00e8les pr\u00e9d\u00e9finis et modifiez les param\u00e8tres du flux Tumblr, mettez \u00e0 jour votre contenu, transformez la mise en page et les couleurs sans aucune comp\u00e9tence en codage.<\/li><li>Enregistrez le flux Tumblr et obtenez code d&rsquo;installation, qui peut \u00eatre coll\u00e9 sur la page d&rsquo;accueil de GoDaddy \u00e0 l&rsquo;aide d&rsquo;un forfait gratuit.<\/li><\/ul><p>Avec l&rsquo;aide du configurateur simple, chaque utilisateur Web peut cr\u00e9er l&rsquo;application Tumblr Feed en ligne et la coller sur sa page Web GoDaddy. Il n\u2019est pas n\u00e9cessaire de payer ou de divulguer les donn\u00e9es de votre carte pour acc\u00e9der \u00e0 notre \u00e9diteur. Si vous rencontrez des probl\u00e8mes \u00e0 quelque \u00e9tape que ce soit, n&rsquo;h\u00e9sitez pas \u00e0 contacter notre support technique client.<\/p><\/div>\r\n\t\t\t\t\t<\/div>\r\n\t\t\t\t<\/div><\/div>","protected":false},"excerpt":{"rendered":"","protected":false},"author":9,"featured_media":0,"parent":3457,"menu_order":0,"comment_status":"closed","ping_status":"closed","template":"templates\/template-application-platform.php","meta":{"publish_to_discourse":"","publish_post_category":"","wpdc_auto_publish_overridden":"","wpdc_topic_tags":"","wpdc_pin_topic":"","wpdc_pin_until":"","discourse_post_id":"","discourse_permalink":"","wpdc_publishing_response":"","wpdc_publishing_error":"","footnotes":""},"class_list":["post-10757","page","type-page","status-publish","hentry"],"yoast_head":"<!-- This site is optimized with the Yoast SEO plugin v25.3.1 - https:\/\/yoast.com\/wordpress\/plugins\/seo\/ -->\n<title>Tumblr Feed - Ajoutez le plugin Tumblr Feed au site Web de GoDaddy\u00a0!<\/title>\n<meta name=\"description\" content=\"Int\u00e9grez un plugin GoDaddy Tumblr Feed facile \u00e0 g\u00e9rer sur le site Web. Essayez la d\u00e9mo Elfsight et g\u00e9n\u00e9rez votre flux \u00e9l\u00e9gant\u00a0!\" \/>\n<meta name=\"robots\" content=\"index, follow, max-snippet:-1, max-image-preview:large, max-video-preview:-1\" \/>\n<link rel=\"canonical\" href=\"https:\/\/elfsight.com\/fr\/tumblr-feed-widget\/godaddy\/\" \/>\n<meta property=\"og:locale\" content=\"fr_FR\" \/>\n<meta property=\"og:type\" content=\"article\" \/>\n<meta property=\"og:title\" content=\"Tumblr Feed - Ajoutez le plugin Tumblr Feed au site Web de GoDaddy\u00a0!\" \/>\n<meta property=\"og:description\" content=\"Int\u00e9grez un plugin GoDaddy Tumblr Feed facile \u00e0 g\u00e9rer sur le site Web. Essayez la d\u00e9mo Elfsight et g\u00e9n\u00e9rez votre flux \u00e9l\u00e9gant\u00a0!\" \/>\n<meta property=\"og:url\" content=\"https:\/\/elfsight.com\/fr\/tumblr-feed-widget\/godaddy\/\" \/>\n<meta property=\"og:site_name\" content=\"Elfsight FR\" \/>\n<meta property=\"article:modified_time\" content=\"2025-07-10T13:59:33+00:00\" \/>\n<meta name=\"twitter:card\" content=\"summary_large_image\" \/>\n<meta name=\"twitter:label1\" content=\"Dur\u00e9e de lecture estim\u00e9e\" \/>\n\t<meta name=\"twitter:data1\" content=\"3 minutes\" \/>\n<!-- \/ Yoast SEO plugin. -->","yoast_head_json":{"title":"Tumblr Feed - Ajoutez le plugin Tumblr Feed au site Web de GoDaddy\u00a0!","description":"Int\u00e9grez un plugin GoDaddy Tumblr Feed facile \u00e0 g\u00e9rer sur le site Web. Essayez la d\u00e9mo Elfsight et g\u00e9n\u00e9rez votre flux \u00e9l\u00e9gant\u00a0!","robots":{"index":"index","follow":"follow","max-snippet":"max-snippet:-1","max-image-preview":"max-image-preview:large","max-video-preview":"max-video-preview:-1"},"canonical":"https:\/\/elfsight.com\/fr\/tumblr-feed-widget\/godaddy\/","og_locale":"fr_FR","og_type":"article","og_title":"Tumblr Feed - Ajoutez le plugin Tumblr Feed au site Web de GoDaddy\u00a0!","og_description":"Int\u00e9grez un plugin GoDaddy Tumblr Feed facile \u00e0 g\u00e9rer sur le site Web. Essayez la d\u00e9mo Elfsight et g\u00e9n\u00e9rez votre flux \u00e9l\u00e9gant\u00a0!","og_url":"https:\/\/elfsight.com\/fr\/tumblr-feed-widget\/godaddy\/","og_site_name":"Elfsight FR","article_modified_time":"2025-07-10T13:59:33+00:00","twitter_card":"summary_large_image","twitter_misc":{"Dur\u00e9e de lecture estim\u00e9e":"3 minutes"},"schema":{"@context":"https:\/\/schema.org","@graph":[{"@type":"WebPage","@id":"https:\/\/elfsight.com\/fr\/tumblr-feed-widget\/godaddy\/","url":"https:\/\/elfsight.com\/fr\/tumblr-feed-widget\/godaddy\/","name":"Tumblr Feed - Ajoutez le plugin Tumblr Feed au site Web de GoDaddy\u00a0!","isPartOf":{"@id":"https:\/\/elfsight.com\/fr\/#website"},"datePublished":"1970-01-01T00:00:00+00:00","dateModified":"2025-07-10T13:59:33+00:00","description":"Int\u00e9grez un plugin GoDaddy Tumblr Feed facile \u00e0 g\u00e9rer sur le site Web. Essayez la d\u00e9mo Elfsight et g\u00e9n\u00e9rez votre flux \u00e9l\u00e9gant\u00a0!","breadcrumb":{"@id":"https:\/\/elfsight.com\/fr\/tumblr-feed-widget\/godaddy\/#breadcrumb"},"inLanguage":"fr-FR","potentialAction":[{"@type":"ReadAction","target":["https:\/\/elfsight.com\/fr\/tumblr-feed-widget\/godaddy\/"]}]},{"@type":"BreadcrumbList","@id":"https:\/\/elfsight.com\/fr\/tumblr-feed-widget\/godaddy\/#breadcrumb","itemListElement":[{"@type":"ListItem","position":1,"name":"Home","item":"https:\/\/elfsight.com\/fr\/"},{"@type":"ListItem","position":2,"name":"Tumblr Feed","item":"https:\/\/elfsight.com\/fr\/tumblr-feed-widget\/"},{"@type":"ListItem","position":3,"name":"Tumblr Feed &#8211; GoDaddy"}]},{"@type":"WebSite","@id":"https:\/\/elfsight.com\/fr\/#website","url":"https:\/\/elfsight.com\/fr\/","name":"Elfsight FR","description":"","potentialAction":[{"@type":"SearchAction","target":{"@type":"EntryPoint","urlTemplate":"https:\/\/elfsight.com\/fr\/?s={search_term_string}"},"query-input":{"@type":"PropertyValueSpecification","valueRequired":true,"valueName":"search_term_string"}}],"inLanguage":"fr-FR"}]}},"meta_box":{"industry":"","seo_heading":"","heading":"","description":"","cta_heading":"","cta_description":"","application":"3456","h1":"Plugin de flux GoDaddy Tumblr","h1_caption":"Affichez les articles de votre blog tumblr sur votre site Web pour tenir les visiteurs inform\u00e9s de votre dernier contenu sur votre site Web GoDaddy sans effort.","application_category":[],"applications_title":"","applications_request_title":"","applications_request_button_text":"","hero_text":"","hero_video":"","hero_video_schema_markup":"","selling_points_title":"","selling_points_caption":"","selling_points":[],"selling_points_cta_text":"","features_title":"","features":"","ed_cta_examples_text":"","ed_cta_examples_hidden":"","ed_cta_demo_text":"","ed_cta_demo_hidden":"","why_caption":"","why_editor_title":"","why_editor_text":"","why_team_title":"","why_team_text":"","why_service_title":"","why_service_text":"","template_catalog_visible":"","template_catalog_title":"","template_catalog_text":"","template_catalog_categories_visible":"","demo_title":"Cr\u00e9ez votre plugin de flux Tumblr","demo_caption":"Configurez votre flux Tumblr et ajoutez-le gratuitement \u00e0 votre site Web GoDaddy\u00a0!","default_faq_hidden":"","app_template_category":[],"platform":"370","template_public_id":"","codecanyon_url":"","codecanyon_item_id":"","codecanyon_price":"","pricing_caption":"","pricing_elfsight_apps_hide_column":"","pricing_elfsight_apps_url":"","pricing_codecanyon_price_caption":"","integration_category":[],"integration_request_title":"","integration_request_cta":"","integration_platform":"","integrations":[],"platform_category":[],"video_schema_markup":"","price":"\u00e0 partir de 0$ \/ mois","trial":"","benefits":[{"text":"Service d'installation gratuit"},{"text":"Soutien exceptionnel"},{"text":"Garantie de remboursement de 14 jours"},{"text":"D\u00e9veloppement continu"}],"button_url":"","button_target_blank":"","button_nofollow":"","attributes":[{"name":"Installations","content":"10,000 - 100,000"},{"name":"Sensible","content":"Oui"},{"name":"Navigateurs compatibles","content":"IE11, Firefox, Safari, Opera, Chrome, Edge"}],"tags":[],"tags_disable_links":"","hide_more_platforms":"","video_object":"","demo_hide_cta":"","demo_hide_cloud_options":"","pricing_title":"","pricing":[{"pricing_icon":"platform","pricing_title":"Elfsight Apps","pricing_title_caption":"Version multiplateforme","pricing_price":"from $0 \/ month","pricing_price_caption":"commencez avec un forfait gratuit","pricing_benefits":[{"text":"Domaines illimit\u00e9s"},{"text":"Accompagnement d\u00e9di\u00e9 de l'entreprise"},{"text":"Assistance \u00e0 l'installation gratuite"},{"text":"Enti\u00e8rement personnalisable"}],"pricing_button_text":"Ajouter au site Web","pricing_button_url":"#demo"}],"related_apps_title":"","related_apps_hidden":"","author":"","image":[],"title":"","job":"","social_networks":[]},"_links":{"self":[{"href":"https:\/\/elfsight.com\/fr\/wp-json\/wp\/v2\/pages\/10757","targetHints":{"allow":["GET"]}}],"collection":[{"href":"https:\/\/elfsight.com\/fr\/wp-json\/wp\/v2\/pages"}],"about":[{"href":"https:\/\/elfsight.com\/fr\/wp-json\/wp\/v2\/types\/page"}],"author":[{"embeddable":true,"href":"https:\/\/elfsight.com\/fr\/wp-json\/wp\/v2\/users\/9"}],"replies":[{"embeddable":true,"href":"https:\/\/elfsight.com\/fr\/wp-json\/wp\/v2\/comments?post=10757"}],"version-history":[{"count":1,"href":"https:\/\/elfsight.com\/fr\/wp-json\/wp\/v2\/pages\/10757\/revisions"}],"predecessor-version":[{"id":10761,"href":"https:\/\/elfsight.com\/fr\/wp-json\/wp\/v2\/pages\/10757\/revisions\/10761"}],"up":[{"embeddable":true,"href":"https:\/\/elfsight.com\/fr\/wp-json\/wp\/v2\/pages\/3457"}],"wp:attachment":[{"href":"https:\/\/elfsight.com\/fr\/wp-json\/wp\/v2\/media?parent=10757"}],"curies":[{"name":"wp","href":"https:\/\/api.w.org\/{rel}","templated":true}]}}