{"id":10749,"date":"1970-01-01T00:00:00","date_gmt":"1970-01-01T00:00:00","guid":{"rendered":"https:\/\/elfsight.com\/fr\/?page_id=10749"},"modified":"2025-07-10T13:56:23","modified_gmt":"2025-07-10T13:56:23","slug":"blogger","status":"publish","type":"page","link":"https:\/\/elfsight.com\/fr\/tripadvisor-reviews-widget\/blogger\/","title":{"rendered":"Tripadvisor Reviews &#8211; Blogger"},"content":{"rendered":"<div class=\"application-platform-content-item-description application-platform-content-item\" id=\"description\" data-nav-section=\"description\"> <h2>Description<\/h2> <p>Elfsight Tripadvisor Reviews est un widget simple qui vous aidera \u00e0 int\u00e9grer dans le site Web les avis sur votre entreprise provenant de utilisateurs de Tripadvisor. Avec ce widget, vous pouvez appliquer des filtres pour masquer les avis n\u00e9gatifs, afficher vos notes et num\u00e9ros de Tripadvisor, afficher des d\u00e9tails sur les auteurs et afficher un bouton qui redirigera les visiteurs vers l&rsquo;ajout d&rsquo;un nouvel avis sur Tripadvisor. Les avis Tripadvisor d&rsquo;Elfsight vous aideront \u00e0 d\u00e9montrer votre preuve sociale \u00e9lev\u00e9e sur votre site et \u00e0 augmenter vos ventes. <\/p><div class=\"faq\" data-component=\"FAQ\"> <div class=\"faq-item\">\r\n\t\t\t\t\t<div class=\"faq-item-question\">\r\n\t\t\t\t\t\t<h3 class=\"faq-item-question-text\">O\u00f9 sur mon site puis-je ins\u00e9rer ce plugin<\/h3>\r\n\r\n\t\t\t\t\t\t<div class=\"faq-item-question-icon\"><\/div>\r\n\t\t\t\t\t<\/div>\r\n\r\n\t\t\t\t\t<div class=\"faq-item-answer\">\r\n\t\t\t\t\t\t<div class=\"faq-item-answer-text\"> <p>Vous \u00eates libre de coller le widget dans n&rsquo;importe quelle page du site, ou de le mettre dans le mod\u00e8le du site Web, dans ce Dans ce cas, il sera r\u00e9v\u00e9l\u00e9 sur toutes les pages. Les avis peuvent \u00eatre efficaces sur les pages de produits ou sur la page \u00c0 propos de nous, les endroits o\u00f9 vous souhaitez afficher votre appr\u00e9ciation \u00e9lev\u00e9e. <\/p><\/div>\r\n\t\t\t\t\t<\/div>\r\n\t\t\t\t<\/div> <div class=\"faq-item\">\r\n\t\t\t\t\t<div class=\"faq-item-question\">\r\n\t\t\t\t\t\t<h3 class=\"faq-item-question-text\">Quels avantages cela m'apporte ? <\/h3>\r\n\r\n\t\t\t\t\t\t<div class=\"faq-item-question-icon\"><\/div>\r\n\t\t\t\t\t<\/div>\r\n\r\n\t\t\t\t\t<div class=\"faq-item-answer\">\r\n\t\t\t\t\t\t<div class=\"faq-item-answer-text\"> <p>Les avis partag\u00e9s par de vraies personnes sont parfaitement cr\u00e9dibles pour les visiteurs de votre site Web et leur d\u00e9montrent que votre entreprise est fiable. Une note \u00e9lev\u00e9e et d\u2019excellentes critiques peuvent contribuer \u00e0 augmenter le niveau d\u2019achats sur votre site Web. De plus, un bouton actif peut contribuer \u00e0 obtenir davantage d&rsquo;avis de clients sur vos offres ou services sur Tripadvisor. <\/p> <\/div>\r\n\t\t\t\t\t<\/div>\r\n\t\t\t\t<\/div> <div class=\"faq-item\">\r\n\t\t\t\t\t<div class=\"faq-item-question\">\r\n\t\t\t\t\t\t<h3 class=\"faq-item-question-text\">Comment puis-je installer le widget Avis de Tripadvisor sur mon site Blogger ? <\/h3>\r\n\r\n\t\t\t\t\t\t<div class=\"faq-item-question-icon\"><\/div>\r\n\t\t\t\t\t<\/div>\r\n\r\n\t\t\t\t\t<div class=\"faq-item-answer\">\r\n\t\t\t\t\t\t<div class=\"faq-item-answer-text\"> <p>Cela ne prendra qu&rsquo;une minute de votre temps pour commencer \u00e0 utiliser le widget. Le processus d&rsquo;int\u00e9gration est extr\u00eamement rapide, gratuit et sans codage. <\/p> <p>Vous pouvez coller le widget Avis sur votre site via notre service. Appliquez simplement le guide ci-dessous sur cette page. <\/p> <\/div>\r\n\t\t\t\t\t<\/div>\r\n\t\t\t\t<\/div> <\/div> <\/div> <div class=\"application-platform-content-item-features application-platform-content-item\" id=\"features\" data-nav-section=\"features\"> <h2>Fonctionnalit\u00e9s<\/h2> <p>Pour avoir une id\u00e9e plus claire de notre widget Avis, consultez la liste des ses fonctions essentielles. Ils rendent le widget incroyablement efficace pour vous\u00a0: <\/p> <ul> <li>Trois filtres pr\u00e9d\u00e9finis\u00a0: par type, exclusion par et nombre d&rsquo;avis \u00e0 afficher\u00a0; <\/li> <li>4\u00a0dispositions disponibles\u00a0: liste, grille, ma\u00e7onnerie et curseur\u00a0; <\/li> <li>Une possibilit\u00e9 de contr\u00f4ler l&rsquo;affichage de l&rsquo;en-t\u00eate du widget\u00a0; <\/li> <li>Le bouton actif permettant de publier un nouvel avis redirige les utilisateurs vers la page Tripadvisor\u00a0; <\/li> <li>Six \u00e9l\u00e9ments flexibles du widget\u00a0: nom et photo de l&rsquo;auteur, recommandation, date de partage, ic\u00f4ne Tripadvisor et note par \u00e9toiles\u00a0; <\/li> <li>Deux sc\u00e9narios possibles de rejet d&rsquo;une demande d&rsquo;avis\u00a0: r\u00e9v\u00e9ler un message personnalis\u00e9 ou supprimer le bouton. <\/li> <\/ul><p><a href=\"#demo\">Explorez toutes les fonctionnalit\u00e9s dans la d\u00e9mo<\/a><\/p> <\/div> <div class=\"application-platform-content-item-installation application-platform-content-item\" id=\"installation\" data-nav-section=\"installation\"> <h2>V\u00e9rifiez comment pour placer les avis Tripadvisor sur votre site Blogger. C&rsquo;est rapide et gratuit. <\/h2> <div class=\"video-container\"><iframe width=\"720\" height=\"405\" src=\"https:\/\/www.youtube.com\/embed\/UiZLXM-pxFI\" frameborder=\"0\" allowfullscreen=\"\"><\/iframe><\/div><p>Les actions ci-dessous sont la seule chose que vous devez faire pour une installation r\u00e9ussie. <\/p> <ul><li><b>Concevez votre widget Tripadvisor unique<\/b><br> Dans notre d\u00e9mo gratuite, configurez un plugin avec une apparence et des fonctionnalit\u00e9s pr\u00e9f\u00e9rables. <\/li><li><b>Acqu\u00e9rir le code personnel pour configurer le plugin<\/b><br> Apr\u00e8s avoir personnalis\u00e9 votre widget, vous obtiendrez votre code personnel dans la fen\u00eatre qui appara\u00eet sur Elfsight Apps. Copiez ce code pour une utilisation future. <\/li> <li><b>Publiez le plugin sur votre site<\/b><br> Choisissez l&rsquo;endroit o\u00f9 vous devez r\u00e9v\u00e9ler le plugin et ins\u00e9rez-y le code copi\u00e9. Publiez les r\u00e9sultats.<\/li> <li><b>L&rsquo;int\u00e9gration est r\u00e9ussie\u00a0! <\/b><br> Visitez votre page pour v\u00e9rifier votre plugin. <\/li> <\/ul><p>Vous n&rsquo;arrivez toujours pas \u00e0 prendre une d\u00e9cision\u00a0? Ou vous avez des probl\u00e8mes ? Une seule demande \u00e0 notre \u00e9quipe d\u2019assistance vous aidera \u00e0 r\u00e9soudre chaque probl\u00e8me. <\/p> <\/div>","protected":false},"excerpt":{"rendered":"","protected":false},"author":9,"featured_media":0,"parent":1828,"menu_order":0,"comment_status":"closed","ping_status":"closed","template":"templates\/template-application-platform.php","meta":{"publish_to_discourse":"","publish_post_category":"","wpdc_auto_publish_overridden":"","wpdc_topic_tags":"","wpdc_pin_topic":"","wpdc_pin_until":"","discourse_post_id":"","discourse_permalink":"","wpdc_publishing_response":"","wpdc_publishing_error":"","footnotes":""},"class_list":["post-10749","page","type-page","status-publish","hentry"],"yoast_head":"<!-- This site is optimized with the Yoast SEO plugin v25.3.1 - https:\/\/yoast.com\/wordpress\/plugins\/seo\/ -->\n<title>Int\u00e9grez le widget Avis Tripadvisor sur votre site Blogger (en 2 minutes)<\/title>\n<meta name=\"description\" content=\"Voici une opportunit\u00e9 de cr\u00e9er un widget Avis Tripadvisor et de l&#039;ajouter \u00e0 votre site Web Blogger. Profitez du service client gratuit et d&#039;autres bonus d&#039;Elfsight.\" \/>\n<meta name=\"robots\" content=\"index, follow, max-snippet:-1, max-image-preview:large, max-video-preview:-1\" \/>\n<link rel=\"canonical\" href=\"https:\/\/elfsight.com\/fr\/tripadvisor-reviews-widget\/blogger\/\" \/>\n<meta property=\"og:locale\" content=\"fr_FR\" \/>\n<meta property=\"og:type\" content=\"article\" \/>\n<meta property=\"og:title\" content=\"Int\u00e9grez le widget Avis Tripadvisor sur votre site Blogger (en 2 minutes)\" \/>\n<meta property=\"og:description\" content=\"Voici une opportunit\u00e9 de cr\u00e9er un widget Avis Tripadvisor et de l&#039;ajouter \u00e0 votre site Web Blogger. Profitez du service client gratuit et d&#039;autres bonus d&#039;Elfsight.\" \/>\n<meta property=\"og:url\" content=\"https:\/\/elfsight.com\/fr\/tripadvisor-reviews-widget\/blogger\/\" \/>\n<meta property=\"og:site_name\" content=\"Elfsight FR\" \/>\n<meta property=\"article:modified_time\" content=\"2025-07-10T13:56:23+00:00\" \/>\n<meta name=\"twitter:card\" content=\"summary_large_image\" \/>\n<meta name=\"twitter:label1\" content=\"Dur\u00e9e de lecture estim\u00e9e\" \/>\n\t<meta name=\"twitter:data1\" content=\"3 minutes\" \/>\n<!-- \/ Yoast SEO plugin. -->","yoast_head_json":{"title":"Int\u00e9grez le widget Avis Tripadvisor sur votre site Blogger (en 2 minutes)","description":"Voici une opportunit\u00e9 de cr\u00e9er un widget Avis Tripadvisor et de l'ajouter \u00e0 votre site Web Blogger. Profitez du service client gratuit et d'autres bonus d'Elfsight.","robots":{"index":"index","follow":"follow","max-snippet":"max-snippet:-1","max-image-preview":"max-image-preview:large","max-video-preview":"max-video-preview:-1"},"canonical":"https:\/\/elfsight.com\/fr\/tripadvisor-reviews-widget\/blogger\/","og_locale":"fr_FR","og_type":"article","og_title":"Int\u00e9grez le widget Avis Tripadvisor sur votre site Blogger (en 2 minutes)","og_description":"Voici une opportunit\u00e9 de cr\u00e9er un widget Avis Tripadvisor et de l'ajouter \u00e0 votre site Web Blogger. Profitez du service client gratuit et d'autres bonus d'Elfsight.","og_url":"https:\/\/elfsight.com\/fr\/tripadvisor-reviews-widget\/blogger\/","og_site_name":"Elfsight FR","article_modified_time":"2025-07-10T13:56:23+00:00","twitter_card":"summary_large_image","twitter_misc":{"Dur\u00e9e de lecture estim\u00e9e":"3 minutes"},"schema":{"@context":"https:\/\/schema.org","@graph":[{"@type":"WebPage","@id":"https:\/\/elfsight.com\/fr\/tripadvisor-reviews-widget\/blogger\/","url":"https:\/\/elfsight.com\/fr\/tripadvisor-reviews-widget\/blogger\/","name":"Int\u00e9grez le widget Avis Tripadvisor sur votre site Blogger (en 2 minutes)","isPartOf":{"@id":"https:\/\/elfsight.com\/fr\/#website"},"datePublished":"1970-01-01T00:00:00+00:00","dateModified":"2025-07-10T13:56:23+00:00","description":"Voici une opportunit\u00e9 de cr\u00e9er un widget Avis Tripadvisor et de l'ajouter \u00e0 votre site Web Blogger. Profitez du service client gratuit et d'autres bonus d'Elfsight.","breadcrumb":{"@id":"https:\/\/elfsight.com\/fr\/tripadvisor-reviews-widget\/blogger\/#breadcrumb"},"inLanguage":"fr-FR","potentialAction":[{"@type":"ReadAction","target":["https:\/\/elfsight.com\/fr\/tripadvisor-reviews-widget\/blogger\/"]}]},{"@type":"BreadcrumbList","@id":"https:\/\/elfsight.com\/fr\/tripadvisor-reviews-widget\/blogger\/#breadcrumb","itemListElement":[{"@type":"ListItem","position":1,"name":"Home","item":"https:\/\/elfsight.com\/fr\/"},{"@type":"ListItem","position":2,"name":"Tripadvisor Reviews","item":"https:\/\/elfsight.com\/fr\/tripadvisor-reviews-widget\/"},{"@type":"ListItem","position":3,"name":"Tripadvisor Reviews &#8211; Blogger"}]},{"@type":"WebSite","@id":"https:\/\/elfsight.com\/fr\/#website","url":"https:\/\/elfsight.com\/fr\/","name":"Elfsight FR","description":"","potentialAction":[{"@type":"SearchAction","target":{"@type":"EntryPoint","urlTemplate":"https:\/\/elfsight.com\/fr\/?s={search_term_string}"},"query-input":{"@type":"PropertyValueSpecification","valueRequired":true,"valueName":"search_term_string"}}],"inLanguage":"fr-FR"}]}},"meta_box":{"industry":"","seo_heading":"","heading":"","description":"","cta_heading":"","cta_description":"","application":"1809","h1":"Widget des avis Tripadvisor de Blogger","h1_caption":"Affichez les meilleurs avis des utilisateurs de Tripadvisor sur votre site Web","application_category":[],"applications_title":"","applications_request_title":"","applications_request_button_text":"","hero_text":"","hero_video":"","hero_video_schema_markup":"","selling_points_title":"","selling_points_caption":"","selling_points":[],"selling_points_cta_text":"","features_title":"","features":"","ed_cta_examples_text":"","ed_cta_examples_hidden":"","ed_cta_demo_text":"","ed_cta_demo_hidden":"","why_caption":"","why_editor_title":"","why_editor_text":"","why_team_title":"","why_team_text":"","why_service_title":"","why_service_text":"","template_catalog_visible":"","template_catalog_title":"","template_catalog_text":"","template_catalog_categories_visible":"","demo_title":"Cr\u00e9ez votre widget Avis Tripadvisor","demo_caption":"Configurez vos avis Tripadvisor et ajoutez-les gratuitement \u00e0 votre site Blogger\u00a0!","default_faq_hidden":"","app_template_category":[],"platform":"348","template_public_id":"","codecanyon_url":"","codecanyon_item_id":"","codecanyon_price":"","pricing_caption":"","pricing_elfsight_apps_hide_column":"","pricing_elfsight_apps_url":"","pricing_codecanyon_price_caption":"","integration_category":[],"integration_request_title":"","integration_request_cta":"","integration_platform":"","integrations":[],"platform_category":[],"video_schema_markup":"","price":"\u00e0 partir de 0$ \/ mois","trial":"","benefits":[{"text":"Assistance \u00e0 l'installation gratuite"},{"text":"Soutien exceptionnel"},{"text":"Garantie de remboursement de 14 jours"},{"text":"Mise \u00e0 jour constante"}],"button_url":"","button_target_blank":"","button_nofollow":"","attributes":[{"name":"Installations","content":"10,000 - 100,000"},{"name":"Sensible","content":"Oui"},{"name":"Navigateurs compatibles","content":"Firefox, Safari, Opera, Chrome, Edge"}],"tags":[],"tags_disable_links":"","hide_more_platforms":"","video_object":"","demo_hide_cta":"","demo_hide_cloud_options":"","pricing_title":"","pricing":[{"pricing_icon":"platform","pricing_title":"Elfsight Apps","pricing_title_caption":"Logiciel multiplateforme qui fonctionne sur n'importe quel site","pricing_price":"from $0 \/ month","pricing_price_caption":"commencez avec un forfait gratuit","pricing_benefits":[{"text":"Domaines illimit\u00e9s"},{"text":"Support client d\u00e9di\u00e9 et bien document\u00e9"},{"text":"Service d'installation gratuit"},{"text":"100% personnalisable"}],"pricing_button_text":"Ajouter au site Web","pricing_button_url":"#demo"}],"related_apps_title":"","related_apps_hidden":"","author":"","image":[],"title":"","job":"","social_networks":[]},"_links":{"self":[{"href":"https:\/\/elfsight.com\/fr\/wp-json\/wp\/v2\/pages\/10749","targetHints":{"allow":["GET"]}}],"collection":[{"href":"https:\/\/elfsight.com\/fr\/wp-json\/wp\/v2\/pages"}],"about":[{"href":"https:\/\/elfsight.com\/fr\/wp-json\/wp\/v2\/types\/page"}],"author":[{"embeddable":true,"href":"https:\/\/elfsight.com\/fr\/wp-json\/wp\/v2\/users\/9"}],"replies":[{"embeddable":true,"href":"https:\/\/elfsight.com\/fr\/wp-json\/wp\/v2\/comments?post=10749"}],"version-history":[{"count":1,"href":"https:\/\/elfsight.com\/fr\/wp-json\/wp\/v2\/pages\/10749\/revisions"}],"predecessor-version":[{"id":10753,"href":"https:\/\/elfsight.com\/fr\/wp-json\/wp\/v2\/pages\/10749\/revisions\/10753"}],"up":[{"embeddable":true,"href":"https:\/\/elfsight.com\/fr\/wp-json\/wp\/v2\/pages\/1828"}],"wp:attachment":[{"href":"https:\/\/elfsight.com\/fr\/wp-json\/wp\/v2\/media?parent=10749"}],"curies":[{"name":"wp","href":"https:\/\/api.w.org\/{rel}","templated":true}]}}