{"id":10748,"date":"1970-01-01T00:00:00","date_gmt":"1970-01-01T00:00:00","guid":{"rendered":"https:\/\/elfsight.com\/fr\/?page_id=10748"},"modified":"2025-07-10T13:57:34","modified_gmt":"2025-07-10T13:57:34","slug":"jquery","status":"publish","type":"page","link":"https:\/\/elfsight.com\/fr\/tripadvisor-reviews-widget\/jquery\/","title":{"rendered":"Tripadvisor Reviews &#8211; jQuery"},"content":{"rendered":"<div class=\"application-platform-content-item-description application-platform-content-item\" id=\"description\" data-nav-section=\"description\"> <h2>Description<\/h2> <p>Si vous avez besoin de vanter votre appr\u00e9ciation par les clients et de convaincre les visiteurs de votre site Web que vos offres valent la peine d&rsquo;\u00eatre achet\u00e9es, Les avis Tripadvisor d\u2019Elfsight seront le bon choix. Avec l&rsquo;aide de ce widget, vous pouvez ins\u00e9rer les avis des utilisateurs de Tripadvisor sur votre site avec des informations sur leurs auteurs ; utilisez des filtres pour masquer les avis n\u00e9gatifs\u00a0; afficher les notes et un bouton de redirection qui dirigera les utilisateurs vers votre page Tripadvisor, o\u00f9 ils pourront publier un avis suppl\u00e9mentaire. <\/p><div class=\"faq\" data-component=\"FAQ\"> <div class=\"faq-item\">\r\n\t\t\t\t\t<div class=\"faq-item-question\">\r\n\t\t\t\t\t\t<h3 class=\"faq-item-question-text\">O\u00f9 puis-je afficher ce plugin<\/h3>\r\n\r\n\t\t\t\t\t\t<div class=\"faq-item-question-icon\"><\/div>\r\n\t\t\t\t\t<\/div>\r\n\r\n\t\t\t\t\t<div class=\"faq-item-answer\">\r\n\t\t\t\t\t\t<div class=\"faq-item-answer-text\"> <p>Notre widget peut \u00eatre ajout\u00e9 sur n&rsquo;importe quelle page Web, o\u00f9 vous souhaitez impressionner les utilisateurs avec votre haute appr\u00e9ciation et votre popularit\u00e9 parmi les clients. Si vous en avez besoin sur toutes les pages de votre site, vous pouvez facilement l&rsquo;ajouter au mod\u00e8le de site Web. <\/p><\/div>\r\n\t\t\t\t\t<\/div>\r\n\t\t\t\t<\/div> <div class=\"faq-item\">\r\n\t\t\t\t\t<div class=\"faq-item-question\">\r\n\t\t\t\t\t\t<h3 class=\"faq-item-question-text\">Comment puis-je b\u00e9n\u00e9ficier du widget ? <\/h3>\r\n\r\n\t\t\t\t\t\t<div class=\"faq-item-question-icon\"><\/div>\r\n\t\t\t\t\t<\/div>\r\n\r\n\t\t\t\t\t<div class=\"faq-item-answer\">\r\n\t\t\t\t\t\t<div class=\"faq-item-answer-text\"> <p>Les avis laiss\u00e9s par de vraies personnes sont parfaitement dignes de confiance pour les clients de votre site Web et leur d\u00e9montrent que votre entreprise est fiable. Des notes \u00e9lev\u00e9es et des avis positifs peuvent contribuer \u00e0 augmenter les achats sur votre site. De plus, un bouton actif peut contribuer \u00e0 augmenter le nombre d&rsquo;avis clients li\u00e9s \u00e0 vos offres ou services sur Tripadvisor. <\/p> <\/div>\r\n\t\t\t\t\t<\/div>\r\n\t\t\t\t<\/div> <div class=\"faq-item\">\r\n\t\t\t\t\t<div class=\"faq-item-question\">\r\n\t\t\t\t\t\t<h3 class=\"faq-item-question-text\">Comment installer les avis du widget Tripadvisor sur le site jQuery ? <\/h3>\r\n\r\n\t\t\t\t\t\t<div class=\"faq-item-question-icon\"><\/div>\r\n\t\t\t\t\t<\/div>\r\n\r\n\t\t\t\t\t<div class=\"faq-item-answer\">\r\n\t\t\t\t\t\t<div class=\"faq-item-answer-text\"> <p>La configuration du widget ne prend qu&rsquo;une minute de votre temps. L&rsquo;int\u00e9gration est vraiment rapide, gratuite et sans codage. <\/p> <p>Il existe une option permettant d&rsquo;int\u00e9grer le widget Avis au site directement via notre service. Consultez simplement la br\u00e8ve description ci-dessous sur cette page. <\/p> <\/div>\r\n\t\t\t\t\t<\/div>\r\n\t\t\t\t<\/div> <\/div> <\/div> <div class=\"application-platform-content-item-features application-platform-content-item\" id=\"features\" data-nav-section=\"features\"> <h2>Fonctionnalit\u00e9s<\/h2> <p>Afin de mieux comprendre le widget Avis, consultez la liste de ses principales caract\u00e9ristiques. Ils le rendent incroyablement efficace pour vous\u00a0: <\/p> <ul> <li>Trois filtres disponibles\u00a0: par type, exclusion par et nombre d&rsquo;avis \u00e0 afficher\u00a0; <\/li> <li>Quatre variantes de mises en page\u00a0: Liste, Grille, Ma\u00e7onnerie et Slider\u00a0; <\/li> <li> En-t\u00eate enti\u00e8rement flexible du widget\u00a0; <\/li> <li>Le bouton actif permettant d&rsquo;ajouter un avis suppl\u00e9mentaire redirige les utilisateurs vers votre page Tripadvisor\u00a0; <\/li> <li>Six \u00e9l\u00e9ments flexibles du widget\u00a0: le nom de l&rsquo;auteur et la photo, le texte de la recommandation, la date, l&rsquo;ic\u00f4ne Tripadvisor et le nombre d&rsquo;\u00e9toiles\u00a0; <\/li> <li>Deux alternatives de sc\u00e9narios de rejet de demande d&rsquo;avis\u00a0: r\u00e9v\u00e9ler votre message ou supprimer le bouton. <\/li> <\/ul><p><a href=\"#demo\">D\u00e9couvrez plus de fonctionnalit\u00e9s dans notre d\u00e9mo en direct<\/a><\/p> <\/div> <div class=\"application-platform-content-item-installation application-platform-content-item\" id=\"installation\" data-nav-section=\"installation\"> <h2>Voici comment ajouter les avis Tripadvisor \u00e0 votre page jQuery. C&rsquo;est vraiment simple.<\/h2> <p>Ces diff\u00e9rentes actions sont la seule chose que vous devez faire pour terminer l&rsquo;installation. C\u2019est rapide et sans codage. <\/p> <ul><li><b>Construisez votre plugin Tripadvisor personnalis\u00e9<\/b><br> Dans notre \u00e9diteur gratuit, configurez un plugin avec une composition et des caract\u00e9ristiques fonctionnelles pr\u00e9f\u00e9r\u00e9es. <\/li><li><b>Acqu\u00e9rir le code personnel pour int\u00e9grer le plugin<\/b><br> Apr\u00e8s avoir g\u00e9n\u00e9r\u00e9 votre widget, vous obtiendrez votre code personnel dans la fen\u00eatre contextuelle d&rsquo;Elfsight Apps. Copiez-le pour une utilisation ult\u00e9rieure. <\/li> <li><b> Ajoutez le plugin \u00e0 votre site Web<\/b><br> Choisissez la zone o\u00f9 vous souhaitez afficher le plugin et ins\u00e9rez-y le code copi\u00e9. Appliquez les modifications. <\/li> <li><b>F\u00e9licitations\u00a0! Vous venez d&rsquo;int\u00e9grer le widget\u00a0! <\/b><br> Visitez le magasin pour voir votre travail. <\/li> <\/ul><p>Vous n&rsquo;arrivez toujours pas \u00e0 prendre une d\u00e9cision\u00a0? Ou vous avez des probl\u00e8mes ? Une simple demande \u00e0 notre service client r\u00e9soudra chaque probl\u00e8me. <\/p> <\/div>","protected":false},"excerpt":{"rendered":"","protected":false},"author":9,"featured_media":0,"parent":1828,"menu_order":0,"comment_status":"closed","ping_status":"closed","template":"templates\/template-application-platform.php","meta":{"publish_to_discourse":"","publish_post_category":"","wpdc_auto_publish_overridden":"","wpdc_topic_tags":"","wpdc_pin_topic":"","wpdc_pin_until":"","discourse_post_id":"","discourse_permalink":"","wpdc_publishing_response":"","wpdc_publishing_error":"","footnotes":""},"class_list":["post-10748","page","type-page","status-publish","hentry"],"yoast_head":"<!-- This site is optimized with the Yoast SEO plugin v25.3.1 - https:\/\/yoast.com\/wordpress\/plugins\/seo\/ -->\n<title>Ajoutez le plugin Tripadvisor Reviews sur votre site jQuery (facile et rapide)<\/title>\n<meta name=\"description\" content=\"Avec Elfsight, concevez votre plugin Tripadvisor Reviews et ins\u00e9rez-le sur votre site jQuery rapidement et facilement. Nous avons un service client gratuit et d&#039;autres bonus.\" \/>\n<meta name=\"robots\" content=\"index, follow, max-snippet:-1, max-image-preview:large, max-video-preview:-1\" \/>\n<link rel=\"canonical\" href=\"https:\/\/elfsight.com\/fr\/tripadvisor-reviews-widget\/jquery\/\" \/>\n<meta property=\"og:locale\" content=\"fr_FR\" \/>\n<meta property=\"og:type\" content=\"article\" \/>\n<meta property=\"og:title\" content=\"Ajoutez le plugin Tripadvisor Reviews sur votre site jQuery (facile et rapide)\" \/>\n<meta property=\"og:description\" content=\"Avec Elfsight, concevez votre plugin Tripadvisor Reviews et ins\u00e9rez-le sur votre site jQuery rapidement et facilement. Nous avons un service client gratuit et d&#039;autres bonus.\" \/>\n<meta property=\"og:url\" content=\"https:\/\/elfsight.com\/fr\/tripadvisor-reviews-widget\/jquery\/\" \/>\n<meta property=\"og:site_name\" content=\"Elfsight FR\" \/>\n<meta property=\"article:modified_time\" content=\"2025-07-10T13:57:34+00:00\" \/>\n<meta name=\"twitter:card\" content=\"summary_large_image\" \/>\n<meta name=\"twitter:label1\" content=\"Dur\u00e9e de lecture estim\u00e9e\" \/>\n\t<meta name=\"twitter:data1\" content=\"3 minutes\" \/>\n<!-- \/ Yoast SEO plugin. -->","yoast_head_json":{"title":"Ajoutez le plugin Tripadvisor Reviews sur votre site jQuery (facile et rapide)","description":"Avec Elfsight, concevez votre plugin Tripadvisor Reviews et ins\u00e9rez-le sur votre site jQuery rapidement et facilement. Nous avons un service client gratuit et d'autres bonus.","robots":{"index":"index","follow":"follow","max-snippet":"max-snippet:-1","max-image-preview":"max-image-preview:large","max-video-preview":"max-video-preview:-1"},"canonical":"https:\/\/elfsight.com\/fr\/tripadvisor-reviews-widget\/jquery\/","og_locale":"fr_FR","og_type":"article","og_title":"Ajoutez le plugin Tripadvisor Reviews sur votre site jQuery (facile et rapide)","og_description":"Avec Elfsight, concevez votre plugin Tripadvisor Reviews et ins\u00e9rez-le sur votre site jQuery rapidement et facilement. Nous avons un service client gratuit et d'autres bonus.","og_url":"https:\/\/elfsight.com\/fr\/tripadvisor-reviews-widget\/jquery\/","og_site_name":"Elfsight FR","article_modified_time":"2025-07-10T13:57:34+00:00","twitter_card":"summary_large_image","twitter_misc":{"Dur\u00e9e de lecture estim\u00e9e":"3 minutes"},"schema":{"@context":"https:\/\/schema.org","@graph":[{"@type":"WebPage","@id":"https:\/\/elfsight.com\/fr\/tripadvisor-reviews-widget\/jquery\/","url":"https:\/\/elfsight.com\/fr\/tripadvisor-reviews-widget\/jquery\/","name":"Ajoutez le plugin Tripadvisor Reviews sur votre site jQuery (facile et rapide)","isPartOf":{"@id":"https:\/\/elfsight.com\/fr\/#website"},"datePublished":"1970-01-01T00:00:00+00:00","dateModified":"2025-07-10T13:57:34+00:00","description":"Avec Elfsight, concevez votre plugin Tripadvisor Reviews et ins\u00e9rez-le sur votre site jQuery rapidement et facilement. Nous avons un service client gratuit et d'autres bonus.","breadcrumb":{"@id":"https:\/\/elfsight.com\/fr\/tripadvisor-reviews-widget\/jquery\/#breadcrumb"},"inLanguage":"fr-FR","potentialAction":[{"@type":"ReadAction","target":["https:\/\/elfsight.com\/fr\/tripadvisor-reviews-widget\/jquery\/"]}]},{"@type":"BreadcrumbList","@id":"https:\/\/elfsight.com\/fr\/tripadvisor-reviews-widget\/jquery\/#breadcrumb","itemListElement":[{"@type":"ListItem","position":1,"name":"Home","item":"https:\/\/elfsight.com\/fr\/"},{"@type":"ListItem","position":2,"name":"Tripadvisor Reviews","item":"https:\/\/elfsight.com\/fr\/tripadvisor-reviews-widget\/"},{"@type":"ListItem","position":3,"name":"Tripadvisor Reviews &#8211; jQuery"}]},{"@type":"WebSite","@id":"https:\/\/elfsight.com\/fr\/#website","url":"https:\/\/elfsight.com\/fr\/","name":"Elfsight FR","description":"","potentialAction":[{"@type":"SearchAction","target":{"@type":"EntryPoint","urlTemplate":"https:\/\/elfsight.com\/fr\/?s={search_term_string}"},"query-input":{"@type":"PropertyValueSpecification","valueRequired":true,"valueName":"search_term_string"}}],"inLanguage":"fr-FR"}]}},"meta_box":{"industry":"","seo_heading":"","heading":"","description":"","cta_heading":"","cta_description":"","application":"1809","h1":"Plugin jQuery Avis Tripadvisor","h1_caption":"Int\u00e9grez les meilleures impressions clients de Tripadvisor sur votre site","application_category":[],"applications_title":"","applications_request_title":"","applications_request_button_text":"","hero_text":"","hero_video":"","hero_video_schema_markup":"","selling_points_title":"","selling_points_caption":"","selling_points":[],"selling_points_cta_text":"","features_title":"","features":"","ed_cta_examples_text":"","ed_cta_examples_hidden":"","ed_cta_demo_text":"","ed_cta_demo_hidden":"","why_caption":"","why_editor_title":"","why_editor_text":"","why_team_title":"","why_team_text":"","why_service_title":"","why_service_text":"","template_catalog_visible":"","template_catalog_title":"","template_catalog_text":"","template_catalog_categories_visible":"","demo_title":"Cr\u00e9ez votre plugin Avis Tripadvisor","demo_caption":"Configurez vos avis Tripadvisor et ajoutez-les gratuitement \u00e0 votre site Web jQuery\u00a0!","default_faq_hidden":"","app_template_category":[],"platform":"355","template_public_id":"","codecanyon_url":"","codecanyon_item_id":"","codecanyon_price":"","pricing_caption":"","pricing_elfsight_apps_hide_column":"","pricing_elfsight_apps_url":"","pricing_codecanyon_price_caption":"","integration_category":[],"integration_request_title":"","integration_request_cta":"","integration_platform":"","integrations":[],"platform_category":[],"video_schema_markup":"","price":"\u00e0 partir de 0$ \/ mois","trial":"","benefits":[{"text":"Assistance \u00e0 l'installation gratuite"},{"text":"Support client exp\u00e9riment\u00e9"},{"text":"Garantie de remboursement de 14 jours"},{"text":"D\u00e9veloppement continu"}],"button_url":"","button_target_blank":"","button_nofollow":"","attributes":[{"name":"Installations","content":"10,000 - 100,000"},{"name":"Sensible","content":"Oui"},{"name":"Navigateurs compatibles","content":"Firefox, Safari, Opera, Chrome, Edge"}],"tags":[],"tags_disable_links":"","hide_more_platforms":"","video_object":"","demo_hide_cta":"","demo_hide_cloud_options":"","pricing_title":"","pricing":[{"pricing_icon":"platform","pricing_title":"Elfsight Apps","pricing_title_caption":"Solution num\u00e9rique ind\u00e9pendante de la plateforme qui convient \u00e0 n'importe quel site","pricing_price":"from $0 \/ month","pricing_price_caption":"commencez avec un forfait gratuit","pricing_benefits":[{"text":"Sites Web illimit\u00e9s"},{"text":"Support client gratuit et bien document\u00e9"},{"text":"Service d'installation gratuit"},{"text":"Enti\u00e8rement personnalisable"}],"pricing_button_text":"Ajouter au site Web","pricing_button_url":"#demo"}],"related_apps_title":"","related_apps_hidden":"","author":"","image":[],"title":"","job":"","social_networks":[]},"_links":{"self":[{"href":"https:\/\/elfsight.com\/fr\/wp-json\/wp\/v2\/pages\/10748","targetHints":{"allow":["GET"]}}],"collection":[{"href":"https:\/\/elfsight.com\/fr\/wp-json\/wp\/v2\/pages"}],"about":[{"href":"https:\/\/elfsight.com\/fr\/wp-json\/wp\/v2\/types\/page"}],"author":[{"embeddable":true,"href":"https:\/\/elfsight.com\/fr\/wp-json\/wp\/v2\/users\/9"}],"replies":[{"embeddable":true,"href":"https:\/\/elfsight.com\/fr\/wp-json\/wp\/v2\/comments?post=10748"}],"version-history":[{"count":1,"href":"https:\/\/elfsight.com\/fr\/wp-json\/wp\/v2\/pages\/10748\/revisions"}],"predecessor-version":[{"id":10752,"href":"https:\/\/elfsight.com\/fr\/wp-json\/wp\/v2\/pages\/10748\/revisions\/10752"}],"up":[{"embeddable":true,"href":"https:\/\/elfsight.com\/fr\/wp-json\/wp\/v2\/pages\/1828"}],"wp:attachment":[{"href":"https:\/\/elfsight.com\/fr\/wp-json\/wp\/v2\/media?parent=10748"}],"curies":[{"name":"wp","href":"https:\/\/api.w.org\/{rel}","templated":true}]}}