{"id":10747,"date":"1970-01-01T00:00:00","date_gmt":"1970-01-01T00:00:00","guid":{"rendered":"https:\/\/elfsight.com\/fr\/?page_id=10747"},"modified":"2025-07-10T13:56:55","modified_gmt":"2025-07-10T13:56:55","slug":"html","status":"publish","type":"page","link":"https:\/\/elfsight.com\/fr\/tripadvisor-reviews-widget\/html\/","title":{"rendered":"Tripadvisor Reviews &#8211; HTML"},"content":{"rendered":"<div class=\"application-platform-content-item-description application-platform-content-item\" id=\"description\" data-nav-section=\"description\"> <h2>Description<\/h2><p>Elfsight Tripadvisor Reviews est un widget utile qui vous permet d&rsquo;afficher sur le site les avis des utilisateurs sur votre entreprise. de Tripadvisor. Avec l&rsquo;aide de ce widget, vous pouvez masquer les avis ind\u00e9sirables, ajouter vos notes et num\u00e9ros de Tripadvisor, afficher des informations sur les auteurs des avis et int\u00e9grer un bouton qui aidera les visiteurs \u00e0 r\u00e9diger un avis suppl\u00e9mentaire sur Tripadvisor. Le widget Elfsight Tripadvisor Reviews vous aidera \u00e0 d\u00e9montrer votre preuve sociale parfaite sur le site et \u00e0 augmenter les ventes. <\/p><div class=\"faq\" data-component=\"FAQ\"> <div class=\"faq-item\">\r\n\t\t\t\t\t<div class=\"faq-item-question\">\r\n\t\t\t\t\t\t<h3 class=\"faq-item-question-text\">O\u00f9 sur mon site Web puis-je afficher ce plugin<\/h3>\r\n\r\n\t\t\t\t\t\t<div class=\"faq-item-question-icon\"><\/div>\r\n\t\t\t\t\t<\/div>\r\n\r\n\t\t\t\t\t<div class=\"faq-item-answer\">\r\n\t\t\t\t\t\t<div class=\"faq-item-answer-text\"> <p>Vous pouvez ajouter le widget dans n&rsquo;importe quelle page de votre site Web, ou le mettre dans le mod\u00e8le de site Web, et il appara\u00eetra sur toutes les pages. Les avis peuvent bien fonctionner sur les pages de produits ou sur la page \u00c0 propos de nous, o\u00f9 vous souhaitez afficher votre appr\u00e9ciation \u00e9lev\u00e9e. <\/p><\/div>\r\n\t\t\t\t\t<\/div>\r\n\t\t\t\t<\/div> <div class=\"faq-item\">\r\n\t\t\t\t\t<div class=\"faq-item-question\">\r\n\t\t\t\t\t\t<h3 class=\"faq-item-question-text\">Quels sont les avantages d'avoir ce plugin pour moi ? <\/h3>\r\n\r\n\t\t\t\t\t\t<div class=\"faq-item-question-icon\"><\/div>\r\n\t\t\t\t\t<\/div>\r\n\r\n\t\t\t\t\t<div class=\"faq-item-answer\">\r\n\t\t\t\t\t\t<div class=\"faq-item-answer-text\"> <p>Les avis publi\u00e9s par de vraies personnes semblent extr\u00eamement cr\u00e9dibles aux clients de votre site et leur d\u00e9montrent que votre entreprise est fiable. Une note \u00e9lev\u00e9e et des impressions positives peuvent contribuer \u00e0 augmenter le niveau d\u2019achats sur votre site Web. En outre, le bouton de redirection peut contribuer \u00e0 davantage d&rsquo;avis de clients sur votre entreprise sur Tripadvisor. <\/p> <\/div>\r\n\t\t\t\t\t<\/div>\r\n\t\t\t\t<\/div> <div class=\"faq-item\">\r\n\t\t\t\t\t<div class=\"faq-item-question\">\r\n\t\t\t\t\t\t<h3 class=\"faq-item-question-text\">Comment int\u00e9grer le widget Avis de Tripadvisor sur mon site HTML ? <\/h3>\r\n\r\n\t\t\t\t\t\t<div class=\"faq-item-question-icon\"><\/div>\r\n\t\t\t\t\t<\/div>\r\n\r\n\t\t\t\t\t<div class=\"faq-item-answer\">\r\n\t\t\t\t\t\t<div class=\"faq-item-answer-text\"> <p>Vous n&rsquo;aurez besoin que d&rsquo;une minute pour int\u00e9grer le widget. C&rsquo;est tr\u00e8s rapide, gratuit et sans codage. <\/p> <p>Vous pouvez int\u00e9grer le widget \u00e0 la page Web via notre service. Suivez simplement les \u00e9tapes des instructions ci-dessous sur cette page. <\/p> <\/div>\r\n\t\t\t\t\t<\/div>\r\n\t\t\t\t<\/div> <\/div> <\/div> <div class=\"application-platform-content-item-features application-platform-content-item\" id=\"features\" data-nav-section=\"features\"> <h2>Fonctionnalit\u00e9s<\/h2> <p>Pour que vous ayez une id\u00e9e plus claire du widget Avis, nous avons cr\u00e9\u00e9 une liste de ses traits les plus pr\u00e9cieux. Ils rendent ce widget plus efficace pour votre boutique\u00a0: <\/p> <ul> <li>Trois filtres pr\u00eats \u00e0 l&#8217;emploi\u00a0: par type, exclusion par et nombre d&rsquo;avis \u00e0 afficher\u00a0; <\/li> <li>Quatre mises en page pr\u00eates \u00e0 l&#8217;emploi\u00a0: liste, grille, ma\u00e7onnerie et curseur\u00a0; <\/li> <li>Une possibilit\u00e9 de contr\u00f4ler l&rsquo;affichage de l&rsquo;en-t\u00eate du widget\u00a0; <\/li> <li>Le bouton de demande d&rsquo;avis redirige les utilisateurs vers la page Tripadvisor\u00a0; <\/li> <li>6 \u00e9l\u00e9ments personnalisables de l&rsquo;interface\u00a0: nom et photo de l&rsquo;auteur, recommandation, date, ic\u00f4ne Tripadvisor et note par \u00e9toiles\u00a0; <\/li> <li>Deux options de sc\u00e9narios de refus de demande d&rsquo;avis\u00a0: afficher votre message ou masquer le bouton. <\/li> <\/ul><p><a href=\"#demo\">D\u00e9couvrez davantage de fonctionnalit\u00e9s dans la d\u00e9mo en direct<\/a><\/p> <\/div> <div class=\"application-platform-content-item-installation application-platform-content-item\" id=\"installation\" data-nav-section=\"installation\"> <h2> Comment ajouter des avis Tripadvisor \u00e0 votre site Web HTML<\/h2> <div class=\"video-container\"><iframe width=\"720\" height=\"405\" src=\"https:\/\/www.youtube.com\/embed\/QeUsszGgpws\" frameborder=\"0\" allowfullscreen=\"\"><\/iframe><\/div><p>Ces plusieurs \u00e9tapes sont la seule chose que vous devez afficher. <\/p> <ul><li><b>Concevez votre widget Tripadvisor personnalis\u00e9<\/b><br> \u00c0 l&rsquo;aide de notre \u00e9diteur gratuit, cr\u00e9ez un plugin avec les options de mise en page et d&rsquo;interface les plus adapt\u00e9es. <\/li><li><b>Recevez le code personnel pour configurer le plugin<\/b><br> Apr\u00e8s avoir configur\u00e9 votre widget, vous obtiendrez votre code personnel \u00e0 partir de la notification apparue sur Elfsight Apps. Copiez-le. <\/li> <li><b>Ajoutez le plugin sur votre site<\/b><br> Choisissez l&rsquo;endroit o\u00f9 vous souhaitez int\u00e9grer le plugin et collez-y le code enregistr\u00e9. Publiez les modifications. <\/li> <li><b>L&rsquo;installation est termin\u00e9e<\/b><br> Acc\u00e9dez \u00e0 votre site Web pour voir vos avis. <\/li> <\/ul><p>Vous avez encore des doutes ? Ou vous \u00eates tomb\u00e9 sur quelque chose ? Envoyez simplement une demande \u00e0 notre service client et nous vous aiderons en cas de probl\u00e8me. <\/p> <\/div><p><\/p>","protected":false},"excerpt":{"rendered":"","protected":false},"author":9,"featured_media":0,"parent":1828,"menu_order":0,"comment_status":"closed","ping_status":"closed","template":"templates\/template-application-platform.php","meta":{"publish_to_discourse":"","publish_post_category":"","wpdc_auto_publish_overridden":"","wpdc_topic_tags":"","wpdc_pin_topic":"","wpdc_pin_until":"","discourse_post_id":"","discourse_permalink":"","wpdc_publishing_response":"","wpdc_publishing_error":"","footnotes":""},"class_list":["post-10747","page","type-page","status-publish","hentry"],"yoast_head":"<!-- This site is optimized with the Yoast SEO plugin v25.3.1 - https:\/\/yoast.com\/wordpress\/plugins\/seo\/ -->\n<title>Int\u00e9grez le widget Avis Tripadvisor sur votre site HTML (en 2 minutes)<\/title>\n<meta name=\"description\" content=\"Voici une opportunit\u00e9 de fa\u00e7onner le widget Avis Tripadvisor et de l&#039;ajouter \u00e0 votre site Web HTML. Vous b\u00e9n\u00e9ficierez du service client gratuit et d\u2019autres avantages d\u2019Elfsight.\" \/>\n<meta name=\"robots\" content=\"index, follow, max-snippet:-1, max-image-preview:large, max-video-preview:-1\" \/>\n<link rel=\"canonical\" href=\"https:\/\/elfsight.com\/fr\/tripadvisor-reviews-widget\/html\/\" \/>\n<meta property=\"og:locale\" content=\"fr_FR\" \/>\n<meta property=\"og:type\" content=\"article\" \/>\n<meta property=\"og:title\" content=\"Int\u00e9grez le widget Avis Tripadvisor sur votre site HTML (en 2 minutes)\" \/>\n<meta property=\"og:description\" content=\"Voici une opportunit\u00e9 de fa\u00e7onner le widget Avis Tripadvisor et de l&#039;ajouter \u00e0 votre site Web HTML. Vous b\u00e9n\u00e9ficierez du service client gratuit et d\u2019autres avantages d\u2019Elfsight.\" \/>\n<meta property=\"og:url\" content=\"https:\/\/elfsight.com\/fr\/tripadvisor-reviews-widget\/html\/\" \/>\n<meta property=\"og:site_name\" content=\"Elfsight FR\" \/>\n<meta property=\"article:modified_time\" content=\"2025-07-10T13:56:55+00:00\" \/>\n<meta name=\"twitter:card\" content=\"summary_large_image\" \/>\n<meta name=\"twitter:label1\" content=\"Dur\u00e9e de lecture estim\u00e9e\" \/>\n\t<meta name=\"twitter:data1\" content=\"3 minutes\" \/>\n<!-- \/ Yoast SEO plugin. -->","yoast_head_json":{"title":"Int\u00e9grez le widget Avis Tripadvisor sur votre site HTML (en 2 minutes)","description":"Voici une opportunit\u00e9 de fa\u00e7onner le widget Avis Tripadvisor et de l'ajouter \u00e0 votre site Web HTML. Vous b\u00e9n\u00e9ficierez du service client gratuit et d\u2019autres avantages d\u2019Elfsight.","robots":{"index":"index","follow":"follow","max-snippet":"max-snippet:-1","max-image-preview":"max-image-preview:large","max-video-preview":"max-video-preview:-1"},"canonical":"https:\/\/elfsight.com\/fr\/tripadvisor-reviews-widget\/html\/","og_locale":"fr_FR","og_type":"article","og_title":"Int\u00e9grez le widget Avis Tripadvisor sur votre site HTML (en 2 minutes)","og_description":"Voici une opportunit\u00e9 de fa\u00e7onner le widget Avis Tripadvisor et de l'ajouter \u00e0 votre site Web HTML. Vous b\u00e9n\u00e9ficierez du service client gratuit et d\u2019autres avantages d\u2019Elfsight.","og_url":"https:\/\/elfsight.com\/fr\/tripadvisor-reviews-widget\/html\/","og_site_name":"Elfsight FR","article_modified_time":"2025-07-10T13:56:55+00:00","twitter_card":"summary_large_image","twitter_misc":{"Dur\u00e9e de lecture estim\u00e9e":"3 minutes"},"schema":{"@context":"https:\/\/schema.org","@graph":[{"@type":"WebPage","@id":"https:\/\/elfsight.com\/fr\/tripadvisor-reviews-widget\/html\/","url":"https:\/\/elfsight.com\/fr\/tripadvisor-reviews-widget\/html\/","name":"Int\u00e9grez le widget Avis Tripadvisor sur votre site HTML (en 2 minutes)","isPartOf":{"@id":"https:\/\/elfsight.com\/fr\/#website"},"datePublished":"1970-01-01T00:00:00+00:00","dateModified":"2025-07-10T13:56:55+00:00","description":"Voici une opportunit\u00e9 de fa\u00e7onner le widget Avis Tripadvisor et de l'ajouter \u00e0 votre site Web HTML. Vous b\u00e9n\u00e9ficierez du service client gratuit et d\u2019autres avantages d\u2019Elfsight.","breadcrumb":{"@id":"https:\/\/elfsight.com\/fr\/tripadvisor-reviews-widget\/html\/#breadcrumb"},"inLanguage":"fr-FR","potentialAction":[{"@type":"ReadAction","target":["https:\/\/elfsight.com\/fr\/tripadvisor-reviews-widget\/html\/"]}]},{"@type":"BreadcrumbList","@id":"https:\/\/elfsight.com\/fr\/tripadvisor-reviews-widget\/html\/#breadcrumb","itemListElement":[{"@type":"ListItem","position":1,"name":"Home","item":"https:\/\/elfsight.com\/fr\/"},{"@type":"ListItem","position":2,"name":"Tripadvisor Reviews","item":"https:\/\/elfsight.com\/fr\/tripadvisor-reviews-widget\/"},{"@type":"ListItem","position":3,"name":"Tripadvisor Reviews &#8211; HTML"}]},{"@type":"WebSite","@id":"https:\/\/elfsight.com\/fr\/#website","url":"https:\/\/elfsight.com\/fr\/","name":"Elfsight FR","description":"","potentialAction":[{"@type":"SearchAction","target":{"@type":"EntryPoint","urlTemplate":"https:\/\/elfsight.com\/fr\/?s={search_term_string}"},"query-input":{"@type":"PropertyValueSpecification","valueRequired":true,"valueName":"search_term_string"}}],"inLanguage":"fr-FR"}]}},"meta_box":{"industry":"","seo_heading":"","heading":"","description":"","cta_heading":"","cta_description":"","application":"1809","h1":"Widget HTML Avis Tripadvisor","h1_caption":"Affichez les avis clients les plus all\u00e9chants de Tripadvisor sur votre site","application_category":[],"applications_title":"","applications_request_title":"","applications_request_button_text":"","hero_text":"","hero_video":"","hero_video_schema_markup":"","selling_points_title":"","selling_points_caption":"","selling_points":[],"selling_points_cta_text":"","features_title":"","features":"","ed_cta_examples_text":"","ed_cta_examples_hidden":"","ed_cta_demo_text":"","ed_cta_demo_hidden":"","why_caption":"","why_editor_title":"","why_editor_text":"","why_team_title":"","why_team_text":"","why_service_title":"","why_service_text":"","template_catalog_visible":"","template_catalog_title":"","template_catalog_text":"","template_catalog_categories_visible":"","demo_title":"Cr\u00e9ez votre widget Avis Tripadvisor","demo_caption":"Configurez vos Avis Tripadvisor et ajoutez-les \u00e0 votre site HTML gratuitement !","default_faq_hidden":"","app_template_category":[],"platform":"352","template_public_id":"","codecanyon_url":"","codecanyon_item_id":"","codecanyon_price":"","pricing_caption":"","pricing_elfsight_apps_hide_column":"","pricing_elfsight_apps_url":"","pricing_codecanyon_price_caption":"","integration_category":[],"integration_request_title":"","integration_request_cta":"","integration_platform":"","integrations":[],"platform_category":[],"video_schema_markup":"","price":"\u00e0 partir de 0$ \/ mois","trial":"","benefits":[{"text":"Aide \u00e0 l'installation gratuite"},{"text":"Service client professionnel"},{"text":"Garantie de remboursement de 14 jours"},{"text":"Am\u00e9liorations futures"}],"button_url":"","button_target_blank":"","button_nofollow":"","attributes":[{"name":"Installations","content":"10,000 - 100,000"},{"name":"Sensible","content":"Oui"},{"name":"Navigateurs compatibles","content":"Firefox, Safari, Opera, Chrome, Edge"}],"tags":[],"tags_disable_links":"","hide_more_platforms":"","video_object":"","demo_hide_cta":"","demo_hide_cloud_options":"","pricing_title":"","pricing":[{"pricing_icon":"platform","pricing_title":"Elfsight Apps","pricing_title_caption":"Version multiplateforme qui fonctionne sur n'importe quel site Web","pricing_price":"from $0 \/ month","pricing_price_caption":"commencez avec un forfait gratuit","pricing_benefits":[{"text":"Domaines illimit\u00e9s"},{"text":"Assistance entreprise premium"},{"text":"Assistance \u00e0 l'installation gratuite"},{"text":"Offre sp\u00e9ciale pour plusieurs applications"}],"pricing_button_text":"Ajouter au site Web","pricing_button_url":"#demo"}],"related_apps_title":"","related_apps_hidden":"","author":"","image":[],"title":"","job":"","social_networks":[]},"_links":{"self":[{"href":"https:\/\/elfsight.com\/fr\/wp-json\/wp\/v2\/pages\/10747","targetHints":{"allow":["GET"]}}],"collection":[{"href":"https:\/\/elfsight.com\/fr\/wp-json\/wp\/v2\/pages"}],"about":[{"href":"https:\/\/elfsight.com\/fr\/wp-json\/wp\/v2\/types\/page"}],"author":[{"embeddable":true,"href":"https:\/\/elfsight.com\/fr\/wp-json\/wp\/v2\/users\/9"}],"replies":[{"embeddable":true,"href":"https:\/\/elfsight.com\/fr\/wp-json\/wp\/v2\/comments?post=10747"}],"version-history":[{"count":2,"href":"https:\/\/elfsight.com\/fr\/wp-json\/wp\/v2\/pages\/10747\/revisions"}],"predecessor-version":[{"id":15246,"href":"https:\/\/elfsight.com\/fr\/wp-json\/wp\/v2\/pages\/10747\/revisions\/15246"}],"up":[{"embeddable":true,"href":"https:\/\/elfsight.com\/fr\/wp-json\/wp\/v2\/pages\/1828"}],"wp:attachment":[{"href":"https:\/\/elfsight.com\/fr\/wp-json\/wp\/v2\/media?parent=10747"}],"curies":[{"name":"wp","href":"https:\/\/api.w.org\/{rel}","templated":true}]}}