{"id":10741,"date":"1970-01-01T00:00:00","date_gmt":"1970-01-01T00:00:00","guid":{"rendered":"https:\/\/elfsight.com\/fr\/?page_id=10741"},"modified":"2025-07-10T13:58:05","modified_gmt":"2025-07-10T13:58:05","slug":"squarespace","status":"publish","type":"page","link":"https:\/\/elfsight.com\/fr\/tripadvisor-reviews-widget\/squarespace\/","title":{"rendered":"Tripadvisor Reviews &#8211; Squarespace"},"content":{"rendered":"<div class=\"application-platform-content-item-description application-platform-content-item\" id=\"description\" data-nav-section=\"description\"> <h2>Int\u00e9grez les avis Tripadvisor sur Squarespace avec le widget Elfsight<\/h2> <p>Si vous souhaitez d\u00e9montrer votre note \u00e9lev\u00e9e et convaincre les visiteurs que votre les produits ou services valent la peine d&rsquo;\u00eatre achet\u00e9s, les avis Tripadvisor d&rsquo;Elfsight vous conviennent parfaitement. Avec l&rsquo;aide de notre outil, vous pourrez placer les avis des utilisateurs de Tripadvisor sur votre site avec des informations sur leurs auteurs, utiliser des filtres pour r\u00e9v\u00e9ler uniquement les meilleurs d&rsquo;entre eux, ajouter des notes et un bouton de redirection qui redirigera les gens vers votre page Tripadvisor. , afin qu&rsquo;ils puissent r\u00e9diger une nouvelle critique. <\/p><div class=\"faq\" data-component=\"FAQ\"> <div class=\"faq-item\">\r\n\t\t\t\t\t<div class=\"faq-item-question\">\r\n\t\t\t\t\t\t<h3 class=\"faq-item-question-text\">O\u00f9 puis-je ajouter un widget Avis<\/h3>\r\n\r\n\t\t\t\t\t\t<div class=\"faq-item-question-icon\"><\/div>\r\n\t\t\t\t\t<\/div>\r\n\r\n\t\t\t\t\t<div class=\"faq-item-answer\">\r\n\t\t\t\t\t\t<div class=\"faq-item-answer-text\"> <p>Ce widget peut \u00eatre plac\u00e9 sur n&rsquo;importe quelle page, o\u00f9 vous devez d\u00e9montrer votre grande appr\u00e9ciation et votre popularit\u00e9 aupr\u00e8s des clients. Si vous en avez besoin sur toutes les pages de votre site, vous pouvez simplement le coller dans le mod\u00e8le de site Web. <\/p><\/div>\r\n\t\t\t\t\t<\/div>\r\n\t\t\t\t<\/div> <div class=\"faq-item\">\r\n\t\t\t\t\t<div class=\"faq-item-question\">\r\n\t\t\t\t\t\t<h3 class=\"faq-item-question-text\">Comment puis-je b\u00e9n\u00e9ficier de ce plugin ? <\/h3>\r\n\r\n\t\t\t\t\t\t<div class=\"faq-item-question-icon\"><\/div>\r\n\t\t\t\t\t<\/div>\r\n\r\n\t\t\t\t\t<div class=\"faq-item-answer\">\r\n\t\t\t\t\t\t<div class=\"faq-item-answer-text\"> <p>Les avis de personnes r\u00e9elles sont parfaitement dignes de confiance pour les visiteurs de votre site Web et leur indiquent que votre entreprise est fiable. Une note \u00e9lev\u00e9e et d&rsquo;excellentes impressions peuvent contribuer \u00e0 augmenter les ventes de votre site. De plus, le bouton de redirection peut contribuer \u00e0 augmenter le nombre d&rsquo;avis clients sur votre entreprise sur Tripadvisor. <\/p> <\/div>\r\n\t\t\t\t\t<\/div>\r\n\t\t\t\t<\/div> <div class=\"faq-item\">\r\n\t\t\t\t\t<div class=\"faq-item-question\">\r\n\t\t\t\t\t\t<h3 class=\"faq-item-question-text\">De quoi ai-je besoin pour ajouter le widget Avis sur Tripadvisor \u00e0 mon site Web Squarespace ? <\/h3>\r\n\r\n\t\t\t\t\t\t<div class=\"faq-item-question-icon\"><\/div>\r\n\t\t\t\t\t<\/div>\r\n\r\n\t\t\t\t\t<div class=\"faq-item-answer\">\r\n\t\t\t\t\t\t<div class=\"faq-item-answer-text\"> <p>Cela prendra trois minutes de votre temps pour commencer \u00e0 utiliser le widget. L\u2019int\u00e9gration est ultra rapide, gratuite et ne n\u00e9cessite aucun codage. <\/p> <p>Vous pouvez ajouter le widget \u00e0 votre site via notre service. Pour cela, vous devrez consulter une br\u00e8ve description ci-dessous sur cette page. <\/p> <\/div>\r\n\t\t\t\t\t<\/div>\r\n\t\t\t\t<\/div> <\/div> <\/div> <div class=\"application-platform-content-item-features application-platform-content-item\" id=\"features\" data-nav-section=\"features\"> <h2>Principales fonctionnalit\u00e9s du widget Avis Tripadvisor<\/h2> <p>Pour mieux comprendre le widget, regardez la liste de ses fonctionnalit\u00e9s les plus pr\u00e9cieuses. Ils rendent le widget vraiment efficace pour votre entreprise\u00a0: <\/p> <ul> <li>3 filtres pr\u00eats \u00e0 l&#8217;emploi\u00a0: par type, exclusion par et nombre d&rsquo;avis \u00e0 afficher\u00a0; <\/li> <li>4 types de mises en page\u00a0: liste, grille, ma\u00e7onnerie et curseur\u00a0; <\/li> <li> En-t\u00eate enti\u00e8rement flexible du widget\u00a0; <\/li> <li>Le bouton permettant de demander un avis redirige les internautes vers votre page Tripadvisor\u00a0; <\/li> <li>6 \u00e9l\u00e9ments personnalisables du widget\u00a0: le nom de l&rsquo;auteur et la photo, la recommandation, la date de partage, l&rsquo;ic\u00f4ne Tripadvisor et le nombre d&rsquo;\u00e9toiles\u00a0; <\/li> <li>Deux alternatives de sc\u00e9narios apr\u00e8s le rejet d&rsquo;une demande de r\u00e9vision\u00a0: afficher un message personnalis\u00e9 ou masquer le bouton. <\/li> <\/ul><p><a href=\"#demo\">Explorez toutes les fonctionnalit\u00e9s dans la d\u00e9mo en direct<\/a><\/p> <\/div> <div class=\"application-platform-content-item-installation application-platform-content-item\" id=\"installation\" data-nav-section=\"installation\"> <h2>D\u00e9couvrir comment ins\u00e9rer les avis Tripadvisor sur votre site Web Squarespace. C&rsquo;est un processus simple et sans effort.<\/h2> <div class=\"video-container\"><iframe width=\"720\" height=\"405\" src=\"https:\/\/www.youtube.com\/embed\/Xnng2poWksM\" frameborder=\"0\" allowfullscreen=\"\"><\/iframe><\/div><p>Les actions ci-dessous sont la seule chose que vous devez afficher. <\/p> <ul><li><b>Cr\u00e9ez votre plugin Tripadvisor personnel<\/b><br> Dans notre d\u00e9mo gratuite, obtenez un plugin avec un design et des fonctionnalit\u00e9s pr\u00e9f\u00e9r\u00e9s. <\/li><li><b>Copiez le code individuel pour int\u00e9grer le plugin<\/b><br> Apr\u00e8s avoir d\u00e9fini votre widget, vous obtiendrez le code unique dans la fen\u00eatre contextuelle des applications Elfsight. Copiez-le. <\/li> <li><b> Le plugin sur votre site Web<\/b><br> D\u00e9finissez l&rsquo;endroit o\u00f9 vous souhaitez int\u00e9grer le plugin et ajoutez-y le code copi\u00e9. Appliquez les modifications. <\/li> <li><b>F\u00e9licitations\u00a0! Vous venez d&rsquo;ajouter le widget\u00a0! <\/b><br> Visitez la page, pour voir votre travail. <\/li> <\/ul><p>Toujours instable ? Ou vous avez des probl\u00e8mes ? Envoyez simplement une demande \u00e0 notre service client pour vous aider \u00e0 r\u00e9soudre tous les probl\u00e8mes. <\/p> <\/div>","protected":false},"excerpt":{"rendered":"","protected":false},"author":9,"featured_media":0,"parent":1828,"menu_order":0,"comment_status":"closed","ping_status":"closed","template":"templates\/template-application-platform.php","meta":{"publish_to_discourse":"","publish_post_category":"","wpdc_auto_publish_overridden":"","wpdc_topic_tags":"","wpdc_pin_topic":"","wpdc_pin_until":"","discourse_post_id":"","discourse_permalink":"","wpdc_publishing_response":"","wpdc_publishing_error":"","footnotes":""},"class_list":["post-10741","page","type-page","status-publish","hentry"],"yoast_head":"<!-- This site is optimized with the Yoast SEO plugin v25.3.1 - https:\/\/yoast.com\/wordpress\/plugins\/seo\/ -->\n<title>Ajoutez le plugin Tripadvisor Reviews sur votre site Squarespace (2025)<\/title>\n<meta name=\"description\" content=\"Il est parfaitement simple de cr\u00e9er votre plugin Tripadvisor Reviews et de le placer sur votre site Web Squarespace. Le support client Elfsight est gratuit.\" \/>\n<meta name=\"robots\" content=\"index, follow, max-snippet:-1, max-image-preview:large, max-video-preview:-1\" \/>\n<link rel=\"canonical\" href=\"https:\/\/elfsight.com\/fr\/tripadvisor-reviews-widget\/squarespace\/\" \/>\n<meta property=\"og:locale\" content=\"fr_FR\" \/>\n<meta property=\"og:type\" content=\"article\" \/>\n<meta property=\"og:title\" content=\"Ajoutez le plugin Tripadvisor Reviews sur votre site Squarespace (2025)\" \/>\n<meta property=\"og:description\" content=\"Il est parfaitement simple de cr\u00e9er votre plugin Tripadvisor Reviews et de le placer sur votre site Web Squarespace. Le support client Elfsight est gratuit.\" \/>\n<meta property=\"og:url\" content=\"https:\/\/elfsight.com\/fr\/tripadvisor-reviews-widget\/squarespace\/\" \/>\n<meta property=\"og:site_name\" content=\"Elfsight FR\" \/>\n<meta property=\"article:modified_time\" content=\"2025-07-10T13:58:05+00:00\" \/>\n<meta name=\"twitter:card\" content=\"summary_large_image\" \/>\n<meta name=\"twitter:label1\" content=\"Dur\u00e9e de lecture estim\u00e9e\" \/>\n\t<meta name=\"twitter:data1\" content=\"3 minutes\" \/>\n<!-- \/ Yoast SEO plugin. -->","yoast_head_json":{"title":"Ajoutez le plugin Tripadvisor Reviews sur votre site Squarespace (2025)","description":"Il est parfaitement simple de cr\u00e9er votre plugin Tripadvisor Reviews et de le placer sur votre site Web Squarespace. Le support client Elfsight est gratuit.","robots":{"index":"index","follow":"follow","max-snippet":"max-snippet:-1","max-image-preview":"max-image-preview:large","max-video-preview":"max-video-preview:-1"},"canonical":"https:\/\/elfsight.com\/fr\/tripadvisor-reviews-widget\/squarespace\/","og_locale":"fr_FR","og_type":"article","og_title":"Ajoutez le plugin Tripadvisor Reviews sur votre site Squarespace (2025)","og_description":"Il est parfaitement simple de cr\u00e9er votre plugin Tripadvisor Reviews et de le placer sur votre site Web Squarespace. Le support client Elfsight est gratuit.","og_url":"https:\/\/elfsight.com\/fr\/tripadvisor-reviews-widget\/squarespace\/","og_site_name":"Elfsight FR","article_modified_time":"2025-07-10T13:58:05+00:00","twitter_card":"summary_large_image","twitter_misc":{"Dur\u00e9e de lecture estim\u00e9e":"3 minutes"},"schema":{"@context":"https:\/\/schema.org","@graph":[{"@type":"WebPage","@id":"https:\/\/elfsight.com\/fr\/tripadvisor-reviews-widget\/squarespace\/","url":"https:\/\/elfsight.com\/fr\/tripadvisor-reviews-widget\/squarespace\/","name":"Ajoutez le plugin Tripadvisor Reviews sur votre site Squarespace (2025)","isPartOf":{"@id":"https:\/\/elfsight.com\/fr\/#website"},"datePublished":"1970-01-01T00:00:00+00:00","dateModified":"2025-07-10T13:58:05+00:00","description":"Il est parfaitement simple de cr\u00e9er votre plugin Tripadvisor Reviews et de le placer sur votre site Web Squarespace. Le support client Elfsight est gratuit.","breadcrumb":{"@id":"https:\/\/elfsight.com\/fr\/tripadvisor-reviews-widget\/squarespace\/#breadcrumb"},"inLanguage":"fr-FR","potentialAction":[{"@type":"ReadAction","target":["https:\/\/elfsight.com\/fr\/tripadvisor-reviews-widget\/squarespace\/"]}]},{"@type":"BreadcrumbList","@id":"https:\/\/elfsight.com\/fr\/tripadvisor-reviews-widget\/squarespace\/#breadcrumb","itemListElement":[{"@type":"ListItem","position":1,"name":"Home","item":"https:\/\/elfsight.com\/fr\/"},{"@type":"ListItem","position":2,"name":"Tripadvisor Reviews","item":"https:\/\/elfsight.com\/fr\/tripadvisor-reviews-widget\/"},{"@type":"ListItem","position":3,"name":"Tripadvisor Reviews &#8211; Squarespace"}]},{"@type":"WebSite","@id":"https:\/\/elfsight.com\/fr\/#website","url":"https:\/\/elfsight.com\/fr\/","name":"Elfsight FR","description":"","potentialAction":[{"@type":"SearchAction","target":{"@type":"EntryPoint","urlTemplate":"https:\/\/elfsight.com\/fr\/?s={search_term_string}"},"query-input":{"@type":"PropertyValueSpecification","valueRequired":true,"valueName":"search_term_string"}}],"inLanguage":"fr-FR"}]}},"meta_box":{"industry":"","seo_heading":"","heading":"","description":"","cta_heading":"","cta_description":"","application":"1809","h1":"Plugin Squarespace Avis Tripadvisor","h1_caption":"D\u00e9montrez les avis que les utilisateurs laissent \u00e0 votre sujet sur Tripadvisor","application_category":[],"applications_title":"","applications_request_title":"","applications_request_button_text":"","hero_text":"","hero_video":"","hero_video_schema_markup":"","selling_points_title":"","selling_points_caption":"","selling_points":[],"selling_points_cta_text":"","features_title":"","features":"","ed_cta_examples_text":"","ed_cta_examples_hidden":"","ed_cta_demo_text":"","ed_cta_demo_hidden":"","why_caption":"","why_editor_title":"","why_editor_text":"","why_team_title":"","why_team_text":"","why_service_title":"","why_service_text":"","template_catalog_visible":"","template_catalog_title":"","template_catalog_text":"","template_catalog_categories_visible":"","demo_title":"Cr\u00e9ez votre plugin Avis Tripadvisor","demo_caption":"Configurez vos avis Tripadvisor et ajoutez-les gratuitement \u00e0 votre site Squarespace !","default_faq_hidden":"","app_template_category":[],"platform":"361","template_public_id":"","codecanyon_url":"","codecanyon_item_id":"","codecanyon_price":"","pricing_caption":"","pricing_elfsight_apps_hide_column":"","pricing_elfsight_apps_url":"","pricing_codecanyon_price_caption":"","integration_category":[],"integration_request_title":"","integration_request_cta":"","integration_platform":"","integrations":[],"platform_category":[],"video_schema_markup":"","price":"\u00e0 partir de 0$ \/ mois","trial":"","benefits":[{"text":"Service d'installation gratuit"},{"text":"Service client efficace"},{"text":"Garantie de remboursement de 14 jours"},{"text":"Am\u00e9liorations continues"}],"button_url":"","button_target_blank":"","button_nofollow":"","attributes":[{"name":"Installations","content":"10,000 - 100,000"},{"name":"Sensible","content":"Oui"},{"name":"Navigateurs compatibles","content":"Firefox, Safari, Opera, Chrome, Edge"}],"tags":[],"tags_disable_links":"","hide_more_platforms":"","video_object":"","demo_hide_cta":"","demo_hide_cloud_options":"","pricing_title":"","pricing":[{"pricing_icon":"platform","pricing_title":"Elfsight Apps","pricing_title_caption":"Solution num\u00e9rique ind\u00e9pendante de la plateforme qui fonctionne sur n'importe quel site Web","pricing_price":"from $0 \/ month","pricing_price_caption":"commencez avec un forfait gratuit","pricing_benefits":[{"text":"Sites Web illimit\u00e9s"},{"text":"Assistance client haut de gamme"},{"text":"Assistance \u00e0 l'installation gratuite"},{"text":"Conception flexible"}],"pricing_button_text":"Ajouter au site Web","pricing_button_url":"#demo"}],"related_apps_title":"","related_apps_hidden":"","author":"","image":[],"title":"","job":"","social_networks":[]},"_links":{"self":[{"href":"https:\/\/elfsight.com\/fr\/wp-json\/wp\/v2\/pages\/10741","targetHints":{"allow":["GET"]}}],"collection":[{"href":"https:\/\/elfsight.com\/fr\/wp-json\/wp\/v2\/pages"}],"about":[{"href":"https:\/\/elfsight.com\/fr\/wp-json\/wp\/v2\/types\/page"}],"author":[{"embeddable":true,"href":"https:\/\/elfsight.com\/fr\/wp-json\/wp\/v2\/users\/9"}],"replies":[{"embeddable":true,"href":"https:\/\/elfsight.com\/fr\/wp-json\/wp\/v2\/comments?post=10741"}],"version-history":[{"count":2,"href":"https:\/\/elfsight.com\/fr\/wp-json\/wp\/v2\/pages\/10741\/revisions"}],"predecessor-version":[{"id":15245,"href":"https:\/\/elfsight.com\/fr\/wp-json\/wp\/v2\/pages\/10741\/revisions\/15245"}],"up":[{"embeddable":true,"href":"https:\/\/elfsight.com\/fr\/wp-json\/wp\/v2\/pages\/1828"}],"wp:attachment":[{"href":"https:\/\/elfsight.com\/fr\/wp-json\/wp\/v2\/media?parent=10741"}],"curies":[{"name":"wp","href":"https:\/\/api.w.org\/{rel}","templated":true}]}}