{"id":10740,"date":"1970-01-01T00:00:00","date_gmt":"1970-01-01T00:00:00","guid":{"rendered":"https:\/\/elfsight.com\/fr\/?page_id=10740"},"modified":"2025-07-10T13:58:12","modified_gmt":"2025-07-10T13:58:12","slug":"webflow","status":"publish","type":"page","link":"https:\/\/elfsight.com\/fr\/tripadvisor-reviews-widget\/webflow\/","title":{"rendered":"Tripadvisor Reviews &#8211; Webflow"},"content":{"rendered":"<div class=\"application-platform-content-item-description application-platform-content-item\" id=\"description\" data-nav-section=\"description\"> <h2>Int\u00e9grez les avis Tripadvisor sur Webflow avec le widget Elfsight<\/h2><p>Si vous cherchez un moyen d&rsquo;afficher votre haute \u00e9valuation en clients et convaincre les visiteurs du site Web que vos produits ou services valent la peine d&rsquo;\u00eatre achet\u00e9s, alors le widget Elfsight Tripadvisor Reviews fera le travail. Avec l&rsquo;aide de ce widget, vous pouvez ins\u00e9rer les avis des utilisateurs de Tripadvisor sur votre site, afficher des informations sur leurs auteurs, les filtrer pour r\u00e9v\u00e9ler uniquement les positifs, afficher les notes et un bouton actif qui redirigera les gens vers votre page Tripadvisor, ainsi qu&rsquo;ils peuvent laisser un nouvel avis. <\/p><div class=\"faq\" data-component=\"FAQ\"> <div class=\"faq-item\">\r\n\t\t\t\t\t<div class=\"faq-item-question\">\r\n\t\t\t\t\t\t<h3 class=\"faq-item-question-text\">O\u00f9 puis-je afficher le widget Avis<\/h3>\r\n\r\n\t\t\t\t\t\t<div class=\"faq-item-question-icon\"><\/div>\r\n\t\t\t\t\t<\/div>\r\n\r\n\t\t\t\t\t<div class=\"faq-item-answer\">\r\n\t\t\t\t\t\t<div class=\"faq-item-answer-text\"> <p>Vous pouvez afficher le widget Avis sur n&rsquo;importe quelle page du site, ou le mettre dans le mod\u00e8le, dans ce cas il sera r\u00e9v\u00e9l\u00e9 sur toutes les pages. Les avis peuvent \u00eatre efficaces sur les pages de produits ou sur la page \u00c0 propos de nous, o\u00f9 vous souhaitez impressionner les utilisateurs avec votre note \u00e9lev\u00e9e. <\/p><\/div>\r\n\t\t\t\t\t<\/div>\r\n\t\t\t\t<\/div> <div class=\"faq-item\">\r\n\t\t\t\t\t<div class=\"faq-item-question\">\r\n\t\t\t\t\t\t<h3 class=\"faq-item-question-text\">Quels sont les avantages d'avoir un widget Avis pour moi ? <\/h3>\r\n\r\n\t\t\t\t\t\t<div class=\"faq-item-question-icon\"><\/div>\r\n\t\t\t\t\t<\/div>\r\n\r\n\t\t\t\t\t<div class=\"faq-item-answer\">\r\n\t\t\t\t\t\t<div class=\"faq-item-answer-text\"> <p>Les avis de personnes r\u00e9elles semblent parfaitement cr\u00e9dibles aux utilisateurs de votre site et leur indiquent que votre entreprise est fiable. partenaire. Une note \u00e9lev\u00e9e et des impressions positives peuvent contribuer \u00e0 augmenter les achats sur votre site Web. De plus, le bouton de redirection peut contribuer \u00e0 augmenter le nombre d&rsquo;avis des utilisateurs sur vos offres ou services sur Tripadvisor. <\/p> <\/div>\r\n\t\t\t\t\t<\/div>\r\n\t\t\t\t<\/div> <div class=\"faq-item\">\r\n\t\t\t\t\t<div class=\"faq-item-question\">\r\n\t\t\t\t\t\t<h3 class=\"faq-item-question-text\">Comment puis-je ajouter le widget Avis Tripadvisor \u00e0 mon site Web Webflow ? <\/h3>\r\n\r\n\t\t\t\t\t\t<div class=\"faq-item-question-icon\"><\/div>\r\n\t\t\t\t\t<\/div>\r\n\r\n\t\t\t\t\t<div class=\"faq-item-answer\">\r\n\t\t\t\t\t\t<div class=\"faq-item-answer-text\"> <p>Vous n&rsquo;aurez besoin que de trois minutes pour la configuration. L&rsquo;int\u00e9gration est tr\u00e8s rapide, gratuite et sans codage. <\/p> <p>Il existe une option pour int\u00e9grer le widget Avis \u00e0 la page Web via notre service. Suivez simplement les instructions ci-dessous sur cette page. <\/p> <\/div>\r\n\t\t\t\t\t<\/div>\r\n\t\t\t\t<\/div> <\/div> <\/div> <div class=\"application-platform-content-item-features application-platform-content-item\" id=\"features\" data-nav-section=\"features\"> <h2>Principales fonctionnalit\u00e9s du widget Avis Tripadvisor<\/h2> <p>Pour mieux comprendre le fonctionnement du widget, regardez la liste des principaux traits. Ils le rendent plus efficace pour vous\u00a0: <\/p> <ul> <li>Trois filtres disponibles\u00a0: par type, exclusion par et nombre d&rsquo;avis \u00e0 afficher\u00a0; <\/li> <li>4 dispositions pr\u00e9d\u00e9finies\u00a0: liste, grille, ma\u00e7onnerie et curseur\u00a0; <\/li> <li>Une possibilit\u00e9 d&rsquo;afficher ou de masquer l&rsquo;en-t\u00eate du widget\u00a0; <\/li> <li>Le bouton de demande d&rsquo;avis redirige les utilisateurs vers votre page Tripadvisor\u00a0; <\/li> <li>Six \u00e9l\u00e9ments personnalisables de l&rsquo;interface\u00a0: nom et photo de l&rsquo;auteur, texte de recommandation, date, ic\u00f4ne Tripadvisor et note par \u00e9toiles\u00a0; <\/li> <li>Deux sc\u00e9narios possibles de refus de demande d&rsquo;avis : afficher votre message ou masquer le bouton. <\/li> <\/ul><p><a href=\"#demo\">Voir la liste compl\u00e8te des fonctionnalit\u00e9s dans la d\u00e9mo en direct<\/a><\/p> <\/div> <div class=\"application-platform-content-item-installation application-platform-content-item\" id=\"installation\" data-nav-section=\"installation\"> <h2>D\u00e9couvrez comment int\u00e9grer les avis Tripadvisor dans votre site Webflow. C&rsquo;est rapide et facile. <\/h2> <div class=\"video-container\"><iframe width=\"720\" height=\"405\" src=\"https:\/\/www.youtube.com\/embed\/Grd1Y4OM59k\" frameborder=\"0\" allowfullscreen=\"\"><\/iframe><\/div><p>Les \u00e9tapes ci-dessous sont la seule chose que vous devez afficher. <\/p> <ul><li><b>Cr\u00e9ez votre widget Tripadvisor personnel<\/b><br> En g\u00e9rant les param\u00e8tres dans notre configurateur gratuit, cr\u00e9ez un plugin avec des options de mise en page et d&rsquo;interface appropri\u00e9es. <\/li><li><b>Obtenez le code individuel pour int\u00e9grer le plugin<\/b><br> Apr\u00e8s avoir g\u00e9n\u00e9r\u00e9 votre widget, vous obtiendrez votre code d&rsquo;installation \u00e0 partir de la fen\u00eatre contextuelle sur Elfsight Apps. Copiez-le. <\/li> <li><b>Int\u00e9grez le plugin sur votre site<\/b><br> Recherchez la page et la zone o\u00f9 vous souhaitez r\u00e9v\u00e9ler le plugin et ajoutez-y le code copi\u00e9. Publiez les modifications. <\/li> <li><b>Vous avez enti\u00e8rement effectu\u00e9 l&rsquo;installation<\/b><br> Visitez votre site pour voir votre travail. <\/li> <\/ul><p>Vous n&rsquo;arrivez toujours pas \u00e0 vous d\u00e9cider\u00a0? Ou vous avez des probl\u00e8mes ? Envoyez simplement une demande \u00e0 notre \u00e9quipe d\u2019assistance et nous r\u00e9glerons tout probl\u00e8me. <\/p> <\/div>","protected":false},"excerpt":{"rendered":"","protected":false},"author":9,"featured_media":0,"parent":1828,"menu_order":0,"comment_status":"closed","ping_status":"closed","template":"templates\/template-application-platform.php","meta":{"publish_to_discourse":"","publish_post_category":"","wpdc_auto_publish_overridden":"","wpdc_topic_tags":"","wpdc_pin_topic":"","wpdc_pin_until":"","discourse_post_id":"","discourse_permalink":"","wpdc_publishing_response":"","wpdc_publishing_error":"","footnotes":""},"class_list":["post-10740","page","type-page","status-publish","hentry"],"yoast_head":"<!-- This site is optimized with the Yoast SEO plugin v25.3.1 - https:\/\/yoast.com\/wordpress\/plugins\/seo\/ -->\n<title>Int\u00e9grez le widget Avis Tripadvisor sur votre site Webflow (en 2 min)<\/title>\n<meta name=\"description\" content=\"Avec Elfsight, cr\u00e9ez votre widget Avis Tripadvisor et publiez-le rapidement sur la page Web Webflow. Nous offrons un support client gratuit et d&#039;autres bonus.\" \/>\n<meta name=\"robots\" content=\"index, follow, max-snippet:-1, max-image-preview:large, max-video-preview:-1\" \/>\n<link rel=\"canonical\" href=\"https:\/\/elfsight.com\/fr\/tripadvisor-reviews-widget\/webflow\/\" \/>\n<meta property=\"og:locale\" content=\"fr_FR\" \/>\n<meta property=\"og:type\" content=\"article\" \/>\n<meta property=\"og:title\" content=\"Int\u00e9grez le widget Avis Tripadvisor sur votre site Webflow (en 2 min)\" \/>\n<meta property=\"og:description\" content=\"Avec Elfsight, cr\u00e9ez votre widget Avis Tripadvisor et publiez-le rapidement sur la page Web Webflow. Nous offrons un support client gratuit et d&#039;autres bonus.\" \/>\n<meta property=\"og:url\" content=\"https:\/\/elfsight.com\/fr\/tripadvisor-reviews-widget\/webflow\/\" \/>\n<meta property=\"og:site_name\" content=\"Elfsight FR\" \/>\n<meta property=\"article:modified_time\" content=\"2025-07-10T13:58:12+00:00\" \/>\n<meta name=\"twitter:card\" content=\"summary_large_image\" \/>\n<meta name=\"twitter:label1\" content=\"Dur\u00e9e de lecture estim\u00e9e\" \/>\n\t<meta name=\"twitter:data1\" content=\"3 minutes\" \/>\n<!-- \/ Yoast SEO plugin. -->","yoast_head_json":{"title":"Int\u00e9grez le widget Avis Tripadvisor sur votre site Webflow (en 2 min)","description":"Avec Elfsight, cr\u00e9ez votre widget Avis Tripadvisor et publiez-le rapidement sur la page Web Webflow. Nous offrons un support client gratuit et d'autres bonus.","robots":{"index":"index","follow":"follow","max-snippet":"max-snippet:-1","max-image-preview":"max-image-preview:large","max-video-preview":"max-video-preview:-1"},"canonical":"https:\/\/elfsight.com\/fr\/tripadvisor-reviews-widget\/webflow\/","og_locale":"fr_FR","og_type":"article","og_title":"Int\u00e9grez le widget Avis Tripadvisor sur votre site Webflow (en 2 min)","og_description":"Avec Elfsight, cr\u00e9ez votre widget Avis Tripadvisor et publiez-le rapidement sur la page Web Webflow. Nous offrons un support client gratuit et d'autres bonus.","og_url":"https:\/\/elfsight.com\/fr\/tripadvisor-reviews-widget\/webflow\/","og_site_name":"Elfsight FR","article_modified_time":"2025-07-10T13:58:12+00:00","twitter_card":"summary_large_image","twitter_misc":{"Dur\u00e9e de lecture estim\u00e9e":"3 minutes"},"schema":{"@context":"https:\/\/schema.org","@graph":[{"@type":"WebPage","@id":"https:\/\/elfsight.com\/fr\/tripadvisor-reviews-widget\/webflow\/","url":"https:\/\/elfsight.com\/fr\/tripadvisor-reviews-widget\/webflow\/","name":"Int\u00e9grez le widget Avis Tripadvisor sur votre site Webflow (en 2 min)","isPartOf":{"@id":"https:\/\/elfsight.com\/fr\/#website"},"datePublished":"1970-01-01T00:00:00+00:00","dateModified":"2025-07-10T13:58:12+00:00","description":"Avec Elfsight, cr\u00e9ez votre widget Avis Tripadvisor et publiez-le rapidement sur la page Web Webflow. Nous offrons un support client gratuit et d'autres bonus.","breadcrumb":{"@id":"https:\/\/elfsight.com\/fr\/tripadvisor-reviews-widget\/webflow\/#breadcrumb"},"inLanguage":"fr-FR","potentialAction":[{"@type":"ReadAction","target":["https:\/\/elfsight.com\/fr\/tripadvisor-reviews-widget\/webflow\/"]}]},{"@type":"BreadcrumbList","@id":"https:\/\/elfsight.com\/fr\/tripadvisor-reviews-widget\/webflow\/#breadcrumb","itemListElement":[{"@type":"ListItem","position":1,"name":"Home","item":"https:\/\/elfsight.com\/fr\/"},{"@type":"ListItem","position":2,"name":"Tripadvisor Reviews","item":"https:\/\/elfsight.com\/fr\/tripadvisor-reviews-widget\/"},{"@type":"ListItem","position":3,"name":"Tripadvisor Reviews &#8211; Webflow"}]},{"@type":"WebSite","@id":"https:\/\/elfsight.com\/fr\/#website","url":"https:\/\/elfsight.com\/fr\/","name":"Elfsight FR","description":"","potentialAction":[{"@type":"SearchAction","target":{"@type":"EntryPoint","urlTemplate":"https:\/\/elfsight.com\/fr\/?s={search_term_string}"},"query-input":{"@type":"PropertyValueSpecification","valueRequired":true,"valueName":"search_term_string"}}],"inLanguage":"fr-FR"}]}},"meta_box":{"industry":"","seo_heading":"","heading":"","description":"","cta_heading":"","cta_description":"","application":"1809","h1":"Widget des avis Tripadvisor Webflow","h1_caption":"Int\u00e9grez les avis de vos clients de Tripadvisor dans votre site","application_category":[],"applications_title":"","applications_request_title":"","applications_request_button_text":"","hero_text":"","hero_video":"","hero_video_schema_markup":"","selling_points_title":"","selling_points_caption":"","selling_points":[],"selling_points_cta_text":"","features_title":"","features":"","ed_cta_examples_text":"","ed_cta_examples_hidden":"","ed_cta_demo_text":"","ed_cta_demo_hidden":"","why_caption":"","why_editor_title":"","why_editor_text":"","why_team_title":"","why_team_text":"","why_service_title":"","why_service_text":"","template_catalog_visible":"","template_catalog_title":"","template_catalog_text":"","template_catalog_categories_visible":"","demo_title":"Cr\u00e9ez votre widget Avis Tripadvisor","demo_caption":"Configurez vos avis Tripadvisor et ajoutez-les gratuitement \u00e0 votre site Webflow !","default_faq_hidden":"","app_template_category":[],"platform":"362","template_public_id":"","codecanyon_url":"","codecanyon_item_id":"","codecanyon_price":"","pricing_caption":"","pricing_elfsight_apps_hide_column":"","pricing_elfsight_apps_url":"","pricing_codecanyon_price_caption":"","integration_category":[],"integration_request_title":"","integration_request_cta":"","integration_platform":"","integrations":[],"platform_category":[],"video_schema_markup":"","price":"\u00e0 partir de 0$ \/ mois","trial":"","benefits":[{"text":"Aide \u00e0 l'installation gratuite"},{"text":"Assistance premium"},{"text":"Garantie de remboursement de 14 jours"},{"text":"Am\u00e9liorations gratuites et continues"}],"button_url":"","button_target_blank":"","button_nofollow":"","attributes":[{"name":"Installations","content":"10,000 - 100,000"},{"name":"Sensible","content":"Oui"},{"name":"Navigateurs compatibles","content":"Safari, Opera, Chrome, Firefox, Edge"}],"tags":[],"tags_disable_links":"","hide_more_platforms":"","video_object":"","demo_hide_cta":"","demo_hide_cloud_options":"","pricing_title":"","pricing":[{"pricing_icon":"platform","pricing_title":"Elfsight Apps","pricing_title_caption":"Version multiplateforme qui fonctionne sur n'importe quel site","pricing_price":"from $0 \/ month","pricing_price_caption":"commencez avec un forfait gratuit","pricing_benefits":[{"text":"Nombre illimit\u00e9 de domaines"},{"text":"Support client professionnel"},{"text":"Service d'installation gratuit"},{"text":"Offre sp\u00e9ciale pour plusieurs applications"}],"pricing_button_text":"Ajouter au site Web","pricing_button_url":"#demo"}],"related_apps_title":"","related_apps_hidden":"","author":"","image":[],"title":"","job":"","social_networks":[]},"_links":{"self":[{"href":"https:\/\/elfsight.com\/fr\/wp-json\/wp\/v2\/pages\/10740","targetHints":{"allow":["GET"]}}],"collection":[{"href":"https:\/\/elfsight.com\/fr\/wp-json\/wp\/v2\/pages"}],"about":[{"href":"https:\/\/elfsight.com\/fr\/wp-json\/wp\/v2\/types\/page"}],"author":[{"embeddable":true,"href":"https:\/\/elfsight.com\/fr\/wp-json\/wp\/v2\/users\/9"}],"replies":[{"embeddable":true,"href":"https:\/\/elfsight.com\/fr\/wp-json\/wp\/v2\/comments?post=10740"}],"version-history":[{"count":1,"href":"https:\/\/elfsight.com\/fr\/wp-json\/wp\/v2\/pages\/10740\/revisions"}],"predecessor-version":[{"id":10744,"href":"https:\/\/elfsight.com\/fr\/wp-json\/wp\/v2\/pages\/10740\/revisions\/10744"}],"up":[{"embeddable":true,"href":"https:\/\/elfsight.com\/fr\/wp-json\/wp\/v2\/pages\/1828"}],"wp:attachment":[{"href":"https:\/\/elfsight.com\/fr\/wp-json\/wp\/v2\/media?parent=10740"}],"curies":[{"name":"wp","href":"https:\/\/api.w.org\/{rel}","templated":true}]}}