{"id":10739,"date":"1970-01-01T00:00:00","date_gmt":"1970-01-01T00:00:00","guid":{"rendered":"https:\/\/elfsight.com\/fr\/?page_id=10739"},"modified":"2025-07-10T13:58:16","modified_gmt":"2025-07-10T13:58:16","slug":"webnode","status":"publish","type":"page","link":"https:\/\/elfsight.com\/fr\/tripadvisor-reviews-widget\/webnode\/","title":{"rendered":"Tripadvisor Reviews &#8211; Webnode"},"content":{"rendered":"<div class=\"application-platform-content-item-description application-platform-content-item\" id=\"description\" data-nav-section=\"description\"> <h2>Description<\/h2> <p>Si vous souhaitez prouver votre appr\u00e9ciation aupr\u00e8s des clients et convaincre les visiteurs du site Web que vos offres valent la peine d&rsquo;\u00eatre achet\u00e9es, Le widget Elfsight Tripadvisor Reviews vous convient parfaitement. Gr\u00e2ce \u00e0 notre outil, vous pouvez afficher les avis des utilisateurs de Tripadvisor sur votre site Web avec des d\u00e9tails sur leurs auteurs, les trier pour r\u00e9v\u00e9ler uniquement les meilleurs, afficher les notes et le bouton de demande d&rsquo;avis qui am\u00e8nera les gens sur votre page Tripadvisor, o\u00f9 ils pourront ajouter leur avis. <\/p><div class=\"faq\" data-component=\"FAQ\"> <div class=\"faq-item\">\r\n\t\t\t\t\t<div class=\"faq-item-question\">\r\n\t\t\t\t\t\t<h3 class=\"faq-item-question-text\">O\u00f9 sur mon site puis-je le publier<\/h3>\r\n\r\n\t\t\t\t\t\t<div class=\"faq-item-question-icon\"><\/div>\r\n\t\t\t\t\t<\/div>\r\n\r\n\t\t\t\t\t<div class=\"faq-item-answer\">\r\n\t\t\t\t\t\t<div class=\"faq-item-answer-text\"> <p>Vous pouvez coller le widget d&rsquo;avis dans n&rsquo;importe quelle page du site, ou le coller dans le mod\u00e8le du site, il sera donc r\u00e9v\u00e9l\u00e9 sur toutes les pages. Les avis peuvent bien fonctionner sur les pages de produits ou sur la page \u00c0 propos de nous, o\u00f9 vous souhaitez vanter votre note \u00e9lev\u00e9e. <\/p><\/div>\r\n\t\t\t\t\t<\/div>\r\n\t\t\t\t<\/div> <div class=\"faq-item\">\r\n\t\t\t\t\t<div class=\"faq-item-question\">\r\n\t\t\t\t\t\t<h3 class=\"faq-item-question-text\">Quels sont les avantages de l'avoir pour moi ? <\/h3>\r\n\r\n\t\t\t\t\t\t<div class=\"faq-item-question-icon\"><\/div>\r\n\t\t\t\t\t<\/div>\r\n\r\n\t\t\t\t\t<div class=\"faq-item-answer\">\r\n\t\t\t\t\t\t<div class=\"faq-item-answer-text\"> <p>Les avis partag\u00e9s par de vraies personnes sont parfaitement dignes de confiance pour les visiteurs de votre site Web et leur prouvent que votre entreprise est fiable. Une note \u00e9lev\u00e9e et d&rsquo;excellentes critiques peuvent aider \u00e0 renforcer les achats sur votre site. De plus, le bouton de redirection peut contribuer \u00e0 davantage d&rsquo;avis clients sur vos offres ou services sur Tripadvisor. <\/p> <\/div>\r\n\t\t\t\t\t<\/div>\r\n\t\t\t\t<\/div> <div class=\"faq-item\">\r\n\t\t\t\t\t<div class=\"faq-item-question\">\r\n\t\t\t\t\t\t<h3 class=\"faq-item-question-text\">De quoi ai-je besoin pour int\u00e9grer le widget Avis sur mon site Web ? <\/h3>\r\n\r\n\t\t\t\t\t\t<div class=\"faq-item-question-icon\"><\/div>\r\n\t\t\t\t\t<\/div>\r\n\r\n\t\t\t\t\t<div class=\"faq-item-answer\">\r\n\t\t\t\t\t\t<div class=\"faq-item-answer-text\"> <p>L&rsquo;activation ne prend qu&rsquo;une minute. L&rsquo;int\u00e9gration est extr\u00eamement rapide, gratuite et sans codage. <\/p> <p>Vous pouvez int\u00e9grer le widget dans votre page Web via notre service. Suivez simplement nos br\u00e8ves instructions ci-dessous sur cette page. <\/p> <\/div>\r\n\t\t\t\t\t<\/div>\r\n\t\t\t\t<\/div> <\/div> <\/div> <div class=\"application-platform-content-item-features application-platform-content-item\" id=\"features\" data-nav-section=\"features\"> <h2>Fonctionnalit\u00e9s<\/h2> <p>Pour r\u00e9v\u00e9ler plus d&rsquo;informations sur les fonctionnalit\u00e9s du widget Avis, consultez la liste des traits majeurs. Ils rendent notre widget vraiment efficace pour votre promotion\u00a0: <\/p> <ul> <li>3 options de filtres\u00a0: par type, exclusion par et quantit\u00e9 d&rsquo;avis \u00e0 afficher\u00a0; <\/li> <li>4 mises en page pr\u00eates \u00e0 l&#8217;emploi\u00a0: liste, grille, ma\u00e7onnerie et curseur\u00a0; <\/li> <li> En-t\u00eate commutable du widget\u00a0; <\/li> <li>Le bouton actif permettant de partager un nouvel avis redirige les clients vers la page Tripadvisor\u00a0; <\/li> <li>6 \u00e9l\u00e9ments r\u00e9glables du widget\u00a0: le nom de l&rsquo;auteur et la photo, le texte de la recommandation, la date, l&rsquo;ic\u00f4ne Tripadvisor et le nombre d&rsquo;\u00e9toiles\u00a0; <\/li> <li>Deux variantes de sc\u00e9narios apr\u00e8s rejet d&rsquo;une demande de r\u00e9vision\u00a0: afficher votre message ou supprimer le bouton. <\/li> <\/ul><p><a href=\"#demo\">D\u00e9couvrez plus de fonctionnalit\u00e9s dans la d\u00e9mo<\/a><\/p> <\/div> <div class=\"application-platform-content-item-installation application-platform-content-item\" id=\"installation\" data-nav-section=\"installation\"> <h2>D\u00e9couvrez comment introduire les avis Tripadvisor sur votre page Webnode. C&rsquo;est simple<\/h2> <p> Quelques actions simples sont la seule chose que vous devez faire pour ajouter le widget. <\/p> <ul><li><b>Concevez votre plugin Tripadvisor sur mesure<\/b><br> Gr\u00e2ce \u00e0 notre d\u00e9mo gratuite, construisez un plugin avec une mise en page et des caract\u00e9ristiques fonctionnelles s\u00e9lectionn\u00e9es. <\/li><li><b>Obtenez le code individuel pour configurer le plugin<\/b><br> Apr\u00e8s avoir g\u00e9n\u00e9r\u00e9 votre widget, vous obtiendrez le code d&rsquo;installation dans la fen\u00eatre apparue sur Elfsight Apps. Copiez ce code. <\/li> <li><b>Int\u00e9grez le plugin sur votre site<\/b><br> S\u00e9lectionnez l&rsquo;endroit o\u00f9 vous souhaitez int\u00e9grer le plugin et collez-y le code copi\u00e9. Publier les r\u00e9sultats. <\/li> <li><b>Fait\u00a0! <\/b><br> Entrez dans le magasin pour voir vos avis. <\/li> <\/ul><p>Vous n&rsquo;arrivez toujours pas \u00e0 vous d\u00e9cider\u00a0? Ou vous avez des probl\u00e8mes ? Une simple demande \u00e0 notre service client vous aidera \u00e0 r\u00e9soudre n&rsquo;importe quel probl\u00e8me. <\/p> <\/div>","protected":false},"excerpt":{"rendered":"","protected":false},"author":9,"featured_media":0,"parent":1828,"menu_order":0,"comment_status":"closed","ping_status":"closed","template":"templates\/template-application-platform.php","meta":{"publish_to_discourse":"","publish_post_category":"","wpdc_auto_publish_overridden":"","wpdc_topic_tags":"","wpdc_pin_topic":"","wpdc_pin_until":"","discourse_post_id":"","discourse_permalink":"","wpdc_publishing_response":"","wpdc_publishing_error":"","footnotes":""},"class_list":["post-10739","page","type-page","status-publish","hentry"],"yoast_head":"<!-- This site is optimized with the Yoast SEO plugin v25.3.1 - https:\/\/yoast.com\/wordpress\/plugins\/seo\/ -->\n<title>Int\u00e9grer le widget Avis Tripadvisor sur votre site Webnode (2025)<\/title>\n<meta name=\"description\" content=\"Cr\u00e9er votre widget Avis Tripadvisor et l&#039;afficher sur la page Web Webnode est un jeu d&#039;enfant. Le service client Elfsight est gratuit.\" \/>\n<meta name=\"robots\" content=\"index, follow, max-snippet:-1, max-image-preview:large, max-video-preview:-1\" \/>\n<link rel=\"canonical\" href=\"https:\/\/elfsight.com\/fr\/tripadvisor-reviews-widget\/webnode\/\" \/>\n<meta property=\"og:locale\" content=\"fr_FR\" \/>\n<meta property=\"og:type\" content=\"article\" \/>\n<meta property=\"og:title\" content=\"Int\u00e9grer le widget Avis Tripadvisor sur votre site Webnode (2025)\" \/>\n<meta property=\"og:description\" content=\"Cr\u00e9er votre widget Avis Tripadvisor et l&#039;afficher sur la page Web Webnode est un jeu d&#039;enfant. Le service client Elfsight est gratuit.\" \/>\n<meta property=\"og:url\" content=\"https:\/\/elfsight.com\/fr\/tripadvisor-reviews-widget\/webnode\/\" \/>\n<meta property=\"og:site_name\" content=\"Elfsight FR\" \/>\n<meta property=\"article:modified_time\" content=\"2025-07-10T13:58:16+00:00\" \/>\n<meta name=\"twitter:card\" content=\"summary_large_image\" \/>\n<meta name=\"twitter:label1\" content=\"Dur\u00e9e de lecture estim\u00e9e\" \/>\n\t<meta name=\"twitter:data1\" content=\"3 minutes\" \/>\n<!-- \/ Yoast SEO plugin. -->","yoast_head_json":{"title":"Int\u00e9grer le widget Avis Tripadvisor sur votre site Webnode (2025)","description":"Cr\u00e9er votre widget Avis Tripadvisor et l'afficher sur la page Web Webnode est un jeu d'enfant. Le service client Elfsight est gratuit.","robots":{"index":"index","follow":"follow","max-snippet":"max-snippet:-1","max-image-preview":"max-image-preview:large","max-video-preview":"max-video-preview:-1"},"canonical":"https:\/\/elfsight.com\/fr\/tripadvisor-reviews-widget\/webnode\/","og_locale":"fr_FR","og_type":"article","og_title":"Int\u00e9grer le widget Avis Tripadvisor sur votre site Webnode (2025)","og_description":"Cr\u00e9er votre widget Avis Tripadvisor et l'afficher sur la page Web Webnode est un jeu d'enfant. Le service client Elfsight est gratuit.","og_url":"https:\/\/elfsight.com\/fr\/tripadvisor-reviews-widget\/webnode\/","og_site_name":"Elfsight FR","article_modified_time":"2025-07-10T13:58:16+00:00","twitter_card":"summary_large_image","twitter_misc":{"Dur\u00e9e de lecture estim\u00e9e":"3 minutes"},"schema":{"@context":"https:\/\/schema.org","@graph":[{"@type":"WebPage","@id":"https:\/\/elfsight.com\/fr\/tripadvisor-reviews-widget\/webnode\/","url":"https:\/\/elfsight.com\/fr\/tripadvisor-reviews-widget\/webnode\/","name":"Int\u00e9grer le widget Avis Tripadvisor sur votre site Webnode (2025)","isPartOf":{"@id":"https:\/\/elfsight.com\/fr\/#website"},"datePublished":"1970-01-01T00:00:00+00:00","dateModified":"2025-07-10T13:58:16+00:00","description":"Cr\u00e9er votre widget Avis Tripadvisor et l'afficher sur la page Web Webnode est un jeu d'enfant. Le service client Elfsight est gratuit.","breadcrumb":{"@id":"https:\/\/elfsight.com\/fr\/tripadvisor-reviews-widget\/webnode\/#breadcrumb"},"inLanguage":"fr-FR","potentialAction":[{"@type":"ReadAction","target":["https:\/\/elfsight.com\/fr\/tripadvisor-reviews-widget\/webnode\/"]}]},{"@type":"BreadcrumbList","@id":"https:\/\/elfsight.com\/fr\/tripadvisor-reviews-widget\/webnode\/#breadcrumb","itemListElement":[{"@type":"ListItem","position":1,"name":"Home","item":"https:\/\/elfsight.com\/fr\/"},{"@type":"ListItem","position":2,"name":"Tripadvisor Reviews","item":"https:\/\/elfsight.com\/fr\/tripadvisor-reviews-widget\/"},{"@type":"ListItem","position":3,"name":"Tripadvisor Reviews &#8211; Webnode"}]},{"@type":"WebSite","@id":"https:\/\/elfsight.com\/fr\/#website","url":"https:\/\/elfsight.com\/fr\/","name":"Elfsight FR","description":"","potentialAction":[{"@type":"SearchAction","target":{"@type":"EntryPoint","urlTemplate":"https:\/\/elfsight.com\/fr\/?s={search_term_string}"},"query-input":{"@type":"PropertyValueSpecification","valueRequired":true,"valueName":"search_term_string"}}],"inLanguage":"fr-FR"}]}},"meta_box":{"industry":"","seo_heading":"","heading":"","description":"","cta_heading":"","cta_description":"","application":"1809","h1":"Widget des avis Tripadvisor de Webnode","h1_caption":"Affichez les meilleures impressions clients de Tripadvisor sur votre site","application_category":[],"applications_title":"","applications_request_title":"","applications_request_button_text":"","hero_text":"","hero_video":"","hero_video_schema_markup":"","selling_points_title":"","selling_points_caption":"","selling_points":[],"selling_points_cta_text":"","features_title":"","features":"","ed_cta_examples_text":"","ed_cta_examples_hidden":"","ed_cta_demo_text":"","ed_cta_demo_hidden":"","why_caption":"","why_editor_title":"","why_editor_text":"","why_team_title":"","why_team_text":"","why_service_title":"","why_service_text":"","template_catalog_visible":"","template_catalog_title":"","template_catalog_text":"","template_catalog_categories_visible":"","demo_title":"Cr\u00e9ez votre widget Avis Tripadvisor","demo_caption":"Configurez vos Avis Tripadvisor et ajoutez-les gratuitement \u00e0 votre site Webnode !","default_faq_hidden":"","app_template_category":[],"platform":"364","template_public_id":"","codecanyon_url":"","codecanyon_item_id":"","codecanyon_price":"","pricing_caption":"","pricing_elfsight_apps_hide_column":"","pricing_elfsight_apps_url":"","pricing_codecanyon_price_caption":"","integration_category":[],"integration_request_title":"","integration_request_cta":"","integration_platform":"","integrations":[],"platform_category":[],"video_schema_markup":"","price":"\u00e0 partir de 0$ \/ mois","trial":"","benefits":[{"text":"Service d'installation gratuit"},{"text":"Support client exp\u00e9riment\u00e9"},{"text":"Garantie de remboursement de 14 jours"},{"text":"Am\u00e9liorations futures"}],"button_url":"","button_target_blank":"","button_nofollow":"","attributes":[{"name":"Installations","content":"10,000 - 100,000"},{"name":"Sensible","content":"Oui"},{"name":"Navigateurs compatibles","content":"Firefox, Safari, Opera, Chrome, Edge"}],"tags":[],"tags_disable_links":"","hide_more_platforms":"","video_object":"","demo_hide_cta":"","demo_hide_cloud_options":"","pricing_title":"","pricing":[{"pricing_icon":"platform","pricing_title":"Elfsight Apps","pricing_title_caption":"Solution num\u00e9rique ind\u00e9pendante de la plateforme","pricing_price":"from $0 \/ month","pricing_price_caption":"commencez avec un forfait gratuit","pricing_benefits":[{"text":"Domaines illimit\u00e9s"},{"text":"Assistance gratuite et ponctuelle"},{"text":"Assistance \u00e0 l'installation gratuite"},{"text":"Prix \u200b\u200bsp\u00e9cial pour plusieurs applications"}],"pricing_button_text":"Ajouter au site Web","pricing_button_url":"#demo"}],"related_apps_title":"","related_apps_hidden":"","author":"","image":[],"title":"","job":"","social_networks":[]},"_links":{"self":[{"href":"https:\/\/elfsight.com\/fr\/wp-json\/wp\/v2\/pages\/10739","targetHints":{"allow":["GET"]}}],"collection":[{"href":"https:\/\/elfsight.com\/fr\/wp-json\/wp\/v2\/pages"}],"about":[{"href":"https:\/\/elfsight.com\/fr\/wp-json\/wp\/v2\/types\/page"}],"author":[{"embeddable":true,"href":"https:\/\/elfsight.com\/fr\/wp-json\/wp\/v2\/users\/9"}],"replies":[{"embeddable":true,"href":"https:\/\/elfsight.com\/fr\/wp-json\/wp\/v2\/comments?post=10739"}],"version-history":[{"count":1,"href":"https:\/\/elfsight.com\/fr\/wp-json\/wp\/v2\/pages\/10739\/revisions"}],"predecessor-version":[{"id":10743,"href":"https:\/\/elfsight.com\/fr\/wp-json\/wp\/v2\/pages\/10739\/revisions\/10743"}],"up":[{"embeddable":true,"href":"https:\/\/elfsight.com\/fr\/wp-json\/wp\/v2\/pages\/1828"}],"wp:attachment":[{"href":"https:\/\/elfsight.com\/fr\/wp-json\/wp\/v2\/media?parent=10739"}],"curies":[{"name":"wp","href":"https:\/\/api.w.org\/{rel}","templated":true}]}}