{"id":10738,"date":"1970-01-01T00:00:00","date_gmt":"1970-01-01T00:00:00","guid":{"rendered":"https:\/\/elfsight.com\/fr\/?page_id=10738"},"modified":"2025-07-10T13:55:30","modified_gmt":"2025-07-10T13:55:30","slug":"bigcommerce","status":"publish","type":"page","link":"https:\/\/elfsight.com\/fr\/tripadvisor-reviews-widget\/bigcommerce\/","title":{"rendered":"Tripadvisor Reviews &#8211; BigCommerce"},"content":{"rendered":"<div class=\"application-platform-content-item-description application-platform-content-item\" id=\"description\" data-nav-section=\"description\"> <h2>Description<\/h2> <p>Si vous cherchez un moyen de vanter votre note \u00e9lev\u00e9e et de convaincre les visiteurs du site que vos produits ou services valent la peine d&rsquo;\u00eatre achet\u00e9s, le widget Elfsight TripAdvisor Reviews est le bon choix. Avec l&rsquo;aide de notre outil, vous pouvez ins\u00e9rer les avis des clients de TripAdvisor dans n&rsquo;importe quelle page de votre site ; triez-les pour ne montrer que le meilleur\u00a0; ajoutez des notes et un bouton de redirection qui redirigera les gens vers votre compte TripAdvisor, o\u00f9 ils pourront ajouter un nouvel avis. <\/p><div class=\"faq\" data-component=\"FAQ\"> <div class=\"faq-item\">\r\n\t\t\t\t\t<div class=\"faq-item-question\">\r\n\t\t\t\t\t\t<h3 class=\"faq-item-question-text\">O\u00f9 puis-je int\u00e9grer le widget<\/h3>\r\n\r\n\t\t\t\t\t\t<div class=\"faq-item-question-icon\"><\/div>\r\n\t\t\t\t\t<\/div>\r\n\r\n\t\t\t\t\t<div class=\"faq-item-answer\">\r\n\t\t\t\t\t\t<div class=\"faq-item-answer-text\"> <p>Le widget peut \u00eatre affich\u00e9 sur n&rsquo;importe quelle page, o\u00f9 vous souhaitez d\u00e9montrer votre grande appr\u00e9ciation et votre popularit\u00e9 aupr\u00e8s des clients. Si vous devez publier le widget sur toutes les pages du site, vous pouvez simplement le coller dans le mod\u00e8le du site Web. <\/p><\/div>\r\n\t\t\t\t\t<\/div>\r\n\t\t\t\t<\/div> <div class=\"faq-item\">\r\n\t\t\t\t\t<div class=\"faq-item-question\">\r\n\t\t\t\t\t\t<h3 class=\"faq-item-question-text\">Quels avantages cela m'apporte ? <\/h3>\r\n\r\n\t\t\t\t\t\t<div class=\"faq-item-question-icon\"><\/div>\r\n\t\t\t\t\t<\/div>\r\n\r\n\t\t\t\t\t<div class=\"faq-item-answer\">\r\n\t\t\t\t\t\t<div class=\"faq-item-answer-text\"> <p>Les avis r\u00e9dig\u00e9s par de vraies personnes semblent extr\u00eamement cr\u00e9dibles aux yeux des utilisateurs de votre site Web et leur indiquent que votre entreprise est un partenaire fiable. Une note \u00e9lev\u00e9e et des avis positifs peuvent aider \u00e0 augmenter les achats sur votre site. De plus, le bouton actif contribuera \u00e0 davantage d&rsquo;avis clients sur vos offres ou services sur Tripadvisor. <\/p> <\/div>\r\n\t\t\t\t\t<\/div>\r\n\t\t\t\t<\/div> <div class=\"faq-item\">\r\n\t\t\t\t\t<div class=\"faq-item-question\">\r\n\t\t\t\t\t\t<h3 class=\"faq-item-question-text\">Comment puis-je int\u00e9grer le widget Avis de Tripadvisor sur mon site BigCommerce ? <\/h3>\r\n\r\n\t\t\t\t\t\t<div class=\"faq-item-question-icon\"><\/div>\r\n\t\t\t\t\t<\/div>\r\n\r\n\t\t\t\t\t<div class=\"faq-item-answer\">\r\n\t\t\t\t\t\t<div class=\"faq-item-answer-text\"> <p>L&rsquo;activation prendra quelques minutes. L\u2019ajout est extr\u00eamement rapide, gratuit et n\u2019implique aucun codage. <\/p> <p>Le widget Elfsight Reviews peut \u00eatre introduit directement sur notre service ou via la place de march\u00e9. Vous pouvez voir les deux options et d\u00e9cider laquelle est la plus appropri\u00e9e. <\/p> <\/div>\r\n\t\t\t\t\t<\/div>\r\n\t\t\t\t<\/div> <\/div> <\/div> <div class=\"application-platform-content-item-features application-platform-content-item\" id=\"features\" data-nav-section=\"features\"> <h2>Fonctionnalit\u00e9s<\/h2> <p>Afin d&rsquo;avoir une id\u00e9e plus pr\u00e9cise du widget, consultez la liste des ses traits premiers. Ils rendent le widget vraiment utile pour vous\u00a0: <\/p> <ul> <li>3 filtres pr\u00e9d\u00e9finis\u00a0: par type, exclusion par et quantit\u00e9 d&rsquo;avis \u00e0 afficher\u00a0; <\/li> <li>4 options de mise en page disponibles\u00a0: Liste, Grille, Ma\u00e7onnerie et Slider\u00a0; <\/li> <li>Une possibilit\u00e9 d&rsquo;afficher ou de masquer l&rsquo;en-t\u00eate du widget\u00a0; <\/li> <li>Le bouton actif permettant de laisser un avis suppl\u00e9mentaire dirige les internautes vers la page Tripadvisor\u00a0; <\/li> <li>Six \u00e9l\u00e9ments personnalisables du widget\u00a0: nom et photo de l&rsquo;auteur, texte de recommandation, date de partage, ic\u00f4ne Tripadvisor et note par \u00e9toiles\u00a0; <\/li> <li>Deux options du sc\u00e9nario de refus de demande d&rsquo;avis : afficher un message personnalis\u00e9 ou supprimer le bouton. <\/li> <\/ul><p><a href=\"#demo\">D\u00e9couvrez plus de fonctionnalit\u00e9s dans la d\u00e9mo<\/a><\/p> <\/div> <div class=\"application-platform-content-item-installation application-platform-content-item\" id=\"installation\" data-nav-section=\"installation\"> <h2> Voyons comment ajouter les avis Tripadvisor \u00e0 votre boutique BigCommerce<\/h2> <div class=\"video-container\"><iframe width=\"720\" height=\"405\" src=\"https:\/\/www.youtube.com\/embed\/nuJMEaGxIXM\" frameborder=\"0\" allowfullscreen=\"\"><\/iframe><\/div><p>Suivez simplement les instructions ci-dessous pour commencer \u00e0 utiliser l&rsquo;application sur BigCommerce.<\/p> <ol><li> <b>Utilisez notre d\u00e9mo gratuite et commencez \u00e0 fa\u00e7onner votre widget personnalis\u00e9. <\/b><br> D\u00e9terminez la forme et les options pr\u00e9f\u00e9rables du widget et appliquez les modifications. <\/li> <li><b>Copiez votre code individuel r\u00e9v\u00e9l\u00e9 dans la fen\u00eatre sur Elfsight Apps. <\/b><br> Une fois la configuration de votre application termin\u00e9e, copiez le code personnel dans la fen\u00eatre contextuelle qui appara\u00eet et conservez-le pour une utilisation ult\u00e9rieure. <\/li> <li><b>Initiez l&rsquo;application du widget Avis pour Tripadvisor sur votre site BigCommerce. <\/b><br> Ins\u00e9rez le code que vous avez copi\u00e9 r\u00e9cemment dans votre site Web et enregistrez les ajustements. <\/li> <li><b>L&rsquo;installation est termin\u00e9e avec succ\u00e8s. <\/b><br> Visitez votre page pour observer le travail de l&rsquo;outil. <\/li><\/ol><p>Vous n&rsquo;arrivez toujours pas \u00e0 prendre une d\u00e9cision\u00a0? Ou vous \u00eates tomb\u00e9 sur quelque chose ? \u00c9crivez simplement une demande \u00e0 notre service client, nous r\u00e9soudrons tout probl\u00e8me. <\/p> <\/div>","protected":false},"excerpt":{"rendered":"","protected":false},"author":9,"featured_media":0,"parent":1828,"menu_order":0,"comment_status":"closed","ping_status":"closed","template":"templates\/template-application-platform.php","meta":{"publish_to_discourse":"","publish_post_category":"","wpdc_auto_publish_overridden":"","wpdc_topic_tags":"","wpdc_pin_topic":"","wpdc_pin_until":"","discourse_post_id":"","discourse_permalink":"","wpdc_publishing_response":"","wpdc_publishing_error":"","footnotes":""},"class_list":["post-10738","page","type-page","status-publish","hentry"],"yoast_head":"<!-- This site is optimized with the Yoast SEO plugin v25.3.1 - https:\/\/yoast.com\/wordpress\/plugins\/seo\/ -->\n<title>Int\u00e9grez l&#039;application Tripadvisor Reviews sur votre site Web BigCommerce (2025)<\/title>\n<meta name=\"description\" content=\"Voici une possibilit\u00e9 de concevoir l&#039;application Tripadvisor Reviews et de l&#039;int\u00e9grer \u00e0 votre boutique BigCommerce. Vous b\u00e9n\u00e9ficierez d\u2019un service client gratuit et d\u2019autres avantages.\" \/>\n<meta name=\"robots\" content=\"index, follow, max-snippet:-1, max-image-preview:large, max-video-preview:-1\" \/>\n<link rel=\"canonical\" href=\"https:\/\/elfsight.com\/fr\/tripadvisor-reviews-widget\/bigcommerce\/\" \/>\n<meta property=\"og:locale\" content=\"fr_FR\" \/>\n<meta property=\"og:type\" content=\"article\" \/>\n<meta property=\"og:title\" content=\"Int\u00e9grez l&#039;application Tripadvisor Reviews sur votre site Web BigCommerce (2025)\" \/>\n<meta property=\"og:description\" content=\"Voici une possibilit\u00e9 de concevoir l&#039;application Tripadvisor Reviews et de l&#039;int\u00e9grer \u00e0 votre boutique BigCommerce. Vous b\u00e9n\u00e9ficierez d\u2019un service client gratuit et d\u2019autres avantages.\" \/>\n<meta property=\"og:url\" content=\"https:\/\/elfsight.com\/fr\/tripadvisor-reviews-widget\/bigcommerce\/\" \/>\n<meta property=\"og:site_name\" content=\"Elfsight FR\" \/>\n<meta property=\"article:modified_time\" content=\"2025-07-10T13:55:30+00:00\" \/>\n<meta name=\"twitter:card\" content=\"summary_large_image\" \/>\n<meta name=\"twitter:label1\" content=\"Dur\u00e9e de lecture estim\u00e9e\" \/>\n\t<meta name=\"twitter:data1\" content=\"3 minutes\" \/>\n<!-- \/ Yoast SEO plugin. -->","yoast_head_json":{"title":"Int\u00e9grez l'application Tripadvisor Reviews sur votre site Web BigCommerce (2025)","description":"Voici une possibilit\u00e9 de concevoir l'application Tripadvisor Reviews et de l'int\u00e9grer \u00e0 votre boutique BigCommerce. Vous b\u00e9n\u00e9ficierez d\u2019un service client gratuit et d\u2019autres avantages.","robots":{"index":"index","follow":"follow","max-snippet":"max-snippet:-1","max-image-preview":"max-image-preview:large","max-video-preview":"max-video-preview:-1"},"canonical":"https:\/\/elfsight.com\/fr\/tripadvisor-reviews-widget\/bigcommerce\/","og_locale":"fr_FR","og_type":"article","og_title":"Int\u00e9grez l'application Tripadvisor Reviews sur votre site Web BigCommerce (2025)","og_description":"Voici une possibilit\u00e9 de concevoir l'application Tripadvisor Reviews et de l'int\u00e9grer \u00e0 votre boutique BigCommerce. Vous b\u00e9n\u00e9ficierez d\u2019un service client gratuit et d\u2019autres avantages.","og_url":"https:\/\/elfsight.com\/fr\/tripadvisor-reviews-widget\/bigcommerce\/","og_site_name":"Elfsight FR","article_modified_time":"2025-07-10T13:55:30+00:00","twitter_card":"summary_large_image","twitter_misc":{"Dur\u00e9e de lecture estim\u00e9e":"3 minutes"},"schema":{"@context":"https:\/\/schema.org","@graph":[{"@type":"WebPage","@id":"https:\/\/elfsight.com\/fr\/tripadvisor-reviews-widget\/bigcommerce\/","url":"https:\/\/elfsight.com\/fr\/tripadvisor-reviews-widget\/bigcommerce\/","name":"Int\u00e9grez l'application Tripadvisor Reviews sur votre site Web BigCommerce (2025)","isPartOf":{"@id":"https:\/\/elfsight.com\/fr\/#website"},"datePublished":"1970-01-01T00:00:00+00:00","dateModified":"2025-07-10T13:55:30+00:00","description":"Voici une possibilit\u00e9 de concevoir l'application Tripadvisor Reviews et de l'int\u00e9grer \u00e0 votre boutique BigCommerce. Vous b\u00e9n\u00e9ficierez d\u2019un service client gratuit et d\u2019autres avantages.","breadcrumb":{"@id":"https:\/\/elfsight.com\/fr\/tripadvisor-reviews-widget\/bigcommerce\/#breadcrumb"},"inLanguage":"fr-FR","potentialAction":[{"@type":"ReadAction","target":["https:\/\/elfsight.com\/fr\/tripadvisor-reviews-widget\/bigcommerce\/"]}]},{"@type":"BreadcrumbList","@id":"https:\/\/elfsight.com\/fr\/tripadvisor-reviews-widget\/bigcommerce\/#breadcrumb","itemListElement":[{"@type":"ListItem","position":1,"name":"Home","item":"https:\/\/elfsight.com\/fr\/"},{"@type":"ListItem","position":2,"name":"Tripadvisor Reviews","item":"https:\/\/elfsight.com\/fr\/tripadvisor-reviews-widget\/"},{"@type":"ListItem","position":3,"name":"Tripadvisor Reviews &#8211; BigCommerce"}]},{"@type":"WebSite","@id":"https:\/\/elfsight.com\/fr\/#website","url":"https:\/\/elfsight.com\/fr\/","name":"Elfsight FR","description":"","potentialAction":[{"@type":"SearchAction","target":{"@type":"EntryPoint","urlTemplate":"https:\/\/elfsight.com\/fr\/?s={search_term_string}"},"query-input":{"@type":"PropertyValueSpecification","valueRequired":true,"valueName":"search_term_string"}}],"inLanguage":"fr-FR"}]}},"meta_box":{"industry":"","seo_heading":"","heading":"","description":"","cta_heading":"","cta_description":"","application":"1809","h1":"Application Avis Tripadvisor BigCommerce","h1_caption":"Publiez les impressions clients les plus attrayantes de Tripadvisor sur votre site","application_category":[],"applications_title":"","applications_request_title":"","applications_request_button_text":"","hero_text":"","hero_video":"","hero_video_schema_markup":"","selling_points_title":"","selling_points_caption":"","selling_points":[],"selling_points_cta_text":"","features_title":"","features":"","ed_cta_examples_text":"","ed_cta_examples_hidden":"","ed_cta_demo_text":"","ed_cta_demo_hidden":"","why_caption":"","why_editor_title":"","why_editor_text":"","why_team_title":"","why_team_text":"","why_service_title":"","why_service_text":"","template_catalog_visible":"","template_catalog_title":"","template_catalog_text":"","template_catalog_categories_visible":"","demo_title":"Cr\u00e9ez votre application Avis Tripadvisor","demo_caption":"Configurez vos avis Tripadvisor et ajoutez-les gratuitement \u00e0 votre site Web BigCommerce !","default_faq_hidden":"","app_template_category":[],"platform":"347","template_public_id":"","codecanyon_url":"","codecanyon_item_id":"","codecanyon_price":"","pricing_caption":"","pricing_elfsight_apps_hide_column":"","pricing_elfsight_apps_url":"","pricing_codecanyon_price_caption":"","integration_category":[],"integration_request_title":"","integration_request_cta":"","integration_platform":"","integrations":[],"platform_category":[],"video_schema_markup":"","price":"\u00e0 partir de 0$ \/ mois","trial":"","benefits":[{"text":"Aide \u00e0 l'installation gratuite"},{"text":"Soutien exceptionnel"},{"text":"Garantie de remboursement de 14 jours"},{"text":"Mises \u00e0 jour gratuites r\u00e9guli\u00e8res"}],"button_url":"","button_target_blank":"","button_nofollow":"","attributes":[{"name":"Installations","content":"10,000 - 100,000"},{"name":"Sensible","content":"Oui"},{"name":"Navigateurs compatibles","content":"Firefox, Safari, Opera, Chrome, Edge"}],"tags":[],"tags_disable_links":"","hide_more_platforms":"","video_object":"","demo_hide_cta":"","demo_hide_cloud_options":"","pricing_title":"","pricing":[{"pricing_icon":"platform","pricing_title":"Elfsight Apps","pricing_title_caption":"Solution ind\u00e9pendante de la plateforme qui fonctionne sur n'importe quel site","pricing_price":"from $0 \/ month","pricing_price_caption":"commencez avec un forfait gratuit","pricing_benefits":[{"text":"Domaines illimit\u00e9s"},{"text":"Support gratuit et bien document\u00e9"},{"text":"Assistance \u00e0 l'installation gratuite"},{"text":"Conception flexible"}],"pricing_button_text":"Ajouter au site Web","pricing_button_url":"#demo"}],"related_apps_title":"","related_apps_hidden":"","author":"","image":[],"title":"","job":"","social_networks":[]},"_links":{"self":[{"href":"https:\/\/elfsight.com\/fr\/wp-json\/wp\/v2\/pages\/10738","targetHints":{"allow":["GET"]}}],"collection":[{"href":"https:\/\/elfsight.com\/fr\/wp-json\/wp\/v2\/pages"}],"about":[{"href":"https:\/\/elfsight.com\/fr\/wp-json\/wp\/v2\/types\/page"}],"author":[{"embeddable":true,"href":"https:\/\/elfsight.com\/fr\/wp-json\/wp\/v2\/users\/9"}],"replies":[{"embeddable":true,"href":"https:\/\/elfsight.com\/fr\/wp-json\/wp\/v2\/comments?post=10738"}],"version-history":[{"count":2,"href":"https:\/\/elfsight.com\/fr\/wp-json\/wp\/v2\/pages\/10738\/revisions"}],"predecessor-version":[{"id":15244,"href":"https:\/\/elfsight.com\/fr\/wp-json\/wp\/v2\/pages\/10738\/revisions\/15244"}],"up":[{"embeddable":true,"href":"https:\/\/elfsight.com\/fr\/wp-json\/wp\/v2\/pages\/1828"}],"wp:attachment":[{"href":"https:\/\/elfsight.com\/fr\/wp-json\/wp\/v2\/media?parent=10738"}],"curies":[{"name":"wp","href":"https:\/\/api.w.org\/{rel}","templated":true}]}}