{"id":10731,"date":"1970-01-01T00:00:00","date_gmt":"1970-01-01T00:00:00","guid":{"rendered":"https:\/\/elfsight.com\/fr\/?page_id=10731"},"modified":"2025-07-10T13:57:25","modified_gmt":"2025-07-10T13:57:25","slug":"joomla","status":"publish","type":"page","link":"https:\/\/elfsight.com\/fr\/tripadvisor-reviews-widget\/joomla\/","title":{"rendered":"Tripadvisor Reviews &#8211; Joomla"},"content":{"rendered":"<div class=\"application-platform-content-item-description application-platform-content-item\" id=\"description\" data-nav-section=\"description\"> <h2>Description<\/h2> <p>Si vous cherchez un moyen de r\u00e9v\u00e9ler votre note \u00e9lev\u00e9e et de convaincre les visiteurs du site Web que vos produits ou services sont d&rsquo;un bon rapport qualit\u00e9\/prix, le widget Elfsight Tripadvisor Reviews sera la solution. Avec notre widget, vous int\u00e9grerez facilement les avis des utilisateurs de Tripadvisor sur votre site Web avec des d\u00e9tails sur leurs auteurs, utiliserez des filtres pour afficher uniquement les avis positifs, ajouterez des notes et le bouton de demande d&rsquo;avis qui redirigera les utilisateurs vers votre compte Tripadvisor, afin qu&rsquo;ils peut partager une nouvelle critique. <\/p><div class=\"faq\" data-component=\"FAQ\"> <div class=\"faq-item\">\r\n\t\t\t\t\t<div class=\"faq-item-question\">\r\n\t\t\t\t\t\t<h3 class=\"faq-item-question-text\">O\u00f9 sur mon site puis-je afficher le widget Avis<\/h3>\r\n\r\n\t\t\t\t\t\t<div class=\"faq-item-question-icon\"><\/div>\r\n\t\t\t\t\t<\/div>\r\n\r\n\t\t\t\t\t<div class=\"faq-item-answer\">\r\n\t\t\t\t\t\t<div class=\"faq-item-answer-text\"><p>Vous \u00eates libre d&rsquo;int\u00e9grer le widget dans n&rsquo;importe quelle page de votre site Web, ou de l&rsquo;ins\u00e9rer dans le mod\u00e8le de site, dans ce Dans ce cas, il appara\u00eetra sur toutes les pages. Les avis peuvent bien fonctionner sur les pages de produits ou sur la page \u00c0 propos de nous, les endroits o\u00f9 vous souhaitez d\u00e9montrer votre note \u00e9lev\u00e9e. <\/p><\/div>\r\n\t\t\t\t\t<\/div>\r\n\t\t\t\t<\/div> <div class=\"faq-item\">\r\n\t\t\t\t\t<div class=\"faq-item-question\">\r\n\t\t\t\t\t\t<h3 class=\"faq-item-question-text\">Quels sont les avantages de l'avoir pour moi ? <\/h3>\r\n\r\n\t\t\t\t\t\t<div class=\"faq-item-question-icon\"><\/div>\r\n\t\t\t\t\t<\/div>\r\n\r\n\t\t\t\t\t<div class=\"faq-item-answer\">\r\n\t\t\t\t\t\t<div class=\"faq-item-answer-text\"><p>Les avis de personnes r\u00e9elles semblent extr\u00eamement fiables aux visiteurs de votre site Web et leur indiquent que vous pouvez faire confiance \u00e0 votre entreprise. Une note \u00e9lev\u00e9e et des impressions positives peuvent contribuer \u00e0 augmenter les ventes de votre site. De plus, le bouton actif peut contribuer \u00e0 augmenter le nombre d&rsquo;avis des utilisateurs li\u00e9s \u00e0 votre entreprise sur Tripadvisor. <\/p> <\/div>\r\n\t\t\t\t\t<\/div>\r\n\t\t\t\t<\/div> <div class=\"faq-item\">\r\n\t\t\t\t\t<div class=\"faq-item-question\">\r\n\t\t\t\t\t\t<h3 class=\"faq-item-question-text\">De quoi ai-je besoin pour ajouter le widget Avis de Tripadvisor \u00e0 mon site Web Joomla ? <\/h3>\r\n\r\n\t\t\t\t\t\t<div class=\"faq-item-question-icon\"><\/div>\r\n\t\t\t\t\t<\/div>\r\n\r\n\t\t\t\t\t<div class=\"faq-item-answer\">\r\n\t\t\t\t\t\t<div class=\"faq-item-answer-text\"> <p>Cela prend deux minutes de votre temps pour que le widget soit op\u00e9rationnel. Le processus d&rsquo;int\u00e9gration est ultra rapide, gratuit et sans codage. <\/p> <p>Le widget peut \u00eatre configur\u00e9 soit via notre service, soit via la place de march\u00e9. Vous pouvez comparer ces variantes et en choisir une plus adapt\u00e9e. <\/p> <\/div>\r\n\t\t\t\t\t<\/div>\r\n\t\t\t\t<\/div> <\/div> <\/div> <div class=\"application-platform-content-item-features application-platform-content-item\" id=\"features\" data-nav-section=\"features\"> <h2>Fonctionnalit\u00e9s<\/h2> <p>Pour avoir une meilleure id\u00e9e du widget Avis, examinez la liste des seins les plus fonctions importantes. Ils rendent ce widget plus efficace pour votre site Web\u00a0: <\/p> <ul> <li>Trois filtres pr\u00e9d\u00e9finis\u00a0: par type, exclusion par et quantit\u00e9 d&rsquo;avis \u00e0 afficher\u00a0; <\/li> <li>Quatre mises en page disponibles\u00a0: liste, grille, ma\u00e7onnerie et curseur\u00a0; <\/li> <li> En-t\u00eate commutable du widget\u00a0; <\/li> <li>Le bouton de demande d&rsquo;avis redirige les utilisateurs vers la page Tripadvisor\u00a0; <\/li> <li>Six \u00e9l\u00e9ments flexibles de l&rsquo;interface\u00a0: nom et photo de l&rsquo;auteur, recommandation, date de partage, ic\u00f4ne Tripadvisor et note par \u00e9toiles\u00a0; <\/li> <li>Deux options du sc\u00e9nario apr\u00e8s refus de la demande de r\u00e9vision\u00a0: d\u00e9montrer un message texte ou supprimer le bouton. <\/li> <\/ul><p><a href=\"#demo\">La d\u00e9mo en direct vous montrera toutes les fonctionnalit\u00e9s<\/a><\/p> <\/div> <div class=\"application-platform-content-item-installation application-platform-content-item\" id=\"installation\" data-nav-section=\"installation\"> <h2>D\u00e9couvrez comment ajouter les avis Tripadvisor \u00e0 votre site Web Joomla.<\/h2> <p>Suivez simplement quelques \u00e9tapes d\u00e9crites ci-dessous pour ajouter l&rsquo;outil sur Joomla.<\/p> <ol><li><b>Ouvrez notre site gratuit configurateur et commencez \u00e0 fa\u00e7onner votre extension personnalis\u00e9e. <\/b><br> D\u00e9terminez la pr\u00e9sentation et les sp\u00e9cifications pr\u00e9f\u00e9r\u00e9es de l&rsquo;extension et appliquez les modifications. <\/li> <li><b>Recevez le code individuel qui appara\u00eet dans la bo\u00eete sur les applications Elfsight. <\/b><br> Une fois la personnalisation de votre widget Tripadvisor personnel termin\u00e9e, copiez le code personnel dans la zone qui appara\u00eet et enregistrez-le pour un besoin ult\u00e9rieur. <\/li> <li><b>Commencez \u00e0 utiliser l&rsquo;extension sur le site Web Joomla. <\/b><br> Int\u00e9grez le code que vous avez enregistr\u00e9 r\u00e9cemment dans votre page et appliquez les am\u00e9liorations. <\/li> <li><b>L&rsquo;installation est enti\u00e8rement termin\u00e9e. <\/b><br> Visitez votre site pour examiner les performances de l&rsquo;extension. <\/li><\/ol><p>Il y a encore quelque chose qui vous rend incertain\u00a0? Ou vous rencontrez des probl\u00e8mes ? \u00c9crivez simplement une demande \u00e0 notre service client et il vous aidera \u00e0 r\u00e9pondre \u00e0 chaque question. <\/p> <\/div>","protected":false},"excerpt":{"rendered":"","protected":false},"author":9,"featured_media":0,"parent":1828,"menu_order":0,"comment_status":"closed","ping_status":"closed","template":"templates\/template-application-platform.php","meta":{"publish_to_discourse":"","publish_post_category":"","wpdc_auto_publish_overridden":"","wpdc_topic_tags":"","wpdc_pin_topic":"","wpdc_pin_until":"","discourse_post_id":"","discourse_permalink":"","wpdc_publishing_response":"","wpdc_publishing_error":"","footnotes":""},"class_list":["post-10731","page","type-page","status-publish","hentry"],"yoast_head":"<!-- This site is optimized with the Yoast SEO plugin v25.3.1 - https:\/\/yoast.com\/wordpress\/plugins\/seo\/ -->\n<title>Ajoutez l&#039;extension Tripadvisor Reviews au site Web Joomla (facile et rapide)<\/title>\n<meta name=\"description\" content=\"Il est absolument simple de cr\u00e9er votre extension Tripadvisor Reviews et de la placer sur le site Joomla. Le support client Elfsight est gratuit.\" \/>\n<meta name=\"robots\" content=\"index, follow, max-snippet:-1, max-image-preview:large, max-video-preview:-1\" \/>\n<link rel=\"canonical\" href=\"https:\/\/elfsight.com\/fr\/tripadvisor-reviews-widget\/joomla\/\" \/>\n<meta property=\"og:locale\" content=\"fr_FR\" \/>\n<meta property=\"og:type\" content=\"article\" \/>\n<meta property=\"og:title\" content=\"Ajoutez l&#039;extension Tripadvisor Reviews au site Web Joomla (facile et rapide)\" \/>\n<meta property=\"og:description\" content=\"Il est absolument simple de cr\u00e9er votre extension Tripadvisor Reviews et de la placer sur le site Joomla. Le support client Elfsight est gratuit.\" \/>\n<meta property=\"og:url\" content=\"https:\/\/elfsight.com\/fr\/tripadvisor-reviews-widget\/joomla\/\" \/>\n<meta property=\"og:site_name\" content=\"Elfsight FR\" \/>\n<meta property=\"article:modified_time\" content=\"2025-07-10T13:57:25+00:00\" \/>\n<meta name=\"twitter:card\" content=\"summary_large_image\" \/>\n<meta name=\"twitter:label1\" content=\"Dur\u00e9e de lecture estim\u00e9e\" \/>\n\t<meta name=\"twitter:data1\" content=\"3 minutes\" \/>\n<!-- \/ Yoast SEO plugin. -->","yoast_head_json":{"title":"Ajoutez l'extension Tripadvisor Reviews au site Web Joomla (facile et rapide)","description":"Il est absolument simple de cr\u00e9er votre extension Tripadvisor Reviews et de la placer sur le site Joomla. Le support client Elfsight est gratuit.","robots":{"index":"index","follow":"follow","max-snippet":"max-snippet:-1","max-image-preview":"max-image-preview:large","max-video-preview":"max-video-preview:-1"},"canonical":"https:\/\/elfsight.com\/fr\/tripadvisor-reviews-widget\/joomla\/","og_locale":"fr_FR","og_type":"article","og_title":"Ajoutez l'extension Tripadvisor Reviews au site Web Joomla (facile et rapide)","og_description":"Il est absolument simple de cr\u00e9er votre extension Tripadvisor Reviews et de la placer sur le site Joomla. Le support client Elfsight est gratuit.","og_url":"https:\/\/elfsight.com\/fr\/tripadvisor-reviews-widget\/joomla\/","og_site_name":"Elfsight FR","article_modified_time":"2025-07-10T13:57:25+00:00","twitter_card":"summary_large_image","twitter_misc":{"Dur\u00e9e de lecture estim\u00e9e":"3 minutes"},"schema":{"@context":"https:\/\/schema.org","@graph":[{"@type":"WebPage","@id":"https:\/\/elfsight.com\/fr\/tripadvisor-reviews-widget\/joomla\/","url":"https:\/\/elfsight.com\/fr\/tripadvisor-reviews-widget\/joomla\/","name":"Ajoutez l'extension Tripadvisor Reviews au site Web Joomla (facile et rapide)","isPartOf":{"@id":"https:\/\/elfsight.com\/fr\/#website"},"datePublished":"1970-01-01T00:00:00+00:00","dateModified":"2025-07-10T13:57:25+00:00","description":"Il est absolument simple de cr\u00e9er votre extension Tripadvisor Reviews et de la placer sur le site Joomla. Le support client Elfsight est gratuit.","breadcrumb":{"@id":"https:\/\/elfsight.com\/fr\/tripadvisor-reviews-widget\/joomla\/#breadcrumb"},"inLanguage":"fr-FR","potentialAction":[{"@type":"ReadAction","target":["https:\/\/elfsight.com\/fr\/tripadvisor-reviews-widget\/joomla\/"]}]},{"@type":"BreadcrumbList","@id":"https:\/\/elfsight.com\/fr\/tripadvisor-reviews-widget\/joomla\/#breadcrumb","itemListElement":[{"@type":"ListItem","position":1,"name":"Home","item":"https:\/\/elfsight.com\/fr\/"},{"@type":"ListItem","position":2,"name":"Tripadvisor Reviews","item":"https:\/\/elfsight.com\/fr\/tripadvisor-reviews-widget\/"},{"@type":"ListItem","position":3,"name":"Tripadvisor Reviews &#8211; Joomla"}]},{"@type":"WebSite","@id":"https:\/\/elfsight.com\/fr\/#website","url":"https:\/\/elfsight.com\/fr\/","name":"Elfsight FR","description":"","potentialAction":[{"@type":"SearchAction","target":{"@type":"EntryPoint","urlTemplate":"https:\/\/elfsight.com\/fr\/?s={search_term_string}"},"query-input":{"@type":"PropertyValueSpecification","valueRequired":true,"valueName":"search_term_string"}}],"inLanguage":"fr-FR"}]}},"meta_box":{"industry":"","seo_heading":"","heading":"","description":"","cta_heading":"","cta_description":"","application":"1809","h1":"Extension Joomla Avis Tripadvisor","h1_caption":"Affichez les avis clients les plus all\u00e9chants de Tripadvisor sur votre site Web","application_category":[],"applications_title":"","applications_request_title":"","applications_request_button_text":"","hero_text":"","hero_video":"","hero_video_schema_markup":"","selling_points_title":"","selling_points_caption":"","selling_points":[],"selling_points_cta_text":"","features_title":"","features":"","ed_cta_examples_text":"","ed_cta_examples_hidden":"","ed_cta_demo_text":"","ed_cta_demo_hidden":"","why_caption":"","why_editor_title":"","why_editor_text":"","why_team_title":"","why_team_text":"","why_service_title":"","why_service_text":"","template_catalog_visible":"","template_catalog_title":"","template_catalog_text":"","template_catalog_categories_visible":"","demo_title":"Cr\u00e9ez votre plugin Avis Tripadvisor","demo_caption":"Configurez vos avis Tripadvisor et ajoutez-les gratuitement \u00e0 votre site Joomla !","default_faq_hidden":"","app_template_category":[],"platform":"354","template_public_id":"","codecanyon_url":"","codecanyon_item_id":"","codecanyon_price":"","pricing_caption":"","pricing_elfsight_apps_hide_column":"","pricing_elfsight_apps_url":"","pricing_codecanyon_price_caption":"","integration_category":[],"integration_request_title":"","integration_request_cta":"","integration_platform":"","integrations":[],"platform_category":[],"video_schema_markup":"","price":"\u00e0 partir de 0$ \/ mois","trial":"","benefits":[{"text":"Aide \u00e0 l'installation gratuite"},{"text":"Service client professionnel"},{"text":"Garantie de remboursement de 14 jours"},{"text":"Am\u00e9liorations gratuites r\u00e9guli\u00e8res"}],"button_url":"","button_target_blank":"","button_nofollow":"","attributes":[{"name":"Installations","content":"10,000 - 100,000"},{"name":"Sensible","content":"Oui"},{"name":"Navigateurs compatibles","content":"Firefox, Safari, Opera, Chrome, Edge"}],"tags":[],"tags_disable_links":"","hide_more_platforms":"","video_object":"","demo_hide_cta":"","demo_hide_cloud_options":"","pricing_title":"","pricing":[{"pricing_icon":"platform","pricing_title":"Elfsight Apps","pricing_title_caption":"Solution multiplateforme adapt\u00e9e \u00e0 n'importe quel site Web","pricing_price":"from $0 \/ month","pricing_price_caption":"commencez avec un forfait gratuit","pricing_benefits":[{"text":"Sites Web illimit\u00e9s"},{"text":"Assistance d\u00e9di\u00e9e et ponctuelle"},{"text":"Service d'installation gratuit"},{"text":"Offre sp\u00e9ciale pour plusieurs applications"}],"pricing_button_text":"Ajouter au site Web","pricing_button_url":"#demo"}],"related_apps_title":"","related_apps_hidden":"","author":"","image":[],"title":"","job":"","social_networks":[]},"_links":{"self":[{"href":"https:\/\/elfsight.com\/fr\/wp-json\/wp\/v2\/pages\/10731","targetHints":{"allow":["GET"]}}],"collection":[{"href":"https:\/\/elfsight.com\/fr\/wp-json\/wp\/v2\/pages"}],"about":[{"href":"https:\/\/elfsight.com\/fr\/wp-json\/wp\/v2\/types\/page"}],"author":[{"embeddable":true,"href":"https:\/\/elfsight.com\/fr\/wp-json\/wp\/v2\/users\/9"}],"replies":[{"embeddable":true,"href":"https:\/\/elfsight.com\/fr\/wp-json\/wp\/v2\/comments?post=10731"}],"version-history":[{"count":1,"href":"https:\/\/elfsight.com\/fr\/wp-json\/wp\/v2\/pages\/10731\/revisions"}],"predecessor-version":[{"id":10735,"href":"https:\/\/elfsight.com\/fr\/wp-json\/wp\/v2\/pages\/10731\/revisions\/10735"}],"up":[{"embeddable":true,"href":"https:\/\/elfsight.com\/fr\/wp-json\/wp\/v2\/pages\/1828"}],"wp:attachment":[{"href":"https:\/\/elfsight.com\/fr\/wp-json\/wp\/v2\/media?parent=10731"}],"curies":[{"name":"wp","href":"https:\/\/api.w.org\/{rel}","templated":true}]}}