{"id":10724,"date":"1970-01-01T00:00:00","date_gmt":"1970-01-01T00:00:00","guid":{"rendered":"https:\/\/elfsight.com\/fr\/?page_id=10724"},"modified":"2025-07-10T13:57:54","modified_gmt":"2025-07-10T13:57:54","slug":"opencart","status":"publish","type":"page","link":"https:\/\/elfsight.com\/fr\/tripadvisor-reviews-widget\/opencart\/","title":{"rendered":"Tripadvisor Reviews &#8211; OpenCart"},"content":{"rendered":"<div class=\"application-platform-content-item-description application-platform-content-item\" id=\"description\" data-nav-section=\"description\"> <h2>Description<\/h2> <p>Si vous avez besoin de d\u00e9montrer votre appr\u00e9ciation aupr\u00e8s des clients et de convaincre les visiteurs que vos produits ou services offrent un bon rapport qualit\u00e9-prix de l&rsquo;argent, les avis Tripadvisor d&rsquo;Elfsight feront l&rsquo;affaire. Gr\u00e2ce \u00e0 cet outil, vous placerez facilement les avis des clients de Tripadvisor sur votre site Web avec des informations sur leurs auteurs, les filtrerez pour r\u00e9v\u00e9ler uniquement les bons, afficherez les notes et un bouton de redirection qui dirigera les gens vers votre compte Tripadvisor pour un nouvel avis. <\/p><div class=\"faq\" data-component=\"FAQ\"> <div class=\"faq-item\">\r\n\t\t\t\t\t<div class=\"faq-item-question\">\r\n\t\t\t\t\t\t<h3 class=\"faq-item-question-text\">O\u00f9 puis-je int\u00e9grer ce plugin<\/h3>\r\n\r\n\t\t\t\t\t\t<div class=\"faq-item-question-icon\"><\/div>\r\n\t\t\t\t\t<\/div>\r\n\r\n\t\t\t\t\t<div class=\"faq-item-answer\">\r\n\t\t\t\t\t\t<div class=\"faq-item-answer-text\"> <p>Notre widget peut \u00eatre ajout\u00e9 \u00e0 n&rsquo;importe quelle page Web, sur laquelle vous souhaitez d\u00e9montrer votre note \u00e9lev\u00e9e et votre popularit\u00e9 aupr\u00e8s des clients. Si vous souhaitez afficher le widget sur toutes les pages du site, vous pouvez facilement l&rsquo;ajouter dans le mod\u00e8le de site Web. <\/p><\/div>\r\n\t\t\t\t\t<\/div>\r\n\t\t\t\t<\/div> <div class=\"faq-item\">\r\n\t\t\t\t\t<div class=\"faq-item-question\">\r\n\t\t\t\t\t\t<h3 class=\"faq-item-question-text\">Quels sont les avantages d'avoir un widget Avis pour moi ? <\/h3>\r\n\r\n\t\t\t\t\t\t<div class=\"faq-item-question-icon\"><\/div>\r\n\t\t\t\t\t<\/div>\r\n\r\n\t\t\t\t\t<div class=\"faq-item-answer\">\r\n\t\t\t\t\t\t<div class=\"faq-item-answer-text\"> <p>Les avis de personnes r\u00e9elles semblent parfaitement cr\u00e9dibles aux clients de votre site Web et leur montrent que votre entreprise est fiable. Une note \u00e9lev\u00e9e et d\u2019excellentes critiques peuvent contribuer \u00e0 augmenter les achats sur votre site. De plus, un bouton actif peut contribuer \u00e0 accro\u00eetre les avis des utilisateurs sur vos offres ou services sur Tripadvisor. <\/p> <\/div>\r\n\t\t\t\t\t<\/div>\r\n\t\t\t\t<\/div> <div class=\"faq-item\">\r\n\t\t\t\t\t<div class=\"faq-item-question\">\r\n\t\t\t\t\t\t<h3 class=\"faq-item-question-text\">Comment puis-je ajouter des avis du widget Tripadvisor \u00e0 mon site Web OpenCart ? <\/h3>\r\n\r\n\t\t\t\t\t\t<div class=\"faq-item-question-icon\"><\/div>\r\n\t\t\t\t\t<\/div>\r\n\r\n\t\t\t\t\t<div class=\"faq-item-answer\">\r\n\t\t\t\t\t\t<div class=\"faq-item-answer-text\"> <p>Cela ne prendra que trois minutes de votre temps pour commencer \u00e0 utiliser le widget. Ce processus est ultra rapide, gratuit et n\u2019implique aucun codage. <\/p> <p>Le widget peut \u00eatre introduit via notre service ou via la place de march\u00e9. Vous pouvez en savoir plus sur ces variantes et choisir la v\u00f4tre. <\/p><\/div>\r\n\t\t\t\t\t<\/div>\r\n\t\t\t\t<\/div> <\/div> <\/div> <div class=\"application-platform-content-item-features application-platform-content-item\" id=\"features\" data-nav-section=\"features\"> <h2>Fonctionnalit\u00e9s<\/h2> <p>Afin d&rsquo;avoir une perception claire du widget Avis, voici la liste des les principales caract\u00e9ristiques. Ils rendent notre widget le plus efficace possible\u00a0: <\/p> <ul> <li>3 filtres pr\u00e9d\u00e9finis\u00a0: par type, exclusion par et quantit\u00e9 d&rsquo;avis \u00e0 afficher\u00a0; <\/li> <li>Quatre types de mise en page\u00a0: liste, grille, ma\u00e7onnerie et curseur\u00a0; <\/li> <li> En-t\u00eate commutable du widget\u00a0; <\/li> <li>Le bouton actif pour ajouter un autre avis redirige les visiteurs vers la page Tripadvisor\u00a0; <\/li> <li>6 \u00e9l\u00e9ments flexibles du widget\u00a0: le nom de l&rsquo;auteur et la photo, la recommandation, la date de d\u00e9part, l&rsquo;ic\u00f4ne Tripadvisor et le nombre d&rsquo;\u00e9toiles\u00a0; <\/li> <li>Deux options de sc\u00e9narios de rejet de demande d&rsquo;avis\u00a0: afficher un message texte ou masquer le bouton. <\/li> <\/ul><p><a href=\"#demo\">Pour voir plus de fonctionnalit\u00e9s, consultez notre d\u00e9mo<\/a><\/p> <\/div> <div class=\"application-platform-content-item-installation application-platform-content-item\" id=\"installation\" data-nav-section=\"installation\"> <h2>Voyons comment ajouter les avis Tripadvisor \u00e0 votre site Web OpenCart<\/h2> <p>Remplissez simplement les instructions ci-dessous pour activer l&rsquo;outil sur OpenCart.<\/p> <ol><li><b>Lancez notre d\u00e9mo gratuite et commencez \u00e0 former votre extension personnalis\u00e9e. <\/b><br> Recherchez le formulaire personnalis\u00e9 et les param\u00e8tres de l&rsquo;extension Tripadvisor et appliquez les modifications. <\/li> <li><b>Acqu\u00e9rir le code personnel apparaissant dans la fen\u00eatre sur Elfsight Apps. <\/b><br> Une fois la personnalisation de votre extension termin\u00e9e, copiez le code personnel dans la popup qui appara\u00eet et enregistrez-le pour une occasion ult\u00e9rieure. <\/li> <li><b>Commencez \u00e0 utiliser l&rsquo;outil sur votre site Web OpenCart. <\/b><br> Int\u00e9grez le code que vous avez copi\u00e9 r\u00e9cemment dans votre site Web et enregistrez les corrections. <\/li> <li><b>L&rsquo;installation est enti\u00e8rement effectu\u00e9e. <\/b><br> Rendez-vous sur votre site pour inspecter le travail de l&rsquo;outil. <\/li><\/ol> <p>Vous n&rsquo;arrivez toujours pas \u00e0 vous d\u00e9cider\u00a0? Ou vous avez des questions ? Envoyez simplement une demande \u00e0 notre \u00e9quipe d\u2019assistance. Nous ferons de notre mieux pour r\u00e9gler tout type de probl\u00e8me. <\/p> <\/div>","protected":false},"excerpt":{"rendered":"","protected":false},"author":9,"featured_media":0,"parent":1828,"menu_order":0,"comment_status":"closed","ping_status":"closed","template":"templates\/template-application-platform.php","meta":{"publish_to_discourse":"","publish_post_category":"","wpdc_auto_publish_overridden":"","wpdc_topic_tags":"","wpdc_pin_topic":"","wpdc_pin_until":"","discourse_post_id":"","discourse_permalink":"","wpdc_publishing_response":"","wpdc_publishing_error":"","footnotes":""},"class_list":["post-10724","page","type-page","status-publish","hentry"],"yoast_head":"<!-- This site is optimized with the Yoast SEO plugin v25.3.1 - https:\/\/yoast.com\/wordpress\/plugins\/seo\/ -->\n<title>Ajoutez l&#039;extension Tripadvisor Reviews au site Web OpenCart (facile et rapide)<\/title>\n<meta name=\"description\" content=\"Avec Elfsight, fa\u00e7onnez votre extension Tripadvisor Reviews et ins\u00e9rez-la sur votre site OpenCart en un rien de temps. Nous disposons d&#039;un support client gratuit et d&#039;autres bonus.\" \/>\n<meta name=\"robots\" content=\"index, follow, max-snippet:-1, max-image-preview:large, max-video-preview:-1\" \/>\n<link rel=\"canonical\" href=\"https:\/\/elfsight.com\/fr\/tripadvisor-reviews-widget\/opencart\/\" \/>\n<meta property=\"og:locale\" content=\"fr_FR\" \/>\n<meta property=\"og:type\" content=\"article\" \/>\n<meta property=\"og:title\" content=\"Ajoutez l&#039;extension Tripadvisor Reviews au site Web OpenCart (facile et rapide)\" \/>\n<meta property=\"og:description\" content=\"Avec Elfsight, fa\u00e7onnez votre extension Tripadvisor Reviews et ins\u00e9rez-la sur votre site OpenCart en un rien de temps. Nous disposons d&#039;un support client gratuit et d&#039;autres bonus.\" \/>\n<meta property=\"og:url\" content=\"https:\/\/elfsight.com\/fr\/tripadvisor-reviews-widget\/opencart\/\" \/>\n<meta property=\"og:site_name\" content=\"Elfsight FR\" \/>\n<meta property=\"article:modified_time\" content=\"2025-07-10T13:57:54+00:00\" \/>\n<meta name=\"twitter:card\" content=\"summary_large_image\" \/>\n<meta name=\"twitter:label1\" content=\"Dur\u00e9e de lecture estim\u00e9e\" \/>\n\t<meta name=\"twitter:data1\" content=\"3 minutes\" \/>\n<!-- \/ Yoast SEO plugin. -->","yoast_head_json":{"title":"Ajoutez l'extension Tripadvisor Reviews au site Web OpenCart (facile et rapide)","description":"Avec Elfsight, fa\u00e7onnez votre extension Tripadvisor Reviews et ins\u00e9rez-la sur votre site OpenCart en un rien de temps. Nous disposons d'un support client gratuit et d'autres bonus.","robots":{"index":"index","follow":"follow","max-snippet":"max-snippet:-1","max-image-preview":"max-image-preview:large","max-video-preview":"max-video-preview:-1"},"canonical":"https:\/\/elfsight.com\/fr\/tripadvisor-reviews-widget\/opencart\/","og_locale":"fr_FR","og_type":"article","og_title":"Ajoutez l'extension Tripadvisor Reviews au site Web OpenCart (facile et rapide)","og_description":"Avec Elfsight, fa\u00e7onnez votre extension Tripadvisor Reviews et ins\u00e9rez-la sur votre site OpenCart en un rien de temps. Nous disposons d'un support client gratuit et d'autres bonus.","og_url":"https:\/\/elfsight.com\/fr\/tripadvisor-reviews-widget\/opencart\/","og_site_name":"Elfsight FR","article_modified_time":"2025-07-10T13:57:54+00:00","twitter_card":"summary_large_image","twitter_misc":{"Dur\u00e9e de lecture estim\u00e9e":"3 minutes"},"schema":{"@context":"https:\/\/schema.org","@graph":[{"@type":"WebPage","@id":"https:\/\/elfsight.com\/fr\/tripadvisor-reviews-widget\/opencart\/","url":"https:\/\/elfsight.com\/fr\/tripadvisor-reviews-widget\/opencart\/","name":"Ajoutez l'extension Tripadvisor Reviews au site Web OpenCart (facile et rapide)","isPartOf":{"@id":"https:\/\/elfsight.com\/fr\/#website"},"datePublished":"1970-01-01T00:00:00+00:00","dateModified":"2025-07-10T13:57:54+00:00","description":"Avec Elfsight, fa\u00e7onnez votre extension Tripadvisor Reviews et ins\u00e9rez-la sur votre site OpenCart en un rien de temps. Nous disposons d'un support client gratuit et d'autres bonus.","breadcrumb":{"@id":"https:\/\/elfsight.com\/fr\/tripadvisor-reviews-widget\/opencart\/#breadcrumb"},"inLanguage":"fr-FR","potentialAction":[{"@type":"ReadAction","target":["https:\/\/elfsight.com\/fr\/tripadvisor-reviews-widget\/opencart\/"]}]},{"@type":"BreadcrumbList","@id":"https:\/\/elfsight.com\/fr\/tripadvisor-reviews-widget\/opencart\/#breadcrumb","itemListElement":[{"@type":"ListItem","position":1,"name":"Home","item":"https:\/\/elfsight.com\/fr\/"},{"@type":"ListItem","position":2,"name":"Tripadvisor Reviews","item":"https:\/\/elfsight.com\/fr\/tripadvisor-reviews-widget\/"},{"@type":"ListItem","position":3,"name":"Tripadvisor Reviews &#8211; OpenCart"}]},{"@type":"WebSite","@id":"https:\/\/elfsight.com\/fr\/#website","url":"https:\/\/elfsight.com\/fr\/","name":"Elfsight FR","description":"","potentialAction":[{"@type":"SearchAction","target":{"@type":"EntryPoint","urlTemplate":"https:\/\/elfsight.com\/fr\/?s={search_term_string}"},"query-input":{"@type":"PropertyValueSpecification","valueRequired":true,"valueName":"search_term_string"}}],"inLanguage":"fr-FR"}]}},"meta_box":{"industry":"","seo_heading":"","heading":"","description":"","cta_heading":"","cta_description":"","application":"1809","h1":"Extension des avis Tripadvisor OpenCart","h1_caption":"Ajoutez vos avis clients parfaits de Tripadvisor sur votre site Web","application_category":[],"applications_title":"","applications_request_title":"","applications_request_button_text":"","hero_text":"","hero_video":"","hero_video_schema_markup":"","selling_points_title":"","selling_points_caption":"","selling_points":[],"selling_points_cta_text":"","features_title":"","features":"","ed_cta_examples_text":"","ed_cta_examples_hidden":"","ed_cta_demo_text":"","ed_cta_demo_hidden":"","why_caption":"","why_editor_title":"","why_editor_text":"","why_team_title":"","why_team_text":"","why_service_title":"","why_service_text":"","template_catalog_visible":"","template_catalog_title":"","template_catalog_text":"","template_catalog_categories_visible":"","demo_title":"Cr\u00e9ez votre extension Avis Tripadvisor","demo_caption":"Configurez vos avis Tripadvisor et ajoutez-les gratuitement \u00e0 votre site Web OpenCart\u00a0!","default_faq_hidden":"","app_template_category":[],"platform":"359","template_public_id":"","codecanyon_url":"","codecanyon_item_id":"","codecanyon_price":"","pricing_caption":"","pricing_elfsight_apps_hide_column":"","pricing_elfsight_apps_url":"","pricing_codecanyon_price_caption":"","integration_category":[],"integration_request_title":"","integration_request_cta":"","integration_platform":"","integrations":[],"platform_category":[],"video_schema_markup":"","price":"\u00e0 partir de 0$ \/ mois","trial":"","benefits":[{"text":"Service d'installation gratuit"},{"text":"Service client comp\u00e9tent"},{"text":"Garantie de remboursement de 14 jours"},{"text":"Mises \u00e0 jour gratuites \u00e0 vie"}],"button_url":"","button_target_blank":"","button_nofollow":"","attributes":[{"name":"Installations","content":"10,000 - 100,000"},{"name":"Sensible","content":"Oui"},{"name":"Navigateurs compatibles","content":"Safari, Edge, Opera, Firefox, Chrome"}],"tags":[],"tags_disable_links":"","hide_more_platforms":"","video_object":"","demo_hide_cta":"","demo_hide_cloud_options":"","pricing_title":"","pricing":[{"pricing_icon":"platform","pricing_title":"Elfsight Apps","pricing_title_caption":"Version multiplateforme","pricing_price":"from $0 \/ month","pricing_price_caption":"commencez avec un forfait gratuit","pricing_benefits":[{"text":"Sites Web illimit\u00e9s"},{"text":"Assistance professionnelle et ponctuelle"},{"text":"Assistance \u00e0 l'installation gratuite"},{"text":"Conception flexible"}],"pricing_button_text":"Ajouter au site Web","pricing_button_url":"#demo"}],"related_apps_title":"","related_apps_hidden":"","author":"","image":[],"title":"","job":"","social_networks":[]},"_links":{"self":[{"href":"https:\/\/elfsight.com\/fr\/wp-json\/wp\/v2\/pages\/10724","targetHints":{"allow":["GET"]}}],"collection":[{"href":"https:\/\/elfsight.com\/fr\/wp-json\/wp\/v2\/pages"}],"about":[{"href":"https:\/\/elfsight.com\/fr\/wp-json\/wp\/v2\/types\/page"}],"author":[{"embeddable":true,"href":"https:\/\/elfsight.com\/fr\/wp-json\/wp\/v2\/users\/9"}],"replies":[{"embeddable":true,"href":"https:\/\/elfsight.com\/fr\/wp-json\/wp\/v2\/comments?post=10724"}],"version-history":[{"count":1,"href":"https:\/\/elfsight.com\/fr\/wp-json\/wp\/v2\/pages\/10724\/revisions"}],"predecessor-version":[{"id":10728,"href":"https:\/\/elfsight.com\/fr\/wp-json\/wp\/v2\/pages\/10724\/revisions\/10728"}],"up":[{"embeddable":true,"href":"https:\/\/elfsight.com\/fr\/wp-json\/wp\/v2\/pages\/1828"}],"wp:attachment":[{"href":"https:\/\/elfsight.com\/fr\/wp-json\/wp\/v2\/media?parent=10724"}],"curies":[{"name":"wp","href":"https:\/\/api.w.org\/{rel}","templated":true}]}}