{"id":10723,"date":"1970-01-01T00:00:00","date_gmt":"1970-01-01T00:00:00","guid":{"rendered":"https:\/\/elfsight.com\/fr\/?page_id=10723"},"modified":"2025-07-10T13:58:25","modified_gmt":"2025-07-10T13:58:25","slug":"wix","status":"publish","type":"page","link":"https:\/\/elfsight.com\/fr\/tripadvisor-reviews-widget\/wix\/","title":{"rendered":"Tripadvisor Reviews &#8211; Wix"},"content":{"rendered":"<div class=\"application-platform-content-item-description application-platform-content-item\" id=\"description\" data-nav-section=\"description\"> <h2>Description<\/h2> <p>Si vous avez besoin de prouver votre appr\u00e9ciation aupr\u00e8s des clients et de convaincre les visiteurs de votre site Web que vos offres valent la peine d&rsquo;\u00eatre d\u00e9pens\u00e9es , Elfsight Tripadvisor Reviews vous convient parfaitement. Gr\u00e2ce \u00e0 ce widget, vous int\u00e9grerez rapidement les avis des clients de Tripadvisor sur votre site Web avec des informations sur leurs auteurs, les trierez pour n&rsquo;afficher que les avis positifs, afficherez les notes et le bouton de demande d&rsquo;avis qui am\u00e8nera les utilisateurs sur votre page Tripadvisor, o\u00f9 ils pourront r\u00e9diger un nouvelle critique. <\/p><div class=\"faq\" data-component=\"FAQ\"> <div class=\"faq-item\">\r\n\t\t\t\t\t<div class=\"faq-item-question\">\r\n\t\t\t\t\t\t<h3 class=\"faq-item-question-text\">O\u00f9 sur mon site Web puis-je ins\u00e9rer le widget<\/h3>\r\n\r\n\t\t\t\t\t\t<div class=\"faq-item-question-icon\"><\/div>\r\n\t\t\t\t\t<\/div>\r\n\r\n\t\t\t\t\t<div class=\"faq-item-answer\">\r\n\t\t\t\t\t\t<div class=\"faq-item-answer-text\"> <p>Le widget peut \u00eatre configur\u00e9 sur n&rsquo;importe quelle page, o\u00f9 vous souhaitez d\u00e9montrer votre note \u00e9lev\u00e9e et votre popularit\u00e9 aupr\u00e8s des clients. Si vous en avez besoin sur toutes les pages du site, vous pouvez simplement l&rsquo;introduire dans le mod\u00e8le de site Web. <\/p><\/div>\r\n\t\t\t\t\t<\/div>\r\n\t\t\t\t<\/div> <div class=\"faq-item\">\r\n\t\t\t\t\t<div class=\"faq-item-question\">\r\n\t\t\t\t\t\t<h3 class=\"faq-item-question-text\">Comment pourrais-je b\u00e9n\u00e9ficier de ce plugin ? <\/h3>\r\n\r\n\t\t\t\t\t\t<div class=\"faq-item-question-icon\"><\/div>\r\n\t\t\t\t\t<\/div>\r\n\r\n\t\t\t\t\t<div class=\"faq-item-answer\">\r\n\t\t\t\t\t\t<div class=\"faq-item-answer-text\"> <p>Les avis ajout\u00e9s par de vraies personnes semblent vraiment cr\u00e9dibles aux yeux des utilisateurs de votre site et leur montrent que votre entreprise est un partenaire fiable. Une note \u00e9lev\u00e9e et d&rsquo;excellentes impressions peuvent aider \u00e0 augmenter le niveau d&rsquo;achats sur votre site. De plus, le bouton de redirection peut contribuer \u00e0 augmenter le nombre d&rsquo;avis clients sur votre entreprise sur Tripadvisor. <\/p> <\/div>\r\n\t\t\t\t\t<\/div>\r\n\t\t\t\t<\/div> <div class=\"faq-item\">\r\n\t\t\t\t\t<div class=\"faq-item-question\">\r\n\t\t\t\t\t\t<h3 class=\"faq-item-question-text\">Comment puis-je ajouter des avis du widget Tripadvisor \u00e0 mon site Wix ? <\/h3>\r\n\r\n\t\t\t\t\t\t<div class=\"faq-item-question-icon\"><\/div>\r\n\t\t\t\t\t<\/div>\r\n\r\n\t\t\t\t\t<div class=\"faq-item-answer\">\r\n\t\t\t\t\t\t<div class=\"faq-item-answer-text\"> <p>Vous n&rsquo;avez besoin que de trois minutes pour commencer \u00e0 utiliser le widget. L&rsquo;int\u00e9gration est vraiment rapide, gratuite et n&rsquo;inclut pas de codage. <\/p> <p>Le widget peut \u00eatre mis en place directement sur notre service ou via la marketplace. Ici, vous pouvez comparer ces variantes et choisir la v\u00f4tre. <\/p><\/div>\r\n\t\t\t\t\t<\/div>\r\n\t\t\t\t<\/div> <\/div> <\/div> <div class=\"application-platform-content-item-features application-platform-content-item\" id=\"features\" data-nav-section=\"features\"> <h2>Fonctionnalit\u00e9s<\/h2> <p>Pour avoir une meilleure connaissance du widget Avis, vous pouvez parcourir la liste des traits les plus pr\u00e9cieux. Ils rendent ce widget incroyablement efficace pour votre promotion\u00a0: <\/p> <ul> <li>3 filtres pr\u00eats \u00e0 l&#8217;emploi\u00a0: par type, exclusion par et quantit\u00e9 d&rsquo;avis \u00e0 afficher\u00a0; <\/li> <li>4 dispositions pr\u00e9d\u00e9finies\u00a0: liste, grille, ma\u00e7onnerie et curseur\u00a0; <\/li> <li>Une opportunit\u00e9 d&rsquo;activer\/d\u00e9sactiver l&rsquo;en-t\u00eate du widget\u00a0; <\/li> <li>Le bouton permettant de demander un avis dirige les clients vers la page Tripadvisor\u00a0; <\/li> <li>Six \u00e9l\u00e9ments personnalisables du widget\u00a0: nom et photo de l&rsquo;auteur, texte de recommandation, date, ic\u00f4ne Tripadvisor et note par \u00e9toiles\u00a0; <\/li> <li>Deux alternatives de sc\u00e9narios apr\u00e8s le refus d&rsquo;une demande de r\u00e9vision\u00a0: d\u00e9montrez votre message ou supprimez le bouton. <\/li> <\/ul><p><a href=\"#demo\">V\u00e9rifiez toutes les fonctionnalit\u00e9s dans la d\u00e9mo en direct<\/a><\/p> <\/div> <div class=\"application-platform-content-item-installation application-platform-content-item\" id=\"installation\" data-nav-section=\"installation\"> <h2>Voici comment introduire les avis Tripadvisor sur votre page Wix. C&rsquo;est facile et simple.<\/h2> <div class=\"video-container\"><iframe width=\"560\" height=\"315\" src=\"https:\/\/www.youtube.com\/embed\/pnRA0sAeASY\" frameborder=\"0\" allowfullscreen=\"\"><\/iframe><\/div><p>Pour ajouter le plugin \u00e0 votre site, il vous suffit de suivre quelques \u00e9tapes simples\u00a0: <\/p> <ul><li><b>Configurer l&rsquo;application<\/b><br> Ouvrez la boutique Shopify et recherchez la page de l&rsquo;application. Appuyez sur le bouton \u00ab\u00a0Obtenir\u00a0\u00bb pour int\u00e9grer l&rsquo;application sur votre site. <\/li> <li><b>Configurer les param\u00e8tres de l&rsquo;application<\/b><br> D\u00e9finir les param\u00e8tres de l&rsquo;application\u00a0: contenu et configurations de l&rsquo;interface. Apr\u00e8s le r\u00e9glage, vous obtiendrez votre code d&rsquo;installation personnel. Enregistrez le code pour une utilisation ult\u00e9rieure. <\/li> <li><b>Int\u00e9grer l&rsquo;application \u00e0 la page Web<\/b><br> Ouvrez la cat\u00e9gorie \u00ab Pages \u00bb et acc\u00e9dez \u00e0 la page sur laquelle vous souhaitez afficher l&rsquo;application. Apr\u00e8s cela, placez-y le code en mode HTML et publiez les modifications. <\/li> <li><b>Vous avez enti\u00e8rement effectu\u00e9 l&rsquo;installation<\/b><br> Allez sur le site Web pour voir vos avis\u00a0! <\/li><\/ul><p>Il y a encore quelque chose qui vous rend incertain\u00a0? Ou vous avez des questions ? Envoyez simplement une demande \u00e0 notre \u00e9quipe d&rsquo;assistance pour obtenir une aide professionnelle pour tout probl\u00e8me. <\/p> <\/div>","protected":false},"excerpt":{"rendered":"","protected":false},"author":9,"featured_media":0,"parent":1828,"menu_order":0,"comment_status":"closed","ping_status":"closed","template":"templates\/template-application-platform.php","meta":{"publish_to_discourse":"","publish_post_category":"","wpdc_auto_publish_overridden":"","wpdc_topic_tags":"","wpdc_pin_topic":"","wpdc_pin_until":"","discourse_post_id":"","discourse_permalink":"","wpdc_publishing_response":"","wpdc_publishing_error":"","footnotes":""},"class_list":["post-10723","page","type-page","status-publish","hentry"],"yoast_head":"<!-- This site is optimized with the Yoast SEO plugin v25.3.1 - https:\/\/yoast.com\/wordpress\/plugins\/seo\/ -->\n<title>Int\u00e9grez l&#039;application Tripadvisor Reviews sur votre site Wix (en 2 minutes)<\/title>\n<meta name=\"description\" content=\"Cr\u00e9er votre application Tripadvisor Reviews et la publier sur votre site Web Wix est un jeu d&#039;enfant. Le service client Elfsight est gratuit.\" \/>\n<meta name=\"robots\" content=\"index, follow, max-snippet:-1, max-image-preview:large, max-video-preview:-1\" \/>\n<link rel=\"canonical\" href=\"https:\/\/elfsight.com\/fr\/tripadvisor-reviews-widget\/wix\/\" \/>\n<meta property=\"og:locale\" content=\"fr_FR\" \/>\n<meta property=\"og:type\" content=\"article\" \/>\n<meta property=\"og:title\" content=\"Int\u00e9grez l&#039;application Tripadvisor Reviews sur votre site Wix (en 2 minutes)\" \/>\n<meta property=\"og:description\" content=\"Cr\u00e9er votre application Tripadvisor Reviews et la publier sur votre site Web Wix est un jeu d&#039;enfant. Le service client Elfsight est gratuit.\" \/>\n<meta property=\"og:url\" content=\"https:\/\/elfsight.com\/fr\/tripadvisor-reviews-widget\/wix\/\" \/>\n<meta property=\"og:site_name\" content=\"Elfsight FR\" \/>\n<meta property=\"article:modified_time\" content=\"2025-07-10T13:58:25+00:00\" \/>\n<meta name=\"twitter:card\" content=\"summary_large_image\" \/>\n<meta name=\"twitter:label1\" content=\"Dur\u00e9e de lecture estim\u00e9e\" \/>\n\t<meta name=\"twitter:data1\" content=\"3 minutes\" \/>\n<!-- \/ Yoast SEO plugin. -->","yoast_head_json":{"title":"Int\u00e9grez l'application Tripadvisor Reviews sur votre site Wix (en 2 minutes)","description":"Cr\u00e9er votre application Tripadvisor Reviews et la publier sur votre site Web Wix est un jeu d'enfant. Le service client Elfsight est gratuit.","robots":{"index":"index","follow":"follow","max-snippet":"max-snippet:-1","max-image-preview":"max-image-preview:large","max-video-preview":"max-video-preview:-1"},"canonical":"https:\/\/elfsight.com\/fr\/tripadvisor-reviews-widget\/wix\/","og_locale":"fr_FR","og_type":"article","og_title":"Int\u00e9grez l'application Tripadvisor Reviews sur votre site Wix (en 2 minutes)","og_description":"Cr\u00e9er votre application Tripadvisor Reviews et la publier sur votre site Web Wix est un jeu d'enfant. Le service client Elfsight est gratuit.","og_url":"https:\/\/elfsight.com\/fr\/tripadvisor-reviews-widget\/wix\/","og_site_name":"Elfsight FR","article_modified_time":"2025-07-10T13:58:25+00:00","twitter_card":"summary_large_image","twitter_misc":{"Dur\u00e9e de lecture estim\u00e9e":"3 minutes"},"schema":{"@context":"https:\/\/schema.org","@graph":[{"@type":"WebPage","@id":"https:\/\/elfsight.com\/fr\/tripadvisor-reviews-widget\/wix\/","url":"https:\/\/elfsight.com\/fr\/tripadvisor-reviews-widget\/wix\/","name":"Int\u00e9grez l'application Tripadvisor Reviews sur votre site Wix (en 2 minutes)","isPartOf":{"@id":"https:\/\/elfsight.com\/fr\/#website"},"datePublished":"1970-01-01T00:00:00+00:00","dateModified":"2025-07-10T13:58:25+00:00","description":"Cr\u00e9er votre application Tripadvisor Reviews et la publier sur votre site Web Wix est un jeu d'enfant. Le service client Elfsight est gratuit.","breadcrumb":{"@id":"https:\/\/elfsight.com\/fr\/tripadvisor-reviews-widget\/wix\/#breadcrumb"},"inLanguage":"fr-FR","potentialAction":[{"@type":"ReadAction","target":["https:\/\/elfsight.com\/fr\/tripadvisor-reviews-widget\/wix\/"]}]},{"@type":"BreadcrumbList","@id":"https:\/\/elfsight.com\/fr\/tripadvisor-reviews-widget\/wix\/#breadcrumb","itemListElement":[{"@type":"ListItem","position":1,"name":"Home","item":"https:\/\/elfsight.com\/fr\/"},{"@type":"ListItem","position":2,"name":"Tripadvisor Reviews","item":"https:\/\/elfsight.com\/fr\/tripadvisor-reviews-widget\/"},{"@type":"ListItem","position":3,"name":"Tripadvisor Reviews &#8211; Wix"}]},{"@type":"WebSite","@id":"https:\/\/elfsight.com\/fr\/#website","url":"https:\/\/elfsight.com\/fr\/","name":"Elfsight FR","description":"","potentialAction":[{"@type":"SearchAction","target":{"@type":"EntryPoint","urlTemplate":"https:\/\/elfsight.com\/fr\/?s={search_term_string}"},"query-input":{"@type":"PropertyValueSpecification","valueRequired":true,"valueName":"search_term_string"}}],"inLanguage":"fr-FR"}]}},"meta_box":{"industry":"","seo_heading":"","heading":"","description":"","cta_heading":"","cta_description":"","application":"1809","h1":"Application Wix Tripadvisor Avis","h1_caption":"Ins\u00e9rez les meilleurs avis clients de Tripadvisor sur votre site Web","application_category":[],"applications_title":"","applications_request_title":"","applications_request_button_text":"","hero_text":"","hero_video":"","hero_video_schema_markup":"","selling_points_title":"","selling_points_caption":"","selling_points":[],"selling_points_cta_text":"","features_title":"","features":"","ed_cta_examples_text":"","ed_cta_examples_hidden":"","ed_cta_demo_text":"","ed_cta_demo_hidden":"","why_caption":"","why_editor_title":"","why_editor_text":"","why_team_title":"","why_team_text":"","why_service_title":"","why_service_text":"","template_catalog_visible":"","template_catalog_title":"","template_catalog_text":"","template_catalog_categories_visible":"","demo_title":"Cr\u00e9ez votre application Avis Tripadvisor","demo_caption":"Configurez vos avis Tripadvisor et ajoutez-les gratuitement \u00e0 votre site Wix !","default_faq_hidden":"","app_template_category":[],"platform":"345","template_public_id":"","codecanyon_url":"","codecanyon_item_id":"","codecanyon_price":"","pricing_caption":"","pricing_elfsight_apps_hide_column":"","pricing_elfsight_apps_url":"","pricing_codecanyon_price_caption":"","integration_category":[],"integration_request_title":"","integration_request_cta":"","integration_platform":"","integrations":[],"platform_category":[],"video_schema_markup":"","price":"\u00e0 partir de 0$ \/ mois","trial":"","benefits":[{"text":"Assistance \u00e0 l'installation gratuite"},{"text":"Service client comp\u00e9tent"},{"text":"Garantie de remboursement de 14 jours"},{"text":"Mise \u00e0 jour constante"}],"button_url":"","button_target_blank":"","button_nofollow":"","attributes":[{"name":"Installations","content":"10,000 - 100,000"},{"name":"Sensible","content":"Oui"},{"name":"Navigateurs compatibles","content":"Safari, Edge, Firefox, Chrome, Opera"}],"tags":[],"tags_disable_links":"","hide_more_platforms":"","video_object":"","demo_hide_cta":"","demo_hide_cloud_options":"","pricing_title":"","pricing":[{"pricing_icon":"platform","pricing_title":"Elfsight Apps","pricing_title_caption":"Logiciel multiplateforme qui fonctionne sur n'importe quel site","pricing_price":"from $0 \/ month","pricing_price_caption":"commencez avec un forfait gratuit","pricing_benefits":[{"text":"Nombre illimit\u00e9 de domaines"},{"text":"Support client d\u00e9di\u00e9"},{"text":"Aide \u00e0 l'installation gratuite"},{"text":"Prix \u200b\u200bsp\u00e9cial pour plusieurs applications"}],"pricing_button_text":"Ajouter au site Web","pricing_button_url":"#demo"}],"related_apps_title":"","related_apps_hidden":"","author":"","image":[],"title":"","job":"","social_networks":[]},"_links":{"self":[{"href":"https:\/\/elfsight.com\/fr\/wp-json\/wp\/v2\/pages\/10723","targetHints":{"allow":["GET"]}}],"collection":[{"href":"https:\/\/elfsight.com\/fr\/wp-json\/wp\/v2\/pages"}],"about":[{"href":"https:\/\/elfsight.com\/fr\/wp-json\/wp\/v2\/types\/page"}],"author":[{"embeddable":true,"href":"https:\/\/elfsight.com\/fr\/wp-json\/wp\/v2\/users\/9"}],"replies":[{"embeddable":true,"href":"https:\/\/elfsight.com\/fr\/wp-json\/wp\/v2\/comments?post=10723"}],"version-history":[{"count":2,"href":"https:\/\/elfsight.com\/fr\/wp-json\/wp\/v2\/pages\/10723\/revisions"}],"predecessor-version":[{"id":15242,"href":"https:\/\/elfsight.com\/fr\/wp-json\/wp\/v2\/pages\/10723\/revisions\/15242"}],"up":[{"embeddable":true,"href":"https:\/\/elfsight.com\/fr\/wp-json\/wp\/v2\/pages\/1828"}],"wp:attachment":[{"href":"https:\/\/elfsight.com\/fr\/wp-json\/wp\/v2\/media?parent=10723"}],"curies":[{"name":"wp","href":"https:\/\/api.w.org\/{rel}","templated":true}]}}