{"id":10715,"date":"1970-01-01T00:00:00","date_gmt":"1970-01-01T00:00:00","guid":{"rendered":"https:\/\/elfsight.com\/fr\/?page_id=10715"},"modified":"2025-07-10T13:56:49","modified_gmt":"2025-07-10T13:56:49","slug":"facebook","status":"publish","type":"page","link":"https:\/\/elfsight.com\/fr\/tripadvisor-reviews-widget\/facebook\/","title":{"rendered":"Tripadvisor Reviews &#8211; Facebook Page"},"content":{"rendered":"<div class=\"application-platform-content-item-description application-platform-content-item\" id=\"description\" data-nav-section=\"description\"><h2>Description<\/h2><p>Si vous cherchez un moyen de vanter votre appr\u00e9ciation aupr\u00e8s des clients et que vous souhaitez convaincre les visiteurs de la page que vos produits ou services valent la peine d&rsquo;\u00eatre achet\u00e9s, le widget Elfsight Tripadvisor fera le travail. Gr\u00e2ce \u00e0 notre widget, vous placerez facilement sur votre page les avis des clients du service populaire avec des informations sur leurs auteurs. Utilisez des filtres pour afficher uniquement les bons, ajoutez des notes et un bouton actif qui dirigera les gens vers votre page Tripadvisor, o\u00f9 ils pourront r\u00e9diger un nouvel avis. <\/p> <p><b>Am\u00e9liorez la perception de votre marque aupr\u00e8s de votre audience gr\u00e2ce aux excellents avis de Tripadvisor\u00a0!<\/b><\/p><\/div> <div class=\"application-platform-content-item-features application-platform-content-item\" id=\"features\" data-nav-section=\"features\"><h2>Fonctionnalit\u00e9s<\/h2><p>Voir toutes les fonctions du widget dans cette liste. Ils sont disponibles directement dans l&rsquo;\u00e9diteur et vous aideront \u00e0 fa\u00e7onner le widget adapt\u00e9 \u00e0 votre cas.<\/p><ul><li>3 variantes de filtres\u00a0: par type, exclusion par et quantit\u00e9 d&rsquo;avis \u00e0 afficher\u00a0; <\/li><li>4 types de mises en page\u00a0: liste, grille, ma\u00e7onnerie et curseur\u00a0; <\/li><li>Une option pour activer\/d\u00e9sactiver l&rsquo;en-t\u00eate du widget\u00a0; <\/li><li>Le bouton permettant de demander un avis dirige les clients vers votre page Tripadvisor\u00a0; <\/li><li>Six \u00e9l\u00e9ments flexibles de l&rsquo;interface\u00a0: le nom de l&rsquo;auteur et la photo, la recommandation, la date, l&rsquo;ic\u00f4ne Tripadvisor et le nombre d&rsquo;\u00e9toiles\u00a0; <\/li><li>Deux variantes de sc\u00e9narios apr\u00e8s refus d&rsquo;une demande d&rsquo;avis\u00a0: r\u00e9v\u00e9ler un message personnalis\u00e9 ou masquer le bouton. <\/li><\/ul><p><a href=\"#demo\">Testez toutes les autres fonctions de la d\u00e9mo<\/a><\/p><\/div> <div class=\"application-platform-content-item-installation application-platform-content-item\" id=\"installation\" data-nav-section=\"installation\"><h2> Comment ajouter l&rsquo;onglet Avis Tripadvisor \u00e0 votre page Facebook Business<\/h2><p>Pour activer le widget, suivez les \u00e9tapes suivantes.<\/p><ul><li><b>Concevez votre propre widget Tripadvisor<\/b> <br>Avec l&rsquo;aide de notre configurateur gratuit, fa\u00e7onnez un plugin avec une mise en page et des fonctionnalit\u00e9s pr\u00e9f\u00e9r\u00e9es. <\/li><li><b>Obtenez le code individuel pour publier le plugin<\/b><br>Apr\u00e8s avoir cr\u00e9\u00e9 votre widget, vous obtiendrez un code individuel dans la fen\u00eatre apparue sur Elfsight Apps. Copiez le code pour une utilisation ult\u00e9rieure. <\/li><li><b>Ajoutez le widget Tripadvisor \u00e0 la page Facebook<\/b><br> Cr\u00e9ez votre onglet Facebook personnalis\u00e9. Ins\u00e9rez le code que vous avez re\u00e7u sur les applications elfsight dans l&rsquo;onglet. Si vous rencontrez des probl\u00e8mes, consultez simplement notre guide sur <a href=\"https:\/\/elfsight.com\/blog\/how-to-add-custom-tab-to-facebook-page\/\" target=\"_blank\" rel=\"noopener noreferrer\">cr\u00e9ation d&rsquo;un onglet Facebook personnalis\u00e9<\/a><\/li><li><b>L&rsquo;int\u00e9gration est r\u00e9ussie\u00a0!<\/b><br>Allez sur la page pour voir votre travail.<\/li><\/ul><p>Vous \u00eates invit\u00e9s \u00e0 contacter le service client lorsque vous avez besoin d&rsquo;aide ou si vous avez quelque chose \u00e0 demander. Nos sp\u00e9cialistes se feront un plaisir de r\u00e9pondre \u00e0 chaque demande. <\/p><div class=\"faq\" data-component=\"FAQ\"> <div class=\"faq-item\">\r\n\t\t\t\t\t<div class=\"faq-item-question\">\r\n\t\t\t\t\t\t<h3 class=\"faq-item-question-text\">Comment ajouter des avis sur Tripadvisor \u00e0 ma page Facebook sans comp\u00e9tences en codage ?<\/h3>\r\n\r\n\t\t\t\t\t\t<div class=\"faq-item-question-icon\"><\/div>\r\n\t\t\t\t\t<\/div>\r\n\r\n\t\t\t\t\t<div class=\"faq-item-answer\">\r\n\t\t\t\t\t\t<div class=\"faq-item-answer-text\"> <p>Elfsight fournit une solution SaaS qui vous permet de cr\u00e9er vous-m\u00eame un widget Avis pour Tripadvisor, d\u00e9couvrez comment Le processus est simple\u00a0: travaillez directement dans l&rsquo;\u00e9diteur en ligne pour cr\u00e9er un widget Avis pour Tripadvisor que vous aimeriez voir sur votre site Web de page Facebook. Choisissez l&rsquo;un des mod\u00e8les pr\u00e9d\u00e9finis et ajustez les param\u00e8tres des avis pour Tripadvisor, ajoutez votre contenu, modifiez la mise en page et les couleurs sans comp\u00e9tences en codage. Enregistrez les avis sur Tripadvisor et copiez son code d&rsquo;installation, que vous pouvez simplement ajouter sur votre page Facebook sans acheter d&rsquo;abonnement payant. Gr\u00e2ce \u00e0 notre \u00e9diteur intuitif, tout internaute peut cr\u00e9er un widget Avis pour Tripadvisor en ligne et l&rsquo;int\u00e9grer facilement \u00e0 sa page Facebook. Il n&rsquo;est pas n\u00e9cessaire de payer ou de saisir les informations d&rsquo;identification de votre carte pour acc\u00e9der au service. Si vous rencontrez des probl\u00e8mes \u00e0 n&rsquo;importe quelle \u00e9tape, n&rsquo;h\u00e9sitez pas \u00e0 contacter notre \u00e9quipe d&rsquo;assistance technique.<\/p> <\/div>\r\n\t\t\t\t\t<\/div>\r\n\t\t\t\t<\/div> <\/div> <\/div>","protected":false},"excerpt":{"rendered":"","protected":false},"author":9,"featured_media":0,"parent":1828,"menu_order":0,"comment_status":"closed","ping_status":"closed","template":"templates\/template-application-platform.php","meta":{"publish_to_discourse":"","publish_post_category":"","wpdc_auto_publish_overridden":"","wpdc_topic_tags":"","wpdc_pin_topic":"","wpdc_pin_until":"","discourse_post_id":"","discourse_permalink":"","wpdc_publishing_response":"","wpdc_publishing_error":"","footnotes":""},"class_list":["post-10715","page","type-page","status-publish","hentry"],"yoast_head":"<!-- This site is optimized with the Yoast SEO plugin v25.3.1 - https:\/\/yoast.com\/wordpress\/plugins\/seo\/ -->\n<title>Ajouter l&#039;onglet Avis Tripadvisor \u00e0 la page d&#039;entreprise Facebook (2025)<\/title>\n<meta name=\"description\" content=\"Avec Elfsight, cr\u00e9ez vos avis Tripadvisor et ajoutez-les rapidement sur la page professionnelle Facebook. Nous avons un service client gratuit et plus de bonus.\" \/>\n<meta name=\"robots\" content=\"index, follow, max-snippet:-1, max-image-preview:large, max-video-preview:-1\" \/>\n<link rel=\"canonical\" href=\"https:\/\/elfsight.com\/fr\/tripadvisor-reviews-widget\/facebook\/\" \/>\n<meta property=\"og:locale\" content=\"fr_FR\" \/>\n<meta property=\"og:type\" content=\"article\" \/>\n<meta property=\"og:title\" content=\"Ajouter l&#039;onglet Avis Tripadvisor \u00e0 la page d&#039;entreprise Facebook (2025)\" \/>\n<meta property=\"og:description\" content=\"Avec Elfsight, cr\u00e9ez vos avis Tripadvisor et ajoutez-les rapidement sur la page professionnelle Facebook. Nous avons un service client gratuit et plus de bonus.\" \/>\n<meta property=\"og:url\" content=\"https:\/\/elfsight.com\/fr\/tripadvisor-reviews-widget\/facebook\/\" \/>\n<meta property=\"og:site_name\" content=\"Elfsight FR\" \/>\n<meta property=\"article:modified_time\" content=\"2025-07-10T13:56:49+00:00\" \/>\n<meta name=\"twitter:card\" content=\"summary_large_image\" \/>\n<meta name=\"twitter:label1\" content=\"Dur\u00e9e de lecture estim\u00e9e\" \/>\n\t<meta name=\"twitter:data1\" content=\"3 minutes\" \/>\n<!-- \/ Yoast SEO plugin. -->","yoast_head_json":{"title":"Ajouter l'onglet Avis Tripadvisor \u00e0 la page d'entreprise Facebook (2025)","description":"Avec Elfsight, cr\u00e9ez vos avis Tripadvisor et ajoutez-les rapidement sur la page professionnelle Facebook. Nous avons un service client gratuit et plus de bonus.","robots":{"index":"index","follow":"follow","max-snippet":"max-snippet:-1","max-image-preview":"max-image-preview:large","max-video-preview":"max-video-preview:-1"},"canonical":"https:\/\/elfsight.com\/fr\/tripadvisor-reviews-widget\/facebook\/","og_locale":"fr_FR","og_type":"article","og_title":"Ajouter l'onglet Avis Tripadvisor \u00e0 la page d'entreprise Facebook (2025)","og_description":"Avec Elfsight, cr\u00e9ez vos avis Tripadvisor et ajoutez-les rapidement sur la page professionnelle Facebook. Nous avons un service client gratuit et plus de bonus.","og_url":"https:\/\/elfsight.com\/fr\/tripadvisor-reviews-widget\/facebook\/","og_site_name":"Elfsight FR","article_modified_time":"2025-07-10T13:56:49+00:00","twitter_card":"summary_large_image","twitter_misc":{"Dur\u00e9e de lecture estim\u00e9e":"3 minutes"},"schema":{"@context":"https:\/\/schema.org","@graph":[{"@type":"WebPage","@id":"https:\/\/elfsight.com\/fr\/tripadvisor-reviews-widget\/facebook\/","url":"https:\/\/elfsight.com\/fr\/tripadvisor-reviews-widget\/facebook\/","name":"Ajouter l'onglet Avis Tripadvisor \u00e0 la page d'entreprise Facebook (2025)","isPartOf":{"@id":"https:\/\/elfsight.com\/fr\/#website"},"datePublished":"1970-01-01T00:00:00+00:00","dateModified":"2025-07-10T13:56:49+00:00","description":"Avec Elfsight, cr\u00e9ez vos avis Tripadvisor et ajoutez-les rapidement sur la page professionnelle Facebook. Nous avons un service client gratuit et plus de bonus.","breadcrumb":{"@id":"https:\/\/elfsight.com\/fr\/tripadvisor-reviews-widget\/facebook\/#breadcrumb"},"inLanguage":"fr-FR","potentialAction":[{"@type":"ReadAction","target":["https:\/\/elfsight.com\/fr\/tripadvisor-reviews-widget\/facebook\/"]}]},{"@type":"BreadcrumbList","@id":"https:\/\/elfsight.com\/fr\/tripadvisor-reviews-widget\/facebook\/#breadcrumb","itemListElement":[{"@type":"ListItem","position":1,"name":"Home","item":"https:\/\/elfsight.com\/fr\/"},{"@type":"ListItem","position":2,"name":"Tripadvisor Reviews","item":"https:\/\/elfsight.com\/fr\/tripadvisor-reviews-widget\/"},{"@type":"ListItem","position":3,"name":"Tripadvisor Reviews &#8211; Facebook Page"}]},{"@type":"WebSite","@id":"https:\/\/elfsight.com\/fr\/#website","url":"https:\/\/elfsight.com\/fr\/","name":"Elfsight FR","description":"","potentialAction":[{"@type":"SearchAction","target":{"@type":"EntryPoint","urlTemplate":"https:\/\/elfsight.com\/fr\/?s={search_term_string}"},"query-input":{"@type":"PropertyValueSpecification","valueRequired":true,"valueName":"search_term_string"}}],"inLanguage":"fr-FR"}]}},"meta_box":{"industry":"","seo_heading":"","heading":"","description":"","cta_heading":"","cta_description":"","application":"1809","h1":"Avis Tripadvisor sur la page Facebook","h1_caption":"Int\u00e9grez vos avis clients parfaits de Tripadvisor sur votre page d'entreprise","application_category":[],"applications_title":"","applications_request_title":"","applications_request_button_text":"","hero_text":"","hero_video":"","hero_video_schema_markup":"","selling_points_title":"","selling_points_caption":"","selling_points":[],"selling_points_cta_text":"","features_title":"","features":"","ed_cta_examples_text":"","ed_cta_examples_hidden":"","ed_cta_demo_text":"","ed_cta_demo_hidden":"","why_caption":"","why_editor_title":"","why_editor_text":"","why_team_title":"","why_team_text":"","why_service_title":"","why_service_text":"","template_catalog_visible":"","template_catalog_title":"","template_catalog_text":"","template_catalog_categories_visible":"","demo_title":"Cr\u00e9ez votre widget Avis Tripadvisor","demo_caption":"Configurez vos avis Tripadvisor et ajoutez-les gratuitement \u00e0 votre page Facebook !","default_faq_hidden":"","app_template_category":[],"platform":"394","template_public_id":"","codecanyon_url":"","codecanyon_item_id":"","codecanyon_price":"","pricing_caption":"","pricing_elfsight_apps_hide_column":"","pricing_elfsight_apps_url":"","pricing_codecanyon_price_caption":"","integration_category":[],"integration_request_title":"","integration_request_cta":"","integration_platform":"","integrations":[],"platform_category":[],"video_schema_markup":"","price":"\u00e0 partir de 0$ \/ mois","trial":"","benefits":[{"text":"Aide \u00e0 l'installation gratuite"},{"text":"Service client professionnel"},{"text":"Garantie de remboursement de 14 jours"},{"text":"Am\u00e9liorations gratuites et continues"}],"button_url":"","button_target_blank":"","button_nofollow":"","attributes":[{"name":"Installations","content":"10,000 - 100,000"},{"name":"Sensible","content":"Oui"},{"name":"Navigateurs compatibles","content":"Safari, Opera, Chrome, Edge, Firefox"}],"tags":[],"tags_disable_links":"","hide_more_platforms":"","video_object":"","demo_hide_cta":"","demo_hide_cloud_options":"","pricing_title":"","pricing":[{"pricing_icon":"platform","pricing_title":"Elfsight Apps","pricing_title_caption":"Solution num\u00e9rique ind\u00e9pendante de la plateforme","pricing_price":"from $0 \/ month","pricing_price_caption":"commencez avec un forfait gratuit","pricing_benefits":[{"text":"Sites Web illimit\u00e9s"},{"text":"Assistance client haut de gamme"},{"text":"Service d'installation gratuit"},{"text":"Conception flexible"}],"pricing_button_text":"Ajouter au site Web","pricing_button_url":"#demo"}],"related_apps_title":"","related_apps_hidden":"","author":"","image":[],"title":"","job":"","social_networks":[]},"_links":{"self":[{"href":"https:\/\/elfsight.com\/fr\/wp-json\/wp\/v2\/pages\/10715","targetHints":{"allow":["GET"]}}],"collection":[{"href":"https:\/\/elfsight.com\/fr\/wp-json\/wp\/v2\/pages"}],"about":[{"href":"https:\/\/elfsight.com\/fr\/wp-json\/wp\/v2\/types\/page"}],"author":[{"embeddable":true,"href":"https:\/\/elfsight.com\/fr\/wp-json\/wp\/v2\/users\/9"}],"replies":[{"embeddable":true,"href":"https:\/\/elfsight.com\/fr\/wp-json\/wp\/v2\/comments?post=10715"}],"version-history":[{"count":1,"href":"https:\/\/elfsight.com\/fr\/wp-json\/wp\/v2\/pages\/10715\/revisions"}],"predecessor-version":[{"id":10719,"href":"https:\/\/elfsight.com\/fr\/wp-json\/wp\/v2\/pages\/10715\/revisions\/10719"}],"up":[{"embeddable":true,"href":"https:\/\/elfsight.com\/fr\/wp-json\/wp\/v2\/pages\/1828"}],"wp:attachment":[{"href":"https:\/\/elfsight.com\/fr\/wp-json\/wp\/v2\/media?parent=10715"}],"curies":[{"name":"wp","href":"https:\/\/api.w.org\/{rel}","templated":true}]}}