{"id":10707,"date":"1970-01-01T00:00:00","date_gmt":"1970-01-01T00:00:00","guid":{"rendered":"https:\/\/elfsight.com\/fr\/?page_id=10707"},"modified":"2025-07-10T13:55:23","modified_gmt":"2025-07-10T13:55:23","slug":"godaddy","status":"publish","type":"page","link":"https:\/\/elfsight.com\/fr\/tripadvisor-reviews-widget\/godaddy\/","title":{"rendered":"TripAdvisor Reviews  &#8211; GoDaddy"},"content":{"rendered":"<div class=\"application-platform-content-item-description application-platform-content-item\" id=\"description\" data-nav-section=\"description\"> <h2>Int\u00e9grez les avis TripAdvisor sur GoDaddy avec le widget Elfsight<\/h2> <p>Elfsight Reviews du plugin TripAdvisor est un outil simple pour int\u00e9grer des avis sur votre entreprise de TripAdvisor vers votre site Web GoDaddy. Cela contribuera \u00e0 accro\u00eetre la confiance dans votre marque parmi les visiteurs du site Web. Vous pouvez trier les avis \u00e0 l&rsquo;aide de filtres, afficher le nombre d&rsquo;\u00e9toiles, des informations sur chaque auteur et un bouton pour laisser un avis. Notre plugin TripAdvisor Reviews propose diff\u00e9rentes mises en page et mod\u00e8les d&rsquo;avis, des \u00e9l\u00e9ments d&rsquo;interface commutables et un en-t\u00eate flexible. En affichant vos avis TripAdvisor, vous prouverez votre appr\u00e9ciation, augmenterez la confiance et attirerez encore plus d&rsquo;avis.<\/p> <p><b>Attirez plus d&rsquo;avis \u00e0 l&rsquo;aide du bouton d&rsquo;appel \u00e0 l&rsquo;action et des liens vers votre page TripAdvisor<\/b><\/p> <\/div> <div class=\"application-platform-content-item-features application-platform-content-item\" id=\"features\" data-nav-section=\"features\"> <h2>Voici seulement quelques-unes des riches fonctionnalit\u00e9s du plugin\u00a0: <\/h2> <ul><li>Contr\u00f4les de navigation fl\u00e9ch\u00e9s et d\u00e9plac\u00e9s dans la disposition Slider<\/li><li>Une option pour d\u00e9finir la vitesse des diapositives et la vitesse de lecture automatique<\/li><li>Une option pour activer\/d\u00e9sactiver les \u00e9l\u00e9ments de l&rsquo;en-t\u00eate\u00a0: note et photos des \u00e9valuateurs<\/li><li>Titre du plugin modifiable avec taille et \u00e9paisseur de police r\u00e9glables<\/li><li>Deux sc\u00e9narios apr\u00e8s un appel \u00e0 l&rsquo;action refus\u00e9\u00a0: afficher un message ou masquer le formulaire<\/li><\/ul><p><a href=\"#demo\">Vous pouvez sentir si le plugin est fait pour vous en essayant la d\u00e9mo<\/a><\/p> <\/div> <div class=\"application-platform-content-item-installation application-platform-content-item\" id=\"installation\" data-nav-section=\"installation\"> <h2>Comment int\u00e9grer les avis de TripAdvisor sur mon site Web GoDaddy\u00a0? <\/h2> <p>Suivez simplement les \u00e9tapes d\u00e9crites ci-dessous pour commencer \u00e0 utiliser l&rsquo;outil. <\/p> <ol><li><b>Ex\u00e9cutez notre configurateur gratuit et commencez \u00e0 cr\u00e9er votre plugin personnalis\u00e9. <\/b><br> Choisissez l&rsquo;apparence et les options souhait\u00e9es du plugin et appliquez les corrections. <\/li> <li><b>Acqu\u00e9rir le code unique qui s&rsquo;affiche dans la fen\u00eatre des applications Elfsight. <\/b><br> D\u00e8s que la configuration de votre plugin est termin\u00e9e, copiez le code personnel de la fen\u00eatre qui appara\u00eet et conservez-le pour une utilisation ult\u00e9rieure. <\/li> <li><b>Entrez sur l&rsquo;utilisation de l&rsquo;outil sur le site GoDaddy. <\/b><br> Saisissez le code copi\u00e9 auparavant dans votre site Web et appliquez les modifications. <\/li> <li><b>L&rsquo;installation est enti\u00e8rement termin\u00e9e. <\/b><br> Visitez votre page Web pour observer le travail du plugin. <\/li><\/ol> <p>\u00c0 condition de vous confronter \u00e0 des questions ou de rencontrer des obstacles, n&rsquo;h\u00e9sitez pas \u00e0 faire appel \u00e0 notre \u00e9quipe d&rsquo;assistance. Nos collaborateurs sont impatients de vous aider avec tous les probl\u00e8mes que vous pourriez rencontrer avec le plugin. <\/p> <div class=\"faq\" data-component=\"FAQ\"> <div class=\"faq-item\">\r\n\t\t\t\t\t<div class=\"faq-item-question\">\r\n\t\t\t\t\t\t<h3 class=\"faq-item-question-text\">Comment ajouter des avis sur Tripadvisor \u00e0 mon site Web GoDaddy sans comp\u00e9tences en codage ?<\/h3>\r\n\r\n\t\t\t\t\t\t<div class=\"faq-item-question-icon\"><\/div>\r\n\t\t\t\t\t<\/div>\r\n\r\n\t\t\t\t\t<div class=\"faq-item-answer\">\r\n\t\t\t\t\t\t<div class=\"faq-item-answer-text\"> <p>Elfsight fournit une solution SaaS qui vous permet de cr\u00e9er vous-m\u00eame un widget d&rsquo;avis sur Tripadvisor, voyez \u00e0 quel point il est facile le processus est le suivant\u00a0: Travaillez directement dans l&rsquo;\u00e9diteur en ligne pour cr\u00e9er un widget Avis pour Tripadvisor que vous aimeriez voir sur votre site Web GoDaddy. Choisissez l&rsquo;un des mod\u00e8les pr\u00e9d\u00e9finis et ajustez les param\u00e8tres des avis pour Tripadvisor, ajoutez votre contenu, modifiez la mise en page et la palette de couleurs sans comp\u00e9tences en codage. Enregistrez les avis sur Tripadvisor et copiez son code d&rsquo;installation, que vous pouvez simplement ajouter sur votre site Web GoDaddy sans avoir besoin d&rsquo;acheter un forfait payant. Gr\u00e2ce \u00e0 notre \u00e9diteur intuitif, tout internaute peut cr\u00e9er un widget Avis pour Tripadvisor en ligne et l&rsquo;int\u00e9grer facilement \u00e0 son site Web GoDaddy. Il n&rsquo;est pas n\u00e9cessaire de payer ou de saisir les informations d&rsquo;identification de votre carte pour acc\u00e9der au service. Si vous rencontrez des probl\u00e8mes \u00e0 n&rsquo;importe quelle \u00e9tape, n&rsquo;h\u00e9sitez pas \u00e0 contacter notre \u00e9quipe d&rsquo;assistance technique.<\/p> <\/div>\r\n\t\t\t\t\t<\/div>\r\n\t\t\t\t<\/div> <\/div> <\/div>","protected":false},"excerpt":{"rendered":"","protected":false},"author":9,"featured_media":0,"parent":1828,"menu_order":0,"comment_status":"closed","ping_status":"closed","template":"templates\/template-application-platform.php","meta":{"publish_to_discourse":"","publish_post_category":"","wpdc_auto_publish_overridden":"","wpdc_topic_tags":"","wpdc_pin_topic":"","wpdc_pin_until":"","discourse_post_id":"","discourse_permalink":"","wpdc_publishing_response":"","wpdc_publishing_error":"","footnotes":""},"class_list":["post-10707","page","type-page","status-publish","hentry"],"yoast_head":"<!-- This site is optimized with the Yoast SEO plugin v25.3.1 - https:\/\/yoast.com\/wordpress\/plugins\/seo\/ -->\n<title>Avis sur Tripadvisor - Ajoutez un plugin d&#039;avis au site Web GoDaddy\u00a0!<\/title>\n<meta name=\"description\" content=\"Indiquez \u00e0 votre site GoDaddy que vous pouvez faire confiance \u00e0 votre entreprise en utilisant le plugin Avis de Tripadvisor int\u00e9gr\u00e9 \u00e0 votre site Web !\" \/>\n<meta name=\"robots\" content=\"index, follow, max-snippet:-1, max-image-preview:large, max-video-preview:-1\" \/>\n<link rel=\"canonical\" href=\"https:\/\/elfsight.com\/fr\/tripadvisor-reviews-widget\/godaddy\/\" \/>\n<meta property=\"og:locale\" content=\"fr_FR\" \/>\n<meta property=\"og:type\" content=\"article\" \/>\n<meta property=\"og:title\" content=\"Avis sur Tripadvisor - Ajoutez un plugin d&#039;avis au site Web GoDaddy\u00a0!\" \/>\n<meta property=\"og:description\" content=\"Indiquez \u00e0 votre site GoDaddy que vous pouvez faire confiance \u00e0 votre entreprise en utilisant le plugin Avis de Tripadvisor int\u00e9gr\u00e9 \u00e0 votre site Web !\" \/>\n<meta property=\"og:url\" content=\"https:\/\/elfsight.com\/fr\/tripadvisor-reviews-widget\/godaddy\/\" \/>\n<meta property=\"og:site_name\" content=\"Elfsight FR\" \/>\n<meta property=\"article:modified_time\" content=\"2025-07-10T13:55:23+00:00\" \/>\n<meta name=\"twitter:card\" content=\"summary_large_image\" \/>\n<meta name=\"twitter:label1\" content=\"Dur\u00e9e de lecture estim\u00e9e\" \/>\n\t<meta name=\"twitter:data1\" content=\"3 minutes\" \/>\n<!-- \/ Yoast SEO plugin. -->","yoast_head_json":{"title":"Avis sur Tripadvisor - Ajoutez un plugin d'avis au site Web GoDaddy\u00a0!","description":"Indiquez \u00e0 votre site GoDaddy que vous pouvez faire confiance \u00e0 votre entreprise en utilisant le plugin Avis de Tripadvisor int\u00e9gr\u00e9 \u00e0 votre site Web !","robots":{"index":"index","follow":"follow","max-snippet":"max-snippet:-1","max-image-preview":"max-image-preview:large","max-video-preview":"max-video-preview:-1"},"canonical":"https:\/\/elfsight.com\/fr\/tripadvisor-reviews-widget\/godaddy\/","og_locale":"fr_FR","og_type":"article","og_title":"Avis sur Tripadvisor - Ajoutez un plugin d'avis au site Web GoDaddy\u00a0!","og_description":"Indiquez \u00e0 votre site GoDaddy que vous pouvez faire confiance \u00e0 votre entreprise en utilisant le plugin Avis de Tripadvisor int\u00e9gr\u00e9 \u00e0 votre site Web !","og_url":"https:\/\/elfsight.com\/fr\/tripadvisor-reviews-widget\/godaddy\/","og_site_name":"Elfsight FR","article_modified_time":"2025-07-10T13:55:23+00:00","twitter_card":"summary_large_image","twitter_misc":{"Dur\u00e9e de lecture estim\u00e9e":"3 minutes"},"schema":{"@context":"https:\/\/schema.org","@graph":[{"@type":"WebPage","@id":"https:\/\/elfsight.com\/fr\/tripadvisor-reviews-widget\/godaddy\/","url":"https:\/\/elfsight.com\/fr\/tripadvisor-reviews-widget\/godaddy\/","name":"Avis sur Tripadvisor - Ajoutez un plugin d'avis au site Web GoDaddy\u00a0!","isPartOf":{"@id":"https:\/\/elfsight.com\/fr\/#website"},"datePublished":"1970-01-01T00:00:00+00:00","dateModified":"2025-07-10T13:55:23+00:00","description":"Indiquez \u00e0 votre site GoDaddy que vous pouvez faire confiance \u00e0 votre entreprise en utilisant le plugin Avis de Tripadvisor int\u00e9gr\u00e9 \u00e0 votre site Web !","breadcrumb":{"@id":"https:\/\/elfsight.com\/fr\/tripadvisor-reviews-widget\/godaddy\/#breadcrumb"},"inLanguage":"fr-FR","potentialAction":[{"@type":"ReadAction","target":["https:\/\/elfsight.com\/fr\/tripadvisor-reviews-widget\/godaddy\/"]}]},{"@type":"BreadcrumbList","@id":"https:\/\/elfsight.com\/fr\/tripadvisor-reviews-widget\/godaddy\/#breadcrumb","itemListElement":[{"@type":"ListItem","position":1,"name":"Home","item":"https:\/\/elfsight.com\/fr\/"},{"@type":"ListItem","position":2,"name":"Tripadvisor Reviews","item":"https:\/\/elfsight.com\/fr\/tripadvisor-reviews-widget\/"},{"@type":"ListItem","position":3,"name":"TripAdvisor Reviews &#8211; GoDaddy"}]},{"@type":"WebSite","@id":"https:\/\/elfsight.com\/fr\/#website","url":"https:\/\/elfsight.com\/fr\/","name":"Elfsight FR","description":"","potentialAction":[{"@type":"SearchAction","target":{"@type":"EntryPoint","urlTemplate":"https:\/\/elfsight.com\/fr\/?s={search_term_string}"},"query-input":{"@type":"PropertyValueSpecification","valueRequired":true,"valueName":"search_term_string"}}],"inLanguage":"fr-FR"}]}},"meta_box":{"industry":"","seo_heading":"","heading":"","description":"","cta_heading":"","cta_description":"","application":"1809","h1":"Plugin GoDaddy Avis Tripadvisor","h1_caption":"La m\u00e9thode la plus simple pour ajouter les commentaires des clients de Tripadvisor sur votre site","application_category":[],"applications_title":"","applications_request_title":"","applications_request_button_text":"","hero_text":"","hero_video":"","hero_video_schema_markup":"","selling_points_title":"","selling_points_caption":"","selling_points":[],"selling_points_cta_text":"","features_title":"","features":"","ed_cta_examples_text":"","ed_cta_examples_hidden":"","ed_cta_demo_text":"","ed_cta_demo_hidden":"","why_caption":"","why_editor_title":"","why_editor_text":"","why_team_title":"","why_team_text":"","why_service_title":"","why_service_text":"","template_catalog_visible":"","template_catalog_title":"","template_catalog_text":"","template_catalog_categories_visible":"","demo_title":"Cr\u00e9ez votre plugin Avis TripAdvisor","demo_caption":"Configurez vos avis TripAdvisor et ajoutez-les gratuitement \u00e0 votre site Web GoDaddy\u00a0!","default_faq_hidden":"","app_template_category":[],"platform":"370","template_public_id":"","codecanyon_url":"","codecanyon_item_id":"","codecanyon_price":"","pricing_caption":"","pricing_elfsight_apps_hide_column":"","pricing_elfsight_apps_url":"","pricing_codecanyon_price_caption":"","integration_category":[],"integration_request_title":"","integration_request_cta":"","integration_platform":"","integrations":[],"platform_category":[],"video_schema_markup":"","price":"\u00e0 partir de 0$ \/ mois","trial":"","benefits":[{"text":"Assistance \u00e0 l'installation gratuite"},{"text":"Support client exp\u00e9riment\u00e9"},{"text":"Garantie de remboursement de 14 jours"},{"text":"Mises \u00e0 jour gratuites et continues"}],"button_url":"","button_target_blank":"","button_nofollow":"","attributes":[{"name":"Installations","content":"10,000 - 100,000"},{"name":"Sensible","content":"Oui"},{"name":"Navigateurs compatibles","content":"IE11, Firefox, Safari, Opera, Chrome, Edge"}],"tags":[],"tags_disable_links":"","hide_more_platforms":"","video_object":"","demo_hide_cta":"","demo_hide_cloud_options":"","pricing_title":"","pricing":[{"pricing_icon":"platform","pricing_title":"Elfsight Apps","pricing_title_caption":"Solution multiplateforme","pricing_price":"from $0 \/ month","pricing_price_caption":"commencez avec un forfait gratuit","pricing_benefits":[{"text":"Domaines illimit\u00e9s"},{"text":"Support professionnel de l\u2019entreprise et bien document\u00e9"},{"text":"Assistance \u00e0 l'installation gratuite"},{"text":"Conception flexible"}],"pricing_button_text":"Ajouter au site Web","pricing_button_url":"#demo"}],"related_apps_title":"","related_apps_hidden":"","author":"","image":[],"title":"","job":"","social_networks":[]},"_links":{"self":[{"href":"https:\/\/elfsight.com\/fr\/wp-json\/wp\/v2\/pages\/10707","targetHints":{"allow":["GET"]}}],"collection":[{"href":"https:\/\/elfsight.com\/fr\/wp-json\/wp\/v2\/pages"}],"about":[{"href":"https:\/\/elfsight.com\/fr\/wp-json\/wp\/v2\/types\/page"}],"author":[{"embeddable":true,"href":"https:\/\/elfsight.com\/fr\/wp-json\/wp\/v2\/users\/9"}],"replies":[{"embeddable":true,"href":"https:\/\/elfsight.com\/fr\/wp-json\/wp\/v2\/comments?post=10707"}],"version-history":[{"count":1,"href":"https:\/\/elfsight.com\/fr\/wp-json\/wp\/v2\/pages\/10707\/revisions"}],"predecessor-version":[{"id":10711,"href":"https:\/\/elfsight.com\/fr\/wp-json\/wp\/v2\/pages\/10707\/revisions\/10711"}],"up":[{"embeddable":true,"href":"https:\/\/elfsight.com\/fr\/wp-json\/wp\/v2\/pages\/1828"}],"wp:attachment":[{"href":"https:\/\/elfsight.com\/fr\/wp-json\/wp\/v2\/media?parent=10707"}],"curies":[{"name":"wp","href":"https:\/\/api.w.org\/{rel}","templated":true}]}}