{"id":10706,"date":"1970-01-01T00:00:00","date_gmt":"1970-01-01T00:00:00","guid":{"rendered":"https:\/\/elfsight.com\/fr\/?page_id=10706"},"modified":"2025-07-10T13:57:59","modified_gmt":"2025-07-10T13:57:59","slug":"prestashop","status":"publish","type":"page","link":"https:\/\/elfsight.com\/fr\/tripadvisor-reviews-widget\/prestashop\/","title":{"rendered":"Tripadvisor Reviews &#8211; PrestaShop"},"content":{"rendered":"<div class=\"application-platform-content-item-description application-platform-content-item\" id=\"description\" data-nav-section=\"description\"> <h2>Description<\/h2> <p>Tripadvisor Reviews est un instrument utile qui vous permet de pr\u00e9senter les avis sur vos produits directement sur votre site Web. page de tous les sites d\u2019\u00e9valuation d\u2019entreprises bien connus. Gr\u00e2ce \u00e0 notre outil, vous aurez la possibilit\u00e9 d&rsquo;utiliser des filtres pour masquer les commentaires ind\u00e9sirables, d&rsquo;exposer votre note par \u00e9toiles et votre note num\u00e9rique \u00e0 partir de votre page sur n&rsquo;importe quel site Web d&rsquo;avis professionnels, d&rsquo;ajouter des informations sur les cr\u00e9ateurs des avis et de joindre un appel \u00e0 l&rsquo;action. bouton qui incitera les utilisateurs \u00e0 laisser leur avis. L&rsquo;outil Tripadvisor Reviews vous incitera \u00e0 afficher votre preuve sociale exceptionnelle sur la page Web et \u00e0 commencer \u00e0 recevoir davantage de nouvelles ventes. <\/p><p><b>Essayez les avis Tripadvisor pour faciliter vos sommets en mati\u00e8re de commerce \u00e9lectronique\u00a0! <\/b><\/p> <\/div> <div class=\"application-platform-content-item-features application-platform-content-item\" id=\"features\" data-nav-section=\"features\"> <h2>Affichez la liste des fonctionnalit\u00e9s les plus utiles\u00a0: <\/h2> <ul><li>Ajoutez les avis des clients de Tripadvisor<\/li><li>Trois types de filtres\u00a0: quantit\u00e9 d&rsquo;avis, exclure par et par type<\/li><li>Quatre types de mise en page\u00a0: Curseur, Liste, Grille et Ma\u00e7onnerie<\/li><li>Fl\u00e8ches et types de navigation gliss\u00e9s dans Disposition du curseur<\/li><li>D\u00e9finir la vitesse de diapositive et la vitesse de lecture automatique<\/li><li>S\u00e9lectionner le type de pagination dans la disposition du curseur<\/li><li>Bouton CTA pour obtenir les avis des nouveaux utilisateurs sur la page Tripadvisor<\/li><li>Trois mod\u00e8les d&rsquo;avis\u00a0: Spotlight, Classique, Bulle<\/li><li>6 \u00e9l\u00e9ments flexibles des avis\u00a0: photo et recommandation, ic\u00f4ne Tripadvisor, nom de l&rsquo;auteur, nombre d&rsquo;\u00e9toiles et date<\/li><li>Une option pour modifier la taille de la police du texte de r\u00e9vision<\/li><\/ul><p><a href=\"#demo\">Vous pouvez explorer toutes les fonctionnalit\u00e9s du widget dans la d\u00e9mo ci-dessous<\/a><\/p> <\/div> <div class=\"application-platform-content-item-installation application-platform-content-item\" id=\"installation\" data-nav-section=\"installation\"> <h2>Comment int\u00e9grer les avis Tripadvisor dans mon site PrestaShop ? <\/h2> <p>Suivez simplement les \u00e9tapes ci-dessous pour int\u00e9grer l&rsquo;outil. <\/p> <ol><li><b>Utilisez notre d\u00e9mo gratuite et commencez \u00e0 cr\u00e9er votre module compl\u00e9mentaire unique. <\/b><br> Choisissez la disposition et les sp\u00e9cifications pr\u00e9f\u00e9rables de l&rsquo;outil et appliquez les corrections. <\/li> <li><b>Copiez votre code personnel qui appara\u00eet dans le formulaire sp\u00e9cial sur Elfsight Apps. <\/b><br> Juste une fois la configuration de votre outil personnel termin\u00e9e, copiez le code individuel de la fen\u00eatre contextuelle apparue et enregistrez-le pour d&rsquo;autres besoins. <\/li> <li><b>Initiez l&rsquo;utilisation de l&rsquo;addon sur votre page d&rsquo;accueil PrestaShop. <\/b><br> Ins\u00e9rez le code enregistr\u00e9 r\u00e9cemment dans votre page d&rsquo;accueil et enregistrez les modifications. <\/li> <li><b>L&rsquo;installation est enti\u00e8rement termin\u00e9e. <\/b><br> Acc\u00e9dez \u00e0 votre site pour examiner les performances du widget. <\/li><\/ol> <p>Si vous rencontrez des obstacles, n&rsquo;h\u00e9sitez pas \u00e0 demander l&rsquo;aide de notre service client. Nos collaborateurs seront ravis de r\u00e9soudre tous les probl\u00e8mes que vous pourriez rencontrer avec le widget. <\/p> <div class=\"faq\" data-component=\"FAQ\"> <div class=\"faq-item\">\r\n\t\t\t\t\t<div class=\"faq-item-question\">\r\n\t\t\t\t\t\t<h3 class=\"faq-item-question-text\">Comment puis-je ajouter des avis sur Tripadvisor \u00e0 mon site PrestaShop sans comp\u00e9tences en codage ?<\/h3>\r\n\r\n\t\t\t\t\t\t<div class=\"faq-item-question-icon\"><\/div>\r\n\t\t\t\t\t<\/div>\r\n\r\n\t\t\t\t\t<div class=\"faq-item-answer\">\r\n\t\t\t\t\t\t<div class=\"faq-item-answer-text\"> <p>Elfsight fournit une solution SaaS qui vous permet de cr\u00e9er vous-m\u00eame un widget Avis pour Tripadvisor, d\u00e9couvrez comment Le processus est simple : travaillez directement dans l&rsquo;\u00e9diteur en ligne pour cr\u00e9er un widget Avis pour Tripadvisor que vous aimeriez voir sur votre site PrestaShop. Choisissez l&rsquo;un des mod\u00e8les pr\u00e9d\u00e9finis et ajustez les param\u00e8tres des avis pour Tripadvisor, ajoutez votre contenu, modifiez la mise en page et les couleurs sans aucune comp\u00e9tence en codage. Enregistrez les avis pour Tripadvisor et copiez son code d&rsquo;installation, que vous pouvez facilement inclure dans votre site PrestaShop sans acheter de version payante. Avec notre \u00e9diteur intuitif, tout internaute peut cr\u00e9er un widget Avis pour Tripadvisor en ligne et l&rsquo;int\u00e9grer facilement \u00e0 son site PrestaShop. Il n&rsquo;est pas n\u00e9cessaire de payer ou de saisir les informations d&rsquo;identification de votre carte pour acc\u00e9der au service. Si vous rencontrez des probl\u00e8mes \u00e0 n&rsquo;importe quelle \u00e9tape, n&rsquo;h\u00e9sitez pas \u00e0 contacter notre \u00e9quipe d&rsquo;assistance technique.<\/p> <\/div>\r\n\t\t\t\t\t<\/div>\r\n\t\t\t\t<\/div> <\/div> <\/div>","protected":false},"excerpt":{"rendered":"","protected":false},"author":9,"featured_media":0,"parent":1828,"menu_order":0,"comment_status":"closed","ping_status":"closed","template":"templates\/template-application-platform.php","meta":{"publish_to_discourse":"","publish_post_category":"","wpdc_auto_publish_overridden":"","wpdc_topic_tags":"","wpdc_pin_topic":"","wpdc_pin_until":"","discourse_post_id":"","discourse_permalink":"","wpdc_publishing_response":"","wpdc_publishing_error":"","footnotes":""},"class_list":["post-10706","page","type-page","status-publish","hentry"],"yoast_head":"<!-- This site is optimized with the Yoast SEO plugin v25.3.1 - https:\/\/yoast.com\/wordpress\/plugins\/seo\/ -->\n<title>Ajoutez l&#039;addon Tripadvisor Reviews sur votre site PrestaShop (2025)<\/title>\n<meta name=\"description\" content=\"Il est parfaitement simple de cr\u00e9er votre module compl\u00e9mentaire Tripadvisor Reviews et de le placer sur votre site PrestaShop. Le support client Elfsight est gratuit.\" \/>\n<meta name=\"robots\" content=\"index, follow, max-snippet:-1, max-image-preview:large, max-video-preview:-1\" \/>\n<link rel=\"canonical\" href=\"https:\/\/elfsight.com\/fr\/tripadvisor-reviews-widget\/prestashop\/\" \/>\n<meta property=\"og:locale\" content=\"fr_FR\" \/>\n<meta property=\"og:type\" content=\"article\" \/>\n<meta property=\"og:title\" content=\"Ajoutez l&#039;addon Tripadvisor Reviews sur votre site PrestaShop (2025)\" \/>\n<meta property=\"og:description\" content=\"Il est parfaitement simple de cr\u00e9er votre module compl\u00e9mentaire Tripadvisor Reviews et de le placer sur votre site PrestaShop. Le support client Elfsight est gratuit.\" \/>\n<meta property=\"og:url\" content=\"https:\/\/elfsight.com\/fr\/tripadvisor-reviews-widget\/prestashop\/\" \/>\n<meta property=\"og:site_name\" content=\"Elfsight FR\" \/>\n<meta property=\"article:modified_time\" content=\"2025-07-10T13:57:59+00:00\" \/>\n<meta name=\"twitter:card\" content=\"summary_large_image\" \/>\n<meta name=\"twitter:label1\" content=\"Dur\u00e9e de lecture estim\u00e9e\" \/>\n\t<meta name=\"twitter:data1\" content=\"3 minutes\" \/>\n<!-- \/ Yoast SEO plugin. -->","yoast_head_json":{"title":"Ajoutez l'addon Tripadvisor Reviews sur votre site PrestaShop (2025)","description":"Il est parfaitement simple de cr\u00e9er votre module compl\u00e9mentaire Tripadvisor Reviews et de le placer sur votre site PrestaShop. Le support client Elfsight est gratuit.","robots":{"index":"index","follow":"follow","max-snippet":"max-snippet:-1","max-image-preview":"max-image-preview:large","max-video-preview":"max-video-preview:-1"},"canonical":"https:\/\/elfsight.com\/fr\/tripadvisor-reviews-widget\/prestashop\/","og_locale":"fr_FR","og_type":"article","og_title":"Ajoutez l'addon Tripadvisor Reviews sur votre site PrestaShop (2025)","og_description":"Il est parfaitement simple de cr\u00e9er votre module compl\u00e9mentaire Tripadvisor Reviews et de le placer sur votre site PrestaShop. Le support client Elfsight est gratuit.","og_url":"https:\/\/elfsight.com\/fr\/tripadvisor-reviews-widget\/prestashop\/","og_site_name":"Elfsight FR","article_modified_time":"2025-07-10T13:57:59+00:00","twitter_card":"summary_large_image","twitter_misc":{"Dur\u00e9e de lecture estim\u00e9e":"3 minutes"},"schema":{"@context":"https:\/\/schema.org","@graph":[{"@type":"WebPage","@id":"https:\/\/elfsight.com\/fr\/tripadvisor-reviews-widget\/prestashop\/","url":"https:\/\/elfsight.com\/fr\/tripadvisor-reviews-widget\/prestashop\/","name":"Ajoutez l'addon Tripadvisor Reviews sur votre site PrestaShop (2025)","isPartOf":{"@id":"https:\/\/elfsight.com\/fr\/#website"},"datePublished":"1970-01-01T00:00:00+00:00","dateModified":"2025-07-10T13:57:59+00:00","description":"Il est parfaitement simple de cr\u00e9er votre module compl\u00e9mentaire Tripadvisor Reviews et de le placer sur votre site PrestaShop. Le support client Elfsight est gratuit.","breadcrumb":{"@id":"https:\/\/elfsight.com\/fr\/tripadvisor-reviews-widget\/prestashop\/#breadcrumb"},"inLanguage":"fr-FR","potentialAction":[{"@type":"ReadAction","target":["https:\/\/elfsight.com\/fr\/tripadvisor-reviews-widget\/prestashop\/"]}]},{"@type":"BreadcrumbList","@id":"https:\/\/elfsight.com\/fr\/tripadvisor-reviews-widget\/prestashop\/#breadcrumb","itemListElement":[{"@type":"ListItem","position":1,"name":"Home","item":"https:\/\/elfsight.com\/fr\/"},{"@type":"ListItem","position":2,"name":"Tripadvisor Reviews","item":"https:\/\/elfsight.com\/fr\/tripadvisor-reviews-widget\/"},{"@type":"ListItem","position":3,"name":"Tripadvisor Reviews &#8211; PrestaShop"}]},{"@type":"WebSite","@id":"https:\/\/elfsight.com\/fr\/#website","url":"https:\/\/elfsight.com\/fr\/","name":"Elfsight FR","description":"","potentialAction":[{"@type":"SearchAction","target":{"@type":"EntryPoint","urlTemplate":"https:\/\/elfsight.com\/fr\/?s={search_term_string}"},"query-input":{"@type":"PropertyValueSpecification","valueRequired":true,"valueName":"search_term_string"}}],"inLanguage":"fr-FR"}]}},"meta_box":{"industry":"","seo_heading":"","heading":"","description":"","cta_heading":"","cta_description":"","application":"1809","h1":"Module compl\u00e9mentaire Avis PrestaShop Tripadvisor","h1_caption":"Renforcez la confiance de vos clients en pr\u00e9sentant les avis Tripadvisor sur votre \u00e9tablissement directement sur votre site Web.","application_category":[],"applications_title":"","applications_request_title":"","applications_request_button_text":"","hero_text":"","hero_video":"","hero_video_schema_markup":"","selling_points_title":"","selling_points_caption":"","selling_points":[],"selling_points_cta_text":"","features_title":"","features":"","ed_cta_examples_text":"","ed_cta_examples_hidden":"","ed_cta_demo_text":"","ed_cta_demo_hidden":"","why_caption":"","why_editor_title":"","why_editor_text":"","why_team_title":"","why_team_text":"","why_service_title":"","why_service_text":"","template_catalog_visible":"","template_catalog_title":"","template_catalog_text":"","template_catalog_categories_visible":"","demo_title":"Cr\u00e9ez votre module compl\u00e9mentaire Avis Tripadvisor","demo_caption":"Configurez vos Avis Tripadvisor et ajoutez-les gratuitement \u00e0 votre site PrestaShop !","default_faq_hidden":"","app_template_category":[],"platform":"3190","template_public_id":"","codecanyon_url":"","codecanyon_item_id":"","codecanyon_price":"","pricing_caption":"","pricing_elfsight_apps_hide_column":"","pricing_elfsight_apps_url":"","pricing_codecanyon_price_caption":"","integration_category":[],"integration_request_title":"","integration_request_cta":"","integration_platform":"","integrations":[],"platform_category":[],"video_schema_markup":"","price":"\u00e0 partir de 0$ \/ mois","trial":"","benefits":[{"text":"Assistance \u00e0 l'installation gratuite"},{"text":"Service client exceptionnel"},{"text":"Garantie de remboursement de 14 jours"},{"text":"Mise \u00e0 jour constante"}],"button_url":"","button_target_blank":"","button_nofollow":"","attributes":[{"name":"Installations","content":"10,000 - 100,000"},{"name":"Sensible","content":"Oui"},{"name":"Navigateurs compatibles","content":"Firefox, Safari, Opera, Chrome, Edge"}],"tags":[],"tags_disable_links":"","hide_more_platforms":"","video_object":"","demo_hide_cta":"","demo_hide_cloud_options":"","pricing_title":"","pricing":[{"pricing_icon":"platform","pricing_title":"Elfsight Apps","pricing_title_caption":"Solution ind\u00e9pendante de la plateforme","pricing_price":"from $0 \/ month","pricing_price_caption":"commencez avec un forfait gratuit","pricing_benefits":[{"text":"Domaines illimit\u00e9s"},{"text":"Assistance client haut de gamme"},{"text":"Assistance \u00e0 l'installation gratuite"},{"text":"100% personnalisable"}],"pricing_button_text":"Ajouter au site Web","pricing_button_url":"#demo"}],"related_apps_title":"","related_apps_hidden":"","author":"","image":[],"title":"","job":"","social_networks":[]},"_links":{"self":[{"href":"https:\/\/elfsight.com\/fr\/wp-json\/wp\/v2\/pages\/10706","targetHints":{"allow":["GET"]}}],"collection":[{"href":"https:\/\/elfsight.com\/fr\/wp-json\/wp\/v2\/pages"}],"about":[{"href":"https:\/\/elfsight.com\/fr\/wp-json\/wp\/v2\/types\/page"}],"author":[{"embeddable":true,"href":"https:\/\/elfsight.com\/fr\/wp-json\/wp\/v2\/users\/9"}],"replies":[{"embeddable":true,"href":"https:\/\/elfsight.com\/fr\/wp-json\/wp\/v2\/comments?post=10706"}],"version-history":[{"count":1,"href":"https:\/\/elfsight.com\/fr\/wp-json\/wp\/v2\/pages\/10706\/revisions"}],"predecessor-version":[{"id":10710,"href":"https:\/\/elfsight.com\/fr\/wp-json\/wp\/v2\/pages\/10706\/revisions\/10710"}],"up":[{"embeddable":true,"href":"https:\/\/elfsight.com\/fr\/wp-json\/wp\/v2\/pages\/1828"}],"wp:attachment":[{"href":"https:\/\/elfsight.com\/fr\/wp-json\/wp\/v2\/media?parent=10706"}],"curies":[{"name":"wp","href":"https:\/\/api.w.org\/{rel}","templated":true}]}}