{"id":10700,"date":"1970-01-01T00:00:00","date_gmt":"1970-01-01T00:00:00","guid":{"rendered":"https:\/\/elfsight.com\/fr\/?page_id=10700"},"modified":"2025-07-10T13:51:07","modified_gmt":"2025-07-10T13:51:07","slug":"blogger","status":"publish","type":"page","link":"https:\/\/elfsight.com\/fr\/tiktok-feed-widget\/blogger\/","title":{"rendered":"TikTok Feed &#8211; Blogger"},"content":{"rendered":"<div class=\"application-platform-content-item-description application-platform-content-item\" id=\"description\" data-nav-section=\"description\"> <h2>Description<\/h2> <p>Elfsight TiKTok Feed for Blogger est un widget sp\u00e9cial permettant de promouvoir non seulement des contenus, mais aussi des \u00e9motions et des exp\u00e9riences. Avec lui, vous pouvez cr\u00e9er un flux personnalis\u00e9 compos\u00e9 du contenu de TikTok &#8211; et le pr\u00e9senter directement sur votre site. Cr\u00e9ez une galerie vid\u00e9o en quelques clics ! Exercez un contr\u00f4le complet sur un contenu et \u00e9liminez le spam et tout contenu involontaire gr\u00e2ce \u00e0 la mod\u00e9ration manuelle. Le configurateur en ligne totalement r\u00e9actif vous propose des mod\u00e8les vari\u00e9s \u00e0 choisir. <\/p> <p><b>Rendez votre site Web plus efficace \u00e0 des fins commerciales avec TikTok Feed<\/b><\/p> <\/div> <div class=\"application-platform-content-item-features application-platform-content-item\" id=\"features\" data-nav-section=\"features\"> <h2>Vous trouverez ci-dessous les fonctionnalit\u00e9s essentielles de widget\u00a0: <\/h2> <ul><li>Masquez la section d&rsquo;en-t\u00eate pour donner \u00e0 votre outil un aspect minimaliste. <\/li><li>Supprimez tout spam et tout contenu ind\u00e9sirable au moyen d&rsquo;une mod\u00e9ration manuelle. <\/li><li>Installez le bouton Suivre sur les fiches widgets. <\/li><li>Faites appara\u00eetre vos messages dans une pop-up. <\/li><\/ul><p><a href=\"#demo\">Vous pouvez tester toutes les capacit\u00e9s du widget dans la d\u00e9mo ici<\/a><\/p> <\/div> <div class=\"application-platform-content-item-installation application-platform-content-item\" id=\"installation\" data-nav-section=\"installation\"> <h2>Comment ajouter le flux TikTok sur mon site Blogger\u00a0? <\/h2> <p>Suivez simplement les \u00e9tapes suivantes pr\u00e9sent\u00e9es ci-dessous pour ins\u00e9rer le widget. <\/p> <ol><li><b>Lancez notre d\u00e9mo gratuite et commencez \u00e0 fa\u00e7onner votre widget personnalis\u00e9. <\/b><br> Recherchez le design et les fonctionnalit\u00e9s s\u00e9lectionn\u00e9s du plugin et appliquez les modifications. <\/li> <li><b>Acqu\u00e9rir le code personnel indiqu\u00e9 dans le formulaire sp\u00e9cial sur Elfsight Apps. <\/b><br> D\u00e8s que la personnalisation de votre outil personnel est termin\u00e9e, copiez le code exclusif dans la fen\u00eatre contextuelle apparue et enregistrez-le pour une occasion future. <\/li> <li><b>Lancer l&rsquo;utilisation de l&rsquo;outil sur le site Web Blogger. <\/b><br> Impl\u00e9mentez le code copi\u00e9 r\u00e9cemment dans votre page et enregistrez les am\u00e9liorations. <\/li> <li><b>Fait\u00a0! L&rsquo;int\u00e9gration est enti\u00e8rement termin\u00e9e. <\/b><br> Acc\u00e9dez \u00e0 votre site Web pour v\u00e9rifier les performances du widget. <\/li><\/ol> <p>\u00c0 condition d&rsquo;\u00eatre confront\u00e9 \u00e0 des questions ou de rencontrer des complications, n&rsquo;h\u00e9sitez pas \u00e0 contacter notre \u00e9quipe de service client. Nos collaborateurs seront ravis de vous aider avec tous les probl\u00e8mes que vous pourriez rencontrer avec le widget. <\/p> <\/div><div class=\"faq\" data-component=\"FAQ\"><div class=\"faq-item\">\r\n\t\t\t\t\t<div class=\"faq-item-question\">\r\n\t\t\t\t\t\t<h3 class=\"faq-item-question-text\">Comment int\u00e9grer le flux TikTok \u00e0 mon Blogger sans comp\u00e9tences en codage ?<\/h3>\r\n\r\n\t\t\t\t\t\t<div class=\"faq-item-question-icon\"><\/div>\r\n\t\t\t\t\t<\/div>\r\n\r\n\t\t\t\t\t<div class=\"faq-item-answer\">\r\n\t\t\t\t\t\t<div class=\"faq-item-answer-text\"><p>La soci\u00e9t\u00e9 Elfsight propose une solution Cloud qui permet aux utilisateurs de cr\u00e9er eux-m\u00eames un widget de flux TikTok, d\u00e9couvrez \u00e0 quel point le processus est simple\u00a0:<\/p><ul><li>Travailler dans l&rsquo;\u00e9diteur en ligne pour cr\u00e9er une application de flux TikTok que vous souhaitez int\u00e9grer sur votre page d&rsquo;accueil Blogger.<\/li><li>Choisissez l&rsquo;un des nombreux mod\u00e8les pr\u00eats \u00e0 l&#8217;emploi et adaptez les param\u00e8tres du flux TikTok, incluez votre contenu, modifiez la mise en page et les couleurs sans codage.<\/li><li>Enregistrez les param\u00e8tres que vous avez d\u00e9finis dans Flux TikTok et copiez le code \u00e0 int\u00e9grer, que vous pouvez coller dans le site Blogger sans acheter de version payante.<\/li><\/ul><p>Avec l&rsquo;aide de notre \u00e9diteur simple, tout utilisateur Web peut cr\u00e9er une section de flux TikTok en ligne et simplement la coller. vers la page d&rsquo;accueil de Blogger. Vous ne devez pas souscrire \u00e0 un forfait payant ni divulguer les donn\u00e9es de votre carte pour acc\u00e9der au service Elfsight. Si vous rencontrez des probl\u00e8mes de quelque nature que ce soit, n&rsquo;h\u00e9sitez pas \u00e0 vous adresser \u00e0 notre \u00e9quipe d&rsquo;assistance.<\/p><\/div>\r\n\t\t\t\t\t<\/div>\r\n\t\t\t\t<\/div><\/div>","protected":false},"excerpt":{"rendered":"","protected":false},"author":9,"featured_media":0,"parent":3303,"menu_order":0,"comment_status":"closed","ping_status":"closed","template":"templates\/template-application-platform.php","meta":{"publish_to_discourse":"","publish_post_category":"","wpdc_auto_publish_overridden":"","wpdc_topic_tags":"","wpdc_pin_topic":"","wpdc_pin_until":"","discourse_post_id":"","discourse_permalink":"","wpdc_publishing_response":"","wpdc_publishing_error":"","footnotes":""},"class_list":["post-10700","page","type-page","status-publish","hentry"],"yoast_head":"<!-- This site is optimized with the Yoast SEO plugin v25.3.1 - https:\/\/yoast.com\/wordpress\/plugins\/seo\/ -->\n<title>Ajoutez le widget TikTok Feed au site Web Blogger (rapide et gratuit)<\/title>\n<meta name=\"description\" content=\"Impl\u00e9mentez un widget Blogger TikTok Feed r\u00e9actif sur votre site Web. Essayez la d\u00e9mo pratique d&#039;Elfsight et g\u00e9n\u00e9rez votre application TikTok en quelques clics.\" \/>\n<meta name=\"robots\" content=\"index, follow, max-snippet:-1, max-image-preview:large, max-video-preview:-1\" \/>\n<link rel=\"canonical\" href=\"https:\/\/elfsight.com\/fr\/tiktok-feed-widget\/blogger\/\" \/>\n<meta property=\"og:locale\" content=\"fr_FR\" \/>\n<meta property=\"og:type\" content=\"article\" \/>\n<meta property=\"og:title\" content=\"Ajoutez le widget TikTok Feed au site Web Blogger (rapide et gratuit)\" \/>\n<meta property=\"og:description\" content=\"Impl\u00e9mentez un widget Blogger TikTok Feed r\u00e9actif sur votre site Web. Essayez la d\u00e9mo pratique d&#039;Elfsight et g\u00e9n\u00e9rez votre application TikTok en quelques clics.\" \/>\n<meta property=\"og:url\" content=\"https:\/\/elfsight.com\/fr\/tiktok-feed-widget\/blogger\/\" \/>\n<meta property=\"og:site_name\" content=\"Elfsight FR\" \/>\n<meta property=\"article:modified_time\" content=\"2025-07-10T13:51:07+00:00\" \/>\n<meta name=\"twitter:card\" content=\"summary_large_image\" \/>\n<meta name=\"twitter:label1\" content=\"Dur\u00e9e de lecture estim\u00e9e\" \/>\n\t<meta name=\"twitter:data1\" content=\"3 minutes\" \/>\n<!-- \/ Yoast SEO plugin. -->","yoast_head_json":{"title":"Ajoutez le widget TikTok Feed au site Web Blogger (rapide et gratuit)","description":"Impl\u00e9mentez un widget Blogger TikTok Feed r\u00e9actif sur votre site Web. Essayez la d\u00e9mo pratique d'Elfsight et g\u00e9n\u00e9rez votre application TikTok en quelques clics.","robots":{"index":"index","follow":"follow","max-snippet":"max-snippet:-1","max-image-preview":"max-image-preview:large","max-video-preview":"max-video-preview:-1"},"canonical":"https:\/\/elfsight.com\/fr\/tiktok-feed-widget\/blogger\/","og_locale":"fr_FR","og_type":"article","og_title":"Ajoutez le widget TikTok Feed au site Web Blogger (rapide et gratuit)","og_description":"Impl\u00e9mentez un widget Blogger TikTok Feed r\u00e9actif sur votre site Web. Essayez la d\u00e9mo pratique d'Elfsight et g\u00e9n\u00e9rez votre application TikTok en quelques clics.","og_url":"https:\/\/elfsight.com\/fr\/tiktok-feed-widget\/blogger\/","og_site_name":"Elfsight FR","article_modified_time":"2025-07-10T13:51:07+00:00","twitter_card":"summary_large_image","twitter_misc":{"Dur\u00e9e de lecture estim\u00e9e":"3 minutes"},"schema":{"@context":"https:\/\/schema.org","@graph":[{"@type":"WebPage","@id":"https:\/\/elfsight.com\/fr\/tiktok-feed-widget\/blogger\/","url":"https:\/\/elfsight.com\/fr\/tiktok-feed-widget\/blogger\/","name":"Ajoutez le widget TikTok Feed au site Web Blogger (rapide et gratuit)","isPartOf":{"@id":"https:\/\/elfsight.com\/fr\/#website"},"datePublished":"1970-01-01T00:00:00+00:00","dateModified":"2025-07-10T13:51:07+00:00","description":"Impl\u00e9mentez un widget Blogger TikTok Feed r\u00e9actif sur votre site Web. Essayez la d\u00e9mo pratique d'Elfsight et g\u00e9n\u00e9rez votre application TikTok en quelques clics.","breadcrumb":{"@id":"https:\/\/elfsight.com\/fr\/tiktok-feed-widget\/blogger\/#breadcrumb"},"inLanguage":"fr-FR","potentialAction":[{"@type":"ReadAction","target":["https:\/\/elfsight.com\/fr\/tiktok-feed-widget\/blogger\/"]}]},{"@type":"BreadcrumbList","@id":"https:\/\/elfsight.com\/fr\/tiktok-feed-widget\/blogger\/#breadcrumb","itemListElement":[{"@type":"ListItem","position":1,"name":"Home","item":"https:\/\/elfsight.com\/fr\/"},{"@type":"ListItem","position":2,"name":"TikTok Feed","item":"https:\/\/elfsight.com\/fr\/tiktok-feed-widget\/"},{"@type":"ListItem","position":3,"name":"TikTok Feed &#8211; Blogger"}]},{"@type":"WebSite","@id":"https:\/\/elfsight.com\/fr\/#website","url":"https:\/\/elfsight.com\/fr\/","name":"Elfsight FR","description":"","potentialAction":[{"@type":"SearchAction","target":{"@type":"EntryPoint","urlTemplate":"https:\/\/elfsight.com\/fr\/?s={search_term_string}"},"query-input":{"@type":"PropertyValueSpecification","valueRequired":true,"valueName":"search_term_string"}}],"inLanguage":"fr-FR"}]}},"meta_box":{"industry":"","seo_heading":"","heading":"","description":"","cta_heading":"","cta_description":"","application":"3302","h1":"Widget de flux TikTok du blogueur","h1_caption":"Pr\u00e9sentez les vid\u00e9os TikTok tendances par hashtag ou par compte, en ajoutant sans effort du contenu dynamique et engageant \u00e0 votre site Web sur votre site Web Blogger.","application_category":[],"applications_title":"","applications_request_title":"","applications_request_button_text":"","hero_text":"","hero_video":"","hero_video_schema_markup":"","selling_points_title":"","selling_points_caption":"","selling_points":[],"selling_points_cta_text":"","features_title":"","features":"","ed_cta_examples_text":"","ed_cta_examples_hidden":"","ed_cta_demo_text":"","ed_cta_demo_hidden":"","why_caption":"","why_editor_title":"","why_editor_text":"","why_team_title":"","why_team_text":"","why_service_title":"","why_service_text":"","template_catalog_visible":"","template_catalog_title":"","template_catalog_text":"","template_catalog_categories_visible":"","demo_title":"Cr\u00e9ez votre widget Flux TikTok","demo_caption":"Configurez votre flux TikTok et ajoutez-le gratuitement \u00e0 votre site Web Blogger\u00a0!","default_faq_hidden":"","app_template_category":[],"platform":"348","template_public_id":"","codecanyon_url":"","codecanyon_item_id":"","codecanyon_price":"","pricing_caption":"","pricing_elfsight_apps_hide_column":"","pricing_elfsight_apps_url":"","pricing_codecanyon_price_caption":"","integration_category":[],"integration_request_title":"","integration_request_cta":"","integration_platform":"","integrations":[],"platform_category":[],"video_schema_markup":"","price":"\u00e0 partir de 0$ \/ mois","trial":"","benefits":[{"text":"Aide \u00e0 l'installation gratuite"},{"text":"Support client exp\u00e9riment\u00e9"},{"text":"Garantie de remboursement de 14 jours"},{"text":"Mises \u00e0 jour gratuites r\u00e9guli\u00e8res"}],"button_url":"","button_target_blank":"","button_nofollow":"","attributes":[{"name":"Installations","content":"10,000 - 100,000"},{"name":"Sensible","content":"Oui"},{"name":"Navigateurs compatibles","content":"Firefox, Safari, Opera, Chrome, Edge"}],"tags":[],"tags_disable_links":"","hide_more_platforms":"","video_object":"","demo_hide_cta":"","demo_hide_cloud_options":"","pricing_title":"","pricing":[{"pricing_icon":"platform","pricing_title":"Elfsight Apps","pricing_title_caption":"Solution multiplateforme","pricing_price":"from $0 \/ month","pricing_price_caption":"commencez avec un forfait gratuit","pricing_benefits":[{"text":"Domaines illimit\u00e9s"},{"text":"Un support d\u00e9di\u00e9 et bien document\u00e9"},{"text":"Aide \u00e0 l'installation gratuite"},{"text":"Conception flexible"}],"pricing_button_text":"Ajouter au site Web","pricing_button_url":"#demo"}],"related_apps_title":"","related_apps_hidden":"","author":"","image":[],"title":"","job":"","social_networks":[]},"_links":{"self":[{"href":"https:\/\/elfsight.com\/fr\/wp-json\/wp\/v2\/pages\/10700","targetHints":{"allow":["GET"]}}],"collection":[{"href":"https:\/\/elfsight.com\/fr\/wp-json\/wp\/v2\/pages"}],"about":[{"href":"https:\/\/elfsight.com\/fr\/wp-json\/wp\/v2\/types\/page"}],"author":[{"embeddable":true,"href":"https:\/\/elfsight.com\/fr\/wp-json\/wp\/v2\/users\/9"}],"replies":[{"embeddable":true,"href":"https:\/\/elfsight.com\/fr\/wp-json\/wp\/v2\/comments?post=10700"}],"version-history":[{"count":1,"href":"https:\/\/elfsight.com\/fr\/wp-json\/wp\/v2\/pages\/10700\/revisions"}],"predecessor-version":[{"id":10704,"href":"https:\/\/elfsight.com\/fr\/wp-json\/wp\/v2\/pages\/10700\/revisions\/10704"}],"up":[{"embeddable":true,"href":"https:\/\/elfsight.com\/fr\/wp-json\/wp\/v2\/pages\/3303"}],"wp:attachment":[{"href":"https:\/\/elfsight.com\/fr\/wp-json\/wp\/v2\/media?parent=10700"}],"curies":[{"name":"wp","href":"https:\/\/api.w.org\/{rel}","templated":true}]}}