{"id":10698,"date":"1970-01-01T00:00:00","date_gmt":"1970-01-01T00:00:00","guid":{"rendered":"https:\/\/elfsight.com\/fr\/?page_id=10698"},"modified":"2025-07-10T13:50:29","modified_gmt":"2025-07-10T13:50:29","slug":"bigcommerce","status":"publish","type":"page","link":"https:\/\/elfsight.com\/fr\/tiktok-feed-widget\/bigcommerce\/","title":{"rendered":"TikTok Feed &#8211; BigCommerce"},"content":{"rendered":"<div class=\"application-platform-content-item-description application-platform-content-item\" id=\"description\" data-nav-section=\"description\"> <h2>Description<\/h2> <p>Elfsight TiKTok Feed pour BigCommerce est une application unique permettant de vendre non seulement des articles, mais aussi des \u00e9motions et des exp\u00e9riences. En l&rsquo;utilisant, vous pouvez cr\u00e9er un flux personnalis\u00e9 compos\u00e9 de votre contenu de TikTok &#8211; et l&rsquo;afficher directement sur votre site. Concevez une galerie vid\u00e9o en quelques clics ! Exercez un contr\u00f4le absolu sur un contenu pr\u00e9sent\u00e9 et \u00e9liminez le spam et tout contenu ind\u00e9sirable via une mod\u00e9ration manuelle. Le configurateur en ligne enti\u00e8rement r\u00e9actif vous propose plusieurs mod\u00e8les parmi lesquels choisir. <\/p> <p><b>Avec TikTok Feed, ayez une croissance solide de votre activit\u00e9 et augmentez vos ventes <\/b><\/p> <\/div> <div class=\"application-platform-content-item-features application-platform-content-item\" id=\"features\" data-nav-section=\"features\"> <h2>Consultez la liste des Meilleures fonctionnalit\u00e9s\u00a0: <\/h2> <ul><li>Dissimulez la section d&rsquo;en-t\u00eate pour donner \u00e0 votre application un aspect minimaliste. <\/li><li>\u00c9liminez tout spam et contenu ind\u00e9sirable gr\u00e2ce au mode de mod\u00e9ration manuelle. <\/li><li>Placez le bouton Suivre sur le flux de l&rsquo;application. <\/li><li>Affichez vos publications dans une fen\u00eatre contextuelle. <\/li><\/ul><p><a href=\"#demo\">Consultez simplement cette d\u00e9mo pour voir ce que vaut l&rsquo;application<\/a><\/p> <\/div> <div class=\"application-platform-content-item-installation application-platform-content-item\" id=\"installation\" data-nav-section=\"installation\"> <h2>Comment puis-je int\u00e9grer le flux TikTok dans mon site Web BigCommerce\u00a0? <\/h2> <p>Suivez simplement les instructions ci-dessous pour ins\u00e9rer l&rsquo;application. <\/p> <ol><li><b>Utilisez notre configurateur gratuit et commencez \u00e0 cr\u00e9er votre application personnalis\u00e9e. <\/b><br> Sp\u00e9cifiez l&rsquo;interface personnalis\u00e9e et les fonctionnalit\u00e9s de l&rsquo;application et enregistrez les corrections. <\/li> <li><b>Copiez votre code personnel affich\u00e9 dans la case sur les applications Elfsight. <\/b><br> Une fois la configuration de votre plugin termin\u00e9e, copiez le code exclusif dans la case qui appara\u00eet et enregistrez-le pour une occasion ult\u00e9rieure. <\/li> <li><b>Commencez \u00e0 utiliser l&rsquo;application sur le site Web BigCommerce. <\/b><br> Int\u00e9grez le code que vous avez enregistr\u00e9 r\u00e9cemment dans votre site Web et appliquez les modifications. <\/li> <li><b>L&rsquo;installation est termin\u00e9e avec succ\u00e8s. <\/b><br> Acc\u00e9dez \u00e0 votre site Web pour observer les performances de l&rsquo;application. <\/li><\/ol> <p>\u00c0 condition de faire face \u00e0 des demandes de renseignements ou de vous heurter \u00e0 des obstacles, n&rsquo;h\u00e9sitez pas \u00e0 postuler aupr\u00e8s de notre \u00e9quipe d&rsquo;assistance. Nos sp\u00e9cialistes sont impatients de r\u00e9soudre toutes les questions que vous pourriez avoir avec le produit. <\/p> <\/div><div class=\"faq\" data-component=\"FAQ\"><div class=\"faq-item\">\r\n\t\t\t\t\t<div class=\"faq-item-question\">\r\n\t\t\t\t\t\t<h3 class=\"faq-item-question-text\">Existe-t-il un moyen d'ajouter le flux TikTok \u00e0 mon site Web BigCommerce sans exp\u00e9rience en codage ?<\/h3>\r\n\r\n\t\t\t\t\t\t<div class=\"faq-item-question-icon\"><\/div>\r\n\t\t\t\t\t<\/div>\r\n\r\n\t\t\t\t\t<div class=\"faq-item-answer\">\r\n\t\t\t\t\t\t<div class=\"faq-item-answer-text\"><p>Soci\u00e9t\u00e9 Elfsight propose une solution SaaS qui permet \u00e0 l&rsquo;utilisateur de cr\u00e9er lui-m\u00eame une application de flux TikTok. D\u00e9couvrez \u00e0 quel point le processus est simple\u00a0:<\/p><ul><li>Travailler directement dans la d\u00e9mo en direct pour cr\u00e9er une section de flux TikTok que vous souhaitez int\u00e9grer sur BigCommerce. .<\/li><li>Choisissez l&rsquo;un des mod\u00e8les pr\u00e9d\u00e9finis et adaptez les param\u00e8tres du flux TikTok, incluez votre contenu, transformez la mise en page et la palette de couleurs sans codage.<\/li><li>Enregistrez le flux TikTok et copiez son code d&rsquo;installation. , que vous pouvez facilement coller dans n&rsquo;importe quelle page d&rsquo;accueil de BigCommerce \u00e0 l&rsquo;aide d&rsquo;un forfait gratuit.<\/li><\/ul><p>Avec l&rsquo;aide de notre \u00e9diteur facile \u00e0 utiliser, tout utilisateur Web peut g\u00e9n\u00e9rer un flux TikTok et le coller sans effort dans son BigCommerce. site web. Il n&rsquo;est pas n\u00e9cessaire de payer ou de soumettre les informations d&rsquo;identification de votre carte pour acc\u00e9der au service Elfsight. Si vous rencontrez des probl\u00e8mes de quelque nature que ce soit, n&rsquo;h\u00e9sitez pas \u00e0 vous adresser \u00e0 notre \u00e9quipe d&rsquo;assistance.<\/p><\/div>\r\n\t\t\t\t\t<\/div>\r\n\t\t\t\t<\/div><\/div>","protected":false},"excerpt":{"rendered":"","protected":false},"author":9,"featured_media":0,"parent":3303,"menu_order":0,"comment_status":"closed","ping_status":"closed","template":"templates\/template-application-platform.php","meta":{"publish_to_discourse":"","publish_post_category":"","wpdc_auto_publish_overridden":"","wpdc_topic_tags":"","wpdc_pin_topic":"","wpdc_pin_until":"","discourse_post_id":"","discourse_permalink":"","wpdc_publishing_response":"","wpdc_publishing_error":"","footnotes":""},"class_list":["post-10698","page","type-page","status-publish","hentry"],"yoast_head":"<!-- This site is optimized with the Yoast SEO plugin v25.3.1 - https:\/\/yoast.com\/wordpress\/plugins\/seo\/ -->\n<title>Ajoutez le widget TikTok Feed au site Web BigCommerce (rapide et gratuit)<\/title>\n<meta name=\"description\" content=\"Ajoutez une application BigCommerce TikTok Feed adapt\u00e9e aux mobiles sur votre site Web. Utilisez la d\u00e9mo pratique d&#039;Elfsight et g\u00e9n\u00e9rez votre superbe application TikTok.\" \/>\n<meta name=\"robots\" content=\"index, follow, max-snippet:-1, max-image-preview:large, max-video-preview:-1\" \/>\n<link rel=\"canonical\" href=\"https:\/\/elfsight.com\/fr\/tiktok-feed-widget\/bigcommerce\/\" \/>\n<meta property=\"og:locale\" content=\"fr_FR\" \/>\n<meta property=\"og:type\" content=\"article\" \/>\n<meta property=\"og:title\" content=\"Ajoutez le widget TikTok Feed au site Web BigCommerce (rapide et gratuit)\" \/>\n<meta property=\"og:description\" content=\"Ajoutez une application BigCommerce TikTok Feed adapt\u00e9e aux mobiles sur votre site Web. Utilisez la d\u00e9mo pratique d&#039;Elfsight et g\u00e9n\u00e9rez votre superbe application TikTok.\" \/>\n<meta property=\"og:url\" content=\"https:\/\/elfsight.com\/fr\/tiktok-feed-widget\/bigcommerce\/\" \/>\n<meta property=\"og:site_name\" content=\"Elfsight FR\" \/>\n<meta property=\"article:modified_time\" content=\"2025-07-10T13:50:29+00:00\" \/>\n<meta name=\"twitter:card\" content=\"summary_large_image\" \/>\n<meta name=\"twitter:label1\" content=\"Dur\u00e9e de lecture estim\u00e9e\" \/>\n\t<meta name=\"twitter:data1\" content=\"3 minutes\" \/>\n<!-- \/ Yoast SEO plugin. -->","yoast_head_json":{"title":"Ajoutez le widget TikTok Feed au site Web BigCommerce (rapide et gratuit)","description":"Ajoutez une application BigCommerce TikTok Feed adapt\u00e9e aux mobiles sur votre site Web. Utilisez la d\u00e9mo pratique d'Elfsight et g\u00e9n\u00e9rez votre superbe application TikTok.","robots":{"index":"index","follow":"follow","max-snippet":"max-snippet:-1","max-image-preview":"max-image-preview:large","max-video-preview":"max-video-preview:-1"},"canonical":"https:\/\/elfsight.com\/fr\/tiktok-feed-widget\/bigcommerce\/","og_locale":"fr_FR","og_type":"article","og_title":"Ajoutez le widget TikTok Feed au site Web BigCommerce (rapide et gratuit)","og_description":"Ajoutez une application BigCommerce TikTok Feed adapt\u00e9e aux mobiles sur votre site Web. Utilisez la d\u00e9mo pratique d'Elfsight et g\u00e9n\u00e9rez votre superbe application TikTok.","og_url":"https:\/\/elfsight.com\/fr\/tiktok-feed-widget\/bigcommerce\/","og_site_name":"Elfsight FR","article_modified_time":"2025-07-10T13:50:29+00:00","twitter_card":"summary_large_image","twitter_misc":{"Dur\u00e9e de lecture estim\u00e9e":"3 minutes"},"schema":{"@context":"https:\/\/schema.org","@graph":[{"@type":"WebPage","@id":"https:\/\/elfsight.com\/fr\/tiktok-feed-widget\/bigcommerce\/","url":"https:\/\/elfsight.com\/fr\/tiktok-feed-widget\/bigcommerce\/","name":"Ajoutez le widget TikTok Feed au site Web BigCommerce (rapide et gratuit)","isPartOf":{"@id":"https:\/\/elfsight.com\/fr\/#website"},"datePublished":"1970-01-01T00:00:00+00:00","dateModified":"2025-07-10T13:50:29+00:00","description":"Ajoutez une application BigCommerce TikTok Feed adapt\u00e9e aux mobiles sur votre site Web. Utilisez la d\u00e9mo pratique d'Elfsight et g\u00e9n\u00e9rez votre superbe application TikTok.","breadcrumb":{"@id":"https:\/\/elfsight.com\/fr\/tiktok-feed-widget\/bigcommerce\/#breadcrumb"},"inLanguage":"fr-FR","potentialAction":[{"@type":"ReadAction","target":["https:\/\/elfsight.com\/fr\/tiktok-feed-widget\/bigcommerce\/"]}]},{"@type":"BreadcrumbList","@id":"https:\/\/elfsight.com\/fr\/tiktok-feed-widget\/bigcommerce\/#breadcrumb","itemListElement":[{"@type":"ListItem","position":1,"name":"Home","item":"https:\/\/elfsight.com\/fr\/"},{"@type":"ListItem","position":2,"name":"TikTok Feed","item":"https:\/\/elfsight.com\/fr\/tiktok-feed-widget\/"},{"@type":"ListItem","position":3,"name":"TikTok Feed &#8211; BigCommerce"}]},{"@type":"WebSite","@id":"https:\/\/elfsight.com\/fr\/#website","url":"https:\/\/elfsight.com\/fr\/","name":"Elfsight FR","description":"","potentialAction":[{"@type":"SearchAction","target":{"@type":"EntryPoint","urlTemplate":"https:\/\/elfsight.com\/fr\/?s={search_term_string}"},"query-input":{"@type":"PropertyValueSpecification","valueRequired":true,"valueName":"search_term_string"}}],"inLanguage":"fr-FR"}]}},"meta_box":{"industry":"","seo_heading":"","heading":"","description":"","cta_heading":"","cta_description":"","application":"3302","h1":"Application de flux BigCommerce TikTok","h1_caption":"Pr\u00e9sentez les vid\u00e9os TikTok tendances par hashtag ou par compte, en ajoutant sans effort du contenu dynamique et engageant \u00e0 votre site Web sur votre site Web BigCommerce.","application_category":[],"applications_title":"","applications_request_title":"","applications_request_button_text":"","hero_text":"","hero_video":"","hero_video_schema_markup":"","selling_points_title":"","selling_points_caption":"","selling_points":[],"selling_points_cta_text":"","features_title":"","features":"","ed_cta_examples_text":"","ed_cta_examples_hidden":"","ed_cta_demo_text":"","ed_cta_demo_hidden":"","why_caption":"","why_editor_title":"","why_editor_text":"","why_team_title":"","why_team_text":"","why_service_title":"","why_service_text":"","template_catalog_visible":"","template_catalog_title":"","template_catalog_text":"","template_catalog_categories_visible":"","demo_title":"Cr\u00e9ez votre application TikTok Feed","demo_caption":"Configurez votre flux TikTok et ajoutez-le gratuitement \u00e0 votre site Web BigCommerce !","default_faq_hidden":"","app_template_category":[],"platform":"347","template_public_id":"","codecanyon_url":"","codecanyon_item_id":"","codecanyon_price":"","pricing_caption":"","pricing_elfsight_apps_hide_column":"","pricing_elfsight_apps_url":"","pricing_codecanyon_price_caption":"","integration_category":[],"integration_request_title":"","integration_request_cta":"","integration_platform":"","integrations":[],"platform_category":[],"video_schema_markup":"","price":"\u00e0 partir de 0$ \/ mois","trial":"","benefits":[{"text":"Service d'installation gratuit"},{"text":"Service client professionnel"},{"text":"Garantie de remboursement de 14 jours"},{"text":"Futures mises \u00e0 jour gratuites"}],"button_url":"","button_target_blank":"","button_nofollow":"","attributes":[{"name":"Installations","content":"10,000 - 100,000"},{"name":"Sensible","content":"Oui"},{"name":"Navigateurs compatibles","content":"Firefox, Safari, Opera, Chrome, Edge"}],"tags":[],"tags_disable_links":"","hide_more_platforms":"","video_object":"","demo_hide_cta":"","demo_hide_cloud_options":"","pricing_title":"","pricing":[{"pricing_icon":"platform","pricing_title":"Elfsight Apps","pricing_title_caption":"Solution num\u00e9rique multiplateforme","pricing_price":"from $0 \/ month","pricing_price_caption":"commencez avec un forfait gratuit","pricing_benefits":[{"text":"Sites Web illimit\u00e9s"},{"text":"Assistance de l'entreprise 24h\/24 et 7j\/7 et bien document\u00e9e"},{"text":"Aide \u00e0 l'installation gratuite"},{"text":"Enti\u00e8rement personnalisable"}],"pricing_button_text":"Ajouter au site Web","pricing_button_url":"#demo"}],"related_apps_title":"","related_apps_hidden":"","author":"","image":[],"title":"","job":"","social_networks":[]},"_links":{"self":[{"href":"https:\/\/elfsight.com\/fr\/wp-json\/wp\/v2\/pages\/10698","targetHints":{"allow":["GET"]}}],"collection":[{"href":"https:\/\/elfsight.com\/fr\/wp-json\/wp\/v2\/pages"}],"about":[{"href":"https:\/\/elfsight.com\/fr\/wp-json\/wp\/v2\/types\/page"}],"author":[{"embeddable":true,"href":"https:\/\/elfsight.com\/fr\/wp-json\/wp\/v2\/users\/9"}],"replies":[{"embeddable":true,"href":"https:\/\/elfsight.com\/fr\/wp-json\/wp\/v2\/comments?post=10698"}],"version-history":[{"count":1,"href":"https:\/\/elfsight.com\/fr\/wp-json\/wp\/v2\/pages\/10698\/revisions"}],"predecessor-version":[{"id":10702,"href":"https:\/\/elfsight.com\/fr\/wp-json\/wp\/v2\/pages\/10698\/revisions\/10702"}],"up":[{"embeddable":true,"href":"https:\/\/elfsight.com\/fr\/wp-json\/wp\/v2\/pages\/3303"}],"wp:attachment":[{"href":"https:\/\/elfsight.com\/fr\/wp-json\/wp\/v2\/media?parent=10698"}],"curies":[{"name":"wp","href":"https:\/\/api.w.org\/{rel}","templated":true}]}}