{"id":10693,"date":"1970-01-01T00:00:00","date_gmt":"1970-01-01T00:00:00","guid":{"rendered":"https:\/\/elfsight.com\/fr\/?page_id=10693"},"modified":"2025-07-10T13:50:37","modified_gmt":"2025-07-10T13:50:37","slug":"drupal","status":"publish","type":"page","link":"https:\/\/elfsight.com\/fr\/tiktok-feed-widget\/drupal\/","title":{"rendered":"TikTok Feed &#8211; Drupal"},"content":{"rendered":"<div class=\"application-platform-content-item-description application-platform-content-item\" id=\"description\" data-nav-section=\"description\"> <h2>Description<\/h2> <p>Elfsight TiKTok Feed pour Drupal est un module permettant de commercialiser non seulement des choses, mais aussi des \u00e9motions et des exp\u00e9riences. Avec lui, vous pouvez cr\u00e9er un flux personnalis\u00e9 compos\u00e9 de votre contenu de TikTok &#8211; et l&rsquo;afficher directement sur votre site Internet. Cr\u00e9ez une galerie vid\u00e9o en quelques clics ! Exercez un contr\u00f4le total sur un contenu et d\u00e9barrassez-vous du spam et de tout contenu ind\u00e9sirable via la mod\u00e9ration manuelle. L&rsquo;\u00e9diteur en ligne enti\u00e8rement r\u00e9actif vous propose diff\u00e9rents mod\u00e8les \u00e0 choisir. <\/p> <p><b>Rendez votre site plus efficace pour les cibles e-commerce avec TikTok Feed<\/b><\/p> <\/div> <div class=\"application-platform-content-item-features application-platform-content-item\" id=\"features\" data-nav-section=\"features\"> <h2>Consultez la liste des fonctionnalit\u00e9s les plus utiles\u00a0: <\/h2> <ul><li>Masquer l&rsquo;en-t\u00eate pour donner \u00e0 l&rsquo;outil un aspect minimaliste. <\/li><li>D\u00e9barrassez-vous de tout spam et contenu ind\u00e9sirable gr\u00e2ce au mode de mod\u00e9ration manuelle. <\/li><li>Installez le bouton Suivre sur les publications de l&rsquo;outil. <\/li><li>Faites en sorte que vos messages soient affich\u00e9s dans une fen\u00eatre contextuelle. <\/li><\/ul><p><a href=\"#demo\">Examinez tous les param\u00e8tres dans une d\u00e9mo 100\u00a0% fonctionnelle<\/a><\/p> <\/div> <div class=\"application-platform-content-item-installation application-platform-content-item\" id=\"installation\" data-nav-section=\"installation\"> <h2>Comment int\u00e9grer le flux TikTok dans mon site Web Drupal\u00a0? <\/h2> <p>Remplissez simplement les instructions ci-dessous pour int\u00e9grer le module. <\/p> <ol><li><b>G\u00e9rez notre configurateur gratuit et commencez \u00e0 cr\u00e9er votre module personnalis\u00e9. <\/b><br> Choisissez l&rsquo;interface et les param\u00e8tres pr\u00e9f\u00e9r\u00e9s du module et appliquez les modifications. <\/li> <li><b>Faites appara\u00eetre votre code individuel dans la fen\u00eatre des applications Elfsight. <\/b><br> Une fois la cr\u00e9ation de votre module personnel termin\u00e9e, copiez le code exclusif dans la case qui appara\u00eet et conservez-le pour une occasion ult\u00e9rieure. <\/li> <li><b>Commencez \u00e0 utiliser le plugin sur le site Drupal. <\/b><br> Impl\u00e9mentez le code copi\u00e9 auparavant dans votre site Web et appliquez les ajustements. <\/li> <li><b>L&rsquo;installation est enti\u00e8rement termin\u00e9e. <\/b><br> Acc\u00e9dez \u00e0 votre page Web pour observer les performances du module. <\/li><\/ol> <p>Si vous avez des questions ou rencontrez des probl\u00e8mes, n&rsquo;h\u00e9sitez pas \u00e0 faire appel \u00e0 notre service client. Nos sp\u00e9cialistes se feront un plaisir de vous aider avec toutes les difficult\u00e9s que vous pourriez rencontrer avec le produit. <\/p> <\/div><div class=\"faq\" data-component=\"FAQ\"><div class=\"faq-item\">\r\n\t\t\t\t\t<div class=\"faq-item-question\">\r\n\t\t\t\t\t\t<h3 class=\"faq-item-question-text\">De quelle mani\u00e8re est-il possible d'ajouter un flux TikTok \u00e0 mon Drupal sans codage ?<\/h3>\r\n\r\n\t\t\t\t\t\t<div class=\"faq-item-question-icon\"><\/div>\r\n\t\t\t\t\t<\/div>\r\n\r\n\t\t\t\t\t<div class=\"faq-item-answer\">\r\n\t\t\t\t\t\t<div class=\"faq-item-answer-text\"><p>Propositions de la soci\u00e9t\u00e9 Elfsight une solution Cloud qui permet \u00e0 l&rsquo;utilisateur de cr\u00e9er vous-m\u00eame une application TikTok Feed, regardez le guide simple\u00a0:<\/p><ul><li>Commencez \u00e0 travailler directement dans la d\u00e9mo en ligne pour cr\u00e9er une application TikTok Feed que vous souhaitez inclure sur Drupal.<\/li><li>Choisissez l&rsquo;un de nos mod\u00e8les pr\u00e9d\u00e9finis et modifiez les param\u00e8tres du flux TikTok, ajoutez votre contenu, modifiez la mise en page et la palette de couleurs sans aucune comp\u00e9tence en codage.<\/li><li>Enregistrez les param\u00e8tres que vous avez d\u00e9finis sur TikTok. Alimentez et obtenez le code d&rsquo;installation, qui peut \u00eatre simplement inclus dans le site Drupal sans avoir besoin d&rsquo;acheter un abonnement payant.<\/li><\/ul><p>Avec l&rsquo;aide du configurateur convivial, chaque utilisateur Web peut g\u00e9n\u00e9rer un flux TikTok. et collez-le sur la page d&rsquo;accueil de Drupal. Il n&rsquo;est pas n\u00e9cessaire de payer ou de soumettre les informations d&rsquo;identification de votre carte pour acc\u00e9der \u00e0 notre \u00e9diteur. Si vous rencontrez des probl\u00e8mes \u00e0 un moment donn\u00e9, n&rsquo;h\u00e9sitez pas \u00e0 contacter notre \u00e9quipe d&rsquo;assistance.<\/p><\/div>\r\n\t\t\t\t\t<\/div>\r\n\t\t\t\t<\/div><\/div>","protected":false},"excerpt":{"rendered":"","protected":false},"author":9,"featured_media":0,"parent":3303,"menu_order":0,"comment_status":"closed","ping_status":"closed","template":"templates\/template-application-platform.php","meta":{"publish_to_discourse":"","publish_post_category":"","wpdc_auto_publish_overridden":"","wpdc_topic_tags":"","wpdc_pin_topic":"","wpdc_pin_until":"","discourse_post_id":"","discourse_permalink":"","wpdc_publishing_response":"","wpdc_publishing_error":"","footnotes":""},"class_list":["post-10693","page","type-page","status-publish","hentry"],"yoast_head":"<!-- This site is optimized with the Yoast SEO plugin v25.3.1 - https:\/\/yoast.com\/wordpress\/plugins\/seo\/ -->\n<title>Ajoutez le module TikTok Feed au site Web Drupal (rapide et gratuit)<\/title>\n<meta name=\"description\" content=\"Int\u00e9grez un module Drupal TikTok Feed r\u00e9actif sur votre site Web. Essayez la d\u00e9mo pratique d&#039;Elfsight et modifiez votre \u00e9l\u00e9gant widget TikTok en quelques clics\" \/>\n<meta name=\"robots\" content=\"index, follow, max-snippet:-1, max-image-preview:large, max-video-preview:-1\" \/>\n<link rel=\"canonical\" href=\"https:\/\/elfsight.com\/fr\/tiktok-feed-widget\/drupal\/\" \/>\n<meta property=\"og:locale\" content=\"fr_FR\" \/>\n<meta property=\"og:type\" content=\"article\" \/>\n<meta property=\"og:title\" content=\"Ajoutez le module TikTok Feed au site Web Drupal (rapide et gratuit)\" \/>\n<meta property=\"og:description\" content=\"Int\u00e9grez un module Drupal TikTok Feed r\u00e9actif sur votre site Web. Essayez la d\u00e9mo pratique d&#039;Elfsight et modifiez votre \u00e9l\u00e9gant widget TikTok en quelques clics\" \/>\n<meta property=\"og:url\" content=\"https:\/\/elfsight.com\/fr\/tiktok-feed-widget\/drupal\/\" \/>\n<meta property=\"og:site_name\" content=\"Elfsight FR\" \/>\n<meta property=\"article:modified_time\" content=\"2025-07-10T13:50:37+00:00\" \/>\n<meta name=\"twitter:card\" content=\"summary_large_image\" \/>\n<meta name=\"twitter:label1\" content=\"Dur\u00e9e de lecture estim\u00e9e\" \/>\n\t<meta name=\"twitter:data1\" content=\"3 minutes\" \/>\n<!-- \/ Yoast SEO plugin. -->","yoast_head_json":{"title":"Ajoutez le module TikTok Feed au site Web Drupal (rapide et gratuit)","description":"Int\u00e9grez un module Drupal TikTok Feed r\u00e9actif sur votre site Web. Essayez la d\u00e9mo pratique d'Elfsight et modifiez votre \u00e9l\u00e9gant widget TikTok en quelques clics","robots":{"index":"index","follow":"follow","max-snippet":"max-snippet:-1","max-image-preview":"max-image-preview:large","max-video-preview":"max-video-preview:-1"},"canonical":"https:\/\/elfsight.com\/fr\/tiktok-feed-widget\/drupal\/","og_locale":"fr_FR","og_type":"article","og_title":"Ajoutez le module TikTok Feed au site Web Drupal (rapide et gratuit)","og_description":"Int\u00e9grez un module Drupal TikTok Feed r\u00e9actif sur votre site Web. Essayez la d\u00e9mo pratique d'Elfsight et modifiez votre \u00e9l\u00e9gant widget TikTok en quelques clics","og_url":"https:\/\/elfsight.com\/fr\/tiktok-feed-widget\/drupal\/","og_site_name":"Elfsight FR","article_modified_time":"2025-07-10T13:50:37+00:00","twitter_card":"summary_large_image","twitter_misc":{"Dur\u00e9e de lecture estim\u00e9e":"3 minutes"},"schema":{"@context":"https:\/\/schema.org","@graph":[{"@type":"WebPage","@id":"https:\/\/elfsight.com\/fr\/tiktok-feed-widget\/drupal\/","url":"https:\/\/elfsight.com\/fr\/tiktok-feed-widget\/drupal\/","name":"Ajoutez le module TikTok Feed au site Web Drupal (rapide et gratuit)","isPartOf":{"@id":"https:\/\/elfsight.com\/fr\/#website"},"datePublished":"1970-01-01T00:00:00+00:00","dateModified":"2025-07-10T13:50:37+00:00","description":"Int\u00e9grez un module Drupal TikTok Feed r\u00e9actif sur votre site Web. Essayez la d\u00e9mo pratique d'Elfsight et modifiez votre \u00e9l\u00e9gant widget TikTok en quelques clics","breadcrumb":{"@id":"https:\/\/elfsight.com\/fr\/tiktok-feed-widget\/drupal\/#breadcrumb"},"inLanguage":"fr-FR","potentialAction":[{"@type":"ReadAction","target":["https:\/\/elfsight.com\/fr\/tiktok-feed-widget\/drupal\/"]}]},{"@type":"BreadcrumbList","@id":"https:\/\/elfsight.com\/fr\/tiktok-feed-widget\/drupal\/#breadcrumb","itemListElement":[{"@type":"ListItem","position":1,"name":"Home","item":"https:\/\/elfsight.com\/fr\/"},{"@type":"ListItem","position":2,"name":"TikTok Feed","item":"https:\/\/elfsight.com\/fr\/tiktok-feed-widget\/"},{"@type":"ListItem","position":3,"name":"TikTok Feed &#8211; Drupal"}]},{"@type":"WebSite","@id":"https:\/\/elfsight.com\/fr\/#website","url":"https:\/\/elfsight.com\/fr\/","name":"Elfsight FR","description":"","potentialAction":[{"@type":"SearchAction","target":{"@type":"EntryPoint","urlTemplate":"https:\/\/elfsight.com\/fr\/?s={search_term_string}"},"query-input":{"@type":"PropertyValueSpecification","valueRequired":true,"valueName":"search_term_string"}}],"inLanguage":"fr-FR"}]}},"meta_box":{"industry":"","seo_heading":"","heading":"","description":"","cta_heading":"","cta_description":"","application":"3302","h1":"Module de flux Drupal TikTok","h1_caption":"Pr\u00e9sentez les vid\u00e9os TikTok tendances par hashtag ou par compte, en ajoutant sans effort du contenu dynamique et engageant \u00e0 votre site Web sur votre site Web Drupal.","application_category":[],"applications_title":"","applications_request_title":"","applications_request_button_text":"","hero_text":"","hero_video":"","hero_video_schema_markup":"","selling_points_title":"","selling_points_caption":"","selling_points":[],"selling_points_cta_text":"","features_title":"","features":"","ed_cta_examples_text":"","ed_cta_examples_hidden":"","ed_cta_demo_text":"","ed_cta_demo_hidden":"","why_caption":"","why_editor_title":"","why_editor_text":"","why_team_title":"","why_team_text":"","why_service_title":"","why_service_text":"","template_catalog_visible":"","template_catalog_title":"","template_catalog_text":"","template_catalog_categories_visible":"","demo_title":"Cr\u00e9ez votre module de flux TikTok","demo_caption":"Configurez votre flux TikTok et ajoutez-le gratuitement \u00e0 votre site Drupal !","default_faq_hidden":"","app_template_category":[],"platform":"351","template_public_id":"","codecanyon_url":"","codecanyon_item_id":"","codecanyon_price":"","pricing_caption":"","pricing_elfsight_apps_hide_column":"","pricing_elfsight_apps_url":"","pricing_codecanyon_price_caption":"","integration_category":[],"integration_request_title":"","integration_request_cta":"","integration_platform":"","integrations":[],"platform_category":[],"video_schema_markup":"","price":"\u00e0 partir de 0$ \/ mois","trial":"","benefits":[{"text":"Aide \u00e0 l'installation gratuite"},{"text":"Service client efficace"},{"text":"Garantie de remboursement de 14 jours"},{"text":"Mises \u00e0 jour continues"}],"button_url":"","button_target_blank":"","button_nofollow":"","attributes":[{"name":"Installations","content":"10,000 - 100,000"},{"name":"Sensible","content":"Oui"},{"name":"Navigateurs compatibles","content":"Firefox, Safari, Opera, Chrome, Edge"}],"tags":[],"tags_disable_links":"","hide_more_platforms":"","video_object":"","demo_hide_cta":"","demo_hide_cloud_options":"","pricing_title":"","pricing":[{"pricing_icon":"platform","pricing_title":"Elfsight Apps","pricing_title_caption":"Version ind\u00e9pendante de la plateforme","pricing_price":"from $0 \/ month","pricing_price_caption":"commencez avec un forfait gratuit","pricing_benefits":[{"text":"Sites Web illimit\u00e9s"},{"text":"Assistance 24h\/24 et 7j\/7 et bien document\u00e9"},{"text":"Service d'installation gratuit"},{"text":"100% personnalisable"}],"pricing_button_text":"Ajouter au site Web","pricing_button_url":"#demo"}],"related_apps_title":"","related_apps_hidden":"","author":"","image":[],"title":"","job":"","social_networks":[]},"_links":{"self":[{"href":"https:\/\/elfsight.com\/fr\/wp-json\/wp\/v2\/pages\/10693","targetHints":{"allow":["GET"]}}],"collection":[{"href":"https:\/\/elfsight.com\/fr\/wp-json\/wp\/v2\/pages"}],"about":[{"href":"https:\/\/elfsight.com\/fr\/wp-json\/wp\/v2\/types\/page"}],"author":[{"embeddable":true,"href":"https:\/\/elfsight.com\/fr\/wp-json\/wp\/v2\/users\/9"}],"replies":[{"embeddable":true,"href":"https:\/\/elfsight.com\/fr\/wp-json\/wp\/v2\/comments?post=10693"}],"version-history":[{"count":1,"href":"https:\/\/elfsight.com\/fr\/wp-json\/wp\/v2\/pages\/10693\/revisions"}],"predecessor-version":[{"id":10697,"href":"https:\/\/elfsight.com\/fr\/wp-json\/wp\/v2\/pages\/10693\/revisions\/10697"}],"up":[{"embeddable":true,"href":"https:\/\/elfsight.com\/fr\/wp-json\/wp\/v2\/pages\/3303"}],"wp:attachment":[{"href":"https:\/\/elfsight.com\/fr\/wp-json\/wp\/v2\/media?parent=10693"}],"curies":[{"name":"wp","href":"https:\/\/api.w.org\/{rel}","templated":true}]}}