{"id":10691,"date":"1970-01-01T00:00:00","date_gmt":"1970-01-01T00:00:00","guid":{"rendered":"https:\/\/elfsight.com\/fr\/?page_id=10691"},"modified":"2025-07-10T13:50:41","modified_gmt":"2025-07-10T13:50:41","slug":"elementor","status":"publish","type":"page","link":"https:\/\/elfsight.com\/fr\/tiktok-feed-widget\/elementor\/","title":{"rendered":"TikTok Feed &#8211; Elementor"},"content":{"rendered":"<div class=\"application-platform-content-item-description application-platform-content-item\" id=\"description\" data-nav-section=\"description\"> <h2>Int\u00e9grer le flux TikTok sur Elementor avec le widget Elfsight<\/h2> <p>Elfsight TiKTok Feed est un widget exclusif pour Elementor pour vendre non seulement des biens, mais des \u00e9motions et des exp\u00e9riences. Avec lui, vous pouvez concevoir des flux personnalis\u00e9s compos\u00e9s du contenu de TikTok &#8211; et les afficher directement sur votre page Web. Concevez une galerie vid\u00e9o en quelques minutes ! Exercez le contr\u00f4le absolu sur un contenu r\u00e9v\u00e9l\u00e9 et supprimez le spam et tout contenu ind\u00e9sirable via une mod\u00e9ration manuelle. Le configurateur en ligne enti\u00e8rement r\u00e9actif vous propose des mod\u00e8les vari\u00e9s \u00e0 choisir. <\/p> <p><b>Rendez votre site plus efficace \u00e0 des fins commerciales avec TikTok Feed<\/b><\/p> <\/div> <div class=\"application-platform-content-item-features application-platform-content-item\" id=\"features\" data-nav-section=\"features\"> <h2>Les fonctionnalit\u00e9s fondamentales du widget incluent<\/h2> <ul><li>Masquer l&rsquo;en-t\u00eate pour donner au widget un aspect minimaliste. <\/li><li>Supprimez tout spam et contenu ind\u00e9sirable gr\u00e2ce au mode de mod\u00e9ration manuelle. <\/li><li>Installez le bouton Suivre sur le flux d&rsquo;outils. <\/li><li>Autorisez l&rsquo;affichage de vos publications dans une fen\u00eatre contextuelle. <\/li><\/ul><p><a href=\"#demo\">Vous pouvez d\u00e9couvrir toutes les fonctionnalit\u00e9s du widget dans la d\u00e9mo <\/a><\/p> <\/div> <div class=\"application-platform-content-item- installation application-platform-content-item\" id=\" installation\" data-nav-section=\" installation\"> <h2>Comment ajouter TikTok Feed \u00e0 mon site Elementor\u00a0? <\/h2> <p>Appliquez simplement les instructions ci-dessous pour ins\u00e9rer le widget. <\/p> <ol><li><b>Utilisez notre \u00e9diteur gratuit et commencez \u00e0 cr\u00e9er votre propre widget. <\/b><br> D\u00e9terminez l&rsquo;apparence et les options souhaitables du plugin et enregistrez les modifications. <\/li> <li><b>Obtenez le code personnel qui est affich\u00e9 dans le formulaire sp\u00e9cial sur les applications Elfsight. <\/b><br> Juste une fois la configuration de votre widget personnel termin\u00e9e, copiez le code exclusif dans la case qui appara\u00eet et enregistrez-le pour une utilisation ult\u00e9rieure. <\/li> <li><b>Commencez \u00e0 utiliser l&rsquo;outil sur votre site Web Elementor. <\/b><br> Placez le code enregistr\u00e9 r\u00e9cemment dans votre site Web et enregistrez les corrections. <\/li> <li><b>Fait\u00a0! L&rsquo;int\u00e9gration est pleinement r\u00e9alis\u00e9e. <\/b><br> Acc\u00e9dez \u00e0 votre page Web pour v\u00e9rifier le fonctionnement du plugin. <\/li><\/ol> <p>Sous r\u00e9serve d&rsquo;avoir des questions ou de rencontrer des difficult\u00e9s, veuillez postuler aupr\u00e8s de notre \u00e9quipe d&rsquo;assistance. Nos sp\u00e9cialistes se feront un plaisir de vous aider avec tous les probl\u00e8mes que vous pourriez rencontrer avec le widget. <\/p> <\/div><div class=\"faq\" data-component=\"FAQ\"><div class=\"faq-item\">\r\n\t\t\t\t\t<div class=\"faq-item-question\">\r\n\t\t\t\t\t\t<h3 class=\"faq-item-question-text\">Existe-t-il une option pour ajouter un flux TikTok \u00e0 mon site Elementor sans coder ?<\/h3>\r\n\r\n\t\t\t\t\t\t<div class=\"faq-item-question-icon\"><\/div>\r\n\t\t\t\t\t<\/div>\r\n\r\n\t\t\t\t\t<div class=\"faq-item-answer\">\r\n\t\t\t\t\t\t<div class=\"faq-item-answer-text\"><p>La soci\u00e9t\u00e9 Elfsight pr\u00e9sente un Solution SaaS qui permet aux utilisateurs de cr\u00e9er vous-m\u00eame un widget de flux TikTok. V\u00e9rifiez \u00e0 quel point c&rsquo;est simple\u00a0:<\/p><ul><li>Acc\u00e9dez \u00e0 l&rsquo;\u00e9diteur en ligne pour cr\u00e9er un widget de flux TikTok que vous souhaitez int\u00e9grer sur votre site Web Elementor.<\/li><li>S\u00e9lectionnez l&rsquo;un de nos mod\u00e8les pr\u00e9d\u00e9finis et modifiez les param\u00e8tres du flux TikTok, changez la mise en page et les couleurs, mettez \u00e0 jour votre contenu sans codage.<\/li><li>Enregistrez le flux TikTok et copiez le code d&rsquo;installation, cela vous pouvez facilement l&rsquo;inclure dans votre site Web Elementor sans avoir besoin d&rsquo;acheter une version payante.<\/li><\/ul><p>En travaillant dans notre configurateur convivial, chaque internaute peut g\u00e9n\u00e9rer un flux TikTok et l&rsquo;inclure sur son site Elementor. Il n&rsquo;est pas n\u00e9cessaire de payer ni de saisir les informations d&rsquo;identification de votre carte pour acc\u00e9der \u00e0 notre \u00e9diteur. Si vous rencontrez des probl\u00e8mes de quelque nature que ce soit, n&rsquo;h\u00e9sitez pas \u00e0 contacter notre \u00e9quipe d&rsquo;assistance.<\/p><\/div>\r\n\t\t\t\t\t<\/div>\r\n\t\t\t\t<\/div><\/div>","protected":false},"excerpt":{"rendered":"","protected":false},"author":9,"featured_media":0,"parent":3303,"menu_order":0,"comment_status":"closed","ping_status":"closed","template":"templates\/template-application-platform.php","meta":{"publish_to_discourse":"","publish_post_category":"","wpdc_auto_publish_overridden":"","wpdc_topic_tags":"","wpdc_pin_topic":"","wpdc_pin_until":"","discourse_post_id":"","discourse_permalink":"","wpdc_publishing_response":"","wpdc_publishing_error":"","footnotes":""},"class_list":["post-10691","page","type-page","status-publish","hentry"],"yoast_head":"<!-- This site is optimized with the Yoast SEO plugin v25.3.1 - https:\/\/yoast.com\/wordpress\/plugins\/seo\/ -->\n<title>Ajoutez le widget TikTok Feed au site Web Elementor (rapide et gratuit)<\/title>\n<meta name=\"description\" content=\"Int\u00e9grez un widget Elementor TikTok Feed adapt\u00e9 aux mobiles sur votre site Web. Utilisez la d\u00e9mo pratique d&#039;Elfsight et cr\u00e9ez votre superbe extension TikTok\u00a0!\" \/>\n<meta name=\"robots\" content=\"index, follow, max-snippet:-1, max-image-preview:large, max-video-preview:-1\" \/>\n<link rel=\"canonical\" href=\"https:\/\/elfsight.com\/fr\/tiktok-feed-widget\/elementor\/\" \/>\n<meta property=\"og:locale\" content=\"fr_FR\" \/>\n<meta property=\"og:type\" content=\"article\" \/>\n<meta property=\"og:title\" content=\"Ajoutez le widget TikTok Feed au site Web Elementor (rapide et gratuit)\" \/>\n<meta property=\"og:description\" content=\"Int\u00e9grez un widget Elementor TikTok Feed adapt\u00e9 aux mobiles sur votre site Web. Utilisez la d\u00e9mo pratique d&#039;Elfsight et cr\u00e9ez votre superbe extension TikTok\u00a0!\" \/>\n<meta property=\"og:url\" content=\"https:\/\/elfsight.com\/fr\/tiktok-feed-widget\/elementor\/\" \/>\n<meta property=\"og:site_name\" content=\"Elfsight FR\" \/>\n<meta property=\"article:modified_time\" content=\"2025-07-10T13:50:41+00:00\" \/>\n<meta name=\"twitter:card\" content=\"summary_large_image\" \/>\n<meta name=\"twitter:label1\" content=\"Dur\u00e9e de lecture estim\u00e9e\" \/>\n\t<meta name=\"twitter:data1\" content=\"3 minutes\" \/>\n<!-- \/ Yoast SEO plugin. -->","yoast_head_json":{"title":"Ajoutez le widget TikTok Feed au site Web Elementor (rapide et gratuit)","description":"Int\u00e9grez un widget Elementor TikTok Feed adapt\u00e9 aux mobiles sur votre site Web. Utilisez la d\u00e9mo pratique d'Elfsight et cr\u00e9ez votre superbe extension TikTok\u00a0!","robots":{"index":"index","follow":"follow","max-snippet":"max-snippet:-1","max-image-preview":"max-image-preview:large","max-video-preview":"max-video-preview:-1"},"canonical":"https:\/\/elfsight.com\/fr\/tiktok-feed-widget\/elementor\/","og_locale":"fr_FR","og_type":"article","og_title":"Ajoutez le widget TikTok Feed au site Web Elementor (rapide et gratuit)","og_description":"Int\u00e9grez un widget Elementor TikTok Feed adapt\u00e9 aux mobiles sur votre site Web. Utilisez la d\u00e9mo pratique d'Elfsight et cr\u00e9ez votre superbe extension TikTok\u00a0!","og_url":"https:\/\/elfsight.com\/fr\/tiktok-feed-widget\/elementor\/","og_site_name":"Elfsight FR","article_modified_time":"2025-07-10T13:50:41+00:00","twitter_card":"summary_large_image","twitter_misc":{"Dur\u00e9e de lecture estim\u00e9e":"3 minutes"},"schema":{"@context":"https:\/\/schema.org","@graph":[{"@type":"WebPage","@id":"https:\/\/elfsight.com\/fr\/tiktok-feed-widget\/elementor\/","url":"https:\/\/elfsight.com\/fr\/tiktok-feed-widget\/elementor\/","name":"Ajoutez le widget TikTok Feed au site Web Elementor (rapide et gratuit)","isPartOf":{"@id":"https:\/\/elfsight.com\/fr\/#website"},"datePublished":"1970-01-01T00:00:00+00:00","dateModified":"2025-07-10T13:50:41+00:00","description":"Int\u00e9grez un widget Elementor TikTok Feed adapt\u00e9 aux mobiles sur votre site Web. Utilisez la d\u00e9mo pratique d'Elfsight et cr\u00e9ez votre superbe extension TikTok\u00a0!","breadcrumb":{"@id":"https:\/\/elfsight.com\/fr\/tiktok-feed-widget\/elementor\/#breadcrumb"},"inLanguage":"fr-FR","potentialAction":[{"@type":"ReadAction","target":["https:\/\/elfsight.com\/fr\/tiktok-feed-widget\/elementor\/"]}]},{"@type":"BreadcrumbList","@id":"https:\/\/elfsight.com\/fr\/tiktok-feed-widget\/elementor\/#breadcrumb","itemListElement":[{"@type":"ListItem","position":1,"name":"Home","item":"https:\/\/elfsight.com\/fr\/"},{"@type":"ListItem","position":2,"name":"TikTok Feed","item":"https:\/\/elfsight.com\/fr\/tiktok-feed-widget\/"},{"@type":"ListItem","position":3,"name":"TikTok Feed &#8211; Elementor"}]},{"@type":"WebSite","@id":"https:\/\/elfsight.com\/fr\/#website","url":"https:\/\/elfsight.com\/fr\/","name":"Elfsight FR","description":"","potentialAction":[{"@type":"SearchAction","target":{"@type":"EntryPoint","urlTemplate":"https:\/\/elfsight.com\/fr\/?s={search_term_string}"},"query-input":{"@type":"PropertyValueSpecification","valueRequired":true,"valueName":"search_term_string"}}],"inLanguage":"fr-FR"}]}},"meta_box":{"industry":"","seo_heading":"","heading":"","description":"","cta_heading":"","cta_description":"","application":"3302","h1":"Widget de flux Elementor TikTok","h1_caption":"Pr\u00e9sentez les vid\u00e9os TikTok tendances par hashtag ou par compte, en ajoutant sans effort du contenu dynamique et engageant \u00e0 votre site Web sur votre site Web Elementor.","application_category":[],"applications_title":"","applications_request_title":"","applications_request_button_text":"","hero_text":"","hero_video":"","hero_video_schema_markup":"","selling_points_title":"","selling_points_caption":"","selling_points":[],"selling_points_cta_text":"","features_title":"","features":"","ed_cta_examples_text":"","ed_cta_examples_hidden":"","ed_cta_demo_text":"","ed_cta_demo_hidden":"","why_caption":"","why_editor_title":"","why_editor_text":"","why_team_title":"","why_team_text":"","why_service_title":"","why_service_text":"","template_catalog_visible":"","template_catalog_title":"","template_catalog_text":"","template_catalog_categories_visible":"","demo_title":"Cr\u00e9ez votre widget Flux TikTok","demo_caption":"Configurez votre flux TikTok et ajoutez-le gratuitement \u00e0 votre site Web Elementor\u00a0!","default_faq_hidden":"","app_template_category":[],"platform":"385","template_public_id":"","codecanyon_url":"","codecanyon_item_id":"","codecanyon_price":"","pricing_caption":"","pricing_elfsight_apps_hide_column":"","pricing_elfsight_apps_url":"","pricing_codecanyon_price_caption":"","integration_category":[],"integration_request_title":"","integration_request_cta":"","integration_platform":"","integrations":[],"platform_category":[],"video_schema_markup":"","price":"\u00e0 partir de 0$ \/ mois","trial":"","benefits":[{"text":"Assistance \u00e0 l'installation gratuite"},{"text":"Service client efficace"},{"text":"Garantie de remboursement de 14 jours"},{"text":"Mises \u00e0 jour continues"}],"button_url":"","button_target_blank":"","button_nofollow":"","attributes":[{"name":"Installations","content":"10,000 - 100,000"},{"name":"Sensible","content":"Oui"},{"name":"Navigateurs compatibles","content":"Firefox, Safari, Opera, Chrome, Edge"}],"tags":[],"tags_disable_links":"","hide_more_platforms":"","video_object":"","demo_hide_cta":"","demo_hide_cloud_options":"","pricing_title":"","pricing":[{"pricing_icon":"platform","pricing_title":"Elfsight Apps","pricing_title_caption":"Logiciel multiplateforme qui fonctionne sur n'importe quel site Web","pricing_price":"from $0 \/ month","pricing_price_caption":"commencez avec un forfait gratuit","pricing_benefits":[{"text":"Domaines illimit\u00e9s"},{"text":"Assistance 24h\/24 et 7j\/7 et bien document\u00e9"},{"text":"Aide \u00e0 l'installation gratuite"},{"text":"Conception flexible"}],"pricing_button_text":"Ajouter au site Web","pricing_button_url":"#demo"}],"related_apps_title":"","related_apps_hidden":"","author":"","image":[],"title":"","job":"","social_networks":[]},"_links":{"self":[{"href":"https:\/\/elfsight.com\/fr\/wp-json\/wp\/v2\/pages\/10691","targetHints":{"allow":["GET"]}}],"collection":[{"href":"https:\/\/elfsight.com\/fr\/wp-json\/wp\/v2\/pages"}],"about":[{"href":"https:\/\/elfsight.com\/fr\/wp-json\/wp\/v2\/types\/page"}],"author":[{"embeddable":true,"href":"https:\/\/elfsight.com\/fr\/wp-json\/wp\/v2\/users\/9"}],"replies":[{"embeddable":true,"href":"https:\/\/elfsight.com\/fr\/wp-json\/wp\/v2\/comments?post=10691"}],"version-history":[{"count":1,"href":"https:\/\/elfsight.com\/fr\/wp-json\/wp\/v2\/pages\/10691\/revisions"}],"predecessor-version":[{"id":10695,"href":"https:\/\/elfsight.com\/fr\/wp-json\/wp\/v2\/pages\/10691\/revisions\/10695"}],"up":[{"embeddable":true,"href":"https:\/\/elfsight.com\/fr\/wp-json\/wp\/v2\/pages\/3303"}],"wp:attachment":[{"href":"https:\/\/elfsight.com\/fr\/wp-json\/wp\/v2\/media?parent=10691"}],"curies":[{"name":"wp","href":"https:\/\/api.w.org\/{rel}","templated":true}]}}