{"id":10683,"date":"1970-01-01T00:00:00","date_gmt":"1970-01-01T00:00:00","guid":{"rendered":"https:\/\/elfsight.com\/fr\/?page_id=10683"},"modified":"2025-07-10T13:51:17","modified_gmt":"2025-07-10T13:51:17","slug":"iframe","status":"publish","type":"page","link":"https:\/\/elfsight.com\/fr\/tiktok-feed-widget\/iframe\/","title":{"rendered":"TikTok Feed &#8211; iFrame"},"content":{"rendered":"<div class=\"application-platform-content-item-description application-platform-content-item\" id=\"description\" data-nav-section=\"description\"> <h2>Int\u00e9grer le flux TikTok sur iFrame avec le widget Elfsight<\/h2> <p>Elfsight TiKTok Feed pour iFrame est un widget unique pour le marketing non seulement des choses, mais des \u00e9motions et des exp\u00e9riences. En l&rsquo;utilisant, vous pouvez cr\u00e9er un flux personnalis\u00e9 \u00e0 partir du contenu de TikTok &#8211; et le pr\u00e9senter directement sur votre site Internet. Cr\u00e9ez une galerie vid\u00e9o en quelques minutes\u00a0! Exercez un contr\u00f4le absolu sur un contenu r\u00e9v\u00e9l\u00e9 et \u00e9liminez le spam et tout contenu ind\u00e9sirable gr\u00e2ce \u00e0 la mod\u00e9ration manuelle. Le configurateur en ligne enti\u00e8rement r\u00e9actif vous propose de nombreux mod\u00e8les parmi lesquels choisir. <\/p> <p><b>Rendez votre site plus efficace pour atteindre vos objectifs commerciaux \u00e0 l&rsquo;aide du flux TikTok<\/b><\/p> <\/div> <div class=\"application-platform-content-item-features application-platform-content-item\" id=\"features\" data-nav-section=\"features\"> <h2>Ce ne sont que plusieurs des puissantes fonctionnalit\u00e9s du widget\u00a0: <\/h2> <ul><li>Couvrez l&rsquo;en-t\u00eate pour donner \u00e0 votre widget un aspect minimaliste. <\/li><li>D\u00e9barrassez-vous de tout spam et contenu ind\u00e9sirable en appliquant le mode de mod\u00e9ration manuelle. <\/li><li>Installez le bouton Suivre sur le flux d&rsquo;outils. <\/li><li>Faites en sorte que vos messages soient affich\u00e9s dans une fen\u00eatre contextuelle. <\/li><\/ul><p><a href=\"#demo\">Essayez toutes les options de personnalisation dans une d\u00e9mo enti\u00e8rement fonctionnelle<\/a><\/p> <\/div> <div class=\"application-platform-content-item-installation application-platform-content-item\" id=\"installation\" data-nav-section=\"installation\"> <h2>Comment int\u00e9grer le flux TikTok dans mon site Web iFrame\u00a0? <\/h2> <p>Suivez simplement les \u00e9tapes ci-dessous pour commencer \u00e0 utiliser le widget. <\/p> <ol><li><b>Utilisez notre \u00e9diteur gratuit et commencez \u00e0 fa\u00e7onner votre widget personnalis\u00e9. <\/b><br> D\u00e9terminez la forme et les sp\u00e9cifications pr\u00e9f\u00e9r\u00e9es de l&rsquo;outil et enregistrez les modifications. <\/li> <li><b>Copiez le code unique expos\u00e9 dans la case sur les applications Elfsight. <\/b><br> Juste apr\u00e8s la cr\u00e9ation de votre widget, copiez le code exclusif dans la fen\u00eatre qui appara\u00eet et enregistrez-le pour vos besoins futurs. <\/li> <li><b>Initiez l&rsquo;utilisation de l&rsquo;outil sur votre site Web iFrame. <\/b><br> Ajoutez le code que vous avez copi\u00e9 r\u00e9cemment sur votre site Web et enregistrez les modifications. <\/li> <li><b>L&rsquo;installation est termin\u00e9e avec succ\u00e8s. <\/b><br> Acc\u00e9dez \u00e0 votre page pour v\u00e9rifier le fonctionnement de l&rsquo;outil. <\/li><\/ol> <p>\u00c0 condition de vous poser des questions ou de rencontrer des difficult\u00e9s, n&rsquo;h\u00e9sitez pas \u00e0 postuler aupr\u00e8s de notre service client. Nos consultants se feront un plaisir de r\u00e9soudre tous les probl\u00e8mes que vous pourriez rencontrer avec le produit. <\/p> <\/div><div class=\"faq\" data-component=\"FAQ\"><div class=\"faq-item\">\r\n\t\t\t\t\t<div class=\"faq-item-question\">\r\n\t\t\t\t\t\t<h3 class=\"faq-item-question-text\">Existe-t-il un moyen d'ajouter le flux TikTok \u00e0 mon site iFrame sans connaissances en codage ?<\/h3>\r\n\r\n\t\t\t\t\t\t<div class=\"faq-item-question-icon\"><\/div>\r\n\t\t\t\t\t<\/div>\r\n\r\n\t\t\t\t\t<div class=\"faq-item-answer\">\r\n\t\t\t\t\t\t<div class=\"faq-item-answer-text\"><p>La soci\u00e9t\u00e9 Elfsight offre une solution qui permet aux utilisateurs de cr\u00e9er vous-m\u00eame une section de flux TikTok, d\u00e9couvrez les instructions simples\u00a0:<\/p><ul><li>Commencez \u00e0 travailler dans l&rsquo;\u00e9diteur en ligne pour cr\u00e9er une section de flux TikTok que vous souhaitez voir appara\u00eetre sur la page Web iFrame.<\/li><li>S\u00e9lectionnez l&rsquo;un des nombreux mod\u00e8les pr\u00e9d\u00e9finis et modifiez les param\u00e8tres du flux TikTok, incluez votre contenu, modifiez la mise en page et les couleurs sans exp\u00e9rience de codage.<\/li><li>Enregistrez le flux TikTok et obtenez le code pour l&rsquo;installation, qui peut \u00eatre facilement ajout\u00e9 \u00e0 votre page Web iFrame sans acheter de version payante.<\/li><\/ul><p>Gr\u00e2ce \u00e0 notre configurateur facile \u00e0 utiliser, tout internaute peut g\u00e9n\u00e9rer un flux TikTok en ligne et l&rsquo;int\u00e9grer facilement \u00e0 n&rsquo;importe quel iFrame. site. Il n&rsquo;est pas n\u00e9cessaire de payer ou de soumettre les donn\u00e9es de votre carte pour acc\u00e9der \u00e0 l&rsquo;\u00e9diteur. Si vous rencontrez des probl\u00e8mes de quelque nature que ce soit, n&rsquo;h\u00e9sitez pas \u00e0 parler \u00e0 notre service client.<\/p><\/div>\r\n\t\t\t\t\t<\/div>\r\n\t\t\t\t<\/div><\/div>","protected":false},"excerpt":{"rendered":"","protected":false},"author":9,"featured_media":0,"parent":3303,"menu_order":0,"comment_status":"closed","ping_status":"closed","template":"templates\/template-application-platform.php","meta":{"publish_to_discourse":"","publish_post_category":"","wpdc_auto_publish_overridden":"","wpdc_topic_tags":"","wpdc_pin_topic":"","wpdc_pin_until":"","discourse_post_id":"","discourse_permalink":"","wpdc_publishing_response":"","wpdc_publishing_error":"","footnotes":""},"class_list":["post-10683","page","type-page","status-publish","hentry"],"yoast_head":"<!-- This site is optimized with the Yoast SEO plugin v25.3.1 - https:\/\/yoast.com\/wordpress\/plugins\/seo\/ -->\n<title>Ajoutez le widget TikTok Feed au site Web iFrame (rapide et gratuit)<\/title>\n<meta name=\"description\" content=\"Ajoutez un widget iFrame TikTok Feed adapt\u00e9 aux mobiles sur votre site Web. Essayez la d\u00e9mo pratique d&#039;Elfsight et g\u00e9n\u00e9rez votre widget TikTok unique.\" \/>\n<meta name=\"robots\" content=\"index, follow, max-snippet:-1, max-image-preview:large, max-video-preview:-1\" \/>\n<link rel=\"canonical\" href=\"https:\/\/elfsight.com\/fr\/tiktok-feed-widget\/iframe\/\" \/>\n<meta property=\"og:locale\" content=\"fr_FR\" \/>\n<meta property=\"og:type\" content=\"article\" \/>\n<meta property=\"og:title\" content=\"Ajoutez le widget TikTok Feed au site Web iFrame (rapide et gratuit)\" \/>\n<meta property=\"og:description\" content=\"Ajoutez un widget iFrame TikTok Feed adapt\u00e9 aux mobiles sur votre site Web. Essayez la d\u00e9mo pratique d&#039;Elfsight et g\u00e9n\u00e9rez votre widget TikTok unique.\" \/>\n<meta property=\"og:url\" content=\"https:\/\/elfsight.com\/fr\/tiktok-feed-widget\/iframe\/\" \/>\n<meta property=\"og:site_name\" content=\"Elfsight FR\" \/>\n<meta property=\"article:modified_time\" content=\"2025-07-10T13:51:17+00:00\" \/>\n<meta name=\"twitter:card\" content=\"summary_large_image\" \/>\n<meta name=\"twitter:label1\" content=\"Dur\u00e9e de lecture estim\u00e9e\" \/>\n\t<meta name=\"twitter:data1\" content=\"3 minutes\" \/>\n<!-- \/ Yoast SEO plugin. -->","yoast_head_json":{"title":"Ajoutez le widget TikTok Feed au site Web iFrame (rapide et gratuit)","description":"Ajoutez un widget iFrame TikTok Feed adapt\u00e9 aux mobiles sur votre site Web. Essayez la d\u00e9mo pratique d'Elfsight et g\u00e9n\u00e9rez votre widget TikTok unique.","robots":{"index":"index","follow":"follow","max-snippet":"max-snippet:-1","max-image-preview":"max-image-preview:large","max-video-preview":"max-video-preview:-1"},"canonical":"https:\/\/elfsight.com\/fr\/tiktok-feed-widget\/iframe\/","og_locale":"fr_FR","og_type":"article","og_title":"Ajoutez le widget TikTok Feed au site Web iFrame (rapide et gratuit)","og_description":"Ajoutez un widget iFrame TikTok Feed adapt\u00e9 aux mobiles sur votre site Web. Essayez la d\u00e9mo pratique d'Elfsight et g\u00e9n\u00e9rez votre widget TikTok unique.","og_url":"https:\/\/elfsight.com\/fr\/tiktok-feed-widget\/iframe\/","og_site_name":"Elfsight FR","article_modified_time":"2025-07-10T13:51:17+00:00","twitter_card":"summary_large_image","twitter_misc":{"Dur\u00e9e de lecture estim\u00e9e":"3 minutes"},"schema":{"@context":"https:\/\/schema.org","@graph":[{"@type":"WebPage","@id":"https:\/\/elfsight.com\/fr\/tiktok-feed-widget\/iframe\/","url":"https:\/\/elfsight.com\/fr\/tiktok-feed-widget\/iframe\/","name":"Ajoutez le widget TikTok Feed au site Web iFrame (rapide et gratuit)","isPartOf":{"@id":"https:\/\/elfsight.com\/fr\/#website"},"datePublished":"1970-01-01T00:00:00+00:00","dateModified":"2025-07-10T13:51:17+00:00","description":"Ajoutez un widget iFrame TikTok Feed adapt\u00e9 aux mobiles sur votre site Web. Essayez la d\u00e9mo pratique d'Elfsight et g\u00e9n\u00e9rez votre widget TikTok unique.","breadcrumb":{"@id":"https:\/\/elfsight.com\/fr\/tiktok-feed-widget\/iframe\/#breadcrumb"},"inLanguage":"fr-FR","potentialAction":[{"@type":"ReadAction","target":["https:\/\/elfsight.com\/fr\/tiktok-feed-widget\/iframe\/"]}]},{"@type":"BreadcrumbList","@id":"https:\/\/elfsight.com\/fr\/tiktok-feed-widget\/iframe\/#breadcrumb","itemListElement":[{"@type":"ListItem","position":1,"name":"Home","item":"https:\/\/elfsight.com\/fr\/"},{"@type":"ListItem","position":2,"name":"TikTok Feed","item":"https:\/\/elfsight.com\/fr\/tiktok-feed-widget\/"},{"@type":"ListItem","position":3,"name":"TikTok Feed &#8211; iFrame"}]},{"@type":"WebSite","@id":"https:\/\/elfsight.com\/fr\/#website","url":"https:\/\/elfsight.com\/fr\/","name":"Elfsight FR","description":"","potentialAction":[{"@type":"SearchAction","target":{"@type":"EntryPoint","urlTemplate":"https:\/\/elfsight.com\/fr\/?s={search_term_string}"},"query-input":{"@type":"PropertyValueSpecification","valueRequired":true,"valueName":"search_term_string"}}],"inLanguage":"fr-FR"}]}},"meta_box":{"industry":"","seo_heading":"","heading":"","description":"","cta_heading":"","cta_description":"","application":"3302","h1":"Widget de flux iFrame TikTok","h1_caption":"Pr\u00e9sentez les vid\u00e9os TikTok tendances par hashtag ou par compte, en ajoutant sans effort du contenu dynamique et engageant \u00e0 votre site Web sur votre site Web iFrame.","application_category":[],"applications_title":"","applications_request_title":"","applications_request_button_text":"","hero_text":"","hero_video":"","hero_video_schema_markup":"","selling_points_title":"","selling_points_caption":"","selling_points":[],"selling_points_cta_text":"","features_title":"","features":"","ed_cta_examples_text":"","ed_cta_examples_hidden":"","ed_cta_demo_text":"","ed_cta_demo_hidden":"","why_caption":"","why_editor_title":"","why_editor_text":"","why_team_title":"","why_team_text":"","why_service_title":"","why_service_text":"","template_catalog_visible":"","template_catalog_title":"","template_catalog_text":"","template_catalog_categories_visible":"","demo_title":"Cr\u00e9ez votre widget Flux TikTok","demo_caption":"Configurez votre flux TikTok et ajoutez-le gratuitement \u00e0 votre site Web iFrame\u00a0!","default_faq_hidden":"","app_template_category":[],"platform":"371","template_public_id":"","codecanyon_url":"","codecanyon_item_id":"","codecanyon_price":"","pricing_caption":"","pricing_elfsight_apps_hide_column":"","pricing_elfsight_apps_url":"","pricing_codecanyon_price_caption":"","integration_category":[],"integration_request_title":"","integration_request_cta":"","integration_platform":"","integrations":[],"platform_category":[],"video_schema_markup":"","price":"\u00e0 partir de 0$ \/ mois","trial":"","benefits":[{"text":"Assistance \u00e0 l'installation gratuite"},{"text":"Service client comp\u00e9tent"},{"text":"Garantie de remboursement de 14 jours"},{"text":"Futures am\u00e9liorations gratuites"}],"button_url":"","button_target_blank":"","button_nofollow":"","attributes":[{"name":"Installations","content":"10,000 - 100,000"},{"name":"Sensible","content":"Oui"},{"name":"Navigateurs compatibles","content":"Firefox, Safari, Opera, Chrome, Edge"}],"tags":[],"tags_disable_links":"","hide_more_platforms":"","video_object":"","demo_hide_cta":"","demo_hide_cloud_options":"","pricing_title":"","pricing":[{"pricing_icon":"platform","pricing_title":"Elfsight Apps","pricing_title_caption":"Solution num\u00e9rique ind\u00e9pendante de la plateforme qui convient \u00e0 n'importe quel site Web","pricing_price":"from $0 \/ month","pricing_price_caption":"commencez avec un forfait gratuit","pricing_benefits":[{"text":"Domaines illimit\u00e9s"},{"text":"Support gratuit et bien document\u00e9"},{"text":"Service d'installation gratuit"},{"text":"100% personnalisable"}],"pricing_button_text":"Ajouter au site Web","pricing_button_url":"#demo"}],"related_apps_title":"","related_apps_hidden":"","author":"","image":[],"title":"","job":"","social_networks":[]},"_links":{"self":[{"href":"https:\/\/elfsight.com\/fr\/wp-json\/wp\/v2\/pages\/10683","targetHints":{"allow":["GET"]}}],"collection":[{"href":"https:\/\/elfsight.com\/fr\/wp-json\/wp\/v2\/pages"}],"about":[{"href":"https:\/\/elfsight.com\/fr\/wp-json\/wp\/v2\/types\/page"}],"author":[{"embeddable":true,"href":"https:\/\/elfsight.com\/fr\/wp-json\/wp\/v2\/users\/9"}],"replies":[{"embeddable":true,"href":"https:\/\/elfsight.com\/fr\/wp-json\/wp\/v2\/comments?post=10683"}],"version-history":[{"count":1,"href":"https:\/\/elfsight.com\/fr\/wp-json\/wp\/v2\/pages\/10683\/revisions"}],"predecessor-version":[{"id":10687,"href":"https:\/\/elfsight.com\/fr\/wp-json\/wp\/v2\/pages\/10683\/revisions\/10687"}],"up":[{"embeddable":true,"href":"https:\/\/elfsight.com\/fr\/wp-json\/wp\/v2\/pages\/3303"}],"wp:attachment":[{"href":"https:\/\/elfsight.com\/fr\/wp-json\/wp\/v2\/media?parent=10683"}],"curies":[{"name":"wp","href":"https:\/\/api.w.org\/{rel}","templated":true}]}}