{"id":10675,"date":"1970-01-01T00:00:00","date_gmt":"1970-01-01T00:00:00","guid":{"rendered":"https:\/\/elfsight.com\/fr\/?page_id=10675"},"modified":"2025-07-10T13:52:04","modified_gmt":"2025-07-10T13:52:04","slug":"opencart","status":"publish","type":"page","link":"https:\/\/elfsight.com\/fr\/tiktok-feed-widget\/opencart\/","title":{"rendered":"TikTok Feed &#8211; OpenCart"},"content":{"rendered":"<div class=\"application-platform-content-item-description application-platform-content-item\" id=\"description\" data-nav-section=\"description\"> <h2>Description<\/h2> <p>Elfsight TiKTok Feed pour OpenCart est une extension sp\u00e9ciale pour promouvoir non seulement des biens, mais aussi des \u00e9motions et des exp\u00e9riences. Avec lui, vous pouvez concevoir un flux individuel de votre contenu de TikTok &#8211; et le pr\u00e9senter directement sur votre site Internet. Cr\u00e9ez une galerie vid\u00e9o en 1-2-3\u00a0! Profitez d&rsquo;un contr\u00f4le total sur un contenu r\u00e9v\u00e9l\u00e9 et supprimez le spam et tout contenu ind\u00e9sirable gr\u00e2ce \u00e0 la mod\u00e9ration manuelle. Le configurateur en ligne enti\u00e8rement r\u00e9actif vous propose plusieurs mod\u00e8les \u00e0 s\u00e9lectionner. <\/p> <p><b>Ins\u00e9rez le flux TikTok pour relever vos d\u00e9fis commerciaux plus efficacement\u00a0! <\/b><\/p> <\/div> <div class=\"application-platform-content-item-features application-platform-content-item\" id=\"features\" data-nav-section=\"features\"> <h2>Voici quelques-unes des fonctionnalit\u00e9s de l&rsquo;extension \u00e9tendue\u00a0: <\/h2> <ul><li>Couvrez l&rsquo;en-t\u00eate pour cr\u00e9er votre outil avoir l&rsquo;air minimaliste. <\/li><li>\u00c9liminez tout spam et tout contenu r\u00e9ticent en appliquant une mod\u00e9ration manuelle. <\/li><li>D\u00e9finissez le bouton Suivre sur le flux de l&rsquo;extension. <\/li><li>Faites en sorte que vos publications soient affich\u00e9es en mode pop-up. <\/li><\/ul><p><a href=\"#demo\">Essayez simplement cette d\u00e9mo pour voir comment cela fonctionne<\/a><\/p> <\/div> <div class=\"application-platform-content-item-installation application-platform-content-item\" id=\"installation\" data-nav-section=\"installation\"> <h2>Comment int\u00e9grer le flux TikTok \u00e0 mon site Web OpenCart ? <\/h2> <p>Appliquez simplement les instructions ci-dessous pour commencer \u00e0 utiliser l&rsquo;extension. <\/p> <ol><li><b>Utilisez notre \u00e9diteur gratuit et commencez \u00e0 cr\u00e9er votre extension personnalis\u00e9e. <\/b><br> Sp\u00e9cifiez l&rsquo;interface et les aspects pr\u00e9f\u00e9rables du widget et enregistrez les corrections. <\/li> <li><b>Recevez votre code unique r\u00e9v\u00e9l\u00e9 dans la bo\u00eete sur Elfsight Apps. <\/b><br> Juste apr\u00e8s la cr\u00e9ation de votre outil personnel, copiez le code individuel de la case qui appara\u00eet et conservez-le pour une utilisation ult\u00e9rieure. <\/li> <li><b>Initiez l&rsquo;utilisation de l&rsquo;outil sur votre page d&rsquo;accueil OpenCart. <\/b><br> Impl\u00e9mentez le code enregistr\u00e9 r\u00e9cemment dans votre site Web et appliquez les corrections. <\/li> <li><b>Fait\u00a0! La configuration est effectu\u00e9e avec succ\u00e8s. <\/b><br> Acc\u00e9dez \u00e0 votre site pour v\u00e9rifier les performances de l&rsquo;outil. <\/li><\/ol> <p>\u00c0 condition de faire face \u00e0 des demandes de renseignements ou de faire face \u00e0 certaines difficult\u00e9s, n&rsquo;h\u00e9sitez pas \u00e0 contacter notre service client. Nos sp\u00e9cialistes sont d\u00e9sireux de r\u00e9soudre toutes les difficult\u00e9s que vous pourriez rencontrer avec l&rsquo;outil. <\/p> <\/div><div class=\"faq\" data-component=\"FAQ\"><div class=\"faq-item\">\r\n\t\t\t\t\t<div class=\"faq-item-question\">\r\n\t\t\t\t\t\t<h3 class=\"faq-item-question-text\">De quelle mani\u00e8re puis-je ajouter TikTok Feed \u00e0 mon site OpenCart sans coder ?<\/h3>\r\n\r\n\t\t\t\t\t\t<div class=\"faq-item-question-icon\"><\/div>\r\n\t\t\t\t\t<\/div>\r\n\r\n\t\t\t\t\t<div class=\"faq-item-answer\">\r\n\t\t\t\t\t\t<div class=\"faq-item-answer-text\"><p>La soci\u00e9t\u00e9 Elfsight propose un Solution cloud qui permet aux utilisateurs de g\u00e9n\u00e9rer vous-m\u00eame une section de flux TikTok, d\u00e9couvrez le guide simple\u00a0:<\/p><ul><li>Travailler directement dans la d\u00e9mo en direct pour cr\u00e9er une section de flux TikTok que vous souhaitez inclure sur la page Web OpenCart.<\/li><li>Cliquez sur l&rsquo;un des mod\u00e8les pr\u00e9d\u00e9finis et adaptez les param\u00e8tres du flux TikTok, changez la mise en page et les couleurs, ajoutez votre contenu sans comp\u00e9tences en codage.<\/li><li>Enregistrez les param\u00e8tres que vous avez d\u00e9finis dans TikTok Feed et obtenez le code du plugin \u00e0 int\u00e9grer, qui peut \u00eatre facilement int\u00e9gr\u00e9 \u00e0 votre site Web OpenCart sans acheter de forfait payant.<\/li><\/ul><p>En travaillant dans notre configurateur facile \u00e0 utiliser, tout utilisateur Web peut cr\u00e9er TikTok Alimentez l&rsquo;application en ligne et incluez-la facilement sur n&rsquo;importe quel site Web OpenCart. Vous ne devez pas souscrire \u00e0 un forfait payant ni divulguer les donn\u00e9es de votre carte pour acc\u00e9der au service. Si vous rencontrez des obstacles \u00e0 une \u00e9tape quelconque, n&rsquo;h\u00e9sitez pas \u00e0 contacter notre service client.<\/p><\/div>\r\n\t\t\t\t\t<\/div>\r\n\t\t\t\t<\/div><\/div>","protected":false},"excerpt":{"rendered":"","protected":false},"author":9,"featured_media":0,"parent":3303,"menu_order":0,"comment_status":"closed","ping_status":"closed","template":"templates\/template-application-platform.php","meta":{"publish_to_discourse":"","publish_post_category":"","wpdc_auto_publish_overridden":"","wpdc_topic_tags":"","wpdc_pin_topic":"","wpdc_pin_until":"","discourse_post_id":"","discourse_permalink":"","wpdc_publishing_response":"","wpdc_publishing_error":"","footnotes":""},"class_list":["post-10675","page","type-page","status-publish","hentry"],"yoast_head":"<!-- This site is optimized with the Yoast SEO plugin v25.3.1 - https:\/\/yoast.com\/wordpress\/plugins\/seo\/ -->\n<title>Ajoutez l&#039;extension TikTok Feed au site Web OpenCart (rapide et gratuit)<\/title>\n<meta name=\"description\" content=\"Ajoutez une extension conviviale OpenCart TikTok Feed sur votre site Web. Utilisez la d\u00e9mo pratique d&#039;Elfsight et cr\u00e9ez votre magnifique widget TikTok.\" \/>\n<meta name=\"robots\" content=\"index, follow, max-snippet:-1, max-image-preview:large, max-video-preview:-1\" \/>\n<link rel=\"canonical\" href=\"https:\/\/elfsight.com\/fr\/tiktok-feed-widget\/opencart\/\" \/>\n<meta property=\"og:locale\" content=\"fr_FR\" \/>\n<meta property=\"og:type\" content=\"article\" \/>\n<meta property=\"og:title\" content=\"Ajoutez l&#039;extension TikTok Feed au site Web OpenCart (rapide et gratuit)\" \/>\n<meta property=\"og:description\" content=\"Ajoutez une extension conviviale OpenCart TikTok Feed sur votre site Web. Utilisez la d\u00e9mo pratique d&#039;Elfsight et cr\u00e9ez votre magnifique widget TikTok.\" \/>\n<meta property=\"og:url\" content=\"https:\/\/elfsight.com\/fr\/tiktok-feed-widget\/opencart\/\" \/>\n<meta property=\"og:site_name\" content=\"Elfsight FR\" \/>\n<meta property=\"article:modified_time\" content=\"2025-07-10T13:52:04+00:00\" \/>\n<meta name=\"twitter:card\" content=\"summary_large_image\" \/>\n<meta name=\"twitter:label1\" content=\"Dur\u00e9e de lecture estim\u00e9e\" \/>\n\t<meta name=\"twitter:data1\" content=\"3 minutes\" \/>\n<!-- \/ Yoast SEO plugin. -->","yoast_head_json":{"title":"Ajoutez l'extension TikTok Feed au site Web OpenCart (rapide et gratuit)","description":"Ajoutez une extension conviviale OpenCart TikTok Feed sur votre site Web. Utilisez la d\u00e9mo pratique d'Elfsight et cr\u00e9ez votre magnifique widget TikTok.","robots":{"index":"index","follow":"follow","max-snippet":"max-snippet:-1","max-image-preview":"max-image-preview:large","max-video-preview":"max-video-preview:-1"},"canonical":"https:\/\/elfsight.com\/fr\/tiktok-feed-widget\/opencart\/","og_locale":"fr_FR","og_type":"article","og_title":"Ajoutez l'extension TikTok Feed au site Web OpenCart (rapide et gratuit)","og_description":"Ajoutez une extension conviviale OpenCart TikTok Feed sur votre site Web. Utilisez la d\u00e9mo pratique d'Elfsight et cr\u00e9ez votre magnifique widget TikTok.","og_url":"https:\/\/elfsight.com\/fr\/tiktok-feed-widget\/opencart\/","og_site_name":"Elfsight FR","article_modified_time":"2025-07-10T13:52:04+00:00","twitter_card":"summary_large_image","twitter_misc":{"Dur\u00e9e de lecture estim\u00e9e":"3 minutes"},"schema":{"@context":"https:\/\/schema.org","@graph":[{"@type":"WebPage","@id":"https:\/\/elfsight.com\/fr\/tiktok-feed-widget\/opencart\/","url":"https:\/\/elfsight.com\/fr\/tiktok-feed-widget\/opencart\/","name":"Ajoutez l'extension TikTok Feed au site Web OpenCart (rapide et gratuit)","isPartOf":{"@id":"https:\/\/elfsight.com\/fr\/#website"},"datePublished":"1970-01-01T00:00:00+00:00","dateModified":"2025-07-10T13:52:04+00:00","description":"Ajoutez une extension conviviale OpenCart TikTok Feed sur votre site Web. Utilisez la d\u00e9mo pratique d'Elfsight et cr\u00e9ez votre magnifique widget TikTok.","breadcrumb":{"@id":"https:\/\/elfsight.com\/fr\/tiktok-feed-widget\/opencart\/#breadcrumb"},"inLanguage":"fr-FR","potentialAction":[{"@type":"ReadAction","target":["https:\/\/elfsight.com\/fr\/tiktok-feed-widget\/opencart\/"]}]},{"@type":"BreadcrumbList","@id":"https:\/\/elfsight.com\/fr\/tiktok-feed-widget\/opencart\/#breadcrumb","itemListElement":[{"@type":"ListItem","position":1,"name":"Home","item":"https:\/\/elfsight.com\/fr\/"},{"@type":"ListItem","position":2,"name":"TikTok Feed","item":"https:\/\/elfsight.com\/fr\/tiktok-feed-widget\/"},{"@type":"ListItem","position":3,"name":"TikTok Feed &#8211; OpenCart"}]},{"@type":"WebSite","@id":"https:\/\/elfsight.com\/fr\/#website","url":"https:\/\/elfsight.com\/fr\/","name":"Elfsight FR","description":"","potentialAction":[{"@type":"SearchAction","target":{"@type":"EntryPoint","urlTemplate":"https:\/\/elfsight.com\/fr\/?s={search_term_string}"},"query-input":{"@type":"PropertyValueSpecification","valueRequired":true,"valueName":"search_term_string"}}],"inLanguage":"fr-FR"}]}},"meta_box":{"industry":"","seo_heading":"","heading":"","description":"","cta_heading":"","cta_description":"","application":"3302","h1":"Extension de flux OpenCart TikTok","h1_caption":"Pr\u00e9sentez les vid\u00e9os TikTok tendances par hashtag ou par compte, en ajoutant sans effort du contenu dynamique et engageant \u00e0 votre site Web sur votre site Web Opencart.","application_category":[],"applications_title":"","applications_request_title":"","applications_request_button_text":"","hero_text":"","hero_video":"","hero_video_schema_markup":"","selling_points_title":"","selling_points_caption":"","selling_points":[],"selling_points_cta_text":"","features_title":"","features":"","ed_cta_examples_text":"","ed_cta_examples_hidden":"","ed_cta_demo_text":"","ed_cta_demo_hidden":"","why_caption":"","why_editor_title":"","why_editor_text":"","why_team_title":"","why_team_text":"","why_service_title":"","why_service_text":"","template_catalog_visible":"","template_catalog_title":"","template_catalog_text":"","template_catalog_categories_visible":"","demo_title":"Cr\u00e9ez votre extension de flux TikTok","demo_caption":"Configurez votre flux TikTok et ajoutez-le gratuitement \u00e0 votre site Web OpenCart\u00a0!","default_faq_hidden":"","app_template_category":[],"platform":"359","template_public_id":"","codecanyon_url":"","codecanyon_item_id":"","codecanyon_price":"","pricing_caption":"","pricing_elfsight_apps_hide_column":"","pricing_elfsight_apps_url":"","pricing_codecanyon_price_caption":"","integration_category":[],"integration_request_title":"","integration_request_cta":"","integration_platform":"","integrations":[],"platform_category":[],"video_schema_markup":"","price":"\u00e0 partir de 0$ \/ mois","trial":"","benefits":[{"text":"Service d'installation gratuit"},{"text":"Service client comp\u00e9tent"},{"text":"Garantie de remboursement de 14 jours"},{"text":"Mise \u00e0 jour constante"}],"button_url":"","button_target_blank":"","button_nofollow":"","attributes":[{"name":"Installations","content":"10,000 - 100,000"},{"name":"Sensible","content":"Oui"},{"name":"Navigateurs compatibles","content":"Firefox, Safari, Opera, Chrome, Edge"}],"tags":[],"tags_disable_links":"","hide_more_platforms":"","video_object":"","demo_hide_cta":"","demo_hide_cloud_options":"","pricing_title":"","pricing":[{"pricing_icon":"platform","pricing_title":"Elfsight Apps","pricing_title_caption":"Logiciel ind\u00e9pendant de la plate-forme qui convient \u00e0 n'importe quel site Web","pricing_price":"from $0 \/ month","pricing_price_caption":"commencez avec un forfait gratuit","pricing_benefits":[{"text":"Sites Web illimit\u00e9s"},{"text":"Support gratuit et bien document\u00e9"},{"text":"Assistance \u00e0 l'installation gratuite"},{"text":"Conception flexible"}],"pricing_button_text":"Ajouter au site Web","pricing_button_url":"#demo"}],"related_apps_title":"","related_apps_hidden":"","author":"","image":[],"title":"","job":"","social_networks":[]},"_links":{"self":[{"href":"https:\/\/elfsight.com\/fr\/wp-json\/wp\/v2\/pages\/10675","targetHints":{"allow":["GET"]}}],"collection":[{"href":"https:\/\/elfsight.com\/fr\/wp-json\/wp\/v2\/pages"}],"about":[{"href":"https:\/\/elfsight.com\/fr\/wp-json\/wp\/v2\/types\/page"}],"author":[{"embeddable":true,"href":"https:\/\/elfsight.com\/fr\/wp-json\/wp\/v2\/users\/9"}],"replies":[{"embeddable":true,"href":"https:\/\/elfsight.com\/fr\/wp-json\/wp\/v2\/comments?post=10675"}],"version-history":[{"count":1,"href":"https:\/\/elfsight.com\/fr\/wp-json\/wp\/v2\/pages\/10675\/revisions"}],"predecessor-version":[{"id":10679,"href":"https:\/\/elfsight.com\/fr\/wp-json\/wp\/v2\/pages\/10675\/revisions\/10679"}],"up":[{"embeddable":true,"href":"https:\/\/elfsight.com\/fr\/wp-json\/wp\/v2\/pages\/3303"}],"wp:attachment":[{"href":"https:\/\/elfsight.com\/fr\/wp-json\/wp\/v2\/media?parent=10675"}],"curies":[{"name":"wp","href":"https:\/\/api.w.org\/{rel}","templated":true}]}}