{"id":10661,"date":"1970-01-01T00:00:00","date_gmt":"1970-01-01T00:00:00","guid":{"rendered":"https:\/\/elfsight.com\/fr\/?page_id=10661"},"modified":"2025-07-10T13:52:36","modified_gmt":"2025-07-10T13:52:36","slug":"wix","status":"publish","type":"page","link":"https:\/\/elfsight.com\/fr\/tiktok-feed-widget\/wix\/","title":{"rendered":"TikTok Feed &#8211; Wix"},"content":{"rendered":"<div class=\"application-platform-content-item-description application-platform-content-item\" id=\"description\" data-nav-section=\"description\"> <h2>Description<\/h2> <p>Elfsight TiKTok Feed pour Wix est une application unique permettant de vendre non seulement des biens, mais aussi des \u00e9motions et des exp\u00e9riences. Avec lui, vous pouvez cr\u00e9er un flux personnalis\u00e9 \u00e0 partir du contenu de TikTok &#8211; et le placer directement sur votre site Internet. D\u00e9veloppez une galerie vid\u00e9o en quelques clics ! Profitez d&rsquo;un contr\u00f4le absolu sur un contenu pr\u00e9sent\u00e9 et supprimez le spam et tout contenu ind\u00e9sirable gr\u00e2ce \u00e0 la mod\u00e9ration manuelle. L&rsquo;\u00e9diteur en ligne enti\u00e8rement r\u00e9actif vous propose des mod\u00e8les vari\u00e9s \u00e0 choisir. <\/p> <p><b>Rendez votre site Web plus efficace pour atteindre vos objectifs de commerce \u00e9lectronique \u00e0 l&rsquo;aide de TikTok Feed<\/b><\/p> <\/div> <div class=\"application-platform-content-item-features application-platform-content-item\" id=\"features\" data-nav-section=\"features\"> <h2>Explorer la liste des plus grandes fonctionnalit\u00e9s\u00a0: <\/h2> <ul><li>Masquer la section d&rsquo;en-t\u00eate pour donner \u00e0 l&rsquo;outil un aspect minimaliste. <\/li><li>D\u00e9barrassez-vous de tout spam et contenu ind\u00e9sirable en utilisant le mode de mod\u00e9ration manuelle. <\/li><li>Placez le bouton Suivre sur les publications de l&rsquo;outil. <\/li><li>Autorisez vos publications \u00e0 appara\u00eetre en mode pop-up. <\/li><\/ul><p><a href=\"#demo\">Essayez simplement cette d\u00e9mo pour voir comment cela fonctionne<\/a><\/p> <\/div> <div class=\"application-platform-content-item-installation application-platform-content-item\" id=\"installation\" data-nav-section=\"installation\"> <h2>Comment puis-je int\u00e9grer TikTok Feed dans mon site Web Wix ? <\/h2> <p>Appliquez simplement les instructions ci-dessous pour int\u00e9grer l&rsquo;application. <\/p> <ol><li><b>G\u00e9rez notre configurateur gratuit et commencez \u00e0 cr\u00e9er votre propre application. <\/b><br> D\u00e9terminez l&rsquo;interface et les sp\u00e9cifications pr\u00e9f\u00e9rables de l&rsquo;application et enregistrez les corrections. <\/li> <li><b>R\u00e9cup\u00e9rez le code personnel apparaissant dans le formulaire sp\u00e9cial sur Elfsight Apps. <\/b><br> Juste une fois la personnalisation de votre application termin\u00e9e, copiez le code personnel dans la zone qui appara\u00eet et conservez-le pour une utilisation ult\u00e9rieure. <\/li> <li><b>Initiez l&rsquo;utilisation de l&rsquo;application sur votre site Web Wix. <\/b><br> Ins\u00e9rez le code copi\u00e9 r\u00e9cemment dans votre page et appliquez les am\u00e9liorations. <\/li> <li><b>L&rsquo;installation est termin\u00e9e avec succ\u00e8s. <\/b><br> Visitez votre site pour voir comment l&rsquo;application fonctionne. <\/li><\/ol> <p>Si vous rencontrez des difficult\u00e9s, n&rsquo;h\u00e9sitez pas \u00e0 demander de l&rsquo;aide \u00e0 notre \u00e9quipe du service client. Nos collaborateurs ont h\u00e2te de r\u00e9soudre toutes les difficult\u00e9s que vous pourriez rencontrer avec le produit. <\/p> <\/div><div class=\"faq\" data-component=\"FAQ\"><div class=\"faq-item\">\r\n\t\t\t\t\t<div class=\"faq-item-question\">\r\n\t\t\t\t\t\t<h3 class=\"faq-item-question-text\">Existe-t-il un moyen d'int\u00e9grer le flux TikTok \u00e0 ma page d'accueil Wix sans connaissances en codage ?<\/h3>\r\n\r\n\t\t\t\t\t\t<div class=\"faq-item-question-icon\"><\/div>\r\n\t\t\t\t\t<\/div>\r\n\r\n\t\t\t\t\t<div class=\"faq-item-answer\">\r\n\t\t\t\t\t\t<div class=\"faq-item-answer-text\"><p>La soci\u00e9t\u00e9 Elfsight pr\u00e9sente une solution SaaS qui vous permet de cr\u00e9er vous-m\u00eame une section de flux TikTok, d\u00e9couvrez le guide simple\u00a0:<\/p><ul><li>Acc\u00e9dez \u00e0 la d\u00e9mo en ligne pour cr\u00e9er un widget de flux TikTok que vous souhaitez int\u00e9grer sur votre Wix.<\/p><ul><li> li&gt;<li>Choisissez l&rsquo;un des mod\u00e8les pr\u00e9d\u00e9finis et ajustez les param\u00e8tres du flux TikTok, incluez votre contenu, transformez la mise en page et les couleurs sans aucune connaissance en codage.<\/li><li>Enregistrez les param\u00e8tres que vous avez d\u00e9finis dans le flux TikTok et obtenez son code d&rsquo;installation, que vous pouvez simplement int\u00e9grer dans la page Web Wix sans avoir besoin d&rsquo;acheter un abonnement payant.<\/li><\/ul><p>Avec notre configurateur intuitif, tout utilisateur Web peut cr\u00e9er l&rsquo;application TikTok Feed en ligne et ajouter simplement sur leur page d&rsquo;accueil Wix. Il n&rsquo;est pas n\u00e9cessaire de souscrire un abonnement payant ou de soumettre les informations d&rsquo;identification de votre carte pour acc\u00e9der \u00e0 Elfsight Editor. Si vous rencontrez des probl\u00e8mes \u00e0 quelque \u00e9tape que ce soit, n&rsquo;h\u00e9sitez pas \u00e0 vous adresser \u00e0 notre \u00e9quipe d&rsquo;assistance.<\/p><\/div>\r\n\t\t\t\t\t<\/div>\r\n\t\t\t\t<\/div><\/div>","protected":false},"excerpt":{"rendered":"","protected":false},"author":9,"featured_media":0,"parent":3303,"menu_order":0,"comment_status":"closed","ping_status":"closed","template":"templates\/template-application-platform.php","meta":{"publish_to_discourse":"","publish_post_category":"","wpdc_auto_publish_overridden":"","wpdc_topic_tags":"","wpdc_pin_topic":"","wpdc_pin_until":"","discourse_post_id":"","discourse_permalink":"","wpdc_publishing_response":"","wpdc_publishing_error":"","footnotes":""},"class_list":["post-10661","page","type-page","status-publish","hentry"],"yoast_head":"<!-- This site is optimized with the Yoast SEO plugin v25.3.1 - https:\/\/yoast.com\/wordpress\/plugins\/seo\/ -->\n<title>Ajoutez l&#039;application TikTok Feed au site Web Wix (rapide et gratuit)<\/title>\n<meta name=\"description\" content=\"Ajoutez une application Wix TikTok Feed conviviale sur votre site Web. Utilisez la d\u00e9mo pratique d&#039;Elfsight et cr\u00e9ez votre application TikTok \u00e9l\u00e9gante en quelques clics\" \/>\n<meta name=\"robots\" content=\"index, follow, max-snippet:-1, max-image-preview:large, max-video-preview:-1\" \/>\n<link rel=\"canonical\" href=\"https:\/\/elfsight.com\/fr\/tiktok-feed-widget\/wix\/\" \/>\n<meta property=\"og:locale\" content=\"fr_FR\" \/>\n<meta property=\"og:type\" content=\"article\" \/>\n<meta property=\"og:title\" content=\"Ajoutez l&#039;application TikTok Feed au site Web Wix (rapide et gratuit)\" \/>\n<meta property=\"og:description\" content=\"Ajoutez une application Wix TikTok Feed conviviale sur votre site Web. Utilisez la d\u00e9mo pratique d&#039;Elfsight et cr\u00e9ez votre application TikTok \u00e9l\u00e9gante en quelques clics\" \/>\n<meta property=\"og:url\" content=\"https:\/\/elfsight.com\/fr\/tiktok-feed-widget\/wix\/\" \/>\n<meta property=\"og:site_name\" content=\"Elfsight FR\" \/>\n<meta property=\"article:modified_time\" content=\"2025-07-10T13:52:36+00:00\" \/>\n<meta name=\"twitter:card\" content=\"summary_large_image\" \/>\n<meta name=\"twitter:label1\" content=\"Dur\u00e9e de lecture estim\u00e9e\" \/>\n\t<meta name=\"twitter:data1\" content=\"3 minutes\" \/>\n<!-- \/ Yoast SEO plugin. -->","yoast_head_json":{"title":"Ajoutez l'application TikTok Feed au site Web Wix (rapide et gratuit)","description":"Ajoutez une application Wix TikTok Feed conviviale sur votre site Web. Utilisez la d\u00e9mo pratique d'Elfsight et cr\u00e9ez votre application TikTok \u00e9l\u00e9gante en quelques clics","robots":{"index":"index","follow":"follow","max-snippet":"max-snippet:-1","max-image-preview":"max-image-preview:large","max-video-preview":"max-video-preview:-1"},"canonical":"https:\/\/elfsight.com\/fr\/tiktok-feed-widget\/wix\/","og_locale":"fr_FR","og_type":"article","og_title":"Ajoutez l'application TikTok Feed au site Web Wix (rapide et gratuit)","og_description":"Ajoutez une application Wix TikTok Feed conviviale sur votre site Web. Utilisez la d\u00e9mo pratique d'Elfsight et cr\u00e9ez votre application TikTok \u00e9l\u00e9gante en quelques clics","og_url":"https:\/\/elfsight.com\/fr\/tiktok-feed-widget\/wix\/","og_site_name":"Elfsight FR","article_modified_time":"2025-07-10T13:52:36+00:00","twitter_card":"summary_large_image","twitter_misc":{"Dur\u00e9e de lecture estim\u00e9e":"3 minutes"},"schema":{"@context":"https:\/\/schema.org","@graph":[{"@type":"WebPage","@id":"https:\/\/elfsight.com\/fr\/tiktok-feed-widget\/wix\/","url":"https:\/\/elfsight.com\/fr\/tiktok-feed-widget\/wix\/","name":"Ajoutez l'application TikTok Feed au site Web Wix (rapide et gratuit)","isPartOf":{"@id":"https:\/\/elfsight.com\/fr\/#website"},"datePublished":"1970-01-01T00:00:00+00:00","dateModified":"2025-07-10T13:52:36+00:00","description":"Ajoutez une application Wix TikTok Feed conviviale sur votre site Web. Utilisez la d\u00e9mo pratique d'Elfsight et cr\u00e9ez votre application TikTok \u00e9l\u00e9gante en quelques clics","breadcrumb":{"@id":"https:\/\/elfsight.com\/fr\/tiktok-feed-widget\/wix\/#breadcrumb"},"inLanguage":"fr-FR","potentialAction":[{"@type":"ReadAction","target":["https:\/\/elfsight.com\/fr\/tiktok-feed-widget\/wix\/"]}]},{"@type":"BreadcrumbList","@id":"https:\/\/elfsight.com\/fr\/tiktok-feed-widget\/wix\/#breadcrumb","itemListElement":[{"@type":"ListItem","position":1,"name":"Home","item":"https:\/\/elfsight.com\/fr\/"},{"@type":"ListItem","position":2,"name":"TikTok Feed","item":"https:\/\/elfsight.com\/fr\/tiktok-feed-widget\/"},{"@type":"ListItem","position":3,"name":"TikTok Feed &#8211; Wix"}]},{"@type":"WebSite","@id":"https:\/\/elfsight.com\/fr\/#website","url":"https:\/\/elfsight.com\/fr\/","name":"Elfsight FR","description":"","potentialAction":[{"@type":"SearchAction","target":{"@type":"EntryPoint","urlTemplate":"https:\/\/elfsight.com\/fr\/?s={search_term_string}"},"query-input":{"@type":"PropertyValueSpecification","valueRequired":true,"valueName":"search_term_string"}}],"inLanguage":"fr-FR"}]}},"meta_box":{"industry":"","seo_heading":"","heading":"","description":"","cta_heading":"","cta_description":"","application":"3302","h1":"Application Wix Flux TikTok","h1_caption":"Pr\u00e9sentez les vid\u00e9os TikTok tendances par hashtag ou par compte, en ajoutant sans effort du contenu dynamique et engageant \u00e0 votre site Web sur votre site Web Wix.","application_category":[],"applications_title":"","applications_request_title":"","applications_request_button_text":"","hero_text":"","hero_video":"","hero_video_schema_markup":"","selling_points_title":"","selling_points_caption":"","selling_points":[],"selling_points_cta_text":"","features_title":"","features":"","ed_cta_examples_text":"","ed_cta_examples_hidden":"","ed_cta_demo_text":"","ed_cta_demo_hidden":"","why_caption":"","why_editor_title":"","why_editor_text":"","why_team_title":"","why_team_text":"","why_service_title":"","why_service_text":"","template_catalog_visible":"","template_catalog_title":"","template_catalog_text":"","template_catalog_categories_visible":"","demo_title":"Cr\u00e9ez votre application TikTok Feed","demo_caption":"Configurez votre flux TikTok et ajoutez-le \u00e0 votre site Web Wix gratuitement !","default_faq_hidden":"","app_template_category":[],"platform":"345","template_public_id":"","codecanyon_url":"","codecanyon_item_id":"","codecanyon_price":"","pricing_caption":"","pricing_elfsight_apps_hide_column":"","pricing_elfsight_apps_url":"","pricing_codecanyon_price_caption":"","integration_category":[],"integration_request_title":"","integration_request_cta":"","integration_platform":"","integrations":[],"platform_category":[],"video_schema_markup":"","price":"\u00e0 partir de 0$ \/ mois","trial":"","benefits":[{"text":"Assistance \u00e0 l'installation gratuite"},{"text":"Service client professionnel"},{"text":"Garantie de remboursement de 14 jours"},{"text":"Mise \u00e0 jour constante"}],"button_url":"","button_target_blank":"","button_nofollow":"","attributes":[{"name":"Installations","content":"10,000 - 100,000"},{"name":"Sensible","content":"Oui"},{"name":"Navigateurs compatibles","content":"Firefox, Safari, Opera, Chrome, Edge"}],"tags":[],"tags_disable_links":"","hide_more_platforms":"","video_object":"","demo_hide_cta":"","demo_hide_cloud_options":"","pricing_title":"","pricing":[{"pricing_icon":"platform","pricing_title":"Elfsight Apps","pricing_title_caption":"Solution num\u00e9rique ind\u00e9pendante de la plateforme qui convient \u00e0 n'importe quel site","pricing_price":"from $0 \/ month","pricing_price_caption":"commencez avec un forfait gratuit","pricing_benefits":[{"text":"Domaines illimit\u00e9s"},{"text":"Support premium et bien document\u00e9"},{"text":"Assistance \u00e0 l'installation gratuite"},{"text":"100% personnalisable"}],"pricing_button_text":"Ajouter au site Web","pricing_button_url":"#demo"}],"related_apps_title":"","related_apps_hidden":"","author":"","image":[],"title":"","job":"","social_networks":[]},"_links":{"self":[{"href":"https:\/\/elfsight.com\/fr\/wp-json\/wp\/v2\/pages\/10661","targetHints":{"allow":["GET"]}}],"collection":[{"href":"https:\/\/elfsight.com\/fr\/wp-json\/wp\/v2\/pages"}],"about":[{"href":"https:\/\/elfsight.com\/fr\/wp-json\/wp\/v2\/types\/page"}],"author":[{"embeddable":true,"href":"https:\/\/elfsight.com\/fr\/wp-json\/wp\/v2\/users\/9"}],"replies":[{"embeddable":true,"href":"https:\/\/elfsight.com\/fr\/wp-json\/wp\/v2\/comments?post=10661"}],"version-history":[{"count":1,"href":"https:\/\/elfsight.com\/fr\/wp-json\/wp\/v2\/pages\/10661\/revisions"}],"predecessor-version":[{"id":10665,"href":"https:\/\/elfsight.com\/fr\/wp-json\/wp\/v2\/pages\/10661\/revisions\/10665"}],"up":[{"embeddable":true,"href":"https:\/\/elfsight.com\/fr\/wp-json\/wp\/v2\/pages\/3303"}],"wp:attachment":[{"href":"https:\/\/elfsight.com\/fr\/wp-json\/wp\/v2\/media?parent=10661"}],"curies":[{"name":"wp","href":"https:\/\/api.w.org\/{rel}","templated":true}]}}