{"id":10658,"date":"1970-01-01T00:00:00","date_gmt":"1970-01-01T00:00:00","guid":{"rendered":"https:\/\/elfsight.com\/fr\/?page_id=10658"},"modified":"2025-07-10T13:50:56","modified_gmt":"2025-07-10T13:50:56","slug":"google-sites","status":"publish","type":"page","link":"https:\/\/elfsight.com\/fr\/tiktok-feed-widget\/google-sites\/","title":{"rendered":"TikTok Feed &#8211; Google Sites"},"content":{"rendered":"<div class=\"application-platform-content-item-description application-platform-content-item\" id=\"description\" data-nav-section=\"description\"> <h2>Int\u00e9grer le flux TikTok sur Google Sites avec le widget Elfsight<\/h2> <p>Elfsight TiKTok Feed pour Google Sites est un plugin unique pour le marketing pas seulement des biens, mais aussi des \u00e9motions et des exp\u00e9riences. Avec lui, vous pouvez cr\u00e9er un flux personnalis\u00e9 compos\u00e9 de votre contenu de TikTok &#8211; et l&rsquo;afficher directement sur votre page Web. Cr\u00e9ez une galerie vid\u00e9o en 1-2-3\u00a0! Exercez le contr\u00f4le total sur un contenu d\u00e9montr\u00e9 et supprimez le spam et tout contenu ind\u00e9sirable avec une mod\u00e9ration manuelle. Le configurateur en ligne enti\u00e8rement r\u00e9actif vous propose de nombreux mod\u00e8les parmi lesquels choisir. <\/p> <p><b>Essayez TikTok Feed pour relever vos d\u00e9fis commerciaux\u00a0! <\/b><\/p> <\/div> <div class=\"application-platform-content-item-features application-platform-content-item\" id=\"features\" data-nav-section=\"features\"> <h2>Les fonctionnalit\u00e9s les plus importantes du plugin incluent<\/h2> <ul><li>Couvrir l&rsquo;en-t\u00eate pour donner \u00e0 l&rsquo;outil un aspect minimaliste. <\/li><li>D\u00e9barrassez-vous de tout spam et contenu ind\u00e9sirable gr\u00e2ce \u00e0 la mod\u00e9ration manuelle. <\/li><li>Installez le bouton Suivre sur les fiches du plugin. <\/li><li>Laissez vos publications s&rsquo;afficher dans un mode pop-up. <\/li><\/ul><p><a href=\"#demo\">Essayez simplement cette d\u00e9mo pour comprendre les fonctionnalit\u00e9s du widget<\/a><\/p> <\/div> <div class=\"application-platform-content-item-installation application-platform-content-item\" id=\"installation\" data-nav-section=\"installation\"> <h2>Comment ajouter le flux TikTok \u00e0 mon site Web Google Sites\u00a0? <\/h2> <p>Suivez simplement les instructions ci-dessous pour int\u00e9grer le plugin. <\/p> <ol><li><b>Ex\u00e9cutez notre \u00e9diteur gratuit et commencez \u00e0 cr\u00e9er votre plugin personnalis\u00e9. <\/b><br> D\u00e9terminez la disposition et les options souhaitables du widget et appliquez les modifications. <\/li> <li><b>Recevez votre code individuel r\u00e9v\u00e9l\u00e9 dans la fen\u00eatre des applications Elfsight. <\/b><br> Une fois la configuration de votre outil personnel termin\u00e9e, copiez le code exclusif dans la case qui appara\u00eet et enregistrez-le pour une utilisation ult\u00e9rieure. <\/li> <li><b>Commencez \u00e0 utiliser le plug-in sur le site Web de Google\u00a0Sites. <\/b><br> Ajoutez le code copi\u00e9 r\u00e9cemment dans votre site web et appliquez les modifications. <\/li> <li><b>Fait\u00a0! La configuration est enti\u00e8rement effectu\u00e9e. <\/b><br> Rendez-vous sur votre site pour revoir le fonctionnement du plugin. <\/li><\/ol> <div class=\"tip-yellow tip\"><b>En raison des particularit\u00e9s du fonctionnement de Google Sites, le widget peut \u00eatre diff\u00e9rent de la d\u00e9mo en ligne. Nous nous excusons pour tout inconv\u00e9nient caus\u00e9.<\/b><\/div><p>Si vous rencontrez des complications, veuillez vous adresser \u00e0 notre service client. Nos consultants sont impatients de r\u00e9soudre toutes les questions que vous pourriez avoir avec le widget. <\/p><div class=\"faq\" data-component=\"FAQ\"><div class=\"faq-item\">\r\n\t\t\t\t\t<div class=\"faq-item-question\">\r\n\t\t\t\t\t\t<h3 class=\"faq-item-question-text\">Comment puis-je int\u00e9grer un plugin TikTok Feed sur ma page Google Sites sans comp\u00e9tences en codage ?<\/h3>\r\n\r\n\t\t\t\t\t\t<div class=\"faq-item-question-icon\"><\/div>\r\n\t\t\t\t\t<\/div>\r\n\r\n\t\t\t\t\t<div class=\"faq-item-answer\">\r\n\t\t\t\t\t\t<div class=\"faq-item-answer-text\"><p>Elfsight propose une solution bas\u00e9e sur le cloud qui permet aux utilisateurs d&rsquo;int\u00e9grer un plugin TikTok Feed seul, voyez \u00e0 quel point le processus est simple\u00a0:<\/p><ul><li>Acc\u00e9dez \u00e0 l&rsquo;\u00e9diteur en ligne pour g\u00e9n\u00e9rer une section de plug-in TikTok Feed que vous souhaitez int\u00e9grer \u00e0 votre page Google Sites.<\/li><li> Choisissez l&rsquo;un de nos mod\u00e8les pr\u00e9d\u00e9finis et personnalisez les param\u00e8tres du plugin TikTok Feed, modifiez la mise en page et la palette de couleurs, incluez votre contenu sans avoir besoin de codage.<\/li><li> Enregistrez les param\u00e8tres que vous avez configur\u00e9s pour TikTok. Alimentez le plug-in et obtenez le code du plug-in \u00e0 int\u00e9grer, qui peut \u00eatre ajout\u00e9 sans effort et gratuitement \u00e0 votre page Google Sites.<\/li><\/ul><p>En travaillant dans l&rsquo;\u00e9diteur convivial, tout internaute peut cr\u00e9er un Section du plugin TikTok Feed et int\u00e9grez-la dans leur page Google Sites. Il n&rsquo;y a aucune exigence de paiement ou de divulgation des informations de votre carte pour acc\u00e9der \u00e0 l&rsquo;\u00e9diteur Elfsight. Si vous rencontrez des difficult\u00e9s \u00e0 un moment quelconque, n&rsquo;h\u00e9sitez pas \u00e0 contacter notre service client.<\/p><\/div>\r\n\t\t\t\t\t<\/div>\r\n\t\t\t\t<\/div><\/div> <\/div>","protected":false},"excerpt":{"rendered":"","protected":false},"author":9,"featured_media":0,"parent":3303,"menu_order":0,"comment_status":"closed","ping_status":"closed","template":"templates\/template-application-platform.php","meta":{"publish_to_discourse":"","publish_post_category":"","wpdc_auto_publish_overridden":"","wpdc_topic_tags":"","wpdc_pin_topic":"","wpdc_pin_until":"","discourse_post_id":"","discourse_permalink":"","wpdc_publishing_response":"","wpdc_publishing_error":"","footnotes":""},"class_list":["post-10658","page","type-page","status-publish","hentry"],"yoast_head":"<!-- This site is optimized with the Yoast SEO plugin v25.3.1 - https:\/\/yoast.com\/wordpress\/plugins\/seo\/ -->\n<title>Ajoutez le plugin TikTok Feed au site Web de Google Sites (rapide et gratuit)<\/title>\n<meta name=\"description\" content=\"Ins\u00e9rez un plugin Google Sites TikTok Feed adapt\u00e9 aux mobiles sur votre site. Utilisez la d\u00e9mo pratique d&#039;Elfsight et cr\u00e9ez votre superbe plugin TikTok.\" \/>\n<meta name=\"robots\" content=\"index, follow, max-snippet:-1, max-image-preview:large, max-video-preview:-1\" \/>\n<link rel=\"canonical\" href=\"https:\/\/elfsight.com\/fr\/tiktok-feed-widget\/google-sites\/\" \/>\n<meta property=\"og:locale\" content=\"fr_FR\" \/>\n<meta property=\"og:type\" content=\"article\" \/>\n<meta property=\"og:title\" content=\"Ajoutez le plugin TikTok Feed au site Web de Google Sites (rapide et gratuit)\" \/>\n<meta property=\"og:description\" content=\"Ins\u00e9rez un plugin Google Sites TikTok Feed adapt\u00e9 aux mobiles sur votre site. Utilisez la d\u00e9mo pratique d&#039;Elfsight et cr\u00e9ez votre superbe plugin TikTok.\" \/>\n<meta property=\"og:url\" content=\"https:\/\/elfsight.com\/fr\/tiktok-feed-widget\/google-sites\/\" \/>\n<meta property=\"og:site_name\" content=\"Elfsight FR\" \/>\n<meta property=\"article:modified_time\" content=\"2025-07-10T13:50:56+00:00\" \/>\n<meta name=\"twitter:card\" content=\"summary_large_image\" \/>\n<meta name=\"twitter:label1\" content=\"Dur\u00e9e de lecture estim\u00e9e\" \/>\n\t<meta name=\"twitter:data1\" content=\"3 minutes\" \/>\n<!-- \/ Yoast SEO plugin. -->","yoast_head_json":{"title":"Ajoutez le plugin TikTok Feed au site Web de Google Sites (rapide et gratuit)","description":"Ins\u00e9rez un plugin Google Sites TikTok Feed adapt\u00e9 aux mobiles sur votre site. Utilisez la d\u00e9mo pratique d'Elfsight et cr\u00e9ez votre superbe plugin TikTok.","robots":{"index":"index","follow":"follow","max-snippet":"max-snippet:-1","max-image-preview":"max-image-preview:large","max-video-preview":"max-video-preview:-1"},"canonical":"https:\/\/elfsight.com\/fr\/tiktok-feed-widget\/google-sites\/","og_locale":"fr_FR","og_type":"article","og_title":"Ajoutez le plugin TikTok Feed au site Web de Google Sites (rapide et gratuit)","og_description":"Ins\u00e9rez un plugin Google Sites TikTok Feed adapt\u00e9 aux mobiles sur votre site. Utilisez la d\u00e9mo pratique d'Elfsight et cr\u00e9ez votre superbe plugin TikTok.","og_url":"https:\/\/elfsight.com\/fr\/tiktok-feed-widget\/google-sites\/","og_site_name":"Elfsight FR","article_modified_time":"2025-07-10T13:50:56+00:00","twitter_card":"summary_large_image","twitter_misc":{"Dur\u00e9e de lecture estim\u00e9e":"3 minutes"},"schema":{"@context":"https:\/\/schema.org","@graph":[{"@type":"WebPage","@id":"https:\/\/elfsight.com\/fr\/tiktok-feed-widget\/google-sites\/","url":"https:\/\/elfsight.com\/fr\/tiktok-feed-widget\/google-sites\/","name":"Ajoutez le plugin TikTok Feed au site Web de Google Sites (rapide et gratuit)","isPartOf":{"@id":"https:\/\/elfsight.com\/fr\/#website"},"datePublished":"1970-01-01T00:00:00+00:00","dateModified":"2025-07-10T13:50:56+00:00","description":"Ins\u00e9rez un plugin Google Sites TikTok Feed adapt\u00e9 aux mobiles sur votre site. Utilisez la d\u00e9mo pratique d'Elfsight et cr\u00e9ez votre superbe plugin TikTok.","breadcrumb":{"@id":"https:\/\/elfsight.com\/fr\/tiktok-feed-widget\/google-sites\/#breadcrumb"},"inLanguage":"fr-FR","potentialAction":[{"@type":"ReadAction","target":["https:\/\/elfsight.com\/fr\/tiktok-feed-widget\/google-sites\/"]}]},{"@type":"BreadcrumbList","@id":"https:\/\/elfsight.com\/fr\/tiktok-feed-widget\/google-sites\/#breadcrumb","itemListElement":[{"@type":"ListItem","position":1,"name":"Home","item":"https:\/\/elfsight.com\/fr\/"},{"@type":"ListItem","position":2,"name":"TikTok Feed","item":"https:\/\/elfsight.com\/fr\/tiktok-feed-widget\/"},{"@type":"ListItem","position":3,"name":"TikTok Feed &#8211; Google Sites"}]},{"@type":"WebSite","@id":"https:\/\/elfsight.com\/fr\/#website","url":"https:\/\/elfsight.com\/fr\/","name":"Elfsight FR","description":"","potentialAction":[{"@type":"SearchAction","target":{"@type":"EntryPoint","urlTemplate":"https:\/\/elfsight.com\/fr\/?s={search_term_string}"},"query-input":{"@type":"PropertyValueSpecification","valueRequired":true,"valueName":"search_term_string"}}],"inLanguage":"fr-FR"}]}},"meta_box":{"industry":"","seo_heading":"","heading":"","description":"","cta_heading":"","cta_description":"","application":"3302","h1":"Plugin de flux TikTok de Google Sites","h1_caption":"Pr\u00e9sentez les vid\u00e9os TikTok tendances par hashtag ou par compte, en ajoutant sans effort du contenu dynamique et engageant \u00e0 votre site Web dans vos sites Google.","application_category":[],"applications_title":"","applications_request_title":"","applications_request_button_text":"","hero_text":"","hero_video":"","hero_video_schema_markup":"","selling_points_title":"","selling_points_caption":"","selling_points":[],"selling_points_cta_text":"","features_title":"","features":"","ed_cta_examples_text":"","ed_cta_examples_hidden":"","ed_cta_demo_text":"","ed_cta_demo_hidden":"","why_caption":"","why_editor_title":"","why_editor_text":"","why_team_title":"","why_team_text":"","why_service_title":"","why_service_text":"","template_catalog_visible":"","template_catalog_title":"","template_catalog_text":"","template_catalog_categories_visible":"","demo_title":"Cr\u00e9ez votre widget Flux TikTok","demo_caption":"Configurez votre flux TikTok et ajoutez-le gratuitement \u00e0 votre site Web Google Sites\u00a0!","default_faq_hidden":"","app_template_category":[],"platform":"423","template_public_id":"","codecanyon_url":"","codecanyon_item_id":"","codecanyon_price":"","pricing_caption":"","pricing_elfsight_apps_hide_column":"","pricing_elfsight_apps_url":"","pricing_codecanyon_price_caption":"","integration_category":[],"integration_request_title":"","integration_request_cta":"","integration_platform":"","integrations":[],"platform_category":[],"video_schema_markup":"","price":"\u00e0 partir de 0$ \/ mois","trial":"","benefits":[{"text":"Aide \u00e0 l'installation gratuite"},{"text":"Assistance premium"},{"text":"Garantie de remboursement de 14 jours"},{"text":"Am\u00e9liorations futures"}],"button_url":"","button_target_blank":"","button_nofollow":"","attributes":[{"name":"Installations","content":"10,000 - 100,000"},{"name":"Sensible","content":"Oui"},{"name":"Navigateurs compatibles","content":"Firefox, Safari, Opera, Chrome, Edge"}],"tags":[],"tags_disable_links":"","hide_more_platforms":"","video_object":"","demo_hide_cta":"","demo_hide_cloud_options":"","pricing_title":"","pricing":[{"pricing_icon":"platform","pricing_title":"Elfsight Apps","pricing_title_caption":"Logiciel ind\u00e9pendant de la plate-forme qui convient \u00e0 n'importe quel site","pricing_price":"from $0 \/ month","pricing_price_caption":"commencez avec un forfait gratuit","pricing_benefits":[{"text":"Sites Web illimit\u00e9s"},{"text":"Support gratuit et bien document\u00e9"},{"text":"Service d'installation gratuit"},{"text":"Conception flexible"}],"pricing_button_text":"Ajouter au site Web","pricing_button_url":"#demo"}],"related_apps_title":"","related_apps_hidden":"","author":"","image":[],"title":"","job":"","social_networks":[]},"_links":{"self":[{"href":"https:\/\/elfsight.com\/fr\/wp-json\/wp\/v2\/pages\/10658","targetHints":{"allow":["GET"]}}],"collection":[{"href":"https:\/\/elfsight.com\/fr\/wp-json\/wp\/v2\/pages"}],"about":[{"href":"https:\/\/elfsight.com\/fr\/wp-json\/wp\/v2\/types\/page"}],"author":[{"embeddable":true,"href":"https:\/\/elfsight.com\/fr\/wp-json\/wp\/v2\/users\/9"}],"replies":[{"embeddable":true,"href":"https:\/\/elfsight.com\/fr\/wp-json\/wp\/v2\/comments?post=10658"}],"version-history":[{"count":1,"href":"https:\/\/elfsight.com\/fr\/wp-json\/wp\/v2\/pages\/10658\/revisions"}],"predecessor-version":[{"id":10662,"href":"https:\/\/elfsight.com\/fr\/wp-json\/wp\/v2\/pages\/10658\/revisions\/10662"}],"up":[{"embeddable":true,"href":"https:\/\/elfsight.com\/fr\/wp-json\/wp\/v2\/pages\/3303"}],"wp:attachment":[{"href":"https:\/\/elfsight.com\/fr\/wp-json\/wp\/v2\/media?parent=10658"}],"curies":[{"name":"wp","href":"https:\/\/api.w.org\/{rel}","templated":true}]}}