{"id":10653,"date":"1970-01-01T00:00:00","date_gmt":"1970-01-01T00:00:00","guid":{"rendered":"https:\/\/elfsight.com\/fr\/?page_id=10653"},"modified":"2025-07-10T13:50:50","modified_gmt":"2025-07-10T13:50:50","slug":"godaddy","status":"publish","type":"page","link":"https:\/\/elfsight.com\/fr\/tiktok-feed-widget\/godaddy\/","title":{"rendered":"TikTok Feed &#8211; GoDaddy"},"content":{"rendered":"<div class=\"application-platform-content-item-description application-platform-content-item\" id=\"description\" data-nav-section=\"description\"> <h2>Int\u00e9grer le flux TikTok sur GoDaddy avec le widget Elfsight<\/h2> <p>Elfsight TiKTok Feed est un plugin sp\u00e9cial pour promouvoir non seulement des choses, mais des \u00e9motions et des exp\u00e9riences. En l&rsquo;utilisant, vous pouvez cr\u00e9er un flux personnalis\u00e9 compos\u00e9 de votre contenu TikTok &#8211; et l&rsquo;afficher directement sur votre site. Cr\u00e9ez une galerie vid\u00e9o en quelques minutes ! Exercez un contr\u00f4le total sur un contenu r\u00e9v\u00e9l\u00e9 et \u00e9liminez le spam et tout contenu ind\u00e9sirable gr\u00e2ce \u00e0 la mod\u00e9ration manuelle. Le configurateur en ligne totalement r\u00e9actif vous propose de nombreux mod\u00e8les \u00e0 choisir. <\/p> <p><b>Avec TikTok Feed, constatez un fort d\u00e9veloppement commercial et de meilleures ventes <\/b><\/p> <\/div> <div class=\"application-platform-content-item-features application-platform-content-item\" id=\"features\" data-nav-section=\"features\"> <h2>Consultez la liste des fonctionnalit\u00e9s les plus puissantes\u00a0: <\/h2> <ul><li>Dissimulez l&rsquo;en-t\u00eate pour donner \u00e0 votre outil un aspect minimaliste. <\/li><li>\u00c9liminez tout spam et tout contenu ind\u00e9sirable gr\u00e2ce \u00e0 la mod\u00e9ration manuelle. <\/li><li>Placez le bouton Suivre sur le flux d&rsquo;outils. <\/li><li>Faites appara\u00eetre vos messages dans une pop-up. <\/li><\/ul><p><a href=\"#demo\">Vous pouvez voir ce que vaut le plugin en utilisant la d\u00e9mo<\/a><\/p> <\/div> <div class=\"application-platform-content-item-installation application-platform-content-item\" id=\"installation\" data-nav-section=\"installation\"> <h2>Comment puis-je ajouter le flux TikTok \u00e0 mon site Web GoDaddy\u00a0? <\/h2> <p>Suivez simplement les \u00e9tapes suivantes pr\u00e9sent\u00e9es ci-dessous pour int\u00e9grer l&rsquo;outil. <\/p> <ol><li><b>Utilisez notre configurateur gratuit et commencez \u00e0 cr\u00e9er votre instrument personnalis\u00e9. <\/b><br> D\u00e9terminer l&rsquo;interface s\u00e9lectionn\u00e9e et les caract\u00e9ristiques de l&rsquo;outil et appliquer les corrections. <\/li> <li><b>Recevez le code unique qui s&rsquo;affiche dans la fen\u00eatre des applications Elfsight. <\/b><br> Juste une fois la configuration de votre plugin termin\u00e9e, copiez le code individuel dans la case qui appara\u00eet et conservez-le pour une occasion future. <\/li> <li><b>Entrez sur l&rsquo;utilisation de l&rsquo;outil sur la page d&rsquo;accueil de GoDaddy. <\/b><br> Placez le code que vous avez enregistr\u00e9 auparavant dans votre page et appliquez les modifications. <\/li> <li><b>L&rsquo;installation est enti\u00e8rement termin\u00e9e. <\/b><br> Acc\u00e9dez \u00e0 votre page pour examiner comment fonctionne le plugin. <\/li><\/ol> <p>Si vous rencontrez des difficult\u00e9s, n&rsquo;h\u00e9sitez pas \u00e0 \u00e9crire \u00e0 notre \u00e9quipe d&rsquo;assistance. Nos consultants sont impatients de vous aider avec toutes les difficult\u00e9s que vous pourriez rencontrer avec le plugin. <\/p> <\/div><div class=\"faq\" data-component=\"FAQ\"><div class=\"faq-item\">\r\n\t\t\t\t\t<div class=\"faq-item-question\">\r\n\t\t\t\t\t\t<h3 class=\"faq-item-question-text\">Existe-t-il un moyen d'ajouter le flux TikTok \u00e0 ma page d'accueil GoDaddy sans connaissances en codage ?<\/h3>\r\n\r\n\t\t\t\t\t\t<div class=\"faq-item-question-icon\"><\/div>\r\n\t\t\t\t\t<\/div>\r\n\r\n\t\t\t\t\t<div class=\"faq-item-answer\">\r\n\t\t\t\t\t\t<div class=\"faq-item-answer-text\"><p>La soci\u00e9t\u00e9 Elfsight propose une solution qui vous permet de g\u00e9n\u00e9rer vous-m\u00eame une application TikTok Feed, voyez \u00e0 quel point c&rsquo;est simple\u00a0:<\/p><ul><li>Commencez \u00e0 travailler dans l&rsquo;\u00e9diteur en ligne pour cr\u00e9er un plugin TikTok Feed que vous souhaitez int\u00e9grer sur votre GoDaddy.<\/li><li>Choisissez l&rsquo;un des mod\u00e8les pr\u00eats \u00e0 l&#8217;emploi et modifiez les param\u00e8tres du flux TikTok, mettez \u00e0 jour votre contenu, modifiez la mise en page et les couleurs sans aucune comp\u00e9tence en codage.<\/li><li>Enregistrez le flux TikTok et obtenez le code d&rsquo;installation du widget. , que vous pouvez simplement inclure gratuitement sur n&rsquo;importe quel site GoDaddy.<\/li><\/ul><p>Gr\u00e2ce \u00e0 notre configurateur facile \u00e0 utiliser, chaque internaute peut g\u00e9n\u00e9rer l&rsquo;application TikTok Feed et l&rsquo;inclure sur sa page d&rsquo;accueil GoDaddy. Vous ne devez pas souscrire \u00e0 un abonnement payant ni divulguer les informations d\u2019identification de votre carte pour acc\u00e9der au service. Si vous rencontrez des obstacles \u00e0 une \u00e9tape quelconque, n&rsquo;h\u00e9sitez pas \u00e0 contacter notre service client.<\/p><\/div>\r\n\t\t\t\t\t<\/div>\r\n\t\t\t\t<\/div><\/div>","protected":false},"excerpt":{"rendered":"","protected":false},"author":9,"featured_media":0,"parent":3303,"menu_order":0,"comment_status":"closed","ping_status":"closed","template":"templates\/template-application-platform.php","meta":{"publish_to_discourse":"","publish_post_category":"","wpdc_auto_publish_overridden":"","wpdc_topic_tags":"","wpdc_pin_topic":"","wpdc_pin_until":"","discourse_post_id":"","discourse_permalink":"","wpdc_publishing_response":"","wpdc_publishing_error":"","footnotes":""},"class_list":["post-10653","page","type-page","status-publish","hentry"],"yoast_head":"<!-- This site is optimized with the Yoast SEO plugin v25.3.1 - https:\/\/yoast.com\/wordpress\/plugins\/seo\/ -->\n<title>TikTok Feed - Ajoutez le plugin TikTok Feed au site Web GoDaddy\u00a0!<\/title>\n<meta name=\"description\" content=\"Int\u00e9grez un plugin GoDaddy TikTok Feed r\u00e9actif sur votre site GoDaddy. Essayez la d\u00e9mo Elfsight et cr\u00e9ez votre application TikTok \u00e9l\u00e9gante en quelques clics\" \/>\n<meta name=\"robots\" content=\"index, follow, max-snippet:-1, max-image-preview:large, max-video-preview:-1\" \/>\n<link rel=\"canonical\" href=\"https:\/\/elfsight.com\/fr\/tiktok-feed-widget\/godaddy\/\" \/>\n<meta property=\"og:locale\" content=\"fr_FR\" \/>\n<meta property=\"og:type\" content=\"article\" \/>\n<meta property=\"og:title\" content=\"TikTok Feed - Ajoutez le plugin TikTok Feed au site Web GoDaddy\u00a0!\" \/>\n<meta property=\"og:description\" content=\"Int\u00e9grez un plugin GoDaddy TikTok Feed r\u00e9actif sur votre site GoDaddy. Essayez la d\u00e9mo Elfsight et cr\u00e9ez votre application TikTok \u00e9l\u00e9gante en quelques clics\" \/>\n<meta property=\"og:url\" content=\"https:\/\/elfsight.com\/fr\/tiktok-feed-widget\/godaddy\/\" \/>\n<meta property=\"og:site_name\" content=\"Elfsight FR\" \/>\n<meta property=\"article:modified_time\" content=\"2025-07-10T13:50:50+00:00\" \/>\n<meta name=\"twitter:card\" content=\"summary_large_image\" \/>\n<meta name=\"twitter:label1\" content=\"Dur\u00e9e de lecture estim\u00e9e\" \/>\n\t<meta name=\"twitter:data1\" content=\"3 minutes\" \/>\n<!-- \/ Yoast SEO plugin. -->","yoast_head_json":{"title":"TikTok Feed - Ajoutez le plugin TikTok Feed au site Web GoDaddy\u00a0!","description":"Int\u00e9grez un plugin GoDaddy TikTok Feed r\u00e9actif sur votre site GoDaddy. Essayez la d\u00e9mo Elfsight et cr\u00e9ez votre application TikTok \u00e9l\u00e9gante en quelques clics","robots":{"index":"index","follow":"follow","max-snippet":"max-snippet:-1","max-image-preview":"max-image-preview:large","max-video-preview":"max-video-preview:-1"},"canonical":"https:\/\/elfsight.com\/fr\/tiktok-feed-widget\/godaddy\/","og_locale":"fr_FR","og_type":"article","og_title":"TikTok Feed - Ajoutez le plugin TikTok Feed au site Web GoDaddy\u00a0!","og_description":"Int\u00e9grez un plugin GoDaddy TikTok Feed r\u00e9actif sur votre site GoDaddy. Essayez la d\u00e9mo Elfsight et cr\u00e9ez votre application TikTok \u00e9l\u00e9gante en quelques clics","og_url":"https:\/\/elfsight.com\/fr\/tiktok-feed-widget\/godaddy\/","og_site_name":"Elfsight FR","article_modified_time":"2025-07-10T13:50:50+00:00","twitter_card":"summary_large_image","twitter_misc":{"Dur\u00e9e de lecture estim\u00e9e":"3 minutes"},"schema":{"@context":"https:\/\/schema.org","@graph":[{"@type":"WebPage","@id":"https:\/\/elfsight.com\/fr\/tiktok-feed-widget\/godaddy\/","url":"https:\/\/elfsight.com\/fr\/tiktok-feed-widget\/godaddy\/","name":"TikTok Feed - Ajoutez le plugin TikTok Feed au site Web GoDaddy\u00a0!","isPartOf":{"@id":"https:\/\/elfsight.com\/fr\/#website"},"datePublished":"1970-01-01T00:00:00+00:00","dateModified":"2025-07-10T13:50:50+00:00","description":"Int\u00e9grez un plugin GoDaddy TikTok Feed r\u00e9actif sur votre site GoDaddy. Essayez la d\u00e9mo Elfsight et cr\u00e9ez votre application TikTok \u00e9l\u00e9gante en quelques clics","breadcrumb":{"@id":"https:\/\/elfsight.com\/fr\/tiktok-feed-widget\/godaddy\/#breadcrumb"},"inLanguage":"fr-FR","potentialAction":[{"@type":"ReadAction","target":["https:\/\/elfsight.com\/fr\/tiktok-feed-widget\/godaddy\/"]}]},{"@type":"BreadcrumbList","@id":"https:\/\/elfsight.com\/fr\/tiktok-feed-widget\/godaddy\/#breadcrumb","itemListElement":[{"@type":"ListItem","position":1,"name":"Home","item":"https:\/\/elfsight.com\/fr\/"},{"@type":"ListItem","position":2,"name":"TikTok Feed","item":"https:\/\/elfsight.com\/fr\/tiktok-feed-widget\/"},{"@type":"ListItem","position":3,"name":"TikTok Feed &#8211; GoDaddy"}]},{"@type":"WebSite","@id":"https:\/\/elfsight.com\/fr\/#website","url":"https:\/\/elfsight.com\/fr\/","name":"Elfsight FR","description":"","potentialAction":[{"@type":"SearchAction","target":{"@type":"EntryPoint","urlTemplate":"https:\/\/elfsight.com\/fr\/?s={search_term_string}"},"query-input":{"@type":"PropertyValueSpecification","valueRequired":true,"valueName":"search_term_string"}}],"inLanguage":"fr-FR"}]}},"meta_box":{"industry":"","seo_heading":"","heading":"","description":"","cta_heading":"","cta_description":"","application":"3302","h1":"Plugin de flux GoDaddy TikTok","h1_caption":"Pr\u00e9sentez les vid\u00e9os TikTok tendances par hashtag ou par compte, en ajoutant sans effort du contenu dynamique et engageant \u00e0 votre site Web sur votre site Web GoDaddy.","application_category":[],"applications_title":"","applications_request_title":"","applications_request_button_text":"","hero_text":"","hero_video":"","hero_video_schema_markup":"","selling_points_title":"","selling_points_caption":"","selling_points":[],"selling_points_cta_text":"","features_title":"","features":"","ed_cta_examples_text":"","ed_cta_examples_hidden":"","ed_cta_demo_text":"","ed_cta_demo_hidden":"","why_caption":"","why_editor_title":"","why_editor_text":"","why_team_title":"","why_team_text":"","why_service_title":"","why_service_text":"","template_catalog_visible":"","template_catalog_title":"","template_catalog_text":"","template_catalog_categories_visible":"","demo_title":"Cr\u00e9ez votre plugin TikTok Feed","demo_caption":"Configurez votre flux TikTok et ajoutez-le gratuitement \u00e0 votre site Web GoDaddy\u00a0!","default_faq_hidden":"","app_template_category":[],"platform":"370","template_public_id":"","codecanyon_url":"","codecanyon_item_id":"","codecanyon_price":"","pricing_caption":"","pricing_elfsight_apps_hide_column":"","pricing_elfsight_apps_url":"","pricing_codecanyon_price_caption":"","integration_category":[],"integration_request_title":"","integration_request_cta":"","integration_platform":"","integrations":[],"platform_category":[],"video_schema_markup":"","price":"\u00e0 partir de 0$ \/ mois","trial":"","benefits":[{"text":"Aide \u00e0 l'installation gratuite"},{"text":"Service client comp\u00e9tent"},{"text":"Garantie de remboursement de 14 jours"},{"text":"Mises \u00e0 jour gratuites et continues"}],"button_url":"","button_target_blank":"","button_nofollow":"","attributes":[{"name":"Installations","content":"10,000 - 100,000"},{"name":"Sensible","content":"Oui"},{"name":"Navigateurs compatibles","content":"IE11, Firefox, Safari, Opera, Chrome, Edge"}],"tags":[],"tags_disable_links":"","hide_more_platforms":"","video_object":"","demo_hide_cta":"","demo_hide_cloud_options":"","pricing_title":"","pricing":[{"pricing_icon":"platform","pricing_title":"Elfsight Apps","pricing_title_caption":"Logiciel multiplateforme","pricing_price":"from $0 \/ month","pricing_price_caption":"commencez avec un forfait gratuit","pricing_benefits":[{"text":"Domaines illimit\u00e9s"},{"text":"Support premium et ponctuel et bien document\u00e9"},{"text":"Assistance \u00e0 l'installation gratuite"},{"text":"Enti\u00e8rement personnalisable"}],"pricing_button_text":"Ajouter au site Web","pricing_button_url":"#demo"}],"related_apps_title":"","related_apps_hidden":"","author":"","image":[],"title":"","job":"","social_networks":[]},"_links":{"self":[{"href":"https:\/\/elfsight.com\/fr\/wp-json\/wp\/v2\/pages\/10653","targetHints":{"allow":["GET"]}}],"collection":[{"href":"https:\/\/elfsight.com\/fr\/wp-json\/wp\/v2\/pages"}],"about":[{"href":"https:\/\/elfsight.com\/fr\/wp-json\/wp\/v2\/types\/page"}],"author":[{"embeddable":true,"href":"https:\/\/elfsight.com\/fr\/wp-json\/wp\/v2\/users\/9"}],"replies":[{"embeddable":true,"href":"https:\/\/elfsight.com\/fr\/wp-json\/wp\/v2\/comments?post=10653"}],"version-history":[{"count":1,"href":"https:\/\/elfsight.com\/fr\/wp-json\/wp\/v2\/pages\/10653\/revisions"}],"predecessor-version":[{"id":10657,"href":"https:\/\/elfsight.com\/fr\/wp-json\/wp\/v2\/pages\/10653\/revisions\/10657"}],"up":[{"embeddable":true,"href":"https:\/\/elfsight.com\/fr\/wp-json\/wp\/v2\/pages\/3303"}],"wp:attachment":[{"href":"https:\/\/elfsight.com\/fr\/wp-json\/wp\/v2\/media?parent=10653"}],"curies":[{"name":"wp","href":"https:\/\/api.w.org\/{rel}","templated":true}]}}