{"id":10651,"date":"1970-01-01T00:00:00","date_gmt":"1970-01-01T00:00:00","guid":{"rendered":"https:\/\/elfsight.com\/fr\/?page_id=10651"},"modified":"2025-07-10T13:51:22","modified_gmt":"2025-07-10T13:51:22","slug":"jimdo","status":"publish","type":"page","link":"https:\/\/elfsight.com\/fr\/tiktok-feed-widget\/jimdo\/","title":{"rendered":"TikTok Feed &#8211; Jimdo"},"content":{"rendered":"<div class=\"application-platform-content-item-description application-platform-content-item\" id=\"description\" data-nav-section=\"description\"><h2>Description<\/h2> <p>Elfsight TikTok Feed pour Jimdo est un widget dont le but est de vous aider \u00e0 r\u00e9pondre \u00e0 tous vos besoins actuels pour obtenir des impressions. et les demandes des visiteurs de votre site Web. R\u00e9v\u00e9lez les \u00e9l\u00e9ments n\u00e9cessaires \u00e0 remplir, choisissez le mod\u00e8le appropri\u00e9 et personnalisez l&rsquo;interface pour inciter encore plus vos utilisateurs \u00e0 poser des questions sur les services propos\u00e9s par votre entreprise. Le flux Tumblr est con\u00e7u pour r\u00e9pondre \u00e0 toutes vos demandes de collecte de commentaires et d&rsquo;\u00eatre en contact avec votre client\u00e8le.<\/p><p><b>Essayez TikTok pour relever plus rapidement vos d\u00e9fis e-commerce\u00a0! <\/b><\/p> <\/div> <div class=\"application-platform-content-item-features application-platform-content-item\" id=\"features\" data-nav-section=\"features\"> <h2>Explorez la liste des fonctionnalit\u00e9s les plus utiles\u00a0: <\/h2> <ul><li>Options de filtrage automatique et mode de mod\u00e9ration manuelle<\/li><li>Mode de mod\u00e9ration automatique pour un t\u00e9l\u00e9chargement constant de contenu<\/li><li>Cinq mod\u00e8les de publication pr\u00e9d\u00e9finis avec diff\u00e9rentes positions de photo, d&rsquo;image d&rsquo;auteur et de texte<\/li><li>Les publications vid\u00e9o sont lues automatiquement dans un mode contextuel <\/li><li>Affichez vos publications dans une pop-up <\/li><li>Deux variantes de repr\u00e9sentation des publications pop-up\u00a0: slider et feed<\/li><\/ul><p><a href=\"#demo\">Vous pouvez v\u00e9rifier les offres du widget \u00e0 l&rsquo;aide de la d\u00e9mo<\/a><\/p> <\/div> <div class=\"application-platform-content-item-installation application-platform-content-item\" id=\"installation\" data-nav-section=\"installation\"> <h2>Comment int\u00e9grer le flux TikTok sur un Jimdo site? <\/h2> <p>Suivez simplement quelques \u00e9tapes pr\u00e9sent\u00e9es ci-dessous pour commencer \u00e0 travailler avec le widget. <\/p> <ol><li><b>Utilisez notre configurateur gratuit et commencez \u00e0 fa\u00e7onner votre widget personnalis\u00e9. <\/b><br> Recherchez l&rsquo;apparence et les fonctionnalit\u00e9s pr\u00e9f\u00e9rables du widget et enregistrez les modifications. <\/li> <li><b>Copiez le code unique r\u00e9v\u00e9l\u00e9 dans la bo\u00eete sur Elfsight Apps. <\/b><br> Une fois la cr\u00e9ation de votre widget termin\u00e9e, copiez le code individuel dans la fen\u00eatre et enregistrez-le pour une utilisation ult\u00e9rieure. <\/li> <li><b>Commencez \u00e0 utiliser le widget sur la page Web Jimdo. <\/b><br> Ins\u00e9rez le code copi\u00e9 r\u00e9cemment dans votre site Web et appliquez les modifications. <\/li> <li><b>L&rsquo;installation s&rsquo;est termin\u00e9e avec succ\u00e8s. <\/b><br> Rendez-vous sur votre site pour jeter un \u0153il au fonctionnement du widget. <\/li><\/ol> <p>\u00c0 condition d&rsquo;avoir des questions ou de rencontrer des difficult\u00e9s, n&rsquo;h\u00e9sitez pas \u00e0 contacter notre \u00e9quipe d&rsquo;assistance. Nos collaborateurs seront ravis de vous aider avec tous les probl\u00e8mes que vous pourriez rencontrer avec le widget. <\/p> <\/div><div class=\"faq\" data-component=\"FAQ\"><div class=\"faq-item\">\r\n\t\t\t\t\t<div class=\"faq-item-question\">\r\n\t\t\t\t\t\t<h3 class=\"faq-item-question-text\">De quelle mani\u00e8re est-il possible d'int\u00e9grer le flux TikTok \u00e0 ma page Web Jimdo sans connaissances en codage ?<\/h3>\r\n\r\n\t\t\t\t\t\t<div class=\"faq-item-question-icon\"><\/div>\r\n\t\t\t\t\t<\/div>\r\n\r\n\t\t\t\t\t<div class=\"faq-item-answer\">\r\n\t\t\t\t\t\t<div class=\"faq-item-answer-text\"><p>Elfsight La soci\u00e9t\u00e9 propose une solution SaaS qui vous permet de g\u00e9n\u00e9rer vous-m\u00eame une section de flux TikTok, d\u00e9couvrez \u00e0 quel point c&rsquo;est simple\u00a0:<\/p><ul><li>Acc\u00e9dez \u00e0 la d\u00e9mo en direct pour cr\u00e9er une section de flux TikTok que vous souhaiteriez voir appara\u00eetre sur Jimdo. .<\/li><li>Choisissez l&rsquo;un de nos mod\u00e8les pr\u00e9d\u00e9finis et modifiez les param\u00e8tres du flux TikTok, changez la mise en page et la palette de couleurs, ajoutez votre contenu sans exp\u00e9rience de codage.<\/li><li>Cliquez pour enregistrer le TikTok Feed et obtenez le code d&rsquo;installation du widget, que vous pouvez simplement inclure dans la page Web Jimdo sans acheter de forfait payant.<\/li><\/ul><p>\u00c0 l&rsquo;aide de notre configurateur simple, chaque internaute peut cr\u00e9er un flux TikTok et l&rsquo;inclure \u00e0 n&rsquo;importe quel Site Jimdo. Vous ne devez pas payer ni soumettre les donn\u00e9es de votre carte pour acc\u00e9der \u00e0 notre \u00e9diteur. Si vous rencontrez des probl\u00e8mes \u00e0 quelque \u00e9tape que ce soit, n&rsquo;h\u00e9sitez pas \u00e0 vous adresser \u00e0 notre \u00e9quipe d&rsquo;assistance.<\/p><\/div>\r\n\t\t\t\t\t<\/div>\r\n\t\t\t\t<\/div><\/div>","protected":false},"excerpt":{"rendered":"","protected":false},"author":9,"featured_media":0,"parent":3303,"menu_order":0,"comment_status":"closed","ping_status":"closed","template":"templates\/template-application-platform.php","meta":{"publish_to_discourse":"","publish_post_category":"","wpdc_auto_publish_overridden":"","wpdc_topic_tags":"","wpdc_pin_topic":"","wpdc_pin_until":"","discourse_post_id":"","discourse_permalink":"","wpdc_publishing_response":"","wpdc_publishing_error":"","footnotes":""},"class_list":["post-10651","page","type-page","status-publish","hentry"],"yoast_head":"<!-- This site is optimized with the Yoast SEO plugin v25.3.1 - https:\/\/yoast.com\/wordpress\/plugins\/seo\/ -->\n<title>Ajoutez le widget TikTok Feed au site Jimdo (rapide et gratuit)<\/title>\n<meta name=\"description\" content=\"Int\u00e9grez un widget Jimdo TikTok Feed facile \u00e0 g\u00e9rer sur votre site Web. Essayez la d\u00e9mo pratique d&#039;Elfsight et modifiez votre magnifique widget TikTok.\" \/>\n<meta name=\"robots\" content=\"index, follow, max-snippet:-1, max-image-preview:large, max-video-preview:-1\" \/>\n<link rel=\"canonical\" href=\"https:\/\/elfsight.com\/fr\/tiktok-feed-widget\/jimdo\/\" \/>\n<meta property=\"og:locale\" content=\"fr_FR\" \/>\n<meta property=\"og:type\" content=\"article\" \/>\n<meta property=\"og:title\" content=\"Ajoutez le widget TikTok Feed au site Jimdo (rapide et gratuit)\" \/>\n<meta property=\"og:description\" content=\"Int\u00e9grez un widget Jimdo TikTok Feed facile \u00e0 g\u00e9rer sur votre site Web. Essayez la d\u00e9mo pratique d&#039;Elfsight et modifiez votre magnifique widget TikTok.\" \/>\n<meta property=\"og:url\" content=\"https:\/\/elfsight.com\/fr\/tiktok-feed-widget\/jimdo\/\" \/>\n<meta property=\"og:site_name\" content=\"Elfsight FR\" \/>\n<meta property=\"article:modified_time\" content=\"2025-07-10T13:51:22+00:00\" \/>\n<meta name=\"twitter:card\" content=\"summary_large_image\" \/>\n<meta name=\"twitter:label1\" content=\"Dur\u00e9e de lecture estim\u00e9e\" \/>\n\t<meta name=\"twitter:data1\" content=\"3 minutes\" \/>\n<!-- \/ Yoast SEO plugin. -->","yoast_head_json":{"title":"Ajoutez le widget TikTok Feed au site Jimdo (rapide et gratuit)","description":"Int\u00e9grez un widget Jimdo TikTok Feed facile \u00e0 g\u00e9rer sur votre site Web. Essayez la d\u00e9mo pratique d'Elfsight et modifiez votre magnifique widget TikTok.","robots":{"index":"index","follow":"follow","max-snippet":"max-snippet:-1","max-image-preview":"max-image-preview:large","max-video-preview":"max-video-preview:-1"},"canonical":"https:\/\/elfsight.com\/fr\/tiktok-feed-widget\/jimdo\/","og_locale":"fr_FR","og_type":"article","og_title":"Ajoutez le widget TikTok Feed au site Jimdo (rapide et gratuit)","og_description":"Int\u00e9grez un widget Jimdo TikTok Feed facile \u00e0 g\u00e9rer sur votre site Web. Essayez la d\u00e9mo pratique d'Elfsight et modifiez votre magnifique widget TikTok.","og_url":"https:\/\/elfsight.com\/fr\/tiktok-feed-widget\/jimdo\/","og_site_name":"Elfsight FR","article_modified_time":"2025-07-10T13:51:22+00:00","twitter_card":"summary_large_image","twitter_misc":{"Dur\u00e9e de lecture estim\u00e9e":"3 minutes"},"schema":{"@context":"https:\/\/schema.org","@graph":[{"@type":"WebPage","@id":"https:\/\/elfsight.com\/fr\/tiktok-feed-widget\/jimdo\/","url":"https:\/\/elfsight.com\/fr\/tiktok-feed-widget\/jimdo\/","name":"Ajoutez le widget TikTok Feed au site Jimdo (rapide et gratuit)","isPartOf":{"@id":"https:\/\/elfsight.com\/fr\/#website"},"datePublished":"1970-01-01T00:00:00+00:00","dateModified":"2025-07-10T13:51:22+00:00","description":"Int\u00e9grez un widget Jimdo TikTok Feed facile \u00e0 g\u00e9rer sur votre site Web. Essayez la d\u00e9mo pratique d'Elfsight et modifiez votre magnifique widget TikTok.","breadcrumb":{"@id":"https:\/\/elfsight.com\/fr\/tiktok-feed-widget\/jimdo\/#breadcrumb"},"inLanguage":"fr-FR","potentialAction":[{"@type":"ReadAction","target":["https:\/\/elfsight.com\/fr\/tiktok-feed-widget\/jimdo\/"]}]},{"@type":"BreadcrumbList","@id":"https:\/\/elfsight.com\/fr\/tiktok-feed-widget\/jimdo\/#breadcrumb","itemListElement":[{"@type":"ListItem","position":1,"name":"Home","item":"https:\/\/elfsight.com\/fr\/"},{"@type":"ListItem","position":2,"name":"TikTok Feed","item":"https:\/\/elfsight.com\/fr\/tiktok-feed-widget\/"},{"@type":"ListItem","position":3,"name":"TikTok Feed &#8211; Jimdo"}]},{"@type":"WebSite","@id":"https:\/\/elfsight.com\/fr\/#website","url":"https:\/\/elfsight.com\/fr\/","name":"Elfsight FR","description":"","potentialAction":[{"@type":"SearchAction","target":{"@type":"EntryPoint","urlTemplate":"https:\/\/elfsight.com\/fr\/?s={search_term_string}"},"query-input":{"@type":"PropertyValueSpecification","valueRequired":true,"valueName":"search_term_string"}}],"inLanguage":"fr-FR"}]}},"meta_box":{"industry":"","seo_heading":"","heading":"","description":"","cta_heading":"","cta_description":"","application":"3302","h1":"Widget de flux Jimdo TikTok","h1_caption":"Pr\u00e9sentez les vid\u00e9os TikTok tendances par hashtag ou par compte, en ajoutant sans effort du contenu dynamique et engageant \u00e0 votre site Web sur votre site Web Jimdo.","application_category":[],"applications_title":"","applications_request_title":"","applications_request_button_text":"","hero_text":"","hero_video":"","hero_video_schema_markup":"","selling_points_title":"","selling_points_caption":"","selling_points":[],"selling_points_cta_text":"","features_title":"","features":"","ed_cta_examples_text":"","ed_cta_examples_hidden":"","ed_cta_demo_text":"","ed_cta_demo_hidden":"","why_caption":"","why_editor_title":"","why_editor_text":"","why_team_title":"","why_team_text":"","why_service_title":"","why_service_text":"","template_catalog_visible":"","template_catalog_title":"","template_catalog_text":"","template_catalog_categories_visible":"","demo_title":"Cr\u00e9ez votre widget Flux TikTok","demo_caption":"Configurez votre flux TikTok et ajoutez-le gratuitement \u00e0 votre site Jimdo !","default_faq_hidden":"","app_template_category":[],"platform":"372","template_public_id":"","codecanyon_url":"","codecanyon_item_id":"","codecanyon_price":"","pricing_caption":"","pricing_elfsight_apps_hide_column":"","pricing_elfsight_apps_url":"","pricing_codecanyon_price_caption":"","integration_category":[],"integration_request_title":"","integration_request_cta":"","integration_platform":"","integrations":[],"platform_category":[],"video_schema_markup":"","price":"22\u00a0$","trial":"","benefits":[{"text":"Assistance \u00e0 l'installation gratuite"},{"text":"Un soutien exceptionnel"},{"text":"Garantie de remboursement de 14 jours"},{"text":"Am\u00e9liorations gratuites \u00e0 vie"}],"button_url":"","button_target_blank":"","button_nofollow":"","attributes":[{"name":"Installations","content":"10,000 - 100,000"},{"name":"Sensible","content":"Oui"},{"name":"Navigateurs compatibles","content":"Firefox, Safari, Opera, Chrome, Edge"}],"tags":[],"tags_disable_links":"","hide_more_platforms":"","video_object":"","demo_hide_cta":"","demo_hide_cloud_options":"","pricing_title":"","pricing":[{"pricing_icon":"platform","pricing_title":"Elfsight Apps","pricing_title_caption":"Logiciel multiplateforme","pricing_price":"from $0 \/ month","pricing_price_caption":"commencez avec un forfait gratuit","pricing_benefits":[{"text":"Nombre de domaines illimit\u00e9"},{"text":"Assistance professionnelle et ponctuelle"},{"text":"Aide \u00e0 l'installation gratuite"},{"text":"Enti\u00e8rement personnalisable"}],"pricing_button_text":"Ajouter au site Web","pricing_button_url":"#demo"}],"related_apps_title":"","related_apps_hidden":"","author":"","image":[],"title":"","job":"","social_networks":[]},"_links":{"self":[{"href":"https:\/\/elfsight.com\/fr\/wp-json\/wp\/v2\/pages\/10651","targetHints":{"allow":["GET"]}}],"collection":[{"href":"https:\/\/elfsight.com\/fr\/wp-json\/wp\/v2\/pages"}],"about":[{"href":"https:\/\/elfsight.com\/fr\/wp-json\/wp\/v2\/types\/page"}],"author":[{"embeddable":true,"href":"https:\/\/elfsight.com\/fr\/wp-json\/wp\/v2\/users\/9"}],"replies":[{"embeddable":true,"href":"https:\/\/elfsight.com\/fr\/wp-json\/wp\/v2\/comments?post=10651"}],"version-history":[{"count":1,"href":"https:\/\/elfsight.com\/fr\/wp-json\/wp\/v2\/pages\/10651\/revisions"}],"predecessor-version":[{"id":10655,"href":"https:\/\/elfsight.com\/fr\/wp-json\/wp\/v2\/pages\/10651\/revisions\/10655"}],"up":[{"embeddable":true,"href":"https:\/\/elfsight.com\/fr\/wp-json\/wp\/v2\/pages\/3303"}],"wp:attachment":[{"href":"https:\/\/elfsight.com\/fr\/wp-json\/wp\/v2\/media?parent=10651"}],"curies":[{"name":"wp","href":"https:\/\/api.w.org\/{rel}","templated":true}]}}