{"id":10589,"date":"1970-01-01T00:00:00","date_gmt":"1970-01-01T00:00:00","guid":{"rendered":"https:\/\/elfsight.com\/fr\/?page_id=10589"},"modified":"2025-07-10T13:47:10","modified_gmt":"2025-07-10T13:47:10","slug":"drupal","status":"publish","type":"page","link":"https:\/\/elfsight.com\/fr\/telegram-chat-widget\/drupal\/","title":{"rendered":"Telegram Chat &#8211; Drupal"},"content":{"rendered":"<div class=\"application-platform-content-item-description application-platform-content-item\" id=\"description\" data-nav-section=\"description\"><h2>Description<\/h2><p>Le module Telegram d\u00e9velopp\u00e9 par Elfsight est l&rsquo;outil le plus pratique permettant aux clients de votre page Web de vous contacter et d&rsquo;entendre les r\u00e9ponses aux questions. leurs questions et demandes. Vous \u00eates libre de rester disponible en ligne pour votre client\u00e8le dans la messagerie la plus confortable 24h\/24 et 7j\/7. Ins\u00e9rez Telegram Chat sur votre site Web et laissez-le appara\u00eetre sur des pages sp\u00e9cifiques ou pour certains types de personnes, s\u00e9lectionnez les d\u00e9clencheurs de d\u00e9marrage du chat, r\u00e9digez votre propre message de bienvenue, modifiez les ic\u00f4nes et bien plus encore. En utilisant Telegram Messenger sur votre site Web, vous resterez connect\u00e9 avec vos utilisateurs \u00e0 tout moment et o\u00f9 que vous soyez.<\/p><p><b>C&rsquo;est l&rsquo;un des moyens les plus simples pour les gens de vous joindre et de r\u00e9soudre leurs questions\u00a0! <\/b><\/p><\/div><div class=\"application-platform-content-item-features application-platform-content-item\" id=\"features\" data-nav-section=\"features\"><h2>Fonctionnalit\u00e9s<\/h2><p>Ici vous pouvez voir tous les traits fonctionnels de Telegram Chat. Vous pouvez les ajuster directement dans l&rsquo;\u00e9diteur et ils vous aideront \u00e0 construire le widget sp\u00e9cialement pour votre cas.<\/p><ul><li>Int\u00e9grez Telegram Messenger sur votre page pour discuter avec les visiteurs<li>Trois variantes de position de chat\u00a0: bulle flottante, bulle int\u00e9gr\u00e9e et fen\u00eatre de discussion int\u00e9gr\u00e9e\u00a0;<\/li><li>Une collection d&rsquo;ic\u00f4nes de bulle \u00e0 choisir\u00a0;<\/li><li>Option pour modifier le texte de la bulle\u00a0;<\/li><li>En-t\u00eate de discussion avec image, nom et l\u00e9gende de la page.<\/li><\/ul><p><a href=\"#demo\">D\u00e9couvrez le fonctionnement de toutes les fonctionnalit\u00e9s dans notre d\u00e9mo<\/a><\/p><\/div> <div class=\"application-platform-content-item-installation application-platform-content-item\" id=\"installation\" data-nav-section=\"installation\"><h2>Comment ajouter Telegram Chat Box \u00e0 Drupal\u00a0?<\/h2><p>Suivez simplement plusieurs \u00e9tapes ci-dessous pour ins\u00e9rer l&rsquo;outil sur Drupal.<\/p> <ol><li> <b>Utilisez notre configurateur gratuit et commencez \u00e0 cr\u00e9er votre propre module Telegram Chat. <\/b><br> D\u00e9terminez l&rsquo;interface et les sp\u00e9cifications appropri\u00e9es du module et appliquez les modifications. <\/li> <li><b>Acqu\u00e9rez votre code personnel qui appara\u00eet dans la case sur Elfsight Apps. <\/b><br> Une fois la configuration de votre module personnel termin\u00e9e, copiez le code exclusif dans la fen\u00eatre contextuelle qui appara\u00eet et enregistrez-le pour une utilisation ult\u00e9rieure. <\/li> <li><b>Commencez \u00e0 utiliser le widget sur votre site Web Drupal. <\/b><br> Int\u00e9grez le code que vous avez copi\u00e9 auparavant dans votre site Web et appliquez les am\u00e9liorations. <\/li> <li><b>L&rsquo;installation est effectu\u00e9e avec succ\u00e8s. <\/b><br> Acc\u00e9dez \u00e0 votre site Web pour v\u00e9rifier le fonctionnement de l&rsquo;outil. <\/li><\/ol><p>N&rsquo;h\u00e9sitez pas \u00e0 contacter le support client d&rsquo;Elfsight si vous avez besoin de conseils ou si vous rencontrez des probl\u00e8mes. Nos sp\u00e9cialistes se feront un plaisir de r\u00e9pondre \u00e0 chaque demande.<\/p><div class=\"faq\" data-component=\"FAQ\"> <div class=\"faq-item\">\r\n\t\t\t\t\t<div class=\"faq-item-question\">\r\n\t\t\t\t\t\t<h3 class=\"faq-item-question-text\">Comment ajouter Telegram Chat \u00e0 mon site Drupal sans comp\u00e9tences en codage ?<\/h3>\r\n\r\n\t\t\t\t\t\t<div class=\"faq-item-question-icon\"><\/div>\r\n\t\t\t\t\t<\/div>\r\n\r\n\t\t\t\t\t<div class=\"faq-item-answer\">\r\n\t\t\t\t\t\t<div class=\"faq-item-answer-text\"> <p>Elfsight fournit une solution SaaS qui vous permet de cr\u00e9er un widget Telegram Chat vous-m\u00eame, voyez \u00e0 quel point le processus est simple\u00a0: travaillez directement dans l&rsquo;\u00e9diteur en ligne pour cr\u00e9er un widget Telegram Chat que vous aimeriez voir sur votre site Web Drupal. Choisissez l&rsquo;un des mod\u00e8les pr\u00e9d\u00e9finis et ajustez les param\u00e8tres de Telegram Chat, ajoutez votre contenu, modifiez la mise en page et les couleurs sans aucune comp\u00e9tence en codage. Enregistrez le chat Telegram et copiez son code d&rsquo;installation, que vous pouvez facilement coller sur votre site Web Drupal sans acheter d&rsquo;abonnement payant. Gr\u00e2ce \u00e0 notre \u00e9diteur intuitif, tout internaute peut cr\u00e9er un widget Telegram Chat en ligne et l&rsquo;int\u00e9grer facilement \u00e0 son site Web Drupal. Il n&rsquo;est pas n\u00e9cessaire de payer ou de saisir les informations d&rsquo;identification de votre carte pour acc\u00e9der au service. Si vous rencontrez des probl\u00e8mes \u00e0 n&rsquo;importe quelle \u00e9tape, n&rsquo;h\u00e9sitez pas \u00e0 contacter notre \u00e9quipe d&rsquo;assistance technique.<\/p> <\/div>\r\n\t\t\t\t\t<\/div>\r\n\t\t\t\t<\/div> <\/div> <\/div>","protected":false},"excerpt":{"rendered":"","protected":false},"author":9,"featured_media":0,"parent":2697,"menu_order":0,"comment_status":"closed","ping_status":"closed","template":"templates\/template-application-platform.php","meta":{"publish_to_discourse":"","publish_post_category":"","wpdc_auto_publish_overridden":"","wpdc_topic_tags":"","wpdc_pin_topic":"","wpdc_pin_until":"","discourse_post_id":"","discourse_permalink":"","wpdc_publishing_response":"","wpdc_publishing_error":"","footnotes":""},"class_list":["post-10589","page","type-page","status-publish","hentry"],"yoast_head":"<!-- This site is optimized with the Yoast SEO plugin v25.3.1 - https:\/\/yoast.com\/wordpress\/plugins\/seo\/ -->\n<title>Ajouter Telegram Chat Box au site Web Drupal (gratuit et rapide)<\/title>\n<meta name=\"description\" content=\"Avec Elfsight, cr\u00e9ez votre bo\u00eete de discussion Telegram et ajoutez-la rapidement sur votre site Drupal. Nous offrons un service client gratuit et plus de bonus.\" \/>\n<meta name=\"robots\" content=\"index, follow, max-snippet:-1, max-image-preview:large, max-video-preview:-1\" \/>\n<link rel=\"canonical\" href=\"https:\/\/elfsight.com\/fr\/telegram-chat-widget\/drupal\/\" \/>\n<meta property=\"og:locale\" content=\"fr_FR\" \/>\n<meta property=\"og:type\" content=\"article\" \/>\n<meta property=\"og:title\" content=\"Ajouter Telegram Chat Box au site Web Drupal (gratuit et rapide)\" \/>\n<meta property=\"og:description\" content=\"Avec Elfsight, cr\u00e9ez votre bo\u00eete de discussion Telegram et ajoutez-la rapidement sur votre site Drupal. Nous offrons un service client gratuit et plus de bonus.\" \/>\n<meta property=\"og:url\" content=\"https:\/\/elfsight.com\/fr\/telegram-chat-widget\/drupal\/\" \/>\n<meta property=\"og:site_name\" content=\"Elfsight FR\" \/>\n<meta property=\"article:modified_time\" content=\"2025-07-10T13:47:10+00:00\" \/>\n<meta name=\"twitter:card\" content=\"summary_large_image\" \/>\n<meta name=\"twitter:label1\" content=\"Dur\u00e9e de lecture estim\u00e9e\" \/>\n\t<meta name=\"twitter:data1\" content=\"3 minutes\" \/>\n<!-- \/ Yoast SEO plugin. -->","yoast_head_json":{"title":"Ajouter Telegram Chat Box au site Web Drupal (gratuit et rapide)","description":"Avec Elfsight, cr\u00e9ez votre bo\u00eete de discussion Telegram et ajoutez-la rapidement sur votre site Drupal. Nous offrons un service client gratuit et plus de bonus.","robots":{"index":"index","follow":"follow","max-snippet":"max-snippet:-1","max-image-preview":"max-image-preview:large","max-video-preview":"max-video-preview:-1"},"canonical":"https:\/\/elfsight.com\/fr\/telegram-chat-widget\/drupal\/","og_locale":"fr_FR","og_type":"article","og_title":"Ajouter Telegram Chat Box au site Web Drupal (gratuit et rapide)","og_description":"Avec Elfsight, cr\u00e9ez votre bo\u00eete de discussion Telegram et ajoutez-la rapidement sur votre site Drupal. Nous offrons un service client gratuit et plus de bonus.","og_url":"https:\/\/elfsight.com\/fr\/telegram-chat-widget\/drupal\/","og_site_name":"Elfsight FR","article_modified_time":"2025-07-10T13:47:10+00:00","twitter_card":"summary_large_image","twitter_misc":{"Dur\u00e9e de lecture estim\u00e9e":"3 minutes"},"schema":{"@context":"https:\/\/schema.org","@graph":[{"@type":"WebPage","@id":"https:\/\/elfsight.com\/fr\/telegram-chat-widget\/drupal\/","url":"https:\/\/elfsight.com\/fr\/telegram-chat-widget\/drupal\/","name":"Ajouter Telegram Chat Box au site Web Drupal (gratuit et rapide)","isPartOf":{"@id":"https:\/\/elfsight.com\/fr\/#website"},"datePublished":"1970-01-01T00:00:00+00:00","dateModified":"2025-07-10T13:47:10+00:00","description":"Avec Elfsight, cr\u00e9ez votre bo\u00eete de discussion Telegram et ajoutez-la rapidement sur votre site Drupal. Nous offrons un service client gratuit et plus de bonus.","breadcrumb":{"@id":"https:\/\/elfsight.com\/fr\/telegram-chat-widget\/drupal\/#breadcrumb"},"inLanguage":"fr-FR","potentialAction":[{"@type":"ReadAction","target":["https:\/\/elfsight.com\/fr\/telegram-chat-widget\/drupal\/"]}]},{"@type":"BreadcrumbList","@id":"https:\/\/elfsight.com\/fr\/telegram-chat-widget\/drupal\/#breadcrumb","itemListElement":[{"@type":"ListItem","position":1,"name":"Home","item":"https:\/\/elfsight.com\/fr\/"},{"@type":"ListItem","position":2,"name":"Telegram Chat","item":"https:\/\/elfsight.com\/fr\/telegram-chat-widget\/"},{"@type":"ListItem","position":3,"name":"Telegram Chat &#8211; Drupal"}]},{"@type":"WebSite","@id":"https:\/\/elfsight.com\/fr\/#website","url":"https:\/\/elfsight.com\/fr\/","name":"Elfsight FR","description":"","potentialAction":[{"@type":"SearchAction","target":{"@type":"EntryPoint","urlTemplate":"https:\/\/elfsight.com\/fr\/?s={search_term_string}"},"query-input":{"@type":"PropertyValueSpecification","valueRequired":true,"valueName":"search_term_string"}}],"inLanguage":"fr-FR"}]}},"meta_box":{"industry":"","seo_heading":"","heading":"","description":"","cta_heading":"","cta_description":"","application":"2690","h1":"Chat par t\u00e9l\u00e9gramme Drupal","h1_caption":"Permettez aux utilisateurs de discuter avec vous par t\u00e9l\u00e9gramme directement depuis votre site Web, offrant ainsi un autre canal d'assistance rapide et pratique vers votre site Web Drupal sans effort.","application_category":[],"applications_title":"","applications_request_title":"","applications_request_button_text":"","hero_text":"","hero_video":"","hero_video_schema_markup":"","selling_points_title":"","selling_points_caption":"","selling_points":[],"selling_points_cta_text":"","features_title":"","features":"","ed_cta_examples_text":"","ed_cta_examples_hidden":"","ed_cta_demo_text":"","ed_cta_demo_hidden":"","why_caption":"","why_editor_title":"","why_editor_text":"","why_team_title":"","why_team_text":"","why_service_title":"","why_service_text":"","template_catalog_visible":"","template_catalog_title":"","template_catalog_text":"","template_catalog_categories_visible":"","demo_title":"Cr\u00e9ez votre module Telegram Chat","demo_caption":"Configurez votre Telegram Chat et ajoutez-le \u00e0 votre site Drupal gratuitement !","default_faq_hidden":"","app_template_category":[],"platform":"351","template_public_id":"","codecanyon_url":"","codecanyon_item_id":"","codecanyon_price":"","pricing_caption":"","pricing_elfsight_apps_hide_column":"","pricing_elfsight_apps_url":"","pricing_codecanyon_price_caption":"","integration_category":[],"integration_request_title":"","integration_request_cta":"","integration_platform":"","integrations":[],"platform_category":[],"video_schema_markup":"","price":"\u00e0 partir de 0$ \/ mois","trial":"","benefits":[{"text":"Assistance \u00e0 l'installation gratuite"},{"text":"Service client professionnel"},{"text":"Garantie de remboursement de 14 jours"},{"text":"Am\u00e9liorations continues"}],"button_url":"","button_target_blank":"","button_nofollow":"","attributes":[{"name":"Installations","content":"10,000 - 100,000"},{"name":"Sensible","content":"Oui"},{"name":"Navigateurs compatibles","content":"IE11, Firefox, Safari, Opera, Chrome, Edge"}],"tags":[],"tags_disable_links":"","hide_more_platforms":"","video_object":"","demo_hide_cta":"","demo_hide_cloud_options":"","pricing_title":"","pricing":[{"pricing_icon":"platform","pricing_title":"Elfsight Apps","pricing_title_caption":"Solution num\u00e9rique multiplateforme","pricing_price":"from $0 \/ month","pricing_price_caption":"commencez avec un forfait gratuit","pricing_benefits":[{"text":"Domaines illimit\u00e9s"},{"text":"Support client d\u00e9di\u00e9"},{"text":"Aide \u00e0 l'installation gratuite"},{"text":"Offre sp\u00e9ciale pour plusieurs applications"}],"pricing_button_text":"Ajouter au site Web","pricing_button_url":"#demo"}],"related_apps_title":"","related_apps_hidden":"","author":"","image":[],"title":"","job":"","social_networks":[]},"_links":{"self":[{"href":"https:\/\/elfsight.com\/fr\/wp-json\/wp\/v2\/pages\/10589","targetHints":{"allow":["GET"]}}],"collection":[{"href":"https:\/\/elfsight.com\/fr\/wp-json\/wp\/v2\/pages"}],"about":[{"href":"https:\/\/elfsight.com\/fr\/wp-json\/wp\/v2\/types\/page"}],"author":[{"embeddable":true,"href":"https:\/\/elfsight.com\/fr\/wp-json\/wp\/v2\/users\/9"}],"replies":[{"embeddable":true,"href":"https:\/\/elfsight.com\/fr\/wp-json\/wp\/v2\/comments?post=10589"}],"version-history":[{"count":1,"href":"https:\/\/elfsight.com\/fr\/wp-json\/wp\/v2\/pages\/10589\/revisions"}],"predecessor-version":[{"id":10593,"href":"https:\/\/elfsight.com\/fr\/wp-json\/wp\/v2\/pages\/10589\/revisions\/10593"}],"up":[{"embeddable":true,"href":"https:\/\/elfsight.com\/fr\/wp-json\/wp\/v2\/pages\/2697"}],"wp:attachment":[{"href":"https:\/\/elfsight.com\/fr\/wp-json\/wp\/v2\/media?parent=10589"}],"curies":[{"name":"wp","href":"https:\/\/api.w.org\/{rel}","templated":true}]}}