{"id":10588,"date":"1970-01-01T00:00:00","date_gmt":"1970-01-01T00:00:00","guid":{"rendered":"https:\/\/elfsight.com\/fr\/?page_id=10588"},"modified":"2024-12-20T09:18:01","modified_gmt":"2024-12-20T09:18:01","slug":"elementor","status":"publish","type":"page","link":"https:\/\/elfsight.com\/fr\/telegram-chat-widget\/elementor\/","title":{"rendered":"Telegram Chat &#8211; Elementor"},"content":{"rendered":"\n<div class=\"application-platform-content-item-description application-platform-content-item\" id=\"description\" data-nav-section=\"description\"><h2>Int\u00e9grer le chat Telegram sur Elementor avec le widget Elfsight<\/h2><p>Le widget Telegram cr\u00e9\u00e9 par Elfsight est une variante fluide et rapide pour votre public du site pour vous contacter et obtenir des r\u00e9ponses \u00e0 leurs questions. Vous \u00eates d\u00e9sormais disponible en ligne pour vos clients dans l&rsquo;une des messageries les plus populaires, o\u00f9 que vous soyez. Int\u00e9grez Telegram Chat sur votre page Web et faites-le appara\u00eetre sur les pages choisies ou pour des cat\u00e9gories de t\u00e9l\u00e9spectateurs choisies, attribuez des d\u00e9clencheurs de d\u00e9marrage de discussion, cr\u00e9ez votre propre message de bienvenue, d\u00e9finissez des ic\u00f4nes et faites plus encore. Avec l&rsquo;aide de Telegram Messenger fonctionnant sur la page Web, vous serez publi\u00e9 par votre public \u00e0 tout moment et quel que soit votre lieu.<\/p><p><b>C&rsquo;est l&rsquo;un des moyens les plus pratiques pour les gens de s&rsquo;adresser \u00e0 vous et r\u00e9soudre leurs probl\u00e8mes\u00a0!<\/b><\/p><\/div><div class=\"application-platform-content-item-features application-platform-content-item\" id=\"features\" data-nav-section=\"features\"><h2>Principales fonctionnalit\u00e9s du widget Telegram Chat<\/h2><p>Consultez une liste de tous les fonctionnalit\u00e9s de Telegram Chat. Vous pouvez les g\u00e9rer directement dans l&rsquo;\u00e9diteur et ils vous aideront \u00e0 cr\u00e9er le widget adapt\u00e9 \u00e0 vos besoins.<\/p><ul><li>Int\u00e9grez Telegram Messenger sur votre site Web pour avoir des conversations avec les utilisateurs<\/li><li>Trois types de position de discussion\u00a0: bulle flottante, bulle int\u00e9gr\u00e9e et fen\u00eatre de discussion int\u00e9gr\u00e9e\u00a0;<\/li><li>Une collection d&rsquo;ic\u00f4nes de bulle \u00e0 choisir\u00a0;<\/li><li>Option pour modifier le texte de la bulle\u00a0;<\/li> <li>En-t\u00eate de discussion avec image de page, nom et l\u00e9gende.<\/li><\/ul><p><a href=\"#demo\">Testez toutes les autres fonctions de la d\u00e9mo<\/a><\/p><\/div><div class=\"application-platform-content-item-installation application-platform-content-item\" id=\"installation\" data-nav-section=\"installation\"><h2>Comment puis-je int\u00e9grer Telegram Chat Box sur Elementor\u00a0?<\/h2><div class=\"video-container\"><iframe width=\"720\" height=\"405\" src=\"https:\/\/www.youtube.com\/embed\/9LWI5_VSDkY\" frameborder=\"0\" allowfullscreen=\"\"><\/iframe><\/div><p>Pour commencer \u00e0 utiliser le widget, suivez simplement quelques \u00e9tapes rapides .<\/p><ol><li><b>Concevez votre widget Telegram personnalis\u00e9<\/b><br>\u00c0 l&rsquo;aide de notre configurateur gratuit, cr\u00e9ez un plugin avec une mise en page et des caract\u00e9ristiques fonctionnelles s\u00e9lectionn\u00e9es.<\/li><li><b>Recevez le code individuel pour int\u00e9grer le widget<\/b><br>Apr\u00e8s avoir cr\u00e9\u00e9 votre widget, vous recevrez votre code d&rsquo;installation \u00e0 partir de la notification apparue sur Elfsight Apps. Copiez-le pour une utilisation ult\u00e9rieure.<\/li><li><b>Ajoutez le widget sur votre site Elementor<\/b><br>Choisissez l&rsquo;endroit o\u00f9 vous pr\u00e9voyez d&rsquo;afficher le plugin et collez-y le code enregistr\u00e9. Enregistrez les modifications.<\/li><li><b>L&rsquo;int\u00e9gration est r\u00e9ussie\u00a0!<\/b><br>Entrez sur votre site Web pour jeter un \u0153il \u00e0 votre travail.<\/li><\/ol><p>Ressentez N&rsquo;h\u00e9sitez pas \u00e0 contacter notre service d&rsquo;assistance lorsque vous avez besoin d&rsquo;aide ou si vous avez des questions. Nous vous donnerons un coup de main pour chaque demande.<\/p><div class=\"faq\" data-component=\"FAQ\"> <div class=\"faq-item\">\r\n\t\t\t\t\t<div class=\"faq-item-question\">\r\n\t\t\t\t\t\t<h3 class=\"faq-item-question-text\">Comment puis-je ajouter Telegram Chat \u00e0 mon site Web Elementor sans comp\u00e9tences en codage ?<\/h3>\r\n\r\n\t\t\t\t\t\t<div class=\"faq-item-question-icon\"><\/div>\r\n\t\t\t\t\t<\/div>\r\n\r\n\t\t\t\t\t<div class=\"faq-item-answer\">\r\n\t\t\t\t\t\t<div class=\"faq-item-answer-text\"> <p>Elfsight fournit une solution SaaS qui vous permet de cr\u00e9er un widget Telegram Chat vous-m\u00eame, voyez \u00e0 quel point le processus est simple : travaillez directement dans l&rsquo;\u00e9diteur en ligne pour cr\u00e9er un widget Telegram Chat que vous aimeriez voir sur votre site Web Elementor. Choisissez l&rsquo;un des mod\u00e8les pr\u00e9d\u00e9finis et ajustez les param\u00e8tres de Telegram Chat, ajoutez votre contenu, modifiez la mise en page et les couleurs sans aucune comp\u00e9tence en codage. Enregistrez le chat Telegram et copiez son code d&rsquo;installation, que vous pouvez facilement coller sur votre site Web Elementor sans acheter de forfait payant. Avec notre \u00e9diteur intuitif, tout internaute peut cr\u00e9er un widget Telegram Chat en ligne et l&rsquo;int\u00e9grer facilement \u00e0 son site Web Elementor. Il n&rsquo;est pas n\u00e9cessaire de payer ou de saisir les informations d&rsquo;identification de votre carte pour acc\u00e9der au service. Si vous rencontrez des probl\u00e8mes \u00e0 n&rsquo;importe quelle \u00e9tape, n&rsquo;h\u00e9sitez pas \u00e0 contacter notre \u00e9quipe d&rsquo;assistance technique.<\/p> <\/div>\r\n\t\t\t\t\t<\/div>\r\n\t\t\t\t<\/div> <\/div> <\/div>\n","protected":false},"excerpt":{"rendered":"","protected":false},"author":9,"featured_media":0,"parent":2697,"menu_order":0,"comment_status":"closed","ping_status":"closed","template":"templates\/template-application-platform.php","meta":{"publish_to_discourse":"","publish_post_category":"","wpdc_auto_publish_overridden":"","wpdc_topic_tags":"","wpdc_pin_topic":"","wpdc_pin_until":"","discourse_post_id":"","discourse_permalink":"","wpdc_publishing_response":"","wpdc_publishing_error":"","footnotes":""},"class_list":["post-10588","page","type-page","status-publish","hentry"],"yoast_head":"<!-- This site is optimized with the Yoast SEO plugin v25.3.1 - https:\/\/yoast.com\/wordpress\/plugins\/seo\/ -->\n<title>Ajouter Telegram Chat Box au site Web Elementor (gratuit et rapide)<\/title>\n<meta name=\"description\" content=\"Voici une chance de cr\u00e9er un widget Telegram Chat Box et de l\u2019ajouter \u00e0 votre site Elementor. Vous b\u00e9n\u00e9ficierez d&#039;un support client gratuit et d&#039;autres avantages d&#039;Elfsight.\" \/>\n<meta name=\"robots\" content=\"index, follow, max-snippet:-1, max-image-preview:large, max-video-preview:-1\" \/>\n<link rel=\"canonical\" href=\"https:\/\/elfsight.com\/fr\/telegram-chat-widget\/elementor\/\" \/>\n<meta property=\"og:locale\" content=\"fr_FR\" \/>\n<meta property=\"og:type\" content=\"article\" \/>\n<meta property=\"og:title\" content=\"Ajouter Telegram Chat Box au site Web Elementor (gratuit et rapide)\" \/>\n<meta property=\"og:description\" content=\"Voici une chance de cr\u00e9er un widget Telegram Chat Box et de l\u2019ajouter \u00e0 votre site Elementor. Vous b\u00e9n\u00e9ficierez d&#039;un support client gratuit et d&#039;autres avantages d&#039;Elfsight.\" \/>\n<meta property=\"og:url\" content=\"https:\/\/elfsight.com\/fr\/telegram-chat-widget\/elementor\/\" \/>\n<meta property=\"og:site_name\" content=\"Elfsight FR\" \/>\n<meta property=\"article:modified_time\" content=\"2024-12-20T09:18:01+00:00\" \/>\n<meta name=\"twitter:card\" content=\"summary_large_image\" \/>\n<meta name=\"twitter:label1\" content=\"Dur\u00e9e de lecture estim\u00e9e\" \/>\n\t<meta name=\"twitter:data1\" content=\"3 minutes\" \/>\n<!-- \/ Yoast SEO plugin. -->","yoast_head_json":{"title":"Ajouter Telegram Chat Box au site Web Elementor (gratuit et rapide)","description":"Voici une chance de cr\u00e9er un widget Telegram Chat Box et de l\u2019ajouter \u00e0 votre site Elementor. Vous b\u00e9n\u00e9ficierez d'un support client gratuit et d'autres avantages d'Elfsight.","robots":{"index":"index","follow":"follow","max-snippet":"max-snippet:-1","max-image-preview":"max-image-preview:large","max-video-preview":"max-video-preview:-1"},"canonical":"https:\/\/elfsight.com\/fr\/telegram-chat-widget\/elementor\/","og_locale":"fr_FR","og_type":"article","og_title":"Ajouter Telegram Chat Box au site Web Elementor (gratuit et rapide)","og_description":"Voici une chance de cr\u00e9er un widget Telegram Chat Box et de l\u2019ajouter \u00e0 votre site Elementor. Vous b\u00e9n\u00e9ficierez d'un support client gratuit et d'autres avantages d'Elfsight.","og_url":"https:\/\/elfsight.com\/fr\/telegram-chat-widget\/elementor\/","og_site_name":"Elfsight FR","article_modified_time":"2024-12-20T09:18:01+00:00","twitter_card":"summary_large_image","twitter_misc":{"Dur\u00e9e de lecture estim\u00e9e":"3 minutes"},"schema":{"@context":"https:\/\/schema.org","@graph":[{"@type":"WebPage","@id":"https:\/\/elfsight.com\/fr\/telegram-chat-widget\/elementor\/","url":"https:\/\/elfsight.com\/fr\/telegram-chat-widget\/elementor\/","name":"Ajouter Telegram Chat Box au site Web Elementor (gratuit et rapide)","isPartOf":{"@id":"https:\/\/elfsight.com\/fr\/#website"},"datePublished":"1970-01-01T00:00:00+00:00","dateModified":"2024-12-20T09:18:01+00:00","description":"Voici une chance de cr\u00e9er un widget Telegram Chat Box et de l\u2019ajouter \u00e0 votre site Elementor. Vous b\u00e9n\u00e9ficierez d'un support client gratuit et d'autres avantages d'Elfsight.","breadcrumb":{"@id":"https:\/\/elfsight.com\/fr\/telegram-chat-widget\/elementor\/#breadcrumb"},"inLanguage":"fr-FR","potentialAction":[{"@type":"ReadAction","target":["https:\/\/elfsight.com\/fr\/telegram-chat-widget\/elementor\/"]}]},{"@type":"BreadcrumbList","@id":"https:\/\/elfsight.com\/fr\/telegram-chat-widget\/elementor\/#breadcrumb","itemListElement":[{"@type":"ListItem","position":1,"name":"Home","item":"https:\/\/elfsight.com\/fr\/"},{"@type":"ListItem","position":2,"name":"Telegram Chat","item":"https:\/\/elfsight.com\/fr\/telegram-chat-widget\/"},{"@type":"ListItem","position":3,"name":"Telegram Chat &#8211; Elementor"}]},{"@type":"WebSite","@id":"https:\/\/elfsight.com\/fr\/#website","url":"https:\/\/elfsight.com\/fr\/","name":"Elfsight FR","description":"","potentialAction":[{"@type":"SearchAction","target":{"@type":"EntryPoint","urlTemplate":"https:\/\/elfsight.com\/fr\/?s={search_term_string}"},"query-input":{"@type":"PropertyValueSpecification","valueRequired":true,"valueName":"search_term_string"}}],"inLanguage":"fr-FR"}]}},"meta_box":{"industry":"","seo_heading":"","heading":"","description":"","cta_heading":"","cta_description":"","application":"2690","h1":"Chat par t\u00e9l\u00e9gramme Elementor","h1_caption":"Permettez aux utilisateurs de discuter avec vous par t\u00e9l\u00e9gramme directement depuis votre site Web, offrant ainsi un autre canal d'assistance rapide et pratique vers votre site Web Elementor sans effort.","application_category":[],"applications_title":"","applications_request_title":"","applications_request_button_text":"","hero_text":"","hero_video":"","hero_video_schema_markup":"","selling_points_title":"","selling_points_caption":"","selling_points":[],"selling_points_cta_text":"","features_title":"","features":"","ed_cta_examples_text":"","ed_cta_examples_hidden":"","ed_cta_demo_text":"","ed_cta_demo_hidden":"","why_caption":"","why_editor_title":"","why_editor_text":"","why_team_title":"","why_team_text":"","why_service_title":"","why_service_text":"","template_catalog_visible":"0","template_catalog_title":"","template_catalog_text":"","template_catalog_categories_visible":"","demo_title":"Cr\u00e9ez votre widget de chat Telegram","demo_caption":"Configurez votre Telegram Chat et ajoutez-le \u00e0 votre site Web Elementor gratuitement !","default_faq_hidden":"","app_template_category":[],"platform":"385","template_public_id":"","codecanyon_url":"","codecanyon_item_id":"","codecanyon_price":"","pricing_caption":"","pricing_elfsight_apps_hide_column":"","pricing_elfsight_apps_url":"","pricing_codecanyon_price_caption":"","integration_category":[],"integration_request_title":"","integration_request_cta":"","integration_platform":"","integrations":[],"platform_category":[],"video_schema_markup":"","price":"\u00e0 partir de 0$ \/ mois","trial":"","benefits":[{"text":"Aide \u00e0 l'installation gratuite"},{"text":"Service client comp\u00e9tent"},{"text":"Garantie de remboursement de 14 jours"},{"text":"Mises \u00e0 jour gratuites \u00e0 vie"}],"button_url":"","button_target_blank":"0","button_nofollow":"0","attributes":[{"name":"Installations","content":"10,000 - 100,000"},{"name":"Sensible","content":"Oui"},{"name":"Navigateurs compatibles","content":"Firefox, Safari, Opera, Chrome, Edge"}],"tags":[],"tags_disable_links":"0","hide_more_platforms":"","video_object":"","demo_hide_cta":"0","demo_hide_cloud_options":"0","pricing_title":"","pricing":[{"pricing_icon":"platform","pricing_title":"Elfsight Apps","pricing_title_caption":"Version ind\u00e9pendante de la plateforme","pricing_price":"from $0 \/ month","pricing_price_caption":"commencez avec un forfait gratuit","pricing_benefits":[{"text":"Domaines illimit\u00e9s"},{"text":"Assistance gratuite"},{"text":"Assistance \u00e0 l'installation gratuite"},{"text":"Offre sp\u00e9ciale pour plusieurs applications"}],"pricing_button_text":"Ajouter au site Web","pricing_button_url":"#demo"}],"related_apps_title":"","related_apps_hidden":"0","author":"","image":[],"title":"","job":"","social_networks":[]},"_links":{"self":[{"href":"https:\/\/elfsight.com\/fr\/wp-json\/wp\/v2\/pages\/10588","targetHints":{"allow":["GET"]}}],"collection":[{"href":"https:\/\/elfsight.com\/fr\/wp-json\/wp\/v2\/pages"}],"about":[{"href":"https:\/\/elfsight.com\/fr\/wp-json\/wp\/v2\/types\/page"}],"author":[{"embeddable":true,"href":"https:\/\/elfsight.com\/fr\/wp-json\/wp\/v2\/users\/9"}],"replies":[{"embeddable":true,"href":"https:\/\/elfsight.com\/fr\/wp-json\/wp\/v2\/comments?post=10588"}],"version-history":[{"count":2,"href":"https:\/\/elfsight.com\/fr\/wp-json\/wp\/v2\/pages\/10588\/revisions"}],"predecessor-version":[{"id":15949,"href":"https:\/\/elfsight.com\/fr\/wp-json\/wp\/v2\/pages\/10588\/revisions\/15949"}],"up":[{"embeddable":true,"href":"https:\/\/elfsight.com\/fr\/wp-json\/wp\/v2\/pages\/2697"}],"wp:attachment":[{"href":"https:\/\/elfsight.com\/fr\/wp-json\/wp\/v2\/media?parent=10588"}],"curies":[{"name":"wp","href":"https:\/\/api.w.org\/{rel}","templated":true}]}}