{"id":10587,"date":"1970-01-01T00:00:00","date_gmt":"1970-01-01T00:00:00","guid":{"rendered":"https:\/\/elfsight.com\/fr\/?page_id=10587"},"modified":"2024-12-20T09:15:00","modified_gmt":"2024-12-20T09:15:00","slug":"joomla","status":"publish","type":"page","link":"https:\/\/elfsight.com\/fr\/telegram-chat-widget\/joomla\/","title":{"rendered":"Telegram Chat &#8211; Joomla"},"content":{"rendered":"\n<div class=\"application-platform-content-item-description application-platform-content-item\" id=\"description\" data-nav-section=\"description\"><h2>Description<\/h2><p>L&rsquo;extension Telegram d&rsquo;Elfsight est le moyen le plus rapide pour les clients de votre site Web de vous contacter et d&rsquo;obtenir des r\u00e9ponses \u00e0 leurs questions. et les demandes. Restez disponible d\u00e8s maintenant pour les personnes dans leur messagerie bien-aim\u00e9e \u00e0 tout moment. Placez Telegram Chat sur votre boutique et faites-le appara\u00eetre sur des pages s\u00e9lectionn\u00e9es ou pour certains types de client\u00e8le, choisissez les d\u00e9clencheurs de d\u00e9marrage du chat, affichez votre message de bienvenue personnalis\u00e9, choisissez des ic\u00f4nes et appliquez d&rsquo;autres personnalisations. Gr\u00e2ce \u00e0 la messagerie Telegram int\u00e9gr\u00e9e \u00e0 votre site, vous resterez au courant des clients \u00e0 toute heure et depuis n&rsquo;importe quel endroit.<\/p><p><b>C&rsquo;est le moyen le plus pratique pour les gens de vous joindre et de r\u00e9soudre leurs questions\u00a0! <\/b><\/p><\/div><div class=\"application-platform-content-item-features application-platform-content-item\" id=\"features\" data-nav-section=\"features\"><h2>Fonctionnalit\u00e9s<\/h2><p>Ici vous pouvez voir toutes les fonctions de Telegram Chat. Ils sont disponibles directement dans l&rsquo;\u00e9diteur et vous aideront \u00e0 configurer le widget exactement pour votre cas d&rsquo;utilisation.<\/p><ul><li>Ajoutez Telegram Messenger sur votre site pour discuter avec les visiteurs<li>3 variantes de position de chat\u00a0: bulle flottante, bulle int\u00e9gr\u00e9e et fen\u00eatre de discussion int\u00e9gr\u00e9e\u00a0;<\/li><li>Une biblioth\u00e8que d&rsquo;ic\u00f4nes de bulles parmi lesquelles vous pouvez s\u00e9lectionner\u00a0;<\/li><li>Texte de bulle modifiable\u00a0;<\/li><li>En-t\u00eate FlexibleChat avec le logo, le nom et la l\u00e9gende de la page.<\/li><\/ul><p><a href=\"#demo\">Vous pouvez essayer toutes les caract\u00e9ristiques fonctionnelles du widget directement dans la d\u00e9mo<\/a><\/p><\/div><div class=\"application-platform-content-item-installation application-platform-content-item\" id=\"installation\" data-nav-section=\"installation\"><h2>Comment int\u00e9grer Telegram Chat Box \u00e0 Joomla\u00a0?<\/h2><p>Suivez simplement les \u00e9tapes ci-dessous pour ajouter l&rsquo;outil sur Joomla.<\/p> <ol><li><b>G\u00e9rez notre \u00e9diteur gratuit et commencez \u00e0 fa\u00e7onner votre extension Telegram Chat personnalis\u00e9e. <\/b><br> Pr\u00e9cisez la forme et les caract\u00e9ristiques pr\u00e9f\u00e9rables du widget et appliquez les corrections. <\/li> <li><b>Obtenez votre code personnel qui est affich\u00e9 dans la case sur les applications Elfsight. <\/b><br> Une fois la cr\u00e9ation de votre plugin personnel termin\u00e9e, copiez le code personnel dans la case apparue et conservez-le pour une utilisation ult\u00e9rieure. <\/li> <li><b>Commencez \u00e0 utiliser l&rsquo;extension sur votre site Web Joomla. <\/b><br> Collez le code copi\u00e9 auparavant dans votre page et enregistrez les am\u00e9liorations. <\/li> <li><b>L&rsquo;installation est effectu\u00e9e avec succ\u00e8s. <\/b><br> Visitez votre site Web pour voir comment fonctionne l&rsquo;outil. <\/li><\/ol><p>Vous \u00eates invit\u00e9s \u00e0 vous adresser au service client si vous avez besoin d&rsquo;aide ou si vous rencontrez des probl\u00e8mes. Nos sp\u00e9cialistes se feront un plaisir de r\u00e9pondre \u00e0 chaque demande.<\/p><div class=\"faq\" data-component=\"FAQ\"> <div class=\"faq-item\">\r\n\t\t\t\t\t<div class=\"faq-item-question\">\r\n\t\t\t\t\t\t<h3 class=\"faq-item-question-text\">Comment ajouter Telegram Chat \u00e0 mon site Web Joomla sans comp\u00e9tences en codage ?<\/h3>\r\n\r\n\t\t\t\t\t\t<div class=\"faq-item-question-icon\"><\/div>\r\n\t\t\t\t\t<\/div>\r\n\r\n\t\t\t\t\t<div class=\"faq-item-answer\">\r\n\t\t\t\t\t\t<div class=\"faq-item-answer-text\"> <p>Elfsight fournit une solution SaaS qui vous permet de cr\u00e9er un widget Telegram Chat vous-m\u00eame, voyez \u00e0 quel point le processus est simple : travaillez directement dans l&rsquo;\u00e9diteur en ligne pour cr\u00e9er un widget Telegram Chat que vous aimeriez voir sur votre site Web Joomla. Choisissez l&rsquo;un des mod\u00e8les pr\u00e9d\u00e9finis et ajustez les param\u00e8tres de Telegram Chat, ajoutez votre contenu, modifiez la mise en page et les couleurs sans aucune comp\u00e9tence en codage. Enregistrez le chat Telegram et copiez son code d&rsquo;installation, que vous pouvez facilement coller sur votre site Web Joomla sans avoir besoin d&rsquo;acheter un forfait payant. Gr\u00e2ce \u00e0 notre \u00e9diteur intuitif, tout internaute peut cr\u00e9er un widget Telegram Chat en ligne et l&rsquo;int\u00e9grer facilement \u00e0 son site Web Joomla. Il n&rsquo;est pas n\u00e9cessaire de payer ou de saisir les informations d&rsquo;identification de votre carte pour acc\u00e9der au service. Si vous rencontrez des probl\u00e8mes \u00e0 n&rsquo;importe quelle \u00e9tape, n&rsquo;h\u00e9sitez pas \u00e0 contacter notre \u00e9quipe d&rsquo;assistance technique.<\/p> <\/div>\r\n\t\t\t\t\t<\/div>\r\n\t\t\t\t<\/div> <\/div> <\/div>\n","protected":false},"excerpt":{"rendered":"","protected":false},"author":9,"featured_media":0,"parent":2697,"menu_order":0,"comment_status":"closed","ping_status":"closed","template":"templates\/template-application-platform.php","meta":{"publish_to_discourse":"","publish_post_category":"","wpdc_auto_publish_overridden":"","wpdc_topic_tags":"","wpdc_pin_topic":"","wpdc_pin_until":"","discourse_post_id":"","discourse_permalink":"","wpdc_publishing_response":"","wpdc_publishing_error":"","footnotes":""},"class_list":["post-10587","page","type-page","status-publish","hentry"],"yoast_head":"<!-- This site is optimized with the Yoast SEO plugin v25.3.1 - https:\/\/yoast.com\/wordpress\/plugins\/seo\/ -->\n<title>Widget de chat t\u00e9l\u00e9gramme | Ajouter une bo\u00eete de discussion Telegram au site Web Joomla [2025]<\/title>\n<meta name=\"description\" content=\"Il est facile de cr\u00e9er votre extension Telegram Chat Box et de la placer sur votre page Web Joomla. Le service client Elfsight est gratuit.\" \/>\n<meta name=\"robots\" content=\"index, follow, max-snippet:-1, max-image-preview:large, max-video-preview:-1\" \/>\n<link rel=\"canonical\" href=\"https:\/\/elfsight.com\/fr\/telegram-chat-widget\/joomla\/\" \/>\n<meta property=\"og:locale\" content=\"fr_FR\" \/>\n<meta property=\"og:type\" content=\"article\" \/>\n<meta property=\"og:title\" content=\"Widget de chat t\u00e9l\u00e9gramme | Ajouter une bo\u00eete de discussion Telegram au site Web Joomla [2025]\" \/>\n<meta property=\"og:description\" content=\"Il est facile de cr\u00e9er votre extension Telegram Chat Box et de la placer sur votre page Web Joomla. Le service client Elfsight est gratuit.\" \/>\n<meta property=\"og:url\" content=\"https:\/\/elfsight.com\/fr\/telegram-chat-widget\/joomla\/\" \/>\n<meta property=\"og:site_name\" content=\"Elfsight FR\" \/>\n<meta property=\"article:modified_time\" content=\"2024-12-20T09:15:00+00:00\" \/>\n<meta name=\"twitter:card\" content=\"summary_large_image\" \/>\n<meta name=\"twitter:label1\" content=\"Dur\u00e9e de lecture estim\u00e9e\" \/>\n\t<meta name=\"twitter:data1\" content=\"3 minutes\" \/>\n<!-- \/ Yoast SEO plugin. -->","yoast_head_json":{"title":"Widget de chat t\u00e9l\u00e9gramme | Ajouter une bo\u00eete de discussion Telegram au site Web Joomla [2025]","description":"Il est facile de cr\u00e9er votre extension Telegram Chat Box et de la placer sur votre page Web Joomla. Le service client Elfsight est gratuit.","robots":{"index":"index","follow":"follow","max-snippet":"max-snippet:-1","max-image-preview":"max-image-preview:large","max-video-preview":"max-video-preview:-1"},"canonical":"https:\/\/elfsight.com\/fr\/telegram-chat-widget\/joomla\/","og_locale":"fr_FR","og_type":"article","og_title":"Widget de chat t\u00e9l\u00e9gramme | Ajouter une bo\u00eete de discussion Telegram au site Web Joomla [2025]","og_description":"Il est facile de cr\u00e9er votre extension Telegram Chat Box et de la placer sur votre page Web Joomla. Le service client Elfsight est gratuit.","og_url":"https:\/\/elfsight.com\/fr\/telegram-chat-widget\/joomla\/","og_site_name":"Elfsight FR","article_modified_time":"2024-12-20T09:15:00+00:00","twitter_card":"summary_large_image","twitter_misc":{"Dur\u00e9e de lecture estim\u00e9e":"3 minutes"},"schema":{"@context":"https:\/\/schema.org","@graph":[{"@type":"WebPage","@id":"https:\/\/elfsight.com\/fr\/telegram-chat-widget\/joomla\/","url":"https:\/\/elfsight.com\/fr\/telegram-chat-widget\/joomla\/","name":"Widget de chat t\u00e9l\u00e9gramme | Ajouter une bo\u00eete de discussion Telegram au site Web Joomla [2025]","isPartOf":{"@id":"https:\/\/elfsight.com\/fr\/#website"},"datePublished":"1970-01-01T00:00:00+00:00","dateModified":"2024-12-20T09:15:00+00:00","description":"Il est facile de cr\u00e9er votre extension Telegram Chat Box et de la placer sur votre page Web Joomla. Le service client Elfsight est gratuit.","breadcrumb":{"@id":"https:\/\/elfsight.com\/fr\/telegram-chat-widget\/joomla\/#breadcrumb"},"inLanguage":"fr-FR","potentialAction":[{"@type":"ReadAction","target":["https:\/\/elfsight.com\/fr\/telegram-chat-widget\/joomla\/"]}]},{"@type":"BreadcrumbList","@id":"https:\/\/elfsight.com\/fr\/telegram-chat-widget\/joomla\/#breadcrumb","itemListElement":[{"@type":"ListItem","position":1,"name":"Home","item":"https:\/\/elfsight.com\/fr\/"},{"@type":"ListItem","position":2,"name":"Telegram Chat","item":"https:\/\/elfsight.com\/fr\/telegram-chat-widget\/"},{"@type":"ListItem","position":3,"name":"Telegram Chat &#8211; Joomla"}]},{"@type":"WebSite","@id":"https:\/\/elfsight.com\/fr\/#website","url":"https:\/\/elfsight.com\/fr\/","name":"Elfsight FR","description":"","potentialAction":[{"@type":"SearchAction","target":{"@type":"EntryPoint","urlTemplate":"https:\/\/elfsight.com\/fr\/?s={search_term_string}"},"query-input":{"@type":"PropertyValueSpecification","valueRequired":true,"valueName":"search_term_string"}}],"inLanguage":"fr-FR"}]}},"meta_box":{"industry":"","seo_heading":"","heading":"","description":"","cta_heading":"","cta_description":"","application":"2690","h1":"Chat par t\u00e9l\u00e9gramme Joomla","h1_caption":"Permettez aux utilisateurs de discuter avec vous par t\u00e9l\u00e9gramme directement depuis votre site Web, offrant ainsi un autre canal d'assistance rapide et pratique vers votre site Web Joomla sans effort.","application_category":[],"applications_title":"","applications_request_title":"","applications_request_button_text":"","hero_text":"","hero_video":"","hero_video_schema_markup":"","selling_points_title":"","selling_points_caption":"","selling_points":[],"selling_points_cta_text":"","features_title":"","features":"","ed_cta_examples_text":"","ed_cta_examples_hidden":"","ed_cta_demo_text":"","ed_cta_demo_hidden":"","why_caption":"","why_editor_title":"","why_editor_text":"","why_team_title":"","why_team_text":"","why_service_title":"","why_service_text":"","template_catalog_visible":"0","template_catalog_title":"","template_catalog_text":"","template_catalog_categories_visible":"","demo_title":"Cr\u00e9ez votre plugin Telegram Chat","demo_caption":"Configurez votre Telegram Chat et ajoutez-le \u00e0 votre site Web Joomla gratuitement !","default_faq_hidden":"","app_template_category":[],"platform":"354","template_public_id":"","codecanyon_url":"","codecanyon_item_id":"","codecanyon_price":"","pricing_caption":"","pricing_elfsight_apps_hide_column":"","pricing_elfsight_apps_url":"","pricing_codecanyon_price_caption":"","integration_category":[],"integration_request_title":"","integration_request_cta":"","integration_platform":"","integrations":[],"platform_category":[],"video_schema_markup":"","price":"\u00e0 partir de 0$ \/ mois","trial":"","benefits":[{"text":"Assistance \u00e0 l'installation gratuite"},{"text":"Assistance premium"},{"text":"Garantie de remboursement de 14 jours"},{"text":"D\u00e9veloppement continu"}],"button_url":"","button_target_blank":"0","button_nofollow":"0","attributes":[{"name":"Installations","content":"10,000 - 100,000"},{"name":"Sensible","content":"Oui"},{"name":"Navigateurs compatibles","content":"IE11, Firefox, Safari, Opera, Chrome, Edge"}],"tags":[],"tags_disable_links":"0","hide_more_platforms":"","video_object":"","demo_hide_cta":"0","demo_hide_cloud_options":"0","pricing_title":"","pricing":[{"pricing_icon":"platform","pricing_title":"Elfsight Apps","pricing_title_caption":"Solution num\u00e9rique multiplateforme","pricing_price":"from $0 \/ month","pricing_price_caption":"commencez avec un forfait gratuit","pricing_benefits":[{"text":"Domaines illimit\u00e9s"},{"text":"Support client premium et bien document\u00e9"},{"text":"Assistance \u00e0 l'installation gratuite"},{"text":"Prix \u200b\u200b\u00e0 attraper pour plusieurs applications"}],"pricing_button_text":"Ajouter au site Web","pricing_button_url":"#demo"}],"related_apps_title":"","related_apps_hidden":"0","author":"","image":[],"title":"","job":"","social_networks":[]},"_links":{"self":[{"href":"https:\/\/elfsight.com\/fr\/wp-json\/wp\/v2\/pages\/10587","targetHints":{"allow":["GET"]}}],"collection":[{"href":"https:\/\/elfsight.com\/fr\/wp-json\/wp\/v2\/pages"}],"about":[{"href":"https:\/\/elfsight.com\/fr\/wp-json\/wp\/v2\/types\/page"}],"author":[{"embeddable":true,"href":"https:\/\/elfsight.com\/fr\/wp-json\/wp\/v2\/users\/9"}],"replies":[{"embeddable":true,"href":"https:\/\/elfsight.com\/fr\/wp-json\/wp\/v2\/comments?post=10587"}],"version-history":[{"count":2,"href":"https:\/\/elfsight.com\/fr\/wp-json\/wp\/v2\/pages\/10587\/revisions"}],"predecessor-version":[{"id":15946,"href":"https:\/\/elfsight.com\/fr\/wp-json\/wp\/v2\/pages\/10587\/revisions\/15946"}],"up":[{"embeddable":true,"href":"https:\/\/elfsight.com\/fr\/wp-json\/wp\/v2\/pages\/2697"}],"wp:attachment":[{"href":"https:\/\/elfsight.com\/fr\/wp-json\/wp\/v2\/media?parent=10587"}],"curies":[{"name":"wp","href":"https:\/\/api.w.org\/{rel}","templated":true}]}}