{"id":10580,"date":"1970-01-01T00:00:00","date_gmt":"1970-01-01T00:00:00","guid":{"rendered":"https:\/\/elfsight.com\/fr\/?page_id=10580"},"modified":"2024-12-20T09:17:02","modified_gmt":"2024-12-20T09:17:02","slug":"magento","status":"publish","type":"page","link":"https:\/\/elfsight.com\/fr\/telegram-chat-widget\/magento\/","title":{"rendered":"Telegram Chat &#8211; Magento"},"content":{"rendered":"\n<div class=\"application-platform-content-item-description application-platform-content-item\" id=\"description\" data-nav-section=\"description\">\n  <h2>Description<\/h2>\n  <p>L&rsquo;extension Telegram cr\u00e9\u00e9e par Elfsight est une variante simple permettant \u00e0 la client\u00e8le de votre site Web de discuter avec vous et de poser ses questions. Vous pouvez rester disponible en ligne pour votre client\u00e8le dans sa messagerie pr\u00e9f\u00e9r\u00e9e, o\u00f9 que vous soyez. Configurez Telegram Chat sur votre site Web et laissez-le appara\u00eetre sur des pages s\u00e9lectionn\u00e9es ou pour des types de visiteurs sp\u00e9cifi\u00e9s, cr\u00e9ez des d\u00e9clencheurs de d\u00e9marrage de discussion, envoyez votre message de bienvenue personnalis\u00e9, s\u00e9lectionnez des ic\u00f4nes et faites encore plus. En ayant Telegram Messenger sur votre site Web, vous serez en contact avec vos utilisateurs \u00e0 tout moment et quel que soit votre emplacement.<\/p>\n  <p><b>C&rsquo;est le moyen le plus pratique pour les gens de s&rsquo;adresser \u00e0 vous et de r\u00e9soudre leurs questions !<\/b><\/p>\n<\/div>\n\n<div class=\"application-platform-content-item-features application-platform-content-item\" id=\"features\" data-nav-section=\"features\">\n  <h2>Fonctionnalit\u00e9s<\/h2>\n  <p>V\u00e9rifiez toutes les caract\u00e9ristiques fonctionnelles de Telegram Chat. Elles sont disponibles directement dans l&rsquo;\u00e9diteur et vous aideront \u00e0 fa\u00e7onner le widget adapt\u00e9 \u00e0 votre cas d&rsquo;utilisation.<\/p>\n  <ul>\n    <li>Int\u00e9grez Telegram Messenger sur votre site Web pour discuter avec les utilisateurs<\/li>\n    <li>3 types de position de chat : bulle flottante, bulle int\u00e9gr\u00e9e et fen\u00eatre de discussion int\u00e9gr\u00e9e<\/li>\n    <li>Une collection d&rsquo;ic\u00f4nes de bulle \u00e0 choisir<\/li>\n    <li>Texte de bulle modifiable<\/li>\n    <li>En-t\u00eate de discussion avec image de page, nom et l\u00e9gende<\/li>\n  <\/ul>\n  <p><a href=\"#demo\">Vous pouvez tester toutes les caract\u00e9ristiques fonctionnelles du widget directement dans la d\u00e9mo<\/a><\/p>\n<\/div>\n\n<div class=\"application-platform-content-item-installation application-platform-content-item\" id=\"installation\" data-nav-section=\"installation\">\n  <h2>Comment ajouter Telegram Chat Box \u00e0 mon site Web Magento ?<\/h2>\n  <p>Suivez simplement les instructions ci-dessous pour int\u00e9grer le widget sur Magento.<\/p>\n  <ol>\n    <li><b>Utilisez notre d\u00e9mo gratuite et commencez \u00e0 cr\u00e9er votre instrument unique.<\/b><br> Sp\u00e9cifiez la forme et les options appropri\u00e9es de l&rsquo;extension et enregistrez les modifications.<\/li>\n    <li><b>Acqu\u00e9rez votre code personnel expos\u00e9 dans la fen\u00eatre des applications Elfsight.<\/b><br> Juste apr\u00e8s la cr\u00e9ation de votre extension Telegram, copiez le code exclusif dans la bo\u00eete qui appara\u00eet et enregistrez-le pour un besoin ult\u00e9rieur.<\/li>\n    <li><b>Initiez l&rsquo;utilisation du widget sur votre site Web Magento.<\/b><br> Ajoutez le code que vous avez copi\u00e9 auparavant dans votre page d&rsquo;accueil et enregistrez les modifications.<\/li>\n    <li><b>Vous avez termin\u00e9 ! L&rsquo;int\u00e9gration est termin\u00e9e avec succ\u00e8s.<\/b><br> Acc\u00e9dez \u00e0 votre site pour voir en action les performances du widget.<\/li>\n  <\/ol>\n  <p>Vous \u00eates invit\u00e9s \u00e0 communiquer avec le support client d&rsquo;Elfsight si vous avez besoin de conseils ou si vous avez des questions. Nous serons heureux de r\u00e9pondre \u00e0 chaque demande.<\/p>\n<\/div>\n\n<div class=\"faq\" data-component=\"FAQ\">\n  <div class=\"faq-item\">\r\n\t\t\t\t\t<div class=\"faq-item-question\">\r\n\t\t\t\t\t\t<h3 class=\"faq-item-question-text\">Comment puis-je ajouter Telegram Chat \u00e0 mon site Web Magento sans comp\u00e9tences en codage ?<\/h3>\r\n\r\n\t\t\t\t\t\t<div class=\"faq-item-question-icon\"><\/div>\r\n\t\t\t\t\t<\/div>\r\n\r\n\t\t\t\t\t<div class=\"faq-item-answer\">\r\n\t\t\t\t\t\t<div class=\"faq-item-answer-text\"> \n    <p>Elfsight fournit une solution SaaS qui vous permet de cr\u00e9er un widget Telegram Chat vous-m\u00eame. Voici \u00e0 quel point le processus est simple : travaillez directement dans l&rsquo;\u00e9diteur en ligne pour cr\u00e9er un widget Telegram Chat que vous aimeriez voir sur votre site Web Magento. Choisissez l&rsquo;un des mod\u00e8les pr\u00e9d\u00e9finis et ajustez les param\u00e8tres de Telegram Chat, ajoutez votre contenu, modifiez la mise en page et les couleurs sans aucune comp\u00e9tence en codage. Enregistrez le Telegram Chat et copiez son code d&rsquo;installation, que vous pouvez facilement inclure dans votre site Web Magento sans acheter d&rsquo;abonnement payant. Gr\u00e2ce \u00e0 notre \u00e9diteur intuitif, tout internaute peut cr\u00e9er un widget Telegram Chat en ligne et l&rsquo;int\u00e9grer facilement \u00e0 son site Web Magento. Il n&rsquo;est pas n\u00e9cessaire de payer ou de saisir les informations d&rsquo;identification de votre carte pour acc\u00e9der au service. Si vous rencontrez des probl\u00e8mes \u00e0 n&rsquo;importe quelle \u00e9tape, n&rsquo;h\u00e9sitez pas \u00e0 contacter notre \u00e9quipe d&rsquo;assistance technique.<\/p>\n  <\/div>\r\n\t\t\t\t\t<\/div>\r\n\t\t\t\t<\/div>\n<\/div>\n","protected":false},"excerpt":{"rendered":"","protected":false},"author":9,"featured_media":0,"parent":2697,"menu_order":0,"comment_status":"closed","ping_status":"closed","template":"templates\/template-application-platform.php","meta":{"publish_to_discourse":"","publish_post_category":"","wpdc_auto_publish_overridden":"","wpdc_topic_tags":"","wpdc_pin_topic":"","wpdc_pin_until":"","discourse_post_id":"","discourse_permalink":"","wpdc_publishing_response":"","wpdc_publishing_error":"","footnotes":""},"class_list":["post-10580","page","type-page","status-publish","hentry"],"yoast_head":"<!-- This site is optimized with the Yoast SEO plugin v25.3.1 - https:\/\/yoast.com\/wordpress\/plugins\/seo\/ -->\n<title>Ajouter Telegram Chat Box au site Web Magento (gratuit et rapide)<\/title>\n<meta name=\"description\" content=\"Voici une possibilit\u00e9 de cr\u00e9er l\u2019extension Telegram Chat Box et de l\u2019ajouter \u00e0 votre site Web Magento. B\u00e9n\u00e9ficiez d\u2019un support client gratuit et d\u2019autres bonus d\u2019Elfsight.\" \/>\n<meta name=\"robots\" content=\"index, follow, max-snippet:-1, max-image-preview:large, max-video-preview:-1\" \/>\n<link rel=\"canonical\" href=\"https:\/\/elfsight.com\/fr\/telegram-chat-widget\/magento\/\" \/>\n<meta property=\"og:locale\" content=\"fr_FR\" \/>\n<meta property=\"og:type\" content=\"article\" \/>\n<meta property=\"og:title\" content=\"Ajouter Telegram Chat Box au site Web Magento (gratuit et rapide)\" \/>\n<meta property=\"og:description\" content=\"Voici une possibilit\u00e9 de cr\u00e9er l\u2019extension Telegram Chat Box et de l\u2019ajouter \u00e0 votre site Web Magento. B\u00e9n\u00e9ficiez d\u2019un support client gratuit et d\u2019autres bonus d\u2019Elfsight.\" \/>\n<meta property=\"og:url\" content=\"https:\/\/elfsight.com\/fr\/telegram-chat-widget\/magento\/\" \/>\n<meta property=\"og:site_name\" content=\"Elfsight FR\" \/>\n<meta property=\"article:modified_time\" content=\"2024-12-20T09:17:02+00:00\" \/>\n<meta name=\"twitter:card\" content=\"summary_large_image\" \/>\n<meta name=\"twitter:label1\" content=\"Dur\u00e9e de lecture estim\u00e9e\" \/>\n\t<meta name=\"twitter:data1\" content=\"3 minutes\" \/>\n<!-- \/ Yoast SEO plugin. -->","yoast_head_json":{"title":"Ajouter Telegram Chat Box au site Web Magento (gratuit et rapide)","description":"Voici une possibilit\u00e9 de cr\u00e9er l\u2019extension Telegram Chat Box et de l\u2019ajouter \u00e0 votre site Web Magento. B\u00e9n\u00e9ficiez d\u2019un support client gratuit et d\u2019autres bonus d\u2019Elfsight.","robots":{"index":"index","follow":"follow","max-snippet":"max-snippet:-1","max-image-preview":"max-image-preview:large","max-video-preview":"max-video-preview:-1"},"canonical":"https:\/\/elfsight.com\/fr\/telegram-chat-widget\/magento\/","og_locale":"fr_FR","og_type":"article","og_title":"Ajouter Telegram Chat Box au site Web Magento (gratuit et rapide)","og_description":"Voici une possibilit\u00e9 de cr\u00e9er l\u2019extension Telegram Chat Box et de l\u2019ajouter \u00e0 votre site Web Magento. B\u00e9n\u00e9ficiez d\u2019un support client gratuit et d\u2019autres bonus d\u2019Elfsight.","og_url":"https:\/\/elfsight.com\/fr\/telegram-chat-widget\/magento\/","og_site_name":"Elfsight FR","article_modified_time":"2024-12-20T09:17:02+00:00","twitter_card":"summary_large_image","twitter_misc":{"Dur\u00e9e de lecture estim\u00e9e":"3 minutes"},"schema":{"@context":"https:\/\/schema.org","@graph":[{"@type":"WebPage","@id":"https:\/\/elfsight.com\/fr\/telegram-chat-widget\/magento\/","url":"https:\/\/elfsight.com\/fr\/telegram-chat-widget\/magento\/","name":"Ajouter Telegram Chat Box au site Web Magento (gratuit et rapide)","isPartOf":{"@id":"https:\/\/elfsight.com\/fr\/#website"},"datePublished":"1970-01-01T00:00:00+00:00","dateModified":"2024-12-20T09:17:02+00:00","description":"Voici une possibilit\u00e9 de cr\u00e9er l\u2019extension Telegram Chat Box et de l\u2019ajouter \u00e0 votre site Web Magento. B\u00e9n\u00e9ficiez d\u2019un support client gratuit et d\u2019autres bonus d\u2019Elfsight.","breadcrumb":{"@id":"https:\/\/elfsight.com\/fr\/telegram-chat-widget\/magento\/#breadcrumb"},"inLanguage":"fr-FR","potentialAction":[{"@type":"ReadAction","target":["https:\/\/elfsight.com\/fr\/telegram-chat-widget\/magento\/"]}]},{"@type":"BreadcrumbList","@id":"https:\/\/elfsight.com\/fr\/telegram-chat-widget\/magento\/#breadcrumb","itemListElement":[{"@type":"ListItem","position":1,"name":"Home","item":"https:\/\/elfsight.com\/fr\/"},{"@type":"ListItem","position":2,"name":"Telegram Chat","item":"https:\/\/elfsight.com\/fr\/telegram-chat-widget\/"},{"@type":"ListItem","position":3,"name":"Telegram Chat &#8211; Magento"}]},{"@type":"WebSite","@id":"https:\/\/elfsight.com\/fr\/#website","url":"https:\/\/elfsight.com\/fr\/","name":"Elfsight FR","description":"","potentialAction":[{"@type":"SearchAction","target":{"@type":"EntryPoint","urlTemplate":"https:\/\/elfsight.com\/fr\/?s={search_term_string}"},"query-input":{"@type":"PropertyValueSpecification","valueRequired":true,"valueName":"search_term_string"}}],"inLanguage":"fr-FR"}]}},"meta_box":{"industry":"","seo_heading":"","heading":"","description":"","cta_heading":"","cta_description":"","application":"2690","h1":"Chat par t\u00e9l\u00e9gramme Magento","h1_caption":"Permettez aux utilisateurs de discuter avec vous par t\u00e9l\u00e9gramme directement depuis votre site Web, offrant ainsi un autre canal d'assistance rapide et pratique vers votre site Web Magento sans effort.","application_category":[],"applications_title":"","applications_request_title":"","applications_request_button_text":"","hero_text":"","hero_video":"","hero_video_schema_markup":"","selling_points_title":"","selling_points_caption":"","selling_points":[],"selling_points_cta_text":"","features_title":"","features":"","ed_cta_examples_text":"","ed_cta_examples_hidden":"","ed_cta_demo_text":"","ed_cta_demo_hidden":"","why_caption":"","why_editor_title":"","why_editor_text":"","why_team_title":"","why_team_text":"","why_service_title":"","why_service_text":"","template_catalog_visible":"0","template_catalog_title":"","template_catalog_text":"","template_catalog_categories_visible":"","demo_title":"Cr\u00e9ez votre extension Telegram Chat","demo_caption":"Configurez votre Telegram Chat et ajoutez-le \u00e0 votre site Web Magento gratuitement !","default_faq_hidden":"","app_template_category":[],"platform":"357","template_public_id":"","codecanyon_url":"","codecanyon_item_id":"","codecanyon_price":"","pricing_caption":"","pricing_elfsight_apps_hide_column":"","pricing_elfsight_apps_url":"","pricing_codecanyon_price_caption":"","integration_category":[],"integration_request_title":"","integration_request_cta":"","integration_platform":"","integrations":[],"platform_category":[],"video_schema_markup":"","price":"\u00e0 partir de 0$ \/ mois","trial":"","benefits":[{"text":"Aide \u00e0 l'installation gratuite"},{"text":"Service client professionnel"},{"text":"Garantie de remboursement de 14 jours"},{"text":"Am\u00e9liorations r\u00e9guli\u00e8res"}],"button_url":"","button_target_blank":"0","button_nofollow":"0","attributes":[{"name":"Installations","content":"10,000 - 100,000"},{"name":"Sensible","content":"Oui"},{"name":"Navigateurs compatibles","content":"Firefox, Safari, Opera, Chrome, Edge"}],"tags":[],"tags_disable_links":"0","hide_more_platforms":"","video_object":"","demo_hide_cta":"0","demo_hide_cloud_options":"0","pricing_title":"","pricing":[{"pricing_icon":"platform","pricing_title":"Elfsight Apps","pricing_title_caption":"Version ind\u00e9pendante de la plateforme","pricing_price":"from $0 \/ month","pricing_price_caption":"commencez avec un forfait gratuit","pricing_benefits":[{"text":"Sites Web illimit\u00e9s"},{"text":"Assistance rapide et ponctuelle"},{"text":"Assistance \u00e0 l'installation gratuite"},{"text":"Conception flexible"}],"pricing_button_text":"Ajouter au site Web","pricing_button_url":"#demo"}],"related_apps_title":"","related_apps_hidden":"0","author":"","image":[],"title":"","job":"","social_networks":[]},"_links":{"self":[{"href":"https:\/\/elfsight.com\/fr\/wp-json\/wp\/v2\/pages\/10580","targetHints":{"allow":["GET"]}}],"collection":[{"href":"https:\/\/elfsight.com\/fr\/wp-json\/wp\/v2\/pages"}],"about":[{"href":"https:\/\/elfsight.com\/fr\/wp-json\/wp\/v2\/types\/page"}],"author":[{"embeddable":true,"href":"https:\/\/elfsight.com\/fr\/wp-json\/wp\/v2\/users\/9"}],"replies":[{"embeddable":true,"href":"https:\/\/elfsight.com\/fr\/wp-json\/wp\/v2\/comments?post=10580"}],"version-history":[{"count":3,"href":"https:\/\/elfsight.com\/fr\/wp-json\/wp\/v2\/pages\/10580\/revisions"}],"predecessor-version":[{"id":15948,"href":"https:\/\/elfsight.com\/fr\/wp-json\/wp\/v2\/pages\/10580\/revisions\/15948"}],"up":[{"embeddable":true,"href":"https:\/\/elfsight.com\/fr\/wp-json\/wp\/v2\/pages\/2697"}],"wp:attachment":[{"href":"https:\/\/elfsight.com\/fr\/wp-json\/wp\/v2\/media?parent=10580"}],"curies":[{"name":"wp","href":"https:\/\/api.w.org\/{rel}","templated":true}]}}