{"id":10565,"date":"1970-01-01T00:00:00","date_gmt":"1970-01-01T00:00:00","guid":{"rendered":"https:\/\/elfsight.com\/fr\/?page_id=10565"},"modified":"2025-07-10T13:48:33","modified_gmt":"2025-07-10T13:48:33","slug":"webnode","status":"publish","type":"page","link":"https:\/\/elfsight.com\/fr\/telegram-chat-widget\/webnode\/","title":{"rendered":"Telegram Chat &#8211; Webnode"},"content":{"rendered":"<div class=\"application-platform-content-item-description application-platform-content-item\" id=\"description\" data-nav-section=\"description\"><h2>Description<\/h2><p>Le widget Telegram d&rsquo;Elfsight est un outil simple permettant aux clients de votre site de d\u00e9marrer une conversation avec vous et d&rsquo;obtenir leur questions r\u00e9pondues. Soyez disponible en direct pour les clients dans la messagerie la plus confortable \u00e0 tout moment. Int\u00e9grez Telegram Chat dans la boutique et laissez-le appara\u00eetre sur des pages s\u00e9lectionn\u00e9es ou pour des groupes particuliers de clients, attribuez des d\u00e9clencheurs de d\u00e9marrage de discussion, incluez votre message de bienvenue unique, d\u00e9finissez des ic\u00f4nes et bien plus encore. En utilisant Telegram Messenger sur place, vous resterez au courant de votre client\u00e8le \u00e0 tout moment et de n&rsquo;importe o\u00f9.<\/p><p><b>C&rsquo;est l&rsquo;un des moyens les plus pratiques pour les gens de s&rsquo;adresser \u00e0 vous et de r\u00e9soudre leurs questions\u00a0!<\/b><\/p><\/div><div class=\"application-platform-content-item-features application-platform-content-item\" id=\"features\" data-nav-section=\"features\"><h2>Fonctionnalit\u00e9s<\/h2><p>V\u00e9rifiez toutes les fonctionnalit\u00e9s de Telegram Chat. Ils sont disponibles directement dans l&rsquo;\u00e9diteur et vous aideront \u00e0 cr\u00e9er le widget adapt\u00e9 \u00e0 votre cas.<\/p><ul><li>Int\u00e9grez Telegram Messenger sur votre page pour discuter avec les visiteurs<li>Trois types de position de discussion\u00a0: flottante bulle, bulle int\u00e9gr\u00e9e et fen\u00eatre de discussion int\u00e9gr\u00e9e\u00a0;<\/li><li>Une collection d&rsquo;ic\u00f4nes de bulle \u00e0 choisir\u00a0;<\/li><li>Texte de bulle modifiable\u00a0;<\/li><li>En-t\u00eate de discussion flexible avec page logo, nom et l\u00e9gende.<\/li><\/ul><p><a href=\"#demo\">V\u00e9rifiez le fonctionnement de toutes les fonctionnalit\u00e9s dans notre d\u00e9mo<\/a><\/p><\/div> <div class=\"application-platform-content-item-installation application-platform-content-item\" id=\"installation\" data-nav-section=\"installation\"><h2>Comment int\u00e9grer Telegram Chat Box sur Webnode\u00a0?<\/h2><p>Pour activer le widget, suivez simplement les instructions ci-dessous.<\/p><ol><li><b> Concevez votre widget Telegram personnalis\u00e9<\/b><br>Dans notre \u00e9diteur gratuit, fa\u00e7onnez un plugin avec un look et des fonctions s\u00e9lectionn\u00e9s.<\/li><li><b>Acqu\u00e9rez le code personnel pour publier le widget<\/b><br>Apr\u00e8s avoir personnalis\u00e9 votre widget, vous obtiendrez le code unique de la notification apparaissant sur Elfsight Apps. Copiez-le pour une utilisation ult\u00e9rieure.<\/li><li><b>Ajoutez le widget sur votre site Webnode<\/b><br>S\u00e9lectionnez l&rsquo;endroit o\u00f9 vous souhaitez int\u00e9grer le plugin et ins\u00e9rez-y le code copi\u00e9. Appliquez les modifications.<\/li><li><b>L&rsquo;int\u00e9gration est r\u00e9ussie\u00a0!<\/b><br>Visitez votre page pour voir votre widget.<\/li><\/ol><p>N&rsquo;h\u00e9sitez pas \u00e0 nous contacter le service client si vous avez besoin de conseils ou si vous avez des questions. Nous vous donnerons un coup de main pour chaque demande.<\/p><div class=\"faq\" data-component=\"FAQ\"> <div class=\"faq-item\">\r\n\t\t\t\t\t<div class=\"faq-item-question\">\r\n\t\t\t\t\t\t<h3 class=\"faq-item-question-text\">Comment ajouter Telegram Chat \u00e0 mon site Webnode sans comp\u00e9tences en codage ?<\/h3>\r\n\r\n\t\t\t\t\t\t<div class=\"faq-item-question-icon\"><\/div>\r\n\t\t\t\t\t<\/div>\r\n\r\n\t\t\t\t\t<div class=\"faq-item-answer\">\r\n\t\t\t\t\t\t<div class=\"faq-item-answer-text\"> <p>Elfsight fournit une solution SaaS qui vous permet de cr\u00e9er un Widget Telegram Chat vous-m\u00eame, voyez \u00e0 quel point le processus est simple : travaillez directement dans l&rsquo;\u00e9diteur en ligne pour cr\u00e9er un widget Telegram Chat que vous aimeriez voir sur votre site Web Webnode. Choisissez l&rsquo;un des mod\u00e8les pr\u00e9d\u00e9finis et ajustez les param\u00e8tres de Telegram Chat, ajoutez votre contenu, modifiez la mise en page et les couleurs sans aucune comp\u00e9tence en codage. Enregistrez le chat Telegram et copiez son code d&rsquo;installation, que vous pouvez facilement inclure dans votre site Webnode sans avoir besoin d&rsquo;acheter un abonnement payant. Gr\u00e2ce \u00e0 notre \u00e9diteur intuitif, tout internaute peut cr\u00e9er un widget Telegram Chat en ligne et l&rsquo;int\u00e9grer facilement \u00e0 son site Webnode. Il n&rsquo;est pas n\u00e9cessaire de payer ou de saisir les informations d&rsquo;identification de votre carte pour acc\u00e9der au service. Si vous rencontrez des probl\u00e8mes \u00e0 n&rsquo;importe quelle \u00e9tape, n&rsquo;h\u00e9sitez pas \u00e0 contacter notre \u00e9quipe d&rsquo;assistance technique.<\/p> <\/div>\r\n\t\t\t\t\t<\/div>\r\n\t\t\t\t<\/div> <\/div> <\/div>","protected":false},"excerpt":{"rendered":"","protected":false},"author":9,"featured_media":0,"parent":2697,"menu_order":0,"comment_status":"closed","ping_status":"closed","template":"templates\/template-application-platform.php","meta":{"publish_to_discourse":"","publish_post_category":"","wpdc_auto_publish_overridden":"","wpdc_topic_tags":"","wpdc_pin_topic":"","wpdc_pin_until":"","discourse_post_id":"","discourse_permalink":"","wpdc_publishing_response":"","wpdc_publishing_error":"","footnotes":""},"class_list":["post-10565","page","type-page","status-publish","hentry"],"yoast_head":"<!-- This site is optimized with the Yoast SEO plugin v25.3.1 - https:\/\/yoast.com\/wordpress\/plugins\/seo\/ -->\n<title>Ajouter Telegram Chat Box au site Webnode (gratuit et rapide)<\/title>\n<meta name=\"description\" content=\"Il n\u2019y a aucun probl\u00e8me \u00e0 concevoir votre widget Telegram Chat Box et \u00e0 l\u2019afficher sur votre site Webnode. Le support client Elfsight est gratuit.\" \/>\n<meta name=\"robots\" content=\"index, follow, max-snippet:-1, max-image-preview:large, max-video-preview:-1\" \/>\n<link rel=\"canonical\" href=\"https:\/\/elfsight.com\/fr\/telegram-chat-widget\/webnode\/\" \/>\n<meta property=\"og:locale\" content=\"fr_FR\" \/>\n<meta property=\"og:type\" content=\"article\" \/>\n<meta property=\"og:title\" content=\"Ajouter Telegram Chat Box au site Webnode (gratuit et rapide)\" \/>\n<meta property=\"og:description\" content=\"Il n\u2019y a aucun probl\u00e8me \u00e0 concevoir votre widget Telegram Chat Box et \u00e0 l\u2019afficher sur votre site Webnode. Le support client Elfsight est gratuit.\" \/>\n<meta property=\"og:url\" content=\"https:\/\/elfsight.com\/fr\/telegram-chat-widget\/webnode\/\" \/>\n<meta property=\"og:site_name\" content=\"Elfsight FR\" \/>\n<meta property=\"article:modified_time\" content=\"2025-07-10T13:48:33+00:00\" \/>\n<meta name=\"twitter:card\" content=\"summary_large_image\" \/>\n<meta name=\"twitter:label1\" content=\"Dur\u00e9e de lecture estim\u00e9e\" \/>\n\t<meta name=\"twitter:data1\" content=\"3 minutes\" \/>\n<!-- \/ Yoast SEO plugin. -->","yoast_head_json":{"title":"Ajouter Telegram Chat Box au site Webnode (gratuit et rapide)","description":"Il n\u2019y a aucun probl\u00e8me \u00e0 concevoir votre widget Telegram Chat Box et \u00e0 l\u2019afficher sur votre site Webnode. Le support client Elfsight est gratuit.","robots":{"index":"index","follow":"follow","max-snippet":"max-snippet:-1","max-image-preview":"max-image-preview:large","max-video-preview":"max-video-preview:-1"},"canonical":"https:\/\/elfsight.com\/fr\/telegram-chat-widget\/webnode\/","og_locale":"fr_FR","og_type":"article","og_title":"Ajouter Telegram Chat Box au site Webnode (gratuit et rapide)","og_description":"Il n\u2019y a aucun probl\u00e8me \u00e0 concevoir votre widget Telegram Chat Box et \u00e0 l\u2019afficher sur votre site Webnode. Le support client Elfsight est gratuit.","og_url":"https:\/\/elfsight.com\/fr\/telegram-chat-widget\/webnode\/","og_site_name":"Elfsight FR","article_modified_time":"2025-07-10T13:48:33+00:00","twitter_card":"summary_large_image","twitter_misc":{"Dur\u00e9e de lecture estim\u00e9e":"3 minutes"},"schema":{"@context":"https:\/\/schema.org","@graph":[{"@type":"WebPage","@id":"https:\/\/elfsight.com\/fr\/telegram-chat-widget\/webnode\/","url":"https:\/\/elfsight.com\/fr\/telegram-chat-widget\/webnode\/","name":"Ajouter Telegram Chat Box au site Webnode (gratuit et rapide)","isPartOf":{"@id":"https:\/\/elfsight.com\/fr\/#website"},"datePublished":"1970-01-01T00:00:00+00:00","dateModified":"2025-07-10T13:48:33+00:00","description":"Il n\u2019y a aucun probl\u00e8me \u00e0 concevoir votre widget Telegram Chat Box et \u00e0 l\u2019afficher sur votre site Webnode. Le support client Elfsight est gratuit.","breadcrumb":{"@id":"https:\/\/elfsight.com\/fr\/telegram-chat-widget\/webnode\/#breadcrumb"},"inLanguage":"fr-FR","potentialAction":[{"@type":"ReadAction","target":["https:\/\/elfsight.com\/fr\/telegram-chat-widget\/webnode\/"]}]},{"@type":"BreadcrumbList","@id":"https:\/\/elfsight.com\/fr\/telegram-chat-widget\/webnode\/#breadcrumb","itemListElement":[{"@type":"ListItem","position":1,"name":"Home","item":"https:\/\/elfsight.com\/fr\/"},{"@type":"ListItem","position":2,"name":"Telegram Chat","item":"https:\/\/elfsight.com\/fr\/telegram-chat-widget\/"},{"@type":"ListItem","position":3,"name":"Telegram Chat &#8211; Webnode"}]},{"@type":"WebSite","@id":"https:\/\/elfsight.com\/fr\/#website","url":"https:\/\/elfsight.com\/fr\/","name":"Elfsight FR","description":"","potentialAction":[{"@type":"SearchAction","target":{"@type":"EntryPoint","urlTemplate":"https:\/\/elfsight.com\/fr\/?s={search_term_string}"},"query-input":{"@type":"PropertyValueSpecification","valueRequired":true,"valueName":"search_term_string"}}],"inLanguage":"fr-FR"}]}},"meta_box":{"industry":"","seo_heading":"","heading":"","description":"","cta_heading":"","cta_description":"","application":"2690","h1":"Chat par t\u00e9l\u00e9gramme Webnode","h1_caption":"Permettez aux utilisateurs de discuter avec vous par t\u00e9l\u00e9gramme directement depuis votre site Web, offrant ainsi un autre canal d'assistance rapide et pratique vers votre site Web Webnode sans effort.","application_category":[],"applications_title":"","applications_request_title":"","applications_request_button_text":"","hero_text":"","hero_video":"","hero_video_schema_markup":"","selling_points_title":"","selling_points_caption":"","selling_points":[],"selling_points_cta_text":"","features_title":"","features":"","ed_cta_examples_text":"","ed_cta_examples_hidden":"","ed_cta_demo_text":"","ed_cta_demo_hidden":"","why_caption":"","why_editor_title":"","why_editor_text":"","why_team_title":"","why_team_text":"","why_service_title":"","why_service_text":"","template_catalog_visible":"","template_catalog_title":"","template_catalog_text":"","template_catalog_categories_visible":"","demo_title":"Cr\u00e9ez votre widget de chat Telegram","demo_caption":"Configurez votre Telegram Chat et ajoutez-le \u00e0 votre site Webnode gratuitement !","default_faq_hidden":"","app_template_category":[],"platform":"364","template_public_id":"","codecanyon_url":"","codecanyon_item_id":"","codecanyon_price":"","pricing_caption":"","pricing_elfsight_apps_hide_column":"","pricing_elfsight_apps_url":"","pricing_codecanyon_price_caption":"","integration_category":[],"integration_request_title":"","integration_request_cta":"","integration_platform":"","integrations":[],"platform_category":[],"video_schema_markup":"","price":"\u00e0 partir de 0$ \/ mois","trial":"","benefits":[{"text":"Assistance \u00e0 l'installation gratuite"},{"text":"Assistance premium"},{"text":"Garantie de remboursement de 14 jours"},{"text":"D\u00e9veloppement continu"}],"button_url":"","button_target_blank":"","button_nofollow":"","attributes":[{"name":"Installations","content":"10,000 - 100,000"},{"name":"Sensible","content":"Oui"},{"name":"Navigateurs compatibles","content":"Firefox, Safari, Opera, Chrome, Edge"}],"tags":[],"tags_disable_links":"","hide_more_platforms":"","video_object":"","demo_hide_cta":"","demo_hide_cloud_options":"","pricing_title":"","pricing":[{"pricing_icon":"platform","pricing_title":"Elfsight Apps","pricing_title_caption":"Solution multiplateforme qui fonctionne sur n'importe quel site","pricing_price":"from $0 \/ month","pricing_price_caption":"commencez avec un forfait gratuit","pricing_benefits":[{"text":"Domaines illimit\u00e9s"},{"text":"Accompagnement d\u00e9di\u00e9 de l'entreprise"},{"text":"Assistance \u00e0 l'installation gratuite"},{"text":"Prix \u200b\u200bsp\u00e9cial pour plusieurs applications"}],"pricing_button_text":"Ajouter au site Web","pricing_button_url":"#demo"}],"related_apps_title":"","related_apps_hidden":"","author":"","image":[],"title":"","job":"","social_networks":[]},"_links":{"self":[{"href":"https:\/\/elfsight.com\/fr\/wp-json\/wp\/v2\/pages\/10565","targetHints":{"allow":["GET"]}}],"collection":[{"href":"https:\/\/elfsight.com\/fr\/wp-json\/wp\/v2\/pages"}],"about":[{"href":"https:\/\/elfsight.com\/fr\/wp-json\/wp\/v2\/types\/page"}],"author":[{"embeddable":true,"href":"https:\/\/elfsight.com\/fr\/wp-json\/wp\/v2\/users\/9"}],"replies":[{"embeddable":true,"href":"https:\/\/elfsight.com\/fr\/wp-json\/wp\/v2\/comments?post=10565"}],"version-history":[{"count":1,"href":"https:\/\/elfsight.com\/fr\/wp-json\/wp\/v2\/pages\/10565\/revisions"}],"predecessor-version":[{"id":10569,"href":"https:\/\/elfsight.com\/fr\/wp-json\/wp\/v2\/pages\/10565\/revisions\/10569"}],"up":[{"embeddable":true,"href":"https:\/\/elfsight.com\/fr\/wp-json\/wp\/v2\/pages\/2697"}],"wp:attachment":[{"href":"https:\/\/elfsight.com\/fr\/wp-json\/wp\/v2\/media?parent=10565"}],"curies":[{"name":"wp","href":"https:\/\/api.w.org\/{rel}","templated":true}]}}