{"id":10564,"date":"1970-01-01T00:00:00","date_gmt":"1970-01-01T00:00:00","guid":{"rendered":"https:\/\/elfsight.com\/fr\/?page_id=10564"},"modified":"2024-12-20T09:21:09","modified_gmt":"2024-12-20T09:21:09","slug":"weebly","status":"publish","type":"page","link":"https:\/\/elfsight.com\/fr\/telegram-chat-widget\/weebly\/","title":{"rendered":"Telegram Chat &#8211; Weebly"},"content":{"rendered":"\n<div class=\"application-platform-content-item-description application-platform-content-item\" id=\"description\" data-nav-section=\"description\"><h2>Description<\/h2><p>L&rsquo;application Telegram d&rsquo;Elfsight est une variante pratique permettant aux utilisateurs de votre page Web de vous contacter et d&rsquo;obtenir des r\u00e9ponses \u00e0 leurs questions. . Soyez disponible en ligne pour la client\u00e8le dans l&rsquo;une des messageries les plus populaires 24h\/24 et 7j\/7. Ins\u00e9rez Telegram Chat sur votre page Web et configurez-le pour qu&rsquo;il apparaisse sur les pages les plus importantes ou pour des types particuliers de visiteurs, \u00e9tablissez des d\u00e9clencheurs de d\u00e9marrage de discussion, incluez votre message de bienvenue personnalis\u00e9, s\u00e9lectionnez des ic\u00f4nes et bien plus encore. Gr\u00e2ce \u00e0 Telegram Messenger int\u00e9gr\u00e9 au site Web, vous resterez disponible pour vos collaborateurs \u00e0 tout moment et de n&rsquo;importe o\u00f9.<\/p><p><b>C&rsquo;est le moyen le plus simple pour les gens de vous contacter et de r\u00e9soudre leurs probl\u00e8mes\u00a0!<\/b><\/p><\/div><div class=\"application-platform-content-item-features application-platform-content-item\" id=\"features\" data-nav-section=\"features\"><h2>Fonctionnalit\u00e9s<\/h2><p>Consultez une liste de toutes les fonctions de Telegram Chat. Ils sont disponibles directement dans l&rsquo;\u00e9diteur et vous aideront \u00e0 construire le widget adapt\u00e9 \u00e0 votre cas.<\/p><ul><li>Ajoutez Telegram Messenger sur votre page pour discuter avec les utilisateurs<li>3 types de position de discussion\u00a0: flottante bulle, int\u00e9gration de bulle et int\u00e9gration de fen\u00eatre de discussion\u00a0;<\/li><li>Une collection d&rsquo;ic\u00f4nes de bulle parmi lesquelles vous pouvez s\u00e9lectionner\u00a0;<\/li><li>Option pour modifier le texte de la bulle\u00a0;<\/li><li>En-t\u00eate de discussion avec image de la page, nom et l\u00e9gende.<\/li><\/ul><p><a href=\"#demo\">D\u00e9couvrez comment fonctionnent toutes les fonctionnalit\u00e9s, dans notre d\u00e9mo<\/a><\/p><\/div><div class=\"application-platform-content-item-installation application-platform-content-item\" id=\"installation\" data-nav-section=\"installation\"><h2>Comment ajouter Telegram Chat \u00e0 Weebly\u00a0?<\/h2><div class=\"video-container\"><iframe width=\"720\" height=\"405\" src=\"https:\/\/www.youtube.com\/embed\/3O6Vd_mgOiM\" frameborder=\"0\" allowfullscreen><\/iframe><\/div><p>Pour int\u00e9grer le widget, suivez les instructions ci-dessous.<\/p><ol><li><b>R\u00e9alisez notre d\u00e9mo gratuite et commencez \u00e0 travailler avec votre application personnalis\u00e9e. <\/b><br> Recherchez l&rsquo;apparence et les caract\u00e9ristiques personnalis\u00e9es de l&rsquo;application et enregistrez toutes les corrections. <\/li> <li><b>Recevez le code unique apparaissant dans la fen\u00eatre sur Elfsight Apps. <\/b><br> Juste une fois la configuration de votre application termin\u00e9e, copiez votre code \u00e0 partir de la fen\u00eatre contextuelle qui appara\u00eet et conservez-le pour vos besoins futurs. <\/li> <li><b>Commencez \u00e0 utiliser l&rsquo;application sur votre site Weebly. <\/b><br> Int\u00e9grez le code copi\u00e9 r\u00e9cemment dans votre site et appliquez les am\u00e9liorations. <\/li> <li><b>L&rsquo;installation est termin\u00e9e avec succ\u00e8s. <\/b><br> Visitez votre site pour voir le travail de l&rsquo;application. <\/li><\/ol><p>N&rsquo;h\u00e9sitez pas \u00e0 communiquer avec notre support client si vous avez besoin d&rsquo;aide ou si vous avez des questions. Nos sp\u00e9cialistes se feront un plaisir de r\u00e9pondre \u00e0 chaque demande.<\/p><div class=\"faq\" data-component=\"FAQ\"> <div class=\"faq-item\">\r\n\t\t\t\t\t<div class=\"faq-item-question\">\r\n\t\t\t\t\t\t<h3 class=\"faq-item-question-text\">Comment puis-je ajouter Telegram Chat \u00e0 mon site Web Weebly sans comp\u00e9tences en codage ?<\/h3>\r\n\r\n\t\t\t\t\t\t<div class=\"faq-item-question-icon\"><\/div>\r\n\t\t\t\t\t<\/div>\r\n\r\n\t\t\t\t\t<div class=\"faq-item-answer\">\r\n\t\t\t\t\t\t<div class=\"faq-item-answer-text\"> <p>Elfsight fournit une solution SaaS qui vous permet cr\u00e9ez vous-m\u00eame un widget Telegram Chat, voyez \u00e0 quel point le processus est simple\u00a0: travaillez directement dans l&rsquo;\u00e9diteur en ligne pour cr\u00e9er un widget Telegram Chat que vous aimeriez voir sur votre site Web Weebly. Choisissez l&rsquo;un des mod\u00e8les pr\u00e9d\u00e9finis et ajustez les param\u00e8tres de Telegram Chat, ajoutez votre contenu, modifiez la mise en page et les couleurs sans aucune comp\u00e9tence en codage. Enregistrez le chat Telegram et copiez son code d&rsquo;installation, que vous pouvez facilement inclure dans votre site Web Weebly sans avoir besoin d&rsquo;acheter un forfait payant. Gr\u00e2ce \u00e0 notre \u00e9diteur intuitif, tout internaute peut cr\u00e9er un widget Telegram Chat en ligne et l&rsquo;int\u00e9grer facilement \u00e0 son site Web Weebly. Il n&rsquo;est pas n\u00e9cessaire de payer ou de saisir les informations d&rsquo;identification de votre carte pour acc\u00e9der au service. Si vous rencontrez des probl\u00e8mes \u00e0 n&rsquo;importe quelle \u00e9tape, n&rsquo;h\u00e9sitez pas \u00e0 contacter notre \u00e9quipe d&rsquo;assistance technique.<\/p> <\/div>\r\n\t\t\t\t\t<\/div>\r\n\t\t\t\t<\/div> <\/div> <\/div>\n","protected":false},"excerpt":{"rendered":"","protected":false},"author":9,"featured_media":0,"parent":2697,"menu_order":0,"comment_status":"closed","ping_status":"closed","template":"templates\/template-application-platform.php","meta":{"publish_to_discourse":"","publish_post_category":"","wpdc_auto_publish_overridden":"","wpdc_topic_tags":"","wpdc_pin_topic":"","wpdc_pin_until":"","discourse_post_id":"","discourse_permalink":"","wpdc_publishing_response":"","wpdc_publishing_error":"","footnotes":""},"class_list":["post-10564","page","type-page","status-publish","hentry"],"yoast_head":"<!-- This site is optimized with the Yoast SEO plugin v25.3.1 - https:\/\/yoast.com\/wordpress\/plugins\/seo\/ -->\n<title>Ajouter Telegram Chat Box au site Web Weebly (gratuit et rapide)<\/title>\n<meta name=\"description\" content=\"Il est facile de fa\u00e7onner votre application Telegram Chat Box et de la placer sur votre site Weebly. Le service client Elfsight est gratuit et rapide.\" \/>\n<meta name=\"robots\" content=\"index, follow, max-snippet:-1, max-image-preview:large, max-video-preview:-1\" \/>\n<link rel=\"canonical\" href=\"https:\/\/elfsight.com\/fr\/telegram-chat-widget\/weebly\/\" \/>\n<meta property=\"og:locale\" content=\"fr_FR\" \/>\n<meta property=\"og:type\" content=\"article\" \/>\n<meta property=\"og:title\" content=\"Ajouter Telegram Chat Box au site Web Weebly (gratuit et rapide)\" \/>\n<meta property=\"og:description\" content=\"Il est facile de fa\u00e7onner votre application Telegram Chat Box et de la placer sur votre site Weebly. Le service client Elfsight est gratuit et rapide.\" \/>\n<meta property=\"og:url\" content=\"https:\/\/elfsight.com\/fr\/telegram-chat-widget\/weebly\/\" \/>\n<meta property=\"og:site_name\" content=\"Elfsight FR\" \/>\n<meta property=\"article:modified_time\" content=\"2024-12-20T09:21:09+00:00\" \/>\n<meta name=\"twitter:card\" content=\"summary_large_image\" \/>\n<meta name=\"twitter:label1\" content=\"Dur\u00e9e de lecture estim\u00e9e\" \/>\n\t<meta name=\"twitter:data1\" content=\"3 minutes\" \/>\n<!-- \/ Yoast SEO plugin. -->","yoast_head_json":{"title":"Ajouter Telegram Chat Box au site Web Weebly (gratuit et rapide)","description":"Il est facile de fa\u00e7onner votre application Telegram Chat Box et de la placer sur votre site Weebly. Le service client Elfsight est gratuit et rapide.","robots":{"index":"index","follow":"follow","max-snippet":"max-snippet:-1","max-image-preview":"max-image-preview:large","max-video-preview":"max-video-preview:-1"},"canonical":"https:\/\/elfsight.com\/fr\/telegram-chat-widget\/weebly\/","og_locale":"fr_FR","og_type":"article","og_title":"Ajouter Telegram Chat Box au site Web Weebly (gratuit et rapide)","og_description":"Il est facile de fa\u00e7onner votre application Telegram Chat Box et de la placer sur votre site Weebly. Le service client Elfsight est gratuit et rapide.","og_url":"https:\/\/elfsight.com\/fr\/telegram-chat-widget\/weebly\/","og_site_name":"Elfsight FR","article_modified_time":"2024-12-20T09:21:09+00:00","twitter_card":"summary_large_image","twitter_misc":{"Dur\u00e9e de lecture estim\u00e9e":"3 minutes"},"schema":{"@context":"https:\/\/schema.org","@graph":[{"@type":"WebPage","@id":"https:\/\/elfsight.com\/fr\/telegram-chat-widget\/weebly\/","url":"https:\/\/elfsight.com\/fr\/telegram-chat-widget\/weebly\/","name":"Ajouter Telegram Chat Box au site Web Weebly (gratuit et rapide)","isPartOf":{"@id":"https:\/\/elfsight.com\/fr\/#website"},"datePublished":"1970-01-01T00:00:00+00:00","dateModified":"2024-12-20T09:21:09+00:00","description":"Il est facile de fa\u00e7onner votre application Telegram Chat Box et de la placer sur votre site Weebly. Le service client Elfsight est gratuit et rapide.","breadcrumb":{"@id":"https:\/\/elfsight.com\/fr\/telegram-chat-widget\/weebly\/#breadcrumb"},"inLanguage":"fr-FR","potentialAction":[{"@type":"ReadAction","target":["https:\/\/elfsight.com\/fr\/telegram-chat-widget\/weebly\/"]}]},{"@type":"BreadcrumbList","@id":"https:\/\/elfsight.com\/fr\/telegram-chat-widget\/weebly\/#breadcrumb","itemListElement":[{"@type":"ListItem","position":1,"name":"Home","item":"https:\/\/elfsight.com\/fr\/"},{"@type":"ListItem","position":2,"name":"Telegram Chat","item":"https:\/\/elfsight.com\/fr\/telegram-chat-widget\/"},{"@type":"ListItem","position":3,"name":"Telegram Chat &#8211; Weebly"}]},{"@type":"WebSite","@id":"https:\/\/elfsight.com\/fr\/#website","url":"https:\/\/elfsight.com\/fr\/","name":"Elfsight FR","description":"","potentialAction":[{"@type":"SearchAction","target":{"@type":"EntryPoint","urlTemplate":"https:\/\/elfsight.com\/fr\/?s={search_term_string}"},"query-input":{"@type":"PropertyValueSpecification","valueRequired":true,"valueName":"search_term_string"}}],"inLanguage":"fr-FR"}]}},"meta_box":{"industry":"","seo_heading":"","heading":"","description":"","cta_heading":"","cta_description":"","application":"2690","h1":"Chat par t\u00e9l\u00e9gramme Weebly","h1_caption":"Permettez aux utilisateurs de discuter avec vous par t\u00e9l\u00e9gramme directement depuis votre site Web, offrant ainsi un autre canal d'assistance rapide et pratique vers votre site Web Weebly sans effort.","application_category":[],"applications_title":"","applications_request_title":"","applications_request_button_text":"","hero_text":"","hero_video":"","hero_video_schema_markup":"","selling_points_title":"","selling_points_caption":"","selling_points":[],"selling_points_cta_text":"","features_title":"","features":"","ed_cta_examples_text":"","ed_cta_examples_hidden":"","ed_cta_demo_text":"","ed_cta_demo_hidden":"","why_caption":"","why_editor_title":"","why_editor_text":"","why_team_title":"","why_team_text":"","why_service_title":"","why_service_text":"","template_catalog_visible":"0","template_catalog_title":"","template_catalog_text":"","template_catalog_categories_visible":"","demo_title":"Cr\u00e9ez votre application Telegram Chat","demo_caption":"Configurez votre chat Telegram et ajoutez-le \u00e0 votre site Web Weebly gratuitement\u00a0!","default_faq_hidden":"","app_template_category":[],"platform":"363","template_public_id":"","codecanyon_url":"","codecanyon_item_id":"","codecanyon_price":"","pricing_caption":"","pricing_elfsight_apps_hide_column":"","pricing_elfsight_apps_url":"","pricing_codecanyon_price_caption":"","integration_category":[],"integration_request_title":"","integration_request_cta":"","integration_platform":"","integrations":[],"platform_category":[],"video_schema_markup":"","price":"\u00e0 partir de 0$ \/ mois","trial":"","benefits":[{"text":"Service d'installation gratuit"},{"text":"Service client efficace"},{"text":"Garantie de remboursement de 14 jours"},{"text":"Mises \u00e0 jour futures"}],"button_url":"","button_target_blank":"0","button_nofollow":"0","attributes":[{"name":"Installations","content":"10,000 - 100,000"},{"name":"Sensible","content":"Oui"},{"name":"Navigateurs compatibles","content":"Firefox, Safari, Opera, Chrome, Edge"}],"tags":[],"tags_disable_links":"0","hide_more_platforms":"","video_object":"","demo_hide_cta":"0","demo_hide_cloud_options":"0","pricing_title":"","pricing":[{"pricing_icon":"platform","pricing_title":"Elfsight Apps","pricing_title_caption":"Version multiplateforme qui fonctionne sur n'importe quel site Web","pricing_price":"from $0 \/ month","pricing_price_caption":"commencez avec un forfait gratuit","pricing_benefits":[{"text":"Sites Web illimit\u00e9s"},{"text":"Assistance client haut de gamme"},{"text":"Service d'installation gratuit"},{"text":"Enti\u00e8rement personnalisable"}],"pricing_button_text":"Ajouter au site Web","pricing_button_url":"#demo"}],"related_apps_title":"","related_apps_hidden":"0","author":"","image":[],"title":"","job":"","social_networks":[]},"_links":{"self":[{"href":"https:\/\/elfsight.com\/fr\/wp-json\/wp\/v2\/pages\/10564","targetHints":{"allow":["GET"]}}],"collection":[{"href":"https:\/\/elfsight.com\/fr\/wp-json\/wp\/v2\/pages"}],"about":[{"href":"https:\/\/elfsight.com\/fr\/wp-json\/wp\/v2\/types\/page"}],"author":[{"embeddable":true,"href":"https:\/\/elfsight.com\/fr\/wp-json\/wp\/v2\/users\/9"}],"replies":[{"embeddable":true,"href":"https:\/\/elfsight.com\/fr\/wp-json\/wp\/v2\/comments?post=10564"}],"version-history":[{"count":3,"href":"https:\/\/elfsight.com\/fr\/wp-json\/wp\/v2\/pages\/10564\/revisions"}],"predecessor-version":[{"id":15951,"href":"https:\/\/elfsight.com\/fr\/wp-json\/wp\/v2\/pages\/10564\/revisions\/15951"}],"up":[{"embeddable":true,"href":"https:\/\/elfsight.com\/fr\/wp-json\/wp\/v2\/pages\/2697"}],"wp:attachment":[{"href":"https:\/\/elfsight.com\/fr\/wp-json\/wp\/v2\/media?parent=10564"}],"curies":[{"name":"wp","href":"https:\/\/api.w.org\/{rel}","templated":true}]}}