{"id":10563,"date":"1970-01-01T00:00:00","date_gmt":"1970-01-01T00:00:00","guid":{"rendered":"https:\/\/elfsight.com\/fr\/?page_id=10563"},"modified":"2024-12-20T09:30:33","modified_gmt":"2024-12-20T09:30:33","slug":"wix","status":"publish","type":"page","link":"https:\/\/elfsight.com\/fr\/telegram-chat-widget\/wix\/","title":{"rendered":"Telegram Chat &#8211; Wix"},"content":{"rendered":"\n<div class=\"application-platform-content-item-description application-platform-content-item\" id=\"description\" data-nav-section=\"description\">\n  <h2>Description<\/h2>\n  <p>L&rsquo;application Telegram cr\u00e9\u00e9e par Elfsight est l&rsquo;un des moyens les plus pratiques pour les clients de votre site Web d&rsquo;envoyer un message \u00e0 vous et d&rsquo;obtenir des r\u00e9ponses \u00e0 leurs questions. Vous \u00eates d\u00e9sormais disponible en direct et en continu pour vos visiteurs dans la messagerie la plus appr\u00e9ci\u00e9e. Int\u00e9grez Telegram Chat sur votre site et faites-le appara\u00eetre sur des pages s\u00e9lectionn\u00e9es ou pour des types de clients sp\u00e9cifiques, activez les d\u00e9clencheurs de d\u00e9marrage du chat, pr\u00e9sentez votre message de bienvenue personnalis\u00e9, modifiez les ic\u00f4nes et appliquez d&rsquo;autres personnalisations. Avec Telegram Messenger sur votre site Web, vous serez en contact avec vos clients \u00e0 toute heure et quel que soit votre lieu.<\/p>\n  <p><b>C&rsquo;est l&rsquo;un des moyens les plus pratiques pour les gens de vous joindre et de r\u00e9soudre leurs questions !<\/b><\/p>\n<\/div>\n\n<div class=\"application-platform-content-item-features application-platform-content-item\" id=\"features\" data-nav-section=\"features\">\n  <h2>Fonctionnalit\u00e9s<\/h2>\n  <p>Consultez une liste de toutes les fonctionnalit\u00e9s de Telegram Chat. Elles sont disponibles directement dans l&rsquo;\u00e9diteur et vous aideront \u00e0 cr\u00e9er le widget exactement adapt\u00e9 \u00e0 vos besoins.<\/p>\n  <ul>\n    <li>Int\u00e9grez Telegram Messenger sur votre site Web pour discuter avec les utilisateurs<\/li>\n    <li>Trois variantes de position de chat : bulle flottante, bulle int\u00e9gr\u00e9e et fen\u00eatre de discussion int\u00e9gr\u00e9e<\/li>\n    <li>Une biblioth\u00e8que d&rsquo;ic\u00f4nes de bulles \u00e0 choisir<\/li>\n    <li>Texte de bulle modifiable<\/li>\n    <li>En-t\u00eate de discussion avec image de page, nom et l\u00e9gende<\/li>\n  <\/ul>\n  <p><a href=\"#demo\">Testez toutes les autres fonctionnalit\u00e9s dans la d\u00e9mo<\/a><\/p>\n<\/div>\n\n<div class=\"application-platform-content-item-installation application-platform-content-item\" id=\"installation\" data-nav-section=\"installation\">\n  <div class=\"video-container\">\n    <h2>Comment ajouter Telegram Chat \u00e0 Wix ?<\/h2>\n    <iframe width=\"720\" height=\"405\" src=\"https:\/\/www.youtube.com\/embed\/cTDUUMx6BqQ\" frameborder=\"0\" allowfullscreen><\/iframe>\n  <\/div>\n  <p>Pour commencer \u00e0 utiliser le widget, suivez ces \u00e9tapes simples.<\/p>\n  <ol>\n    <li><b>Cr\u00e9ez votre widget Telegram personnalis\u00e9<\/b><br>Utilisez notre d\u00e9mo gratuite pour configurer un plugin avec une interface et des fonctionnalit\u00e9s personnalis\u00e9es.<\/li>\n    <li><b>Obtenez le code d&rsquo;int\u00e9gration du widget<\/b><br>Apr\u00e8s avoir personnalis\u00e9 votre widget, vous recevrez un code dans la fen\u00eatre contextuelle d&rsquo;Elfsight Apps. Copiez ce code.<\/li>\n    <li><b>Int\u00e9grez le widget sur votre site Web Wix<\/b><br>Choisissez la zone o\u00f9 vous souhaitez placer le widget et ajoutez-y le code copi\u00e9. Enregistrez les modifications.<\/li>\n    <li><b>Termin\u00e9 !<\/b><br>Acc\u00e9dez \u00e0 votre page Web pour voir le widget en action.<\/li>\n  <\/ol>\n  <p>N&rsquo;h\u00e9sitez pas \u00e0 contacter notre service client si vous avez besoin d&rsquo;aide ou avez des questions. Nous serons heureux de r\u00e9pondre \u00e0 chaque demande.<\/p>\n<\/div>\n\n<div class=\"faq\" data-component=\"FAQ\">\n  <div class=\"faq-item\">\r\n\t\t\t\t\t<div class=\"faq-item-question\">\r\n\t\t\t\t\t\t<h3 class=\"faq-item-question-text\">Quels autres widgets puis-je utiliser pour am\u00e9liorer mon site Web Wix ?<\/h3>\r\n\r\n\t\t\t\t\t\t<div class=\"faq-item-question-icon\"><\/div>\r\n\t\t\t\t\t<\/div>\r\n\r\n\t\t\t\t\t<div class=\"faq-item-answer\">\r\n\t\t\t\t\t\t<div class=\"faq-item-answer-text\">\n    <p>Il existe de nombreux widgets Wix qui peuvent facilement am\u00e9liorer votre site web. Par exemple, vous pouvez utiliser d&rsquo;autres widgets de chat tels que <a href=\"https:\/\/elfsight.com\/facebook-chat-widget\/wix\/\" target=\"_blank\" rel=\"noopener\">Facebook Chat<\/a>, <a href=\"https:\/\/elfsight.com\/whatsapp-chat-widget\/wix\/\" target=\"_blank\" rel=\"noopener\">Chat WhatsApp<\/a>, <a href=\"https:\/\/elfsight.com\/viber-chat-widget\/wix\/\" target=\"_blank\" rel=\"noopener\">Viber Chat<\/a>. Tous sont faciles \u00e0 mettre en \u0153uvre et peuvent consid\u00e9rablement am\u00e9liorer les performances de votre site Web.<\/p>\n  <\/div>\r\n\t\t\t\t\t<\/div>\r\n\t\t\t\t<\/div>\n<\/div>\n\n","protected":false},"excerpt":{"rendered":"","protected":false},"author":9,"featured_media":0,"parent":2697,"menu_order":0,"comment_status":"closed","ping_status":"closed","template":"templates\/template-application-platform.php","meta":{"publish_to_discourse":"","publish_post_category":"","wpdc_auto_publish_overridden":"","wpdc_topic_tags":"","wpdc_pin_topic":"","wpdc_pin_until":"","discourse_post_id":"","discourse_permalink":"","wpdc_publishing_response":"","wpdc_publishing_error":"","footnotes":""},"class_list":["post-10563","page","type-page","status-publish","hentry"],"yoast_head":"<!-- This site is optimized with the Yoast SEO plugin v25.3.1 - https:\/\/yoast.com\/wordpress\/plugins\/seo\/ -->\n<title>Ajouter Telegram Chat Box au site Wix (gratuit et rapide)<\/title>\n<meta name=\"description\" content=\"Voici une possibilit\u00e9 de cr\u00e9er une bo\u00eete de discussion Telegram et de l&#039;ajouter \u00e0 votre site Web Wix. Vous b\u00e9n\u00e9ficierez d&#039;un service client gratuit et d&#039;autres bonus d&#039;Elfsight.\" \/>\n<meta name=\"robots\" content=\"index, follow, max-snippet:-1, max-image-preview:large, max-video-preview:-1\" \/>\n<link rel=\"canonical\" href=\"https:\/\/elfsight.com\/fr\/telegram-chat-widget\/wix\/\" \/>\n<meta property=\"og:locale\" content=\"fr_FR\" \/>\n<meta property=\"og:type\" content=\"article\" \/>\n<meta property=\"og:title\" content=\"Ajouter Telegram Chat Box au site Wix (gratuit et rapide)\" \/>\n<meta property=\"og:description\" content=\"Voici une possibilit\u00e9 de cr\u00e9er une bo\u00eete de discussion Telegram et de l&#039;ajouter \u00e0 votre site Web Wix. Vous b\u00e9n\u00e9ficierez d&#039;un service client gratuit et d&#039;autres bonus d&#039;Elfsight.\" \/>\n<meta property=\"og:url\" content=\"https:\/\/elfsight.com\/fr\/telegram-chat-widget\/wix\/\" \/>\n<meta property=\"og:site_name\" content=\"Elfsight FR\" \/>\n<meta property=\"article:modified_time\" content=\"2024-12-20T09:30:33+00:00\" \/>\n<meta name=\"twitter:card\" content=\"summary_large_image\" \/>\n<meta name=\"twitter:label1\" content=\"Dur\u00e9e de lecture estim\u00e9e\" \/>\n\t<meta name=\"twitter:data1\" content=\"3 minutes\" \/>\n<!-- \/ Yoast SEO plugin. -->","yoast_head_json":{"title":"Ajouter Telegram Chat Box au site Wix (gratuit et rapide)","description":"Voici une possibilit\u00e9 de cr\u00e9er une bo\u00eete de discussion Telegram et de l'ajouter \u00e0 votre site Web Wix. Vous b\u00e9n\u00e9ficierez d'un service client gratuit et d'autres bonus d'Elfsight.","robots":{"index":"index","follow":"follow","max-snippet":"max-snippet:-1","max-image-preview":"max-image-preview:large","max-video-preview":"max-video-preview:-1"},"canonical":"https:\/\/elfsight.com\/fr\/telegram-chat-widget\/wix\/","og_locale":"fr_FR","og_type":"article","og_title":"Ajouter Telegram Chat Box au site Wix (gratuit et rapide)","og_description":"Voici une possibilit\u00e9 de cr\u00e9er une bo\u00eete de discussion Telegram et de l'ajouter \u00e0 votre site Web Wix. Vous b\u00e9n\u00e9ficierez d'un service client gratuit et d'autres bonus d'Elfsight.","og_url":"https:\/\/elfsight.com\/fr\/telegram-chat-widget\/wix\/","og_site_name":"Elfsight FR","article_modified_time":"2024-12-20T09:30:33+00:00","twitter_card":"summary_large_image","twitter_misc":{"Dur\u00e9e de lecture estim\u00e9e":"3 minutes"},"schema":{"@context":"https:\/\/schema.org","@graph":[{"@type":"WebPage","@id":"https:\/\/elfsight.com\/fr\/telegram-chat-widget\/wix\/","url":"https:\/\/elfsight.com\/fr\/telegram-chat-widget\/wix\/","name":"Ajouter Telegram Chat Box au site Wix (gratuit et rapide)","isPartOf":{"@id":"https:\/\/elfsight.com\/fr\/#website"},"datePublished":"1970-01-01T00:00:00+00:00","dateModified":"2024-12-20T09:30:33+00:00","description":"Voici une possibilit\u00e9 de cr\u00e9er une bo\u00eete de discussion Telegram et de l'ajouter \u00e0 votre site Web Wix. Vous b\u00e9n\u00e9ficierez d'un service client gratuit et d'autres bonus d'Elfsight.","breadcrumb":{"@id":"https:\/\/elfsight.com\/fr\/telegram-chat-widget\/wix\/#breadcrumb"},"inLanguage":"fr-FR","potentialAction":[{"@type":"ReadAction","target":["https:\/\/elfsight.com\/fr\/telegram-chat-widget\/wix\/"]}]},{"@type":"BreadcrumbList","@id":"https:\/\/elfsight.com\/fr\/telegram-chat-widget\/wix\/#breadcrumb","itemListElement":[{"@type":"ListItem","position":1,"name":"Home","item":"https:\/\/elfsight.com\/fr\/"},{"@type":"ListItem","position":2,"name":"Telegram Chat","item":"https:\/\/elfsight.com\/fr\/telegram-chat-widget\/"},{"@type":"ListItem","position":3,"name":"Telegram Chat &#8211; Wix"}]},{"@type":"WebSite","@id":"https:\/\/elfsight.com\/fr\/#website","url":"https:\/\/elfsight.com\/fr\/","name":"Elfsight FR","description":"","potentialAction":[{"@type":"SearchAction","target":{"@type":"EntryPoint","urlTemplate":"https:\/\/elfsight.com\/fr\/?s={search_term_string}"},"query-input":{"@type":"PropertyValueSpecification","valueRequired":true,"valueName":"search_term_string"}}],"inLanguage":"fr-FR"}]}},"meta_box":{"industry":"","seo_heading":"","heading":"","description":"","cta_heading":"","cta_description":"","application":"2690","h1":"Chat par t\u00e9l\u00e9gramme Wix","h1_caption":"Permettez aux utilisateurs de discuter avec vous par t\u00e9l\u00e9gramme directement depuis votre site Web, offrant ainsi un autre canal d'assistance rapide et pratique vers votre site Web Wix sans effort.","application_category":[],"applications_title":"","applications_request_title":"","applications_request_button_text":"","hero_text":"","hero_video":"","hero_video_schema_markup":"","selling_points_title":"","selling_points_caption":"","selling_points":[],"selling_points_cta_text":"","features_title":"","features":"","ed_cta_examples_text":"","ed_cta_examples_hidden":"","ed_cta_demo_text":"","ed_cta_demo_hidden":"","why_caption":"","why_editor_title":"","why_editor_text":"","why_team_title":"","why_team_text":"","why_service_title":"","why_service_text":"","template_catalog_visible":"0","template_catalog_title":"","template_catalog_text":"","template_catalog_categories_visible":"","demo_title":"Cr\u00e9ez votre application Telegram Chat","demo_caption":"Configurez votre Telegram Chat et ajoutez-le \u00e0 votre site Web Wix gratuitement !","default_faq_hidden":"","app_template_category":[],"platform":"345","template_public_id":"","codecanyon_url":"","codecanyon_item_id":"","codecanyon_price":"","pricing_caption":"","pricing_elfsight_apps_hide_column":"","pricing_elfsight_apps_url":"","pricing_codecanyon_price_caption":"","integration_category":[],"integration_request_title":"","integration_request_cta":"","integration_platform":"","integrations":[],"platform_category":[],"video_schema_markup":"","price":"\u00e0 partir de 0$ \/ mois","trial":"","benefits":[{"text":"Aide \u00e0 l'installation gratuite"},{"text":"Un soutien exceptionnel"},{"text":"Garantie de remboursement de 14 jours"},{"text":"Futures am\u00e9liorations gratuites"}],"button_url":"","button_target_blank":"0","button_nofollow":"0","attributes":[{"name":"Installations","content":"10,000 - 100,000"},{"name":"Sensible","content":"Oui"},{"name":"Navigateurs compatibles","content":"Edge, Safari, Chrome, Firefox, Opera"}],"tags":[],"tags_disable_links":"0","hide_more_platforms":"","video_object":"","demo_hide_cta":"0","demo_hide_cloud_options":"0","pricing_title":"","pricing":[{"pricing_icon":"platform","pricing_title":"Elfsight Apps","pricing_title_caption":"Solution multiplateforme qui fonctionne sur n'importe quel site","pricing_price":"from $0 \/ month","pricing_price_caption":"commencez avec un forfait gratuit","pricing_benefits":[{"text":"Sites Web illimit\u00e9s"},{"text":"Assistance d\u00e9di\u00e9e et ponctuelle"},{"text":"Service d'installation gratuit"},{"text":"Conception flexible"}],"pricing_button_text":"Ajouter au site Web","pricing_button_url":"#demo"}],"related_apps_title":"","related_apps_hidden":"0","author":"","image":[],"title":"","job":"","social_networks":[]},"_links":{"self":[{"href":"https:\/\/elfsight.com\/fr\/wp-json\/wp\/v2\/pages\/10563","targetHints":{"allow":["GET"]}}],"collection":[{"href":"https:\/\/elfsight.com\/fr\/wp-json\/wp\/v2\/pages"}],"about":[{"href":"https:\/\/elfsight.com\/fr\/wp-json\/wp\/v2\/types\/page"}],"author":[{"embeddable":true,"href":"https:\/\/elfsight.com\/fr\/wp-json\/wp\/v2\/users\/9"}],"replies":[{"embeddable":true,"href":"https:\/\/elfsight.com\/fr\/wp-json\/wp\/v2\/comments?post=10563"}],"version-history":[{"count":3,"href":"https:\/\/elfsight.com\/fr\/wp-json\/wp\/v2\/pages\/10563\/revisions"}],"predecessor-version":[{"id":15952,"href":"https:\/\/elfsight.com\/fr\/wp-json\/wp\/v2\/pages\/10563\/revisions\/15952"}],"up":[{"embeddable":true,"href":"https:\/\/elfsight.com\/fr\/wp-json\/wp\/v2\/pages\/2697"}],"wp:attachment":[{"href":"https:\/\/elfsight.com\/fr\/wp-json\/wp\/v2\/media?parent=10563"}],"curies":[{"name":"wp","href":"https:\/\/api.w.org\/{rel}","templated":true}]}}