{"id":10541,"date":"1970-01-01T00:00:00","date_gmt":"1970-01-01T00:00:00","guid":{"rendered":"https:\/\/elfsight.com\/fr\/?page_id=10541"},"modified":"2025-07-10T13:43:53","modified_gmt":"2025-07-10T13:43:53","slug":"bigcommerce","status":"publish","type":"page","link":"https:\/\/elfsight.com\/fr\/team-showcase-widget\/bigcommerce\/","title":{"rendered":"Team Showcase &#8211; BigCommerce"},"content":{"rendered":"<div class=\"application-platform-content-item-description application-platform-content-item\" id=\"description\" data-nav-section=\"description\"> <h2>Description<\/h2> <p>Elfsight Team Showcase est le moyen le plus frappant de montrer les membres de votre \u00e9quipage sur votre site Web. Le widget permet d&rsquo;annoncer les photos et les arri\u00e8re-plans de tout type d&rsquo;\u00e9quipe\u00a0: partenaires commerciaux, club de sportifs, personnel professeur, structure d&rsquo;entreprise et plus encore. T\u00e9l\u00e9chargez une photo, ajoutez des informations de contact et un texte d\u00e9taill\u00e9 sur chaque individu. Les visiteurs auront la possibilit\u00e9 de les contacter de mani\u00e8re transparente gr\u00e2ce \u00e0 des liens actifs ou des ic\u00f4nes sociales. Vous \u00eates libre de cr\u00e9er des cat\u00e9gories et d&rsquo;afficher le format de votre entreprise, de s\u00e9lectionner une mise en page, des couleurs et d&rsquo;autres caract\u00e9ristiques. Augmentez la cr\u00e9dibilit\u00e9 de votre entreprise en affichant son visage humain\u00a0!<\/p><div class=\"faq\" data-component=\"FAQ\"> <div class=\"faq-item\">\r\n\t\t\t\t\t<div class=\"faq-item-question\">\r\n\t\t\t\t\t\t<h3 class=\"faq-item-question-text\">O\u00f9 puis-je afficher ce plugin ?<\/h3>\r\n\r\n\t\t\t\t\t\t<div class=\"faq-item-question-icon\"><\/div>\r\n\t\t\t\t\t<\/div>\r\n\r\n\t\t\t\t\t<div class=\"faq-item-answer\">\r\n\t\t\t\t\t\t<div class=\"faq-item-answer-text\"> <p>Ajoutez le portfolio de votre \u00e9quipe \u00e0 chaque page de votre site Web, o\u00f9 vous consid\u00e9rez que cela convient. Le widget peut \u00eatre utilis\u00e9 comme l&rsquo;un des \u00e9l\u00e9ments de la zone de contenu, ou vous pouvez le configurer pour qu&rsquo;il remplisse toute la page. De cette mani\u00e8re, vous pouvez cr\u00e9er votre page \u00c0 propos de nous \u00e0 l&rsquo;aide d&rsquo;un seul widget.<\/p><\/div>\r\n\t\t\t\t\t<\/div>\r\n\t\t\t\t<\/div> <div class=\"faq-item\">\r\n\t\t\t\t\t<div class=\"faq-item-question\">\r\n\t\t\t\t\t\t<h3 class=\"faq-item-question-text\">Comment en b\u00e9n\u00e9ficierais-je ?<\/h3>\r\n\r\n\t\t\t\t\t\t<div class=\"faq-item-question-icon\"><\/div>\r\n\t\t\t\t\t<\/div>\r\n\r\n\t\t\t\t\t<div class=\"faq-item-answer\">\r\n\t\t\t\t\t\t<div class=\"faq-item-answer-text\"> <p>Affichant les personnes r\u00e9ellement impliqu\u00e9es dans le l&rsquo;entreprise augmente sa transparence et augmente la fiabilit\u00e9 per\u00e7ue. Cela garantit aux utilisateurs que votre entreprise est un partenaire fiable et peut conduire \u00e0 davantage de prospects et de nouveaux clients. De plus, les membres de votre \u00e9quipe deviennent plus faciles \u00e0 contacter gr\u00e2ce aux informations de contact ajout\u00e9es pour chaque personne. <\/p><\/div>\r\n\t\t\t\t\t<\/div>\r\n\t\t\t\t<\/div> <div class=\"faq-item\">\r\n\t\t\t\t\t<div class=\"faq-item-question\">\r\n\t\t\t\t\t\t<h3 class=\"faq-item-question-text\">De quoi ai-je besoin pour avoir Team Showcase sur mon site BigCommerce ?<\/h3>\r\n\r\n\t\t\t\t\t\t<div class=\"faq-item-question-icon\"><\/div>\r\n\t\t\t\t\t<\/div>\r\n\r\n\t\t\t\t\t<div class=\"faq-item-answer\">\r\n\t\t\t\t\t\t<div class=\"faq-item-answer-text\"> <p>Cela ne prend que deux minutes de votre temps pour que le widget soit op\u00e9rationnel. L\u2019installation est tr\u00e8s rapide, gratuite et ne n\u00e9cessite aucun codage. <\/p> <p>Le widget peut \u00eatre int\u00e9gr\u00e9 via notre service ou sur la marketplace. Vous pouvez en savoir plus sur ces variantes et d\u00e9cider laquelle est la v\u00f4tre. <\/p> <\/div>\r\n\t\t\t\t\t<\/div>\r\n\t\t\t\t<\/div> <\/div> <\/div> <div class=\"application-platform-content-item-features application-platform-content-item\" id=\"features\" data-nav-section=\"features\"> <h2>Fonctionnalit\u00e9s<\/h2> <p>Afin de bien comprendre le fonctionnement de Team Showcase, consultez les liste de ses principales fonctions. Ils rendent notre widget incroyablement efficace pour votre entreprise\u00a0: <\/p> <ul><li>Ic\u00f4nes actives des r\u00e9seaux sociaux et liens vers le site et l&rsquo;adresse e-mail\u00a0; <\/li><li>L&rsquo;adresse de localisation de la personne r\u00e9v\u00e9l\u00e9e sur Google Maps lors d&rsquo;un clic\u00a0; <\/li><li>Une fen\u00eatre contextuelle r\u00e9v\u00e8le davantage de biographie sur une personne\u00a0; <\/li><li>2 options pour afficher les groupes\u00a0: dans une liste globale ou avec un menu\u00a0; <\/li><li>4 variantes de mise en page au choix\u00a0: Grille, Cartes, Galerie ou Liste. <\/li><\/ul><p><a href=\"#demo\">D\u00e9couvrez toutes les fonctionnalit\u00e9s dans la d\u00e9mo en direct<\/a><\/p> <\/div> <div class=\"application-platform-content-item-installation application-platform-content-item\" id=\"installation\" data-nav-section=\"installation\"> <h2>Rechercher d\u00e9couvrez comment int\u00e9grer le widget Team Showcase dans votre site BigCommerce<\/h2><div class=\"video-container\"><iframe width=\"720\" height=\"405\" src=\"https:\/\/www.youtube.com\/embed\/XwSoURpeOqw\" frameborder=\"0\" allowfullscreen=\"\"><\/iframe><\/div> <p>Suivez simplement plusieurs \u00e9tapes d\u00e9crites ci-dessous pour int\u00e9grer l&rsquo;application sur BigCommerce.<\/p> <ol><li><b>Ouvrez notre configurateur gratuit et commencez \u00e0 cr\u00e9er votre widget personnalis\u00e9. <\/b><br> Choisissez la mise en page et les options pr\u00e9f\u00e9rables pour l&rsquo;application et appliquez les modifications. <\/li> <li><b>Copiez votre code individuel r\u00e9v\u00e9l\u00e9 dans la fen\u00eatre sur Elfsight Apps. <\/b><br> D\u00e8s que la cr\u00e9ation de votre widget Team Showcase personnel est termin\u00e9e, copiez le code exclusif dans la bo\u00eete qui appara\u00eet et enregistrez-le pour d&rsquo;autres besoins. <\/li> <li><b>Commencez \u00e0 utiliser l&rsquo;application sur votre site Web BigCommerce. <\/b><br> Saisissez le code copi\u00e9 r\u00e9cemment sur votre site Web et appliquez les ajustements. <\/li> <li><b>Vous avez termin\u00e9\u00a0! L&rsquo;int\u00e9gration est effectu\u00e9e avec succ\u00e8s. <\/b><br> Rendez-vous sur votre site pour observer le fonctionnement du widget. <\/li><\/ol><p>Vous avez encore des doutes sur quelque chose\u00a0? Ou vous avez des questions ? Une simple demande \u00e0 notre service client r\u00e9soudra tout type de question. <\/p> <\/div>","protected":false},"excerpt":{"rendered":"","protected":false},"author":9,"featured_media":0,"parent":1493,"menu_order":0,"comment_status":"closed","ping_status":"closed","template":"templates\/template-application-platform.php","meta":{"publish_to_discourse":"","publish_post_category":"","wpdc_auto_publish_overridden":"","wpdc_topic_tags":"","wpdc_pin_topic":"","wpdc_pin_until":"","discourse_post_id":"","discourse_permalink":"","wpdc_publishing_response":"","wpdc_publishing_error":"","footnotes":""},"class_list":["post-10541","page","type-page","status-publish","hentry"],"yoast_head":"<!-- This site is optimized with the Yoast SEO plugin v25.3.1 - https:\/\/yoast.com\/wordpress\/plugins\/seo\/ -->\n<title>Ajouter l&#039;application Team Showcase au site Web BigCommerce (2025)<\/title>\n<meta name=\"description\" content=\"Il est parfaitement simple de cr\u00e9er votre application Team Showcase et de la placer sur le site Web BigCommerce. Le service client Elfsight est gratuit.\" \/>\n<meta name=\"robots\" content=\"index, follow, max-snippet:-1, max-image-preview:large, max-video-preview:-1\" \/>\n<link rel=\"canonical\" href=\"https:\/\/elfsight.com\/fr\/team-showcase-widget\/bigcommerce\/\" \/>\n<meta property=\"og:locale\" content=\"fr_FR\" \/>\n<meta property=\"og:type\" content=\"article\" \/>\n<meta property=\"og:title\" content=\"Ajouter l&#039;application Team Showcase au site Web BigCommerce (2025)\" \/>\n<meta property=\"og:description\" content=\"Il est parfaitement simple de cr\u00e9er votre application Team Showcase et de la placer sur le site Web BigCommerce. Le service client Elfsight est gratuit.\" \/>\n<meta property=\"og:url\" content=\"https:\/\/elfsight.com\/fr\/team-showcase-widget\/bigcommerce\/\" \/>\n<meta property=\"og:site_name\" content=\"Elfsight FR\" \/>\n<meta property=\"article:modified_time\" content=\"2025-07-10T13:43:53+00:00\" \/>\n<meta name=\"twitter:card\" content=\"summary_large_image\" \/>\n<meta name=\"twitter:label1\" content=\"Dur\u00e9e de lecture estim\u00e9e\" \/>\n\t<meta name=\"twitter:data1\" content=\"3 minutes\" \/>\n<!-- \/ Yoast SEO plugin. -->","yoast_head_json":{"title":"Ajouter l'application Team Showcase au site Web BigCommerce (2025)","description":"Il est parfaitement simple de cr\u00e9er votre application Team Showcase et de la placer sur le site Web BigCommerce. Le service client Elfsight est gratuit.","robots":{"index":"index","follow":"follow","max-snippet":"max-snippet:-1","max-image-preview":"max-image-preview:large","max-video-preview":"max-video-preview:-1"},"canonical":"https:\/\/elfsight.com\/fr\/team-showcase-widget\/bigcommerce\/","og_locale":"fr_FR","og_type":"article","og_title":"Ajouter l'application Team Showcase au site Web BigCommerce (2025)","og_description":"Il est parfaitement simple de cr\u00e9er votre application Team Showcase et de la placer sur le site Web BigCommerce. Le service client Elfsight est gratuit.","og_url":"https:\/\/elfsight.com\/fr\/team-showcase-widget\/bigcommerce\/","og_site_name":"Elfsight FR","article_modified_time":"2025-07-10T13:43:53+00:00","twitter_card":"summary_large_image","twitter_misc":{"Dur\u00e9e de lecture estim\u00e9e":"3 minutes"},"schema":{"@context":"https:\/\/schema.org","@graph":[{"@type":"WebPage","@id":"https:\/\/elfsight.com\/fr\/team-showcase-widget\/bigcommerce\/","url":"https:\/\/elfsight.com\/fr\/team-showcase-widget\/bigcommerce\/","name":"Ajouter l'application Team Showcase au site Web BigCommerce (2025)","isPartOf":{"@id":"https:\/\/elfsight.com\/fr\/#website"},"datePublished":"1970-01-01T00:00:00+00:00","dateModified":"2025-07-10T13:43:53+00:00","description":"Il est parfaitement simple de cr\u00e9er votre application Team Showcase et de la placer sur le site Web BigCommerce. Le service client Elfsight est gratuit.","breadcrumb":{"@id":"https:\/\/elfsight.com\/fr\/team-showcase-widget\/bigcommerce\/#breadcrumb"},"inLanguage":"fr-FR","potentialAction":[{"@type":"ReadAction","target":["https:\/\/elfsight.com\/fr\/team-showcase-widget\/bigcommerce\/"]}]},{"@type":"BreadcrumbList","@id":"https:\/\/elfsight.com\/fr\/team-showcase-widget\/bigcommerce\/#breadcrumb","itemListElement":[{"@type":"ListItem","position":1,"name":"Home","item":"https:\/\/elfsight.com\/fr\/"},{"@type":"ListItem","position":2,"name":"Team Showcase","item":"https:\/\/elfsight.com\/fr\/team-showcase-widget\/"},{"@type":"ListItem","position":3,"name":"Team Showcase &#8211; BigCommerce"}]},{"@type":"WebSite","@id":"https:\/\/elfsight.com\/fr\/#website","url":"https:\/\/elfsight.com\/fr\/","name":"Elfsight FR","description":"","potentialAction":[{"@type":"SearchAction","target":{"@type":"EntryPoint","urlTemplate":"https:\/\/elfsight.com\/fr\/?s={search_term_string}"},"query-input":{"@type":"PropertyValueSpecification","valueRequired":true,"valueName":"search_term_string"}}],"inLanguage":"fr-FR"}]}},"meta_box":{"industry":"","seo_heading":"","heading":"","description":"","cta_heading":"","cta_description":"","application":"1454","h1":"Application Vitrine de l'\u00e9quipe BigCommerce","h1_caption":"Pr\u00e9sentez les membres de votre \u00e9quipe de mani\u00e8re professionnelle et visuellement attrayante, en \u00e9tablissant sans effort la confiance et la connexion avec votre public sur votre site Web BigCommerce.","application_category":[],"applications_title":"","applications_request_title":"","applications_request_button_text":"","hero_text":"","hero_video":"","hero_video_schema_markup":"","selling_points_title":"","selling_points_caption":"","selling_points":[],"selling_points_cta_text":"","features_title":"","features":"","ed_cta_examples_text":"","ed_cta_examples_hidden":"","ed_cta_demo_text":"","ed_cta_demo_hidden":"","why_caption":"","why_editor_title":"","why_editor_text":"","why_team_title":"","why_team_text":"","why_service_title":"","why_service_text":"","template_catalog_visible":"","template_catalog_title":"","template_catalog_text":"","template_catalog_categories_visible":"","demo_title":"Cr\u00e9ez votre application Team Showcase","demo_caption":"Configurez votre Team Showcase et ajoutez-la gratuitement \u00e0 votre site Web BigCommerce\u00a0!","default_faq_hidden":"","app_template_category":[],"platform":"347","template_public_id":"","codecanyon_url":"","codecanyon_item_id":"","codecanyon_price":"","pricing_caption":"","pricing_elfsight_apps_hide_column":"","pricing_elfsight_apps_url":"","pricing_codecanyon_price_caption":"","integration_category":[],"integration_request_title":"","integration_request_cta":"","integration_platform":"","integrations":[],"platform_category":[],"video_schema_markup":"","price":"\u00e0 partir de 0$ \/ mois","trial":"","benefits":[{"text":"Service d'installation gratuit"},{"text":"Soutien exceptionnel"},{"text":"Garantie de remboursement de 14 jours"},{"text":"Mise \u00e0 jour constante"}],"button_url":"","button_target_blank":"","button_nofollow":"","attributes":[{"name":"Installations","content":"10,000 - 100,000"},{"name":"Sensible","content":"Oui"},{"name":"Navigateurs compatibles","content":"Firefox, Safari, Opera, Chrome, Edge"}],"tags":[],"tags_disable_links":"","hide_more_platforms":"","video_object":"","demo_hide_cta":"","demo_hide_cloud_options":"","pricing_title":"","pricing":[{"pricing_icon":"platform","pricing_title":"Elfsight Apps","pricing_title_caption":"Logiciel multiplateforme","pricing_price":"from $0 \/ month","pricing_price_caption":"commencez avec un forfait gratuit","pricing_benefits":[{"text":"Domaines illimit\u00e9s"},{"text":"Support client rapide"},{"text":"Aide \u00e0 l'installation gratuite"},{"text":"Conception flexible"}],"pricing_button_text":"Ajouter au site Web","pricing_button_url":"#demo"}],"related_apps_title":"","related_apps_hidden":"","author":"","image":[],"title":"","job":"","social_networks":[]},"_links":{"self":[{"href":"https:\/\/elfsight.com\/fr\/wp-json\/wp\/v2\/pages\/10541","targetHints":{"allow":["GET"]}}],"collection":[{"href":"https:\/\/elfsight.com\/fr\/wp-json\/wp\/v2\/pages"}],"about":[{"href":"https:\/\/elfsight.com\/fr\/wp-json\/wp\/v2\/types\/page"}],"author":[{"embeddable":true,"href":"https:\/\/elfsight.com\/fr\/wp-json\/wp\/v2\/users\/9"}],"replies":[{"embeddable":true,"href":"https:\/\/elfsight.com\/fr\/wp-json\/wp\/v2\/comments?post=10541"}],"version-history":[{"count":2,"href":"https:\/\/elfsight.com\/fr\/wp-json\/wp\/v2\/pages\/10541\/revisions"}],"predecessor-version":[{"id":14748,"href":"https:\/\/elfsight.com\/fr\/wp-json\/wp\/v2\/pages\/10541\/revisions\/14748"}],"up":[{"embeddable":true,"href":"https:\/\/elfsight.com\/fr\/wp-json\/wp\/v2\/pages\/1493"}],"wp:attachment":[{"href":"https:\/\/elfsight.com\/fr\/wp-json\/wp\/v2\/media?parent=10541"}],"curies":[{"name":"wp","href":"https:\/\/api.w.org\/{rel}","templated":true}]}}