{"id":10539,"date":"1970-01-01T00:00:00","date_gmt":"1970-01-01T00:00:00","guid":{"rendered":"https:\/\/elfsight.com\/fr\/?page_id=10539"},"modified":"2025-07-10T13:43:58","modified_gmt":"2025-07-10T13:43:58","slug":"blogger","status":"publish","type":"page","link":"https:\/\/elfsight.com\/fr\/team-showcase-widget\/blogger\/","title":{"rendered":"Team Showcase &#8211; Blogger"},"content":{"rendered":"<div class=\"application-platform-content-item-description application-platform-content-item\" id=\"description\" data-nav-section=\"description\"> <h2>Description<\/h2> <p>Elfsight Team Showcase sera l&rsquo;outil le plus pratique pour afficher les membres de votre \u00e9quipe sur le site. Notre widget permet de fournir les photos et les arri\u00e8re-plans de tout type d&rsquo;\u00e9quipe\u00a0: partenaires commerciaux, membres d&rsquo;\u00e9quipes sportives, personnel acad\u00e9mique, employ\u00e9s d&rsquo;entreprise et autres. Montrez une image\u00a0; publiez des donn\u00e9es de contact et un texte impressionnant sur chaque membre de l\u2019\u00e9quipe. Les visiteurs du site Web auront la possibilit\u00e9 de les atteindre en un clic \u00e0 l&rsquo;aide de liens actifs et d&rsquo;ic\u00f4nes de r\u00e9seaux sociaux. Vous \u00eates libre d&rsquo;\u00e9tablir des cat\u00e9gories et de pr\u00e9senter les d\u00e9partements qui se trouvent dans votre entreprise, de choisir une mise en page, des couleurs et d&rsquo;autres caract\u00e9ristiques. Renforcez la fiabilit\u00e9 de votre entreprise, en montrant son image humaine ! <\/p><div class=\"faq\" data-component=\"FAQ\"> <div class=\"faq-item\">\r\n\t\t\t\t\t<div class=\"faq-item-question\">\r\n\t\t\t\t\t\t<h3 class=\"faq-item-question-text\">O\u00f9 puis-je int\u00e9grer le widget<\/h3>\r\n\r\n\t\t\t\t\t\t<div class=\"faq-item-question-icon\"><\/div>\r\n\t\t\t\t\t<\/div>\r\n\r\n\t\t\t\t\t<div class=\"faq-item-answer\">\r\n\t\t\t\t\t\t<div class=\"faq-item-answer-text\"> <p>Ins\u00e9rez la pr\u00e9sentation de votre \u00e9quipe sur l&rsquo;une ou l&rsquo;autre des pages du site, l\u00e0 o\u00f9 vous pensez que cela convient. Il peut s&rsquo;agir d&rsquo;une partie de la zone de contenu ou d&rsquo;une page enti\u00e8re. Par exemple, vous pouvez assembler votre page \u00c0 propos de nous \u00e0 l\u2019aide d\u2019un seul widget. <\/p><\/div>\r\n\t\t\t\t\t<\/div>\r\n\t\t\t\t<\/div> <div class=\"faq-item\">\r\n\t\t\t\t\t<div class=\"faq-item-question\">\r\n\t\t\t\t\t\t<h3 class=\"faq-item-question-text\">Comment puis-je b\u00e9n\u00e9ficier de ce plugin ? <\/h3>\r\n\r\n\t\t\t\t\t\t<div class=\"faq-item-question-icon\"><\/div>\r\n\t\t\t\t\t<\/div>\r\n\r\n\t\t\t\t\t<div class=\"faq-item-answer\">\r\n\t\t\t\t\t\t<div class=\"faq-item-answer-text\"> <p>Montrer les vraies personnes qui soutiennent votre entreprise augmente le niveau de transparence et renforce la fiabilit\u00e9 per\u00e7ue de l&rsquo;entreprise. entreprise. Cela garantit aux gens que vous \u00eates un partenaire solide et peut conduire \u00e0 une augmentation des prospects et de nouveaux clients. De plus, les membres de votre \u00e9quipe seront plus rapides \u00e0 contacter gr\u00e2ce aux coordonn\u00e9es que vous ajouterez pour chaque personne. <\/p><\/div>\r\n\t\t\t\t\t<\/div>\r\n\t\t\t\t<\/div> <div class=\"faq-item\">\r\n\t\t\t\t\t<div class=\"faq-item-question\">\r\n\t\t\t\t\t\t<h3 class=\"faq-item-question-text\">Comment int\u00e9grer Team Showcase sur mon site Web Blogger ? <\/h3>\r\n\r\n\t\t\t\t\t\t<div class=\"faq-item-question-icon\"><\/div>\r\n\t\t\t\t\t<\/div>\r\n\r\n\t\t\t\t\t<div class=\"faq-item-answer\">\r\n\t\t\t\t\t\t<div class=\"faq-item-answer-text\"> <p>L&rsquo;int\u00e9gration du widget ne prendra qu&rsquo;une minute. C\u2019est tr\u00e8s rapide, gratuit et sans codage. <\/p> <p>Vous pouvez coller le widget dans votre site via notre service. Suivez simplement une courte instruction ci-dessous sur cette page. <\/p> <\/div>\r\n\t\t\t\t\t<\/div>\r\n\t\t\t\t<\/div> <\/div> <\/div> <div class=\"application-platform-content-item-features application-platform-content-item\" id=\"features\" data-nav-section=\"features\"> <h2>Fonctionnalit\u00e9s<\/h2> <p>Pour avoir une id\u00e9e plus pr\u00e9cise de Team Showcase, consultez la liste des \u00e9l\u00e9ments essentiels fonctions qu&rsquo;il remplit. Ils rendent notre widget plus efficace pour vous\u00a0: <\/p> <ul><li>Ic\u00f4nes actives des m\u00e9dias sociaux et liens vers le site Web et l&rsquo;adresse e-mail\u00a0; <\/li><li>Localisation de la personne r\u00e9v\u00e9l\u00e9e sur Google Maps lors d&rsquo;un clic\u00a0; <\/li><li>Une fen\u00eatre contextuelle affiche davantage de biographie d&rsquo;une personne\u00a0; <\/li><li>Deux options pour afficher les groupes\u00a0: dans une liste globale ou filtr\u00e9s par menu\u00a0; <\/li><li>4 options de mise en page\u00a0: Grille, Cartes, Galerie ou Liste. <\/li><\/ul><p><a href=\"#demo\">D\u00e9couvrez une liste compl\u00e8te des fonctionnalit\u00e9s dans notre d\u00e9mo en direct<\/a><\/p> <\/div> <div class=\"application-platform-content-item-installation  application-platform-content-item\" id=\"installation \" data-nav-section=\"installation \"> <h2>D\u00e9couvrez comment placer le widget \u00c9quipe sur votre site Blogger. C&rsquo;est incroyablement simple. <\/h2> <div class=\"video-container\"><iframe width=\"720\" height=\"405\" src=\"https:\/\/www.youtube.com\/embed\/k1KEwnSc-DI\" frameborder=\"0\" allowfullscreen=\"\"><\/iframe><\/div><p> Suivre quelques \u00e9tapes simples est la seule chose que vous devez faire. <\/p> <ol><li><b>Concevez votre plugin Team Showcase sur mesure<\/b><br> En g\u00e9rant les options de notre \u00e9diteur gratuit, mettez en place un plugin. Choisissez des caract\u00e9ristiques de conception et de fonctionnalit\u00e9. <\/li><li><b>Recevez le code individuel pour installer le plugin<\/b><br> Apr\u00e8s avoir configur\u00e9 votre widget, vous obtiendrez votre code personnel dans la fen\u00eatre apparue sur Elfsight Apps. Copiez le code pour une utilisation future. <\/li> <li><b>Publiez le plugin sur votre site Blogger<\/b><br> Choisissez l&rsquo;endroit o\u00f9 vous souhaitez int\u00e9grer le plugin et collez-y le code copi\u00e9. Enregistrez les r\u00e9sultats. <\/li> <li><b>La configuration est termin\u00e9e<\/b><br> Acc\u00e9dez \u00e0 la page Web pour afficher votre \u00e9quipe. <\/li> <\/ol><p>Il y a encore quelque chose qui vous rend incertain\u00a0? Ou vous avez des questions ? Une simple demande \u00e0 notre service client r\u00e9soudra tout type de probl\u00e8me. <\/p> <\/div>","protected":false},"excerpt":{"rendered":"","protected":false},"author":9,"featured_media":0,"parent":1493,"menu_order":0,"comment_status":"closed","ping_status":"closed","template":"templates\/template-application-platform.php","meta":{"publish_to_discourse":"","publish_post_category":"","wpdc_auto_publish_overridden":"","wpdc_topic_tags":"","wpdc_pin_topic":"","wpdc_pin_until":"","discourse_post_id":"","discourse_permalink":"","wpdc_publishing_response":"","wpdc_publishing_error":"","footnotes":""},"class_list":["post-10539","page","type-page","status-publish","hentry"],"yoast_head":"<!-- This site is optimized with the Yoast SEO plugin v25.3.1 - https:\/\/yoast.com\/wordpress\/plugins\/seo\/ -->\n<title>Ajoutez le widget Team Showcase au site Web Blogger (rapide et gratuit)<\/title>\n<meta name=\"description\" content=\"Il n\u2019y a aucun probl\u00e8me \u00e0 cr\u00e9er votre widget Team Showcase et \u00e0 le placer sur la page Web Blogger. Le service client Elfsight est rapide et gratuit.\" \/>\n<meta name=\"robots\" content=\"index, follow, max-snippet:-1, max-image-preview:large, max-video-preview:-1\" \/>\n<link rel=\"canonical\" href=\"https:\/\/elfsight.com\/fr\/team-showcase-widget\/blogger\/\" \/>\n<meta property=\"og:locale\" content=\"fr_FR\" \/>\n<meta property=\"og:type\" content=\"article\" \/>\n<meta property=\"og:title\" content=\"Ajoutez le widget Team Showcase au site Web Blogger (rapide et gratuit)\" \/>\n<meta property=\"og:description\" content=\"Il n\u2019y a aucun probl\u00e8me \u00e0 cr\u00e9er votre widget Team Showcase et \u00e0 le placer sur la page Web Blogger. Le service client Elfsight est rapide et gratuit.\" \/>\n<meta property=\"og:url\" content=\"https:\/\/elfsight.com\/fr\/team-showcase-widget\/blogger\/\" \/>\n<meta property=\"og:site_name\" content=\"Elfsight FR\" \/>\n<meta property=\"article:modified_time\" content=\"2025-07-10T13:43:58+00:00\" \/>\n<meta name=\"twitter:card\" content=\"summary_large_image\" \/>\n<meta name=\"twitter:label1\" content=\"Dur\u00e9e de lecture estim\u00e9e\" \/>\n\t<meta name=\"twitter:data1\" content=\"3 minutes\" \/>\n<!-- \/ Yoast SEO plugin. -->","yoast_head_json":{"title":"Ajoutez le widget Team Showcase au site Web Blogger (rapide et gratuit)","description":"Il n\u2019y a aucun probl\u00e8me \u00e0 cr\u00e9er votre widget Team Showcase et \u00e0 le placer sur la page Web Blogger. Le service client Elfsight est rapide et gratuit.","robots":{"index":"index","follow":"follow","max-snippet":"max-snippet:-1","max-image-preview":"max-image-preview:large","max-video-preview":"max-video-preview:-1"},"canonical":"https:\/\/elfsight.com\/fr\/team-showcase-widget\/blogger\/","og_locale":"fr_FR","og_type":"article","og_title":"Ajoutez le widget Team Showcase au site Web Blogger (rapide et gratuit)","og_description":"Il n\u2019y a aucun probl\u00e8me \u00e0 cr\u00e9er votre widget Team Showcase et \u00e0 le placer sur la page Web Blogger. Le service client Elfsight est rapide et gratuit.","og_url":"https:\/\/elfsight.com\/fr\/team-showcase-widget\/blogger\/","og_site_name":"Elfsight FR","article_modified_time":"2025-07-10T13:43:58+00:00","twitter_card":"summary_large_image","twitter_misc":{"Dur\u00e9e de lecture estim\u00e9e":"3 minutes"},"schema":{"@context":"https:\/\/schema.org","@graph":[{"@type":"WebPage","@id":"https:\/\/elfsight.com\/fr\/team-showcase-widget\/blogger\/","url":"https:\/\/elfsight.com\/fr\/team-showcase-widget\/blogger\/","name":"Ajoutez le widget Team Showcase au site Web Blogger (rapide et gratuit)","isPartOf":{"@id":"https:\/\/elfsight.com\/fr\/#website"},"datePublished":"1970-01-01T00:00:00+00:00","dateModified":"2025-07-10T13:43:58+00:00","description":"Il n\u2019y a aucun probl\u00e8me \u00e0 cr\u00e9er votre widget Team Showcase et \u00e0 le placer sur la page Web Blogger. Le service client Elfsight est rapide et gratuit.","breadcrumb":{"@id":"https:\/\/elfsight.com\/fr\/team-showcase-widget\/blogger\/#breadcrumb"},"inLanguage":"fr-FR","potentialAction":[{"@type":"ReadAction","target":["https:\/\/elfsight.com\/fr\/team-showcase-widget\/blogger\/"]}]},{"@type":"BreadcrumbList","@id":"https:\/\/elfsight.com\/fr\/team-showcase-widget\/blogger\/#breadcrumb","itemListElement":[{"@type":"ListItem","position":1,"name":"Home","item":"https:\/\/elfsight.com\/fr\/"},{"@type":"ListItem","position":2,"name":"Team Showcase","item":"https:\/\/elfsight.com\/fr\/team-showcase-widget\/"},{"@type":"ListItem","position":3,"name":"Team Showcase &#8211; Blogger"}]},{"@type":"WebSite","@id":"https:\/\/elfsight.com\/fr\/#website","url":"https:\/\/elfsight.com\/fr\/","name":"Elfsight FR","description":"","potentialAction":[{"@type":"SearchAction","target":{"@type":"EntryPoint","urlTemplate":"https:\/\/elfsight.com\/fr\/?s={search_term_string}"},"query-input":{"@type":"PropertyValueSpecification","valueRequired":true,"valueName":"search_term_string"}}],"inLanguage":"fr-FR"}]}},"meta_box":{"industry":"","seo_heading":"","heading":"","description":"","cta_heading":"","cta_description":"","application":"1454","h1":"Widget Vitrine de l'\u00e9quipe Blogger","h1_caption":"Pr\u00e9sentez les membres de votre \u00e9quipe de mani\u00e8re professionnelle et visuellement attrayante, en \u00e9tablissant sans effort la confiance et la connexion avec votre public sur votre site Web Blogger.","application_category":[],"applications_title":"","applications_request_title":"","applications_request_button_text":"","hero_text":"","hero_video":"","hero_video_schema_markup":"","selling_points_title":"","selling_points_caption":"","selling_points":[],"selling_points_cta_text":"","features_title":"","features":"","ed_cta_examples_text":"","ed_cta_examples_hidden":"","ed_cta_demo_text":"","ed_cta_demo_hidden":"","why_caption":"","why_editor_title":"","why_editor_text":"","why_team_title":"","why_team_text":"","why_service_title":"","why_service_text":"","template_catalog_visible":"","template_catalog_title":"","template_catalog_text":"","template_catalog_categories_visible":"","demo_title":"Cr\u00e9ez votre widget Vitrine d'\u00e9quipe","demo_caption":"Configurez votre Team Showcase et ajoutez-la gratuitement \u00e0 votre site Web Blogger\u00a0!","default_faq_hidden":"","app_template_category":[],"platform":"348","template_public_id":"","codecanyon_url":"","codecanyon_item_id":"","codecanyon_price":"","pricing_caption":"","pricing_elfsight_apps_hide_column":"","pricing_elfsight_apps_url":"","pricing_codecanyon_price_caption":"","integration_category":[],"integration_request_title":"","integration_request_cta":"","integration_platform":"","integrations":[],"platform_category":[],"video_schema_markup":"","price":"\u00e0 partir de 0$ \/ mois","trial":"","benefits":[{"text":"Service d'installation gratuit"},{"text":"Service client comp\u00e9tent"},{"text":"Garantie de remboursement de 14 jours"},{"text":"Mises \u00e0 jour r\u00e9guli\u00e8res"}],"button_url":"","button_target_blank":"","button_nofollow":"","attributes":[{"name":"Installations","content":"10,000 - 100,000"},{"name":"Sensible","content":"Oui"},{"name":"Navigateurs compatibles","content":"Firefox, Safari, Opera, Chrome, Edge"}],"tags":[],"tags_disable_links":"","hide_more_platforms":"","video_object":"","demo_hide_cta":"","demo_hide_cloud_options":"","pricing_title":"","pricing":[{"pricing_icon":"platform","pricing_title":"Elfsight Apps","pricing_title_caption":"Logiciel multiplateforme qui fonctionne sur n'importe quel site Web","pricing_price":"from $0 \/ month","pricing_price_caption":"commencez avec un forfait gratuit","pricing_benefits":[{"text":"Domaines illimit\u00e9s"},{"text":"Support premium et ponctuel et bien document\u00e9"},{"text":"Aide \u00e0 l'installation gratuite"},{"text":"100% personnalisable"}],"pricing_button_text":"Ajouter au site Web","pricing_button_url":"#demo"}],"related_apps_title":"","related_apps_hidden":"","author":"","image":[],"title":"","job":"","social_networks":[]},"_links":{"self":[{"href":"https:\/\/elfsight.com\/fr\/wp-json\/wp\/v2\/pages\/10539","targetHints":{"allow":["GET"]}}],"collection":[{"href":"https:\/\/elfsight.com\/fr\/wp-json\/wp\/v2\/pages"}],"about":[{"href":"https:\/\/elfsight.com\/fr\/wp-json\/wp\/v2\/types\/page"}],"author":[{"embeddable":true,"href":"https:\/\/elfsight.com\/fr\/wp-json\/wp\/v2\/users\/9"}],"replies":[{"embeddable":true,"href":"https:\/\/elfsight.com\/fr\/wp-json\/wp\/v2\/comments?post=10539"}],"version-history":[{"count":1,"href":"https:\/\/elfsight.com\/fr\/wp-json\/wp\/v2\/pages\/10539\/revisions"}],"predecessor-version":[{"id":10543,"href":"https:\/\/elfsight.com\/fr\/wp-json\/wp\/v2\/pages\/10539\/revisions\/10543"}],"up":[{"embeddable":true,"href":"https:\/\/elfsight.com\/fr\/wp-json\/wp\/v2\/pages\/1493"}],"wp:attachment":[{"href":"https:\/\/elfsight.com\/fr\/wp-json\/wp\/v2\/media?parent=10539"}],"curies":[{"name":"wp","href":"https:\/\/api.w.org\/{rel}","templated":true}]}}