{"id":10530,"date":"1970-01-01T00:00:00","date_gmt":"1970-01-01T00:00:00","guid":{"rendered":"https:\/\/elfsight.com\/fr\/?page_id=10530"},"modified":"2025-07-10T13:44:57","modified_gmt":"2025-07-10T13:44:57","slug":"html","status":"publish","type":"page","link":"https:\/\/elfsight.com\/fr\/team-showcase-widget\/html\/","title":{"rendered":"Team Showcase &#8211; HTML"},"content":{"rendered":"<div class=\"application-platform-content-item-description application-platform-content-item\" id=\"description\" data-nav-section=\"description\"> <h2>Description<\/h2> <p>Elfsight Team Showcase deviendra votre meilleur outil pour pr\u00e9senter votre \u00e9quipe sur votre site Web. Notre widget aidera \u00e0 fournir les photos et les arri\u00e8re-plans de tout type d&rsquo;\u00e9quipe\u00a0: coll\u00e8gues de travail, membres de clubs sportifs, professeurs, employ\u00e9s d&rsquo;entreprise et tout autre. Affichez une photo, ajoutez des donn\u00e9es de contact et un texte personnalis\u00e9 sur chaque individu. Les visiteurs du site Web auront la possibilit\u00e9 de les contacter imm\u00e9diatement en un instant gr\u00e2ce \u00e0 des liens ou des ic\u00f4nes de r\u00e9seaux sociaux. Vous pouvez cr\u00e9er des groupes et afficher le format de votre entreprise, s\u00e9lectionner une mise en page, des couleurs et plus d&rsquo;options. Renforcez la cr\u00e9dibilit\u00e9 de votre entreprise, en affichant son image humaine ! <\/p><div class=\"faq\" data-component=\"FAQ\"> <div class=\"faq-item\">\r\n\t\t\t\t\t<div class=\"faq-item-question\">\r\n\t\t\t\t\t\t<h3 class=\"faq-item-question-text\">O\u00f9 puis-je afficher Team Showcase ?<\/h3>\r\n\r\n\t\t\t\t\t\t<div class=\"faq-item-question-icon\"><\/div>\r\n\t\t\t\t\t<\/div>\r\n\r\n\t\t\t\t\t<div class=\"faq-item-answer\">\r\n\t\t\t\t\t\t<div class=\"faq-item-answer-text\"> <p>Vous pouvez ajouter le widget \u00e0 n&rsquo;importe quelle page de votre site, l\u00e0 o\u00f9 vous en avez besoin. Il peut devenir l&rsquo;un des \u00e9l\u00e9ments de la zone de contenu ou remplir une page enti\u00e8re. De cette mani\u00e8re, vous pouvez organiser votre page \u00c0 propos de nous \u00e0 l&rsquo;aide du widget. <\/p><\/div>\r\n\t\t\t\t\t<\/div>\r\n\t\t\t\t<\/div> <div class=\"faq-item\">\r\n\t\t\t\t\t<div class=\"faq-item-question\">\r\n\t\t\t\t\t\t<h3 class=\"faq-item-question-text\">Comment puis-je b\u00e9n\u00e9ficier de Team Showcase ? <\/h3>\r\n\r\n\t\t\t\t\t\t<div class=\"faq-item-question-icon\"><\/div>\r\n\t\t\t\t\t<\/div>\r\n\r\n\t\t\t\t\t<div class=\"faq-item-answer\">\r\n\t\t\t\t\t\t<div class=\"faq-item-answer-text\"> <p>Pr\u00e9senter les v\u00e9ritables personnes engag\u00e9es dans l&rsquo;entreprise augmente votre transparence et am\u00e9liore la fiabilit\u00e9 de votre entreprise. Cela convainc vos utilisateurs que vous \u00eates un partenaire solide et peut conduire \u00e0 un niveau plus \u00e9lev\u00e9 de prospects et de nouveaux clients. De plus, votre \u00e9quipe devient plus rapide \u00e0 contacter via les d\u00e9tails affich\u00e9s pour chaque membre. <\/p><\/div>\r\n\t\t\t\t\t<\/div>\r\n\t\t\t\t<\/div> <div class=\"faq-item\">\r\n\t\t\t\t\t<div class=\"faq-item-question\">\r\n\t\t\t\t\t\t<h3 class=\"faq-item-question-text\">De quoi ai-je besoin pour obtenir Team Showcase sur mon site Web HTML ? <\/h3>\r\n\r\n\t\t\t\t\t\t<div class=\"faq-item-question-icon\"><\/div>\r\n\t\t\t\t\t<\/div>\r\n\r\n\t\t\t\t\t<div class=\"faq-item-answer\">\r\n\t\t\t\t\t\t<div class=\"faq-item-answer-text\"> <p>Seulement quelques minutes de votre temps. L&rsquo;ajout du widget \u00e0 votre site est vraiment rapide, gratuit et sans codage.<\/p> <ol> <li>Vous pouvez int\u00e9grer Team Showcase \u00e0 votre site directement via notre service. Utilisez simplement le guide ci-dessous sur cette page. <\/li> <li>Elfsight Team Showcase peut \u00eatre introduit sur votre site via notre service ou via le march\u00e9. Ici, vous pouvez comparer ces options et d\u00e9cider laquelle est la plus appropri\u00e9e. <\/li> <\/ol> <\/div>\r\n\t\t\t\t\t<\/div>\r\n\t\t\t\t<\/div> <\/div> <\/div> <div class=\"application-platform-content-item-features application-platform-content-item\" id=\"features\" data-nav-section=\"features\"> <h2>Fonctionnalit\u00e9s<\/h2> <p>Afin de bien comprendre le widget, voici la liste des fonctions essentielles. Ils rendent ce widget plus efficace pour vous\u00a0: <\/p> <ul><li>Ic\u00f4nes cliquables des r\u00e9seaux sociaux et liens vers le site et l&rsquo;adresse e-mail\u00a0; <\/li><li> Adresse de localisation r\u00e9v\u00e9l\u00e9e sur Google Maps lorsque vous cliquez dessus\u00a0; <\/li><li>Une fen\u00eatre contextuelle affiche toutes les informations d&rsquo;un membre de l&rsquo;\u00e9quipe\u00a0; <\/li><li>Deux options pour organiser les cat\u00e9gories\u00a0: sous forme de liste g\u00e9n\u00e9rale ou filtr\u00e9es par menu\u00a0; <\/li><li>Quatre variantes de mise en page au choix\u00a0: Grille, Cartes, Galerie ou Liste. <\/li><\/ul><p>Explorez une liste compl\u00e8te des fonctionnalit\u00e9s dans la d\u00e9mo <\/p> <\/div> <div class=\"application-platform-content-item-installation application-platform-content-item\" id=\"installation\" data-nav-section=\"installation\"> <h2>D\u00e9couvrez comment int\u00e9grer le widget Team Showcase \u00e0 votre HTML page. <\/h2> <div class=\"video-container\"><iframe width=\"720\" height=\"405\" src=\"https:\/\/www.youtube.com\/embed\/LXy-c7dsmkc\" frameborder=\"0\" allowfullscreen=\"\"><\/iframe><\/div><p>Suivez les \u00e9tapes ci-dessous pour obtenir votre widget. <\/p> <ol><li><b>Cr\u00e9ez votre plugin Team Showcase personnalis\u00e9<\/b><br> \u00c0 l&rsquo;aide de notre d\u00e9mo gratuite, cr\u00e9ez un plugin et choisissez les options de mise en page et de fonction. <\/li><li><b>Copiez le code individuel pour int\u00e9grer le plugin<\/b><br> Apr\u00e8s avoir configur\u00e9 votre widget, vous recevrez votre code d&rsquo;installation dans la fen\u00eatre qui appara\u00eet sur Elfsight Apps. Copiez le code pour une utilisation future. <\/li> <li><b>Int\u00e9grez le plugin sur votre site HTML<\/b><br> Recherchez la zone o\u00f9 vous pr\u00e9voyez de placer le plugin et ajoutez-y le code enregistr\u00e9. Enregistrez les r\u00e9sultats. <\/li> <li><b>L&rsquo;int\u00e9gration est r\u00e9ussie\u00a0! <\/b><br> Entrez dans votre boutique pour jeter un \u0153il \u00e0 votre plugin. <\/li> <\/ol><p>Vous n&rsquo;\u00eates toujours pas s\u00fbr\u00a0? Ou vous avez des probl\u00e8mes ? Il suffit d&rsquo;adresser une demande \u00e0 notre \u00e9quipe d&rsquo;assistance pour r\u00e9soudre tout probl\u00e8me. <\/p> <\/div>","protected":false},"excerpt":{"rendered":"","protected":false},"author":9,"featured_media":0,"parent":1493,"menu_order":0,"comment_status":"closed","ping_status":"closed","template":"templates\/template-application-platform.php","meta":{"publish_to_discourse":"","publish_post_category":"","wpdc_auto_publish_overridden":"","wpdc_topic_tags":"","wpdc_pin_topic":"","wpdc_pin_until":"","discourse_post_id":"","discourse_permalink":"","wpdc_publishing_response":"","wpdc_publishing_error":"","footnotes":""},"class_list":["post-10530","page","type-page","status-publish","hentry"],"yoast_head":"<!-- This site is optimized with the Yoast SEO plugin v25.3.1 - https:\/\/yoast.com\/wordpress\/plugins\/seo\/ -->\n<title>Ajouter le widget Team Showcase au site Web HTML (facile et gratuit)<\/title>\n<meta name=\"description\" content=\"Voici une opportunit\u00e9 de cr\u00e9er un widget Team Showcase efficace et de l\u2019int\u00e9grer \u00e0 votre site Web HTML. B\u00e9n\u00e9ficiez d&#039;un service client gratuit et d&#039;autres bonus d&#039;Elfsight.\" \/>\n<meta name=\"robots\" content=\"index, follow, max-snippet:-1, max-image-preview:large, max-video-preview:-1\" \/>\n<link rel=\"canonical\" href=\"https:\/\/elfsight.com\/fr\/team-showcase-widget\/html\/\" \/>\n<meta property=\"og:locale\" content=\"fr_FR\" \/>\n<meta property=\"og:type\" content=\"article\" \/>\n<meta property=\"og:title\" content=\"Ajouter le widget Team Showcase au site Web HTML (facile et gratuit)\" \/>\n<meta property=\"og:description\" content=\"Voici une opportunit\u00e9 de cr\u00e9er un widget Team Showcase efficace et de l\u2019int\u00e9grer \u00e0 votre site Web HTML. B\u00e9n\u00e9ficiez d&#039;un service client gratuit et d&#039;autres bonus d&#039;Elfsight.\" \/>\n<meta property=\"og:url\" content=\"https:\/\/elfsight.com\/fr\/team-showcase-widget\/html\/\" \/>\n<meta property=\"og:site_name\" content=\"Elfsight FR\" \/>\n<meta property=\"article:modified_time\" content=\"2025-07-10T13:44:57+00:00\" \/>\n<meta name=\"twitter:card\" content=\"summary_large_image\" \/>\n<meta name=\"twitter:label1\" content=\"Dur\u00e9e de lecture estim\u00e9e\" \/>\n\t<meta name=\"twitter:data1\" content=\"3 minutes\" \/>\n<!-- \/ Yoast SEO plugin. -->","yoast_head_json":{"title":"Ajouter le widget Team Showcase au site Web HTML (facile et gratuit)","description":"Voici une opportunit\u00e9 de cr\u00e9er un widget Team Showcase efficace et de l\u2019int\u00e9grer \u00e0 votre site Web HTML. B\u00e9n\u00e9ficiez d'un service client gratuit et d'autres bonus d'Elfsight.","robots":{"index":"index","follow":"follow","max-snippet":"max-snippet:-1","max-image-preview":"max-image-preview:large","max-video-preview":"max-video-preview:-1"},"canonical":"https:\/\/elfsight.com\/fr\/team-showcase-widget\/html\/","og_locale":"fr_FR","og_type":"article","og_title":"Ajouter le widget Team Showcase au site Web HTML (facile et gratuit)","og_description":"Voici une opportunit\u00e9 de cr\u00e9er un widget Team Showcase efficace et de l\u2019int\u00e9grer \u00e0 votre site Web HTML. B\u00e9n\u00e9ficiez d'un service client gratuit et d'autres bonus d'Elfsight.","og_url":"https:\/\/elfsight.com\/fr\/team-showcase-widget\/html\/","og_site_name":"Elfsight FR","article_modified_time":"2025-07-10T13:44:57+00:00","twitter_card":"summary_large_image","twitter_misc":{"Dur\u00e9e de lecture estim\u00e9e":"3 minutes"},"schema":{"@context":"https:\/\/schema.org","@graph":[{"@type":"WebPage","@id":"https:\/\/elfsight.com\/fr\/team-showcase-widget\/html\/","url":"https:\/\/elfsight.com\/fr\/team-showcase-widget\/html\/","name":"Ajouter le widget Team Showcase au site Web HTML (facile et gratuit)","isPartOf":{"@id":"https:\/\/elfsight.com\/fr\/#website"},"datePublished":"1970-01-01T00:00:00+00:00","dateModified":"2025-07-10T13:44:57+00:00","description":"Voici une opportunit\u00e9 de cr\u00e9er un widget Team Showcase efficace et de l\u2019int\u00e9grer \u00e0 votre site Web HTML. B\u00e9n\u00e9ficiez d'un service client gratuit et d'autres bonus d'Elfsight.","breadcrumb":{"@id":"https:\/\/elfsight.com\/fr\/team-showcase-widget\/html\/#breadcrumb"},"inLanguage":"fr-FR","potentialAction":[{"@type":"ReadAction","target":["https:\/\/elfsight.com\/fr\/team-showcase-widget\/html\/"]}]},{"@type":"BreadcrumbList","@id":"https:\/\/elfsight.com\/fr\/team-showcase-widget\/html\/#breadcrumb","itemListElement":[{"@type":"ListItem","position":1,"name":"Home","item":"https:\/\/elfsight.com\/fr\/"},{"@type":"ListItem","position":2,"name":"Team Showcase","item":"https:\/\/elfsight.com\/fr\/team-showcase-widget\/"},{"@type":"ListItem","position":3,"name":"Team Showcase &#8211; HTML"}]},{"@type":"WebSite","@id":"https:\/\/elfsight.com\/fr\/#website","url":"https:\/\/elfsight.com\/fr\/","name":"Elfsight FR","description":"","potentialAction":[{"@type":"SearchAction","target":{"@type":"EntryPoint","urlTemplate":"https:\/\/elfsight.com\/fr\/?s={search_term_string}"},"query-input":{"@type":"PropertyValueSpecification","valueRequired":true,"valueName":"search_term_string"}}],"inLanguage":"fr-FR"}]}},"meta_box":{"industry":"","seo_heading":"","heading":"","description":"","cta_heading":"","cta_description":"","application":"1454","h1":"Widget Vitrine d'\u00e9quipe HTML","h1_caption":"Pr\u00e9sentez les membres de votre \u00e9quipe de mani\u00e8re professionnelle et visuellement attrayante, en \u00e9tablissant sans effort la confiance et la connexion avec votre public sur votre site Web HTML.","application_category":[],"applications_title":"","applications_request_title":"","applications_request_button_text":"","hero_text":"","hero_video":"","hero_video_schema_markup":"","selling_points_title":"","selling_points_caption":"","selling_points":[],"selling_points_cta_text":"","features_title":"","features":"","ed_cta_examples_text":"","ed_cta_examples_hidden":"","ed_cta_demo_text":"","ed_cta_demo_hidden":"","why_caption":"","why_editor_title":"","why_editor_text":"","why_team_title":"","why_team_text":"","why_service_title":"","why_service_text":"","template_catalog_visible":"","template_catalog_title":"","template_catalog_text":"","template_catalog_categories_visible":"","demo_title":"Cr\u00e9ez votre widget Vitrine d'\u00e9quipe","demo_caption":"Configurez votre Team Showcase et ajoutez-le gratuitement \u00e0 votre site Web HTML\u00a0!","default_faq_hidden":"","app_template_category":[],"platform":"352","template_public_id":"","codecanyon_url":"","codecanyon_item_id":"","codecanyon_price":"","pricing_caption":"","pricing_elfsight_apps_hide_column":"","pricing_elfsight_apps_url":"","pricing_codecanyon_price_caption":"","integration_category":[],"integration_request_title":"","integration_request_cta":"","integration_platform":"","integrations":[],"platform_category":[],"video_schema_markup":"","price":"\u00e0 partir de 0$ \/ mois","trial":"","benefits":[{"text":"Assistance \u00e0 l'installation gratuite"},{"text":"Service client efficace"},{"text":"Garantie de remboursement de 14 jours"},{"text":"Am\u00e9liorations gratuites et continues"}],"button_url":"","button_target_blank":"","button_nofollow":"","attributes":[{"name":"Installations","content":"10,000 - 100,000"},{"name":"Sensible","content":"Oui"},{"name":"Navigateurs compatibles","content":"Firefox, Safari, Opera, Chrome, Edge"}],"tags":[],"tags_disable_links":"","hide_more_platforms":"","video_object":"","demo_hide_cta":"","demo_hide_cloud_options":"","pricing_title":"","pricing":[{"pricing_icon":"platform","pricing_title":"Elfsight Apps","pricing_title_caption":"Logiciel ind\u00e9pendant de la plate-forme qui convient \u00e0 n'importe quel site Web","pricing_price":"from $0 \/ month","pricing_price_caption":"commencez avec un forfait gratuit","pricing_benefits":[{"text":"Sites Web illimit\u00e9s"},{"text":"Support client d\u00e9di\u00e9 et bien document\u00e9"},{"text":"Service d'installation gratuit"},{"text":"Prix \u200b\u200bsp\u00e9cial pour plusieurs applications"}],"pricing_button_text":"Ajouter au site Web","pricing_button_url":"#demo"}],"related_apps_title":"","related_apps_hidden":"","author":"","image":[],"title":"","job":"","social_networks":[]},"_links":{"self":[{"href":"https:\/\/elfsight.com\/fr\/wp-json\/wp\/v2\/pages\/10530","targetHints":{"allow":["GET"]}}],"collection":[{"href":"https:\/\/elfsight.com\/fr\/wp-json\/wp\/v2\/pages"}],"about":[{"href":"https:\/\/elfsight.com\/fr\/wp-json\/wp\/v2\/types\/page"}],"author":[{"embeddable":true,"href":"https:\/\/elfsight.com\/fr\/wp-json\/wp\/v2\/users\/9"}],"replies":[{"embeddable":true,"href":"https:\/\/elfsight.com\/fr\/wp-json\/wp\/v2\/comments?post=10530"}],"version-history":[{"count":1,"href":"https:\/\/elfsight.com\/fr\/wp-json\/wp\/v2\/pages\/10530\/revisions"}],"predecessor-version":[{"id":10534,"href":"https:\/\/elfsight.com\/fr\/wp-json\/wp\/v2\/pages\/10530\/revisions\/10534"}],"up":[{"embeddable":true,"href":"https:\/\/elfsight.com\/fr\/wp-json\/wp\/v2\/pages\/1493"}],"wp:attachment":[{"href":"https:\/\/elfsight.com\/fr\/wp-json\/wp\/v2\/media?parent=10530"}],"curies":[{"name":"wp","href":"https:\/\/api.w.org\/{rel}","templated":true}]}}