{"id":10524,"date":"1970-01-01T00:00:00","date_gmt":"1970-01-01T00:00:00","guid":{"rendered":"https:\/\/elfsight.com\/fr\/?page_id=10524"},"modified":"2025-07-10T13:45:54","modified_gmt":"2025-07-10T13:45:54","slug":"opencart","status":"publish","type":"page","link":"https:\/\/elfsight.com\/fr\/team-showcase-widget\/opencart\/","title":{"rendered":"Team Showcase &#8211; OpenCart"},"content":{"rendered":"<div class=\"application-platform-content-item-description application-platform-content-item\" id=\"description\" data-nav-section=\"description\"> <h2>Description<\/h2> <p>Notre widget sera l&rsquo;outil le plus pratique pour afficher votre \u00e9quipe sur votre site. Il permet de publier des informations d\u00e9taill\u00e9es sur tout type d&rsquo;\u00e9quipe\u00a0: coll\u00e8gues de travail, \u00e9quipe de sportifs, personnel acad\u00e9mique, co\u00e9quipiers de l&rsquo;entreprise et plus encore. Ajoutez une photo, des coordonn\u00e9es et un texte d\u00e9taill\u00e9 sur chaque individu. Les visiteurs auront la possibilit\u00e9 de contacter chacun d\u2019entre eux en un seul clic gr\u00e2ce aux liens actifs et aux ic\u00f4nes sociales. Vous pouvez cr\u00e9er des groupes et afficher la structure de votre \u00e9quipe, s\u00e9lectionner une disposition, des couleurs et d&rsquo;autres options. Renforcez la confiance dans votre entreprise en affichant son image humaine ! <\/p><div class=\"faq\" data-component=\"FAQ\"> <div class=\"faq-item\">\r\n\t\t\t\t\t<div class=\"faq-item-question\">\r\n\t\t\t\t\t\t<h3 class=\"faq-item-question-text\">O\u00f9 puis-je publier ce plugin<\/h3>\r\n\r\n\t\t\t\t\t\t<div class=\"faq-item-question-icon\"><\/div>\r\n\t\t\t\t\t<\/div>\r\n\r\n\t\t\t\t\t<div class=\"faq-item-answer\">\r\n\t\t\t\t\t\t<div class=\"faq-item-answer-text\"> <p>Ajoutez la galerie avec votre \u00e9quipe \u00e0 n&rsquo;importe quelle page du site Web, l\u00e0 o\u00f9 vous le jugez suffisant. Il peut devenir l\u2019une des parties de la zone de contenu ou remplir la page enti\u00e8re. Ainsi, vous pouvez cr\u00e9er votre page \u00c0 propos de nous \u00e0 l\u2019aide d\u2019un seul widget. <\/p><\/div>\r\n\t\t\t\t\t<\/div>\r\n\t\t\t\t<\/div> <div class=\"faq-item\">\r\n\t\t\t\t\t<div class=\"faq-item-question\">\r\n\t\t\t\t\t\t<h3 class=\"faq-item-question-text\">Quels avantages cela peut-il m'apporter ? <\/h3>\r\n\r\n\t\t\t\t\t\t<div class=\"faq-item-question-icon\"><\/div>\r\n\t\t\t\t\t<\/div>\r\n\r\n\t\t\t\t\t<div class=\"faq-item-answer\">\r\n\t\t\t\t\t\t<div class=\"faq-item-answer-text\"> <p>R\u00e9v\u00e9ler les personnes impliqu\u00e9es dans votre entreprise augmente votre transparence et renforce la fiabilit\u00e9 per\u00e7ue de l&rsquo;entreprise. Cela garantit aux gens que votre entreprise est un partenaire honn\u00eate et peut conduire \u00e0 un niveau plus \u00e9lev\u00e9 de prospects et de nouveaux clients. De plus, votre \u00e9quipe devient plus facile \u00e0 contacter gr\u00e2ce aux donn\u00e9es de contact ajout\u00e9es pour chaque personne. <\/p><\/div>\r\n\t\t\t\t\t<\/div>\r\n\t\t\t\t<\/div> <div class=\"faq-item\">\r\n\t\t\t\t\t<div class=\"faq-item-question\">\r\n\t\t\t\t\t\t<h3 class=\"faq-item-question-text\">De quoi ai-je besoin pour int\u00e9grer Team Showcase sur mon site Web OpenCart ?<\/h3>\r\n\r\n\t\t\t\t\t\t<div class=\"faq-item-question-icon\"><\/div>\r\n\t\t\t\t\t<\/div>\r\n\r\n\t\t\t\t\t<div class=\"faq-item-answer\">\r\n\t\t\t\t\t\t<div class=\"faq-item-answer-text\"> <p>Vous n&rsquo;avez besoin que d&rsquo;une minute de votre temps pour configurer le widget. L&rsquo;int\u00e9gration est tr\u00e8s rapide, gratuite et sans codage. <\/p> <ol> <li>Vous pouvez ins\u00e9rer Team Showcase dans votre page Web directement dans notre service. Pour cela, suivez simplement les \u00e9tapes du guide ci-dessous sur cette page. <\/li> <li>Elfsight Team Showcase peut \u00eatre mis en place sur notre service ou sur la Marketplace. Vous pouvez v\u00e9rifier tous les d\u00e9tails sur les deux options et en choisir une plus appropri\u00e9e. <\/li> <\/ol> <\/div>\r\n\t\t\t\t\t<\/div>\r\n\t\t\t\t<\/div> <\/div> <\/div> <div class=\"application-platform-content-item-features application-platform-content-item\" id=\"features\" data-nav-section=\"features\"> <h2>Fonctionnalit\u00e9s<\/h2> <p>Pour mieux comprendre Team Showcase, d\u00e9couvrez les liste de ses traits majeurs. Ils rendent le widget vraiment utile pour vous\u00a0: <\/p> <ul><li>Ic\u00f4nes actives des m\u00e9dias sociaux et liens vers le site Web et l&rsquo;adresse e-mail\u00a0; <\/li><li> Localisation r\u00e9v\u00e9l\u00e9e sur Google Maps au clic\u00a0; <\/li><li>Une fen\u00eatre contextuelle affiche plus d&rsquo;informations sur un membre de l&rsquo;\u00e9quipe\u00a0; <\/li><li>Deux variantes pour afficher les cat\u00e9gories\u00a0: sous forme de liste g\u00e9n\u00e9rale ou avec menu\u00a0; <\/li><li>4 variantes de mise en page\u00a0: Grille, Cartes, Galerie ou Liste. <\/li><\/ul><p><a href=\"#demo\">Pour v\u00e9rifier toutes les fonctionnalit\u00e9s, consultez notre d\u00e9mo<\/a><\/p> <\/div> <div class=\"application-platform-content-item-installation application-platform-content-item\" id=\"installation\" data-nav-section=\"installation\"> <h2>D\u00e9couvrez comment ajouter le widget Team Showcase \u00e0 votre site OpenCart<\/h2> <p>Suivez simplement les instructions ci-dessous pour activer le widget sur OpenCart.<\/p> <ol><li><b>Utilisez notre service gratuit configurateur et commencez \u00e0 cr\u00e9er votre instrument sur mesure. <\/b><br> D\u00e9terminez la disposition et les aspects pr\u00e9f\u00e9rables de la Team Showcase et enregistrez les modifications. <\/li> <li><b>Recevez le code individuel apparaissant dans le formulaire sp\u00e9cial sur Elfsight Apps. <\/b><br> Une fois la g\u00e9n\u00e9ration de votre widget termin\u00e9e, copiez le code individuel dans la popup qui appara\u00eet et conservez-le pour une utilisation future. <\/li> <li><b>Commencez \u00e0 utiliser l&rsquo;outil sur votre site Web OpenCart. <\/b><br> Int\u00e9grez le code copi\u00e9 auparavant dans votre site Web et enregistrez les am\u00e9liorations. <\/li> <li><b>Fait\u00a0! La configuration est termin\u00e9e avec succ\u00e8s. <\/b><br> Acc\u00e9dez \u00e0 votre page pour examiner le fonctionnement de l&rsquo;outil. <\/li><\/ol> <p>Vous n&rsquo;arrivez toujours pas \u00e0 vous d\u00e9cider\u00a0? Ou vous avez des questions ? Envoyez simplement une demande \u00e0 notre \u00e9quipe d&rsquo;assistance, nous r\u00e9glerons tout probl\u00e8me. <\/p> <\/div>","protected":false},"excerpt":{"rendered":"","protected":false},"author":9,"featured_media":0,"parent":1493,"menu_order":0,"comment_status":"closed","ping_status":"closed","template":"templates\/template-application-platform.php","meta":{"publish_to_discourse":"","publish_post_category":"","wpdc_auto_publish_overridden":"","wpdc_topic_tags":"","wpdc_pin_topic":"","wpdc_pin_until":"","discourse_post_id":"","discourse_permalink":"","wpdc_publishing_response":"","wpdc_publishing_error":"","footnotes":""},"class_list":["post-10524","page","type-page","status-publish","hentry"],"yoast_head":"<!-- This site is optimized with the Yoast SEO plugin v25.3.1 - https:\/\/yoast.com\/wordpress\/plugins\/seo\/ -->\n<title>Ajouter l&#039;extension Team Showcase au site Web OpenCart (2025)<\/title>\n<meta name=\"description\" content=\"Il est absolument simple de cr\u00e9er votre extension Team Showcase et de l&#039;afficher sur le site Web OpenCart. Le support client Elfsight est gratuit.\" \/>\n<meta name=\"robots\" content=\"index, follow, max-snippet:-1, max-image-preview:large, max-video-preview:-1\" \/>\n<link rel=\"canonical\" href=\"https:\/\/elfsight.com\/fr\/team-showcase-widget\/opencart\/\" \/>\n<meta property=\"og:locale\" content=\"fr_FR\" \/>\n<meta property=\"og:type\" content=\"article\" \/>\n<meta property=\"og:title\" content=\"Ajouter l&#039;extension Team Showcase au site Web OpenCart (2025)\" \/>\n<meta property=\"og:description\" content=\"Il est absolument simple de cr\u00e9er votre extension Team Showcase et de l&#039;afficher sur le site Web OpenCart. Le support client Elfsight est gratuit.\" \/>\n<meta property=\"og:url\" content=\"https:\/\/elfsight.com\/fr\/team-showcase-widget\/opencart\/\" \/>\n<meta property=\"og:site_name\" content=\"Elfsight FR\" \/>\n<meta property=\"article:modified_time\" content=\"2025-07-10T13:45:54+00:00\" \/>\n<meta name=\"twitter:card\" content=\"summary_large_image\" \/>\n<meta name=\"twitter:label1\" content=\"Dur\u00e9e de lecture estim\u00e9e\" \/>\n\t<meta name=\"twitter:data1\" content=\"3 minutes\" \/>\n<!-- \/ Yoast SEO plugin. -->","yoast_head_json":{"title":"Ajouter l'extension Team Showcase au site Web OpenCart (2025)","description":"Il est absolument simple de cr\u00e9er votre extension Team Showcase et de l'afficher sur le site Web OpenCart. Le support client Elfsight est gratuit.","robots":{"index":"index","follow":"follow","max-snippet":"max-snippet:-1","max-image-preview":"max-image-preview:large","max-video-preview":"max-video-preview:-1"},"canonical":"https:\/\/elfsight.com\/fr\/team-showcase-widget\/opencart\/","og_locale":"fr_FR","og_type":"article","og_title":"Ajouter l'extension Team Showcase au site Web OpenCart (2025)","og_description":"Il est absolument simple de cr\u00e9er votre extension Team Showcase et de l'afficher sur le site Web OpenCart. Le support client Elfsight est gratuit.","og_url":"https:\/\/elfsight.com\/fr\/team-showcase-widget\/opencart\/","og_site_name":"Elfsight FR","article_modified_time":"2025-07-10T13:45:54+00:00","twitter_card":"summary_large_image","twitter_misc":{"Dur\u00e9e de lecture estim\u00e9e":"3 minutes"},"schema":{"@context":"https:\/\/schema.org","@graph":[{"@type":"WebPage","@id":"https:\/\/elfsight.com\/fr\/team-showcase-widget\/opencart\/","url":"https:\/\/elfsight.com\/fr\/team-showcase-widget\/opencart\/","name":"Ajouter l'extension Team Showcase au site Web OpenCart (2025)","isPartOf":{"@id":"https:\/\/elfsight.com\/fr\/#website"},"datePublished":"1970-01-01T00:00:00+00:00","dateModified":"2025-07-10T13:45:54+00:00","description":"Il est absolument simple de cr\u00e9er votre extension Team Showcase et de l'afficher sur le site Web OpenCart. Le support client Elfsight est gratuit.","breadcrumb":{"@id":"https:\/\/elfsight.com\/fr\/team-showcase-widget\/opencart\/#breadcrumb"},"inLanguage":"fr-FR","potentialAction":[{"@type":"ReadAction","target":["https:\/\/elfsight.com\/fr\/team-showcase-widget\/opencart\/"]}]},{"@type":"BreadcrumbList","@id":"https:\/\/elfsight.com\/fr\/team-showcase-widget\/opencart\/#breadcrumb","itemListElement":[{"@type":"ListItem","position":1,"name":"Home","item":"https:\/\/elfsight.com\/fr\/"},{"@type":"ListItem","position":2,"name":"Team Showcase","item":"https:\/\/elfsight.com\/fr\/team-showcase-widget\/"},{"@type":"ListItem","position":3,"name":"Team Showcase &#8211; OpenCart"}]},{"@type":"WebSite","@id":"https:\/\/elfsight.com\/fr\/#website","url":"https:\/\/elfsight.com\/fr\/","name":"Elfsight FR","description":"","potentialAction":[{"@type":"SearchAction","target":{"@type":"EntryPoint","urlTemplate":"https:\/\/elfsight.com\/fr\/?s={search_term_string}"},"query-input":{"@type":"PropertyValueSpecification","valueRequired":true,"valueName":"search_term_string"}}],"inLanguage":"fr-FR"}]}},"meta_box":{"industry":"","seo_heading":"","heading":"","description":"","cta_heading":"","cta_description":"","application":"1454","h1":"Extension Vitrine de l'\u00e9quipe OpenCart","h1_caption":"Pr\u00e9sentez les membres de votre \u00e9quipe de mani\u00e8re professionnelle et visuellement attrayante, en \u00e9tablissant sans effort la confiance et la connexion avec votre public sur votre site Web Opencart.","application_category":[],"applications_title":"","applications_request_title":"","applications_request_button_text":"","hero_text":"","hero_video":"","hero_video_schema_markup":"","selling_points_title":"","selling_points_caption":"","selling_points":[],"selling_points_cta_text":"","features_title":"","features":"","ed_cta_examples_text":"","ed_cta_examples_hidden":"","ed_cta_demo_text":"","ed_cta_demo_hidden":"","why_caption":"","why_editor_title":"","why_editor_text":"","why_team_title":"","why_team_text":"","why_service_title":"","why_service_text":"","template_catalog_visible":"","template_catalog_title":"","template_catalog_text":"","template_catalog_categories_visible":"","demo_title":"Cr\u00e9ez votre extension Team Showcase","demo_caption":"Configurez votre Team Showcase et ajoutez-la gratuitement \u00e0 votre site Web OpenCart\u00a0!","default_faq_hidden":"","app_template_category":[],"platform":"359","template_public_id":"","codecanyon_url":"","codecanyon_item_id":"","codecanyon_price":"","pricing_caption":"","pricing_elfsight_apps_hide_column":"","pricing_elfsight_apps_url":"","pricing_codecanyon_price_caption":"","integration_category":[],"integration_request_title":"","integration_request_cta":"","integration_platform":"","integrations":[],"platform_category":[],"video_schema_markup":"","price":"\u00e0 partir de 0$ \/ mois","trial":"","benefits":[{"text":"Aide \u00e0 l'installation gratuite"},{"text":"Assistance premium"},{"text":"Garantie de remboursement de 14 jours"},{"text":"Mise \u00e0 jour constante"}],"button_url":"","button_target_blank":"","button_nofollow":"","attributes":[{"name":"Installations","content":"10,000 - 100,000"},{"name":"Sensible","content":"Oui"},{"name":"Navigateurs compatibles","content":"Opera, Firefox, Safari, Edge, Chrome"}],"tags":[],"tags_disable_links":"","hide_more_platforms":"","video_object":"","demo_hide_cta":"","demo_hide_cloud_options":"","pricing_title":"","pricing":[{"pricing_icon":"platform","pricing_title":"Elfsight Apps","pricing_title_caption":"Solution multiplateforme qui fonctionne sur n'importe quel site Web","pricing_price":"from $0 \/ month","pricing_price_caption":"commencez avec un forfait gratuit","pricing_benefits":[{"text":"Domaines illimit\u00e9s"},{"text":"Assistance premium"},{"text":"Aide \u00e0 l'installation gratuite"},{"text":"Conception flexible"}],"pricing_button_text":"Ajouter au site Web","pricing_button_url":"#demo"}],"related_apps_title":"","related_apps_hidden":"","author":"","image":[],"title":"","job":"","social_networks":[]},"_links":{"self":[{"href":"https:\/\/elfsight.com\/fr\/wp-json\/wp\/v2\/pages\/10524","targetHints":{"allow":["GET"]}}],"collection":[{"href":"https:\/\/elfsight.com\/fr\/wp-json\/wp\/v2\/pages"}],"about":[{"href":"https:\/\/elfsight.com\/fr\/wp-json\/wp\/v2\/types\/page"}],"author":[{"embeddable":true,"href":"https:\/\/elfsight.com\/fr\/wp-json\/wp\/v2\/users\/9"}],"replies":[{"embeddable":true,"href":"https:\/\/elfsight.com\/fr\/wp-json\/wp\/v2\/comments?post=10524"}],"version-history":[{"count":1,"href":"https:\/\/elfsight.com\/fr\/wp-json\/wp\/v2\/pages\/10524\/revisions"}],"predecessor-version":[{"id":10528,"href":"https:\/\/elfsight.com\/fr\/wp-json\/wp\/v2\/pages\/10524\/revisions\/10528"}],"up":[{"embeddable":true,"href":"https:\/\/elfsight.com\/fr\/wp-json\/wp\/v2\/pages\/1493"}],"wp:attachment":[{"href":"https:\/\/elfsight.com\/fr\/wp-json\/wp\/v2\/media?parent=10524"}],"curies":[{"name":"wp","href":"https:\/\/api.w.org\/{rel}","templated":true}]}}