{"id":10517,"date":"1970-01-01T00:00:00","date_gmt":"1970-01-01T00:00:00","guid":{"rendered":"https:\/\/elfsight.com\/fr\/?page_id=10517"},"modified":"2025-07-10T13:46:16","modified_gmt":"2025-07-10T13:46:16","slug":"webflow","status":"publish","type":"page","link":"https:\/\/elfsight.com\/fr\/team-showcase-widget\/webflow\/","title":{"rendered":"Team Showcase &#8211; Webflow"},"content":{"rendered":"<div class=\"application-platform-content-item-description application-platform-content-item\" id=\"description\" data-nav-section=\"description\"> <h2>Int\u00e9grez Team Showcase sur Webflow avec le widget Elfsight<\/h2> <p>Notre widget deviendra le meilleur outil pour afficher les membres de votre \u00e9quipe sur le site Web. Ce widget permettra de parler de tout type d&rsquo;\u00e9quipe : partenaires d&rsquo;affaires, club de sportifs, personnel enseignant, personnel d&rsquo;entreprise et tout autre. T\u00e9l\u00e9chargez une photo, publiez les coordonn\u00e9es et un message personnel sur chaque personne. Votre public aura la possibilit\u00e9 de le contacter imm\u00e9diatement en un instant gr\u00e2ce \u00e0 des liens ou des ic\u00f4nes de r\u00e9seaux sociaux. Vous pouvez cr\u00e9er des groupes et d\u00e9montrer la structure de votre entreprise, choisir une mise en page, des couleurs et plus d&rsquo;options. Augmentez la cr\u00e9dibilit\u00e9 de votre entreprise en montrant son visage humain ! <\/p><div class=\"faq\" data-component=\"FAQ\"> <div class=\"faq-item\">\r\n\t\t\t\t\t<div class=\"faq-item-question\">\r\n\t\t\t\t\t\t<h3 class=\"faq-item-question-text\">O\u00f9 puis-je l'int\u00e9grer<\/h3>\r\n\r\n\t\t\t\t\t\t<div class=\"faq-item-question-icon\"><\/div>\r\n\t\t\t\t\t<\/div>\r\n\r\n\t\t\t\t\t<div class=\"faq-item-answer\">\r\n\t\t\t\t\t\t<div class=\"faq-item-answer-text\"> <p>Ajoutez le portfolio de votre \u00e9quipe \u00e0 n&rsquo;importe quelle page de votre site, l\u00e0 o\u00f9 vous en avez le plus besoin. Cela peut fonctionner comme l&rsquo;un des \u00e9l\u00e9ments de la zone de contenu, ou bien remplir toute la page. Ainsi, vous pouvez cr\u00e9er votre page \u00c0 propos de nous \u00e0 l\u2019aide du widget. <\/p><\/div>\r\n\t\t\t\t\t<\/div>\r\n\t\t\t\t<\/div> <div class=\"faq-item\">\r\n\t\t\t\t\t<div class=\"faq-item-question\">\r\n\t\t\t\t\t\t<h3 class=\"faq-item-question-text\">Comment b\u00e9n\u00e9ficierais-je de Team Showcase ? <\/h3>\r\n\r\n\t\t\t\t\t\t<div class=\"faq-item-question-icon\"><\/div>\r\n\t\t\t\t\t<\/div>\r\n\r\n\t\t\t\t\t<div class=\"faq-item-answer\">\r\n\t\t\t\t\t\t<div class=\"faq-item-answer-text\"> <p>Montrer les personnes qui se cachent derri\u00e8re le nom de l&rsquo;entreprise augmente votre transparence et renforce la fiabilit\u00e9 de l&rsquo;entreprise. Cela garantit aux gens que votre entreprise est un partenaire cr\u00e9dible et peut g\u00e9n\u00e9rer une augmentation des prospects et de nouvelles ventes. De plus, vos coll\u00e8gues sont rapidement joignables gr\u00e2ce aux informations de contact que vous affichez. <\/p><\/div>\r\n\t\t\t\t\t<\/div>\r\n\t\t\t\t<\/div> <div class=\"faq-item\">\r\n\t\t\t\t\t<div class=\"faq-item-question\">\r\n\t\t\t\t\t\t<h3 class=\"faq-item-question-text\">Comment puis-je installer Team Showcase sur mon site Web Webflow ? <\/h3>\r\n\r\n\t\t\t\t\t\t<div class=\"faq-item-question-icon\"><\/div>\r\n\t\t\t\t\t<\/div>\r\n\r\n\t\t\t\t\t<div class=\"faq-item-answer\">\r\n\t\t\t\t\t\t<div class=\"faq-item-answer-text\"> <p>Cela ne prendra qu&rsquo;une minute pour que le widget soit op\u00e9rationnel. C\u2019est ultra rapide, gratuit et sans codage. <\/p> <ol> <li>Vous pouvez ins\u00e9rer Team Showcase sur la page Web de notre service. Pour cela, suivez le guide ci-dessous sur cette page. <\/li> <li>Elfsight Team Showcase peut \u00eatre int\u00e9gr\u00e9 directement sur notre service ou via la marketplace. Ici, vous pouvez comparer ces variantes et choisir celle qui vous convient le mieux. <\/li> <\/ol> <\/div>\r\n\t\t\t\t\t<\/div>\r\n\t\t\t\t<\/div> <\/div> <\/div> <div class=\"application-platform-content-item-features application-platform-content-item\" id=\"features\" data-nav-section=\"features\"> <h2>Principales fonctionnalit\u00e9s du widget Team Showcase<\/h2> <p>Afin de fa\u00e7onner un connaissance claire de Team Showcase, consultez la liste des principales caract\u00e9ristiques. Ils rendent notre widget incroyablement b\u00e9n\u00e9fique pour votre boutique\u00a0: <\/p> <ul><li>Ic\u00f4nes cliquables des comptes sociaux et liens vers le site Web et l&rsquo;adresse e-mail\u00a0; <\/li><li> Localisation r\u00e9v\u00e9l\u00e9e sur Google Maps au clic\u00a0; <\/li><li>Une fen\u00eatre contextuelle r\u00e9v\u00e8le des informations compl\u00e8tes sur une personne\u00a0; <\/li><li>Deux options pour afficher les cat\u00e9gories\u00a0: sous forme de liste globale ou filtr\u00e9e par menu\u00a0; <\/li><li>4 options de mise en page\u00a0: Grille, Cartes, Galerie, Liste. <\/li><\/ul><p>Pour v\u00e9rifier toutes les fonctionnalit\u00e9s, consultez notre d\u00e9mo en direct<\/p> <\/div> <div class=\"application-platform-content-item-installation application-platform-content-item\" id=\"installation\" data-nav-section=\"installation\"> <h2>D\u00e9couvrez comment int\u00e9grer le widget Team Showcase \u00e0 votre Webflow site. C&rsquo;est incroyablement simple.<\/h2> <div class=\"video-container\"><iframe width=\"720\" height=\"405\" src=\"https:\/\/www.youtube.com\/embed\/-K2CsElXydY\" frameborder=\"0\" allowfullscreen=\"\"><\/iframe><\/div><p>Ces plusieurs \u00e9tapes sont la seule chose que vous devez faire. <\/p> <ol><li><b>Concevez votre plugin Team Showcase personnalis\u00e9<\/b><br> Gr\u00e2ce \u00e0 notre configurateur gratuit, cr\u00e9ez un plugin avec une interface et des fonctionnalit\u00e9s pr\u00e9f\u00e9r\u00e9es. <\/li><li><b>Recevez le code individuel pour installer le plugin<\/b><br> Apr\u00e8s avoir configur\u00e9 votre widget, vous obtiendrez votre code personnel \u00e0 partir de la notification apparaissant sur Elfsight Apps. Copiez ce code. <\/li> <li><b>Affichez le plugin sur votre site Webflow<\/b><br> Choisissez l&rsquo;endroit o\u00f9 vous souhaitez placer le plugin et collez-y le code enregistr\u00e9. Enregistrez les r\u00e9sultats. <\/li> <li><b>Vous avez effectu\u00e9 l&rsquo;installation avec succ\u00e8s<\/b><br> Acc\u00e9dez \u00e0 la page pour v\u00e9rifier votre \u00e9quipe. <\/li> <\/ol><p>Toujours pas d\u00e9cid\u00e9 ? Ou rencontrez des probl\u00e8mes ? Envoyez simplement une demande \u00e0 notre service client, nous vous aiderons \u00e0 r\u00e9soudre chaque probl\u00e8me. <\/p> <\/div>","protected":false},"excerpt":{"rendered":"","protected":false},"author":9,"featured_media":0,"parent":1493,"menu_order":0,"comment_status":"closed","ping_status":"closed","template":"templates\/template-application-platform.php","meta":{"publish_to_discourse":"","publish_post_category":"","wpdc_auto_publish_overridden":"","wpdc_topic_tags":"","wpdc_pin_topic":"","wpdc_pin_until":"","discourse_post_id":"","discourse_permalink":"","wpdc_publishing_response":"","wpdc_publishing_error":"","footnotes":""},"class_list":["post-10517","page","type-page","status-publish","hentry"],"yoast_head":"<!-- This site is optimized with the Yoast SEO plugin v25.3.1 - https:\/\/yoast.com\/wordpress\/plugins\/seo\/ -->\n<title>Ajouter le widget Team Showcase au site Web Webflow (2026)<\/title>\n<meta name=\"description\" content=\"Avec Elfsight, produisez votre widget Team Showcase et ajoutez-le sur votre site Web Webflow rapidement et facilement. Nous avons un service client gratuit et d&#039;autres bonus.\" \/>\n<meta name=\"robots\" content=\"index, follow, max-snippet:-1, max-image-preview:large, max-video-preview:-1\" \/>\n<link rel=\"canonical\" href=\"https:\/\/elfsight.com\/fr\/team-showcase-widget\/webflow\/\" \/>\n<meta property=\"og:locale\" content=\"fr_FR\" \/>\n<meta property=\"og:type\" content=\"article\" \/>\n<meta property=\"og:title\" content=\"Ajouter le widget Team Showcase au site Web Webflow (2026)\" \/>\n<meta property=\"og:description\" content=\"Avec Elfsight, produisez votre widget Team Showcase et ajoutez-le sur votre site Web Webflow rapidement et facilement. Nous avons un service client gratuit et d&#039;autres bonus.\" \/>\n<meta property=\"og:url\" content=\"https:\/\/elfsight.com\/fr\/team-showcase-widget\/webflow\/\" \/>\n<meta property=\"og:site_name\" content=\"Elfsight FR\" \/>\n<meta property=\"article:modified_time\" content=\"2025-07-10T13:46:16+00:00\" \/>\n<meta name=\"twitter:card\" content=\"summary_large_image\" \/>\n<meta name=\"twitter:label1\" content=\"Dur\u00e9e de lecture estim\u00e9e\" \/>\n\t<meta name=\"twitter:data1\" content=\"3 minutes\" \/>\n<!-- \/ Yoast SEO plugin. -->","yoast_head_json":{"title":"Ajouter le widget Team Showcase au site Web Webflow (2026)","description":"Avec Elfsight, produisez votre widget Team Showcase et ajoutez-le sur votre site Web Webflow rapidement et facilement. Nous avons un service client gratuit et d'autres bonus.","robots":{"index":"index","follow":"follow","max-snippet":"max-snippet:-1","max-image-preview":"max-image-preview:large","max-video-preview":"max-video-preview:-1"},"canonical":"https:\/\/elfsight.com\/fr\/team-showcase-widget\/webflow\/","og_locale":"fr_FR","og_type":"article","og_title":"Ajouter le widget Team Showcase au site Web Webflow (2026)","og_description":"Avec Elfsight, produisez votre widget Team Showcase et ajoutez-le sur votre site Web Webflow rapidement et facilement. Nous avons un service client gratuit et d'autres bonus.","og_url":"https:\/\/elfsight.com\/fr\/team-showcase-widget\/webflow\/","og_site_name":"Elfsight FR","article_modified_time":"2025-07-10T13:46:16+00:00","twitter_card":"summary_large_image","twitter_misc":{"Dur\u00e9e de lecture estim\u00e9e":"3 minutes"},"schema":{"@context":"https:\/\/schema.org","@graph":[{"@type":"WebPage","@id":"https:\/\/elfsight.com\/fr\/team-showcase-widget\/webflow\/","url":"https:\/\/elfsight.com\/fr\/team-showcase-widget\/webflow\/","name":"Ajouter le widget Team Showcase au site Web Webflow (2026)","isPartOf":{"@id":"https:\/\/elfsight.com\/fr\/#website"},"datePublished":"1970-01-01T00:00:00+00:00","dateModified":"2025-07-10T13:46:16+00:00","description":"Avec Elfsight, produisez votre widget Team Showcase et ajoutez-le sur votre site Web Webflow rapidement et facilement. Nous avons un service client gratuit et d'autres bonus.","breadcrumb":{"@id":"https:\/\/elfsight.com\/fr\/team-showcase-widget\/webflow\/#breadcrumb"},"inLanguage":"fr-FR","potentialAction":[{"@type":"ReadAction","target":["https:\/\/elfsight.com\/fr\/team-showcase-widget\/webflow\/"]}]},{"@type":"BreadcrumbList","@id":"https:\/\/elfsight.com\/fr\/team-showcase-widget\/webflow\/#breadcrumb","itemListElement":[{"@type":"ListItem","position":1,"name":"Home","item":"https:\/\/elfsight.com\/fr\/"},{"@type":"ListItem","position":2,"name":"Team Showcase","item":"https:\/\/elfsight.com\/fr\/team-showcase-widget\/"},{"@type":"ListItem","position":3,"name":"Team Showcase &#8211; Webflow"}]},{"@type":"WebSite","@id":"https:\/\/elfsight.com\/fr\/#website","url":"https:\/\/elfsight.com\/fr\/","name":"Elfsight FR","description":"","potentialAction":[{"@type":"SearchAction","target":{"@type":"EntryPoint","urlTemplate":"https:\/\/elfsight.com\/fr\/?s={search_term_string}"},"query-input":{"@type":"PropertyValueSpecification","valueRequired":true,"valueName":"search_term_string"}}],"inLanguage":"fr-FR"}]}},"meta_box":{"industry":"","seo_heading":"","heading":"","description":"","cta_heading":"","cta_description":"","application":"1454","h1":"Widget Vitrine de l'\u00e9quipe Webflow","h1_caption":"Pr\u00e9sentez les membres de votre \u00e9quipe de mani\u00e8re professionnelle et visuellement attrayante, en \u00e9tablissant sans effort la confiance et la connexion avec votre public sur votre site Web Webflow.","application_category":[],"applications_title":"","applications_request_title":"","applications_request_button_text":"","hero_text":"","hero_video":"","hero_video_schema_markup":"","selling_points_title":"","selling_points_caption":"","selling_points":[],"selling_points_cta_text":"","features_title":"","features":"","ed_cta_examples_text":"","ed_cta_examples_hidden":"","ed_cta_demo_text":"","ed_cta_demo_hidden":"","why_caption":"","why_editor_title":"","why_editor_text":"","why_team_title":"","why_team_text":"","why_service_title":"","why_service_text":"","template_catalog_visible":"","template_catalog_title":"","template_catalog_text":"","template_catalog_categories_visible":"","demo_title":"Cr\u00e9ez votre widget Vitrine d'\u00e9quipe","demo_caption":"Configurez votre Team Showcase et ajoutez-le gratuitement \u00e0 votre site Web Webflow\u00a0!","default_faq_hidden":"","app_template_category":[],"platform":"362","template_public_id":"","codecanyon_url":"","codecanyon_item_id":"","codecanyon_price":"","pricing_caption":"","pricing_elfsight_apps_hide_column":"","pricing_elfsight_apps_url":"","pricing_codecanyon_price_caption":"","integration_category":[],"integration_request_title":"","integration_request_cta":"","integration_platform":"","integrations":[],"platform_category":[],"video_schema_markup":"","price":"\u00e0 partir de 0$ \/ mois","trial":"","benefits":[{"text":"Aide \u00e0 l'installation gratuite"},{"text":"Un soutien exceptionnel"},{"text":"Garantie de remboursement de 14 jours"},{"text":"Mises \u00e0 jour gratuites r\u00e9guli\u00e8res"}],"button_url":"","button_target_blank":"","button_nofollow":"","attributes":[{"name":"Installations","content":"10,000 - 100,000"},{"name":"Sensible","content":"Oui"},{"name":"Navigateurs compatibles","content":"Safari, Firefox, Edge, Chrome, Opera"}],"tags":[],"tags_disable_links":"","hide_more_platforms":"","video_object":"","demo_hide_cta":"","demo_hide_cloud_options":"","pricing_title":"","pricing":[{"pricing_icon":"platform","pricing_title":"Elfsight Apps","pricing_title_caption":"Logiciel multiplateforme adapt\u00e9 \u00e0 n'importe quel site Web","pricing_price":"from $0 \/ month","pricing_price_caption":"commencez avec un forfait gratuit","pricing_benefits":[{"text":"Nombre illimit\u00e9 de domaines"},{"text":"Assistance premium et ponctuelle"},{"text":"Service d'installation gratuit"},{"text":"Prix \u200b\u200bsp\u00e9cial pour plusieurs applications"}],"pricing_button_text":"Ajouter au site Web","pricing_button_url":"#demo"}],"related_apps_title":"","related_apps_hidden":"","author":"","image":[],"title":"","job":"","social_networks":[]},"_links":{"self":[{"href":"https:\/\/elfsight.com\/fr\/wp-json\/wp\/v2\/pages\/10517","targetHints":{"allow":["GET"]}}],"collection":[{"href":"https:\/\/elfsight.com\/fr\/wp-json\/wp\/v2\/pages"}],"about":[{"href":"https:\/\/elfsight.com\/fr\/wp-json\/wp\/v2\/types\/page"}],"author":[{"embeddable":true,"href":"https:\/\/elfsight.com\/fr\/wp-json\/wp\/v2\/users\/9"}],"replies":[{"embeddable":true,"href":"https:\/\/elfsight.com\/fr\/wp-json\/wp\/v2\/comments?post=10517"}],"version-history":[{"count":1,"href":"https:\/\/elfsight.com\/fr\/wp-json\/wp\/v2\/pages\/10517\/revisions"}],"predecessor-version":[{"id":10521,"href":"https:\/\/elfsight.com\/fr\/wp-json\/wp\/v2\/pages\/10517\/revisions\/10521"}],"up":[{"embeddable":true,"href":"https:\/\/elfsight.com\/fr\/wp-json\/wp\/v2\/pages\/1493"}],"wp:attachment":[{"href":"https:\/\/elfsight.com\/fr\/wp-json\/wp\/v2\/media?parent=10517"}],"curies":[{"name":"wp","href":"https:\/\/api.w.org\/{rel}","templated":true}]}}